{"id":4936,"date":"2020-07-09T23:32:55","date_gmt":"2020-07-09T20:32:55","guid":{"rendered":"http:\/\/csotrading.com\/product\/esm-3712-h\/"},"modified":"2020-07-09T23:35:18","modified_gmt":"2020-07-09T20:35:18","slug":"esm-3712-h","status":"publish","type":"product","link":"https:\/\/csotrading.com\/tr\/product\/esm-3712-h\/","title":{"rendered":"ESM-3712-H"},"content":{"rendered":"<div class=\"clearfix product-information\">\n<div class=\"tab-content col-sm-9 col-md-9 col-lg-9\">\n<div id=\"product-description-tab-content\" class=\"product-description-tab-content tab-pane active\">\n<div class=\"rte\">\n<p>ESM-3712-H<br \/>\n\u00c7ift Setli Dahili Buzzerli On\/Off Is\u0131tma Cihaz\u0131 (Set+Alarm)<\/p>\n<p>ESM-3712-H serisi \u0131s\u0131tma kontrol \u00f6l\u00e7\u00fcm ve s\u0131cakl\u0131k kontrol edilmesi i\u00e7in tasarlanm\u0131\u015ft\u0131r. Onlar kontrol formu, pi\u015firme s\u00fcresi ve alarm On \/ Off, bunlar\u0131n kolay kullan\u0131m\u0131 ile pek \u00e7ok uygulamada kullan\u0131labilir \u00f6zellikleri. Baz\u0131 uygulama alanlar\u0131; Is\u0131tma, F\u0131r\u0131nlar, \u0130nk\u00fcbat\u00f6rler, Depolar, Klima<\/p>\n<\/div>\n<\/div>\n<\/div>\n<\/div>\n","protected":false},"excerpt":{"rendered":"<h1>\u00c7ift Setli Dahili Buzzerli On\/Off Is\u0131tma Cihaz\u0131 (Set+Alarm)<\/h1>\n","protected":false},"featured_media":4935,"comment_status":"closed","ping_status":"closed","template":"","meta":[],"product_brand":[],"product_cat":[386],"product_tag":[208,205,440],"class_list":{"0":"post-4936","1":"product","2":"type-product","3":"status-publish","4":"has-post-thumbnail","6":"product_cat-isitma-sogutma","7":"product_tag-208","8":"product_tag-esm","9":"product_tag-h","11":"first","12":"instock","13":"shipping-taxable","14":"product-type-simple"},"yoast_head":"<!-- This site is optimized with the Yoast SEO plugin v24.3 - https:\/\/yoast.com\/wordpress\/plugins\/seo\/ -->\n<title>ESM-3712-H - CSO TRADING<\/title>\n<meta name=\"robots\" content=\"index, follow, max-snippet:-1, max-image-preview:large, max-video-preview:-1\" \/>\n<link rel=\"canonical\" href=\"https:\/\/csotrading.com\/product\/esm-3712-h\/\" \/>\n<meta property=\"og:locale\" content=\"tr_TR\" \/>\n<meta property=\"og:type\" content=\"article\" \/>\n<meta property=\"og:title\" content=\"ESM-3712-H - CSO TRADING\" \/>\n<meta property=\"og:description\" content=\"\u00c7ift Setli Dahili Buzzerli On\/Off Is\u0131tma Cihaz\u0131 (Set+Alarm)\" \/>\n<meta property=\"og:url\" content=\"https:\/\/csotrading.com\/product\/esm-3712-h\/\" \/>\n<meta property=\"og:site_name\" content=\"CSO TRADING\" \/>\n<meta property=\"article:modified_time\" content=\"2020-07-09T20:35:18+00:00\" \/>\n<meta property=\"og:image\" content=\"https:\/\/csotrading.com\/wp-content\/uploads\/2020\/07\/ESM-3712-H.jpg\" \/>\n\t<meta property=\"og:image:width\" content=\"1000\" \/>\n\t<meta property=\"og:image:height\" content=\"1000\" \/>\n\t<meta property=\"og:image:type\" content=\"image\/jpeg\" \/>\n<meta name=\"twitter:card\" content=\"summary_large_image\" \/>\n<script type=\"application\/ld+json\" class=\"yoast-schema-graph\">{\"@context\":\"https:\/\/schema.org\",\"@graph\":[{\"@type\":\"WebPage\",\"@id\":\"https:\/\/csotrading.com\/product\/esm-3712-h\/\",\"url\":\"https:\/\/csotrading.com\/product\/esm-3712-h\/\",\"name\":\"ESM-3712-H - CSO TRADING\",\"isPartOf\":{\"@id\":\"https:\/\/csotrading.com\/#website\"},\"primaryImageOfPage\":{\"@id\":\"https:\/\/csotrading.com\/product\/esm-3712-h\/#primaryimage\"},\"image\":{\"@id\":\"https:\/\/csotrading.com\/product\/esm-3712-h\/#primaryimage\"},\"thumbnailUrl\":\"https:\/\/csotrading.com\/wp-content\/uploads\/2020\/07\/ESM-3712-H.jpg\",\"datePublished\":\"2020-07-09T20:32:55+00:00\",\"dateModified\":\"2020-07-09T20:35:18+00:00\",\"breadcrumb\":{\"@id\":\"https:\/\/csotrading.com\/product\/esm-3712-h\/#breadcrumb\"},\"inLanguage\":\"tr\",\"potentialAction\":[{\"@type\":\"ReadAction\",\"target\":[\"https:\/\/csotrading.com\/product\/esm-3712-h\/\"]}]},{\"@type\":\"ImageObject\",\"inLanguage\":\"tr\",\"@id\":\"https:\/\/csotrading.com\/product\/esm-3712-h\/#primaryimage\",\"url\":\"https:\/\/csotrading.com\/wp-content\/uploads\/2020\/07\/ESM-3712-H.jpg\",\"contentUrl\":\"https:\/\/csotrading.com\/wp-content\/uploads\/2020\/07\/ESM-3712-H.jpg\",\"width\":1000,\"height\":1000},{\"@type\":\"BreadcrumbList\",\"@id\":\"https:\/\/csotrading.com\/product\/esm-3712-h\/#breadcrumb\",\"itemListElement\":[{\"@type\":\"ListItem\",\"position\":1,\"name\":\"Home\",\"item\":\"https:\/\/csotrading.com\/tr\/\"},{\"@type\":\"ListItem\",\"position\":2,\"name\":\"Ma\u011faza\",\"item\":\"https:\/\/csotrading.com\/magaza\/\"},{\"@type\":\"ListItem\",\"position\":3,\"name\":\"ESM-3712-H\"}]},{\"@type\":\"WebSite\",\"@id\":\"https:\/\/csotrading.com\/#website\",\"url\":\"https:\/\/csotrading.com\/\",\"name\":\"CSO TRADING\",\"description\":\"\",\"potentialAction\":[{\"@type\":\"SearchAction\",\"target\":{\"@type\":\"EntryPoint\",\"urlTemplate\":\"https:\/\/csotrading.com\/?s={search_term_string}\"},\"query-input\":{\"@type\":\"PropertyValueSpecification\",\"valueRequired\":true,\"valueName\":\"search_term_string\"}}],\"inLanguage\":\"tr\"}]}<\/script>\n<!-- \/ Yoast SEO plugin. -->","yoast_head_json":{"title":"ESM-3712-H - CSO TRADING","robots":{"index":"index","follow":"follow","max-snippet":"max-snippet:-1","max-image-preview":"max-image-preview:large","max-video-preview":"max-video-preview:-1"},"canonical":"https:\/\/csotrading.com\/product\/esm-3712-h\/","og_locale":"tr_TR","og_type":"article","og_title":"ESM-3712-H - CSO TRADING","og_description":"\u00c7ift Setli Dahili Buzzerli On\/Off Is\u0131tma Cihaz\u0131 (Set+Alarm)","og_url":"https:\/\/csotrading.com\/product\/esm-3712-h\/","og_site_name":"CSO TRADING","article_modified_time":"2020-07-09T20:35:18+00:00","og_image":[{"width":1000,"height":1000,"url":"https:\/\/csotrading.com\/wp-content\/uploads\/2020\/07\/ESM-3712-H.jpg","type":"image\/jpeg"}],"twitter_card":"summary_large_image","schema":{"@context":"https:\/\/schema.org","@graph":[{"@type":"WebPage","@id":"https:\/\/csotrading.com\/product\/esm-3712-h\/","url":"https:\/\/csotrading.com\/product\/esm-3712-h\/","name":"ESM-3712-H - CSO TRADING","isPartOf":{"@id":"https:\/\/csotrading.com\/#website"},"primaryImageOfPage":{"@id":"https:\/\/csotrading.com\/product\/esm-3712-h\/#primaryimage"},"image":{"@id":"https:\/\/csotrading.com\/product\/esm-3712-h\/#primaryimage"},"thumbnailUrl":"https:\/\/csotrading.com\/wp-content\/uploads\/2020\/07\/ESM-3712-H.jpg","datePublished":"2020-07-09T20:32:55+00:00","dateModified":"2020-07-09T20:35:18+00:00","breadcrumb":{"@id":"https:\/\/csotrading.com\/product\/esm-3712-h\/#breadcrumb"},"inLanguage":"tr","potentialAction":[{"@type":"ReadAction","target":["https:\/\/csotrading.com\/product\/esm-3712-h\/"]}]},{"@type":"ImageObject","inLanguage":"tr","@id":"https:\/\/csotrading.com\/product\/esm-3712-h\/#primaryimage","url":"https:\/\/csotrading.com\/wp-content\/uploads\/2020\/07\/ESM-3712-H.jpg","contentUrl":"https:\/\/csotrading.com\/wp-content\/uploads\/2020\/07\/ESM-3712-H.jpg","width":1000,"height":1000},{"@type":"BreadcrumbList","@id":"https:\/\/csotrading.com\/product\/esm-3712-h\/#breadcrumb","itemListElement":[{"@type":"ListItem","position":1,"name":"Home","item":"https:\/\/csotrading.com\/tr\/"},{"@type":"ListItem","position":2,"name":"Ma\u011faza","item":"https:\/\/csotrading.com\/magaza\/"},{"@type":"ListItem","position":3,"name":"ESM-3712-H"}]},{"@type":"WebSite","@id":"https:\/\/csotrading.com\/#website","url":"https:\/\/csotrading.com\/","name":"CSO TRADING","description":"","potentialAction":[{"@type":"SearchAction","target":{"@type":"EntryPoint","urlTemplate":"https:\/\/csotrading.com\/?s={search_term_string}"},"query-input":{"@type":"PropertyValueSpecification","valueRequired":true,"valueName":"search_term_string"}}],"inLanguage":"tr"}]}},"_links":{"self":[{"href":"https:\/\/csotrading.com\/tr\/wp-json\/wp\/v2\/product\/4936"}],"collection":[{"href":"https:\/\/csotrading.com\/tr\/wp-json\/wp\/v2\/product"}],"about":[{"href":"https:\/\/csotrading.com\/tr\/wp-json\/wp\/v2\/types\/product"}],"replies":[{"embeddable":true,"href":"https:\/\/csotrading.com\/tr\/wp-json\/wp\/v2\/comments?post=4936"}],"wp:featuredmedia":[{"embeddable":true,"href":"https:\/\/csotrading.com\/tr\/wp-json\/wp\/v2\/media\/4935"}],"wp:attachment":[{"href":"https:\/\/csotrading.com\/tr\/wp-json\/wp\/v2\/media?parent=4936"}],"wp:term":[{"taxonomy":"product_brand","embeddable":true,"href":"https:\/\/csotrading.com\/tr\/wp-json\/wp\/v2\/product_brand?post=4936"},{"taxonomy":"product_cat","embeddable":true,"href":"https:\/\/csotrading.com\/tr\/wp-json\/wp\/v2\/product_cat?post=4936"},{"taxonomy":"product_tag","embeddable":true,"href":"https:\/\/csotrading.com\/tr\/wp-json\/wp\/v2\/product_tag?post=4936"}],"curies":[{"name":"wp","href":"https:\/\/api.w.org\/{rel}","templated":true}]}}