{"id":4926,"date":"2020-07-09T00:00:14","date_gmt":"2020-07-08T21:00:14","guid":{"rendered":"http:\/\/csotrading.com\/product\/erm-3770\/"},"modified":"2020-07-09T00:01:59","modified_gmt":"2020-07-08T21:01:59","slug":"erm-3770","status":"publish","type":"product","link":"https:\/\/csotrading.com\/tr\/product\/erm-3770\/","title":{"rendered":"ERM-3770"},"content":{"rendered":"<p>Dijital Takometre (77 x 35 mm)<\/p>\n<p>ERM-3770 serisi Dijital Takometreler Sanayi periyodunun \u00f6l\u00e7\u00fclmesi i\u00e7in dizayn edilmi\u015ftir. Onlar kolay kullan\u0131m\u0131, alarm \u00e7\u0131k\u0131\u015f\u0131, \u00dcniversal proses giri\u015fi \u00f6zellikleri ile pek \u00e7ok uygulamada kullan\u0131labilir. Kolayca otomasyon sistemleri ve mekanik s\u00fcreci \u015fekilde uyarlayabilirsiniz. Onlar kullan\u0131lan baz\u0131 uygulama alanlar\u0131 \u015funlard\u0131r: Uygulamalar D\u00f6nem \u00f6l\u00e7\u00fcm\u00fc Frekans \u00f6l\u00e7\u00fcm\u00fc Bant H\u0131z \u00f6l\u00e7\u00fcm\u00fc Do\u011frusal veya dairesel hareket Anl\u0131k Debi<\/p>\n<table border=\"0\" cellspacing=\"4\" cellpadding=\"4\">\n<tbody>\n<tr>\n<td colspan=\"2\"><strong>Ekran ve \u00d6n Panel<\/strong><\/td>\n<\/tr>\n<tr>\n<td><strong>Butonlar<\/strong><\/td>\n<td>SETP, y\u00f6n ve enter tu\u015flar\u0131<\/td>\n<\/tr>\n<tr>\n<td><strong>Led G\u00f6stergeleri<\/strong><\/td>\n<td>SV (Ye\u015fil), P (K\u0131rm\u0131z\u0131), OP (K\u0131rm\u0131z\u0131), SIG (K\u0131rm\u0131z\u0131) 3 mm<\/td>\n<\/tr>\n<tr>\n<td><strong>G\u00f6sterge<\/strong><\/td>\n<td>10 mm K\u0131rm\u0131z\u0131 4 dijit LED display<\/td>\n<\/tr>\n<tr>\n<td colspan=\"2\"><strong>G\u00f6vde<\/strong><\/td>\n<\/tr>\n<tr>\n<td><strong>Fiziksel \u00d6zellikler<\/strong><\/td>\n<td>Panel i\u00e7in 77mm x 35mm x 62.5mm plastik g\u00f6vde<\/td>\n<\/tr>\n<tr>\n<td><strong>Koruma S\u0131n\u0131f\u0131<\/strong><\/td>\n<td>NEMA 4X (\u00f6nden IP65, arkadan IP20)<\/td>\n<\/tr>\n<tr>\n<td><strong>A\u011f\u0131rl\u0131k<\/strong><\/td>\n<td>Yakla\u015f\u0131k olarak\u00a00.16 Kg.<\/td>\n<\/tr>\n<tr>\n<td><strong>Montaj<\/strong><\/td>\n<td>Sabit Montaj<\/td>\n<\/tr>\n<tr>\n<td colspan=\"2\"><strong>Elektriksel \u00d6zellikler<\/strong><\/td>\n<\/tr>\n<tr>\n<td><strong>Besleme gerilimi ve G\u00fc\u00e7<\/strong><\/td>\n<td>230 V ~ (+%15) 50\/60 Hz. 1.5 VA<br \/>\n115 V ~ (+%15) 50\/60 Hz. 1.5 VA<br \/>\n24 V ~ (+%15) 50\/60 Hz. 1.5 VA<br \/>\n24 Vac\/dc ~ (+%15, +%10) 50\/60 Hz. 1.5 VA<\/td>\n<\/tr>\n<tr>\n<td><strong>Sens\u00f6r Giri\u015fleri<\/strong><\/td>\n<td>NPN or PNP giri\u015f tipi<\/td>\n<\/tr>\n<tr>\n<td><strong>Skala<\/strong><\/td>\n<td>0,07Hz to 10000Hz giri\u015f sinyali<\/td>\n<\/tr>\n<tr>\n<td><strong>Do\u011fruluk<\/strong><\/td>\n<td>0.01%<\/td>\n<\/tr>\n<tr>\n<td colspan=\"2\"><strong>\u00c7\u0131k\u0131\u015flar<\/strong><\/td>\n<\/tr>\n<tr>\n<td><strong>R\u00f6le \u00c7\u0131k\u0131\u015f\u0131<\/strong><\/td>\n<td>Rezistif Y\u00fckte 5A @ 250 V ~<\/td>\n<\/tr>\n<tr>\n<td colspan=\"2\"><strong>Kontrol<\/strong><\/td>\n<\/tr>\n<tr>\n<td><strong>Kontrol Formu<\/strong><\/td>\n<td>On \/ Off<\/td>\n<\/tr>\n<tr>\n<td><strong>Okuma S\u0131kl\u0131\u011f\u0131<\/strong><\/td>\n<td><\/td>\n<\/tr>\n<tr>\n<td colspan=\"2\"><strong>Kalite Standartlar\u0131<\/strong><\/td>\n<\/tr>\n<tr>\n<td><strong>Uyumlu Belgeler<\/strong><\/td>\n<td>\u00a0CE , EAC<\/td>\n<\/tr>\n<\/tbody>\n<\/table>\n","protected":false},"excerpt":{"rendered":"<h1>Dijital Takometre (77 x 35 mm)<\/h1>\n","protected":false},"featured_media":4925,"comment_status":"closed","ping_status":"closed","template":"","meta":[],"product_brand":[],"product_cat":[368],"product_tag":[439,244],"class_list":{"0":"post-4926","1":"product","2":"type-product","3":"status-publish","4":"has-post-thumbnail","6":"product_cat-digital-tachometer-tr","7":"product_tag-439","8":"product_tag-erm","10":"first","11":"instock","12":"shipping-taxable","13":"product-type-simple"},"yoast_head":"<!-- This site is optimized with the Yoast SEO plugin v24.3 - https:\/\/yoast.com\/wordpress\/plugins\/seo\/ -->\n<title>ERM-3770 - CSO TRADING<\/title>\n<meta name=\"robots\" content=\"index, follow, max-snippet:-1, max-image-preview:large, max-video-preview:-1\" \/>\n<link rel=\"canonical\" href=\"https:\/\/csotrading.com\/tr\/product\/erm-3770\/\" \/>\n<meta property=\"og:locale\" content=\"tr_TR\" \/>\n<meta property=\"og:type\" content=\"article\" \/>\n<meta property=\"og:title\" content=\"ERM-3770 - CSO TRADING\" \/>\n<meta property=\"og:description\" content=\"Dijital Takometre (77 x 35 mm)\" \/>\n<meta property=\"og:url\" content=\"https:\/\/csotrading.com\/tr\/product\/erm-3770\/\" \/>\n<meta property=\"og:site_name\" content=\"CSO TRADING\" \/>\n<meta property=\"article:modified_time\" content=\"2020-07-08T21:01:59+00:00\" \/>\n<meta property=\"og:image\" content=\"https:\/\/csotrading.com\/wp-content\/uploads\/2020\/07\/erm-3770-digital-tachometer-77-x-35-mm.jpg\" \/>\n\t<meta property=\"og:image:width\" content=\"1000\" \/>\n\t<meta property=\"og:image:height\" content=\"1000\" \/>\n\t<meta property=\"og:image:type\" content=\"image\/jpeg\" \/>\n<meta name=\"twitter:card\" content=\"summary_large_image\" \/>\n<meta name=\"twitter:label1\" content=\"Tahmini okuma s\u00fcresi\" \/>\n\t<meta name=\"twitter:data1\" content=\"1 dakika\" \/>\n<script type=\"application\/ld+json\" class=\"yoast-schema-graph\">{\"@context\":\"https:\/\/schema.org\",\"@graph\":[{\"@type\":\"WebPage\",\"@id\":\"https:\/\/csotrading.com\/tr\/product\/erm-3770\/\",\"url\":\"https:\/\/csotrading.com\/tr\/product\/erm-3770\/\",\"name\":\"ERM-3770 - CSO TRADING\",\"isPartOf\":{\"@id\":\"https:\/\/csotrading.com\/#website\"},\"primaryImageOfPage\":{\"@id\":\"https:\/\/csotrading.com\/tr\/product\/erm-3770\/#primaryimage\"},\"image\":{\"@id\":\"https:\/\/csotrading.com\/tr\/product\/erm-3770\/#primaryimage\"},\"thumbnailUrl\":\"https:\/\/csotrading.com\/wp-content\/uploads\/2020\/07\/erm-3770-digital-tachometer-77-x-35-mm.jpg\",\"datePublished\":\"2020-07-08T21:00:14+00:00\",\"dateModified\":\"2020-07-08T21:01:59+00:00\",\"breadcrumb\":{\"@id\":\"https:\/\/csotrading.com\/tr\/product\/erm-3770\/#breadcrumb\"},\"inLanguage\":\"tr\",\"potentialAction\":[{\"@type\":\"ReadAction\",\"target\":[\"https:\/\/csotrading.com\/tr\/product\/erm-3770\/\"]}]},{\"@type\":\"ImageObject\",\"inLanguage\":\"tr\",\"@id\":\"https:\/\/csotrading.com\/tr\/product\/erm-3770\/#primaryimage\",\"url\":\"https:\/\/csotrading.com\/wp-content\/uploads\/2020\/07\/erm-3770-digital-tachometer-77-x-35-mm.jpg\",\"contentUrl\":\"https:\/\/csotrading.com\/wp-content\/uploads\/2020\/07\/erm-3770-digital-tachometer-77-x-35-mm.jpg\",\"width\":1000,\"height\":1000},{\"@type\":\"BreadcrumbList\",\"@id\":\"https:\/\/csotrading.com\/tr\/product\/erm-3770\/#breadcrumb\",\"itemListElement\":[{\"@type\":\"ListItem\",\"position\":1,\"name\":\"Home\",\"item\":\"https:\/\/csotrading.com\/tr\/\"},{\"@type\":\"ListItem\",\"position\":2,\"name\":\"Ma\u011faza\",\"item\":\"https:\/\/csotrading.com\/magaza\/\"},{\"@type\":\"ListItem\",\"position\":3,\"name\":\"ERM-3770\"}]},{\"@type\":\"WebSite\",\"@id\":\"https:\/\/csotrading.com\/#website\",\"url\":\"https:\/\/csotrading.com\/\",\"name\":\"CSO TRADING\",\"description\":\"\",\"potentialAction\":[{\"@type\":\"SearchAction\",\"target\":{\"@type\":\"EntryPoint\",\"urlTemplate\":\"https:\/\/csotrading.com\/?s={search_term_string}\"},\"query-input\":{\"@type\":\"PropertyValueSpecification\",\"valueRequired\":true,\"valueName\":\"search_term_string\"}}],\"inLanguage\":\"tr\"}]}<\/script>\n<!-- \/ Yoast SEO plugin. -->","yoast_head_json":{"title":"ERM-3770 - CSO TRADING","robots":{"index":"index","follow":"follow","max-snippet":"max-snippet:-1","max-image-preview":"max-image-preview:large","max-video-preview":"max-video-preview:-1"},"canonical":"https:\/\/csotrading.com\/tr\/product\/erm-3770\/","og_locale":"tr_TR","og_type":"article","og_title":"ERM-3770 - CSO TRADING","og_description":"Dijital Takometre (77 x 35 mm)","og_url":"https:\/\/csotrading.com\/tr\/product\/erm-3770\/","og_site_name":"CSO TRADING","article_modified_time":"2020-07-08T21:01:59+00:00","og_image":[{"width":1000,"height":1000,"url":"https:\/\/csotrading.com\/wp-content\/uploads\/2020\/07\/erm-3770-digital-tachometer-77-x-35-mm.jpg","type":"image\/jpeg"}],"twitter_card":"summary_large_image","twitter_misc":{"Tahmini okuma s\u00fcresi":"1 dakika"},"schema":{"@context":"https:\/\/schema.org","@graph":[{"@type":"WebPage","@id":"https:\/\/csotrading.com\/tr\/product\/erm-3770\/","url":"https:\/\/csotrading.com\/tr\/product\/erm-3770\/","name":"ERM-3770 - CSO TRADING","isPartOf":{"@id":"https:\/\/csotrading.com\/#website"},"primaryImageOfPage":{"@id":"https:\/\/csotrading.com\/tr\/product\/erm-3770\/#primaryimage"},"image":{"@id":"https:\/\/csotrading.com\/tr\/product\/erm-3770\/#primaryimage"},"thumbnailUrl":"https:\/\/csotrading.com\/wp-content\/uploads\/2020\/07\/erm-3770-digital-tachometer-77-x-35-mm.jpg","datePublished":"2020-07-08T21:00:14+00:00","dateModified":"2020-07-08T21:01:59+00:00","breadcrumb":{"@id":"https:\/\/csotrading.com\/tr\/product\/erm-3770\/#breadcrumb"},"inLanguage":"tr","potentialAction":[{"@type":"ReadAction","target":["https:\/\/csotrading.com\/tr\/product\/erm-3770\/"]}]},{"@type":"ImageObject","inLanguage":"tr","@id":"https:\/\/csotrading.com\/tr\/product\/erm-3770\/#primaryimage","url":"https:\/\/csotrading.com\/wp-content\/uploads\/2020\/07\/erm-3770-digital-tachometer-77-x-35-mm.jpg","contentUrl":"https:\/\/csotrading.com\/wp-content\/uploads\/2020\/07\/erm-3770-digital-tachometer-77-x-35-mm.jpg","width":1000,"height":1000},{"@type":"BreadcrumbList","@id":"https:\/\/csotrading.com\/tr\/product\/erm-3770\/#breadcrumb","itemListElement":[{"@type":"ListItem","position":1,"name":"Home","item":"https:\/\/csotrading.com\/tr\/"},{"@type":"ListItem","position":2,"name":"Ma\u011faza","item":"https:\/\/csotrading.com\/magaza\/"},{"@type":"ListItem","position":3,"name":"ERM-3770"}]},{"@type":"WebSite","@id":"https:\/\/csotrading.com\/#website","url":"https:\/\/csotrading.com\/","name":"CSO TRADING","description":"","potentialAction":[{"@type":"SearchAction","target":{"@type":"EntryPoint","urlTemplate":"https:\/\/csotrading.com\/?s={search_term_string}"},"query-input":{"@type":"PropertyValueSpecification","valueRequired":true,"valueName":"search_term_string"}}],"inLanguage":"tr"}]}},"_links":{"self":[{"href":"https:\/\/csotrading.com\/tr\/wp-json\/wp\/v2\/product\/4926"}],"collection":[{"href":"https:\/\/csotrading.com\/tr\/wp-json\/wp\/v2\/product"}],"about":[{"href":"https:\/\/csotrading.com\/tr\/wp-json\/wp\/v2\/types\/product"}],"replies":[{"embeddable":true,"href":"https:\/\/csotrading.com\/tr\/wp-json\/wp\/v2\/comments?post=4926"}],"wp:featuredmedia":[{"embeddable":true,"href":"https:\/\/csotrading.com\/tr\/wp-json\/wp\/v2\/media\/4925"}],"wp:attachment":[{"href":"https:\/\/csotrading.com\/tr\/wp-json\/wp\/v2\/media?parent=4926"}],"wp:term":[{"taxonomy":"product_brand","embeddable":true,"href":"https:\/\/csotrading.com\/tr\/wp-json\/wp\/v2\/product_brand?post=4926"},{"taxonomy":"product_cat","embeddable":true,"href":"https:\/\/csotrading.com\/tr\/wp-json\/wp\/v2\/product_cat?post=4926"},{"taxonomy":"product_tag","embeddable":true,"href":"https:\/\/csotrading.com\/tr\/wp-json\/wp\/v2\/product_tag?post=4926"}],"curies":[{"name":"wp","href":"https:\/\/api.w.org\/{rel}","templated":true}]}}