{"id":4918,"date":"2020-07-08T23:42:15","date_gmt":"2020-07-08T20:42:15","guid":{"rendered":"http:\/\/csotrading.com\/product\/esm-9995\/"},"modified":"2020-07-08T23:45:03","modified_gmt":"2020-07-08T20:45:03","slug":"esm-9995","status":"publish","type":"product","link":"https:\/\/csotrading.com\/tr\/product\/esm-9995\/","title":{"rendered":"ESM-9995"},"content":{"rendered":"<p>1000 Ad\u0131m Profil Kontrol Cihaz\u0131<\/p>\n<p>&#8211; 100 program, 1000 ad\u0131m kontrol &#8211; Her ad\u0131m i\u00e7in programlanabilir r\u00f6le fonksiyonlar\u0131 &#8211; \u00dcniversal proses giri\u015fi (TC, RTD, mVdc , Vdc , mAdc ) &#8211; 6 farkl\u0131 elektrik kesintisi davran\u0131\u015f\u0131 &#8211; ON\/OFF, P, PI, PD, PID direkt ve ters y\u00f6nde kontrol &#8211; Geri beslemeli motorlu vana kontrol\u00fc &#8211; Y\u00fczer kontak motorlu vana kontrol\u00fc &#8211; Auto-Tuning ve Self-Tuning (otomatik PID parametreleri hesaplamas\u0131) &#8211; Otomatik \/ Manuel \u00e7al\u0131\u015fma \u015fekilleri &#8211; Otomatik-Manuel ve Manuel-Otomatik yumu\u015fak ge\u00e7i\u015f(bumpless transfer) \u00f6zelli\u011fi &#8211; Sens\u00f6r koptu alg\u0131lamas\u0131 &#8211; Uzaktan Set de\u011feri kontrol\u00fc &#8211; Dijital giri\u015flerle se\u00e7ilebilen 8 adet set &#8211; Tekrar iletim (proses, set de\u011feri ve fark\u0131) &#8211; Ger\u00e7ek zaman saati ile \u00e7al\u0131\u015fma (RTC) &#8211; ModBus ASCII\/RTU haberle\u015fmesi<\/p>\n<table border=\"0\" cellspacing=\"4\" cellpadding=\"4\">\n<tbody>\n<tr>\n<td colspan=\"2\"><strong>\u00d6zellikler<\/strong><\/td>\n<\/tr>\n<tr>\n<td><strong>Cihaz T\u00fcr\u00fc<\/strong><\/td>\n<td>\u00dcniversal Giri\u015fli Profil Kontrol Cihaz\u0131<\/td>\n<\/tr>\n<tr>\n<td><strong>Fiziksel \u00d6zellikler<\/strong><\/td>\n<td>96\u00a0mm x 96 mm\u00a087.5 mm.<\/td>\n<\/tr>\n<tr>\n<td><strong>Koruma S\u0131n\u0131f\u0131<\/strong><\/td>\n<td>NEMA 4X (\u00f6nden IP65, arkadan IP20)<\/td>\n<\/tr>\n<tr>\n<td><strong>Stoklama \/ Ortam S\u0131cakl\u0131\u011f\u0131<\/strong><\/td>\n<td>-40 C ile +85 C \/ 0 C ile +50 C aras\u0131nda<\/td>\n<\/tr>\n<tr>\n<td><strong>Stoklama \/ Ortam Nem Oran\u0131<\/strong><\/td>\n<td>90 % max. (Yo\u011funla\u015fma olmayan ortamda)<\/td>\n<\/tr>\n<tr>\n<td><strong>Montaj Tipi<\/strong><\/td>\n<td>Sabit montaj kategorisi<\/td>\n<\/tr>\n<tr>\n<td><strong>Elektriksel Kirlilik<\/strong><\/td>\n<td>II. Ofis veya i\u015f ortam\u0131nda, iletken olmayan kirlenmelerde<\/td>\n<\/tr>\n<tr>\n<td><strong>\u00c7al\u0131\u015fma Periyodu<\/strong><\/td>\n<td>S\u00fcrekli.<\/td>\n<\/tr>\n<tr>\n<td><strong>Besleme Voltaj\u0131 Ve G\u00fcc\u00fc<\/strong><\/td>\n<td>100 &#8211; 240 V AC (-%15 \/ +%10) 50\/60 Hz. 6VA<br \/>\n24 V AC (-%15 \/ +%10) 50\/60 Hz. 6VA<br \/>\n24 V DC (-%15 \/ +%10) 6W<\/td>\n<\/tr>\n<tr>\n<td><strong>Analog Giri\u015f 1<\/strong><\/td>\n<td>\u00dcniversal giri\u015f (TC, RTD, Gerilim\/Ak\u0131m)<\/td>\n<\/tr>\n<tr>\n<td><strong>Termokupl Giri\u015f Tipleri<\/strong><\/td>\n<td>Parametrelerden se\u00e7ilebilir.<\/p>\n<p>L (DIN43710) ,<br \/>\nJ ,K ,R ,S ,T ,B ,E ,N (IEC584.1) (ITS90) , C (ITS90)<\/td>\n<\/tr>\n<tr>\n<td><strong>Termorezistan Giri\u015f Tipi<\/strong><\/td>\n<td>PT 100 (IEC751) (ITS90)<\/td>\n<\/tr>\n<tr>\n<td><strong>Voltaj Giri\u015f Tipleri<\/strong><\/td>\n<td>Parametrelerden se\u00e7ilebilir 0&#8230;50mV DC\u00a0 , 0&#8230;5V DC , 0&#8230;10V DC<\/td>\n<\/tr>\n<tr>\n<td><strong>Ak\u0131m Giri\u015f Tipleri<\/strong><\/td>\n<td>Parametrelerden se\u00e7ilebilir 0&#8230;20mA DC , 4&#8230;20mA DC<\/td>\n<\/tr>\n<tr>\n<td><strong>Anolog Giri\u015f 2<\/strong><\/td>\n<td>Uzaktan Kontroll\u00fc Set(Harici Set) giri\u015fi ( 0&#8230;20mA , 4&#8230;20m)<\/td>\n<\/tr>\n<tr>\n<td><strong>Analog Giri\u015f 3<\/strong><\/td>\n<td>Motorlu Vana Geribesleme Potansiyometre giri\u015fi.(1K-10K)<\/td>\n<\/tr>\n<tr>\n<td><strong>Do\u011fruluk<\/strong><\/td>\n<td>Termokupl, Termorezistans ve Voltaj i\u00e7in tam skalan\u0131n \u00b1 %0,25&#8217;i , Ak\u0131m \u00f6l\u00e7\u00fcmleri i\u00e7in + %0,70&#8217;i<\/td>\n<\/tr>\n<tr>\n<td><strong>So\u011fuk Nokta Kompanzasyonu<\/strong><\/td>\n<td>Otomatik olarak \u00b1 0.1\u00b0C\/1\u00b0C<\/td>\n<\/tr>\n<tr>\n<td><strong>Hat Kompanzasyonu<\/strong><\/td>\n<td>Maksimum 10 \u2126<\/td>\n<\/tr>\n<tr>\n<td><strong>Sens\u00f6r Koptu Korumas\u0131<\/strong><\/td>\n<td>Skalan\u0131n \u00fczerinde<\/td>\n<\/tr>\n<tr>\n<td><strong>Okuma S\u0131kl\u0131\u011f\u0131<\/strong><\/td>\n<td>100 milisaniye<\/td>\n<\/tr>\n<tr>\n<td><strong>Giri\u015f Filtresi<\/strong><\/td>\n<td>0.0 ile 900.0 saniye aras\u0131nda se\u00e7ilebilir.<\/td>\n<\/tr>\n<tr>\n<td><strong>Giri\u015f Rezistans\u0131<\/strong><\/td>\n<td>TC ve RTD giri\u015fleri &gt;10M\u2126<\/p>\n<p>Ak\u0131m giri\u015fi 100W, 0&#8230;50mV &gt;10M\u2126 , 0&#8230;10V &gt;43K\u2126<\/td>\n<\/tr>\n<tr>\n<td><strong>Dijital Giri\u015fler<\/strong><\/td>\n<td>3 adet izolasyonlu<\/td>\n<\/tr>\n<tr>\n<td><strong>Transmitter Besleme \u00c7\u0131k\u0131\u015f\u0131<\/strong><\/td>\n<td>24V DC \u00b1%10 maks. 50mA<\/td>\n<\/tr>\n<tr>\n<td><strong>Standart R\u00f6le \u00c7\u0131k\u0131\u015flar\u0131<\/strong><\/td>\n<td>5A@250V AC (Programlanabilir kontrol veya alarm \u00e7\u0131k\u0131\u015f\u0131)<br \/>\n(Elektriksel \u00f6mr\u00fc : 100.000 \u00c7al\u0131\u015fma (Tam y\u00fckte))<\/td>\n<\/tr>\n<tr>\n<td><strong>Analog \u00c7\u0131k\u0131\u015flar<\/strong><\/td>\n<td>2 adet. Se\u00e7ilebilir 0-4&#8230;20mA DC ve\/veya 0-2&#8230;10V DC Sipari\u015fte belirtilmelidir.<\/td>\n<\/tr>\n<tr>\n<td><strong>Profil Programlar\u0131 ve Ad\u0131mlar<\/strong><\/td>\n<td>100 Program ve 1000 Ad\u0131m<\/td>\n<\/tr>\n<tr>\n<td><strong>Kontrol Formlar\u0131<\/strong><\/td>\n<td>Programlanabilir ON \/ OFF, P, PI, PD veya PID.<\/td>\n<\/tr>\n<tr>\n<td><strong>Standart Haberle\u015fme<\/strong><\/td>\n<td>RS-232 Haberle\u015fme<\/td>\n<\/tr>\n<tr>\n<td><strong>Haberle\u015fme Protokol\u00fc<\/strong><\/td>\n<td>MODBUS-RTU,ASCII<\/td>\n<\/tr>\n<tr>\n<td><strong>Ekran Tipi<\/strong><\/td>\n<td>Arkadan ayd\u0131nlatmal\u0131 128&#215;64 grafik LCD<\/td>\n<\/tr>\n<tr>\n<td colspan=\"2\"><strong>Kalite Standartlar\u0131<\/strong><\/td>\n<\/tr>\n<tr>\n<td><strong>Onaylar<\/strong><\/td>\n<td>GOST-R, CE<\/td>\n<\/tr>\n<\/tbody>\n<\/table>\n","protected":false},"excerpt":{"rendered":"<h1>1000 Ad\u0131m Profil Kontrol Cihaz\u0131<\/h1>\n","protected":false},"featured_media":4917,"comment_status":"closed","ping_status":"closed","template":"","meta":[],"product_brand":[],"product_cat":[378],"product_tag":[436,205],"class_list":{"0":"post-4918","1":"product","2":"type-product","3":"status-publish","4":"has-post-thumbnail","6":"product_cat-profile-adim-kontrol-cihazi","7":"product_tag-436","8":"product_tag-esm","10":"first","11":"instock","12":"shipping-taxable","13":"product-type-simple"},"yoast_head":"<!-- This site is optimized with the Yoast SEO plugin v24.3 - https:\/\/yoast.com\/wordpress\/plugins\/seo\/ -->\n<title>ESM-9995 - CSO TRADING<\/title>\n<meta name=\"robots\" content=\"index, follow, max-snippet:-1, max-image-preview:large, max-video-preview:-1\" \/>\n<link rel=\"canonical\" href=\"https:\/\/csotrading.com\/product\/esm-9995\/\" \/>\n<meta property=\"og:locale\" content=\"tr_TR\" \/>\n<meta property=\"og:type\" content=\"article\" \/>\n<meta property=\"og:title\" content=\"ESM-9995 - CSO TRADING\" \/>\n<meta property=\"og:description\" content=\"1000 Ad\u0131m Profil Kontrol Cihaz\u0131\" \/>\n<meta property=\"og:url\" content=\"https:\/\/csotrading.com\/product\/esm-9995\/\" \/>\n<meta property=\"og:site_name\" content=\"CSO TRADING\" \/>\n<meta property=\"article:modified_time\" content=\"2020-07-08T20:45:03+00:00\" \/>\n<meta property=\"og:image\" content=\"https:\/\/csotrading.com\/wp-content\/uploads\/2020\/07\/esm-9995-1000-steps-profile-controller.jpg\" \/>\n\t<meta property=\"og:image:width\" content=\"1000\" \/>\n\t<meta property=\"og:image:height\" content=\"1000\" \/>\n\t<meta property=\"og:image:type\" content=\"image\/jpeg\" \/>\n<meta name=\"twitter:card\" content=\"summary_large_image\" \/>\n<meta name=\"twitter:label1\" content=\"Tahmini okuma s\u00fcresi\" \/>\n\t<meta name=\"twitter:data1\" content=\"2 dakika\" \/>\n<script type=\"application\/ld+json\" class=\"yoast-schema-graph\">{\"@context\":\"https:\/\/schema.org\",\"@graph\":[{\"@type\":\"WebPage\",\"@id\":\"https:\/\/csotrading.com\/product\/esm-9995\/\",\"url\":\"https:\/\/csotrading.com\/product\/esm-9995\/\",\"name\":\"ESM-9995 - CSO TRADING\",\"isPartOf\":{\"@id\":\"https:\/\/csotrading.com\/#website\"},\"primaryImageOfPage\":{\"@id\":\"https:\/\/csotrading.com\/product\/esm-9995\/#primaryimage\"},\"image\":{\"@id\":\"https:\/\/csotrading.com\/product\/esm-9995\/#primaryimage\"},\"thumbnailUrl\":\"https:\/\/csotrading.com\/wp-content\/uploads\/2020\/07\/esm-9995-1000-steps-profile-controller.jpg\",\"datePublished\":\"2020-07-08T20:42:15+00:00\",\"dateModified\":\"2020-07-08T20:45:03+00:00\",\"breadcrumb\":{\"@id\":\"https:\/\/csotrading.com\/product\/esm-9995\/#breadcrumb\"},\"inLanguage\":\"tr\",\"potentialAction\":[{\"@type\":\"ReadAction\",\"target\":[\"https:\/\/csotrading.com\/product\/esm-9995\/\"]}]},{\"@type\":\"ImageObject\",\"inLanguage\":\"tr\",\"@id\":\"https:\/\/csotrading.com\/product\/esm-9995\/#primaryimage\",\"url\":\"https:\/\/csotrading.com\/wp-content\/uploads\/2020\/07\/esm-9995-1000-steps-profile-controller.jpg\",\"contentUrl\":\"https:\/\/csotrading.com\/wp-content\/uploads\/2020\/07\/esm-9995-1000-steps-profile-controller.jpg\",\"width\":1000,\"height\":1000},{\"@type\":\"BreadcrumbList\",\"@id\":\"https:\/\/csotrading.com\/product\/esm-9995\/#breadcrumb\",\"itemListElement\":[{\"@type\":\"ListItem\",\"position\":1,\"name\":\"Home\",\"item\":\"https:\/\/csotrading.com\/tr\/\"},{\"@type\":\"ListItem\",\"position\":2,\"name\":\"Ma\u011faza\",\"item\":\"https:\/\/csotrading.com\/magaza\/\"},{\"@type\":\"ListItem\",\"position\":3,\"name\":\"ESM-9995\"}]},{\"@type\":\"WebSite\",\"@id\":\"https:\/\/csotrading.com\/#website\",\"url\":\"https:\/\/csotrading.com\/\",\"name\":\"CSO TRADING\",\"description\":\"\",\"potentialAction\":[{\"@type\":\"SearchAction\",\"target\":{\"@type\":\"EntryPoint\",\"urlTemplate\":\"https:\/\/csotrading.com\/?s={search_term_string}\"},\"query-input\":{\"@type\":\"PropertyValueSpecification\",\"valueRequired\":true,\"valueName\":\"search_term_string\"}}],\"inLanguage\":\"tr\"}]}<\/script>\n<!-- \/ Yoast SEO plugin. -->","yoast_head_json":{"title":"ESM-9995 - CSO TRADING","robots":{"index":"index","follow":"follow","max-snippet":"max-snippet:-1","max-image-preview":"max-image-preview:large","max-video-preview":"max-video-preview:-1"},"canonical":"https:\/\/csotrading.com\/product\/esm-9995\/","og_locale":"tr_TR","og_type":"article","og_title":"ESM-9995 - CSO TRADING","og_description":"1000 Ad\u0131m Profil Kontrol Cihaz\u0131","og_url":"https:\/\/csotrading.com\/product\/esm-9995\/","og_site_name":"CSO TRADING","article_modified_time":"2020-07-08T20:45:03+00:00","og_image":[{"width":1000,"height":1000,"url":"https:\/\/csotrading.com\/wp-content\/uploads\/2020\/07\/esm-9995-1000-steps-profile-controller.jpg","type":"image\/jpeg"}],"twitter_card":"summary_large_image","twitter_misc":{"Tahmini okuma s\u00fcresi":"2 dakika"},"schema":{"@context":"https:\/\/schema.org","@graph":[{"@type":"WebPage","@id":"https:\/\/csotrading.com\/product\/esm-9995\/","url":"https:\/\/csotrading.com\/product\/esm-9995\/","name":"ESM-9995 - CSO TRADING","isPartOf":{"@id":"https:\/\/csotrading.com\/#website"},"primaryImageOfPage":{"@id":"https:\/\/csotrading.com\/product\/esm-9995\/#primaryimage"},"image":{"@id":"https:\/\/csotrading.com\/product\/esm-9995\/#primaryimage"},"thumbnailUrl":"https:\/\/csotrading.com\/wp-content\/uploads\/2020\/07\/esm-9995-1000-steps-profile-controller.jpg","datePublished":"2020-07-08T20:42:15+00:00","dateModified":"2020-07-08T20:45:03+00:00","breadcrumb":{"@id":"https:\/\/csotrading.com\/product\/esm-9995\/#breadcrumb"},"inLanguage":"tr","potentialAction":[{"@type":"ReadAction","target":["https:\/\/csotrading.com\/product\/esm-9995\/"]}]},{"@type":"ImageObject","inLanguage":"tr","@id":"https:\/\/csotrading.com\/product\/esm-9995\/#primaryimage","url":"https:\/\/csotrading.com\/wp-content\/uploads\/2020\/07\/esm-9995-1000-steps-profile-controller.jpg","contentUrl":"https:\/\/csotrading.com\/wp-content\/uploads\/2020\/07\/esm-9995-1000-steps-profile-controller.jpg","width":1000,"height":1000},{"@type":"BreadcrumbList","@id":"https:\/\/csotrading.com\/product\/esm-9995\/#breadcrumb","itemListElement":[{"@type":"ListItem","position":1,"name":"Home","item":"https:\/\/csotrading.com\/tr\/"},{"@type":"ListItem","position":2,"name":"Ma\u011faza","item":"https:\/\/csotrading.com\/magaza\/"},{"@type":"ListItem","position":3,"name":"ESM-9995"}]},{"@type":"WebSite","@id":"https:\/\/csotrading.com\/#website","url":"https:\/\/csotrading.com\/","name":"CSO TRADING","description":"","potentialAction":[{"@type":"SearchAction","target":{"@type":"EntryPoint","urlTemplate":"https:\/\/csotrading.com\/?s={search_term_string}"},"query-input":{"@type":"PropertyValueSpecification","valueRequired":true,"valueName":"search_term_string"}}],"inLanguage":"tr"}]}},"_links":{"self":[{"href":"https:\/\/csotrading.com\/tr\/wp-json\/wp\/v2\/product\/4918"}],"collection":[{"href":"https:\/\/csotrading.com\/tr\/wp-json\/wp\/v2\/product"}],"about":[{"href":"https:\/\/csotrading.com\/tr\/wp-json\/wp\/v2\/types\/product"}],"replies":[{"embeddable":true,"href":"https:\/\/csotrading.com\/tr\/wp-json\/wp\/v2\/comments?post=4918"}],"wp:featuredmedia":[{"embeddable":true,"href":"https:\/\/csotrading.com\/tr\/wp-json\/wp\/v2\/media\/4917"}],"wp:attachment":[{"href":"https:\/\/csotrading.com\/tr\/wp-json\/wp\/v2\/media?parent=4918"}],"wp:term":[{"taxonomy":"product_brand","embeddable":true,"href":"https:\/\/csotrading.com\/tr\/wp-json\/wp\/v2\/product_brand?post=4918"},{"taxonomy":"product_cat","embeddable":true,"href":"https:\/\/csotrading.com\/tr\/wp-json\/wp\/v2\/product_cat?post=4918"},{"taxonomy":"product_tag","embeddable":true,"href":"https:\/\/csotrading.com\/tr\/wp-json\/wp\/v2\/product_tag?post=4918"}],"curies":[{"name":"wp","href":"https:\/\/api.w.org\/{rel}","templated":true}]}}