{"id":4872,"date":"2020-07-07T23:12:22","date_gmt":"2020-07-07T20:12:22","guid":{"rendered":"http:\/\/csotrading.com\/product\/trans-miniats-2\/"},"modified":"2020-07-07T23:14:25","modified_gmt":"2020-07-07T20:14:25","slug":"trans-miniats-2","status":"publish","type":"product","link":"https:\/\/csotrading.com\/tr\/product\/trans-miniats-2\/","title":{"rendered":"Trans-MiniATS"},"content":{"rendered":"<p><span class=\"txt b\"><span>Otomatik Transfer Anahtarlama Kontrol\u00f6rleri\u00a0<\/span><\/span><span class=\"txt c\"><span>RS-232 seri haberle\u015fme ile parametre yap\u0131land\u0131rmas\u0131<\/span><br \/>\n<span>Son 50 olay\u0131 ve \u00f6l\u00e7\u00fclen de\u011ferlerle alarm bilgilerini g\u00fcnl\u00fc\u011fe kaydet<\/span><br \/>\n<span>\u0130statistik istatistikleri\u00a0Uzaktan Ba\u015flatma \/ Durdurma \u00e7\u0131k\u0131\u015f\u0131\u00a0\u015eebeke voltaj hatas\u0131 alg\u0131lama\u00a0Acil durum yedekleme ve Test modu<\/span><\/p>\n<p><\/span><\/p>\n<table>\n<tbody>\n<tr>\n<td><b><span>\u00d6zellikleri<\/span><\/b><\/td>\n<td><b><span>A\u00e7\u0131klamalar<\/span><\/b><\/td>\n<\/tr>\n<tr>\n<td><b><span>LCD Dilleri<\/span><\/b><\/td>\n<td><span>\u0130ngilizce \/ \u00c7ince, \u0130ngilizce \/ T\u00fcrk\u00e7e, \u0130ngilizce \/ Francais<\/span><\/td>\n<\/tr>\n<tr>\n<td><b><span>Girdiler<\/span><\/b><\/td>\n<td><span>6x Yap\u0131land\u0131r\u0131labilir dijital,<\/span><\/td>\n<\/tr>\n<tr>\n<td><b><span>\u00e7\u0131kt\u0131lar<\/span><\/b><\/td>\n<td><span>Yap\u0131land\u0131r\u0131labilir 5x Transist\u00f6r<\/span><\/td>\n<\/tr>\n<tr>\n<td><b><span>Mevcut \u00f6l\u00e7\u00fcm<\/span><\/b><\/td>\n<td><\/td>\n<\/tr>\n<tr>\n<td><b><span>Gerilim \u00d6l\u00e7\u00fcm\u00fc<\/span><\/b><\/td>\n<td><span>\u015eebeke i\u00e7in 3 faz, Alternat\u00f6r i\u00e7in 1 faz<\/span><\/td>\n<\/tr>\n<tr>\n<td colspan=\"2\"><b><span>Durum<\/span><\/b><\/td>\n<\/tr>\n<tr>\n<td><b><span>boyutlar<\/span><\/b><\/td>\n<td><span>111mm x 81mm x 61mm<\/span><\/td>\n<\/tr>\n<tr>\n<td><b><span>Koruma S\u0131n\u0131f\u0131<\/span><\/b><\/td>\n<td><span>\u00d6n tarafta NEMA 4X IP65<\/span><\/td>\n<\/tr>\n<tr>\n<td colspan=\"2\"><b><span>\u00c7al\u0131\u015fma Aral\u0131\u011f\u0131<\/span><\/b><\/td>\n<\/tr>\n<tr>\n<td><b><span>DC Ak\u00fc Besleme aral\u0131\u011f\u0131<\/span><\/b><\/td>\n<td><span>8 ila 32Vdc, maksimum \u00e7al\u0131\u015fma ak\u0131m\u0131 360mA<\/span><\/td>\n<\/tr>\n<tr>\n<td><b><span>G\u00f6nderen \u00d6l\u00e7\u00fcm\u00fc<\/span><\/b><\/td>\n<td><\/td>\n<\/tr>\n<tr>\n<td><b><span>Cabin.Temp.Measuremet<\/span><\/b><\/td>\n<td><\/td>\n<\/tr>\n<tr>\n<td><b><span>\u00c7al\u0131\u015fma \/ Depolama S\u0131cakl\u0131\u011f\u0131<\/span><\/b><\/td>\n<td><span>-20 \u00b0 C &#8230; + 70 \u00b0 C \/ -30 \u00b0 C &#8230; + 80 \u00b0 C<\/span><\/td>\n<\/tr>\n<tr>\n<td colspan=\"2\"><b><span>Geni\u015fletme<\/span><\/b><\/td>\n<\/tr>\n<tr>\n<td><b><span>\u0130\u00e7<\/span><\/b><\/td>\n<td><span>RS-232 seri ileti\u015fim ile parametre yap\u0131land\u0131rmas\u0131<\/span><\/td>\n<\/tr>\n<tr>\n<td><b><span>GPRS<\/span><\/b><\/td>\n<td><\/td>\n<\/tr>\n<tr>\n<td><b><span>Kat\u0131\u015ft\u0131r\u0131lm\u0131\u015f WEB sunucusu<\/span><\/b><\/td>\n<td><\/td>\n<\/tr>\n<tr>\n<td><b><span>Seri ModBus<\/span><\/b><\/td>\n<td><\/td>\n<\/tr>\n<tr>\n<td><b><span>Onaylar<\/span><\/b><\/td>\n<td><span>CE, GOST-R<\/span><\/td>\n<\/tr>\n<\/tbody>\n<\/table>\n","protected":false},"excerpt":{"rendered":"<h1><span>Otomatik Transfer Anahtarlama Kontrol\u00f6rleri<\/span><\/h1>\n","protected":false},"featured_media":4871,"comment_status":"closed","ping_status":"closed","template":"","meta":[],"product_brand":[],"product_cat":[379],"product_tag":[278,276],"class_list":{"0":"post-4872","1":"product","2":"type-product","3":"status-publish","4":"has-post-thumbnail","6":"product_cat-ats-tr","7":"product_tag-miniats","8":"product_tag-trans","10":"first","11":"instock","12":"shipping-taxable","13":"product-type-simple"},"yoast_head":"<!-- This site is optimized with the Yoast SEO plugin v24.3 - https:\/\/yoast.com\/wordpress\/plugins\/seo\/ -->\n<title>Trans-MiniATS - CSO TRADING<\/title>\n<meta name=\"robots\" content=\"index, follow, max-snippet:-1, max-image-preview:large, max-video-preview:-1\" \/>\n<link rel=\"canonical\" href=\"https:\/\/csotrading.com\/tr\/product\/trans-miniats-2\/\" \/>\n<meta property=\"og:locale\" content=\"tr_TR\" \/>\n<meta property=\"og:type\" content=\"article\" \/>\n<meta property=\"og:title\" content=\"Trans-MiniATS - CSO TRADING\" \/>\n<meta property=\"og:description\" content=\"Otomatik Transfer Anahtarlama Kontrol\u00f6rleri\" \/>\n<meta property=\"og:url\" content=\"https:\/\/csotrading.com\/tr\/product\/trans-miniats-2\/\" \/>\n<meta property=\"og:site_name\" content=\"CSO TRADING\" \/>\n<meta property=\"article:modified_time\" content=\"2020-07-07T20:14:25+00:00\" \/>\n<meta property=\"og:image\" content=\"https:\/\/csotrading.com\/wp-content\/uploads\/2020\/07\/trans-miniats-automatic-transfer-switching-controllers.jpg\" \/>\n\t<meta property=\"og:image:width\" content=\"1000\" \/>\n\t<meta property=\"og:image:height\" content=\"1000\" \/>\n\t<meta property=\"og:image:type\" content=\"image\/jpeg\" \/>\n<meta name=\"twitter:card\" content=\"summary_large_image\" \/>\n<meta name=\"twitter:label1\" content=\"Tahmini okuma s\u00fcresi\" \/>\n\t<meta name=\"twitter:data1\" content=\"1 dakika\" \/>\n<script type=\"application\/ld+json\" class=\"yoast-schema-graph\">{\"@context\":\"https:\/\/schema.org\",\"@graph\":[{\"@type\":\"WebPage\",\"@id\":\"https:\/\/csotrading.com\/tr\/product\/trans-miniats-2\/\",\"url\":\"https:\/\/csotrading.com\/tr\/product\/trans-miniats-2\/\",\"name\":\"Trans-MiniATS - CSO TRADING\",\"isPartOf\":{\"@id\":\"https:\/\/csotrading.com\/#website\"},\"primaryImageOfPage\":{\"@id\":\"https:\/\/csotrading.com\/tr\/product\/trans-miniats-2\/#primaryimage\"},\"image\":{\"@id\":\"https:\/\/csotrading.com\/tr\/product\/trans-miniats-2\/#primaryimage\"},\"thumbnailUrl\":\"https:\/\/csotrading.com\/wp-content\/uploads\/2020\/07\/trans-miniats-automatic-transfer-switching-controllers.jpg\",\"datePublished\":\"2020-07-07T20:12:22+00:00\",\"dateModified\":\"2020-07-07T20:14:25+00:00\",\"breadcrumb\":{\"@id\":\"https:\/\/csotrading.com\/tr\/product\/trans-miniats-2\/#breadcrumb\"},\"inLanguage\":\"tr\",\"potentialAction\":[{\"@type\":\"ReadAction\",\"target\":[\"https:\/\/csotrading.com\/tr\/product\/trans-miniats-2\/\"]}]},{\"@type\":\"ImageObject\",\"inLanguage\":\"tr\",\"@id\":\"https:\/\/csotrading.com\/tr\/product\/trans-miniats-2\/#primaryimage\",\"url\":\"https:\/\/csotrading.com\/wp-content\/uploads\/2020\/07\/trans-miniats-automatic-transfer-switching-controllers.jpg\",\"contentUrl\":\"https:\/\/csotrading.com\/wp-content\/uploads\/2020\/07\/trans-miniats-automatic-transfer-switching-controllers.jpg\",\"width\":1000,\"height\":1000},{\"@type\":\"BreadcrumbList\",\"@id\":\"https:\/\/csotrading.com\/tr\/product\/trans-miniats-2\/#breadcrumb\",\"itemListElement\":[{\"@type\":\"ListItem\",\"position\":1,\"name\":\"Home\",\"item\":\"https:\/\/csotrading.com\/tr\/\"},{\"@type\":\"ListItem\",\"position\":2,\"name\":\"Ma\u011faza\",\"item\":\"https:\/\/csotrading.com\/magaza\/\"},{\"@type\":\"ListItem\",\"position\":3,\"name\":\"Trans-MiniATS\"}]},{\"@type\":\"WebSite\",\"@id\":\"https:\/\/csotrading.com\/#website\",\"url\":\"https:\/\/csotrading.com\/\",\"name\":\"CSO TRADING\",\"description\":\"\",\"potentialAction\":[{\"@type\":\"SearchAction\",\"target\":{\"@type\":\"EntryPoint\",\"urlTemplate\":\"https:\/\/csotrading.com\/?s={search_term_string}\"},\"query-input\":{\"@type\":\"PropertyValueSpecification\",\"valueRequired\":true,\"valueName\":\"search_term_string\"}}],\"inLanguage\":\"tr\"}]}<\/script>\n<!-- \/ Yoast SEO plugin. -->","yoast_head_json":{"title":"Trans-MiniATS - CSO TRADING","robots":{"index":"index","follow":"follow","max-snippet":"max-snippet:-1","max-image-preview":"max-image-preview:large","max-video-preview":"max-video-preview:-1"},"canonical":"https:\/\/csotrading.com\/tr\/product\/trans-miniats-2\/","og_locale":"tr_TR","og_type":"article","og_title":"Trans-MiniATS - CSO TRADING","og_description":"Otomatik Transfer Anahtarlama Kontrol\u00f6rleri","og_url":"https:\/\/csotrading.com\/tr\/product\/trans-miniats-2\/","og_site_name":"CSO TRADING","article_modified_time":"2020-07-07T20:14:25+00:00","og_image":[{"width":1000,"height":1000,"url":"https:\/\/csotrading.com\/wp-content\/uploads\/2020\/07\/trans-miniats-automatic-transfer-switching-controllers.jpg","type":"image\/jpeg"}],"twitter_card":"summary_large_image","twitter_misc":{"Tahmini okuma s\u00fcresi":"1 dakika"},"schema":{"@context":"https:\/\/schema.org","@graph":[{"@type":"WebPage","@id":"https:\/\/csotrading.com\/tr\/product\/trans-miniats-2\/","url":"https:\/\/csotrading.com\/tr\/product\/trans-miniats-2\/","name":"Trans-MiniATS - CSO TRADING","isPartOf":{"@id":"https:\/\/csotrading.com\/#website"},"primaryImageOfPage":{"@id":"https:\/\/csotrading.com\/tr\/product\/trans-miniats-2\/#primaryimage"},"image":{"@id":"https:\/\/csotrading.com\/tr\/product\/trans-miniats-2\/#primaryimage"},"thumbnailUrl":"https:\/\/csotrading.com\/wp-content\/uploads\/2020\/07\/trans-miniats-automatic-transfer-switching-controllers.jpg","datePublished":"2020-07-07T20:12:22+00:00","dateModified":"2020-07-07T20:14:25+00:00","breadcrumb":{"@id":"https:\/\/csotrading.com\/tr\/product\/trans-miniats-2\/#breadcrumb"},"inLanguage":"tr","potentialAction":[{"@type":"ReadAction","target":["https:\/\/csotrading.com\/tr\/product\/trans-miniats-2\/"]}]},{"@type":"ImageObject","inLanguage":"tr","@id":"https:\/\/csotrading.com\/tr\/product\/trans-miniats-2\/#primaryimage","url":"https:\/\/csotrading.com\/wp-content\/uploads\/2020\/07\/trans-miniats-automatic-transfer-switching-controllers.jpg","contentUrl":"https:\/\/csotrading.com\/wp-content\/uploads\/2020\/07\/trans-miniats-automatic-transfer-switching-controllers.jpg","width":1000,"height":1000},{"@type":"BreadcrumbList","@id":"https:\/\/csotrading.com\/tr\/product\/trans-miniats-2\/#breadcrumb","itemListElement":[{"@type":"ListItem","position":1,"name":"Home","item":"https:\/\/csotrading.com\/tr\/"},{"@type":"ListItem","position":2,"name":"Ma\u011faza","item":"https:\/\/csotrading.com\/magaza\/"},{"@type":"ListItem","position":3,"name":"Trans-MiniATS"}]},{"@type":"WebSite","@id":"https:\/\/csotrading.com\/#website","url":"https:\/\/csotrading.com\/","name":"CSO TRADING","description":"","potentialAction":[{"@type":"SearchAction","target":{"@type":"EntryPoint","urlTemplate":"https:\/\/csotrading.com\/?s={search_term_string}"},"query-input":{"@type":"PropertyValueSpecification","valueRequired":true,"valueName":"search_term_string"}}],"inLanguage":"tr"}]}},"_links":{"self":[{"href":"https:\/\/csotrading.com\/tr\/wp-json\/wp\/v2\/product\/4872"}],"collection":[{"href":"https:\/\/csotrading.com\/tr\/wp-json\/wp\/v2\/product"}],"about":[{"href":"https:\/\/csotrading.com\/tr\/wp-json\/wp\/v2\/types\/product"}],"replies":[{"embeddable":true,"href":"https:\/\/csotrading.com\/tr\/wp-json\/wp\/v2\/comments?post=4872"}],"wp:featuredmedia":[{"embeddable":true,"href":"https:\/\/csotrading.com\/tr\/wp-json\/wp\/v2\/media\/4871"}],"wp:attachment":[{"href":"https:\/\/csotrading.com\/tr\/wp-json\/wp\/v2\/media?parent=4872"}],"wp:term":[{"taxonomy":"product_brand","embeddable":true,"href":"https:\/\/csotrading.com\/tr\/wp-json\/wp\/v2\/product_brand?post=4872"},{"taxonomy":"product_cat","embeddable":true,"href":"https:\/\/csotrading.com\/tr\/wp-json\/wp\/v2\/product_cat?post=4872"},{"taxonomy":"product_tag","embeddable":true,"href":"https:\/\/csotrading.com\/tr\/wp-json\/wp\/v2\/product_tag?post=4872"}],"curies":[{"name":"wp","href":"https:\/\/api.w.org\/{rel}","templated":true}]}}