{"id":4852,"date":"2020-07-07T22:18:37","date_gmt":"2020-07-07T19:18:37","guid":{"rendered":"http:\/\/csotrading.com\/product\/proop-i-o\/"},"modified":"2020-07-07T22:21:21","modified_gmt":"2020-07-07T19:21:21","slug":"proop-i-o","status":"publish","type":"product","link":"https:\/\/csotrading.com\/tr\/product\/proop-i-o\/","title":{"rendered":"PROOP &#8211; I\/O"},"content":{"rendered":"<p>Profesyonel Operat\u00f6r Paneli Proop 10, Proop 7 i\u00e7in geni\u015fleme mod\u00fcl\u00fc<\/p>\n<table border=\"0\" cellspacing=\"4\" cellpadding=\"4\">\n<tbody>\n<tr>\n<td colspan=\"6\"><strong>Teknik \u00d6zellikler<\/strong><\/td>\n<\/tr>\n<tr>\n<td><strong>Besleme<\/strong><\/td>\n<td colspan=\"5\">24 VDC<\/td>\n<\/tr>\n<tr>\n<td><strong>\u0130zin Verilen Aral\u0131k<\/strong><\/td>\n<td colspan=\"5\">20.4 &#8211; 27.6 VDC<\/td>\n<\/tr>\n<tr>\n<td><strong>G\u00fc\u00e7 T\u00fcketimi<\/strong><\/td>\n<td colspan=\"5\">3W<\/td>\n<\/tr>\n<tr>\n<td colspan=\"6\"><strong>Dijital Giri\u015fler<\/strong><\/td>\n<\/tr>\n<tr>\n<td><strong>Dijital Giri\u015f Say\u0131s\u0131<\/strong><\/td>\n<td colspan=\"5\">8 Giri\u015f<\/td>\n<\/tr>\n<tr>\n<td><strong>Nominal Giri\u015f Voltaj\u0131<\/strong><\/td>\n<td colspan=\"5\">24 VDC<\/td>\n<\/tr>\n<tr>\n<td rowspan=\"2\"><strong>Giri\u015f Voltaj\u0131<\/strong><\/td>\n<td colspan=\"5\">Logic 0 i\u00e7in\u00a0 \u00a0 \u00a0&#8211;\u00a0 \u00a0 \u00a0 \u00a0\u00a0Logic 1 i\u00e7in<\/td>\n<\/tr>\n<tr>\n<td colspan=\"5\">&lt; 5 VDC\u00a0 \u00a0 \u00a0\u00a0 \u00a0 &#8211;\u00a0 \u00a0 \u00a0 \u00a0 \u00a0&gt;10 VDC<\/td>\n<\/tr>\n<tr>\n<td><strong>Giri\u015f Ak\u0131m\u0131<\/strong><\/td>\n<td colspan=\"5\">6mA max.<\/td>\n<\/tr>\n<tr>\n<td><strong>Giri\u015f Empedans\u0131<\/strong><\/td>\n<td colspan=\"5\">5.9 k\u03a9<\/td>\n<\/tr>\n<tr>\n<td><strong>Cevap S\u00fcresi<\/strong><\/td>\n<td colspan=\"5\">50 ms \u20180\u2019 \u2019dan \u20181\u2019e<\/td>\n<\/tr>\n<tr>\n<td><strong>Galvanik \u0130zolasyon<\/strong><\/td>\n<td colspan=\"5\">1 dk.\u2019da 500 VAC<\/td>\n<\/tr>\n<tr>\n<td colspan=\"6\"><strong>Dijital \u00c7\u0131k\u0131\u015flar<\/strong><\/td>\n<\/tr>\n<tr>\n<td><strong>Dijital \u00c7\u0131k\u0131\u015f Say\u0131s\u0131<\/strong><\/td>\n<td colspan=\"5\">8 \u00c7\u0131k\u0131\u015f<\/td>\n<\/tr>\n<tr>\n<td><strong>\u00c7\u0131k\u0131\u015f Ak\u0131m\u0131<\/strong><\/td>\n<td colspan=\"5\">1 A max. (Toplam 8 A max.)<\/td>\n<\/tr>\n<tr>\n<td><strong>Galvanik \u0130zolasyon<\/strong><\/td>\n<td colspan=\"5\">1 dk.\u2019da 500 VAC<\/td>\n<\/tr>\n<tr>\n<td><strong>K\u0131sa Devre Korumas\u0131<\/strong><\/td>\n<td colspan=\"5\">Var<\/td>\n<\/tr>\n<tr>\n<td colspan=\"6\"><strong>Analog Giri\u015fler<\/strong><\/td>\n<\/tr>\n<tr>\n<td><strong>Analog Giri\u015f Say\u0131s\u0131<\/strong><\/td>\n<td colspan=\"5\">5 Giri\u015f<\/td>\n<\/tr>\n<tr>\n<td rowspan=\"2\"><strong>Giri\u015f Empedans\u0131<\/strong><\/td>\n<td>PT-100<\/td>\n<td>0\/4-20mA<\/td>\n<td>0-10V<\/td>\n<td>0-50mV<\/td>\n<\/tr>\n<tr>\n<td>-200oC-650oC<\/td>\n<td>100\u03a9<\/td>\n<td>&gt;6.6k\u03a9<\/td>\n<td>&gt;10M\u03a9<\/td>\n<\/tr>\n<tr>\n<td><strong>Galvanik \u0130zolasyon<\/strong><\/td>\n<td colspan=\"4\" rowspan=\"1\">Yok<\/td>\n<\/tr>\n<tr>\n<td><strong>G\u00f6sterim<\/strong><\/td>\n<td colspan=\"4\">14 Bit<\/td>\n<\/tr>\n<tr>\n<td><strong>Hassasiyet<\/strong><\/td>\n<td colspan=\"4\">\u00b10,25%<\/td>\n<\/tr>\n<tr>\n<td><strong>\u00d6rnekleme Zaman\u0131<\/strong><\/td>\n<td colspan=\"5\">250 ms<\/td>\n<\/tr>\n<tr>\n<td><strong>Durum Belirteci<\/strong><\/td>\n<td colspan=\"5\">Var<\/td>\n<\/tr>\n<tr>\n<td colspan=\"6\"><strong>Analog \u00c7\u0131k\u0131\u015flar<\/strong><\/td>\n<\/tr>\n<tr>\n<td rowspan=\"2\"><strong>Analog \u00c7\u0131k\u0131\u015f<\/strong><\/td>\n<td colspan=\"5\">\u00a0 \u00a0 \u00a0 \u00a0 \u00a0 \u00a0 \u00a0 \u00a0 \u00a0 \u00a0 \u00a02 \u00c7\u0131k\u0131\u015f<\/td>\n<\/tr>\n<tr>\n<td>0\/4-20mA<\/td>\n<td colspan=\"2\">0-10V<\/td>\n<\/tr>\n<tr>\n<td><strong>Galvanik \u0130zolasyon<\/strong><\/td>\n<td colspan=\"5\">Var<\/td>\n<\/tr>\n<tr>\n<td><strong>G\u00f6sterim<\/strong><\/td>\n<td colspan=\"5\">12 Bit<\/td>\n<\/tr>\n<tr>\n<td><strong>Hassasiyet<\/strong><\/td>\n<td colspan=\"5\">Tam \u00f6l\u00e7e\u011fin % 1&#8217;i<\/td>\n<\/tr>\n<\/tbody>\n<\/table>\n","protected":false},"excerpt":{"rendered":"<h1>PROOP Giri\u015f, \u00c7\u0131k\u0131\u015f Geni\u015fleme Mod\u00fcl\u00fc<\/h1>\n","protected":false},"featured_media":4851,"comment_status":"closed","ping_status":"closed","template":"","meta":[],"product_brand":[],"product_cat":[375],"product_tag":[359,420],"class_list":{"0":"post-4852","1":"product","2":"type-product","3":"status-publish","4":"has-post-thumbnail","6":"product_cat-operator-paneli-butunlesik-plc","7":"product_tag-i-o","8":"product_tag-proop","10":"first","11":"instock","12":"shipping-taxable","13":"product-type-simple"},"yoast_head":"<!-- This site is optimized with the Yoast SEO plugin v24.3 - https:\/\/yoast.com\/wordpress\/plugins\/seo\/ -->\n<title>PROOP - I\/O - CSO TRADING<\/title>\n<meta name=\"robots\" content=\"index, follow, max-snippet:-1, max-image-preview:large, max-video-preview:-1\" \/>\n<link rel=\"canonical\" href=\"https:\/\/csotrading.com\/tr\/product\/proop-i-o\/\" \/>\n<meta property=\"og:locale\" content=\"tr_TR\" \/>\n<meta property=\"og:type\" content=\"article\" \/>\n<meta property=\"og:title\" content=\"PROOP - I\/O - CSO TRADING\" \/>\n<meta property=\"og:description\" content=\"PROOP Giri\u015f, \u00c7\u0131k\u0131\u015f Geni\u015fleme Mod\u00fcl\u00fc\" \/>\n<meta property=\"og:url\" content=\"https:\/\/csotrading.com\/tr\/product\/proop-i-o\/\" \/>\n<meta property=\"og:site_name\" content=\"CSO TRADING\" \/>\n<meta property=\"article:modified_time\" content=\"2020-07-07T19:21:21+00:00\" \/>\n<meta property=\"og:image\" content=\"https:\/\/csotrading.com\/wp-content\/uploads\/2020\/07\/proop-io-module-input-output-expansion-module.jpg\" \/>\n\t<meta property=\"og:image:width\" content=\"1000\" \/>\n\t<meta property=\"og:image:height\" content=\"1000\" \/>\n\t<meta property=\"og:image:type\" content=\"image\/jpeg\" \/>\n<meta name=\"twitter:card\" content=\"summary_large_image\" \/>\n<meta name=\"twitter:label1\" content=\"Tahmini okuma s\u00fcresi\" \/>\n\t<meta name=\"twitter:data1\" content=\"1 dakika\" \/>\n<script type=\"application\/ld+json\" class=\"yoast-schema-graph\">{\"@context\":\"https:\/\/schema.org\",\"@graph\":[{\"@type\":\"WebPage\",\"@id\":\"https:\/\/csotrading.com\/tr\/product\/proop-i-o\/\",\"url\":\"https:\/\/csotrading.com\/tr\/product\/proop-i-o\/\",\"name\":\"PROOP - I\/O - CSO TRADING\",\"isPartOf\":{\"@id\":\"https:\/\/csotrading.com\/#website\"},\"primaryImageOfPage\":{\"@id\":\"https:\/\/csotrading.com\/tr\/product\/proop-i-o\/#primaryimage\"},\"image\":{\"@id\":\"https:\/\/csotrading.com\/tr\/product\/proop-i-o\/#primaryimage\"},\"thumbnailUrl\":\"https:\/\/csotrading.com\/wp-content\/uploads\/2020\/07\/proop-io-module-input-output-expansion-module.jpg\",\"datePublished\":\"2020-07-07T19:18:37+00:00\",\"dateModified\":\"2020-07-07T19:21:21+00:00\",\"breadcrumb\":{\"@id\":\"https:\/\/csotrading.com\/tr\/product\/proop-i-o\/#breadcrumb\"},\"inLanguage\":\"tr\",\"potentialAction\":[{\"@type\":\"ReadAction\",\"target\":[\"https:\/\/csotrading.com\/tr\/product\/proop-i-o\/\"]}]},{\"@type\":\"ImageObject\",\"inLanguage\":\"tr\",\"@id\":\"https:\/\/csotrading.com\/tr\/product\/proop-i-o\/#primaryimage\",\"url\":\"https:\/\/csotrading.com\/wp-content\/uploads\/2020\/07\/proop-io-module-input-output-expansion-module.jpg\",\"contentUrl\":\"https:\/\/csotrading.com\/wp-content\/uploads\/2020\/07\/proop-io-module-input-output-expansion-module.jpg\",\"width\":1000,\"height\":1000},{\"@type\":\"BreadcrumbList\",\"@id\":\"https:\/\/csotrading.com\/tr\/product\/proop-i-o\/#breadcrumb\",\"itemListElement\":[{\"@type\":\"ListItem\",\"position\":1,\"name\":\"Home\",\"item\":\"https:\/\/csotrading.com\/tr\/\"},{\"@type\":\"ListItem\",\"position\":2,\"name\":\"Ma\u011faza\",\"item\":\"https:\/\/csotrading.com\/magaza\/\"},{\"@type\":\"ListItem\",\"position\":3,\"name\":\"PROOP &#8211; I\/O\"}]},{\"@type\":\"WebSite\",\"@id\":\"https:\/\/csotrading.com\/#website\",\"url\":\"https:\/\/csotrading.com\/\",\"name\":\"CSO TRADING\",\"description\":\"\",\"potentialAction\":[{\"@type\":\"SearchAction\",\"target\":{\"@type\":\"EntryPoint\",\"urlTemplate\":\"https:\/\/csotrading.com\/?s={search_term_string}\"},\"query-input\":{\"@type\":\"PropertyValueSpecification\",\"valueRequired\":true,\"valueName\":\"search_term_string\"}}],\"inLanguage\":\"tr\"}]}<\/script>\n<!-- \/ Yoast SEO plugin. -->","yoast_head_json":{"title":"PROOP - I\/O - CSO TRADING","robots":{"index":"index","follow":"follow","max-snippet":"max-snippet:-1","max-image-preview":"max-image-preview:large","max-video-preview":"max-video-preview:-1"},"canonical":"https:\/\/csotrading.com\/tr\/product\/proop-i-o\/","og_locale":"tr_TR","og_type":"article","og_title":"PROOP - I\/O - CSO TRADING","og_description":"PROOP Giri\u015f, \u00c7\u0131k\u0131\u015f Geni\u015fleme Mod\u00fcl\u00fc","og_url":"https:\/\/csotrading.com\/tr\/product\/proop-i-o\/","og_site_name":"CSO TRADING","article_modified_time":"2020-07-07T19:21:21+00:00","og_image":[{"width":1000,"height":1000,"url":"https:\/\/csotrading.com\/wp-content\/uploads\/2020\/07\/proop-io-module-input-output-expansion-module.jpg","type":"image\/jpeg"}],"twitter_card":"summary_large_image","twitter_misc":{"Tahmini okuma s\u00fcresi":"1 dakika"},"schema":{"@context":"https:\/\/schema.org","@graph":[{"@type":"WebPage","@id":"https:\/\/csotrading.com\/tr\/product\/proop-i-o\/","url":"https:\/\/csotrading.com\/tr\/product\/proop-i-o\/","name":"PROOP - I\/O - CSO TRADING","isPartOf":{"@id":"https:\/\/csotrading.com\/#website"},"primaryImageOfPage":{"@id":"https:\/\/csotrading.com\/tr\/product\/proop-i-o\/#primaryimage"},"image":{"@id":"https:\/\/csotrading.com\/tr\/product\/proop-i-o\/#primaryimage"},"thumbnailUrl":"https:\/\/csotrading.com\/wp-content\/uploads\/2020\/07\/proop-io-module-input-output-expansion-module.jpg","datePublished":"2020-07-07T19:18:37+00:00","dateModified":"2020-07-07T19:21:21+00:00","breadcrumb":{"@id":"https:\/\/csotrading.com\/tr\/product\/proop-i-o\/#breadcrumb"},"inLanguage":"tr","potentialAction":[{"@type":"ReadAction","target":["https:\/\/csotrading.com\/tr\/product\/proop-i-o\/"]}]},{"@type":"ImageObject","inLanguage":"tr","@id":"https:\/\/csotrading.com\/tr\/product\/proop-i-o\/#primaryimage","url":"https:\/\/csotrading.com\/wp-content\/uploads\/2020\/07\/proop-io-module-input-output-expansion-module.jpg","contentUrl":"https:\/\/csotrading.com\/wp-content\/uploads\/2020\/07\/proop-io-module-input-output-expansion-module.jpg","width":1000,"height":1000},{"@type":"BreadcrumbList","@id":"https:\/\/csotrading.com\/tr\/product\/proop-i-o\/#breadcrumb","itemListElement":[{"@type":"ListItem","position":1,"name":"Home","item":"https:\/\/csotrading.com\/tr\/"},{"@type":"ListItem","position":2,"name":"Ma\u011faza","item":"https:\/\/csotrading.com\/magaza\/"},{"@type":"ListItem","position":3,"name":"PROOP &#8211; I\/O"}]},{"@type":"WebSite","@id":"https:\/\/csotrading.com\/#website","url":"https:\/\/csotrading.com\/","name":"CSO TRADING","description":"","potentialAction":[{"@type":"SearchAction","target":{"@type":"EntryPoint","urlTemplate":"https:\/\/csotrading.com\/?s={search_term_string}"},"query-input":{"@type":"PropertyValueSpecification","valueRequired":true,"valueName":"search_term_string"}}],"inLanguage":"tr"}]}},"_links":{"self":[{"href":"https:\/\/csotrading.com\/tr\/wp-json\/wp\/v2\/product\/4852"}],"collection":[{"href":"https:\/\/csotrading.com\/tr\/wp-json\/wp\/v2\/product"}],"about":[{"href":"https:\/\/csotrading.com\/tr\/wp-json\/wp\/v2\/types\/product"}],"replies":[{"embeddable":true,"href":"https:\/\/csotrading.com\/tr\/wp-json\/wp\/v2\/comments?post=4852"}],"wp:featuredmedia":[{"embeddable":true,"href":"https:\/\/csotrading.com\/tr\/wp-json\/wp\/v2\/media\/4851"}],"wp:attachment":[{"href":"https:\/\/csotrading.com\/tr\/wp-json\/wp\/v2\/media?parent=4852"}],"wp:term":[{"taxonomy":"product_brand","embeddable":true,"href":"https:\/\/csotrading.com\/tr\/wp-json\/wp\/v2\/product_brand?post=4852"},{"taxonomy":"product_cat","embeddable":true,"href":"https:\/\/csotrading.com\/tr\/wp-json\/wp\/v2\/product_cat?post=4852"},{"taxonomy":"product_tag","embeddable":true,"href":"https:\/\/csotrading.com\/tr\/wp-json\/wp\/v2\/product_tag?post=4852"}],"curies":[{"name":"wp","href":"https:\/\/api.w.org\/{rel}","templated":true}]}}