{"id":4836,"date":"2020-07-07T21:24:32","date_gmt":"2020-07-07T18:24:32","guid":{"rendered":"http:\/\/csotrading.com\/product\/dt-9910\/"},"modified":"2020-07-07T21:33:27","modified_gmt":"2020-07-07T18:33:27","slug":"dt-9910","status":"publish","type":"product","link":"https:\/\/csotrading.com\/tr\/product\/dt-9910\/","title":{"rendered":"DT-9910"},"content":{"rendered":"<p>DT-9910<br \/>\nDiferansiyel Kontrol Cihaz\u0131<\/p>\n<p>3 digitli g\u00f6sterge 2 Adet PTC giri\u015fi ON\/OFF kontrol Set de\u011feri s\u0131n\u0131rland\u0131rmas\u0131 Set de\u011feri de\u011fi\u015ftirme ekran\u0131na kolay eri\u015fim Kazan suyu a\u015f\u0131r\u0131 s\u0131cakl\u0131k korumas\u0131 Kollekt\u00f6r donma korumas\u0131<\/p>\n<table border=\"0\" cellspacing=\"4\" cellpadding=\"4\">\n<tbody>\n<tr>\n<td colspan=\"2\"><strong>Ekran ve \u00d6n panel<\/strong><\/td>\n<\/tr>\n<tr>\n<td><strong>Butonlar<\/strong><\/td>\n<td>Program ,De\u011fer azaltma ,De\u011fer artt\u0131rma ,Set<\/td>\n<\/tr>\n<tr>\n<td><strong>Led g\u00f6stergeleri<\/strong><\/td>\n<td>CLL,Tnk,Prg,Cfr,Pmp,Htr<\/td>\n<\/tr>\n<tr>\n<td colspan=\"2\"><strong>G\u00f6vde<\/strong><\/td>\n<\/tr>\n<tr>\n<td><strong>Fiziksel \u00d6zellikler<\/strong><\/td>\n<td>96 mm x 96 mm\u00a0 84 mm<\/td>\n<\/tr>\n<tr>\n<td colspan=\"2\"><strong>Elektriksel \u00d6zellikleri<\/strong><\/td>\n<\/tr>\n<tr>\n<td><strong>Besleme gerilimi ve G\u00fc\u00e7<\/strong><\/td>\n<td>230 V ~ (+%15) 50\/60 Hz.<br \/>\n115 V ~ (+%15) 50\/60 Hz.<br \/>\n24 V ~ (+%15) 50\/60 Hz.<br \/>\n24 Vac\/dc\u00a0 (%15) 50\/60 Hz.<\/td>\n<\/tr>\n<tr>\n<td><strong>Sens\u00f6r giri\u015fi<\/strong><\/td>\n<td>PTC<br \/>\nPTC(1000 @.25 \u2103)<\/td>\n<\/tr>\n<tr>\n<td colspan=\"2\"><strong>\u00c7\u0131k\u0131\u015flar<\/strong><\/td>\n<\/tr>\n<tr>\n<td><strong>Pompa r\u00f6le \u00e7\u0131k\u0131\u015f\u0131<\/strong><\/td>\n<td>Rezistif y\u00fckte 7A@250 V~<\/td>\n<\/tr>\n<tr>\n<td><strong>Is\u0131t\u0131c\u0131 r\u00f6le \u00e7\u0131k\u0131\u015f\u0131<\/strong><\/td>\n<td>Rezistif y\u00fckte 7A@250V ~<\/td>\n<\/tr>\n<tr>\n<td colspan=\"2\"><strong>Kontrol<\/strong><\/td>\n<\/tr>\n<tr>\n<td><strong>Histerisiz<\/strong><\/td>\n<td>1 to 10\u2103<\/td>\n<\/tr>\n<tr>\n<td><strong>Kontrol Formu<\/strong><\/td>\n<td>On \/ Off<\/td>\n<\/tr>\n<tr>\n<td><strong>Frekans Okuma<\/strong><\/td>\n<td>Saniyede 3 okuma<\/td>\n<\/tr>\n<tr>\n<td colspan=\"2\"><strong>Kalite Standartlar\u0131<\/strong><\/td>\n<\/tr>\n<tr>\n<td><strong>Onaylar<\/strong><\/td>\n<td>CE<\/td>\n<\/tr>\n<\/tbody>\n<\/table>\n","protected":false},"excerpt":{"rendered":"<h1>Diferansiyel Kontrol Cihaz\u0131<\/h1>\n","protected":false},"featured_media":4834,"comment_status":"closed","ping_status":"closed","template":"","meta":[],"product_brand":[],"product_cat":[374],"product_tag":[213,419],"class_list":{"0":"post-4836","1":"product","2":"type-product","3":"status-publish","4":"has-post-thumbnail","6":"product_cat-diferansiyel-kontrol-cihazi","7":"product_tag-213","8":"product_tag-dt","10":"first","11":"instock","12":"shipping-taxable","13":"product-type-simple"},"yoast_head":"<!-- This site is optimized with the Yoast SEO plugin v24.3 - https:\/\/yoast.com\/wordpress\/plugins\/seo\/ -->\n<title>DT-9910 - CSO TRADING<\/title>\n<meta name=\"robots\" content=\"index, follow, max-snippet:-1, max-image-preview:large, max-video-preview:-1\" \/>\n<link rel=\"canonical\" href=\"https:\/\/csotrading.com\/product\/dt-9910\/\" \/>\n<meta property=\"og:locale\" content=\"tr_TR\" \/>\n<meta property=\"og:type\" content=\"article\" \/>\n<meta property=\"og:title\" content=\"DT-9910 - CSO TRADING\" \/>\n<meta property=\"og:description\" content=\"Diferansiyel Kontrol Cihaz\u0131\" \/>\n<meta property=\"og:url\" content=\"https:\/\/csotrading.com\/product\/dt-9910\/\" \/>\n<meta property=\"og:site_name\" content=\"CSO TRADING\" \/>\n<meta property=\"article:modified_time\" content=\"2020-07-07T18:33:27+00:00\" \/>\n<meta property=\"og:image\" content=\"https:\/\/csotrading.com\/wp-content\/uploads\/2020\/07\/dt-9910-diferansiyel-kontrol-cihazi.jpg\" \/>\n\t<meta property=\"og:image:width\" content=\"1000\" \/>\n\t<meta property=\"og:image:height\" content=\"1000\" \/>\n\t<meta property=\"og:image:type\" content=\"image\/jpeg\" \/>\n<meta name=\"twitter:card\" content=\"summary_large_image\" \/>\n<meta name=\"twitter:label1\" content=\"Tahmini okuma s\u00fcresi\" \/>\n\t<meta name=\"twitter:data1\" content=\"1 dakika\" \/>\n<script type=\"application\/ld+json\" class=\"yoast-schema-graph\">{\"@context\":\"https:\/\/schema.org\",\"@graph\":[{\"@type\":\"WebPage\",\"@id\":\"https:\/\/csotrading.com\/product\/dt-9910\/\",\"url\":\"https:\/\/csotrading.com\/product\/dt-9910\/\",\"name\":\"DT-9910 - CSO TRADING\",\"isPartOf\":{\"@id\":\"https:\/\/csotrading.com\/#website\"},\"primaryImageOfPage\":{\"@id\":\"https:\/\/csotrading.com\/product\/dt-9910\/#primaryimage\"},\"image\":{\"@id\":\"https:\/\/csotrading.com\/product\/dt-9910\/#primaryimage\"},\"thumbnailUrl\":\"https:\/\/csotrading.com\/wp-content\/uploads\/2020\/07\/dt-9910-diferansiyel-kontrol-cihazi.jpg\",\"datePublished\":\"2020-07-07T18:24:32+00:00\",\"dateModified\":\"2020-07-07T18:33:27+00:00\",\"breadcrumb\":{\"@id\":\"https:\/\/csotrading.com\/product\/dt-9910\/#breadcrumb\"},\"inLanguage\":\"tr\",\"potentialAction\":[{\"@type\":\"ReadAction\",\"target\":[\"https:\/\/csotrading.com\/product\/dt-9910\/\"]}]},{\"@type\":\"ImageObject\",\"inLanguage\":\"tr\",\"@id\":\"https:\/\/csotrading.com\/product\/dt-9910\/#primaryimage\",\"url\":\"https:\/\/csotrading.com\/wp-content\/uploads\/2020\/07\/dt-9910-diferansiyel-kontrol-cihazi.jpg\",\"contentUrl\":\"https:\/\/csotrading.com\/wp-content\/uploads\/2020\/07\/dt-9910-diferansiyel-kontrol-cihazi.jpg\",\"width\":1000,\"height\":1000},{\"@type\":\"BreadcrumbList\",\"@id\":\"https:\/\/csotrading.com\/product\/dt-9910\/#breadcrumb\",\"itemListElement\":[{\"@type\":\"ListItem\",\"position\":1,\"name\":\"Home\",\"item\":\"https:\/\/csotrading.com\/tr\/\"},{\"@type\":\"ListItem\",\"position\":2,\"name\":\"Ma\u011faza\",\"item\":\"https:\/\/csotrading.com\/magaza\/\"},{\"@type\":\"ListItem\",\"position\":3,\"name\":\"DT-9910\"}]},{\"@type\":\"WebSite\",\"@id\":\"https:\/\/csotrading.com\/#website\",\"url\":\"https:\/\/csotrading.com\/\",\"name\":\"CSO TRADING\",\"description\":\"\",\"potentialAction\":[{\"@type\":\"SearchAction\",\"target\":{\"@type\":\"EntryPoint\",\"urlTemplate\":\"https:\/\/csotrading.com\/?s={search_term_string}\"},\"query-input\":{\"@type\":\"PropertyValueSpecification\",\"valueRequired\":true,\"valueName\":\"search_term_string\"}}],\"inLanguage\":\"tr\"}]}<\/script>\n<!-- \/ Yoast SEO plugin. -->","yoast_head_json":{"title":"DT-9910 - CSO TRADING","robots":{"index":"index","follow":"follow","max-snippet":"max-snippet:-1","max-image-preview":"max-image-preview:large","max-video-preview":"max-video-preview:-1"},"canonical":"https:\/\/csotrading.com\/product\/dt-9910\/","og_locale":"tr_TR","og_type":"article","og_title":"DT-9910 - CSO TRADING","og_description":"Diferansiyel Kontrol Cihaz\u0131","og_url":"https:\/\/csotrading.com\/product\/dt-9910\/","og_site_name":"CSO TRADING","article_modified_time":"2020-07-07T18:33:27+00:00","og_image":[{"width":1000,"height":1000,"url":"https:\/\/csotrading.com\/wp-content\/uploads\/2020\/07\/dt-9910-diferansiyel-kontrol-cihazi.jpg","type":"image\/jpeg"}],"twitter_card":"summary_large_image","twitter_misc":{"Tahmini okuma s\u00fcresi":"1 dakika"},"schema":{"@context":"https:\/\/schema.org","@graph":[{"@type":"WebPage","@id":"https:\/\/csotrading.com\/product\/dt-9910\/","url":"https:\/\/csotrading.com\/product\/dt-9910\/","name":"DT-9910 - CSO TRADING","isPartOf":{"@id":"https:\/\/csotrading.com\/#website"},"primaryImageOfPage":{"@id":"https:\/\/csotrading.com\/product\/dt-9910\/#primaryimage"},"image":{"@id":"https:\/\/csotrading.com\/product\/dt-9910\/#primaryimage"},"thumbnailUrl":"https:\/\/csotrading.com\/wp-content\/uploads\/2020\/07\/dt-9910-diferansiyel-kontrol-cihazi.jpg","datePublished":"2020-07-07T18:24:32+00:00","dateModified":"2020-07-07T18:33:27+00:00","breadcrumb":{"@id":"https:\/\/csotrading.com\/product\/dt-9910\/#breadcrumb"},"inLanguage":"tr","potentialAction":[{"@type":"ReadAction","target":["https:\/\/csotrading.com\/product\/dt-9910\/"]}]},{"@type":"ImageObject","inLanguage":"tr","@id":"https:\/\/csotrading.com\/product\/dt-9910\/#primaryimage","url":"https:\/\/csotrading.com\/wp-content\/uploads\/2020\/07\/dt-9910-diferansiyel-kontrol-cihazi.jpg","contentUrl":"https:\/\/csotrading.com\/wp-content\/uploads\/2020\/07\/dt-9910-diferansiyel-kontrol-cihazi.jpg","width":1000,"height":1000},{"@type":"BreadcrumbList","@id":"https:\/\/csotrading.com\/product\/dt-9910\/#breadcrumb","itemListElement":[{"@type":"ListItem","position":1,"name":"Home","item":"https:\/\/csotrading.com\/tr\/"},{"@type":"ListItem","position":2,"name":"Ma\u011faza","item":"https:\/\/csotrading.com\/magaza\/"},{"@type":"ListItem","position":3,"name":"DT-9910"}]},{"@type":"WebSite","@id":"https:\/\/csotrading.com\/#website","url":"https:\/\/csotrading.com\/","name":"CSO TRADING","description":"","potentialAction":[{"@type":"SearchAction","target":{"@type":"EntryPoint","urlTemplate":"https:\/\/csotrading.com\/?s={search_term_string}"},"query-input":{"@type":"PropertyValueSpecification","valueRequired":true,"valueName":"search_term_string"}}],"inLanguage":"tr"}]}},"_links":{"self":[{"href":"https:\/\/csotrading.com\/tr\/wp-json\/wp\/v2\/product\/4836"}],"collection":[{"href":"https:\/\/csotrading.com\/tr\/wp-json\/wp\/v2\/product"}],"about":[{"href":"https:\/\/csotrading.com\/tr\/wp-json\/wp\/v2\/types\/product"}],"replies":[{"embeddable":true,"href":"https:\/\/csotrading.com\/tr\/wp-json\/wp\/v2\/comments?post=4836"}],"wp:featuredmedia":[{"embeddable":true,"href":"https:\/\/csotrading.com\/tr\/wp-json\/wp\/v2\/media\/4834"}],"wp:attachment":[{"href":"https:\/\/csotrading.com\/tr\/wp-json\/wp\/v2\/media?parent=4836"}],"wp:term":[{"taxonomy":"product_brand","embeddable":true,"href":"https:\/\/csotrading.com\/tr\/wp-json\/wp\/v2\/product_brand?post=4836"},{"taxonomy":"product_cat","embeddable":true,"href":"https:\/\/csotrading.com\/tr\/wp-json\/wp\/v2\/product_cat?post=4836"},{"taxonomy":"product_tag","embeddable":true,"href":"https:\/\/csotrading.com\/tr\/wp-json\/wp\/v2\/product_tag?post=4836"}],"curies":[{"name":"wp","href":"https:\/\/api.w.org\/{rel}","templated":true}]}}