{"id":4823,"date":"2020-06-27T10:17:52","date_gmt":"2020-06-27T07:17:52","guid":{"rendered":"http:\/\/csotrading.com\/product\/thermoresistances-pt-100-pt-1000-3\/"},"modified":"2020-07-05T17:28:34","modified_gmt":"2020-07-05T14:28:34","slug":"thermoresistances-pt-100-pt-1000-3","status":"publish","type":"product","link":"https:\/\/csotrading.com\/tr\/product\/thermoresistances-pt-100-pt-1000-3\/","title":{"rendered":"(RTI) \u0130nsetli Tip \/ (RTIT) Transmitterli, \u0130nsetli Tip"},"content":{"rendered":"<table>\n<tbody>\n<tr>\n<td><b>\u00d6zellikler<\/b><\/td>\n<td><b>A\u00e7\u0131klamalar<\/b><\/td>\n<\/tr>\n<tr>\n<td><b>Maksimum \u00e7al\u0131\u015fma s\u0131cakl\u0131\u011f\u0131<\/b><\/td>\n<td>600\u00b0C<\/td>\n<\/tr>\n<tr>\n<td><b>Standart kablo tipleri<\/b><\/td>\n<td><\/td>\n<\/tr>\n<tr>\n<td><b>Standart kablo boylar\u0131<\/b><\/td>\n<td><\/td>\n<\/tr>\n<tr>\n<td><b>Sens\u00f6r tipi<\/b><\/td>\n<td>DIN\/EN60751Class \u201cA\u201d 1xPt-100 (E=1) veya Class \u201cB\u201d 2xPt-100 (E=2)<\/td>\n<\/tr>\n<tr>\n<td><b>Koruyucu k\u0131l\u0131f malzemesi<\/b><\/td>\n<td><\/td>\n<\/tr>\n<tr>\n<td><b>Konnekt\u00f6r<\/b><\/td>\n<td><\/td>\n<\/tr>\n<tr>\n<td><b>Rekor<\/b><\/td>\n<td><\/td>\n<\/tr>\n<tr>\n<td><b>Transmitter<\/b><\/td>\n<td>(RTIT tipi) 4&#8230;20mA ak\u0131m \u00e7\u0131k\u0131\u015fl\u0131 seri ba\u011flant\u0131l\u0131 (Loop Powered) transmitter<br \/>\nF= Kalibrasyon skalas\u0131 sipari\u015fte belirtilmelidir<\/td>\n<\/tr>\n<\/tbody>\n<\/table>\n","protected":false},"excerpt":{"rendered":"<p><span class=\"txt b\">Pt-100 Termorezistanslar<\/span><\/p>\n","protected":false},"featured_media":4191,"comment_status":"open","ping_status":"closed","template":"","meta":[],"product_brand":[],"product_cat":[301],"product_tag":[340,328],"class_list":{"0":"post-4823","1":"product","2":"type-product","3":"status-publish","4":"has-post-thumbnail","6":"product_cat-termorezistanslar","7":"product_tag-inset-type","8":"product_tag-transmitter","10":"first","11":"instock","12":"shipping-taxable","13":"product-type-simple"},"yoast_head":"<!-- This site is optimized with the Yoast SEO plugin v24.3 - https:\/\/yoast.com\/wordpress\/plugins\/seo\/ -->\n<title>(RTI) \u0130nsetli Tip \/ (RTIT) Transmitterli, \u0130nsetli Tip - CSO TRADING<\/title>\n<meta name=\"robots\" content=\"index, follow, max-snippet:-1, max-image-preview:large, max-video-preview:-1\" \/>\n<link rel=\"canonical\" href=\"https:\/\/csotrading.com\/tr\/product\/thermoresistances-pt-100-pt-1000-3\/\" \/>\n<meta property=\"og:locale\" content=\"tr_TR\" \/>\n<meta property=\"og:type\" content=\"article\" \/>\n<meta property=\"og:title\" content=\"(RTI) \u0130nsetli Tip \/ (RTIT) Transmitterli, \u0130nsetli Tip - CSO TRADING\" \/>\n<meta property=\"og:description\" content=\"Pt-100 Termorezistanslar\" \/>\n<meta property=\"og:url\" content=\"https:\/\/csotrading.com\/tr\/product\/thermoresistances-pt-100-pt-1000-3\/\" \/>\n<meta property=\"og:site_name\" content=\"CSO TRADING\" \/>\n<meta property=\"article:modified_time\" content=\"2020-07-05T14:28:34+00:00\" \/>\n<meta property=\"og:image\" content=\"https:\/\/csotrading.com\/wp-content\/uploads\/2020\/06\/Thermoresistances-Pt-100-Pt-1000-.jpg\" \/>\n\t<meta property=\"og:image:width\" content=\"1280\" \/>\n\t<meta property=\"og:image:height\" content=\"720\" \/>\n\t<meta property=\"og:image:type\" content=\"image\/jpeg\" \/>\n<meta name=\"twitter:card\" content=\"summary_large_image\" \/>\n<script type=\"application\/ld+json\" class=\"yoast-schema-graph\">{\"@context\":\"https:\/\/schema.org\",\"@graph\":[{\"@type\":\"WebPage\",\"@id\":\"https:\/\/csotrading.com\/tr\/product\/thermoresistances-pt-100-pt-1000-3\/\",\"url\":\"https:\/\/csotrading.com\/tr\/product\/thermoresistances-pt-100-pt-1000-3\/\",\"name\":\"(RTI) \u0130nsetli Tip \/ (RTIT) Transmitterli, \u0130nsetli Tip - CSO TRADING\",\"isPartOf\":{\"@id\":\"https:\/\/csotrading.com\/#website\"},\"primaryImageOfPage\":{\"@id\":\"https:\/\/csotrading.com\/tr\/product\/thermoresistances-pt-100-pt-1000-3\/#primaryimage\"},\"image\":{\"@id\":\"https:\/\/csotrading.com\/tr\/product\/thermoresistances-pt-100-pt-1000-3\/#primaryimage\"},\"thumbnailUrl\":\"https:\/\/csotrading.com\/wp-content\/uploads\/2020\/06\/Thermoresistances-Pt-100-Pt-1000-.jpg\",\"datePublished\":\"2020-06-27T07:17:52+00:00\",\"dateModified\":\"2020-07-05T14:28:34+00:00\",\"breadcrumb\":{\"@id\":\"https:\/\/csotrading.com\/tr\/product\/thermoresistances-pt-100-pt-1000-3\/#breadcrumb\"},\"inLanguage\":\"tr\",\"potentialAction\":[{\"@type\":\"ReadAction\",\"target\":[\"https:\/\/csotrading.com\/tr\/product\/thermoresistances-pt-100-pt-1000-3\/\"]}]},{\"@type\":\"ImageObject\",\"inLanguage\":\"tr\",\"@id\":\"https:\/\/csotrading.com\/tr\/product\/thermoresistances-pt-100-pt-1000-3\/#primaryimage\",\"url\":\"https:\/\/csotrading.com\/wp-content\/uploads\/2020\/06\/Thermoresistances-Pt-100-Pt-1000-.jpg\",\"contentUrl\":\"https:\/\/csotrading.com\/wp-content\/uploads\/2020\/06\/Thermoresistances-Pt-100-Pt-1000-.jpg\",\"width\":1280,\"height\":720},{\"@type\":\"BreadcrumbList\",\"@id\":\"https:\/\/csotrading.com\/tr\/product\/thermoresistances-pt-100-pt-1000-3\/#breadcrumb\",\"itemListElement\":[{\"@type\":\"ListItem\",\"position\":1,\"name\":\"Home\",\"item\":\"https:\/\/csotrading.com\/tr\/\"},{\"@type\":\"ListItem\",\"position\":2,\"name\":\"Ma\u011faza\",\"item\":\"https:\/\/csotrading.com\/magaza\/\"},{\"@type\":\"ListItem\",\"position\":3,\"name\":\"(RTI) \u0130nsetli Tip \/ (RTIT) Transmitterli, \u0130nsetli Tip\"}]},{\"@type\":\"WebSite\",\"@id\":\"https:\/\/csotrading.com\/#website\",\"url\":\"https:\/\/csotrading.com\/\",\"name\":\"CSO TRADING\",\"description\":\"\",\"potentialAction\":[{\"@type\":\"SearchAction\",\"target\":{\"@type\":\"EntryPoint\",\"urlTemplate\":\"https:\/\/csotrading.com\/?s={search_term_string}\"},\"query-input\":{\"@type\":\"PropertyValueSpecification\",\"valueRequired\":true,\"valueName\":\"search_term_string\"}}],\"inLanguage\":\"tr\"}]}<\/script>\n<!-- \/ Yoast SEO plugin. -->","yoast_head_json":{"title":"(RTI) \u0130nsetli Tip \/ (RTIT) Transmitterli, \u0130nsetli Tip - CSO TRADING","robots":{"index":"index","follow":"follow","max-snippet":"max-snippet:-1","max-image-preview":"max-image-preview:large","max-video-preview":"max-video-preview:-1"},"canonical":"https:\/\/csotrading.com\/tr\/product\/thermoresistances-pt-100-pt-1000-3\/","og_locale":"tr_TR","og_type":"article","og_title":"(RTI) \u0130nsetli Tip \/ (RTIT) Transmitterli, \u0130nsetli Tip - CSO TRADING","og_description":"Pt-100 Termorezistanslar","og_url":"https:\/\/csotrading.com\/tr\/product\/thermoresistances-pt-100-pt-1000-3\/","og_site_name":"CSO TRADING","article_modified_time":"2020-07-05T14:28:34+00:00","og_image":[{"width":1280,"height":720,"url":"https:\/\/csotrading.com\/wp-content\/uploads\/2020\/06\/Thermoresistances-Pt-100-Pt-1000-.jpg","type":"image\/jpeg"}],"twitter_card":"summary_large_image","schema":{"@context":"https:\/\/schema.org","@graph":[{"@type":"WebPage","@id":"https:\/\/csotrading.com\/tr\/product\/thermoresistances-pt-100-pt-1000-3\/","url":"https:\/\/csotrading.com\/tr\/product\/thermoresistances-pt-100-pt-1000-3\/","name":"(RTI) \u0130nsetli Tip \/ (RTIT) Transmitterli, \u0130nsetli Tip - CSO TRADING","isPartOf":{"@id":"https:\/\/csotrading.com\/#website"},"primaryImageOfPage":{"@id":"https:\/\/csotrading.com\/tr\/product\/thermoresistances-pt-100-pt-1000-3\/#primaryimage"},"image":{"@id":"https:\/\/csotrading.com\/tr\/product\/thermoresistances-pt-100-pt-1000-3\/#primaryimage"},"thumbnailUrl":"https:\/\/csotrading.com\/wp-content\/uploads\/2020\/06\/Thermoresistances-Pt-100-Pt-1000-.jpg","datePublished":"2020-06-27T07:17:52+00:00","dateModified":"2020-07-05T14:28:34+00:00","breadcrumb":{"@id":"https:\/\/csotrading.com\/tr\/product\/thermoresistances-pt-100-pt-1000-3\/#breadcrumb"},"inLanguage":"tr","potentialAction":[{"@type":"ReadAction","target":["https:\/\/csotrading.com\/tr\/product\/thermoresistances-pt-100-pt-1000-3\/"]}]},{"@type":"ImageObject","inLanguage":"tr","@id":"https:\/\/csotrading.com\/tr\/product\/thermoresistances-pt-100-pt-1000-3\/#primaryimage","url":"https:\/\/csotrading.com\/wp-content\/uploads\/2020\/06\/Thermoresistances-Pt-100-Pt-1000-.jpg","contentUrl":"https:\/\/csotrading.com\/wp-content\/uploads\/2020\/06\/Thermoresistances-Pt-100-Pt-1000-.jpg","width":1280,"height":720},{"@type":"BreadcrumbList","@id":"https:\/\/csotrading.com\/tr\/product\/thermoresistances-pt-100-pt-1000-3\/#breadcrumb","itemListElement":[{"@type":"ListItem","position":1,"name":"Home","item":"https:\/\/csotrading.com\/tr\/"},{"@type":"ListItem","position":2,"name":"Ma\u011faza","item":"https:\/\/csotrading.com\/magaza\/"},{"@type":"ListItem","position":3,"name":"(RTI) \u0130nsetli Tip \/ (RTIT) Transmitterli, \u0130nsetli Tip"}]},{"@type":"WebSite","@id":"https:\/\/csotrading.com\/#website","url":"https:\/\/csotrading.com\/","name":"CSO TRADING","description":"","potentialAction":[{"@type":"SearchAction","target":{"@type":"EntryPoint","urlTemplate":"https:\/\/csotrading.com\/?s={search_term_string}"},"query-input":{"@type":"PropertyValueSpecification","valueRequired":true,"valueName":"search_term_string"}}],"inLanguage":"tr"}]}},"_links":{"self":[{"href":"https:\/\/csotrading.com\/tr\/wp-json\/wp\/v2\/product\/4823"}],"collection":[{"href":"https:\/\/csotrading.com\/tr\/wp-json\/wp\/v2\/product"}],"about":[{"href":"https:\/\/csotrading.com\/tr\/wp-json\/wp\/v2\/types\/product"}],"replies":[{"embeddable":true,"href":"https:\/\/csotrading.com\/tr\/wp-json\/wp\/v2\/comments?post=4823"}],"wp:featuredmedia":[{"embeddable":true,"href":"https:\/\/csotrading.com\/tr\/wp-json\/wp\/v2\/media\/4191"}],"wp:attachment":[{"href":"https:\/\/csotrading.com\/tr\/wp-json\/wp\/v2\/media?parent=4823"}],"wp:term":[{"taxonomy":"product_brand","embeddable":true,"href":"https:\/\/csotrading.com\/tr\/wp-json\/wp\/v2\/product_brand?post=4823"},{"taxonomy":"product_cat","embeddable":true,"href":"https:\/\/csotrading.com\/tr\/wp-json\/wp\/v2\/product_cat?post=4823"},{"taxonomy":"product_tag","embeddable":true,"href":"https:\/\/csotrading.com\/tr\/wp-json\/wp\/v2\/product_tag?post=4823"}],"curies":[{"name":"wp","href":"https:\/\/api.w.org\/{rel}","templated":true}]}}