{"id":4814,"date":"2020-06-27T10:45:41","date_gmt":"2020-06-27T07:45:41","guid":{"rendered":"http:\/\/csotrading.com\/product\/thermoresistances-pt-100-pt-1000-8\/"},"modified":"2020-07-05T17:09:05","modified_gmt":"2020-07-05T14:09:05","slug":"thermoresistances-pt-100-pt-1000-8","status":"publish","type":"product","link":"https:\/\/csotrading.com\/tr\/product\/thermoresistances-pt-100-pt-1000-8\/","title":{"rendered":"(RTS) Bayonet Sonda Tipi"},"content":{"rendered":"<div class=\"print-area\">\n<div class=\"prod-technicals box all a\">\n<table>\n<tbody>\n<tr>\n<td><b>\u00d6zellikler<\/b><\/td>\n<td><b>A\u00e7\u0131klamalar<\/b><\/td>\n<\/tr>\n<tr>\n<td><b>Maksimum \u00e7al\u0131\u015fma s\u0131cakl\u0131\u011f\u0131<\/b><\/td>\n<td>\u00c7elik \u00f6rg\u00fc kablo i\u00e7in 400\u00b0C<br \/>\nSilikon kablo i\u00e7in 200\u00b0C<\/td>\n<\/tr>\n<tr>\n<td><b>Standart kablo tipleri<\/b><\/td>\n<td>Cam elyaf + cam elyaf + \u00e7elik \u00f6rg\u00fc, 3x 0,22mm : (RT) Standart \u00dcretimdir<br \/>\nSilikon + Silikon, 3x 0,22mm : Sipari\u015f koduna \u201cSi+Si\u201d ilave edilir<\/td>\n<\/tr>\n<tr>\n<td><b>Standart kablo boylar\u0131<\/b><\/td>\n<td>K01 = 1 mt, K02 = 2 mt, K03 = 3 mt,<br \/>\nK04 = 4 mt, K05 = 5 mt<\/td>\n<\/tr>\n<tr>\n<td><b>Sens\u00f6r tipi<\/b><\/td>\n<td>DIN\/EN60751Class \u201cB\u201d 1xPt-100<\/td>\n<\/tr>\n<tr>\n<td><b>Koruyucu k\u0131l\u0131f malzemesi<\/b><\/td>\n<td>AISI304 (DIN1.4301) Paslanmaz \u00c7elik<\/td>\n<\/tr>\n<tr>\n<td><b>Konnekt\u00f6r<\/b><\/td>\n<td>1\/4 x 19\u201d (iste\u011fe ba\u011fl\u0131 M12\u201d )<\/td>\n<\/tr>\n<tr>\n<td><b>Rekor<\/b><\/td>\n<td><\/td>\n<\/tr>\n<tr>\n<td><b>Transmitter<\/b><\/td>\n<td><\/td>\n<\/tr>\n<\/tbody>\n<\/table>\n<\/div>\n<\/div>\n<div class=\"clr\"><\/div>\n","protected":false},"excerpt":{"rendered":"<p><span class=\"txt b\">Pt-100 Termorezistanslar<\/span><\/p>\n<div><\/div>\n","protected":false},"featured_media":4206,"comment_status":"open","ping_status":"closed","template":"","meta":[],"product_brand":[],"product_cat":[301],"product_tag":[343],"class_list":{"0":"post-4814","1":"product","2":"type-product","3":"status-publish","4":"has-post-thumbnail","6":"product_cat-termorezistanslar","7":"product_tag-bayonet-bore-type","9":"first","10":"instock","11":"shipping-taxable","12":"product-type-simple"},"yoast_head":"<!-- This site is optimized with the Yoast SEO plugin v24.3 - https:\/\/yoast.com\/wordpress\/plugins\/seo\/ -->\n<title>(RTS) Bayonet Sonda Tipi - CSO TRADING<\/title>\n<meta name=\"robots\" content=\"index, follow, max-snippet:-1, max-image-preview:large, max-video-preview:-1\" \/>\n<link rel=\"canonical\" href=\"https:\/\/csotrading.com\/product\/thermoresistances-pt-100-pt-1000-8\/\" \/>\n<meta property=\"og:locale\" content=\"tr_TR\" \/>\n<meta property=\"og:type\" content=\"article\" \/>\n<meta property=\"og:title\" content=\"(RTS) Bayonet Sonda Tipi - CSO TRADING\" \/>\n<meta property=\"og:description\" content=\"Pt-100 Termorezistanslar\" \/>\n<meta property=\"og:url\" content=\"https:\/\/csotrading.com\/product\/thermoresistances-pt-100-pt-1000-8\/\" \/>\n<meta property=\"og:site_name\" content=\"CSO TRADING\" \/>\n<meta property=\"article:modified_time\" content=\"2020-07-05T14:09:05+00:00\" \/>\n<meta property=\"og:image\" content=\"https:\/\/csotrading.com\/wp-content\/uploads\/2020\/06\/9.Thermoresistances-Pt-100-Pt-1000-.jpg\" \/>\n\t<meta property=\"og:image:width\" content=\"1280\" \/>\n\t<meta property=\"og:image:height\" content=\"720\" \/>\n\t<meta property=\"og:image:type\" content=\"image\/jpeg\" \/>\n<meta name=\"twitter:card\" content=\"summary_large_image\" \/>\n<script type=\"application\/ld+json\" class=\"yoast-schema-graph\">{\"@context\":\"https:\/\/schema.org\",\"@graph\":[{\"@type\":\"WebPage\",\"@id\":\"https:\/\/csotrading.com\/product\/thermoresistances-pt-100-pt-1000-8\/\",\"url\":\"https:\/\/csotrading.com\/product\/thermoresistances-pt-100-pt-1000-8\/\",\"name\":\"(RTS) Bayonet Sonda Tipi - CSO TRADING\",\"isPartOf\":{\"@id\":\"https:\/\/csotrading.com\/#website\"},\"primaryImageOfPage\":{\"@id\":\"https:\/\/csotrading.com\/product\/thermoresistances-pt-100-pt-1000-8\/#primaryimage\"},\"image\":{\"@id\":\"https:\/\/csotrading.com\/product\/thermoresistances-pt-100-pt-1000-8\/#primaryimage\"},\"thumbnailUrl\":\"https:\/\/csotrading.com\/wp-content\/uploads\/2020\/06\/9.Thermoresistances-Pt-100-Pt-1000-.jpg\",\"datePublished\":\"2020-06-27T07:45:41+00:00\",\"dateModified\":\"2020-07-05T14:09:05+00:00\",\"breadcrumb\":{\"@id\":\"https:\/\/csotrading.com\/product\/thermoresistances-pt-100-pt-1000-8\/#breadcrumb\"},\"inLanguage\":\"tr\",\"potentialAction\":[{\"@type\":\"ReadAction\",\"target\":[\"https:\/\/csotrading.com\/product\/thermoresistances-pt-100-pt-1000-8\/\"]}]},{\"@type\":\"ImageObject\",\"inLanguage\":\"tr\",\"@id\":\"https:\/\/csotrading.com\/product\/thermoresistances-pt-100-pt-1000-8\/#primaryimage\",\"url\":\"https:\/\/csotrading.com\/wp-content\/uploads\/2020\/06\/9.Thermoresistances-Pt-100-Pt-1000-.jpg\",\"contentUrl\":\"https:\/\/csotrading.com\/wp-content\/uploads\/2020\/06\/9.Thermoresistances-Pt-100-Pt-1000-.jpg\",\"width\":1280,\"height\":720},{\"@type\":\"BreadcrumbList\",\"@id\":\"https:\/\/csotrading.com\/product\/thermoresistances-pt-100-pt-1000-8\/#breadcrumb\",\"itemListElement\":[{\"@type\":\"ListItem\",\"position\":1,\"name\":\"Home\",\"item\":\"https:\/\/csotrading.com\/tr\/\"},{\"@type\":\"ListItem\",\"position\":2,\"name\":\"Ma\u011faza\",\"item\":\"https:\/\/csotrading.com\/magaza\/\"},{\"@type\":\"ListItem\",\"position\":3,\"name\":\"(RTS) Bayonet Sonda Tipi\"}]},{\"@type\":\"WebSite\",\"@id\":\"https:\/\/csotrading.com\/#website\",\"url\":\"https:\/\/csotrading.com\/\",\"name\":\"CSO TRADING\",\"description\":\"\",\"potentialAction\":[{\"@type\":\"SearchAction\",\"target\":{\"@type\":\"EntryPoint\",\"urlTemplate\":\"https:\/\/csotrading.com\/?s={search_term_string}\"},\"query-input\":{\"@type\":\"PropertyValueSpecification\",\"valueRequired\":true,\"valueName\":\"search_term_string\"}}],\"inLanguage\":\"tr\"}]}<\/script>\n<!-- \/ Yoast SEO plugin. -->","yoast_head_json":{"title":"(RTS) Bayonet Sonda Tipi - CSO TRADING","robots":{"index":"index","follow":"follow","max-snippet":"max-snippet:-1","max-image-preview":"max-image-preview:large","max-video-preview":"max-video-preview:-1"},"canonical":"https:\/\/csotrading.com\/product\/thermoresistances-pt-100-pt-1000-8\/","og_locale":"tr_TR","og_type":"article","og_title":"(RTS) Bayonet Sonda Tipi - CSO TRADING","og_description":"Pt-100 Termorezistanslar","og_url":"https:\/\/csotrading.com\/product\/thermoresistances-pt-100-pt-1000-8\/","og_site_name":"CSO TRADING","article_modified_time":"2020-07-05T14:09:05+00:00","og_image":[{"width":1280,"height":720,"url":"https:\/\/csotrading.com\/wp-content\/uploads\/2020\/06\/9.Thermoresistances-Pt-100-Pt-1000-.jpg","type":"image\/jpeg"}],"twitter_card":"summary_large_image","schema":{"@context":"https:\/\/schema.org","@graph":[{"@type":"WebPage","@id":"https:\/\/csotrading.com\/product\/thermoresistances-pt-100-pt-1000-8\/","url":"https:\/\/csotrading.com\/product\/thermoresistances-pt-100-pt-1000-8\/","name":"(RTS) Bayonet Sonda Tipi - CSO TRADING","isPartOf":{"@id":"https:\/\/csotrading.com\/#website"},"primaryImageOfPage":{"@id":"https:\/\/csotrading.com\/product\/thermoresistances-pt-100-pt-1000-8\/#primaryimage"},"image":{"@id":"https:\/\/csotrading.com\/product\/thermoresistances-pt-100-pt-1000-8\/#primaryimage"},"thumbnailUrl":"https:\/\/csotrading.com\/wp-content\/uploads\/2020\/06\/9.Thermoresistances-Pt-100-Pt-1000-.jpg","datePublished":"2020-06-27T07:45:41+00:00","dateModified":"2020-07-05T14:09:05+00:00","breadcrumb":{"@id":"https:\/\/csotrading.com\/product\/thermoresistances-pt-100-pt-1000-8\/#breadcrumb"},"inLanguage":"tr","potentialAction":[{"@type":"ReadAction","target":["https:\/\/csotrading.com\/product\/thermoresistances-pt-100-pt-1000-8\/"]}]},{"@type":"ImageObject","inLanguage":"tr","@id":"https:\/\/csotrading.com\/product\/thermoresistances-pt-100-pt-1000-8\/#primaryimage","url":"https:\/\/csotrading.com\/wp-content\/uploads\/2020\/06\/9.Thermoresistances-Pt-100-Pt-1000-.jpg","contentUrl":"https:\/\/csotrading.com\/wp-content\/uploads\/2020\/06\/9.Thermoresistances-Pt-100-Pt-1000-.jpg","width":1280,"height":720},{"@type":"BreadcrumbList","@id":"https:\/\/csotrading.com\/product\/thermoresistances-pt-100-pt-1000-8\/#breadcrumb","itemListElement":[{"@type":"ListItem","position":1,"name":"Home","item":"https:\/\/csotrading.com\/tr\/"},{"@type":"ListItem","position":2,"name":"Ma\u011faza","item":"https:\/\/csotrading.com\/magaza\/"},{"@type":"ListItem","position":3,"name":"(RTS) Bayonet Sonda Tipi"}]},{"@type":"WebSite","@id":"https:\/\/csotrading.com\/#website","url":"https:\/\/csotrading.com\/","name":"CSO TRADING","description":"","potentialAction":[{"@type":"SearchAction","target":{"@type":"EntryPoint","urlTemplate":"https:\/\/csotrading.com\/?s={search_term_string}"},"query-input":{"@type":"PropertyValueSpecification","valueRequired":true,"valueName":"search_term_string"}}],"inLanguage":"tr"}]}},"_links":{"self":[{"href":"https:\/\/csotrading.com\/tr\/wp-json\/wp\/v2\/product\/4814"}],"collection":[{"href":"https:\/\/csotrading.com\/tr\/wp-json\/wp\/v2\/product"}],"about":[{"href":"https:\/\/csotrading.com\/tr\/wp-json\/wp\/v2\/types\/product"}],"replies":[{"embeddable":true,"href":"https:\/\/csotrading.com\/tr\/wp-json\/wp\/v2\/comments?post=4814"}],"wp:featuredmedia":[{"embeddable":true,"href":"https:\/\/csotrading.com\/tr\/wp-json\/wp\/v2\/media\/4206"}],"wp:attachment":[{"href":"https:\/\/csotrading.com\/tr\/wp-json\/wp\/v2\/media?parent=4814"}],"wp:term":[{"taxonomy":"product_brand","embeddable":true,"href":"https:\/\/csotrading.com\/tr\/wp-json\/wp\/v2\/product_brand?post=4814"},{"taxonomy":"product_cat","embeddable":true,"href":"https:\/\/csotrading.com\/tr\/wp-json\/wp\/v2\/product_cat?post=4814"},{"taxonomy":"product_tag","embeddable":true,"href":"https:\/\/csotrading.com\/tr\/wp-json\/wp\/v2\/product_tag?post=4814"}],"curies":[{"name":"wp","href":"https:\/\/api.w.org\/{rel}","templated":true}]}}