{"id":4813,"date":"2020-06-27T14:06:39","date_gmt":"2020-06-27T11:06:39","guid":{"rendered":"http:\/\/csotrading.com\/product\/esm-3711-hn\/"},"modified":"2020-07-05T17:05:16","modified_gmt":"2020-07-05T14:05:16","slug":"esm-3711-hn","status":"publish","type":"product","link":"https:\/\/csotrading.com\/tr\/product\/esm-3711-hn\/","title":{"rendered":"ESM-3711-HN"},"content":{"rendered":"<table>\n<tbody>\n<tr>\n<td><b>\u00d6zellikler<\/b><\/td>\n<td><b>A\u00e7\u0131klamalar<\/b><\/td>\n<\/tr>\n<tr>\n<td colspan=\"2\"><b>Fiziksel \u00d6zellikler<\/b><\/td>\n<\/tr>\n<tr>\n<td><b>\u00d6l\u00e7\u00fcler<\/b><\/td>\n<td>76mm x 34,5mm x 71mm<\/td>\n<\/tr>\n<tr>\n<td><b>Koruma S\u0131n\u0131f\u0131<\/b><\/td>\n<td>\u00d6nden IP65, arkadan IP20<\/td>\n<\/tr>\n<tr>\n<td><b>Montaj<\/b><\/td>\n<td>Sabit montaj<\/td>\n<\/tr>\n<tr>\n<td><b>Depolama S\u0131cakl\u0131\u011f\u0131<\/b><\/td>\n<td>-30\u00b0C ile +80\u00b0C<\/td>\n<\/tr>\n<tr>\n<td><b>Ba\u011f\u0131l Nem<\/b><\/td>\n<td>90 % max. (Yo\u011funla\u015fma Olmayan Ortamda)<\/td>\n<\/tr>\n<tr>\n<td colspan=\"2\"><b>Elektriksel \u00d6zellikler<\/b><\/td>\n<\/tr>\n<tr>\n<td><b>Besleme Gerilimi<\/b><\/td>\n<td>230 Vac (+%15) 50\/60 Hz. 1.5 VA<br \/>\n115 Vac(+%15) 50\/60 Hz. 1.5 VA<br \/>\n24 Vac(+%15) 50\/60 Hz. 1.5 VA<br \/>\n24 Vac\/dc (-%15, +%10) 50\/60 Hz. 1.5 VA<br \/>\n100-240Vac 50\/60Hz<br \/>\n10-30 Vdc<\/td>\n<\/tr>\n<tr>\n<td><b>Sens\u00f6r Giri\u015fi<\/b><\/td>\n<td>NTC, PTC,<br \/>\nNTC (10k ohm @.25 \u00b0C)<br \/>\nPTC(1000 ohm @.25 \u00b0C)<br \/>\nJ, K (IEC584.1)(ITS90)<br \/>\nPT-100, PT-1000 (IEC751)(ITS90)<\/td>\n<\/tr>\n<tr>\n<td><b>Opsiyonel Sens\u00f6r Giri\u015fi<\/b><\/td>\n<td><\/td>\n<\/tr>\n<tr>\n<td><b>Skala<\/b><\/td>\n<td>Fe CuNi 0\u00b0C&#8230;800\u00b0C<br \/>\nNiCr Ni 0\u00b0C&#8230;999\u00b0C<br \/>\nPTC -50\u00b0C&#8230;150\u00b0C \/ -19,9\u00b0C&#8230;99.9\u00b0C<br \/>\nNTC -50\u00b0C&#8230;100\u00b0C \/ -19,9\u00b0C&#8230;99.9\u00b0C<br \/>\nPT 100 \/ PT 1000 -50\u00b0C&#8230;400\u00b0C \/ -19,9\u00b0C&#8230;99.9\u00b0C<\/td>\n<\/tr>\n<tr>\n<td><b>Do\u011fruluk<\/b><\/td>\n<td>Termorezistans i\u00e7in Tam skalan\u0131n \u00b1% 1<\/td>\n<\/tr>\n<tr>\n<td colspan=\"2\"><b>\u00c7\u0131k\u0131\u015f<\/b><\/td>\n<\/tr>\n<tr>\n<td><b>R\u00f6le \u00c7\u0131k\u0131\u015f\u0131<\/b><\/td>\n<td>Rezistif y\u00fckte 16(8)A @ 250 Vac(Kompres\u00f6r \u00c7\u0131k\u0131\u015f\u0131)<\/td>\n<\/tr>\n<tr>\n<td><b>SSR \u00c7\u0131k\u0131\u015f\u0131<\/b><\/td>\n<td>20mA @ 17Vdc (Maksimum)<\/td>\n<\/tr>\n<tr>\n<td><b>Analog \u00c7\u0131k\u0131\u015f<\/b><\/td>\n<td><\/td>\n<\/tr>\n<tr>\n<td><b>Opsiyonel \u00c7\u0131k\u0131\u015flar<\/b><\/td>\n<td><\/td>\n<\/tr>\n<tr>\n<td colspan=\"2\"><b>Kontrol<\/b><\/td>\n<\/tr>\n<tr>\n<td><b>Kontrol Formu<\/b><\/td>\n<td>On \/ Off<\/td>\n<\/tr>\n<tr>\n<td><b>Okuma S\u0131kl\u0131\u011f\u0131<\/b><\/td>\n<td>Saniyede 3 okuma<\/td>\n<\/tr>\n<tr>\n<td><b>\u0130leti\u015fim Protokolleri<\/b><\/td>\n<td>RS-485, PROKEY Programlama Mod\u00fcl\u00fc<\/td>\n<\/tr>\n<tr>\n<td><b>Kalite Belgeleri<\/b><\/td>\n<td>EAC, CE<\/td>\n<\/tr>\n<\/tbody>\n<\/table>\n","protected":false},"excerpt":{"rendered":"<p><span class=\"txt b\">Dijital On\/Off Dahili Buzzerli S\u0131cakl\u0131k Kontrol Cihaz\u0131<\/span><\/p>\n<div><\/div>\n<p><span class=\"txt c\">4 Dijit g\u00f6stergeli<br \/>\nPi\u015firme s\u00fcresi(Timer), s\u0131cakl\u0131k set de\u011ferine ula\u015ft\u0131\u011f\u0131nda ba\u015flatabilme \u00f6zelli\u011fi<br \/>\nAyarlanabilir s\u0131cakl\u0131k ofseti<br \/>\nDahili Buzer ile sesli ikaz<br \/>\nON\/OFF s\u0131cakl\u0131k kontrol\u00fc<br \/>\nPTC, NTC termorezistans giri\u015f se\u00e7enekleri<br \/>\nFen-Const (J), NiCr-Ni (K) termokupl giri\u015f se\u00e7enekleri<br \/>\n2 Telli PT 100, PT 1000 giri\u015fi<br \/>\n(Sipari\u015fte belirtilmelidir.)<br \/>\n\u00d6n panelden kolayca ayarlanabilen pi\u015firme s\u00fcresi (Timer)<br \/>\nPi\u015firme s\u00fcresine (Timer) ba\u011fl\u0131 \u0131s\u0131tma kontrol\u00fc<br \/>\nManuel \u0131s\u0131tma fonksiyonu ile \u0131s\u0131tma kontrol\u00fc<br \/>\nModbus RTU ile uzaktan eri\u015fim, data toplama ve kontrol (Opsiyonel)<br \/>\nProkey ile parametre y\u00fckleme (Opsiyonel)<\/span><\/p>\n","protected":false},"featured_media":4209,"comment_status":"open","ping_status":"closed","template":"","meta":[],"product_brand":[],"product_cat":[373],"product_tag":[292,205,293],"class_list":{"0":"post-4813","1":"product","2":"type-product","3":"status-publish","4":"has-post-thumbnail","6":"product_cat-pisirme-firin","7":"product_tag-292","8":"product_tag-esm","9":"product_tag-hn","11":"first","12":"instock","13":"shipping-taxable","14":"product-type-simple"},"yoast_head":"<!-- This site is optimized with the Yoast SEO plugin v24.3 - https:\/\/yoast.com\/wordpress\/plugins\/seo\/ -->\n<title>ESM-3711-HN - CSO TRADING<\/title>\n<meta name=\"robots\" content=\"index, follow, max-snippet:-1, max-image-preview:large, max-video-preview:-1\" \/>\n<link rel=\"canonical\" href=\"https:\/\/csotrading.com\/tr\/product\/esm-3711-hn\/\" \/>\n<meta property=\"og:locale\" content=\"tr_TR\" \/>\n<meta property=\"og:type\" content=\"article\" \/>\n<meta property=\"og:title\" content=\"ESM-3711-HN - CSO TRADING\" \/>\n<meta property=\"og:description\" content=\"Dijital On\/Off Dahili Buzzerli S\u0131cakl\u0131k Kontrol Cihaz\u0131  4 Dijit g\u00f6stergeli Pi\u015firme s\u00fcresi(Timer), s\u0131cakl\u0131k set de\u011ferine ula\u015ft\u0131\u011f\u0131nda ba\u015flatabilme \u00f6zelli\u011fi Ayarlanabilir s\u0131cakl\u0131k ofseti Dahili Buzer ile sesli ikaz ON\/OFF s\u0131cakl\u0131k kontrol\u00fc PTC, NTC termorezistans giri\u015f se\u00e7enekleri Fen-Const (J), NiCr-Ni (K) termokupl giri\u015f se\u00e7enekleri 2 Telli PT 100, PT 1000 giri\u015fi (Sipari\u015fte belirtilmelidir.) \u00d6n panelden kolayca ayarlanabilen pi\u015firme s\u00fcresi (Timer) Pi\u015firme s\u00fcresine (Timer) ba\u011fl\u0131 \u0131s\u0131tma kontrol\u00fc Manuel \u0131s\u0131tma fonksiyonu ile \u0131s\u0131tma kontrol\u00fc Modbus RTU ile uzaktan eri\u015fim, data toplama ve kontrol (Opsiyonel) Prokey ile parametre y\u00fckleme (Opsiyonel)\" \/>\n<meta property=\"og:url\" content=\"https:\/\/csotrading.com\/tr\/product\/esm-3711-hn\/\" \/>\n<meta property=\"og:site_name\" content=\"CSO TRADING\" \/>\n<meta property=\"article:modified_time\" content=\"2020-07-05T14:05:16+00:00\" \/>\n<meta property=\"og:image\" content=\"https:\/\/csotrading.com\/wp-content\/uploads\/2020\/06\/ESM-3711-HN.jpg\" \/>\n\t<meta property=\"og:image:width\" content=\"1280\" \/>\n\t<meta property=\"og:image:height\" content=\"720\" \/>\n\t<meta property=\"og:image:type\" content=\"image\/jpeg\" \/>\n<meta name=\"twitter:card\" content=\"summary_large_image\" \/>\n<meta name=\"twitter:label1\" content=\"Tahmini okuma s\u00fcresi\" \/>\n\t<meta name=\"twitter:data1\" content=\"1 dakika\" \/>\n<script type=\"application\/ld+json\" class=\"yoast-schema-graph\">{\"@context\":\"https:\/\/schema.org\",\"@graph\":[{\"@type\":\"WebPage\",\"@id\":\"https:\/\/csotrading.com\/tr\/product\/esm-3711-hn\/\",\"url\":\"https:\/\/csotrading.com\/tr\/product\/esm-3711-hn\/\",\"name\":\"ESM-3711-HN - CSO TRADING\",\"isPartOf\":{\"@id\":\"https:\/\/csotrading.com\/#website\"},\"primaryImageOfPage\":{\"@id\":\"https:\/\/csotrading.com\/tr\/product\/esm-3711-hn\/#primaryimage\"},\"image\":{\"@id\":\"https:\/\/csotrading.com\/tr\/product\/esm-3711-hn\/#primaryimage\"},\"thumbnailUrl\":\"https:\/\/csotrading.com\/wp-content\/uploads\/2020\/06\/ESM-3711-HN.jpg\",\"datePublished\":\"2020-06-27T11:06:39+00:00\",\"dateModified\":\"2020-07-05T14:05:16+00:00\",\"breadcrumb\":{\"@id\":\"https:\/\/csotrading.com\/tr\/product\/esm-3711-hn\/#breadcrumb\"},\"inLanguage\":\"tr\",\"potentialAction\":[{\"@type\":\"ReadAction\",\"target\":[\"https:\/\/csotrading.com\/tr\/product\/esm-3711-hn\/\"]}]},{\"@type\":\"ImageObject\",\"inLanguage\":\"tr\",\"@id\":\"https:\/\/csotrading.com\/tr\/product\/esm-3711-hn\/#primaryimage\",\"url\":\"https:\/\/csotrading.com\/wp-content\/uploads\/2020\/06\/ESM-3711-HN.jpg\",\"contentUrl\":\"https:\/\/csotrading.com\/wp-content\/uploads\/2020\/06\/ESM-3711-HN.jpg\",\"width\":1280,\"height\":720},{\"@type\":\"BreadcrumbList\",\"@id\":\"https:\/\/csotrading.com\/tr\/product\/esm-3711-hn\/#breadcrumb\",\"itemListElement\":[{\"@type\":\"ListItem\",\"position\":1,\"name\":\"Home\",\"item\":\"https:\/\/csotrading.com\/tr\/\"},{\"@type\":\"ListItem\",\"position\":2,\"name\":\"Ma\u011faza\",\"item\":\"https:\/\/csotrading.com\/magaza\/\"},{\"@type\":\"ListItem\",\"position\":3,\"name\":\"ESM-3711-HN\"}]},{\"@type\":\"WebSite\",\"@id\":\"https:\/\/csotrading.com\/#website\",\"url\":\"https:\/\/csotrading.com\/\",\"name\":\"CSO TRADING\",\"description\":\"\",\"potentialAction\":[{\"@type\":\"SearchAction\",\"target\":{\"@type\":\"EntryPoint\",\"urlTemplate\":\"https:\/\/csotrading.com\/?s={search_term_string}\"},\"query-input\":{\"@type\":\"PropertyValueSpecification\",\"valueRequired\":true,\"valueName\":\"search_term_string\"}}],\"inLanguage\":\"tr\"}]}<\/script>\n<!-- \/ Yoast SEO plugin. -->","yoast_head_json":{"title":"ESM-3711-HN - CSO TRADING","robots":{"index":"index","follow":"follow","max-snippet":"max-snippet:-1","max-image-preview":"max-image-preview:large","max-video-preview":"max-video-preview:-1"},"canonical":"https:\/\/csotrading.com\/tr\/product\/esm-3711-hn\/","og_locale":"tr_TR","og_type":"article","og_title":"ESM-3711-HN - CSO TRADING","og_description":"Dijital On\/Off Dahili Buzzerli S\u0131cakl\u0131k Kontrol Cihaz\u0131  4 Dijit g\u00f6stergeli Pi\u015firme s\u00fcresi(Timer), s\u0131cakl\u0131k set de\u011ferine ula\u015ft\u0131\u011f\u0131nda ba\u015flatabilme \u00f6zelli\u011fi Ayarlanabilir s\u0131cakl\u0131k ofseti Dahili Buzer ile sesli ikaz ON\/OFF s\u0131cakl\u0131k kontrol\u00fc PTC, NTC termorezistans giri\u015f se\u00e7enekleri Fen-Const (J), NiCr-Ni (K) termokupl giri\u015f se\u00e7enekleri 2 Telli PT 100, PT 1000 giri\u015fi (Sipari\u015fte belirtilmelidir.) \u00d6n panelden kolayca ayarlanabilen pi\u015firme s\u00fcresi (Timer) Pi\u015firme s\u00fcresine (Timer) ba\u011fl\u0131 \u0131s\u0131tma kontrol\u00fc Manuel \u0131s\u0131tma fonksiyonu ile \u0131s\u0131tma kontrol\u00fc Modbus RTU ile uzaktan eri\u015fim, data toplama ve kontrol (Opsiyonel) Prokey ile parametre y\u00fckleme (Opsiyonel)","og_url":"https:\/\/csotrading.com\/tr\/product\/esm-3711-hn\/","og_site_name":"CSO TRADING","article_modified_time":"2020-07-05T14:05:16+00:00","og_image":[{"width":1280,"height":720,"url":"https:\/\/csotrading.com\/wp-content\/uploads\/2020\/06\/ESM-3711-HN.jpg","type":"image\/jpeg"}],"twitter_card":"summary_large_image","twitter_misc":{"Tahmini okuma s\u00fcresi":"1 dakika"},"schema":{"@context":"https:\/\/schema.org","@graph":[{"@type":"WebPage","@id":"https:\/\/csotrading.com\/tr\/product\/esm-3711-hn\/","url":"https:\/\/csotrading.com\/tr\/product\/esm-3711-hn\/","name":"ESM-3711-HN - CSO TRADING","isPartOf":{"@id":"https:\/\/csotrading.com\/#website"},"primaryImageOfPage":{"@id":"https:\/\/csotrading.com\/tr\/product\/esm-3711-hn\/#primaryimage"},"image":{"@id":"https:\/\/csotrading.com\/tr\/product\/esm-3711-hn\/#primaryimage"},"thumbnailUrl":"https:\/\/csotrading.com\/wp-content\/uploads\/2020\/06\/ESM-3711-HN.jpg","datePublished":"2020-06-27T11:06:39+00:00","dateModified":"2020-07-05T14:05:16+00:00","breadcrumb":{"@id":"https:\/\/csotrading.com\/tr\/product\/esm-3711-hn\/#breadcrumb"},"inLanguage":"tr","potentialAction":[{"@type":"ReadAction","target":["https:\/\/csotrading.com\/tr\/product\/esm-3711-hn\/"]}]},{"@type":"ImageObject","inLanguage":"tr","@id":"https:\/\/csotrading.com\/tr\/product\/esm-3711-hn\/#primaryimage","url":"https:\/\/csotrading.com\/wp-content\/uploads\/2020\/06\/ESM-3711-HN.jpg","contentUrl":"https:\/\/csotrading.com\/wp-content\/uploads\/2020\/06\/ESM-3711-HN.jpg","width":1280,"height":720},{"@type":"BreadcrumbList","@id":"https:\/\/csotrading.com\/tr\/product\/esm-3711-hn\/#breadcrumb","itemListElement":[{"@type":"ListItem","position":1,"name":"Home","item":"https:\/\/csotrading.com\/tr\/"},{"@type":"ListItem","position":2,"name":"Ma\u011faza","item":"https:\/\/csotrading.com\/magaza\/"},{"@type":"ListItem","position":3,"name":"ESM-3711-HN"}]},{"@type":"WebSite","@id":"https:\/\/csotrading.com\/#website","url":"https:\/\/csotrading.com\/","name":"CSO TRADING","description":"","potentialAction":[{"@type":"SearchAction","target":{"@type":"EntryPoint","urlTemplate":"https:\/\/csotrading.com\/?s={search_term_string}"},"query-input":{"@type":"PropertyValueSpecification","valueRequired":true,"valueName":"search_term_string"}}],"inLanguage":"tr"}]}},"_links":{"self":[{"href":"https:\/\/csotrading.com\/tr\/wp-json\/wp\/v2\/product\/4813"}],"collection":[{"href":"https:\/\/csotrading.com\/tr\/wp-json\/wp\/v2\/product"}],"about":[{"href":"https:\/\/csotrading.com\/tr\/wp-json\/wp\/v2\/types\/product"}],"replies":[{"embeddable":true,"href":"https:\/\/csotrading.com\/tr\/wp-json\/wp\/v2\/comments?post=4813"}],"wp:featuredmedia":[{"embeddable":true,"href":"https:\/\/csotrading.com\/tr\/wp-json\/wp\/v2\/media\/4209"}],"wp:attachment":[{"href":"https:\/\/csotrading.com\/tr\/wp-json\/wp\/v2\/media?parent=4813"}],"wp:term":[{"taxonomy":"product_brand","embeddable":true,"href":"https:\/\/csotrading.com\/tr\/wp-json\/wp\/v2\/product_brand?post=4813"},{"taxonomy":"product_cat","embeddable":true,"href":"https:\/\/csotrading.com\/tr\/wp-json\/wp\/v2\/product_cat?post=4813"},{"taxonomy":"product_tag","embeddable":true,"href":"https:\/\/csotrading.com\/tr\/wp-json\/wp\/v2\/product_tag?post=4813"}],"curies":[{"name":"wp","href":"https:\/\/api.w.org\/{rel}","templated":true}]}}