{"id":4810,"date":"2020-06-27T23:30:35","date_gmt":"2020-06-27T20:30:35","guid":{"rendered":"http:\/\/csotrading.com\/product\/epc-t10\/"},"modified":"2020-07-05T16:56:54","modified_gmt":"2020-07-05T13:56:54","slug":"epc-t10","status":"publish","type":"product","link":"https:\/\/csotrading.com\/tr\/product\/epc-t10\/","title":{"rendered":"EPC-T10"},"content":{"rendered":"<div class=\"print-area\">\n<div class=\"prod-technicals box all a\">\n<table>\n<tbody>\n<tr>\n<td><b>\u00d6zellikler<\/b><\/td>\n<td><b>A\u00e7\u0131klamalar<\/b><\/td>\n<\/tr>\n<tr>\n<td><b>Cihaz t\u00fcr\u00fc<\/b><\/td>\n<td>K\u00fcmes Otomasyon Cihaz\u0131<\/td>\n<\/tr>\n<tr>\n<td colspan=\"2\"><b>Fiziksel \u00d6zellikler<\/b><\/td>\n<\/tr>\n<tr>\n<td><b>Kontrol Kart\u0131<\/b><\/td>\n<td>280&#215;100 mm<\/td>\n<\/tr>\n<tr>\n<td><b>HMI<\/b><\/td>\n<td>168 X 117 MM<\/td>\n<\/tr>\n<tr>\n<td><b>A\u011f\u0131rl\u0131k \/ HMI<\/b><\/td>\n<td>292 G, Kontrol Kart\u0131 \/ 616 g.<\/td>\n<\/tr>\n<tr>\n<td><b>Ortam \u015eartlar\u0131<\/b><\/td>\n<td>Deniz seviyesinden 2000 metre y\u00fcksekli\u011fe<br \/>\nKadar, yo\u011fun nem olmayan ortamlarda.<\/td>\n<\/tr>\n<tr>\n<td><b>Stoklama S\u0131cakl\u0131\u011f\u0131 \/ \u00c7al\u0131\u015fma S\u0131cakl\u0131\u011f\u0131<\/b><\/td>\n<td>-20 \u00b0C ile +70 \u00b0C \/ 0 \u00b0C ile +50\u00b0C aras\u0131nda.<\/td>\n<\/tr>\n<tr>\n<td><b>Stoklama nem oran\u0131 \/ \u00c7al\u0131\u015fma nem oran\u0131<\/b><\/td>\n<td>90% max. (Yo\u011funla\u015fma olmayan ortamda)<\/td>\n<\/tr>\n<tr>\n<td><b>Montaj Tipi<\/b><\/td>\n<td>Sabit montaj kategorisi<\/td>\n<\/tr>\n<tr>\n<td><b>A\u015f\u0131r\u0131 Gerilim Kategorisi<\/b><\/td>\n<td>II.<\/td>\n<\/tr>\n<tr>\n<td><b>Elektriksel Kirlilik<\/b><\/td>\n<td>II. Ofis veya i\u015f ortam\u0131nda, iletken olmayan<br \/>\nKirlenmelerde.<\/td>\n<\/tr>\n<tr>\n<td><b>\u00c7al\u0131\u015fma periyodu<\/b><\/td>\n<td>S\u00fcrekli<\/td>\n<\/tr>\n<tr>\n<td><b>Cihaz Besleme Voltaj\u0131 ve G\u00fcc\u00fc<\/b><\/td>\n<td>18 VAC (-%15 \/ +%10) 50\/60 Hz. 25 VA<br \/>\n24 VDC (-%15 \/ +%10) 20 W<br \/>\n(HMI ve 1 adet Kontrol Kart\u0131 i\u00e7in)<\/td>\n<\/tr>\n<tr>\n<td><b>S\u0131cakl\u0131k Sens\u00f6r Giri\u015fleri<\/b><\/td>\n<td>PT-100 (IEC751)(ITS90), 0-10 V, 0-20 mA<\/td>\n<\/tr>\n<tr>\n<td><b>Do\u011fruluk<\/b><\/td>\n<td>Tam skalan\u0131n \u00b1 %0,25<\/td>\n<\/tr>\n<tr>\n<td><b>Sens\u00f6r Koptu Korumas\u0131<\/b><\/td>\n<td>Skalan\u0131n \u00fczerinde<\/td>\n<\/tr>\n<tr>\n<td><b>Okuma S\u0131kl\u0131\u011f\u0131<\/b><\/td>\n<td>600 ms<\/td>\n<\/tr>\n<tr>\n<td><b>Giri\u015f Direnci<\/b><\/td>\n<td>Pt100 giri\u015f tpi i\u00e7in&gt; 10MOhm<br \/>\n0-10 V giri\u015f tpi i\u00e7in 17 kOhm<\/td>\n<\/tr>\n<tr>\n<td><b>\u00c7\u0131k\u0131\u015flar<\/b><\/td>\n<td>R\u00f6le, 0-20 mA veya 0-10 V<\/td>\n<\/tr>\n<tr>\n<td><b>Analog \u00c7\u0131k\u0131\u015f<\/b><\/td>\n<td>0-20mA, 0-10V (maksimum 3 mA)<\/td>\n<\/tr>\n<tr>\n<td><b>R\u00f6le \u00c7\u0131k\u0131\u015f\u0131<\/b><\/td>\n<td>Rezistif Y\u00fckte 10A@250VAC<\/td>\n<\/tr>\n<tr>\n<td><b>Elektriksel \u00d6m\u00fcr<\/b><\/td>\n<td>Tam Y\u00fckte 50.000 Anahtarlama<\/td>\n<\/tr>\n<tr>\n<td><b>Standart Haberle\u015fme<\/b><\/td>\n<td>RS-232 (Modbus RTU<\/td>\n<\/tr>\n<tr>\n<td><b>Opsiyonel Haberle\u015fme<\/b><\/td>\n<td>10Mbits\/s Ethernet<br \/>\n(Modbus RTU Over TCP\/IP-Modbus<br \/>\nRTU TCP\/IP Se\u00e7ilebilir)<br \/>\n&#8221;1500 VAC izolasyonlu&#8221;<\/td>\n<\/tr>\n<tr>\n<td><b>G\u00f6sterge<\/b><\/td>\n<td>1024&#215;600 piksel TFT<\/td>\n<\/tr>\n<tr>\n<td><b>Uyumlu Standartlar<\/b><\/td>\n<td>CE, EAC<\/td>\n<\/tr>\n<\/tbody>\n<\/table>\n<\/div>\n<\/div>\n<div class=\"clr\"><\/div>\n","protected":false},"excerpt":{"rendered":"<p><span class=\"txt b\">K\u00fcmes Kontrol Cihaz\u0131<\/span><\/p>\n<div><\/div>\n<p><span class=\"txt c\">Prosesler i\u00e7in t\u00fcm kriterlerin \u00f6l\u00e7\u00fcm\u00fc, kriterleri, takibi ve analizleri:<br \/>\nLayer ; Yumurta \u00fcretimi<br \/>\nBroiler ; Lezzetli ve keliteli kesimlik pili\u00e7 \u00fcretimi<br \/>\nBreeder ; Dam\u0131zl\u0131k kanatl\u0131 hayvan \u00fcretimi<\/span><\/p>\n","protected":false},"featured_media":4257,"comment_status":"open","ping_status":"closed","template":"","meta":[],"product_brand":[],"product_cat":[390],"product_tag":[344,345],"class_list":{"0":"post-4810","1":"product","2":"type-product","3":"status-publish","4":"has-post-thumbnail","6":"product_cat-epc-serisi","7":"product_tag-epc","8":"product_tag-t10","10":"first","11":"instock","12":"shipping-taxable","13":"product-type-simple"},"yoast_head":"<!-- This site is optimized with the Yoast SEO plugin v24.3 - https:\/\/yoast.com\/wordpress\/plugins\/seo\/ -->\n<title>EPC-T10 - CSO TRADING<\/title>\n<meta name=\"robots\" content=\"index, follow, max-snippet:-1, max-image-preview:large, max-video-preview:-1\" \/>\n<link rel=\"canonical\" href=\"https:\/\/csotrading.com\/tr\/product\/epc-t10\/\" \/>\n<meta property=\"og:locale\" content=\"tr_TR\" \/>\n<meta property=\"og:type\" content=\"article\" \/>\n<meta property=\"og:title\" content=\"EPC-T10 - CSO TRADING\" \/>\n<meta property=\"og:description\" content=\"K\u00fcmes Kontrol Cihaz\u0131  Prosesler i\u00e7in t\u00fcm kriterlerin \u00f6l\u00e7\u00fcm\u00fc, kriterleri, takibi ve analizleri: Layer ; Yumurta \u00fcretimi Broiler ; Lezzetli ve keliteli kesimlik pili\u00e7 \u00fcretimi Breeder ; Dam\u0131zl\u0131k kanatl\u0131 hayvan \u00fcretimi\" \/>\n<meta property=\"og:url\" content=\"https:\/\/csotrading.com\/tr\/product\/epc-t10\/\" \/>\n<meta property=\"og:site_name\" content=\"CSO TRADING\" \/>\n<meta property=\"article:modified_time\" content=\"2020-07-05T13:56:54+00:00\" \/>\n<meta property=\"og:image\" content=\"https:\/\/csotrading.com\/wp-content\/uploads\/2020\/06\/EPC-T10.jpg\" \/>\n\t<meta property=\"og:image:width\" content=\"1280\" \/>\n\t<meta property=\"og:image:height\" content=\"720\" \/>\n\t<meta property=\"og:image:type\" content=\"image\/jpeg\" \/>\n<meta name=\"twitter:card\" content=\"summary_large_image\" \/>\n<meta name=\"twitter:label1\" content=\"Tahmini okuma s\u00fcresi\" \/>\n\t<meta name=\"twitter:data1\" content=\"1 dakika\" \/>\n<script type=\"application\/ld+json\" class=\"yoast-schema-graph\">{\"@context\":\"https:\/\/schema.org\",\"@graph\":[{\"@type\":\"WebPage\",\"@id\":\"https:\/\/csotrading.com\/tr\/product\/epc-t10\/\",\"url\":\"https:\/\/csotrading.com\/tr\/product\/epc-t10\/\",\"name\":\"EPC-T10 - CSO TRADING\",\"isPartOf\":{\"@id\":\"https:\/\/csotrading.com\/#website\"},\"primaryImageOfPage\":{\"@id\":\"https:\/\/csotrading.com\/tr\/product\/epc-t10\/#primaryimage\"},\"image\":{\"@id\":\"https:\/\/csotrading.com\/tr\/product\/epc-t10\/#primaryimage\"},\"thumbnailUrl\":\"https:\/\/csotrading.com\/wp-content\/uploads\/2020\/06\/EPC-T10.jpg\",\"datePublished\":\"2020-06-27T20:30:35+00:00\",\"dateModified\":\"2020-07-05T13:56:54+00:00\",\"breadcrumb\":{\"@id\":\"https:\/\/csotrading.com\/tr\/product\/epc-t10\/#breadcrumb\"},\"inLanguage\":\"tr\",\"potentialAction\":[{\"@type\":\"ReadAction\",\"target\":[\"https:\/\/csotrading.com\/tr\/product\/epc-t10\/\"]}]},{\"@type\":\"ImageObject\",\"inLanguage\":\"tr\",\"@id\":\"https:\/\/csotrading.com\/tr\/product\/epc-t10\/#primaryimage\",\"url\":\"https:\/\/csotrading.com\/wp-content\/uploads\/2020\/06\/EPC-T10.jpg\",\"contentUrl\":\"https:\/\/csotrading.com\/wp-content\/uploads\/2020\/06\/EPC-T10.jpg\",\"width\":1280,\"height\":720},{\"@type\":\"BreadcrumbList\",\"@id\":\"https:\/\/csotrading.com\/tr\/product\/epc-t10\/#breadcrumb\",\"itemListElement\":[{\"@type\":\"ListItem\",\"position\":1,\"name\":\"Home\",\"item\":\"https:\/\/csotrading.com\/tr\/\"},{\"@type\":\"ListItem\",\"position\":2,\"name\":\"Ma\u011faza\",\"item\":\"https:\/\/csotrading.com\/magaza\/\"},{\"@type\":\"ListItem\",\"position\":3,\"name\":\"EPC-T10\"}]},{\"@type\":\"WebSite\",\"@id\":\"https:\/\/csotrading.com\/#website\",\"url\":\"https:\/\/csotrading.com\/\",\"name\":\"CSO TRADING\",\"description\":\"\",\"potentialAction\":[{\"@type\":\"SearchAction\",\"target\":{\"@type\":\"EntryPoint\",\"urlTemplate\":\"https:\/\/csotrading.com\/?s={search_term_string}\"},\"query-input\":{\"@type\":\"PropertyValueSpecification\",\"valueRequired\":true,\"valueName\":\"search_term_string\"}}],\"inLanguage\":\"tr\"}]}<\/script>\n<!-- \/ Yoast SEO plugin. -->","yoast_head_json":{"title":"EPC-T10 - CSO TRADING","robots":{"index":"index","follow":"follow","max-snippet":"max-snippet:-1","max-image-preview":"max-image-preview:large","max-video-preview":"max-video-preview:-1"},"canonical":"https:\/\/csotrading.com\/tr\/product\/epc-t10\/","og_locale":"tr_TR","og_type":"article","og_title":"EPC-T10 - CSO TRADING","og_description":"K\u00fcmes Kontrol Cihaz\u0131  Prosesler i\u00e7in t\u00fcm kriterlerin \u00f6l\u00e7\u00fcm\u00fc, kriterleri, takibi ve analizleri: Layer ; Yumurta \u00fcretimi Broiler ; Lezzetli ve keliteli kesimlik pili\u00e7 \u00fcretimi Breeder ; Dam\u0131zl\u0131k kanatl\u0131 hayvan \u00fcretimi","og_url":"https:\/\/csotrading.com\/tr\/product\/epc-t10\/","og_site_name":"CSO TRADING","article_modified_time":"2020-07-05T13:56:54+00:00","og_image":[{"width":1280,"height":720,"url":"https:\/\/csotrading.com\/wp-content\/uploads\/2020\/06\/EPC-T10.jpg","type":"image\/jpeg"}],"twitter_card":"summary_large_image","twitter_misc":{"Tahmini okuma s\u00fcresi":"1 dakika"},"schema":{"@context":"https:\/\/schema.org","@graph":[{"@type":"WebPage","@id":"https:\/\/csotrading.com\/tr\/product\/epc-t10\/","url":"https:\/\/csotrading.com\/tr\/product\/epc-t10\/","name":"EPC-T10 - CSO TRADING","isPartOf":{"@id":"https:\/\/csotrading.com\/#website"},"primaryImageOfPage":{"@id":"https:\/\/csotrading.com\/tr\/product\/epc-t10\/#primaryimage"},"image":{"@id":"https:\/\/csotrading.com\/tr\/product\/epc-t10\/#primaryimage"},"thumbnailUrl":"https:\/\/csotrading.com\/wp-content\/uploads\/2020\/06\/EPC-T10.jpg","datePublished":"2020-06-27T20:30:35+00:00","dateModified":"2020-07-05T13:56:54+00:00","breadcrumb":{"@id":"https:\/\/csotrading.com\/tr\/product\/epc-t10\/#breadcrumb"},"inLanguage":"tr","potentialAction":[{"@type":"ReadAction","target":["https:\/\/csotrading.com\/tr\/product\/epc-t10\/"]}]},{"@type":"ImageObject","inLanguage":"tr","@id":"https:\/\/csotrading.com\/tr\/product\/epc-t10\/#primaryimage","url":"https:\/\/csotrading.com\/wp-content\/uploads\/2020\/06\/EPC-T10.jpg","contentUrl":"https:\/\/csotrading.com\/wp-content\/uploads\/2020\/06\/EPC-T10.jpg","width":1280,"height":720},{"@type":"BreadcrumbList","@id":"https:\/\/csotrading.com\/tr\/product\/epc-t10\/#breadcrumb","itemListElement":[{"@type":"ListItem","position":1,"name":"Home","item":"https:\/\/csotrading.com\/tr\/"},{"@type":"ListItem","position":2,"name":"Ma\u011faza","item":"https:\/\/csotrading.com\/magaza\/"},{"@type":"ListItem","position":3,"name":"EPC-T10"}]},{"@type":"WebSite","@id":"https:\/\/csotrading.com\/#website","url":"https:\/\/csotrading.com\/","name":"CSO TRADING","description":"","potentialAction":[{"@type":"SearchAction","target":{"@type":"EntryPoint","urlTemplate":"https:\/\/csotrading.com\/?s={search_term_string}"},"query-input":{"@type":"PropertyValueSpecification","valueRequired":true,"valueName":"search_term_string"}}],"inLanguage":"tr"}]}},"_links":{"self":[{"href":"https:\/\/csotrading.com\/tr\/wp-json\/wp\/v2\/product\/4810"}],"collection":[{"href":"https:\/\/csotrading.com\/tr\/wp-json\/wp\/v2\/product"}],"about":[{"href":"https:\/\/csotrading.com\/tr\/wp-json\/wp\/v2\/types\/product"}],"replies":[{"embeddable":true,"href":"https:\/\/csotrading.com\/tr\/wp-json\/wp\/v2\/comments?post=4810"}],"wp:featuredmedia":[{"embeddable":true,"href":"https:\/\/csotrading.com\/tr\/wp-json\/wp\/v2\/media\/4257"}],"wp:attachment":[{"href":"https:\/\/csotrading.com\/tr\/wp-json\/wp\/v2\/media?parent=4810"}],"wp:term":[{"taxonomy":"product_brand","embeddable":true,"href":"https:\/\/csotrading.com\/tr\/wp-json\/wp\/v2\/product_brand?post=4810"},{"taxonomy":"product_cat","embeddable":true,"href":"https:\/\/csotrading.com\/tr\/wp-json\/wp\/v2\/product_cat?post=4810"},{"taxonomy":"product_tag","embeddable":true,"href":"https:\/\/csotrading.com\/tr\/wp-json\/wp\/v2\/product_tag?post=4810"}],"curies":[{"name":"wp","href":"https:\/\/api.w.org\/{rel}","templated":true}]}}