{"id":4808,"date":"2020-06-27T23:45:02","date_gmt":"2020-06-27T20:45:02","guid":{"rendered":"http:\/\/csotrading.com\/product\/esm-3722\/"},"modified":"2020-07-10T22:53:31","modified_gmt":"2020-07-10T19:53:31","slug":"esm-3722","status":"publish","type":"product","link":"https:\/\/csotrading.com\/tr\/product\/esm-3722\/","title":{"rendered":"ESM-3722"},"content":{"rendered":"<table>\n<tbody>\n<tr>\n<td><b>\u00d6zellikler<\/b><\/td>\n<td><b>A\u00e7\u0131klamalar<\/b><\/td>\n<\/tr>\n<tr>\n<td colspan=\"2\"><b>Fiziksel \u00d6zellikler<\/b><\/td>\n<\/tr>\n<tr>\n<td><b>\u00d6l\u00e7\u00fcler<\/b><\/td>\n<td>76 mm x 34,5 mm x 71 mm<\/td>\n<\/tr>\n<tr>\n<td><b>Koruma S\u0131n\u0131f\u0131<\/b><\/td>\n<td>NEMA 4X (IP65 \u00f6n, IP20 arka)<\/td>\n<\/tr>\n<tr>\n<td><b>Montaj<\/b><\/td>\n<td>Sabit montaj<\/td>\n<\/tr>\n<tr>\n<td><b>Depolama \/ \u00c7al\u0131\u015fma S\u0131cakl\u0131\u011f\u0131<\/b><\/td>\n<td>-40\u00b0C to +85\u00b0C \/ 0\u00b0C to +50\u00b0C<\/td>\n<\/tr>\n<tr>\n<td><b>Ba\u011f\u0131l Nem<\/b><\/td>\n<td>90 % max. (Yo\u011funla\u015fma Olmayan Ortamda)<\/td>\n<\/tr>\n<tr>\n<td colspan=\"2\"><b>Elektriksel \u00d6zellikler<\/b><\/td>\n<\/tr>\n<tr>\n<td><b>Besleme Gerilimi<\/b><\/td>\n<td>24 Vac (\u00b1%15) 50\/60 Hz. 1.5 VA<br \/>\n115 Vac (\u00b1%15) 50\/60 Hz. 1.5 VA<br \/>\n230 Vac (\u00b1%15) 50\/60 Hz. 1.5 VA<br \/>\n10-30Vdc 1.5W<\/td>\n<\/tr>\n<tr>\n<td><b>Sens\u00f6r Giri\u015fi<\/b><\/td>\n<td>NTC, PTC, PT-100, 0\/2&#8230;10Vdc, 0\/4..20mAdc veya<br \/>\nPronem Mini PMI-P<\/td>\n<\/tr>\n<tr>\n<td><b>Opsiyonel Sens\u00f6r Giri\u015fi<\/b><\/td>\n<td><\/td>\n<\/tr>\n<tr>\n<td><b>Skala<\/b><\/td>\n<td><\/td>\n<\/tr>\n<tr>\n<td><b>Do\u011fruluk<\/b><\/td>\n<td>Tam skalan\u0131n \u00b1 % 1<\/td>\n<\/tr>\n<tr>\n<td colspan=\"2\"><b>\u00c7\u0131k\u0131\u015f<\/b><\/td>\n<\/tr>\n<tr>\n<td><b>R\u00f6le \u00c7\u0131k\u0131\u015f\u0131<\/b><\/td>\n<td>Rezistif y\u00fckte 5A@250 Vac(\u0131s\u0131tma \u00e7\u0131k\u0131\u015f\u0131)<br \/>\nRezistif y\u00fckte 3A@250 Vac (yumurta raf \u00e7evirici, alarm ve nem \u00e7\u0131k\u0131\u015f\u0131)<br \/>\nNem sens\u00f6r\u00fc 1 ile 10 (0%RH, 100%RH)<\/td>\n<\/tr>\n<tr>\n<td><b>SSR \u00c7\u0131k\u0131\u015f\u0131<\/b><\/td>\n<td>Maksimum 30mA, Maksimum 15V<\/td>\n<\/tr>\n<tr>\n<td><b>Analog \u00c7\u0131k\u0131\u015f<\/b><\/td>\n<td><\/td>\n<\/tr>\n<tr>\n<td><b>Opsiyonel \u00c7\u0131k\u0131\u015flar<\/b><\/td>\n<td><\/td>\n<\/tr>\n<tr>\n<td colspan=\"2\"><b>Kontrol<\/b><\/td>\n<\/tr>\n<tr>\n<td><b>Kontrol Formu<\/b><\/td>\n<td>On \/ Off ve PID<\/td>\n<\/tr>\n<tr>\n<td><b>Okuma S\u0131kl\u0131\u011f\u0131<\/b><\/td>\n<td><\/td>\n<\/tr>\n<tr>\n<td><b>\u0130leti\u015fim Protokolleri<\/b><\/td>\n<td><\/td>\n<\/tr>\n<tr>\n<td><b>Kalite Belgeleri<\/b><\/td>\n<td>EAC, CE<\/td>\n<\/tr>\n<\/tbody>\n<\/table>\n","protected":false},"excerpt":{"rendered":"<p><span class=\"txt b\">Dijital ON\/OFF ve PID Kulu\u00e7ka Kontrol Cihaz\u0131<\/span><\/p>\n<div><\/div>\n<p><span class=\"txt c\">S\u0131cakl\u0131k Sens\u00f6r Giri\u015fi<br \/>\n(NTC, PTC, PT-100 veya ProNem Mini PMI-D)<br \/>\nAuto-Tune PID<br \/>\nNem sens\u00f6r giri\u015fi<br \/>\n(0\/2..10V, 0\/4..20mA veya ProNem Mini PMI-D)<br \/>\nOtomatik Yumurta Raf \u00c7evirme i\u015flemi<br \/>\n4 Dijit s\u0131cakl\u0131k g\u00f6stergeli, 4Dijit Nem g\u00f6stergeli<br \/>\nKontrol \u00c7\u0131k\u0131\u015flar\u0131<br \/>\nIs\u0131tma Kontrol\u00fc, Yumurta Raf \u00c7evirci,<br \/>\nNemlendirme Kontrol\u00fc, Alarm Kontrol \u00c7\u0131k\u0131\u015flar\u0131<br \/>\nR\u00f6le veya SSR \u00c7\u0131k\u0131\u015flar\u0131 (Sipari\u015fte belirtilmelidir.)<br \/>\nPID veya ON \/ OFF Se\u00e7ilebilir S\u0131cakl\u0131k Kontrol<br \/>\nSet de\u011feri s\u0131n\u0131rland\u0131rmas\u0131<\/span><\/p>\n","protected":false},"featured_media":4263,"comment_status":"open","ping_status":"closed","template":"","meta":[],"product_brand":[],"product_cat":[377],"product_tag":[347,205],"class_list":{"0":"post-4808","1":"product","2":"type-product","3":"status-publish","4":"has-post-thumbnail","6":"product_cat-kulucka-kontrol-cihazi","7":"product_tag-347","8":"product_tag-esm","10":"first","11":"instock","12":"shipping-taxable","13":"product-type-simple"},"yoast_head":"<!-- This site is optimized with the Yoast SEO plugin v24.3 - https:\/\/yoast.com\/wordpress\/plugins\/seo\/ -->\n<title>ESM-3722 - CSO TRADING<\/title>\n<meta name=\"robots\" content=\"index, follow, max-snippet:-1, max-image-preview:large, max-video-preview:-1\" \/>\n<link rel=\"canonical\" href=\"https:\/\/csotrading.com\/tr\/product\/esm-3722\/\" \/>\n<meta property=\"og:locale\" content=\"tr_TR\" \/>\n<meta property=\"og:type\" content=\"article\" \/>\n<meta property=\"og:title\" content=\"ESM-3722 - CSO TRADING\" \/>\n<meta property=\"og:description\" content=\"Dijital ON\/OFF ve PID Kulu\u00e7ka Kontrol Cihaz\u0131  S\u0131cakl\u0131k Sens\u00f6r Giri\u015fi (NTC, PTC, PT-100 veya ProNem Mini PMI-D) Auto-Tune PID Nem sens\u00f6r giri\u015fi (0\/2..10V, 0\/4..20mA veya ProNem Mini PMI-D) Otomatik Yumurta Raf \u00c7evirme i\u015flemi 4 Dijit s\u0131cakl\u0131k g\u00f6stergeli, 4Dijit Nem g\u00f6stergeli Kontrol \u00c7\u0131k\u0131\u015flar\u0131 Is\u0131tma Kontrol\u00fc, Yumurta Raf \u00c7evirci, Nemlendirme Kontrol\u00fc, Alarm Kontrol \u00c7\u0131k\u0131\u015flar\u0131 R\u00f6le veya SSR \u00c7\u0131k\u0131\u015flar\u0131 (Sipari\u015fte belirtilmelidir.) PID veya ON \/ OFF Se\u00e7ilebilir S\u0131cakl\u0131k Kontrol Set de\u011feri s\u0131n\u0131rland\u0131rmas\u0131\" \/>\n<meta property=\"og:url\" content=\"https:\/\/csotrading.com\/tr\/product\/esm-3722\/\" \/>\n<meta property=\"og:site_name\" content=\"CSO TRADING\" \/>\n<meta property=\"article:modified_time\" content=\"2020-07-10T19:53:31+00:00\" \/>\n<meta property=\"og:image\" content=\"https:\/\/csotrading.com\/wp-content\/uploads\/2020\/06\/ESM-3722.jpg\" \/>\n\t<meta property=\"og:image:width\" content=\"1280\" \/>\n\t<meta property=\"og:image:height\" content=\"720\" \/>\n\t<meta property=\"og:image:type\" content=\"image\/jpeg\" \/>\n<meta name=\"twitter:card\" content=\"summary_large_image\" \/>\n<meta name=\"twitter:label1\" content=\"Tahmini okuma s\u00fcresi\" \/>\n\t<meta name=\"twitter:data1\" content=\"1 dakika\" \/>\n<script type=\"application\/ld+json\" class=\"yoast-schema-graph\">{\"@context\":\"https:\/\/schema.org\",\"@graph\":[{\"@type\":\"WebPage\",\"@id\":\"https:\/\/csotrading.com\/tr\/product\/esm-3722\/\",\"url\":\"https:\/\/csotrading.com\/tr\/product\/esm-3722\/\",\"name\":\"ESM-3722 - CSO TRADING\",\"isPartOf\":{\"@id\":\"https:\/\/csotrading.com\/#website\"},\"primaryImageOfPage\":{\"@id\":\"https:\/\/csotrading.com\/tr\/product\/esm-3722\/#primaryimage\"},\"image\":{\"@id\":\"https:\/\/csotrading.com\/tr\/product\/esm-3722\/#primaryimage\"},\"thumbnailUrl\":\"https:\/\/csotrading.com\/wp-content\/uploads\/2020\/06\/ESM-3722.jpg\",\"datePublished\":\"2020-06-27T20:45:02+00:00\",\"dateModified\":\"2020-07-10T19:53:31+00:00\",\"breadcrumb\":{\"@id\":\"https:\/\/csotrading.com\/tr\/product\/esm-3722\/#breadcrumb\"},\"inLanguage\":\"tr\",\"potentialAction\":[{\"@type\":\"ReadAction\",\"target\":[\"https:\/\/csotrading.com\/tr\/product\/esm-3722\/\"]}]},{\"@type\":\"ImageObject\",\"inLanguage\":\"tr\",\"@id\":\"https:\/\/csotrading.com\/tr\/product\/esm-3722\/#primaryimage\",\"url\":\"https:\/\/csotrading.com\/wp-content\/uploads\/2020\/06\/ESM-3722.jpg\",\"contentUrl\":\"https:\/\/csotrading.com\/wp-content\/uploads\/2020\/06\/ESM-3722.jpg\",\"width\":1280,\"height\":720},{\"@type\":\"BreadcrumbList\",\"@id\":\"https:\/\/csotrading.com\/tr\/product\/esm-3722\/#breadcrumb\",\"itemListElement\":[{\"@type\":\"ListItem\",\"position\":1,\"name\":\"Home\",\"item\":\"https:\/\/csotrading.com\/tr\/\"},{\"@type\":\"ListItem\",\"position\":2,\"name\":\"Ma\u011faza\",\"item\":\"https:\/\/csotrading.com\/magaza\/\"},{\"@type\":\"ListItem\",\"position\":3,\"name\":\"ESM-3722\"}]},{\"@type\":\"WebSite\",\"@id\":\"https:\/\/csotrading.com\/#website\",\"url\":\"https:\/\/csotrading.com\/\",\"name\":\"CSO TRADING\",\"description\":\"\",\"potentialAction\":[{\"@type\":\"SearchAction\",\"target\":{\"@type\":\"EntryPoint\",\"urlTemplate\":\"https:\/\/csotrading.com\/?s={search_term_string}\"},\"query-input\":{\"@type\":\"PropertyValueSpecification\",\"valueRequired\":true,\"valueName\":\"search_term_string\"}}],\"inLanguage\":\"tr\"}]}<\/script>\n<!-- \/ Yoast SEO plugin. -->","yoast_head_json":{"title":"ESM-3722 - CSO TRADING","robots":{"index":"index","follow":"follow","max-snippet":"max-snippet:-1","max-image-preview":"max-image-preview:large","max-video-preview":"max-video-preview:-1"},"canonical":"https:\/\/csotrading.com\/tr\/product\/esm-3722\/","og_locale":"tr_TR","og_type":"article","og_title":"ESM-3722 - CSO TRADING","og_description":"Dijital ON\/OFF ve PID Kulu\u00e7ka Kontrol Cihaz\u0131  S\u0131cakl\u0131k Sens\u00f6r Giri\u015fi (NTC, PTC, PT-100 veya ProNem Mini PMI-D) Auto-Tune PID Nem sens\u00f6r giri\u015fi (0\/2..10V, 0\/4..20mA veya ProNem Mini PMI-D) Otomatik Yumurta Raf \u00c7evirme i\u015flemi 4 Dijit s\u0131cakl\u0131k g\u00f6stergeli, 4Dijit Nem g\u00f6stergeli Kontrol \u00c7\u0131k\u0131\u015flar\u0131 Is\u0131tma Kontrol\u00fc, Yumurta Raf \u00c7evirci, Nemlendirme Kontrol\u00fc, Alarm Kontrol \u00c7\u0131k\u0131\u015flar\u0131 R\u00f6le veya SSR \u00c7\u0131k\u0131\u015flar\u0131 (Sipari\u015fte belirtilmelidir.) PID veya ON \/ OFF Se\u00e7ilebilir S\u0131cakl\u0131k Kontrol Set de\u011feri s\u0131n\u0131rland\u0131rmas\u0131","og_url":"https:\/\/csotrading.com\/tr\/product\/esm-3722\/","og_site_name":"CSO TRADING","article_modified_time":"2020-07-10T19:53:31+00:00","og_image":[{"width":1280,"height":720,"url":"https:\/\/csotrading.com\/wp-content\/uploads\/2020\/06\/ESM-3722.jpg","type":"image\/jpeg"}],"twitter_card":"summary_large_image","twitter_misc":{"Tahmini okuma s\u00fcresi":"1 dakika"},"schema":{"@context":"https:\/\/schema.org","@graph":[{"@type":"WebPage","@id":"https:\/\/csotrading.com\/tr\/product\/esm-3722\/","url":"https:\/\/csotrading.com\/tr\/product\/esm-3722\/","name":"ESM-3722 - CSO TRADING","isPartOf":{"@id":"https:\/\/csotrading.com\/#website"},"primaryImageOfPage":{"@id":"https:\/\/csotrading.com\/tr\/product\/esm-3722\/#primaryimage"},"image":{"@id":"https:\/\/csotrading.com\/tr\/product\/esm-3722\/#primaryimage"},"thumbnailUrl":"https:\/\/csotrading.com\/wp-content\/uploads\/2020\/06\/ESM-3722.jpg","datePublished":"2020-06-27T20:45:02+00:00","dateModified":"2020-07-10T19:53:31+00:00","breadcrumb":{"@id":"https:\/\/csotrading.com\/tr\/product\/esm-3722\/#breadcrumb"},"inLanguage":"tr","potentialAction":[{"@type":"ReadAction","target":["https:\/\/csotrading.com\/tr\/product\/esm-3722\/"]}]},{"@type":"ImageObject","inLanguage":"tr","@id":"https:\/\/csotrading.com\/tr\/product\/esm-3722\/#primaryimage","url":"https:\/\/csotrading.com\/wp-content\/uploads\/2020\/06\/ESM-3722.jpg","contentUrl":"https:\/\/csotrading.com\/wp-content\/uploads\/2020\/06\/ESM-3722.jpg","width":1280,"height":720},{"@type":"BreadcrumbList","@id":"https:\/\/csotrading.com\/tr\/product\/esm-3722\/#breadcrumb","itemListElement":[{"@type":"ListItem","position":1,"name":"Home","item":"https:\/\/csotrading.com\/tr\/"},{"@type":"ListItem","position":2,"name":"Ma\u011faza","item":"https:\/\/csotrading.com\/magaza\/"},{"@type":"ListItem","position":3,"name":"ESM-3722"}]},{"@type":"WebSite","@id":"https:\/\/csotrading.com\/#website","url":"https:\/\/csotrading.com\/","name":"CSO TRADING","description":"","potentialAction":[{"@type":"SearchAction","target":{"@type":"EntryPoint","urlTemplate":"https:\/\/csotrading.com\/?s={search_term_string}"},"query-input":{"@type":"PropertyValueSpecification","valueRequired":true,"valueName":"search_term_string"}}],"inLanguage":"tr"}]}},"_links":{"self":[{"href":"https:\/\/csotrading.com\/tr\/wp-json\/wp\/v2\/product\/4808"}],"collection":[{"href":"https:\/\/csotrading.com\/tr\/wp-json\/wp\/v2\/product"}],"about":[{"href":"https:\/\/csotrading.com\/tr\/wp-json\/wp\/v2\/types\/product"}],"replies":[{"embeddable":true,"href":"https:\/\/csotrading.com\/tr\/wp-json\/wp\/v2\/comments?post=4808"}],"wp:featuredmedia":[{"embeddable":true,"href":"https:\/\/csotrading.com\/tr\/wp-json\/wp\/v2\/media\/4263"}],"wp:attachment":[{"href":"https:\/\/csotrading.com\/tr\/wp-json\/wp\/v2\/media?parent=4808"}],"wp:term":[{"taxonomy":"product_brand","embeddable":true,"href":"https:\/\/csotrading.com\/tr\/wp-json\/wp\/v2\/product_brand?post=4808"},{"taxonomy":"product_cat","embeddable":true,"href":"https:\/\/csotrading.com\/tr\/wp-json\/wp\/v2\/product_cat?post=4808"},{"taxonomy":"product_tag","embeddable":true,"href":"https:\/\/csotrading.com\/tr\/wp-json\/wp\/v2\/product_tag?post=4808"}],"curies":[{"name":"wp","href":"https:\/\/api.w.org\/{rel}","templated":true}]}}