{"id":4807,"date":"2020-06-27T23:52:48","date_gmt":"2020-06-27T20:52:48","guid":{"rendered":"http:\/\/csotrading.com\/product\/egg-hatcher\/"},"modified":"2020-07-05T16:50:06","modified_gmt":"2020-07-05T13:50:06","slug":"egg-hatcher","status":"publish","type":"product","link":"https:\/\/csotrading.com\/tr\/product\/egg-hatcher\/","title":{"rendered":"EGG HATCHER"},"content":{"rendered":"<div class=\"print-area\">\n<div class=\"prod-technicals box all a\">\n<table>\n<tbody>\n<tr>\n<td><b>\u00d6zellikler<\/b><\/td>\n<td><b>A\u00e7\u0131klamalar<\/b><\/td>\n<\/tr>\n<tr>\n<td colspan=\"2\"><b>Fiziksel \u00d6zellikler<\/b><\/td>\n<\/tr>\n<tr>\n<td><b>\u00d6l\u00e7\u00fcler<\/b><\/td>\n<td>96 mm x 96 mm x 96 mm<\/td>\n<\/tr>\n<tr>\n<td><b>Koruma S\u0131n\u0131f\u0131<\/b><\/td>\n<td>NEMA 4X (IP65 \u00f6n, IP20 arka)<\/td>\n<\/tr>\n<tr>\n<td><b>Montaj<\/b><\/td>\n<td>Sabit montaj<\/td>\n<\/tr>\n<tr>\n<td><b>Depolama \/ \u00c7al\u0131\u015fma S\u0131cakl\u0131\u011f\u0131<\/b><\/td>\n<td>-20\u00b0C to +70\u00b0C \/ 0\u00b0C to +50\u00b0C<\/td>\n<\/tr>\n<tr>\n<td><b>Ba\u011f\u0131l Nem<\/b><\/td>\n<td>90 % max. (Yo\u011funla\u015fma Olmayan Ortamda)<\/td>\n<\/tr>\n<tr>\n<td colspan=\"2\"><b>Elektriksel \u00d6zellikler<\/b><\/td>\n<\/tr>\n<tr>\n<td><b>Besleme Gerilimi<\/b><\/td>\n<td>100 &#8211; 240 Vac ( -%15\/+%10 ) 50\/60 Hz. 7VA<br \/>\n24Vdc ( -%15\/+%10 ) 7W<br \/>\n24Vac ( -%15\/+%10 ) 50\/60 Hz. 7VA<\/td>\n<\/tr>\n<tr>\n<td><b>Sens\u00f6r Giri\u015fi<\/b><\/td>\n<td>PRONEM M\u0130N\u0130 PMI-P + PT100, 2 x 0&#8230;20mA + PT100<\/td>\n<\/tr>\n<tr>\n<td><b>Opsiyonel Sens\u00f6r Giri\u015fi<\/b><\/td>\n<td><\/td>\n<\/tr>\n<tr>\n<td><b>Skala<\/b><\/td>\n<td><\/td>\n<\/tr>\n<tr>\n<td><b>Do\u011fruluk<\/b><\/td>\n<td>Tam skalan\u0131n \u00b1 % 0,25<\/td>\n<\/tr>\n<tr>\n<td colspan=\"2\"><b>\u00c7\u0131k\u0131\u015f<\/b><\/td>\n<\/tr>\n<tr>\n<td><b>R\u00f6le \u00c7\u0131k\u0131\u015f\u0131<\/b><\/td>\n<td>Rezistif Y\u00fckte 5A@250Vac<\/td>\n<\/tr>\n<tr>\n<td><b>SSR \u00c7\u0131k\u0131\u015f\u0131<\/b><\/td>\n<td>PNP tip transistor \u00e7\u0131k\u0131\u015f\u0131 (Maks. 1A@24Vdc)<\/td>\n<\/tr>\n<tr>\n<td><b>Analog \u00c7\u0131k\u0131\u015f<\/b><\/td>\n<td>0-20mA, 0-10V (maksimum 10 mA)<\/td>\n<\/tr>\n<tr>\n<td><b>Opsiyonel \u00c7\u0131k\u0131\u015flar<\/b><\/td>\n<td><\/td>\n<\/tr>\n<tr>\n<td colspan=\"2\"><b>Kontrol<\/b><\/td>\n<\/tr>\n<tr>\n<td><b>Kontrol Formu<\/b><\/td>\n<td>On \/ Off ve PID<\/td>\n<\/tr>\n<tr>\n<td><b>Okuma S\u0131kl\u0131\u011f\u0131<\/b><\/td>\n<td>100 ms<\/td>\n<\/tr>\n<tr>\n<td><b>\u0130leti\u015fim Protokolleri<\/b><\/td>\n<td><\/td>\n<\/tr>\n<tr>\n<td><b>Kalite Belgeleri<\/b><\/td>\n<td>GOST-R<\/td>\n<\/tr>\n<\/tbody>\n<\/table>\n<\/div>\n<\/div>\n<div class=\"clr\"><\/div>\n","protected":false},"excerpt":{"rendered":"<p><span class=\"txt b\">TFT LCD Ekran Kulu\u00e7ka Kontrol Cihaz\u0131<\/span><\/p>\n<div><\/div>\n<p>320 x 240 Renkli TFT LCD Ekran<br \/>\n(RTC) Ger\u00e7ek Zaman Saatli \u00c7al\u0131\u015fabilme<br \/>\nKulu\u00e7ka S\u00fcresini Eksi G\u00fcnden Ba\u015flatabilme<br \/>\nAna Ekranda Ge\u00e7en Kulu\u00e7ka s\u00fcresinin<br \/>\n(G\u00fcn, Saat, Dakika) G\u00f6sterimi<br \/>\nIs\u0131tma(On-Off veya PID secilebilir) \u00c7\u0131k\u0131\u015flar\u0131<br \/>\nSo\u011futma(On-Off) SSR \u00c7\u0131k\u0131\u015flar\u0131<br \/>\nManuel veya Otomatik Kepenk Kontrol\u00fc<br \/>\nAuto Tune PID<br \/>\nSet De\u011feri S\u0131n\u0131rland\u0131rmas\u0131<\/p>\n<p>&nbsp;<\/p>\n","protected":false},"featured_media":4266,"comment_status":"open","ping_status":"closed","template":"","meta":[],"product_brand":[],"product_cat":[389],"product_tag":[348,349],"class_list":{"0":"post-4807","1":"product","2":"type-product","3":"status-publish","4":"has-post-thumbnail","6":"product_cat-epc-n-tr","7":"product_tag-egg","8":"product_tag-hatcher","10":"first","11":"instock","12":"shipping-taxable","13":"product-type-simple"},"yoast_head":"<!-- This site is optimized with the Yoast SEO plugin v24.3 - https:\/\/yoast.com\/wordpress\/plugins\/seo\/ -->\n<title>EGG HATCHER - CSO TRADING<\/title>\n<meta name=\"robots\" content=\"index, follow, max-snippet:-1, max-image-preview:large, max-video-preview:-1\" \/>\n<link rel=\"canonical\" href=\"https:\/\/csotrading.com\/tr\/product\/egg-hatcher\/\" \/>\n<meta property=\"og:locale\" content=\"tr_TR\" \/>\n<meta property=\"og:type\" content=\"article\" \/>\n<meta property=\"og:title\" content=\"EGG HATCHER - CSO TRADING\" \/>\n<meta property=\"og:description\" content=\"TFT LCD Ekran Kulu\u00e7ka Kontrol Cihaz\u0131  320 x 240 Renkli TFT LCD Ekran (RTC) Ger\u00e7ek Zaman Saatli \u00c7al\u0131\u015fabilme Kulu\u00e7ka S\u00fcresini Eksi G\u00fcnden Ba\u015flatabilme Ana Ekranda Ge\u00e7en Kulu\u00e7ka s\u00fcresinin (G\u00fcn, Saat, Dakika) G\u00f6sterimi Is\u0131tma(On-Off veya PID secilebilir) \u00c7\u0131k\u0131\u015flar\u0131 So\u011futma(On-Off) SSR \u00c7\u0131k\u0131\u015flar\u0131 Manuel veya Otomatik Kepenk Kontrol\u00fc Auto Tune PID Set De\u011feri S\u0131n\u0131rland\u0131rmas\u0131  &nbsp;\" \/>\n<meta property=\"og:url\" content=\"https:\/\/csotrading.com\/tr\/product\/egg-hatcher\/\" \/>\n<meta property=\"og:site_name\" content=\"CSO TRADING\" \/>\n<meta property=\"article:modified_time\" content=\"2020-07-05T13:50:06+00:00\" \/>\n<meta property=\"og:image\" content=\"https:\/\/csotrading.com\/wp-content\/uploads\/2020\/06\/EGG-HATCHER.jpg\" \/>\n\t<meta property=\"og:image:width\" content=\"1280\" \/>\n\t<meta property=\"og:image:height\" content=\"720\" \/>\n\t<meta property=\"og:image:type\" content=\"image\/jpeg\" \/>\n<meta name=\"twitter:card\" content=\"summary_large_image\" \/>\n<meta name=\"twitter:label1\" content=\"Tahmini okuma s\u00fcresi\" \/>\n\t<meta name=\"twitter:data1\" content=\"1 dakika\" \/>\n<script type=\"application\/ld+json\" class=\"yoast-schema-graph\">{\"@context\":\"https:\/\/schema.org\",\"@graph\":[{\"@type\":\"WebPage\",\"@id\":\"https:\/\/csotrading.com\/tr\/product\/egg-hatcher\/\",\"url\":\"https:\/\/csotrading.com\/tr\/product\/egg-hatcher\/\",\"name\":\"EGG HATCHER - CSO TRADING\",\"isPartOf\":{\"@id\":\"https:\/\/csotrading.com\/#website\"},\"primaryImageOfPage\":{\"@id\":\"https:\/\/csotrading.com\/tr\/product\/egg-hatcher\/#primaryimage\"},\"image\":{\"@id\":\"https:\/\/csotrading.com\/tr\/product\/egg-hatcher\/#primaryimage\"},\"thumbnailUrl\":\"https:\/\/csotrading.com\/wp-content\/uploads\/2020\/06\/EGG-HATCHER.jpg\",\"datePublished\":\"2020-06-27T20:52:48+00:00\",\"dateModified\":\"2020-07-05T13:50:06+00:00\",\"breadcrumb\":{\"@id\":\"https:\/\/csotrading.com\/tr\/product\/egg-hatcher\/#breadcrumb\"},\"inLanguage\":\"tr\",\"potentialAction\":[{\"@type\":\"ReadAction\",\"target\":[\"https:\/\/csotrading.com\/tr\/product\/egg-hatcher\/\"]}]},{\"@type\":\"ImageObject\",\"inLanguage\":\"tr\",\"@id\":\"https:\/\/csotrading.com\/tr\/product\/egg-hatcher\/#primaryimage\",\"url\":\"https:\/\/csotrading.com\/wp-content\/uploads\/2020\/06\/EGG-HATCHER.jpg\",\"contentUrl\":\"https:\/\/csotrading.com\/wp-content\/uploads\/2020\/06\/EGG-HATCHER.jpg\",\"width\":1280,\"height\":720},{\"@type\":\"BreadcrumbList\",\"@id\":\"https:\/\/csotrading.com\/tr\/product\/egg-hatcher\/#breadcrumb\",\"itemListElement\":[{\"@type\":\"ListItem\",\"position\":1,\"name\":\"Home\",\"item\":\"https:\/\/csotrading.com\/tr\/\"},{\"@type\":\"ListItem\",\"position\":2,\"name\":\"Ma\u011faza\",\"item\":\"https:\/\/csotrading.com\/magaza\/\"},{\"@type\":\"ListItem\",\"position\":3,\"name\":\"EGG HATCHER\"}]},{\"@type\":\"WebSite\",\"@id\":\"https:\/\/csotrading.com\/#website\",\"url\":\"https:\/\/csotrading.com\/\",\"name\":\"CSO TRADING\",\"description\":\"\",\"potentialAction\":[{\"@type\":\"SearchAction\",\"target\":{\"@type\":\"EntryPoint\",\"urlTemplate\":\"https:\/\/csotrading.com\/?s={search_term_string}\"},\"query-input\":{\"@type\":\"PropertyValueSpecification\",\"valueRequired\":true,\"valueName\":\"search_term_string\"}}],\"inLanguage\":\"tr\"}]}<\/script>\n<!-- \/ Yoast SEO plugin. -->","yoast_head_json":{"title":"EGG HATCHER - CSO TRADING","robots":{"index":"index","follow":"follow","max-snippet":"max-snippet:-1","max-image-preview":"max-image-preview:large","max-video-preview":"max-video-preview:-1"},"canonical":"https:\/\/csotrading.com\/tr\/product\/egg-hatcher\/","og_locale":"tr_TR","og_type":"article","og_title":"EGG HATCHER - CSO TRADING","og_description":"TFT LCD Ekran Kulu\u00e7ka Kontrol Cihaz\u0131  320 x 240 Renkli TFT LCD Ekran (RTC) Ger\u00e7ek Zaman Saatli \u00c7al\u0131\u015fabilme Kulu\u00e7ka S\u00fcresini Eksi G\u00fcnden Ba\u015flatabilme Ana Ekranda Ge\u00e7en Kulu\u00e7ka s\u00fcresinin (G\u00fcn, Saat, Dakika) G\u00f6sterimi Is\u0131tma(On-Off veya PID secilebilir) \u00c7\u0131k\u0131\u015flar\u0131 So\u011futma(On-Off) SSR \u00c7\u0131k\u0131\u015flar\u0131 Manuel veya Otomatik Kepenk Kontrol\u00fc Auto Tune PID Set De\u011feri S\u0131n\u0131rland\u0131rmas\u0131  &nbsp;","og_url":"https:\/\/csotrading.com\/tr\/product\/egg-hatcher\/","og_site_name":"CSO TRADING","article_modified_time":"2020-07-05T13:50:06+00:00","og_image":[{"width":1280,"height":720,"url":"https:\/\/csotrading.com\/wp-content\/uploads\/2020\/06\/EGG-HATCHER.jpg","type":"image\/jpeg"}],"twitter_card":"summary_large_image","twitter_misc":{"Tahmini okuma s\u00fcresi":"1 dakika"},"schema":{"@context":"https:\/\/schema.org","@graph":[{"@type":"WebPage","@id":"https:\/\/csotrading.com\/tr\/product\/egg-hatcher\/","url":"https:\/\/csotrading.com\/tr\/product\/egg-hatcher\/","name":"EGG HATCHER - CSO TRADING","isPartOf":{"@id":"https:\/\/csotrading.com\/#website"},"primaryImageOfPage":{"@id":"https:\/\/csotrading.com\/tr\/product\/egg-hatcher\/#primaryimage"},"image":{"@id":"https:\/\/csotrading.com\/tr\/product\/egg-hatcher\/#primaryimage"},"thumbnailUrl":"https:\/\/csotrading.com\/wp-content\/uploads\/2020\/06\/EGG-HATCHER.jpg","datePublished":"2020-06-27T20:52:48+00:00","dateModified":"2020-07-05T13:50:06+00:00","breadcrumb":{"@id":"https:\/\/csotrading.com\/tr\/product\/egg-hatcher\/#breadcrumb"},"inLanguage":"tr","potentialAction":[{"@type":"ReadAction","target":["https:\/\/csotrading.com\/tr\/product\/egg-hatcher\/"]}]},{"@type":"ImageObject","inLanguage":"tr","@id":"https:\/\/csotrading.com\/tr\/product\/egg-hatcher\/#primaryimage","url":"https:\/\/csotrading.com\/wp-content\/uploads\/2020\/06\/EGG-HATCHER.jpg","contentUrl":"https:\/\/csotrading.com\/wp-content\/uploads\/2020\/06\/EGG-HATCHER.jpg","width":1280,"height":720},{"@type":"BreadcrumbList","@id":"https:\/\/csotrading.com\/tr\/product\/egg-hatcher\/#breadcrumb","itemListElement":[{"@type":"ListItem","position":1,"name":"Home","item":"https:\/\/csotrading.com\/tr\/"},{"@type":"ListItem","position":2,"name":"Ma\u011faza","item":"https:\/\/csotrading.com\/magaza\/"},{"@type":"ListItem","position":3,"name":"EGG HATCHER"}]},{"@type":"WebSite","@id":"https:\/\/csotrading.com\/#website","url":"https:\/\/csotrading.com\/","name":"CSO TRADING","description":"","potentialAction":[{"@type":"SearchAction","target":{"@type":"EntryPoint","urlTemplate":"https:\/\/csotrading.com\/?s={search_term_string}"},"query-input":{"@type":"PropertyValueSpecification","valueRequired":true,"valueName":"search_term_string"}}],"inLanguage":"tr"}]}},"_links":{"self":[{"href":"https:\/\/csotrading.com\/tr\/wp-json\/wp\/v2\/product\/4807"}],"collection":[{"href":"https:\/\/csotrading.com\/tr\/wp-json\/wp\/v2\/product"}],"about":[{"href":"https:\/\/csotrading.com\/tr\/wp-json\/wp\/v2\/types\/product"}],"replies":[{"embeddable":true,"href":"https:\/\/csotrading.com\/tr\/wp-json\/wp\/v2\/comments?post=4807"}],"wp:featuredmedia":[{"embeddable":true,"href":"https:\/\/csotrading.com\/tr\/wp-json\/wp\/v2\/media\/4266"}],"wp:attachment":[{"href":"https:\/\/csotrading.com\/tr\/wp-json\/wp\/v2\/media?parent=4807"}],"wp:term":[{"taxonomy":"product_brand","embeddable":true,"href":"https:\/\/csotrading.com\/tr\/wp-json\/wp\/v2\/product_brand?post=4807"},{"taxonomy":"product_cat","embeddable":true,"href":"https:\/\/csotrading.com\/tr\/wp-json\/wp\/v2\/product_cat?post=4807"},{"taxonomy":"product_tag","embeddable":true,"href":"https:\/\/csotrading.com\/tr\/wp-json\/wp\/v2\/product_tag?post=4807"}],"curies":[{"name":"wp","href":"https:\/\/api.w.org\/{rel}","templated":true}]}}