{"id":4803,"date":"2020-06-28T00:09:43","date_gmt":"2020-06-27T21:09:43","guid":{"rendered":"http:\/\/csotrading.com\/product\/gencharger\/"},"modified":"2020-07-05T16:42:04","modified_gmt":"2020-07-05T13:42:04","slug":"gencharger","status":"publish","type":"product","link":"https:\/\/csotrading.com\/tr\/product\/gencharger\/","title":{"rendered":"Gencharger"},"content":{"rendered":"<p><img decoding=\"async\" src=\"https:\/\/www.emkoelektronik.com.tr\/pics\/products\/urunPics_63_Schema_en__1.jpg\" \/><\/p>\n","protected":false},"excerpt":{"rendered":"<p><span class=\"txt b\">Battery Charger<\/span><\/p>\n<div><\/div>\n<p><span class=\"txt c\">Tampon sarj, 67 KHz anahtarlama, Sabit \u00e7\u0131k\u0131s voltaj\u0131, Ak\u0131m s\u0131n\u0131rlama Ar\u0131za (R\u00f6le) \u00e7\u0131k\u0131s\u0131, Y\u00fcksek ak\u0131m ve k\u0131sa devre korumas\u0131, Ters baglant\u0131 korumas\u0131, Y\u00fcksek s\u0131cakl\u0131k korumas\u0131, Genis \u00e7al\u0131sma voltaj\u0131, Kursun asit bataryalara uygundur.<\/span><\/p>\n","protected":false},"featured_media":4276,"comment_status":"open","ping_status":"closed","template":"","meta":[],"product_brand":[],"product_cat":[382],"product_tag":[353],"class_list":{"0":"post-4803","1":"product","2":"type-product","3":"status-publish","4":"has-post-thumbnail","6":"product_cat-aku-sarj-redresorleri","7":"product_tag-gencharger","9":"first","10":"instock","11":"shipping-taxable","12":"product-type-simple"},"yoast_head":"<!-- This site is optimized with the Yoast SEO plugin v24.3 - https:\/\/yoast.com\/wordpress\/plugins\/seo\/ -->\n<title>Gencharger - CSO TRADING<\/title>\n<meta name=\"robots\" content=\"index, follow, max-snippet:-1, max-image-preview:large, max-video-preview:-1\" \/>\n<link rel=\"canonical\" href=\"https:\/\/csotrading.com\/tr\/product\/gencharger\/\" \/>\n<meta property=\"og:locale\" content=\"tr_TR\" \/>\n<meta property=\"og:type\" content=\"article\" \/>\n<meta property=\"og:title\" content=\"Gencharger - CSO TRADING\" \/>\n<meta property=\"og:description\" content=\"Battery Charger  Tampon sarj, 67 KHz anahtarlama, Sabit \u00e7\u0131k\u0131s voltaj\u0131, Ak\u0131m s\u0131n\u0131rlama Ar\u0131za (R\u00f6le) \u00e7\u0131k\u0131s\u0131, Y\u00fcksek ak\u0131m ve k\u0131sa devre korumas\u0131, Ters baglant\u0131 korumas\u0131, Y\u00fcksek s\u0131cakl\u0131k korumas\u0131, Genis \u00e7al\u0131sma voltaj\u0131, Kursun asit bataryalara uygundur.\" \/>\n<meta property=\"og:url\" content=\"https:\/\/csotrading.com\/tr\/product\/gencharger\/\" \/>\n<meta property=\"og:site_name\" content=\"CSO TRADING\" \/>\n<meta property=\"article:modified_time\" content=\"2020-07-05T13:42:04+00:00\" \/>\n<meta property=\"og:image\" content=\"https:\/\/csotrading.com\/wp-content\/uploads\/2020\/06\/Gencharger.jpg\" \/>\n\t<meta property=\"og:image:width\" content=\"1280\" \/>\n\t<meta property=\"og:image:height\" content=\"720\" \/>\n\t<meta property=\"og:image:type\" content=\"image\/jpeg\" \/>\n<meta name=\"twitter:card\" content=\"summary_large_image\" \/>\n<script type=\"application\/ld+json\" class=\"yoast-schema-graph\">{\"@context\":\"https:\/\/schema.org\",\"@graph\":[{\"@type\":\"WebPage\",\"@id\":\"https:\/\/csotrading.com\/tr\/product\/gencharger\/\",\"url\":\"https:\/\/csotrading.com\/tr\/product\/gencharger\/\",\"name\":\"Gencharger - CSO TRADING\",\"isPartOf\":{\"@id\":\"https:\/\/csotrading.com\/#website\"},\"primaryImageOfPage\":{\"@id\":\"https:\/\/csotrading.com\/tr\/product\/gencharger\/#primaryimage\"},\"image\":{\"@id\":\"https:\/\/csotrading.com\/tr\/product\/gencharger\/#primaryimage\"},\"thumbnailUrl\":\"https:\/\/csotrading.com\/wp-content\/uploads\/2020\/06\/Gencharger.jpg\",\"datePublished\":\"2020-06-27T21:09:43+00:00\",\"dateModified\":\"2020-07-05T13:42:04+00:00\",\"breadcrumb\":{\"@id\":\"https:\/\/csotrading.com\/tr\/product\/gencharger\/#breadcrumb\"},\"inLanguage\":\"tr\",\"potentialAction\":[{\"@type\":\"ReadAction\",\"target\":[\"https:\/\/csotrading.com\/tr\/product\/gencharger\/\"]}]},{\"@type\":\"ImageObject\",\"inLanguage\":\"tr\",\"@id\":\"https:\/\/csotrading.com\/tr\/product\/gencharger\/#primaryimage\",\"url\":\"https:\/\/csotrading.com\/wp-content\/uploads\/2020\/06\/Gencharger.jpg\",\"contentUrl\":\"https:\/\/csotrading.com\/wp-content\/uploads\/2020\/06\/Gencharger.jpg\",\"width\":1280,\"height\":720},{\"@type\":\"BreadcrumbList\",\"@id\":\"https:\/\/csotrading.com\/tr\/product\/gencharger\/#breadcrumb\",\"itemListElement\":[{\"@type\":\"ListItem\",\"position\":1,\"name\":\"Home\",\"item\":\"https:\/\/csotrading.com\/tr\/\"},{\"@type\":\"ListItem\",\"position\":2,\"name\":\"Ma\u011faza\",\"item\":\"https:\/\/csotrading.com\/magaza\/\"},{\"@type\":\"ListItem\",\"position\":3,\"name\":\"Gencharger\"}]},{\"@type\":\"WebSite\",\"@id\":\"https:\/\/csotrading.com\/#website\",\"url\":\"https:\/\/csotrading.com\/\",\"name\":\"CSO TRADING\",\"description\":\"\",\"potentialAction\":[{\"@type\":\"SearchAction\",\"target\":{\"@type\":\"EntryPoint\",\"urlTemplate\":\"https:\/\/csotrading.com\/?s={search_term_string}\"},\"query-input\":{\"@type\":\"PropertyValueSpecification\",\"valueRequired\":true,\"valueName\":\"search_term_string\"}}],\"inLanguage\":\"tr\"}]}<\/script>\n<!-- \/ Yoast SEO plugin. -->","yoast_head_json":{"title":"Gencharger - CSO TRADING","robots":{"index":"index","follow":"follow","max-snippet":"max-snippet:-1","max-image-preview":"max-image-preview:large","max-video-preview":"max-video-preview:-1"},"canonical":"https:\/\/csotrading.com\/tr\/product\/gencharger\/","og_locale":"tr_TR","og_type":"article","og_title":"Gencharger - CSO TRADING","og_description":"Battery Charger  Tampon sarj, 67 KHz anahtarlama, Sabit \u00e7\u0131k\u0131s voltaj\u0131, Ak\u0131m s\u0131n\u0131rlama Ar\u0131za (R\u00f6le) \u00e7\u0131k\u0131s\u0131, Y\u00fcksek ak\u0131m ve k\u0131sa devre korumas\u0131, Ters baglant\u0131 korumas\u0131, Y\u00fcksek s\u0131cakl\u0131k korumas\u0131, Genis \u00e7al\u0131sma voltaj\u0131, Kursun asit bataryalara uygundur.","og_url":"https:\/\/csotrading.com\/tr\/product\/gencharger\/","og_site_name":"CSO TRADING","article_modified_time":"2020-07-05T13:42:04+00:00","og_image":[{"width":1280,"height":720,"url":"https:\/\/csotrading.com\/wp-content\/uploads\/2020\/06\/Gencharger.jpg","type":"image\/jpeg"}],"twitter_card":"summary_large_image","schema":{"@context":"https:\/\/schema.org","@graph":[{"@type":"WebPage","@id":"https:\/\/csotrading.com\/tr\/product\/gencharger\/","url":"https:\/\/csotrading.com\/tr\/product\/gencharger\/","name":"Gencharger - CSO TRADING","isPartOf":{"@id":"https:\/\/csotrading.com\/#website"},"primaryImageOfPage":{"@id":"https:\/\/csotrading.com\/tr\/product\/gencharger\/#primaryimage"},"image":{"@id":"https:\/\/csotrading.com\/tr\/product\/gencharger\/#primaryimage"},"thumbnailUrl":"https:\/\/csotrading.com\/wp-content\/uploads\/2020\/06\/Gencharger.jpg","datePublished":"2020-06-27T21:09:43+00:00","dateModified":"2020-07-05T13:42:04+00:00","breadcrumb":{"@id":"https:\/\/csotrading.com\/tr\/product\/gencharger\/#breadcrumb"},"inLanguage":"tr","potentialAction":[{"@type":"ReadAction","target":["https:\/\/csotrading.com\/tr\/product\/gencharger\/"]}]},{"@type":"ImageObject","inLanguage":"tr","@id":"https:\/\/csotrading.com\/tr\/product\/gencharger\/#primaryimage","url":"https:\/\/csotrading.com\/wp-content\/uploads\/2020\/06\/Gencharger.jpg","contentUrl":"https:\/\/csotrading.com\/wp-content\/uploads\/2020\/06\/Gencharger.jpg","width":1280,"height":720},{"@type":"BreadcrumbList","@id":"https:\/\/csotrading.com\/tr\/product\/gencharger\/#breadcrumb","itemListElement":[{"@type":"ListItem","position":1,"name":"Home","item":"https:\/\/csotrading.com\/tr\/"},{"@type":"ListItem","position":2,"name":"Ma\u011faza","item":"https:\/\/csotrading.com\/magaza\/"},{"@type":"ListItem","position":3,"name":"Gencharger"}]},{"@type":"WebSite","@id":"https:\/\/csotrading.com\/#website","url":"https:\/\/csotrading.com\/","name":"CSO TRADING","description":"","potentialAction":[{"@type":"SearchAction","target":{"@type":"EntryPoint","urlTemplate":"https:\/\/csotrading.com\/?s={search_term_string}"},"query-input":{"@type":"PropertyValueSpecification","valueRequired":true,"valueName":"search_term_string"}}],"inLanguage":"tr"}]}},"_links":{"self":[{"href":"https:\/\/csotrading.com\/tr\/wp-json\/wp\/v2\/product\/4803"}],"collection":[{"href":"https:\/\/csotrading.com\/tr\/wp-json\/wp\/v2\/product"}],"about":[{"href":"https:\/\/csotrading.com\/tr\/wp-json\/wp\/v2\/types\/product"}],"replies":[{"embeddable":true,"href":"https:\/\/csotrading.com\/tr\/wp-json\/wp\/v2\/comments?post=4803"}],"wp:featuredmedia":[{"embeddable":true,"href":"https:\/\/csotrading.com\/tr\/wp-json\/wp\/v2\/media\/4276"}],"wp:attachment":[{"href":"https:\/\/csotrading.com\/tr\/wp-json\/wp\/v2\/media?parent=4803"}],"wp:term":[{"taxonomy":"product_brand","embeddable":true,"href":"https:\/\/csotrading.com\/tr\/wp-json\/wp\/v2\/product_brand?post=4803"},{"taxonomy":"product_cat","embeddable":true,"href":"https:\/\/csotrading.com\/tr\/wp-json\/wp\/v2\/product_cat?post=4803"},{"taxonomy":"product_tag","embeddable":true,"href":"https:\/\/csotrading.com\/tr\/wp-json\/wp\/v2\/product_tag?post=4803"}],"curies":[{"name":"wp","href":"https:\/\/api.w.org\/{rel}","templated":true}]}}