{"id":4802,"date":"2020-06-28T00:18:06","date_gmt":"2020-06-27T21:18:06","guid":{"rendered":"http:\/\/csotrading.com\/product\/trans-crank\/"},"modified":"2020-07-05T16:39:57","modified_gmt":"2020-07-05T13:39:57","slug":"trans-crank","status":"publish","type":"product","link":"https:\/\/csotrading.com\/tr\/product\/trans-crank\/","title":{"rendered":"Trans-CRANK"},"content":{"rendered":"<table>\n<tbody>\n<tr>\n<td><b>\u00d6zellikler<\/b><\/td>\n<td><b>A\u00e7\u0131klamalar<\/b><\/td>\n<\/tr>\n<tr>\n<td><b>LCD Dilleri<\/b><\/td>\n<td><\/td>\n<\/tr>\n<tr>\n<td><b>Giri\u015fler<\/b><\/td>\n<td>2x Konfig\u00fcre edilebilir dijital, D\u00fc\u015f\u00fck ya\u011f bas\u0131nc\u0131 ve A\u015f\u0131r\u0131 \u0131s\u0131 , \u015earj Alternat\u00f6r D+(WL) giri\u015fi<\/td>\n<\/tr>\n<tr>\n<td colspan=\"2\"><b>\u00c7\u0131k\u0131\u015flar<\/b><\/td>\n<\/tr>\n<tr>\n<td><b>Y\u00fck Ak\u0131m\u0131 \u00d6l\u00e7\u00fcm\u00fc<\/b><\/td>\n<td><\/td>\n<\/tr>\n<tr>\n<td><b>Voltaj \u00d6l\u00e7\u00fcm\u00fc<\/b><\/td>\n<td><\/td>\n<\/tr>\n<tr>\n<td colspan=\"2\"><b>Fiziksel \u00d6zellikler<\/b><\/td>\n<\/tr>\n<tr>\n<td><b>Boyutlar<\/b><\/td>\n<td>72mm x 72mm x 52mm<\/td>\n<\/tr>\n<tr>\n<td><b>Koruma S\u0131n\u0131f\u0131<\/b><\/td>\n<td>Nema 4X \u00d6nden IP30 , Arkadan IP20<\/td>\n<\/tr>\n<tr>\n<td colspan=\"2\"><b>\u00c7al\u0131\u015fma Aral\u0131\u011f\u0131<\/b><\/td>\n<\/tr>\n<tr>\n<td><b>Besleme<\/b><\/td>\n<td>8 &#8230; 32Vdc, maksimum g\u00fc\u00e7 t\u00fcketimi 360mA<\/td>\n<\/tr>\n<tr>\n<td colspan=\"2\"><b>Rezistif Analog Giri\u015fler<\/b><\/td>\n<\/tr>\n<tr>\n<td><b>Kabin S\u0131cakl\u0131k \u00d6l\u00e7\u00fcm\u00fc<\/b><\/td>\n<td><\/td>\n<\/tr>\n<tr>\n<td><b>Depolama \/ \u00c7al\u0131\u015fma S\u0131cakl\u0131\u011f\u0131<\/b><\/td>\n<td>-40\u00b0C &#8230; +80\u00b0C \/ -20\u00b0C &#8230; +70\u00b0C<\/td>\n<\/tr>\n<tr>\n<td colspan=\"2\"><b>Geni\u015fleme Mod\u00fclleri<\/b><\/td>\n<\/tr>\n<tr>\n<td><b>Dahili<\/b><\/td>\n<td>Rs-232 seri haberle\u015fme ile program men\u00fclerinin konfig\u00fcrasyonu<\/td>\n<\/tr>\n<tr>\n<td><b>GPRS<\/b><\/td>\n<td><\/td>\n<\/tr>\n<tr>\n<td><b>G\u00f6m\u00fcl\u00fc WEB server<\/b><\/td>\n<td><\/td>\n<\/tr>\n<tr>\n<td><b>Seri ModBus<\/b><\/td>\n<td><\/td>\n<\/tr>\n<tr>\n<td><b>Kalite Belgeleri<\/b><\/td>\n<td>CE, GOST-R<\/td>\n<\/tr>\n<\/tbody>\n<\/table>\n","protected":false},"excerpt":{"rendered":"<p><span class=\"txt b\">Manuel Anahtarl\u0131 Jenerat\u00f6r Kontrol Cihaz\u0131<\/span><\/p>\n<div><\/div>\n<p><span class=\"txt c\">Jenerat\u00f6r,Pompa ve Yang\u0131n pompas\u0131 uygulamalar\u0131,Motor start\/stop,Hata durumunda motoru otomatik durdurma,Durum bilgisi ve ar\u0131za indikat\u00f6rleri,Alarm ve motor durdurma giri\u015fleri,\u015earj alternat\u00f6r uyart\u0131m ak\u0131m\u0131,Lamba test fonksiyonu<\/span><\/p>\n","protected":false},"featured_media":4279,"comment_status":"open","ping_status":"closed","template":"","meta":[],"product_brand":[],"product_cat":[384],"product_tag":[354,276],"class_list":{"0":"post-4802","1":"product","2":"type-product","3":"status-publish","4":"has-post-thumbnail","6":"product_cat-manuel-kontrol-panelleri","7":"product_tag-crank","8":"product_tag-trans","10":"first","11":"instock","12":"shipping-taxable","13":"product-type-simple"},"yoast_head":"<!-- This site is optimized with the Yoast SEO plugin v24.3 - https:\/\/yoast.com\/wordpress\/plugins\/seo\/ -->\n<title>Trans-CRANK - CSO TRADING<\/title>\n<meta name=\"robots\" content=\"index, follow, max-snippet:-1, max-image-preview:large, max-video-preview:-1\" \/>\n<link rel=\"canonical\" href=\"https:\/\/csotrading.com\/tr\/product\/trans-crank\/\" \/>\n<meta property=\"og:locale\" content=\"tr_TR\" \/>\n<meta property=\"og:type\" content=\"article\" \/>\n<meta property=\"og:title\" content=\"Trans-CRANK - CSO TRADING\" \/>\n<meta property=\"og:description\" content=\"Manuel Anahtarl\u0131 Jenerat\u00f6r Kontrol Cihaz\u0131  Jenerat\u00f6r,Pompa ve Yang\u0131n pompas\u0131 uygulamalar\u0131,Motor start\/stop,Hata durumunda motoru otomatik durdurma,Durum bilgisi ve ar\u0131za indikat\u00f6rleri,Alarm ve motor durdurma giri\u015fleri,\u015earj alternat\u00f6r uyart\u0131m ak\u0131m\u0131,Lamba test fonksiyonu\" \/>\n<meta property=\"og:url\" content=\"https:\/\/csotrading.com\/tr\/product\/trans-crank\/\" \/>\n<meta property=\"og:site_name\" content=\"CSO TRADING\" \/>\n<meta property=\"article:modified_time\" content=\"2020-07-05T13:39:57+00:00\" \/>\n<meta property=\"og:image\" content=\"https:\/\/csotrading.com\/wp-content\/uploads\/2020\/06\/Trans-CRANK.jpg\" \/>\n\t<meta property=\"og:image:width\" content=\"1280\" \/>\n\t<meta property=\"og:image:height\" content=\"720\" \/>\n\t<meta property=\"og:image:type\" content=\"image\/jpeg\" \/>\n<meta name=\"twitter:card\" content=\"summary_large_image\" \/>\n<meta name=\"twitter:label1\" content=\"Tahmini okuma s\u00fcresi\" \/>\n\t<meta name=\"twitter:data1\" content=\"1 dakika\" \/>\n<script type=\"application\/ld+json\" class=\"yoast-schema-graph\">{\"@context\":\"https:\/\/schema.org\",\"@graph\":[{\"@type\":\"WebPage\",\"@id\":\"https:\/\/csotrading.com\/tr\/product\/trans-crank\/\",\"url\":\"https:\/\/csotrading.com\/tr\/product\/trans-crank\/\",\"name\":\"Trans-CRANK - CSO TRADING\",\"isPartOf\":{\"@id\":\"https:\/\/csotrading.com\/#website\"},\"primaryImageOfPage\":{\"@id\":\"https:\/\/csotrading.com\/tr\/product\/trans-crank\/#primaryimage\"},\"image\":{\"@id\":\"https:\/\/csotrading.com\/tr\/product\/trans-crank\/#primaryimage\"},\"thumbnailUrl\":\"https:\/\/csotrading.com\/wp-content\/uploads\/2020\/06\/Trans-CRANK.jpg\",\"datePublished\":\"2020-06-27T21:18:06+00:00\",\"dateModified\":\"2020-07-05T13:39:57+00:00\",\"breadcrumb\":{\"@id\":\"https:\/\/csotrading.com\/tr\/product\/trans-crank\/#breadcrumb\"},\"inLanguage\":\"tr\",\"potentialAction\":[{\"@type\":\"ReadAction\",\"target\":[\"https:\/\/csotrading.com\/tr\/product\/trans-crank\/\"]}]},{\"@type\":\"ImageObject\",\"inLanguage\":\"tr\",\"@id\":\"https:\/\/csotrading.com\/tr\/product\/trans-crank\/#primaryimage\",\"url\":\"https:\/\/csotrading.com\/wp-content\/uploads\/2020\/06\/Trans-CRANK.jpg\",\"contentUrl\":\"https:\/\/csotrading.com\/wp-content\/uploads\/2020\/06\/Trans-CRANK.jpg\",\"width\":1280,\"height\":720},{\"@type\":\"BreadcrumbList\",\"@id\":\"https:\/\/csotrading.com\/tr\/product\/trans-crank\/#breadcrumb\",\"itemListElement\":[{\"@type\":\"ListItem\",\"position\":1,\"name\":\"Home\",\"item\":\"https:\/\/csotrading.com\/tr\/\"},{\"@type\":\"ListItem\",\"position\":2,\"name\":\"Ma\u011faza\",\"item\":\"https:\/\/csotrading.com\/magaza\/\"},{\"@type\":\"ListItem\",\"position\":3,\"name\":\"Trans-CRANK\"}]},{\"@type\":\"WebSite\",\"@id\":\"https:\/\/csotrading.com\/#website\",\"url\":\"https:\/\/csotrading.com\/\",\"name\":\"CSO TRADING\",\"description\":\"\",\"potentialAction\":[{\"@type\":\"SearchAction\",\"target\":{\"@type\":\"EntryPoint\",\"urlTemplate\":\"https:\/\/csotrading.com\/?s={search_term_string}\"},\"query-input\":{\"@type\":\"PropertyValueSpecification\",\"valueRequired\":true,\"valueName\":\"search_term_string\"}}],\"inLanguage\":\"tr\"}]}<\/script>\n<!-- \/ Yoast SEO plugin. -->","yoast_head_json":{"title":"Trans-CRANK - CSO TRADING","robots":{"index":"index","follow":"follow","max-snippet":"max-snippet:-1","max-image-preview":"max-image-preview:large","max-video-preview":"max-video-preview:-1"},"canonical":"https:\/\/csotrading.com\/tr\/product\/trans-crank\/","og_locale":"tr_TR","og_type":"article","og_title":"Trans-CRANK - CSO TRADING","og_description":"Manuel Anahtarl\u0131 Jenerat\u00f6r Kontrol Cihaz\u0131  Jenerat\u00f6r,Pompa ve Yang\u0131n pompas\u0131 uygulamalar\u0131,Motor start\/stop,Hata durumunda motoru otomatik durdurma,Durum bilgisi ve ar\u0131za indikat\u00f6rleri,Alarm ve motor durdurma giri\u015fleri,\u015earj alternat\u00f6r uyart\u0131m ak\u0131m\u0131,Lamba test fonksiyonu","og_url":"https:\/\/csotrading.com\/tr\/product\/trans-crank\/","og_site_name":"CSO TRADING","article_modified_time":"2020-07-05T13:39:57+00:00","og_image":[{"width":1280,"height":720,"url":"https:\/\/csotrading.com\/wp-content\/uploads\/2020\/06\/Trans-CRANK.jpg","type":"image\/jpeg"}],"twitter_card":"summary_large_image","twitter_misc":{"Tahmini okuma s\u00fcresi":"1 dakika"},"schema":{"@context":"https:\/\/schema.org","@graph":[{"@type":"WebPage","@id":"https:\/\/csotrading.com\/tr\/product\/trans-crank\/","url":"https:\/\/csotrading.com\/tr\/product\/trans-crank\/","name":"Trans-CRANK - CSO TRADING","isPartOf":{"@id":"https:\/\/csotrading.com\/#website"},"primaryImageOfPage":{"@id":"https:\/\/csotrading.com\/tr\/product\/trans-crank\/#primaryimage"},"image":{"@id":"https:\/\/csotrading.com\/tr\/product\/trans-crank\/#primaryimage"},"thumbnailUrl":"https:\/\/csotrading.com\/wp-content\/uploads\/2020\/06\/Trans-CRANK.jpg","datePublished":"2020-06-27T21:18:06+00:00","dateModified":"2020-07-05T13:39:57+00:00","breadcrumb":{"@id":"https:\/\/csotrading.com\/tr\/product\/trans-crank\/#breadcrumb"},"inLanguage":"tr","potentialAction":[{"@type":"ReadAction","target":["https:\/\/csotrading.com\/tr\/product\/trans-crank\/"]}]},{"@type":"ImageObject","inLanguage":"tr","@id":"https:\/\/csotrading.com\/tr\/product\/trans-crank\/#primaryimage","url":"https:\/\/csotrading.com\/wp-content\/uploads\/2020\/06\/Trans-CRANK.jpg","contentUrl":"https:\/\/csotrading.com\/wp-content\/uploads\/2020\/06\/Trans-CRANK.jpg","width":1280,"height":720},{"@type":"BreadcrumbList","@id":"https:\/\/csotrading.com\/tr\/product\/trans-crank\/#breadcrumb","itemListElement":[{"@type":"ListItem","position":1,"name":"Home","item":"https:\/\/csotrading.com\/tr\/"},{"@type":"ListItem","position":2,"name":"Ma\u011faza","item":"https:\/\/csotrading.com\/magaza\/"},{"@type":"ListItem","position":3,"name":"Trans-CRANK"}]},{"@type":"WebSite","@id":"https:\/\/csotrading.com\/#website","url":"https:\/\/csotrading.com\/","name":"CSO TRADING","description":"","potentialAction":[{"@type":"SearchAction","target":{"@type":"EntryPoint","urlTemplate":"https:\/\/csotrading.com\/?s={search_term_string}"},"query-input":{"@type":"PropertyValueSpecification","valueRequired":true,"valueName":"search_term_string"}}],"inLanguage":"tr"}]}},"_links":{"self":[{"href":"https:\/\/csotrading.com\/tr\/wp-json\/wp\/v2\/product\/4802"}],"collection":[{"href":"https:\/\/csotrading.com\/tr\/wp-json\/wp\/v2\/product"}],"about":[{"href":"https:\/\/csotrading.com\/tr\/wp-json\/wp\/v2\/types\/product"}],"replies":[{"embeddable":true,"href":"https:\/\/csotrading.com\/tr\/wp-json\/wp\/v2\/comments?post=4802"}],"wp:featuredmedia":[{"embeddable":true,"href":"https:\/\/csotrading.com\/tr\/wp-json\/wp\/v2\/media\/4279"}],"wp:attachment":[{"href":"https:\/\/csotrading.com\/tr\/wp-json\/wp\/v2\/media?parent=4802"}],"wp:term":[{"taxonomy":"product_brand","embeddable":true,"href":"https:\/\/csotrading.com\/tr\/wp-json\/wp\/v2\/product_brand?post=4802"},{"taxonomy":"product_cat","embeddable":true,"href":"https:\/\/csotrading.com\/tr\/wp-json\/wp\/v2\/product_cat?post=4802"},{"taxonomy":"product_tag","embeddable":true,"href":"https:\/\/csotrading.com\/tr\/wp-json\/wp\/v2\/product_tag?post=4802"}],"curies":[{"name":"wp","href":"https:\/\/api.w.org\/{rel}","templated":true}]}}