{"id":4798,"date":"2020-06-28T00:32:05","date_gmt":"2020-06-27T21:32:05","guid":{"rendered":"http:\/\/csotrading.com\/product\/trans-gprs\/"},"modified":"2020-07-05T16:30:29","modified_gmt":"2020-07-05T13:30:29","slug":"trans-gprs","status":"publish","type":"product","link":"https:\/\/csotrading.com\/tr\/product\/trans-gprs\/","title":{"rendered":"Trans-GPRS"},"content":{"rendered":"<p><img decoding=\"async\" src=\"https:\/\/www.emkoelektronik.com.tr\/pics\/products\/urunPics_22_Schema_en__1.jpg\" \/><\/p>\n","protected":false},"excerpt":{"rendered":"<p><span class=\"txt b\">Trans Serisi GPRS Haberle\u015fme Mod\u00fcl\u00fc<\/span><\/p>\n<div><\/div>\n<p><span class=\"txt c\">Trans serisi kontrol panellerine vidas\u0131z kolay montaj, GPRS haberle\u015fme , Alarm ve olay kay\u0131tlar\u0131 , 2G 2G5 , EDGE , DHCP uyumlu , Telekomunikasyon projeleri i\u00e7in uyumlu , Modbus \u00fczerinden TCP\/IP ileti\u015fim protokol\u00fc -GPRS anten ile birlikte -\u00c7oklu Gen-Set g\u00f6r\u00fcnt\u00fcleme ve SCADA yaz\u0131l\u0131m\u0131 \u00fczerinden kontrol<\/span><\/p>\n","protected":false},"featured_media":4291,"comment_status":"open","ping_status":"closed","template":"","meta":[],"product_brand":[],"product_cat":[296],"product_tag":[358,276],"class_list":{"0":"post-4798","1":"product","2":"type-product","3":"status-publish","4":"has-post-thumbnail","6":"product_cat-moduller","7":"product_tag-gprs","8":"product_tag-trans","10":"first","11":"instock","12":"shipping-taxable","13":"product-type-simple"},"yoast_head":"<!-- This site is optimized with the Yoast SEO plugin v24.3 - https:\/\/yoast.com\/wordpress\/plugins\/seo\/ -->\n<title>Trans-GPRS - CSO TRADING<\/title>\n<meta name=\"robots\" content=\"index, follow, max-snippet:-1, max-image-preview:large, max-video-preview:-1\" \/>\n<link rel=\"canonical\" href=\"https:\/\/csotrading.com\/tr\/product\/trans-gprs\/\" \/>\n<meta property=\"og:locale\" content=\"tr_TR\" \/>\n<meta property=\"og:type\" content=\"article\" \/>\n<meta property=\"og:title\" content=\"Trans-GPRS - CSO TRADING\" \/>\n<meta property=\"og:description\" content=\"Trans Serisi GPRS Haberle\u015fme Mod\u00fcl\u00fc  Trans serisi kontrol panellerine vidas\u0131z kolay montaj, GPRS haberle\u015fme , Alarm ve olay kay\u0131tlar\u0131 , 2G 2G5 , EDGE , DHCP uyumlu , Telekomunikasyon projeleri i\u00e7in uyumlu , Modbus \u00fczerinden TCP\/IP ileti\u015fim protokol\u00fc -GPRS anten ile birlikte -\u00c7oklu Gen-Set g\u00f6r\u00fcnt\u00fcleme ve SCADA yaz\u0131l\u0131m\u0131 \u00fczerinden kontrol\" \/>\n<meta property=\"og:url\" content=\"https:\/\/csotrading.com\/tr\/product\/trans-gprs\/\" \/>\n<meta property=\"og:site_name\" content=\"CSO TRADING\" \/>\n<meta property=\"article:modified_time\" content=\"2020-07-05T13:30:29+00:00\" \/>\n<meta property=\"og:image\" content=\"https:\/\/csotrading.com\/wp-content\/uploads\/2020\/06\/Trans-GPRS.jpg\" \/>\n\t<meta property=\"og:image:width\" content=\"1280\" \/>\n\t<meta property=\"og:image:height\" content=\"720\" \/>\n\t<meta property=\"og:image:type\" content=\"image\/jpeg\" \/>\n<meta name=\"twitter:card\" content=\"summary_large_image\" \/>\n<script type=\"application\/ld+json\" class=\"yoast-schema-graph\">{\"@context\":\"https:\/\/schema.org\",\"@graph\":[{\"@type\":\"WebPage\",\"@id\":\"https:\/\/csotrading.com\/tr\/product\/trans-gprs\/\",\"url\":\"https:\/\/csotrading.com\/tr\/product\/trans-gprs\/\",\"name\":\"Trans-GPRS - CSO TRADING\",\"isPartOf\":{\"@id\":\"https:\/\/csotrading.com\/#website\"},\"primaryImageOfPage\":{\"@id\":\"https:\/\/csotrading.com\/tr\/product\/trans-gprs\/#primaryimage\"},\"image\":{\"@id\":\"https:\/\/csotrading.com\/tr\/product\/trans-gprs\/#primaryimage\"},\"thumbnailUrl\":\"https:\/\/csotrading.com\/wp-content\/uploads\/2020\/06\/Trans-GPRS.jpg\",\"datePublished\":\"2020-06-27T21:32:05+00:00\",\"dateModified\":\"2020-07-05T13:30:29+00:00\",\"breadcrumb\":{\"@id\":\"https:\/\/csotrading.com\/tr\/product\/trans-gprs\/#breadcrumb\"},\"inLanguage\":\"tr\",\"potentialAction\":[{\"@type\":\"ReadAction\",\"target\":[\"https:\/\/csotrading.com\/tr\/product\/trans-gprs\/\"]}]},{\"@type\":\"ImageObject\",\"inLanguage\":\"tr\",\"@id\":\"https:\/\/csotrading.com\/tr\/product\/trans-gprs\/#primaryimage\",\"url\":\"https:\/\/csotrading.com\/wp-content\/uploads\/2020\/06\/Trans-GPRS.jpg\",\"contentUrl\":\"https:\/\/csotrading.com\/wp-content\/uploads\/2020\/06\/Trans-GPRS.jpg\",\"width\":1280,\"height\":720},{\"@type\":\"BreadcrumbList\",\"@id\":\"https:\/\/csotrading.com\/tr\/product\/trans-gprs\/#breadcrumb\",\"itemListElement\":[{\"@type\":\"ListItem\",\"position\":1,\"name\":\"Home\",\"item\":\"https:\/\/csotrading.com\/tr\/\"},{\"@type\":\"ListItem\",\"position\":2,\"name\":\"Ma\u011faza\",\"item\":\"https:\/\/csotrading.com\/magaza\/\"},{\"@type\":\"ListItem\",\"position\":3,\"name\":\"Trans-GPRS\"}]},{\"@type\":\"WebSite\",\"@id\":\"https:\/\/csotrading.com\/#website\",\"url\":\"https:\/\/csotrading.com\/\",\"name\":\"CSO TRADING\",\"description\":\"\",\"potentialAction\":[{\"@type\":\"SearchAction\",\"target\":{\"@type\":\"EntryPoint\",\"urlTemplate\":\"https:\/\/csotrading.com\/?s={search_term_string}\"},\"query-input\":{\"@type\":\"PropertyValueSpecification\",\"valueRequired\":true,\"valueName\":\"search_term_string\"}}],\"inLanguage\":\"tr\"}]}<\/script>\n<!-- \/ Yoast SEO plugin. -->","yoast_head_json":{"title":"Trans-GPRS - CSO TRADING","robots":{"index":"index","follow":"follow","max-snippet":"max-snippet:-1","max-image-preview":"max-image-preview:large","max-video-preview":"max-video-preview:-1"},"canonical":"https:\/\/csotrading.com\/tr\/product\/trans-gprs\/","og_locale":"tr_TR","og_type":"article","og_title":"Trans-GPRS - CSO TRADING","og_description":"Trans Serisi GPRS Haberle\u015fme Mod\u00fcl\u00fc  Trans serisi kontrol panellerine vidas\u0131z kolay montaj, GPRS haberle\u015fme , Alarm ve olay kay\u0131tlar\u0131 , 2G 2G5 , EDGE , DHCP uyumlu , Telekomunikasyon projeleri i\u00e7in uyumlu , Modbus \u00fczerinden TCP\/IP ileti\u015fim protokol\u00fc -GPRS anten ile birlikte -\u00c7oklu Gen-Set g\u00f6r\u00fcnt\u00fcleme ve SCADA yaz\u0131l\u0131m\u0131 \u00fczerinden kontrol","og_url":"https:\/\/csotrading.com\/tr\/product\/trans-gprs\/","og_site_name":"CSO TRADING","article_modified_time":"2020-07-05T13:30:29+00:00","og_image":[{"width":1280,"height":720,"url":"https:\/\/csotrading.com\/wp-content\/uploads\/2020\/06\/Trans-GPRS.jpg","type":"image\/jpeg"}],"twitter_card":"summary_large_image","schema":{"@context":"https:\/\/schema.org","@graph":[{"@type":"WebPage","@id":"https:\/\/csotrading.com\/tr\/product\/trans-gprs\/","url":"https:\/\/csotrading.com\/tr\/product\/trans-gprs\/","name":"Trans-GPRS - CSO TRADING","isPartOf":{"@id":"https:\/\/csotrading.com\/#website"},"primaryImageOfPage":{"@id":"https:\/\/csotrading.com\/tr\/product\/trans-gprs\/#primaryimage"},"image":{"@id":"https:\/\/csotrading.com\/tr\/product\/trans-gprs\/#primaryimage"},"thumbnailUrl":"https:\/\/csotrading.com\/wp-content\/uploads\/2020\/06\/Trans-GPRS.jpg","datePublished":"2020-06-27T21:32:05+00:00","dateModified":"2020-07-05T13:30:29+00:00","breadcrumb":{"@id":"https:\/\/csotrading.com\/tr\/product\/trans-gprs\/#breadcrumb"},"inLanguage":"tr","potentialAction":[{"@type":"ReadAction","target":["https:\/\/csotrading.com\/tr\/product\/trans-gprs\/"]}]},{"@type":"ImageObject","inLanguage":"tr","@id":"https:\/\/csotrading.com\/tr\/product\/trans-gprs\/#primaryimage","url":"https:\/\/csotrading.com\/wp-content\/uploads\/2020\/06\/Trans-GPRS.jpg","contentUrl":"https:\/\/csotrading.com\/wp-content\/uploads\/2020\/06\/Trans-GPRS.jpg","width":1280,"height":720},{"@type":"BreadcrumbList","@id":"https:\/\/csotrading.com\/tr\/product\/trans-gprs\/#breadcrumb","itemListElement":[{"@type":"ListItem","position":1,"name":"Home","item":"https:\/\/csotrading.com\/tr\/"},{"@type":"ListItem","position":2,"name":"Ma\u011faza","item":"https:\/\/csotrading.com\/magaza\/"},{"@type":"ListItem","position":3,"name":"Trans-GPRS"}]},{"@type":"WebSite","@id":"https:\/\/csotrading.com\/#website","url":"https:\/\/csotrading.com\/","name":"CSO TRADING","description":"","potentialAction":[{"@type":"SearchAction","target":{"@type":"EntryPoint","urlTemplate":"https:\/\/csotrading.com\/?s={search_term_string}"},"query-input":{"@type":"PropertyValueSpecification","valueRequired":true,"valueName":"search_term_string"}}],"inLanguage":"tr"}]}},"_links":{"self":[{"href":"https:\/\/csotrading.com\/tr\/wp-json\/wp\/v2\/product\/4798"}],"collection":[{"href":"https:\/\/csotrading.com\/tr\/wp-json\/wp\/v2\/product"}],"about":[{"href":"https:\/\/csotrading.com\/tr\/wp-json\/wp\/v2\/types\/product"}],"replies":[{"embeddable":true,"href":"https:\/\/csotrading.com\/tr\/wp-json\/wp\/v2\/comments?post=4798"}],"wp:featuredmedia":[{"embeddable":true,"href":"https:\/\/csotrading.com\/tr\/wp-json\/wp\/v2\/media\/4291"}],"wp:attachment":[{"href":"https:\/\/csotrading.com\/tr\/wp-json\/wp\/v2\/media?parent=4798"}],"wp:term":[{"taxonomy":"product_brand","embeddable":true,"href":"https:\/\/csotrading.com\/tr\/wp-json\/wp\/v2\/product_brand?post=4798"},{"taxonomy":"product_cat","embeddable":true,"href":"https:\/\/csotrading.com\/tr\/wp-json\/wp\/v2\/product_cat?post=4798"},{"taxonomy":"product_tag","embeddable":true,"href":"https:\/\/csotrading.com\/tr\/wp-json\/wp\/v2\/product_tag?post=4798"}],"curies":[{"name":"wp","href":"https:\/\/api.w.org\/{rel}","templated":true}]}}