{"id":4796,"date":"2020-06-28T00:38:49","date_gmt":"2020-06-27T21:38:49","guid":{"rendered":"http:\/\/csotrading.com\/product\/trans-messenger\/"},"modified":"2020-07-05T16:23:15","modified_gmt":"2020-07-05T13:23:15","slug":"trans-messenger","status":"publish","type":"product","link":"https:\/\/csotrading.com\/tr\/product\/trans-messenger\/","title":{"rendered":"Trans-Messenger"},"content":{"rendered":"<p><img decoding=\"async\" src=\"https:\/\/www.emkoelektronik.com.tr\/pics\/products\/urunPics_25_Schema_en__1.jpg\" \/><\/p>\n","protected":false},"excerpt":{"rendered":"<p><span class=\"txt b\">Trans Serisi GSM Haberle\u015fme Mod\u00fcl\u00fc<\/span><\/p>\n<div><\/div>\n<p><span class=\"txt c\">Trans serisi kontrol panellerine vidas\u0131z kolay montaj, \u00c7ift y\u00f6nl\u00fc SMS haberle\u015fmesi(Jenerat\u00f6r ile Mobil Telefon), SMS ile Jenerat\u00f6r\u00fcn kontrol\u00fc,izlenmesi, GSM ile Uzaktan kontrol, Alarm durumlar\u0131nda tan\u0131ml\u0131 Gsm numalar\u0131na alarm bilgisinin g\u00f6nderilmesi, Sms ile alarm resetleme, Mod de\u011fi\u015ftirme, Start\/Stop, \u00d6l\u00e7\u00fcm de\u011ferlerinin okunmas\u0131, Parametre de\u011ferlerinin de\u011fi\u015ftirilmesi, Durum bilgisinin sorgulanmas\u0131, GSM anten ve konfig\u00fcrasyon PC yaz\u0131l\u0131m\u0131 ile birlikte<\/span><\/p>\n","protected":false},"featured_media":4297,"comment_status":"open","ping_status":"closed","template":"","meta":[],"product_brand":[],"product_cat":[296],"product_tag":[360,276],"class_list":{"0":"post-4796","1":"product","2":"type-product","3":"status-publish","4":"has-post-thumbnail","6":"product_cat-moduller","7":"product_tag-messenger","8":"product_tag-trans","10":"first","11":"instock","12":"shipping-taxable","13":"product-type-simple"},"yoast_head":"<!-- This site is optimized with the Yoast SEO plugin v24.3 - https:\/\/yoast.com\/wordpress\/plugins\/seo\/ -->\n<title>Trans-Messenger - CSO TRADING<\/title>\n<meta name=\"robots\" content=\"index, follow, max-snippet:-1, max-image-preview:large, max-video-preview:-1\" \/>\n<link rel=\"canonical\" href=\"https:\/\/csotrading.com\/tr\/product\/trans-messenger\/\" \/>\n<meta property=\"og:locale\" content=\"tr_TR\" \/>\n<meta property=\"og:type\" content=\"article\" \/>\n<meta property=\"og:title\" content=\"Trans-Messenger - CSO TRADING\" \/>\n<meta property=\"og:description\" content=\"Trans Serisi GSM Haberle\u015fme Mod\u00fcl\u00fc  Trans serisi kontrol panellerine vidas\u0131z kolay montaj, \u00c7ift y\u00f6nl\u00fc SMS haberle\u015fmesi(Jenerat\u00f6r ile Mobil Telefon), SMS ile Jenerat\u00f6r\u00fcn kontrol\u00fc,izlenmesi, GSM ile Uzaktan kontrol, Alarm durumlar\u0131nda tan\u0131ml\u0131 Gsm numalar\u0131na alarm bilgisinin g\u00f6nderilmesi, Sms ile alarm resetleme, Mod de\u011fi\u015ftirme, Start\/Stop, \u00d6l\u00e7\u00fcm de\u011ferlerinin okunmas\u0131, Parametre de\u011ferlerinin de\u011fi\u015ftirilmesi, Durum bilgisinin sorgulanmas\u0131, GSM anten ve konfig\u00fcrasyon PC yaz\u0131l\u0131m\u0131 ile birlikte\" \/>\n<meta property=\"og:url\" content=\"https:\/\/csotrading.com\/tr\/product\/trans-messenger\/\" \/>\n<meta property=\"og:site_name\" content=\"CSO TRADING\" \/>\n<meta property=\"article:modified_time\" content=\"2020-07-05T13:23:15+00:00\" \/>\n<meta property=\"og:image\" content=\"https:\/\/csotrading.com\/wp-content\/uploads\/2020\/06\/Trans-Messenger.jpg\" \/>\n\t<meta property=\"og:image:width\" content=\"1280\" \/>\n\t<meta property=\"og:image:height\" content=\"720\" \/>\n\t<meta property=\"og:image:type\" content=\"image\/jpeg\" \/>\n<meta name=\"twitter:card\" content=\"summary_large_image\" \/>\n<script type=\"application\/ld+json\" class=\"yoast-schema-graph\">{\"@context\":\"https:\/\/schema.org\",\"@graph\":[{\"@type\":\"WebPage\",\"@id\":\"https:\/\/csotrading.com\/tr\/product\/trans-messenger\/\",\"url\":\"https:\/\/csotrading.com\/tr\/product\/trans-messenger\/\",\"name\":\"Trans-Messenger - CSO TRADING\",\"isPartOf\":{\"@id\":\"https:\/\/csotrading.com\/#website\"},\"primaryImageOfPage\":{\"@id\":\"https:\/\/csotrading.com\/tr\/product\/trans-messenger\/#primaryimage\"},\"image\":{\"@id\":\"https:\/\/csotrading.com\/tr\/product\/trans-messenger\/#primaryimage\"},\"thumbnailUrl\":\"https:\/\/csotrading.com\/wp-content\/uploads\/2020\/06\/Trans-Messenger.jpg\",\"datePublished\":\"2020-06-27T21:38:49+00:00\",\"dateModified\":\"2020-07-05T13:23:15+00:00\",\"breadcrumb\":{\"@id\":\"https:\/\/csotrading.com\/tr\/product\/trans-messenger\/#breadcrumb\"},\"inLanguage\":\"tr\",\"potentialAction\":[{\"@type\":\"ReadAction\",\"target\":[\"https:\/\/csotrading.com\/tr\/product\/trans-messenger\/\"]}]},{\"@type\":\"ImageObject\",\"inLanguage\":\"tr\",\"@id\":\"https:\/\/csotrading.com\/tr\/product\/trans-messenger\/#primaryimage\",\"url\":\"https:\/\/csotrading.com\/wp-content\/uploads\/2020\/06\/Trans-Messenger.jpg\",\"contentUrl\":\"https:\/\/csotrading.com\/wp-content\/uploads\/2020\/06\/Trans-Messenger.jpg\",\"width\":1280,\"height\":720},{\"@type\":\"BreadcrumbList\",\"@id\":\"https:\/\/csotrading.com\/tr\/product\/trans-messenger\/#breadcrumb\",\"itemListElement\":[{\"@type\":\"ListItem\",\"position\":1,\"name\":\"Home\",\"item\":\"https:\/\/csotrading.com\/tr\/\"},{\"@type\":\"ListItem\",\"position\":2,\"name\":\"Ma\u011faza\",\"item\":\"https:\/\/csotrading.com\/magaza\/\"},{\"@type\":\"ListItem\",\"position\":3,\"name\":\"Trans-Messenger\"}]},{\"@type\":\"WebSite\",\"@id\":\"https:\/\/csotrading.com\/#website\",\"url\":\"https:\/\/csotrading.com\/\",\"name\":\"CSO TRADING\",\"description\":\"\",\"potentialAction\":[{\"@type\":\"SearchAction\",\"target\":{\"@type\":\"EntryPoint\",\"urlTemplate\":\"https:\/\/csotrading.com\/?s={search_term_string}\"},\"query-input\":{\"@type\":\"PropertyValueSpecification\",\"valueRequired\":true,\"valueName\":\"search_term_string\"}}],\"inLanguage\":\"tr\"}]}<\/script>\n<!-- \/ Yoast SEO plugin. -->","yoast_head_json":{"title":"Trans-Messenger - CSO TRADING","robots":{"index":"index","follow":"follow","max-snippet":"max-snippet:-1","max-image-preview":"max-image-preview:large","max-video-preview":"max-video-preview:-1"},"canonical":"https:\/\/csotrading.com\/tr\/product\/trans-messenger\/","og_locale":"tr_TR","og_type":"article","og_title":"Trans-Messenger - CSO TRADING","og_description":"Trans Serisi GSM Haberle\u015fme Mod\u00fcl\u00fc  Trans serisi kontrol panellerine vidas\u0131z kolay montaj, \u00c7ift y\u00f6nl\u00fc SMS haberle\u015fmesi(Jenerat\u00f6r ile Mobil Telefon), SMS ile Jenerat\u00f6r\u00fcn kontrol\u00fc,izlenmesi, GSM ile Uzaktan kontrol, Alarm durumlar\u0131nda tan\u0131ml\u0131 Gsm numalar\u0131na alarm bilgisinin g\u00f6nderilmesi, Sms ile alarm resetleme, Mod de\u011fi\u015ftirme, Start\/Stop, \u00d6l\u00e7\u00fcm de\u011ferlerinin okunmas\u0131, Parametre de\u011ferlerinin de\u011fi\u015ftirilmesi, Durum bilgisinin sorgulanmas\u0131, GSM anten ve konfig\u00fcrasyon PC yaz\u0131l\u0131m\u0131 ile birlikte","og_url":"https:\/\/csotrading.com\/tr\/product\/trans-messenger\/","og_site_name":"CSO TRADING","article_modified_time":"2020-07-05T13:23:15+00:00","og_image":[{"width":1280,"height":720,"url":"https:\/\/csotrading.com\/wp-content\/uploads\/2020\/06\/Trans-Messenger.jpg","type":"image\/jpeg"}],"twitter_card":"summary_large_image","schema":{"@context":"https:\/\/schema.org","@graph":[{"@type":"WebPage","@id":"https:\/\/csotrading.com\/tr\/product\/trans-messenger\/","url":"https:\/\/csotrading.com\/tr\/product\/trans-messenger\/","name":"Trans-Messenger - CSO TRADING","isPartOf":{"@id":"https:\/\/csotrading.com\/#website"},"primaryImageOfPage":{"@id":"https:\/\/csotrading.com\/tr\/product\/trans-messenger\/#primaryimage"},"image":{"@id":"https:\/\/csotrading.com\/tr\/product\/trans-messenger\/#primaryimage"},"thumbnailUrl":"https:\/\/csotrading.com\/wp-content\/uploads\/2020\/06\/Trans-Messenger.jpg","datePublished":"2020-06-27T21:38:49+00:00","dateModified":"2020-07-05T13:23:15+00:00","breadcrumb":{"@id":"https:\/\/csotrading.com\/tr\/product\/trans-messenger\/#breadcrumb"},"inLanguage":"tr","potentialAction":[{"@type":"ReadAction","target":["https:\/\/csotrading.com\/tr\/product\/trans-messenger\/"]}]},{"@type":"ImageObject","inLanguage":"tr","@id":"https:\/\/csotrading.com\/tr\/product\/trans-messenger\/#primaryimage","url":"https:\/\/csotrading.com\/wp-content\/uploads\/2020\/06\/Trans-Messenger.jpg","contentUrl":"https:\/\/csotrading.com\/wp-content\/uploads\/2020\/06\/Trans-Messenger.jpg","width":1280,"height":720},{"@type":"BreadcrumbList","@id":"https:\/\/csotrading.com\/tr\/product\/trans-messenger\/#breadcrumb","itemListElement":[{"@type":"ListItem","position":1,"name":"Home","item":"https:\/\/csotrading.com\/tr\/"},{"@type":"ListItem","position":2,"name":"Ma\u011faza","item":"https:\/\/csotrading.com\/magaza\/"},{"@type":"ListItem","position":3,"name":"Trans-Messenger"}]},{"@type":"WebSite","@id":"https:\/\/csotrading.com\/#website","url":"https:\/\/csotrading.com\/","name":"CSO TRADING","description":"","potentialAction":[{"@type":"SearchAction","target":{"@type":"EntryPoint","urlTemplate":"https:\/\/csotrading.com\/?s={search_term_string}"},"query-input":{"@type":"PropertyValueSpecification","valueRequired":true,"valueName":"search_term_string"}}],"inLanguage":"tr"}]}},"_links":{"self":[{"href":"https:\/\/csotrading.com\/tr\/wp-json\/wp\/v2\/product\/4796"}],"collection":[{"href":"https:\/\/csotrading.com\/tr\/wp-json\/wp\/v2\/product"}],"about":[{"href":"https:\/\/csotrading.com\/tr\/wp-json\/wp\/v2\/types\/product"}],"replies":[{"embeddable":true,"href":"https:\/\/csotrading.com\/tr\/wp-json\/wp\/v2\/comments?post=4796"}],"wp:featuredmedia":[{"embeddable":true,"href":"https:\/\/csotrading.com\/tr\/wp-json\/wp\/v2\/media\/4297"}],"wp:attachment":[{"href":"https:\/\/csotrading.com\/tr\/wp-json\/wp\/v2\/media?parent=4796"}],"wp:term":[{"taxonomy":"product_brand","embeddable":true,"href":"https:\/\/csotrading.com\/tr\/wp-json\/wp\/v2\/product_brand?post=4796"},{"taxonomy":"product_cat","embeddable":true,"href":"https:\/\/csotrading.com\/tr\/wp-json\/wp\/v2\/product_cat?post=4796"},{"taxonomy":"product_tag","embeddable":true,"href":"https:\/\/csotrading.com\/tr\/wp-json\/wp\/v2\/product_tag?post=4796"}],"curies":[{"name":"wp","href":"https:\/\/api.w.org\/{rel}","templated":true}]}}