{"id":4795,"date":"2020-06-28T00:42:24","date_gmt":"2020-06-27T21:42:24","guid":{"rendered":"http:\/\/csotrading.com\/product\/trans-web_ethernet-r\/"},"modified":"2020-07-05T16:17:31","modified_gmt":"2020-07-05T13:17:31","slug":"trans-web_ethernet-r","status":"publish","type":"product","link":"https:\/\/csotrading.com\/tr\/product\/trans-web_ethernet-r\/","title":{"rendered":"Trans-Web_Ethernet.R"},"content":{"rendered":"<p><img decoding=\"async\" src=\"https:\/\/www.emkoelektronik.com.tr\/pics\/products\/urunPics_23_Schema_en__1.jpg\" \/><\/p>\n","protected":false},"excerpt":{"rendered":"<p><span class=\"txt b\">G\u00f6m\u00fcl\u00fc Gateway Haberle\u015fme Mod\u00fcl\u00fc(Ethernet Haberle\u015fmeli)<\/span><\/p>\n<div><\/div>\n<p><span class=\"txt c\">RS-232\/RS485 ile ethernet ileti\u015fimi, Dahili http web sayfalar\u0131 ile ak\u0131ll\u0131 telefon ve Pc yoluyla uzaktan kontrol, Alarm durumunda e-mail g\u00f6nderimi, 4GB SD haf\u0131za, Alarm ve olay kay\u0131tlar\u0131, DHCP uyumlu, ModBus ASCII veya RTU cihaz uyumlu<\/span><\/p>\n","protected":false},"featured_media":4300,"comment_status":"open","ping_status":"closed","template":"","meta":[],"product_brand":[],"product_cat":[296],"product_tag":[276,361],"class_list":{"0":"post-4795","1":"product","2":"type-product","3":"status-publish","4":"has-post-thumbnail","6":"product_cat-moduller","7":"product_tag-trans","8":"product_tag-web_ethernet-r","10":"first","11":"instock","12":"shipping-taxable","13":"product-type-simple"},"yoast_head":"<!-- This site is optimized with the Yoast SEO plugin v24.3 - https:\/\/yoast.com\/wordpress\/plugins\/seo\/ -->\n<title>Trans-Web_Ethernet.R - CSO TRADING<\/title>\n<meta name=\"robots\" content=\"index, follow, max-snippet:-1, max-image-preview:large, max-video-preview:-1\" \/>\n<link rel=\"canonical\" href=\"https:\/\/csotrading.com\/tr\/product\/trans-web_ethernet-r\/\" \/>\n<meta property=\"og:locale\" content=\"tr_TR\" \/>\n<meta property=\"og:type\" content=\"article\" \/>\n<meta property=\"og:title\" content=\"Trans-Web_Ethernet.R - CSO TRADING\" \/>\n<meta property=\"og:description\" content=\"G\u00f6m\u00fcl\u00fc Gateway Haberle\u015fme Mod\u00fcl\u00fc(Ethernet Haberle\u015fmeli)  RS-232\/RS485 ile ethernet ileti\u015fimi, Dahili http web sayfalar\u0131 ile ak\u0131ll\u0131 telefon ve Pc yoluyla uzaktan kontrol, Alarm durumunda e-mail g\u00f6nderimi, 4GB SD haf\u0131za, Alarm ve olay kay\u0131tlar\u0131, DHCP uyumlu, ModBus ASCII veya RTU cihaz uyumlu\" \/>\n<meta property=\"og:url\" content=\"https:\/\/csotrading.com\/tr\/product\/trans-web_ethernet-r\/\" \/>\n<meta property=\"og:site_name\" content=\"CSO TRADING\" \/>\n<meta property=\"article:modified_time\" content=\"2020-07-05T13:17:31+00:00\" \/>\n<meta property=\"og:image\" content=\"https:\/\/csotrading.com\/wp-content\/uploads\/2020\/06\/Trans-Web_Ethernet.R.jpg\" \/>\n\t<meta property=\"og:image:width\" content=\"1280\" \/>\n\t<meta property=\"og:image:height\" content=\"720\" \/>\n\t<meta property=\"og:image:type\" content=\"image\/jpeg\" \/>\n<meta name=\"twitter:card\" content=\"summary_large_image\" \/>\n<script type=\"application\/ld+json\" class=\"yoast-schema-graph\">{\"@context\":\"https:\/\/schema.org\",\"@graph\":[{\"@type\":\"WebPage\",\"@id\":\"https:\/\/csotrading.com\/tr\/product\/trans-web_ethernet-r\/\",\"url\":\"https:\/\/csotrading.com\/tr\/product\/trans-web_ethernet-r\/\",\"name\":\"Trans-Web_Ethernet.R - CSO TRADING\",\"isPartOf\":{\"@id\":\"https:\/\/csotrading.com\/#website\"},\"primaryImageOfPage\":{\"@id\":\"https:\/\/csotrading.com\/tr\/product\/trans-web_ethernet-r\/#primaryimage\"},\"image\":{\"@id\":\"https:\/\/csotrading.com\/tr\/product\/trans-web_ethernet-r\/#primaryimage\"},\"thumbnailUrl\":\"https:\/\/csotrading.com\/wp-content\/uploads\/2020\/06\/Trans-Web_Ethernet.R.jpg\",\"datePublished\":\"2020-06-27T21:42:24+00:00\",\"dateModified\":\"2020-07-05T13:17:31+00:00\",\"breadcrumb\":{\"@id\":\"https:\/\/csotrading.com\/tr\/product\/trans-web_ethernet-r\/#breadcrumb\"},\"inLanguage\":\"tr\",\"potentialAction\":[{\"@type\":\"ReadAction\",\"target\":[\"https:\/\/csotrading.com\/tr\/product\/trans-web_ethernet-r\/\"]}]},{\"@type\":\"ImageObject\",\"inLanguage\":\"tr\",\"@id\":\"https:\/\/csotrading.com\/tr\/product\/trans-web_ethernet-r\/#primaryimage\",\"url\":\"https:\/\/csotrading.com\/wp-content\/uploads\/2020\/06\/Trans-Web_Ethernet.R.jpg\",\"contentUrl\":\"https:\/\/csotrading.com\/wp-content\/uploads\/2020\/06\/Trans-Web_Ethernet.R.jpg\",\"width\":1280,\"height\":720},{\"@type\":\"BreadcrumbList\",\"@id\":\"https:\/\/csotrading.com\/tr\/product\/trans-web_ethernet-r\/#breadcrumb\",\"itemListElement\":[{\"@type\":\"ListItem\",\"position\":1,\"name\":\"Home\",\"item\":\"https:\/\/csotrading.com\/tr\/\"},{\"@type\":\"ListItem\",\"position\":2,\"name\":\"Ma\u011faza\",\"item\":\"https:\/\/csotrading.com\/magaza\/\"},{\"@type\":\"ListItem\",\"position\":3,\"name\":\"Trans-Web_Ethernet.R\"}]},{\"@type\":\"WebSite\",\"@id\":\"https:\/\/csotrading.com\/#website\",\"url\":\"https:\/\/csotrading.com\/\",\"name\":\"CSO TRADING\",\"description\":\"\",\"potentialAction\":[{\"@type\":\"SearchAction\",\"target\":{\"@type\":\"EntryPoint\",\"urlTemplate\":\"https:\/\/csotrading.com\/?s={search_term_string}\"},\"query-input\":{\"@type\":\"PropertyValueSpecification\",\"valueRequired\":true,\"valueName\":\"search_term_string\"}}],\"inLanguage\":\"tr\"}]}<\/script>\n<!-- \/ Yoast SEO plugin. -->","yoast_head_json":{"title":"Trans-Web_Ethernet.R - CSO TRADING","robots":{"index":"index","follow":"follow","max-snippet":"max-snippet:-1","max-image-preview":"max-image-preview:large","max-video-preview":"max-video-preview:-1"},"canonical":"https:\/\/csotrading.com\/tr\/product\/trans-web_ethernet-r\/","og_locale":"tr_TR","og_type":"article","og_title":"Trans-Web_Ethernet.R - CSO TRADING","og_description":"G\u00f6m\u00fcl\u00fc Gateway Haberle\u015fme Mod\u00fcl\u00fc(Ethernet Haberle\u015fmeli)  RS-232\/RS485 ile ethernet ileti\u015fimi, Dahili http web sayfalar\u0131 ile ak\u0131ll\u0131 telefon ve Pc yoluyla uzaktan kontrol, Alarm durumunda e-mail g\u00f6nderimi, 4GB SD haf\u0131za, Alarm ve olay kay\u0131tlar\u0131, DHCP uyumlu, ModBus ASCII veya RTU cihaz uyumlu","og_url":"https:\/\/csotrading.com\/tr\/product\/trans-web_ethernet-r\/","og_site_name":"CSO TRADING","article_modified_time":"2020-07-05T13:17:31+00:00","og_image":[{"width":1280,"height":720,"url":"https:\/\/csotrading.com\/wp-content\/uploads\/2020\/06\/Trans-Web_Ethernet.R.jpg","type":"image\/jpeg"}],"twitter_card":"summary_large_image","schema":{"@context":"https:\/\/schema.org","@graph":[{"@type":"WebPage","@id":"https:\/\/csotrading.com\/tr\/product\/trans-web_ethernet-r\/","url":"https:\/\/csotrading.com\/tr\/product\/trans-web_ethernet-r\/","name":"Trans-Web_Ethernet.R - CSO TRADING","isPartOf":{"@id":"https:\/\/csotrading.com\/#website"},"primaryImageOfPage":{"@id":"https:\/\/csotrading.com\/tr\/product\/trans-web_ethernet-r\/#primaryimage"},"image":{"@id":"https:\/\/csotrading.com\/tr\/product\/trans-web_ethernet-r\/#primaryimage"},"thumbnailUrl":"https:\/\/csotrading.com\/wp-content\/uploads\/2020\/06\/Trans-Web_Ethernet.R.jpg","datePublished":"2020-06-27T21:42:24+00:00","dateModified":"2020-07-05T13:17:31+00:00","breadcrumb":{"@id":"https:\/\/csotrading.com\/tr\/product\/trans-web_ethernet-r\/#breadcrumb"},"inLanguage":"tr","potentialAction":[{"@type":"ReadAction","target":["https:\/\/csotrading.com\/tr\/product\/trans-web_ethernet-r\/"]}]},{"@type":"ImageObject","inLanguage":"tr","@id":"https:\/\/csotrading.com\/tr\/product\/trans-web_ethernet-r\/#primaryimage","url":"https:\/\/csotrading.com\/wp-content\/uploads\/2020\/06\/Trans-Web_Ethernet.R.jpg","contentUrl":"https:\/\/csotrading.com\/wp-content\/uploads\/2020\/06\/Trans-Web_Ethernet.R.jpg","width":1280,"height":720},{"@type":"BreadcrumbList","@id":"https:\/\/csotrading.com\/tr\/product\/trans-web_ethernet-r\/#breadcrumb","itemListElement":[{"@type":"ListItem","position":1,"name":"Home","item":"https:\/\/csotrading.com\/tr\/"},{"@type":"ListItem","position":2,"name":"Ma\u011faza","item":"https:\/\/csotrading.com\/magaza\/"},{"@type":"ListItem","position":3,"name":"Trans-Web_Ethernet.R"}]},{"@type":"WebSite","@id":"https:\/\/csotrading.com\/#website","url":"https:\/\/csotrading.com\/","name":"CSO TRADING","description":"","potentialAction":[{"@type":"SearchAction","target":{"@type":"EntryPoint","urlTemplate":"https:\/\/csotrading.com\/?s={search_term_string}"},"query-input":{"@type":"PropertyValueSpecification","valueRequired":true,"valueName":"search_term_string"}}],"inLanguage":"tr"}]}},"_links":{"self":[{"href":"https:\/\/csotrading.com\/tr\/wp-json\/wp\/v2\/product\/4795"}],"collection":[{"href":"https:\/\/csotrading.com\/tr\/wp-json\/wp\/v2\/product"}],"about":[{"href":"https:\/\/csotrading.com\/tr\/wp-json\/wp\/v2\/types\/product"}],"replies":[{"embeddable":true,"href":"https:\/\/csotrading.com\/tr\/wp-json\/wp\/v2\/comments?post=4795"}],"wp:featuredmedia":[{"embeddable":true,"href":"https:\/\/csotrading.com\/tr\/wp-json\/wp\/v2\/media\/4300"}],"wp:attachment":[{"href":"https:\/\/csotrading.com\/tr\/wp-json\/wp\/v2\/media?parent=4795"}],"wp:term":[{"taxonomy":"product_brand","embeddable":true,"href":"https:\/\/csotrading.com\/tr\/wp-json\/wp\/v2\/product_brand?post=4795"},{"taxonomy":"product_cat","embeddable":true,"href":"https:\/\/csotrading.com\/tr\/wp-json\/wp\/v2\/product_cat?post=4795"},{"taxonomy":"product_tag","embeddable":true,"href":"https:\/\/csotrading.com\/tr\/wp-json\/wp\/v2\/product_tag?post=4795"}],"curies":[{"name":"wp","href":"https:\/\/api.w.org\/{rel}","templated":true}]}}