{"id":4794,"date":"2020-06-28T00:45:24","date_gmt":"2020-06-27T21:45:24","guid":{"rendered":"http:\/\/csotrading.com\/product\/trans-dual\/"},"modified":"2020-07-05T16:12:19","modified_gmt":"2020-07-05T13:12:19","slug":"trans-dual","status":"publish","type":"product","link":"https:\/\/csotrading.com\/tr\/product\/trans-dual\/","title":{"rendered":"Trans.DUAL"},"content":{"rendered":"<p><img decoding=\"async\" src=\"https:\/\/www.emkoelektronik.com.tr\/pics\/products\/urunPics_26_Schema_en__1.jpg\" \/><\/p>\n","protected":false},"excerpt":{"rendered":"<p><span class=\"txt b\">Trans Serisi Ar\u0131za ve Zaman Yedekli Dual \u00c7al\u0131\u015fma Mod\u00fcl\u00fc<\/span><\/p>\n<div><\/div>\n<p><span class=\"txt c\">Trans-AUTO ve Trans-AMF serisi kontrol panellerine vidas\u0131z kolay montaj, Dual jenereat\u00f6r gruplar\u0131n\u0131n tanmlanabilir zaman periyotlar\u0131nda devreye girmesi, E\u015f ya\u015fland\u0131rma, \u00d6ncelik se\u00e7imi, Ar\u0131za durumunda di\u011fer grubu devreye alma, Zaman yedekli \u00e7al\u0131\u015fmada kesintisiz ge\u00e7i\u015f imkan\u0131<\/span><\/p>\n","protected":false},"featured_media":4303,"comment_status":"open","ping_status":"closed","template":"","meta":[],"product_brand":[],"product_cat":[296],"product_tag":[362,276],"class_list":{"0":"post-4794","1":"product","2":"type-product","3":"status-publish","4":"has-post-thumbnail","6":"product_cat-moduller","7":"product_tag-dual","8":"product_tag-trans","10":"first","11":"instock","12":"shipping-taxable","13":"product-type-simple"},"yoast_head":"<!-- This site is optimized with the Yoast SEO plugin v24.3 - https:\/\/yoast.com\/wordpress\/plugins\/seo\/ -->\n<title>Trans.DUAL - CSO TRADING<\/title>\n<meta name=\"robots\" content=\"index, follow, max-snippet:-1, max-image-preview:large, max-video-preview:-1\" \/>\n<link rel=\"canonical\" href=\"https:\/\/csotrading.com\/tr\/product\/trans-dual\/\" \/>\n<meta property=\"og:locale\" content=\"tr_TR\" \/>\n<meta property=\"og:type\" content=\"article\" \/>\n<meta property=\"og:title\" content=\"Trans.DUAL - CSO TRADING\" \/>\n<meta property=\"og:description\" content=\"Trans Serisi Ar\u0131za ve Zaman Yedekli Dual \u00c7al\u0131\u015fma Mod\u00fcl\u00fc  Trans-AUTO ve Trans-AMF serisi kontrol panellerine vidas\u0131z kolay montaj, Dual jenereat\u00f6r gruplar\u0131n\u0131n tanmlanabilir zaman periyotlar\u0131nda devreye girmesi, E\u015f ya\u015fland\u0131rma, \u00d6ncelik se\u00e7imi, Ar\u0131za durumunda di\u011fer grubu devreye alma, Zaman yedekli \u00e7al\u0131\u015fmada kesintisiz ge\u00e7i\u015f imkan\u0131\" \/>\n<meta property=\"og:url\" content=\"https:\/\/csotrading.com\/tr\/product\/trans-dual\/\" \/>\n<meta property=\"og:site_name\" content=\"CSO TRADING\" \/>\n<meta property=\"article:modified_time\" content=\"2020-07-05T13:12:19+00:00\" \/>\n<meta property=\"og:image\" content=\"https:\/\/csotrading.com\/wp-content\/uploads\/2020\/06\/Trans.DUAL_.jpg\" \/>\n\t<meta property=\"og:image:width\" content=\"1280\" \/>\n\t<meta property=\"og:image:height\" content=\"720\" \/>\n\t<meta property=\"og:image:type\" content=\"image\/jpeg\" \/>\n<meta name=\"twitter:card\" content=\"summary_large_image\" \/>\n<script type=\"application\/ld+json\" class=\"yoast-schema-graph\">{\"@context\":\"https:\/\/schema.org\",\"@graph\":[{\"@type\":\"WebPage\",\"@id\":\"https:\/\/csotrading.com\/tr\/product\/trans-dual\/\",\"url\":\"https:\/\/csotrading.com\/tr\/product\/trans-dual\/\",\"name\":\"Trans.DUAL - CSO TRADING\",\"isPartOf\":{\"@id\":\"https:\/\/csotrading.com\/#website\"},\"primaryImageOfPage\":{\"@id\":\"https:\/\/csotrading.com\/tr\/product\/trans-dual\/#primaryimage\"},\"image\":{\"@id\":\"https:\/\/csotrading.com\/tr\/product\/trans-dual\/#primaryimage\"},\"thumbnailUrl\":\"https:\/\/csotrading.com\/wp-content\/uploads\/2020\/06\/Trans.DUAL_.jpg\",\"datePublished\":\"2020-06-27T21:45:24+00:00\",\"dateModified\":\"2020-07-05T13:12:19+00:00\",\"breadcrumb\":{\"@id\":\"https:\/\/csotrading.com\/tr\/product\/trans-dual\/#breadcrumb\"},\"inLanguage\":\"tr\",\"potentialAction\":[{\"@type\":\"ReadAction\",\"target\":[\"https:\/\/csotrading.com\/tr\/product\/trans-dual\/\"]}]},{\"@type\":\"ImageObject\",\"inLanguage\":\"tr\",\"@id\":\"https:\/\/csotrading.com\/tr\/product\/trans-dual\/#primaryimage\",\"url\":\"https:\/\/csotrading.com\/wp-content\/uploads\/2020\/06\/Trans.DUAL_.jpg\",\"contentUrl\":\"https:\/\/csotrading.com\/wp-content\/uploads\/2020\/06\/Trans.DUAL_.jpg\",\"width\":1280,\"height\":720},{\"@type\":\"BreadcrumbList\",\"@id\":\"https:\/\/csotrading.com\/tr\/product\/trans-dual\/#breadcrumb\",\"itemListElement\":[{\"@type\":\"ListItem\",\"position\":1,\"name\":\"Home\",\"item\":\"https:\/\/csotrading.com\/tr\/\"},{\"@type\":\"ListItem\",\"position\":2,\"name\":\"Ma\u011faza\",\"item\":\"https:\/\/csotrading.com\/magaza\/\"},{\"@type\":\"ListItem\",\"position\":3,\"name\":\"Trans.DUAL\"}]},{\"@type\":\"WebSite\",\"@id\":\"https:\/\/csotrading.com\/#website\",\"url\":\"https:\/\/csotrading.com\/\",\"name\":\"CSO TRADING\",\"description\":\"\",\"potentialAction\":[{\"@type\":\"SearchAction\",\"target\":{\"@type\":\"EntryPoint\",\"urlTemplate\":\"https:\/\/csotrading.com\/?s={search_term_string}\"},\"query-input\":{\"@type\":\"PropertyValueSpecification\",\"valueRequired\":true,\"valueName\":\"search_term_string\"}}],\"inLanguage\":\"tr\"}]}<\/script>\n<!-- \/ Yoast SEO plugin. -->","yoast_head_json":{"title":"Trans.DUAL - CSO TRADING","robots":{"index":"index","follow":"follow","max-snippet":"max-snippet:-1","max-image-preview":"max-image-preview:large","max-video-preview":"max-video-preview:-1"},"canonical":"https:\/\/csotrading.com\/tr\/product\/trans-dual\/","og_locale":"tr_TR","og_type":"article","og_title":"Trans.DUAL - CSO TRADING","og_description":"Trans Serisi Ar\u0131za ve Zaman Yedekli Dual \u00c7al\u0131\u015fma Mod\u00fcl\u00fc  Trans-AUTO ve Trans-AMF serisi kontrol panellerine vidas\u0131z kolay montaj, Dual jenereat\u00f6r gruplar\u0131n\u0131n tanmlanabilir zaman periyotlar\u0131nda devreye girmesi, E\u015f ya\u015fland\u0131rma, \u00d6ncelik se\u00e7imi, Ar\u0131za durumunda di\u011fer grubu devreye alma, Zaman yedekli \u00e7al\u0131\u015fmada kesintisiz ge\u00e7i\u015f imkan\u0131","og_url":"https:\/\/csotrading.com\/tr\/product\/trans-dual\/","og_site_name":"CSO TRADING","article_modified_time":"2020-07-05T13:12:19+00:00","og_image":[{"width":1280,"height":720,"url":"https:\/\/csotrading.com\/wp-content\/uploads\/2020\/06\/Trans.DUAL_.jpg","type":"image\/jpeg"}],"twitter_card":"summary_large_image","schema":{"@context":"https:\/\/schema.org","@graph":[{"@type":"WebPage","@id":"https:\/\/csotrading.com\/tr\/product\/trans-dual\/","url":"https:\/\/csotrading.com\/tr\/product\/trans-dual\/","name":"Trans.DUAL - CSO TRADING","isPartOf":{"@id":"https:\/\/csotrading.com\/#website"},"primaryImageOfPage":{"@id":"https:\/\/csotrading.com\/tr\/product\/trans-dual\/#primaryimage"},"image":{"@id":"https:\/\/csotrading.com\/tr\/product\/trans-dual\/#primaryimage"},"thumbnailUrl":"https:\/\/csotrading.com\/wp-content\/uploads\/2020\/06\/Trans.DUAL_.jpg","datePublished":"2020-06-27T21:45:24+00:00","dateModified":"2020-07-05T13:12:19+00:00","breadcrumb":{"@id":"https:\/\/csotrading.com\/tr\/product\/trans-dual\/#breadcrumb"},"inLanguage":"tr","potentialAction":[{"@type":"ReadAction","target":["https:\/\/csotrading.com\/tr\/product\/trans-dual\/"]}]},{"@type":"ImageObject","inLanguage":"tr","@id":"https:\/\/csotrading.com\/tr\/product\/trans-dual\/#primaryimage","url":"https:\/\/csotrading.com\/wp-content\/uploads\/2020\/06\/Trans.DUAL_.jpg","contentUrl":"https:\/\/csotrading.com\/wp-content\/uploads\/2020\/06\/Trans.DUAL_.jpg","width":1280,"height":720},{"@type":"BreadcrumbList","@id":"https:\/\/csotrading.com\/tr\/product\/trans-dual\/#breadcrumb","itemListElement":[{"@type":"ListItem","position":1,"name":"Home","item":"https:\/\/csotrading.com\/tr\/"},{"@type":"ListItem","position":2,"name":"Ma\u011faza","item":"https:\/\/csotrading.com\/magaza\/"},{"@type":"ListItem","position":3,"name":"Trans.DUAL"}]},{"@type":"WebSite","@id":"https:\/\/csotrading.com\/#website","url":"https:\/\/csotrading.com\/","name":"CSO TRADING","description":"","potentialAction":[{"@type":"SearchAction","target":{"@type":"EntryPoint","urlTemplate":"https:\/\/csotrading.com\/?s={search_term_string}"},"query-input":{"@type":"PropertyValueSpecification","valueRequired":true,"valueName":"search_term_string"}}],"inLanguage":"tr"}]}},"_links":{"self":[{"href":"https:\/\/csotrading.com\/tr\/wp-json\/wp\/v2\/product\/4794"}],"collection":[{"href":"https:\/\/csotrading.com\/tr\/wp-json\/wp\/v2\/product"}],"about":[{"href":"https:\/\/csotrading.com\/tr\/wp-json\/wp\/v2\/types\/product"}],"replies":[{"embeddable":true,"href":"https:\/\/csotrading.com\/tr\/wp-json\/wp\/v2\/comments?post=4794"}],"wp:featuredmedia":[{"embeddable":true,"href":"https:\/\/csotrading.com\/tr\/wp-json\/wp\/v2\/media\/4303"}],"wp:attachment":[{"href":"https:\/\/csotrading.com\/tr\/wp-json\/wp\/v2\/media?parent=4794"}],"wp:term":[{"taxonomy":"product_brand","embeddable":true,"href":"https:\/\/csotrading.com\/tr\/wp-json\/wp\/v2\/product_brand?post=4794"},{"taxonomy":"product_cat","embeddable":true,"href":"https:\/\/csotrading.com\/tr\/wp-json\/wp\/v2\/product_cat?post=4794"},{"taxonomy":"product_tag","embeddable":true,"href":"https:\/\/csotrading.com\/tr\/wp-json\/wp\/v2\/product_tag?post=4794"}],"curies":[{"name":"wp","href":"https:\/\/api.w.org\/{rel}","templated":true}]}}