{"id":4793,"date":"2020-06-28T17:38:45","date_gmt":"2020-06-28T14:38:45","guid":{"rendered":"http:\/\/csotrading.com\/product\/esm-3711-cn\/"},"modified":"2020-07-05T16:04:18","modified_gmt":"2020-07-05T13:04:18","slug":"esm-3711-cn","status":"publish","type":"product","link":"https:\/\/csotrading.com\/tr\/product\/esm-3711-cn\/","title":{"rendered":"ESM-3711-CN"},"content":{"rendered":"<div class=\"print-area\">\n<div class=\"prod-technicals box all a\">\n<table>\n<tbody>\n<tr>\n<td><b>\u00d6zellikler<\/b><\/td>\n<td><b>A\u00e7\u0131klamalar<\/b><\/td>\n<\/tr>\n<tr>\n<td colspan=\"2\"><b>Fiziksel \u00d6zellikler<\/b><\/td>\n<\/tr>\n<tr>\n<td><b>\u00d6l\u00e7\u00fcler<\/b><\/td>\n<td>76mm x 34,5mm x 71mm<\/td>\n<\/tr>\n<tr>\n<td><b>Koruma S\u0131n\u0131f\u0131<\/b><\/td>\n<td>NEMA 4X \u00d6nden IP65, arkadan IP20<\/td>\n<\/tr>\n<tr>\n<td><b>Montaj<\/b><\/td>\n<td>Sabit montaj<\/td>\n<\/tr>\n<tr>\n<td><b>Depolama S\u0131cakl\u0131\u011f\u0131<\/b><\/td>\n<td>-30\u00b0C ile +80\u00b0C<\/td>\n<\/tr>\n<tr>\n<td><b>Ba\u011f\u0131l Nem<\/b><\/td>\n<td>90 % max. (Yo\u011funla\u015fma Olmayan Ortamda)<\/td>\n<\/tr>\n<tr>\n<td colspan=\"2\"><b>Elektriksel \u00d6zellikler<\/b><\/td>\n<\/tr>\n<tr>\n<td><b>Besleme Gerilimi<\/b><\/td>\n<td>230 Vac(+%15) 50\/60 Hz. 1.5 VA<br \/>\n115 Vac(+%15) 50\/60 Hz. 1.5 VA<br \/>\n24Vac (\u00b115%) 50\/60 Hz -1.5VA<br \/>\n24 Vac\/dc (+%15, +%10) 50\/60 Hz. 1.5 VA<br \/>\n100-240Vac 50\/60Hz<br \/>\n10-30Vdc 1.5 W<\/td>\n<\/tr>\n<tr>\n<td><b>Sens\u00f6r Giri\u015fi<\/b><\/td>\n<td>NTC (10k ohm @.25 \u00b0C)<br \/>\nPTC(1000 ohm @.25 \u00b0C)<br \/>\nKabin Sens\u00f6r Giri\u015fi<\/td>\n<\/tr>\n<tr>\n<td><b>Opsiyonel Sens\u00f6r Giri\u015fi<\/b><\/td>\n<td><\/td>\n<\/tr>\n<tr>\n<td><b>Skala<\/b><\/td>\n<td>NTC -50\u00b0C&#8230;100\u00b0C \/ -50.0\u00b0C&#8230;100.0\u00b0C<br \/>\nPTC -50\u00b0C&#8230;150\u00b0C \/ -50.0\u00b0C&#8230;150.0\u00b0C<\/td>\n<\/tr>\n<tr>\n<td><b>Do\u011fruluk<\/b><\/td>\n<td>Termorezistans i\u00e7in Tam skalan\u0131n \u00b1% 1<\/td>\n<\/tr>\n<tr>\n<td colspan=\"2\"><b>\u00c7\u0131k\u0131\u015f<\/b><\/td>\n<\/tr>\n<tr>\n<td><b>R\u00f6le \u00c7\u0131k\u0131\u015f\u0131<\/b><\/td>\n<td>Rezistif y\u00fckte 16(8) A@250 Vac (Kompres\u00f6r \u00c7\u0131k\u0131\u015f\u0131)<\/td>\n<\/tr>\n<tr>\n<td><b>SSR \u00c7\u0131k\u0131\u015f\u0131<\/b><\/td>\n<td><\/td>\n<\/tr>\n<tr>\n<td><b>Analog \u00c7\u0131k\u0131\u015f<\/b><\/td>\n<td><\/td>\n<\/tr>\n<tr>\n<td><b>Opsiyonel \u00c7\u0131k\u0131\u015flar<\/b><\/td>\n<td><\/td>\n<\/tr>\n<tr>\n<td colspan=\"2\"><b>Kontrol<\/b><\/td>\n<\/tr>\n<tr>\n<td><b>Kontrol Formu<\/b><\/td>\n<td>On \/ Off<\/td>\n<\/tr>\n<tr>\n<td><b>Okuma S\u0131kl\u0131\u011f\u0131<\/b><\/td>\n<td>Saniyede 3 okuma<\/td>\n<\/tr>\n<tr>\n<td><b>\u0130leti\u015fim Protokolleri<\/b><\/td>\n<td>RS-485, PROKEY Programlama\u00a0 Mod\u00fcl\u00fc<\/td>\n<\/tr>\n<tr>\n<td><b>Kalite Belgeleri<\/b><\/td>\n<td>EAC, CE<\/td>\n<\/tr>\n<\/tbody>\n<\/table>\n<\/div>\n<\/div>\n<div class=\"clr\"><\/div>\n<p>&nbsp;<\/p>\n","protected":false},"excerpt":{"rendered":"<p><span class=\"txt b\">Dijital ON\/OFF So\u011futma ve Defrost Kontrol Cihaz\u0131<\/span><\/p>\n<div><\/div>\n<p><span class=\"txt c\">Prob ar\u0131zas\u0131 durumunda, kompres\u00f6r\u2019\u00fcn s\u00fcrekli \u00e7al\u0131\u015fmas\u0131,<br \/>\ndurmas\u0131 veya periyodik \u00e7al\u0131\u015fma se\u00e7enekleri<br \/>\nFan\u2019\u0131 kompres\u00f6r ve defrosta ba\u011f\u0131ml\u0131 \u00e7al\u0131\u015ft\u0131rabilme<br \/>\n4 Dijit g\u00f6stergeli<br \/>\nNTC veya PTC giri\u015fi (Sipari\u015fte belirtimelidir)<br \/>\nON\/OFF S\u0131cakl\u0131k kontrol\u00fc, Ayarlanabilir \u00b0C, \u00b0F se\u00e7ene\u011fi<br \/>\nSe\u00e7ilebilir gazl\u0131 ya da elektrikli defrost fonksiyonu<br \/>\nDefrost (Off\/Cycle) fonksiyonu,<br \/>\nDefrost, Prob ar\u0131zas\u0131 ve alarm durumlar\u0131na g\u00f6re ayarlanabilen sesli uyar\u0131<br \/>\n(Dahili buzer)<br \/>\nProkey ile parametre y\u00fckleme (Opsiyonel)<br \/>\nModbus RTU ile uzaktan eri\u015fim, data toplama ve kontrol (Opsiyonel)<\/span><\/p>\n","protected":false},"featured_media":4621,"comment_status":"open","ping_status":"closed","template":"","meta":[],"product_brand":[],"product_cat":[372],"product_tag":[292,406,205],"class_list":{"0":"post-4793","1":"product","2":"type-product","3":"status-publish","4":"has-post-thumbnail","6":"product_cat-sogutma","7":"product_tag-292","8":"product_tag-cn","9":"product_tag-esm","11":"first","12":"instock","13":"shipping-taxable","14":"product-type-simple"},"yoast_head":"<!-- This site is optimized with the Yoast SEO plugin v24.3 - https:\/\/yoast.com\/wordpress\/plugins\/seo\/ -->\n<title>ESM-3711-CN - CSO TRADING<\/title>\n<meta name=\"robots\" content=\"index, follow, max-snippet:-1, max-image-preview:large, max-video-preview:-1\" \/>\n<link rel=\"canonical\" href=\"https:\/\/csotrading.com\/tr\/product\/esm-3711-cn\/\" \/>\n<meta property=\"og:locale\" content=\"tr_TR\" \/>\n<meta property=\"og:type\" content=\"article\" \/>\n<meta property=\"og:title\" content=\"ESM-3711-CN - CSO TRADING\" \/>\n<meta property=\"og:description\" content=\"Dijital ON\/OFF So\u011futma ve Defrost Kontrol Cihaz\u0131  Prob ar\u0131zas\u0131 durumunda, kompres\u00f6r\u2019\u00fcn s\u00fcrekli \u00e7al\u0131\u015fmas\u0131, durmas\u0131 veya periyodik \u00e7al\u0131\u015fma se\u00e7enekleri Fan\u2019\u0131 kompres\u00f6r ve defrosta ba\u011f\u0131ml\u0131 \u00e7al\u0131\u015ft\u0131rabilme 4 Dijit g\u00f6stergeli NTC veya PTC giri\u015fi (Sipari\u015fte belirtimelidir) ON\/OFF S\u0131cakl\u0131k kontrol\u00fc, Ayarlanabilir \u00b0C, \u00b0F se\u00e7ene\u011fi Se\u00e7ilebilir gazl\u0131 ya da elektrikli defrost fonksiyonu Defrost (Off\/Cycle) fonksiyonu, Defrost, Prob ar\u0131zas\u0131 ve alarm durumlar\u0131na g\u00f6re ayarlanabilen sesli uyar\u0131 (Dahili buzer) Prokey ile parametre y\u00fckleme (Opsiyonel) Modbus RTU ile uzaktan eri\u015fim, data toplama ve kontrol (Opsiyonel)\" \/>\n<meta property=\"og:url\" content=\"https:\/\/csotrading.com\/tr\/product\/esm-3711-cn\/\" \/>\n<meta property=\"og:site_name\" content=\"CSO TRADING\" \/>\n<meta property=\"article:modified_time\" content=\"2020-07-05T13:04:18+00:00\" \/>\n<meta property=\"og:image\" content=\"https:\/\/csotrading.com\/wp-content\/uploads\/2020\/06\/SM-3711-CN.jpg\" \/>\n\t<meta property=\"og:image:width\" content=\"1280\" \/>\n\t<meta property=\"og:image:height\" content=\"720\" \/>\n\t<meta property=\"og:image:type\" content=\"image\/jpeg\" \/>\n<meta name=\"twitter:card\" content=\"summary_large_image\" \/>\n<meta name=\"twitter:label1\" content=\"Tahmini okuma s\u00fcresi\" \/>\n\t<meta name=\"twitter:data1\" content=\"1 dakika\" \/>\n<script type=\"application\/ld+json\" class=\"yoast-schema-graph\">{\"@context\":\"https:\/\/schema.org\",\"@graph\":[{\"@type\":\"WebPage\",\"@id\":\"https:\/\/csotrading.com\/tr\/product\/esm-3711-cn\/\",\"url\":\"https:\/\/csotrading.com\/tr\/product\/esm-3711-cn\/\",\"name\":\"ESM-3711-CN - CSO TRADING\",\"isPartOf\":{\"@id\":\"https:\/\/csotrading.com\/#website\"},\"primaryImageOfPage\":{\"@id\":\"https:\/\/csotrading.com\/tr\/product\/esm-3711-cn\/#primaryimage\"},\"image\":{\"@id\":\"https:\/\/csotrading.com\/tr\/product\/esm-3711-cn\/#primaryimage\"},\"thumbnailUrl\":\"https:\/\/csotrading.com\/wp-content\/uploads\/2020\/06\/SM-3711-CN.jpg\",\"datePublished\":\"2020-06-28T14:38:45+00:00\",\"dateModified\":\"2020-07-05T13:04:18+00:00\",\"breadcrumb\":{\"@id\":\"https:\/\/csotrading.com\/tr\/product\/esm-3711-cn\/#breadcrumb\"},\"inLanguage\":\"tr\",\"potentialAction\":[{\"@type\":\"ReadAction\",\"target\":[\"https:\/\/csotrading.com\/tr\/product\/esm-3711-cn\/\"]}]},{\"@type\":\"ImageObject\",\"inLanguage\":\"tr\",\"@id\":\"https:\/\/csotrading.com\/tr\/product\/esm-3711-cn\/#primaryimage\",\"url\":\"https:\/\/csotrading.com\/wp-content\/uploads\/2020\/06\/SM-3711-CN.jpg\",\"contentUrl\":\"https:\/\/csotrading.com\/wp-content\/uploads\/2020\/06\/SM-3711-CN.jpg\",\"width\":1280,\"height\":720},{\"@type\":\"BreadcrumbList\",\"@id\":\"https:\/\/csotrading.com\/tr\/product\/esm-3711-cn\/#breadcrumb\",\"itemListElement\":[{\"@type\":\"ListItem\",\"position\":1,\"name\":\"Home\",\"item\":\"https:\/\/csotrading.com\/tr\/\"},{\"@type\":\"ListItem\",\"position\":2,\"name\":\"Ma\u011faza\",\"item\":\"https:\/\/csotrading.com\/magaza\/\"},{\"@type\":\"ListItem\",\"position\":3,\"name\":\"ESM-3711-CN\"}]},{\"@type\":\"WebSite\",\"@id\":\"https:\/\/csotrading.com\/#website\",\"url\":\"https:\/\/csotrading.com\/\",\"name\":\"CSO TRADING\",\"description\":\"\",\"potentialAction\":[{\"@type\":\"SearchAction\",\"target\":{\"@type\":\"EntryPoint\",\"urlTemplate\":\"https:\/\/csotrading.com\/?s={search_term_string}\"},\"query-input\":{\"@type\":\"PropertyValueSpecification\",\"valueRequired\":true,\"valueName\":\"search_term_string\"}}],\"inLanguage\":\"tr\"}]}<\/script>\n<!-- \/ Yoast SEO plugin. -->","yoast_head_json":{"title":"ESM-3711-CN - CSO TRADING","robots":{"index":"index","follow":"follow","max-snippet":"max-snippet:-1","max-image-preview":"max-image-preview:large","max-video-preview":"max-video-preview:-1"},"canonical":"https:\/\/csotrading.com\/tr\/product\/esm-3711-cn\/","og_locale":"tr_TR","og_type":"article","og_title":"ESM-3711-CN - CSO TRADING","og_description":"Dijital ON\/OFF So\u011futma ve Defrost Kontrol Cihaz\u0131  Prob ar\u0131zas\u0131 durumunda, kompres\u00f6r\u2019\u00fcn s\u00fcrekli \u00e7al\u0131\u015fmas\u0131, durmas\u0131 veya periyodik \u00e7al\u0131\u015fma se\u00e7enekleri Fan\u2019\u0131 kompres\u00f6r ve defrosta ba\u011f\u0131ml\u0131 \u00e7al\u0131\u015ft\u0131rabilme 4 Dijit g\u00f6stergeli NTC veya PTC giri\u015fi (Sipari\u015fte belirtimelidir) ON\/OFF S\u0131cakl\u0131k kontrol\u00fc, Ayarlanabilir \u00b0C, \u00b0F se\u00e7ene\u011fi Se\u00e7ilebilir gazl\u0131 ya da elektrikli defrost fonksiyonu Defrost (Off\/Cycle) fonksiyonu, Defrost, Prob ar\u0131zas\u0131 ve alarm durumlar\u0131na g\u00f6re ayarlanabilen sesli uyar\u0131 (Dahili buzer) Prokey ile parametre y\u00fckleme (Opsiyonel) Modbus RTU ile uzaktan eri\u015fim, data toplama ve kontrol (Opsiyonel)","og_url":"https:\/\/csotrading.com\/tr\/product\/esm-3711-cn\/","og_site_name":"CSO TRADING","article_modified_time":"2020-07-05T13:04:18+00:00","og_image":[{"width":1280,"height":720,"url":"https:\/\/csotrading.com\/wp-content\/uploads\/2020\/06\/SM-3711-CN.jpg","type":"image\/jpeg"}],"twitter_card":"summary_large_image","twitter_misc":{"Tahmini okuma s\u00fcresi":"1 dakika"},"schema":{"@context":"https:\/\/schema.org","@graph":[{"@type":"WebPage","@id":"https:\/\/csotrading.com\/tr\/product\/esm-3711-cn\/","url":"https:\/\/csotrading.com\/tr\/product\/esm-3711-cn\/","name":"ESM-3711-CN - CSO TRADING","isPartOf":{"@id":"https:\/\/csotrading.com\/#website"},"primaryImageOfPage":{"@id":"https:\/\/csotrading.com\/tr\/product\/esm-3711-cn\/#primaryimage"},"image":{"@id":"https:\/\/csotrading.com\/tr\/product\/esm-3711-cn\/#primaryimage"},"thumbnailUrl":"https:\/\/csotrading.com\/wp-content\/uploads\/2020\/06\/SM-3711-CN.jpg","datePublished":"2020-06-28T14:38:45+00:00","dateModified":"2020-07-05T13:04:18+00:00","breadcrumb":{"@id":"https:\/\/csotrading.com\/tr\/product\/esm-3711-cn\/#breadcrumb"},"inLanguage":"tr","potentialAction":[{"@type":"ReadAction","target":["https:\/\/csotrading.com\/tr\/product\/esm-3711-cn\/"]}]},{"@type":"ImageObject","inLanguage":"tr","@id":"https:\/\/csotrading.com\/tr\/product\/esm-3711-cn\/#primaryimage","url":"https:\/\/csotrading.com\/wp-content\/uploads\/2020\/06\/SM-3711-CN.jpg","contentUrl":"https:\/\/csotrading.com\/wp-content\/uploads\/2020\/06\/SM-3711-CN.jpg","width":1280,"height":720},{"@type":"BreadcrumbList","@id":"https:\/\/csotrading.com\/tr\/product\/esm-3711-cn\/#breadcrumb","itemListElement":[{"@type":"ListItem","position":1,"name":"Home","item":"https:\/\/csotrading.com\/tr\/"},{"@type":"ListItem","position":2,"name":"Ma\u011faza","item":"https:\/\/csotrading.com\/magaza\/"},{"@type":"ListItem","position":3,"name":"ESM-3711-CN"}]},{"@type":"WebSite","@id":"https:\/\/csotrading.com\/#website","url":"https:\/\/csotrading.com\/","name":"CSO TRADING","description":"","potentialAction":[{"@type":"SearchAction","target":{"@type":"EntryPoint","urlTemplate":"https:\/\/csotrading.com\/?s={search_term_string}"},"query-input":{"@type":"PropertyValueSpecification","valueRequired":true,"valueName":"search_term_string"}}],"inLanguage":"tr"}]}},"_links":{"self":[{"href":"https:\/\/csotrading.com\/tr\/wp-json\/wp\/v2\/product\/4793"}],"collection":[{"href":"https:\/\/csotrading.com\/tr\/wp-json\/wp\/v2\/product"}],"about":[{"href":"https:\/\/csotrading.com\/tr\/wp-json\/wp\/v2\/types\/product"}],"replies":[{"embeddable":true,"href":"https:\/\/csotrading.com\/tr\/wp-json\/wp\/v2\/comments?post=4793"}],"wp:featuredmedia":[{"embeddable":true,"href":"https:\/\/csotrading.com\/tr\/wp-json\/wp\/v2\/media\/4621"}],"wp:attachment":[{"href":"https:\/\/csotrading.com\/tr\/wp-json\/wp\/v2\/media?parent=4793"}],"wp:term":[{"taxonomy":"product_brand","embeddable":true,"href":"https:\/\/csotrading.com\/tr\/wp-json\/wp\/v2\/product_brand?post=4793"},{"taxonomy":"product_cat","embeddable":true,"href":"https:\/\/csotrading.com\/tr\/wp-json\/wp\/v2\/product_cat?post=4793"},{"taxonomy":"product_tag","embeddable":true,"href":"https:\/\/csotrading.com\/tr\/wp-json\/wp\/v2\/product_tag?post=4793"}],"curies":[{"name":"wp","href":"https:\/\/api.w.org\/{rel}","templated":true}]}}