{"id":4786,"date":"2020-06-29T21:21:51","date_gmt":"2020-06-29T18:21:51","guid":{"rendered":"http:\/\/csotrading.com\/product\/esm-9944-n\/"},"modified":"2020-07-05T15:50:07","modified_gmt":"2020-07-05T12:50:07","slug":"esm-9944-n","status":"publish","type":"product","link":"https:\/\/csotrading.com\/tr\/product\/esm-9944-n\/","title":{"rendered":"ESM-9944-N"},"content":{"rendered":"<table>\n<tbody>\n<tr>\n<td><b>\u00d6zellikler<\/b><\/td>\n<td><b>A\u00e7\u0131klamalar<\/b><\/td>\n<\/tr>\n<tr>\n<td colspan=\"2\"><b>Fiziksel \u00d6zellikler<\/b><\/td>\n<\/tr>\n<tr>\n<td><b>\u00d6l\u00e7\u00fcler<\/b><\/td>\n<td>96 mm x 96 mm 100 mm.<\/td>\n<\/tr>\n<tr>\n<td><b>Koruma S\u0131n\u0131f\u0131<\/b><\/td>\n<td>(\u00d6nden IP65, arkadan IP20)<\/td>\n<\/tr>\n<tr>\n<td><b>Montaj<\/b><\/td>\n<td>Sabit montaj<\/td>\n<\/tr>\n<tr>\n<td><b>Depolama \/ \u00c7al\u0131\u015fma S\u0131cakl\u0131\u011f\u0131<\/b><\/td>\n<td>0&#8230;50\u00b0C<\/td>\n<\/tr>\n<tr>\n<td><b>Ba\u011f\u0131l Nem<\/b><\/td>\n<td>90 % max. (Yo\u011funla\u015fma Olmayan Ortamda)<\/td>\n<\/tr>\n<tr>\n<td colspan=\"2\"><b>Elektriksel \u00d6zellikler<\/b><\/td>\n<\/tr>\n<tr>\n<td><b>Besleme Gerilimi<\/b><\/td>\n<td>24 Vac (-%15)+%10) 50\/60 Hz.3VA<br \/>\n115 Vac (-%15)+%10) 50\/60 Hz.3VA<br \/>\n230 Vac (-%15)+%10) 50\/60 Hz.3VA<\/td>\n<\/tr>\n<tr>\n<td><b>Sens\u00f6r Giri\u015fi<\/b><\/td>\n<td>Termokupl (TC): J, K, R veS (IEC584.1)(ITS90)<br \/>\nTermorezistans (RTD): 2 veya 3 telli Pt100 ( IEC 751) (ITS90)<\/td>\n<\/tr>\n<tr>\n<td><b>Opsiyonel Sens\u00f6r Giri\u015fi<\/b><\/td>\n<td><\/td>\n<\/tr>\n<tr>\n<td><b>Skala<\/b><\/td>\n<td>Fe CuNi -200\u00b0C&#8230;900\u00b0C<br \/>\nNiCr,Ni -200\u00b0C&#8230;1300\u00b0C<br \/>\nPt13%RhPt 0\u00baC,1700\u00baC<br \/>\nPt10%RhPt 0\u00baC,1700\u00baC<br \/>\nPT 100 -200\u00b0C&#8230;650\u00b0C<\/td>\n<\/tr>\n<tr>\n<td><b>Do\u011fruluk<\/b><\/td>\n<td>Skalan\u0131n \u00b1 %0.25&#8217;i<\/td>\n<\/tr>\n<tr>\n<td colspan=\"2\"><b>\u00c7\u0131k\u0131\u015f<\/b><\/td>\n<\/tr>\n<tr>\n<td><b>R\u00f6le \u00c7\u0131k\u0131\u015f\u0131<\/b><\/td>\n<td>S\u0131cakl\u0131k \u00c7\u0131k\u0131\u015f\u0131: Rezistif y\u00fckte 7A@250V<br \/>\nZaman \u00c7\u0131k\u0131\u015f\u0131 : Rezistif y\u00fckte 5A@250V<\/td>\n<\/tr>\n<tr>\n<td><b>SSR \u00c7\u0131k\u0131\u015f\u0131<\/b><\/td>\n<td>S\u0131cakl\u0131k \u00c7\u0131k\u0131\u015f\u0131: maks. 10 mA@17Vdc<br \/>\nZaman \u00c7\u0131k\u0131\u015f\u0131: maks. 10 mA@17Vdc<\/td>\n<\/tr>\n<tr>\n<td><b>Analog \u00c7\u0131k\u0131\u015f<\/b><\/td>\n<td><\/td>\n<\/tr>\n<tr>\n<td><b>Opsiyonel \u00c7\u0131k\u0131\u015flar<\/b><\/td>\n<td><\/td>\n<\/tr>\n<tr>\n<td colspan=\"2\"><b>Kontrol<\/b><\/td>\n<\/tr>\n<tr>\n<td><b>Kontrol Formu<\/b><\/td>\n<td>ON\/OFF, P, PI, PD, ve PID<\/td>\n<\/tr>\n<tr>\n<td><b>Okuma S\u0131kl\u0131\u011f\u0131<\/b><\/td>\n<td>Saniyede 10 Okuma<\/td>\n<\/tr>\n<tr>\n<td><b>\u0130leti\u015fim Protokolleri<\/b><\/td>\n<td><\/td>\n<\/tr>\n<tr>\n<td><b>Kalite Belgeleri<\/b><\/td>\n<td>CE<\/td>\n<\/tr>\n<\/tbody>\n<\/table>\n","protected":false},"excerpt":{"rendered":"<p><span class=\"txt b\">Unlu Mam\u00fcl Pi\u015firme Kontrol Cihaz\u0131<\/span><\/p>\n<div><\/div>\n<p><span class=\"txt c\">Programlanabilir ON\/OFF, P, PI, PD, ve PID kontrol formlar\u0131<br \/>\nTek Display Ve Port \u0130le Kullan\u0131m Kolayl\u0131\u011f\u0131<br \/>\nAuto Tune\/Self Tune i\u015flemi ile PID katsay\u0131lar\u0131n\u0131n<br \/>\nsisteme adaptasyonu<br \/>\n4 dijit g\u00f6stergeli<br \/>\nProses giri\u015fi (TC,RTD)<br \/>\nJ, K, R, S Termokupl ve<br \/>\n2 veya 3 telli Pt100 giri\u015fi<br \/>\nAyarlanabilir Set Ofset De\u011feri<br \/>\nSaat &#8211; Dakika veya Dakika &#8211; Saniye olarak<br \/>\n\u00e7al\u0131\u015fma s\u00fcresi se\u00e7imi<br \/>\nDahili buzzer ile sesli uyar\u0131 \u00f6zelli\u011fi<br \/>\nKap\u0131 switch\u2019i giri\u015fi<\/span><\/p>\n","protected":false},"featured_media":4675,"comment_status":"closed","ping_status":"closed","template":"","meta":[],"product_brand":[],"product_cat":[373],"product_tag":[411,205],"class_list":{"0":"post-4786","1":"product","2":"type-product","3":"status-publish","4":"has-post-thumbnail","6":"product_cat-pisirme-firin","7":"product_tag-9944-n","8":"product_tag-esm","10":"first","11":"instock","12":"shipping-taxable","13":"product-type-simple"},"yoast_head":"<!-- This site is optimized with the Yoast SEO plugin v24.3 - https:\/\/yoast.com\/wordpress\/plugins\/seo\/ -->\n<title>ESM-9944-N - CSO TRADING<\/title>\n<meta name=\"robots\" content=\"index, follow, max-snippet:-1, max-image-preview:large, max-video-preview:-1\" \/>\n<link rel=\"canonical\" href=\"https:\/\/csotrading.com\/tr\/product\/esm-9944-n\/\" \/>\n<meta property=\"og:locale\" content=\"tr_TR\" \/>\n<meta property=\"og:type\" content=\"article\" \/>\n<meta property=\"og:title\" content=\"ESM-9944-N - CSO TRADING\" \/>\n<meta property=\"og:description\" content=\"Unlu Mam\u00fcl Pi\u015firme Kontrol Cihaz\u0131  Programlanabilir ON\/OFF, P, PI, PD, ve PID kontrol formlar\u0131 Tek Display Ve Port \u0130le Kullan\u0131m Kolayl\u0131\u011f\u0131 Auto Tune\/Self Tune i\u015flemi ile PID katsay\u0131lar\u0131n\u0131n sisteme adaptasyonu 4 dijit g\u00f6stergeli Proses giri\u015fi (TC,RTD) J, K, R, S Termokupl ve 2 veya 3 telli Pt100 giri\u015fi Ayarlanabilir Set Ofset De\u011feri Saat - Dakika veya Dakika - Saniye olarak \u00e7al\u0131\u015fma s\u00fcresi se\u00e7imi Dahili buzzer ile sesli uyar\u0131 \u00f6zelli\u011fi Kap\u0131 switch\u2019i giri\u015fi\" \/>\n<meta property=\"og:url\" content=\"https:\/\/csotrading.com\/tr\/product\/esm-9944-n\/\" \/>\n<meta property=\"og:site_name\" content=\"CSO TRADING\" \/>\n<meta property=\"article:modified_time\" content=\"2020-07-05T12:50:07+00:00\" \/>\n<meta property=\"og:image\" content=\"https:\/\/csotrading.com\/wp-content\/uploads\/2020\/06\/ESM-9944-N.jpg\" \/>\n\t<meta property=\"og:image:width\" content=\"1280\" \/>\n\t<meta property=\"og:image:height\" content=\"720\" \/>\n\t<meta property=\"og:image:type\" content=\"image\/jpeg\" \/>\n<meta name=\"twitter:card\" content=\"summary_large_image\" \/>\n<meta name=\"twitter:label1\" content=\"Tahmini okuma s\u00fcresi\" \/>\n\t<meta name=\"twitter:data1\" content=\"1 dakika\" \/>\n<script type=\"application\/ld+json\" class=\"yoast-schema-graph\">{\"@context\":\"https:\/\/schema.org\",\"@graph\":[{\"@type\":\"WebPage\",\"@id\":\"https:\/\/csotrading.com\/tr\/product\/esm-9944-n\/\",\"url\":\"https:\/\/csotrading.com\/tr\/product\/esm-9944-n\/\",\"name\":\"ESM-9944-N - CSO TRADING\",\"isPartOf\":{\"@id\":\"https:\/\/csotrading.com\/#website\"},\"primaryImageOfPage\":{\"@id\":\"https:\/\/csotrading.com\/tr\/product\/esm-9944-n\/#primaryimage\"},\"image\":{\"@id\":\"https:\/\/csotrading.com\/tr\/product\/esm-9944-n\/#primaryimage\"},\"thumbnailUrl\":\"https:\/\/csotrading.com\/wp-content\/uploads\/2020\/06\/ESM-9944-N.jpg\",\"datePublished\":\"2020-06-29T18:21:51+00:00\",\"dateModified\":\"2020-07-05T12:50:07+00:00\",\"breadcrumb\":{\"@id\":\"https:\/\/csotrading.com\/tr\/product\/esm-9944-n\/#breadcrumb\"},\"inLanguage\":\"tr\",\"potentialAction\":[{\"@type\":\"ReadAction\",\"target\":[\"https:\/\/csotrading.com\/tr\/product\/esm-9944-n\/\"]}]},{\"@type\":\"ImageObject\",\"inLanguage\":\"tr\",\"@id\":\"https:\/\/csotrading.com\/tr\/product\/esm-9944-n\/#primaryimage\",\"url\":\"https:\/\/csotrading.com\/wp-content\/uploads\/2020\/06\/ESM-9944-N.jpg\",\"contentUrl\":\"https:\/\/csotrading.com\/wp-content\/uploads\/2020\/06\/ESM-9944-N.jpg\",\"width\":1280,\"height\":720},{\"@type\":\"BreadcrumbList\",\"@id\":\"https:\/\/csotrading.com\/tr\/product\/esm-9944-n\/#breadcrumb\",\"itemListElement\":[{\"@type\":\"ListItem\",\"position\":1,\"name\":\"Home\",\"item\":\"https:\/\/csotrading.com\/tr\/\"},{\"@type\":\"ListItem\",\"position\":2,\"name\":\"Ma\u011faza\",\"item\":\"https:\/\/csotrading.com\/magaza\/\"},{\"@type\":\"ListItem\",\"position\":3,\"name\":\"ESM-9944-N\"}]},{\"@type\":\"WebSite\",\"@id\":\"https:\/\/csotrading.com\/#website\",\"url\":\"https:\/\/csotrading.com\/\",\"name\":\"CSO TRADING\",\"description\":\"\",\"potentialAction\":[{\"@type\":\"SearchAction\",\"target\":{\"@type\":\"EntryPoint\",\"urlTemplate\":\"https:\/\/csotrading.com\/?s={search_term_string}\"},\"query-input\":{\"@type\":\"PropertyValueSpecification\",\"valueRequired\":true,\"valueName\":\"search_term_string\"}}],\"inLanguage\":\"tr\"}]}<\/script>\n<!-- \/ Yoast SEO plugin. -->","yoast_head_json":{"title":"ESM-9944-N - CSO TRADING","robots":{"index":"index","follow":"follow","max-snippet":"max-snippet:-1","max-image-preview":"max-image-preview:large","max-video-preview":"max-video-preview:-1"},"canonical":"https:\/\/csotrading.com\/tr\/product\/esm-9944-n\/","og_locale":"tr_TR","og_type":"article","og_title":"ESM-9944-N - CSO TRADING","og_description":"Unlu Mam\u00fcl Pi\u015firme Kontrol Cihaz\u0131  Programlanabilir ON\/OFF, P, PI, PD, ve PID kontrol formlar\u0131 Tek Display Ve Port \u0130le Kullan\u0131m Kolayl\u0131\u011f\u0131 Auto Tune\/Self Tune i\u015flemi ile PID katsay\u0131lar\u0131n\u0131n sisteme adaptasyonu 4 dijit g\u00f6stergeli Proses giri\u015fi (TC,RTD) J, K, R, S Termokupl ve 2 veya 3 telli Pt100 giri\u015fi Ayarlanabilir Set Ofset De\u011feri Saat - Dakika veya Dakika - Saniye olarak \u00e7al\u0131\u015fma s\u00fcresi se\u00e7imi Dahili buzzer ile sesli uyar\u0131 \u00f6zelli\u011fi Kap\u0131 switch\u2019i giri\u015fi","og_url":"https:\/\/csotrading.com\/tr\/product\/esm-9944-n\/","og_site_name":"CSO TRADING","article_modified_time":"2020-07-05T12:50:07+00:00","og_image":[{"width":1280,"height":720,"url":"https:\/\/csotrading.com\/wp-content\/uploads\/2020\/06\/ESM-9944-N.jpg","type":"image\/jpeg"}],"twitter_card":"summary_large_image","twitter_misc":{"Tahmini okuma s\u00fcresi":"1 dakika"},"schema":{"@context":"https:\/\/schema.org","@graph":[{"@type":"WebPage","@id":"https:\/\/csotrading.com\/tr\/product\/esm-9944-n\/","url":"https:\/\/csotrading.com\/tr\/product\/esm-9944-n\/","name":"ESM-9944-N - CSO TRADING","isPartOf":{"@id":"https:\/\/csotrading.com\/#website"},"primaryImageOfPage":{"@id":"https:\/\/csotrading.com\/tr\/product\/esm-9944-n\/#primaryimage"},"image":{"@id":"https:\/\/csotrading.com\/tr\/product\/esm-9944-n\/#primaryimage"},"thumbnailUrl":"https:\/\/csotrading.com\/wp-content\/uploads\/2020\/06\/ESM-9944-N.jpg","datePublished":"2020-06-29T18:21:51+00:00","dateModified":"2020-07-05T12:50:07+00:00","breadcrumb":{"@id":"https:\/\/csotrading.com\/tr\/product\/esm-9944-n\/#breadcrumb"},"inLanguage":"tr","potentialAction":[{"@type":"ReadAction","target":["https:\/\/csotrading.com\/tr\/product\/esm-9944-n\/"]}]},{"@type":"ImageObject","inLanguage":"tr","@id":"https:\/\/csotrading.com\/tr\/product\/esm-9944-n\/#primaryimage","url":"https:\/\/csotrading.com\/wp-content\/uploads\/2020\/06\/ESM-9944-N.jpg","contentUrl":"https:\/\/csotrading.com\/wp-content\/uploads\/2020\/06\/ESM-9944-N.jpg","width":1280,"height":720},{"@type":"BreadcrumbList","@id":"https:\/\/csotrading.com\/tr\/product\/esm-9944-n\/#breadcrumb","itemListElement":[{"@type":"ListItem","position":1,"name":"Home","item":"https:\/\/csotrading.com\/tr\/"},{"@type":"ListItem","position":2,"name":"Ma\u011faza","item":"https:\/\/csotrading.com\/magaza\/"},{"@type":"ListItem","position":3,"name":"ESM-9944-N"}]},{"@type":"WebSite","@id":"https:\/\/csotrading.com\/#website","url":"https:\/\/csotrading.com\/","name":"CSO TRADING","description":"","potentialAction":[{"@type":"SearchAction","target":{"@type":"EntryPoint","urlTemplate":"https:\/\/csotrading.com\/?s={search_term_string}"},"query-input":{"@type":"PropertyValueSpecification","valueRequired":true,"valueName":"search_term_string"}}],"inLanguage":"tr"}]}},"_links":{"self":[{"href":"https:\/\/csotrading.com\/tr\/wp-json\/wp\/v2\/product\/4786"}],"collection":[{"href":"https:\/\/csotrading.com\/tr\/wp-json\/wp\/v2\/product"}],"about":[{"href":"https:\/\/csotrading.com\/tr\/wp-json\/wp\/v2\/types\/product"}],"replies":[{"embeddable":true,"href":"https:\/\/csotrading.com\/tr\/wp-json\/wp\/v2\/comments?post=4786"}],"wp:featuredmedia":[{"embeddable":true,"href":"https:\/\/csotrading.com\/tr\/wp-json\/wp\/v2\/media\/4675"}],"wp:attachment":[{"href":"https:\/\/csotrading.com\/tr\/wp-json\/wp\/v2\/media?parent=4786"}],"wp:term":[{"taxonomy":"product_brand","embeddable":true,"href":"https:\/\/csotrading.com\/tr\/wp-json\/wp\/v2\/product_brand?post=4786"},{"taxonomy":"product_cat","embeddable":true,"href":"https:\/\/csotrading.com\/tr\/wp-json\/wp\/v2\/product_cat?post=4786"},{"taxonomy":"product_tag","embeddable":true,"href":"https:\/\/csotrading.com\/tr\/wp-json\/wp\/v2\/product_tag?post=4786"}],"curies":[{"name":"wp","href":"https:\/\/api.w.org\/{rel}","templated":true}]}}