{"id":4774,"date":"2020-07-05T13:47:06","date_gmt":"2020-07-05T10:47:06","guid":{"rendered":"http:\/\/csotrading.com\/product\/epr-3790-digital-power-regulator\/"},"modified":"2020-07-05T13:52:51","modified_gmt":"2020-07-05T10:52:51","slug":"epr-3790-digital-power-regulator","status":"publish","type":"product","link":"https:\/\/csotrading.com\/tr\/product\/epr-3790-digital-power-regulator\/","title":{"rendered":"EPR-3790 Dijital Power Regulator"},"content":{"rendered":"<p>&#8211; 4 Dijit G\u00f6stergeli &#8211; \u00d6n Panelden kolay ayarlanabilir \u00e7al\u0131\u015fma set de\u011feri -1999&#8230;9999 aras\u0131nda ayarlanabilir g\u00f6sterge skalas\u0131 &#8211; Ayarlanabilir nokta pozisyonu &#8211; Set de\u011feri Alt Limit ve Set de\u011feri \u00dcst Limit s\u0131n\u0131rland\u0131rmas\u0131 &#8211; Ayarlanabilir rampa s\u00fcreleri &#8211; Ar\u0131za giri\u015fi &#8211; 0\/2&#8230;10V Voltaj \u00e7\u0131k\u0131\u015f\u0131 veya 0\/4&#8230;20mA Ak\u0131m \u00e7\u0131k\u0131\u015f\u0131 (Sipari\u015fte belirtilmelidir.) &#8211; Programlama ve Ayar B\u00f6l\u00fcm\u00fc \u015fifre korumas\u0131<\/p>\n<table border=\"0\" cellspacing=\"4\" cellpadding=\"4\">\n<tbody>\n<tr>\n<td colspan=\"2\"><strong>\u00d6zellikler<\/strong><\/td>\n<\/tr>\n<tr>\n<td><strong>Cihaz T\u00fcr\u00fc<\/strong><\/td>\n<td>Dijital Power Reg\u00fclat\u00f6r Cihaz\u0131<\/td>\n<\/tr>\n<tr>\n<td><strong>Fiziksel \u00d6zellikler<\/strong><\/td>\n<td>77 mm x 35 mm x 62.5 mm Panel montaj\u0131 i\u00e7in plastik koruma. Panel kesiti 71 x 29 mm.<\/td>\n<\/tr>\n<tr>\n<td><strong>Koruma S\u0131n\u0131f\u0131<\/strong><\/td>\n<td>NEMA 4X (\u00f6nden IP65, arkadan IP20)<\/td>\n<\/tr>\n<tr>\n<td><strong>A\u011f\u0131rl\u0131k<\/strong><\/td>\n<td>Yakla\u015f\u0131k olarak 90 Gr<\/td>\n<\/tr>\n<tr>\n<td><strong>Ortam \u015eartlar\u0131<\/strong><\/td>\n<td>Deniz seviyesinden 2000 metre y\u00fcksekli\u011fe kadar, yo\u011fun nem olmayan ortamlarda<\/td>\n<\/tr>\n<tr>\n<td><strong>Stoklama \/ Ortam S\u0131cakl\u0131\u011f\u0131<\/strong><\/td>\n<td>-40 C ile +85 C \/ 0 C ile +50 C aras\u0131nda<\/td>\n<\/tr>\n<tr>\n<td><strong>Stoklama \/ Ortam Nem Oran\u0131<\/strong><\/td>\n<td>90 % max. (Yo\u011funla\u015fma olmayan ortamda)<\/td>\n<\/tr>\n<tr>\n<td><strong>Montaj Tipi<\/strong><\/td>\n<td>Sabit montaj kategorisi<\/td>\n<\/tr>\n<tr>\n<td><strong>Elektriksel Kirlilik<\/strong><\/td>\n<td>II. Ofis veya i\u015f ortam\u0131nda, iletken olmayan kirlenmelerde<\/td>\n<\/tr>\n<tr>\n<td><strong>\u00c7al\u0131\u015fma Periyodu<\/strong><\/td>\n<td>S\u00fcrekli.<\/td>\n<\/tr>\n<tr>\n<td><strong>Besleme Voltaj\u0131 Ve G\u00fcc\u00fc<\/strong><\/td>\n<td>230 V AC (\u00b1 %15) 50\/60 Hz 1.5 VA<br \/>\n24 V AC (\u00b1 %15) 50\/60 Hz 1.5 VA<br \/>\n24 V DC (-%15, +%10) 50\/60 Hz. 1.5 VA<\/td>\n<\/tr>\n<tr>\n<td><strong>Analog \u00c7\u0131k\u0131\u015f<\/strong><\/td>\n<td>0\/2&#8230;10V DC (Max.10 mA) veya 0\/4&#8230;20mA DC<\/td>\n<\/tr>\n<tr>\n<td><strong>Analog \u00c7\u0131k\u0131\u015f Do\u011frulu\u011fu<\/strong><\/td>\n<td>\u00b1 % 0.1<\/td>\n<\/tr>\n<tr>\n<td><strong>G\u00f6sterge<\/strong><\/td>\n<td>10 mm K\u0131rm\u0131z\u0131 Dijit LED G\u00f6sterge<\/td>\n<\/tr>\n<tr>\n<td><strong>Led G\u00f6stergeler<\/strong><\/td>\n<td>Run(K\u0131rm\u0131z\u0131),Ar\u0131za(K\u0131rm\u0131z\u0131), P(K\u0131rm\u0131z\u0131) 3mm<\/td>\n<\/tr>\n<tr>\n<td colspan=\"2\"><strong>Kalite Standartlar\u0131<\/strong><\/td>\n<\/tr>\n<tr>\n<td><strong>Onaylar<\/strong><\/td>\n<td>GOST-R, CE<\/td>\n<\/tr>\n<\/tbody>\n<\/table>\n","protected":false},"excerpt":{"rendered":"<p>Dijital Power Regulator<\/p>\n","protected":false},"featured_media":4773,"comment_status":"closed","ping_status":"closed","template":"","meta":[],"product_brand":[],"product_cat":[270,371,376],"product_tag":[416,415,417,418],"class_list":{"0":"post-4774","1":"product","2":"type-product","3":"status-publish","4":"has-post-thumbnail","6":"product_cat-emko-tr","7":"product_cat-uygulamaya-donuk-kontrol-cihazlari","8":"product_cat-dijital-guc-regulatoru","9":"product_tag-416","10":"product_tag-epr","11":"product_tag-power","12":"product_tag-regulator","14":"first","15":"instock","16":"shipping-taxable","17":"product-type-simple"},"yoast_head":"<!-- This site is optimized with the Yoast SEO plugin v24.3 - https:\/\/yoast.com\/wordpress\/plugins\/seo\/ -->\n<title>EPR-3790 Dijital Power Regulator - CSO TRADING<\/title>\n<meta name=\"robots\" content=\"index, follow, max-snippet:-1, max-image-preview:large, max-video-preview:-1\" \/>\n<link rel=\"canonical\" href=\"https:\/\/csotrading.com\/tr\/product\/epr-3790-digital-power-regulator\/\" \/>\n<meta property=\"og:locale\" content=\"tr_TR\" \/>\n<meta property=\"og:type\" content=\"article\" \/>\n<meta property=\"og:title\" content=\"EPR-3790 Dijital Power Regulator - CSO TRADING\" \/>\n<meta property=\"og:description\" content=\"Dijital Power Regulator\" \/>\n<meta property=\"og:url\" content=\"https:\/\/csotrading.com\/tr\/product\/epr-3790-digital-power-regulator\/\" \/>\n<meta property=\"og:site_name\" content=\"CSO TRADING\" \/>\n<meta property=\"article:modified_time\" content=\"2020-07-05T10:52:51+00:00\" \/>\n<meta property=\"og:image\" content=\"https:\/\/csotrading.com\/wp-content\/uploads\/2020\/07\/epr-3790-digital-power-regulator.jpg\" \/>\n\t<meta property=\"og:image:width\" content=\"1000\" \/>\n\t<meta property=\"og:image:height\" content=\"1000\" \/>\n\t<meta property=\"og:image:type\" content=\"image\/jpeg\" \/>\n<meta name=\"twitter:card\" content=\"summary_large_image\" \/>\n<meta name=\"twitter:label1\" content=\"Tahmini okuma s\u00fcresi\" \/>\n\t<meta name=\"twitter:data1\" content=\"1 dakika\" \/>\n<script type=\"application\/ld+json\" class=\"yoast-schema-graph\">{\"@context\":\"https:\/\/schema.org\",\"@graph\":[{\"@type\":\"WebPage\",\"@id\":\"https:\/\/csotrading.com\/tr\/product\/epr-3790-digital-power-regulator\/\",\"url\":\"https:\/\/csotrading.com\/tr\/product\/epr-3790-digital-power-regulator\/\",\"name\":\"EPR-3790 Dijital Power Regulator - CSO TRADING\",\"isPartOf\":{\"@id\":\"https:\/\/csotrading.com\/#website\"},\"primaryImageOfPage\":{\"@id\":\"https:\/\/csotrading.com\/tr\/product\/epr-3790-digital-power-regulator\/#primaryimage\"},\"image\":{\"@id\":\"https:\/\/csotrading.com\/tr\/product\/epr-3790-digital-power-regulator\/#primaryimage\"},\"thumbnailUrl\":\"https:\/\/csotrading.com\/wp-content\/uploads\/2020\/07\/epr-3790-digital-power-regulator.jpg\",\"datePublished\":\"2020-07-05T10:47:06+00:00\",\"dateModified\":\"2020-07-05T10:52:51+00:00\",\"breadcrumb\":{\"@id\":\"https:\/\/csotrading.com\/tr\/product\/epr-3790-digital-power-regulator\/#breadcrumb\"},\"inLanguage\":\"tr\",\"potentialAction\":[{\"@type\":\"ReadAction\",\"target\":[\"https:\/\/csotrading.com\/tr\/product\/epr-3790-digital-power-regulator\/\"]}]},{\"@type\":\"ImageObject\",\"inLanguage\":\"tr\",\"@id\":\"https:\/\/csotrading.com\/tr\/product\/epr-3790-digital-power-regulator\/#primaryimage\",\"url\":\"https:\/\/csotrading.com\/wp-content\/uploads\/2020\/07\/epr-3790-digital-power-regulator.jpg\",\"contentUrl\":\"https:\/\/csotrading.com\/wp-content\/uploads\/2020\/07\/epr-3790-digital-power-regulator.jpg\",\"width\":1000,\"height\":1000},{\"@type\":\"BreadcrumbList\",\"@id\":\"https:\/\/csotrading.com\/tr\/product\/epr-3790-digital-power-regulator\/#breadcrumb\",\"itemListElement\":[{\"@type\":\"ListItem\",\"position\":1,\"name\":\"Home\",\"item\":\"https:\/\/csotrading.com\/tr\/\"},{\"@type\":\"ListItem\",\"position\":2,\"name\":\"Ma\u011faza\",\"item\":\"https:\/\/csotrading.com\/magaza\/\"},{\"@type\":\"ListItem\",\"position\":3,\"name\":\"EPR-3790 Dijital Power Regulator\"}]},{\"@type\":\"WebSite\",\"@id\":\"https:\/\/csotrading.com\/#website\",\"url\":\"https:\/\/csotrading.com\/\",\"name\":\"CSO TRADING\",\"description\":\"\",\"potentialAction\":[{\"@type\":\"SearchAction\",\"target\":{\"@type\":\"EntryPoint\",\"urlTemplate\":\"https:\/\/csotrading.com\/?s={search_term_string}\"},\"query-input\":{\"@type\":\"PropertyValueSpecification\",\"valueRequired\":true,\"valueName\":\"search_term_string\"}}],\"inLanguage\":\"tr\"}]}<\/script>\n<!-- \/ Yoast SEO plugin. -->","yoast_head_json":{"title":"EPR-3790 Dijital Power Regulator - CSO TRADING","robots":{"index":"index","follow":"follow","max-snippet":"max-snippet:-1","max-image-preview":"max-image-preview:large","max-video-preview":"max-video-preview:-1"},"canonical":"https:\/\/csotrading.com\/tr\/product\/epr-3790-digital-power-regulator\/","og_locale":"tr_TR","og_type":"article","og_title":"EPR-3790 Dijital Power Regulator - CSO TRADING","og_description":"Dijital Power Regulator","og_url":"https:\/\/csotrading.com\/tr\/product\/epr-3790-digital-power-regulator\/","og_site_name":"CSO TRADING","article_modified_time":"2020-07-05T10:52:51+00:00","og_image":[{"width":1000,"height":1000,"url":"https:\/\/csotrading.com\/wp-content\/uploads\/2020\/07\/epr-3790-digital-power-regulator.jpg","type":"image\/jpeg"}],"twitter_card":"summary_large_image","twitter_misc":{"Tahmini okuma s\u00fcresi":"1 dakika"},"schema":{"@context":"https:\/\/schema.org","@graph":[{"@type":"WebPage","@id":"https:\/\/csotrading.com\/tr\/product\/epr-3790-digital-power-regulator\/","url":"https:\/\/csotrading.com\/tr\/product\/epr-3790-digital-power-regulator\/","name":"EPR-3790 Dijital Power Regulator - CSO TRADING","isPartOf":{"@id":"https:\/\/csotrading.com\/#website"},"primaryImageOfPage":{"@id":"https:\/\/csotrading.com\/tr\/product\/epr-3790-digital-power-regulator\/#primaryimage"},"image":{"@id":"https:\/\/csotrading.com\/tr\/product\/epr-3790-digital-power-regulator\/#primaryimage"},"thumbnailUrl":"https:\/\/csotrading.com\/wp-content\/uploads\/2020\/07\/epr-3790-digital-power-regulator.jpg","datePublished":"2020-07-05T10:47:06+00:00","dateModified":"2020-07-05T10:52:51+00:00","breadcrumb":{"@id":"https:\/\/csotrading.com\/tr\/product\/epr-3790-digital-power-regulator\/#breadcrumb"},"inLanguage":"tr","potentialAction":[{"@type":"ReadAction","target":["https:\/\/csotrading.com\/tr\/product\/epr-3790-digital-power-regulator\/"]}]},{"@type":"ImageObject","inLanguage":"tr","@id":"https:\/\/csotrading.com\/tr\/product\/epr-3790-digital-power-regulator\/#primaryimage","url":"https:\/\/csotrading.com\/wp-content\/uploads\/2020\/07\/epr-3790-digital-power-regulator.jpg","contentUrl":"https:\/\/csotrading.com\/wp-content\/uploads\/2020\/07\/epr-3790-digital-power-regulator.jpg","width":1000,"height":1000},{"@type":"BreadcrumbList","@id":"https:\/\/csotrading.com\/tr\/product\/epr-3790-digital-power-regulator\/#breadcrumb","itemListElement":[{"@type":"ListItem","position":1,"name":"Home","item":"https:\/\/csotrading.com\/tr\/"},{"@type":"ListItem","position":2,"name":"Ma\u011faza","item":"https:\/\/csotrading.com\/magaza\/"},{"@type":"ListItem","position":3,"name":"EPR-3790 Dijital Power Regulator"}]},{"@type":"WebSite","@id":"https:\/\/csotrading.com\/#website","url":"https:\/\/csotrading.com\/","name":"CSO TRADING","description":"","potentialAction":[{"@type":"SearchAction","target":{"@type":"EntryPoint","urlTemplate":"https:\/\/csotrading.com\/?s={search_term_string}"},"query-input":{"@type":"PropertyValueSpecification","valueRequired":true,"valueName":"search_term_string"}}],"inLanguage":"tr"}]}},"_links":{"self":[{"href":"https:\/\/csotrading.com\/tr\/wp-json\/wp\/v2\/product\/4774"}],"collection":[{"href":"https:\/\/csotrading.com\/tr\/wp-json\/wp\/v2\/product"}],"about":[{"href":"https:\/\/csotrading.com\/tr\/wp-json\/wp\/v2\/types\/product"}],"replies":[{"embeddable":true,"href":"https:\/\/csotrading.com\/tr\/wp-json\/wp\/v2\/comments?post=4774"}],"wp:featuredmedia":[{"embeddable":true,"href":"https:\/\/csotrading.com\/tr\/wp-json\/wp\/v2\/media\/4773"}],"wp:attachment":[{"href":"https:\/\/csotrading.com\/tr\/wp-json\/wp\/v2\/media?parent=4774"}],"wp:term":[{"taxonomy":"product_brand","embeddable":true,"href":"https:\/\/csotrading.com\/tr\/wp-json\/wp\/v2\/product_brand?post=4774"},{"taxonomy":"product_cat","embeddable":true,"href":"https:\/\/csotrading.com\/tr\/wp-json\/wp\/v2\/product_cat?post=4774"},{"taxonomy":"product_tag","embeddable":true,"href":"https:\/\/csotrading.com\/tr\/wp-json\/wp\/v2\/product_tag?post=4774"}],"curies":[{"name":"wp","href":"https:\/\/api.w.org\/{rel}","templated":true}]}}