{"id":4726,"date":"2020-06-27T09:47:59","date_gmt":"2020-06-27T06:47:59","guid":{"rendered":"http:\/\/csotrading.com\/product\/thermocouples-din-en-60584-iec584-4\/"},"modified":"2020-07-04T23:34:31","modified_gmt":"2020-07-04T20:34:31","slug":"thermocouples-din-en-60584-iec584-4","status":"publish","type":"product","link":"https:\/\/csotrading.com\/tr\/product\/thermocouples-din-en-60584-iec584-4\/","title":{"rendered":"(TCKK) Klemens Terminalli, Seramik Koruyucu K\u0131l\u0131fl\u0131 \/ (TCKKT) Kafa i\u00e7i Transmitterli ve Seramik Koru"},"content":{"rendered":"<table>\n<tbody>\n<tr>\n<td><b>\u00d6zellikler<\/b><\/td>\n<td><b>A\u00e7\u0131klamalar<\/b><\/td>\n<\/tr>\n<tr>\n<td><b>Maksimum \u00e7al\u0131\u015fma s\u0131cakl\u0131\u011f\u0131<\/b><\/td>\n<td>\u201cK\u201d tipi : 1200\u00b0C (eleman tel \u00e7ap\u0131: 3,0mm)<br \/>\n\u201cR ve S\u201d tipleri : 1600\u00b0C (eleman tel \u00e7ap\u0131: 0,35mm)<\/td>\n<\/tr>\n<tr>\n<td><b>Standart kablo tipleri<\/b><\/td>\n<td><\/td>\n<\/tr>\n<tr>\n<td><b>Standart kablo boylar\u0131<\/b><\/td>\n<td><\/td>\n<\/tr>\n<tr>\n<td><b>Sens\u00f6r tipi<\/b><\/td>\n<td>E= K Ni-CrNi, E=S Pt10%Rh-Pt, E=R Pt13%Rh-Pt<\/td>\n<\/tr>\n<tr>\n<td><b>Koruyucu k\u0131l\u0131f malzemesi<\/b><\/td>\n<td>KER610 Seramik<\/td>\n<\/tr>\n<tr>\n<td><b>Konnekt\u00f6r<\/b><\/td>\n<td><\/td>\n<\/tr>\n<tr>\n<td><b>Rekor<\/b><\/td>\n<td><\/td>\n<\/tr>\n<tr>\n<td><b>Transmitter<\/b><\/td>\n<td>Kafa i\u00e7i (TCKKT tipleri)<br \/>\n4&#8230;20mA ak\u0131m \u00e7\u0131k\u0131\u015fl\u0131 seri ba\u011flant\u0131l\u0131 (Loop Powered) transmitter<br \/>\nF= Kalibrasyon skalas\u0131 sipari\u015fte belirtilmelidir<\/td>\n<\/tr>\n<\/tbody>\n<\/table>\n","protected":false},"excerpt":{"rendered":"<p><span class=\"txt b\">\u201cK, R, S\u201d tipi Termokupllar<\/span><\/p>\n","protected":false},"featured_media":4170,"comment_status":"open","ping_status":"closed","template":"","meta":[],"product_brand":[],"product_cat":[393],"product_tag":[329,330,320],"class_list":{"0":"post-4726","1":"product","2":"type-product","3":"status-publish","4":"has-post-thumbnail","6":"product_cat-termokulplar","7":"product_tag-ceramic","8":"product_tag-protection-tube","9":"product_tag-terminal-block","11":"first","12":"instock","13":"shipping-taxable","14":"product-type-simple"},"yoast_head":"<!-- This site is optimized with the Yoast SEO plugin v24.3 - https:\/\/yoast.com\/wordpress\/plugins\/seo\/ -->\n<title>(TCKK) Klemens Terminalli, Seramik Koruyucu K\u0131l\u0131fl\u0131 \/ (TCKKT) Kafa i\u00e7i Transmitterli ve Seramik Koru - CSO TRADING<\/title>\n<meta name=\"robots\" content=\"index, follow, max-snippet:-1, max-image-preview:large, max-video-preview:-1\" \/>\n<link rel=\"canonical\" href=\"https:\/\/csotrading.com\/tr\/product\/thermocouples-din-en-60584-iec584-4\/\" \/>\n<meta property=\"og:locale\" content=\"tr_TR\" \/>\n<meta property=\"og:type\" content=\"article\" \/>\n<meta property=\"og:title\" content=\"(TCKK) Klemens Terminalli, Seramik Koruyucu K\u0131l\u0131fl\u0131 \/ (TCKKT) Kafa i\u00e7i Transmitterli ve Seramik Koru - CSO TRADING\" \/>\n<meta property=\"og:description\" content=\"\u201cK, R, S\u201d tipi Termokupllar\" \/>\n<meta property=\"og:url\" content=\"https:\/\/csotrading.com\/tr\/product\/thermocouples-din-en-60584-iec584-4\/\" \/>\n<meta property=\"og:site_name\" content=\"CSO TRADING\" \/>\n<meta property=\"article:modified_time\" content=\"2020-07-04T20:34:31+00:00\" \/>\n<meta property=\"og:image\" content=\"https:\/\/csotrading.com\/wp-content\/uploads\/2020\/06\/2-.Thermocouples-DIN.EN-60584.-IEC584-.jpg\" \/>\n\t<meta property=\"og:image:width\" content=\"1280\" \/>\n\t<meta property=\"og:image:height\" content=\"720\" \/>\n\t<meta property=\"og:image:type\" content=\"image\/jpeg\" \/>\n<meta name=\"twitter:card\" content=\"summary_large_image\" \/>\n<script type=\"application\/ld+json\" class=\"yoast-schema-graph\">{\"@context\":\"https:\/\/schema.org\",\"@graph\":[{\"@type\":\"WebPage\",\"@id\":\"https:\/\/csotrading.com\/tr\/product\/thermocouples-din-en-60584-iec584-4\/\",\"url\":\"https:\/\/csotrading.com\/tr\/product\/thermocouples-din-en-60584-iec584-4\/\",\"name\":\"(TCKK) Klemens Terminalli, Seramik Koruyucu K\u0131l\u0131fl\u0131 \/ (TCKKT) Kafa i\u00e7i Transmitterli ve Seramik Koru - CSO TRADING\",\"isPartOf\":{\"@id\":\"https:\/\/csotrading.com\/#website\"},\"primaryImageOfPage\":{\"@id\":\"https:\/\/csotrading.com\/tr\/product\/thermocouples-din-en-60584-iec584-4\/#primaryimage\"},\"image\":{\"@id\":\"https:\/\/csotrading.com\/tr\/product\/thermocouples-din-en-60584-iec584-4\/#primaryimage\"},\"thumbnailUrl\":\"https:\/\/csotrading.com\/wp-content\/uploads\/2020\/06\/2-.Thermocouples-DIN.EN-60584.-IEC584-.jpg\",\"datePublished\":\"2020-06-27T06:47:59+00:00\",\"dateModified\":\"2020-07-04T20:34:31+00:00\",\"breadcrumb\":{\"@id\":\"https:\/\/csotrading.com\/tr\/product\/thermocouples-din-en-60584-iec584-4\/#breadcrumb\"},\"inLanguage\":\"tr\",\"potentialAction\":[{\"@type\":\"ReadAction\",\"target\":[\"https:\/\/csotrading.com\/tr\/product\/thermocouples-din-en-60584-iec584-4\/\"]}]},{\"@type\":\"ImageObject\",\"inLanguage\":\"tr\",\"@id\":\"https:\/\/csotrading.com\/tr\/product\/thermocouples-din-en-60584-iec584-4\/#primaryimage\",\"url\":\"https:\/\/csotrading.com\/wp-content\/uploads\/2020\/06\/2-.Thermocouples-DIN.EN-60584.-IEC584-.jpg\",\"contentUrl\":\"https:\/\/csotrading.com\/wp-content\/uploads\/2020\/06\/2-.Thermocouples-DIN.EN-60584.-IEC584-.jpg\",\"width\":1280,\"height\":720},{\"@type\":\"BreadcrumbList\",\"@id\":\"https:\/\/csotrading.com\/tr\/product\/thermocouples-din-en-60584-iec584-4\/#breadcrumb\",\"itemListElement\":[{\"@type\":\"ListItem\",\"position\":1,\"name\":\"Home\",\"item\":\"https:\/\/csotrading.com\/tr\/\"},{\"@type\":\"ListItem\",\"position\":2,\"name\":\"Ma\u011faza\",\"item\":\"https:\/\/csotrading.com\/magaza\/\"},{\"@type\":\"ListItem\",\"position\":3,\"name\":\"(TCKK) Klemens Terminalli, Seramik Koruyucu K\u0131l\u0131fl\u0131 \/ (TCKKT) Kafa i\u00e7i Transmitterli ve Seramik Koru\"}]},{\"@type\":\"WebSite\",\"@id\":\"https:\/\/csotrading.com\/#website\",\"url\":\"https:\/\/csotrading.com\/\",\"name\":\"CSO TRADING\",\"description\":\"\",\"potentialAction\":[{\"@type\":\"SearchAction\",\"target\":{\"@type\":\"EntryPoint\",\"urlTemplate\":\"https:\/\/csotrading.com\/?s={search_term_string}\"},\"query-input\":{\"@type\":\"PropertyValueSpecification\",\"valueRequired\":true,\"valueName\":\"search_term_string\"}}],\"inLanguage\":\"tr\"}]}<\/script>\n<!-- \/ Yoast SEO plugin. -->","yoast_head_json":{"title":"(TCKK) Klemens Terminalli, Seramik Koruyucu K\u0131l\u0131fl\u0131 \/ (TCKKT) Kafa i\u00e7i Transmitterli ve Seramik Koru - CSO TRADING","robots":{"index":"index","follow":"follow","max-snippet":"max-snippet:-1","max-image-preview":"max-image-preview:large","max-video-preview":"max-video-preview:-1"},"canonical":"https:\/\/csotrading.com\/tr\/product\/thermocouples-din-en-60584-iec584-4\/","og_locale":"tr_TR","og_type":"article","og_title":"(TCKK) Klemens Terminalli, Seramik Koruyucu K\u0131l\u0131fl\u0131 \/ (TCKKT) Kafa i\u00e7i Transmitterli ve Seramik Koru - CSO TRADING","og_description":"\u201cK, R, S\u201d tipi Termokupllar","og_url":"https:\/\/csotrading.com\/tr\/product\/thermocouples-din-en-60584-iec584-4\/","og_site_name":"CSO TRADING","article_modified_time":"2020-07-04T20:34:31+00:00","og_image":[{"width":1280,"height":720,"url":"https:\/\/csotrading.com\/wp-content\/uploads\/2020\/06\/2-.Thermocouples-DIN.EN-60584.-IEC584-.jpg","type":"image\/jpeg"}],"twitter_card":"summary_large_image","schema":{"@context":"https:\/\/schema.org","@graph":[{"@type":"WebPage","@id":"https:\/\/csotrading.com\/tr\/product\/thermocouples-din-en-60584-iec584-4\/","url":"https:\/\/csotrading.com\/tr\/product\/thermocouples-din-en-60584-iec584-4\/","name":"(TCKK) Klemens Terminalli, Seramik Koruyucu K\u0131l\u0131fl\u0131 \/ (TCKKT) Kafa i\u00e7i Transmitterli ve Seramik Koru - CSO TRADING","isPartOf":{"@id":"https:\/\/csotrading.com\/#website"},"primaryImageOfPage":{"@id":"https:\/\/csotrading.com\/tr\/product\/thermocouples-din-en-60584-iec584-4\/#primaryimage"},"image":{"@id":"https:\/\/csotrading.com\/tr\/product\/thermocouples-din-en-60584-iec584-4\/#primaryimage"},"thumbnailUrl":"https:\/\/csotrading.com\/wp-content\/uploads\/2020\/06\/2-.Thermocouples-DIN.EN-60584.-IEC584-.jpg","datePublished":"2020-06-27T06:47:59+00:00","dateModified":"2020-07-04T20:34:31+00:00","breadcrumb":{"@id":"https:\/\/csotrading.com\/tr\/product\/thermocouples-din-en-60584-iec584-4\/#breadcrumb"},"inLanguage":"tr","potentialAction":[{"@type":"ReadAction","target":["https:\/\/csotrading.com\/tr\/product\/thermocouples-din-en-60584-iec584-4\/"]}]},{"@type":"ImageObject","inLanguage":"tr","@id":"https:\/\/csotrading.com\/tr\/product\/thermocouples-din-en-60584-iec584-4\/#primaryimage","url":"https:\/\/csotrading.com\/wp-content\/uploads\/2020\/06\/2-.Thermocouples-DIN.EN-60584.-IEC584-.jpg","contentUrl":"https:\/\/csotrading.com\/wp-content\/uploads\/2020\/06\/2-.Thermocouples-DIN.EN-60584.-IEC584-.jpg","width":1280,"height":720},{"@type":"BreadcrumbList","@id":"https:\/\/csotrading.com\/tr\/product\/thermocouples-din-en-60584-iec584-4\/#breadcrumb","itemListElement":[{"@type":"ListItem","position":1,"name":"Home","item":"https:\/\/csotrading.com\/tr\/"},{"@type":"ListItem","position":2,"name":"Ma\u011faza","item":"https:\/\/csotrading.com\/magaza\/"},{"@type":"ListItem","position":3,"name":"(TCKK) Klemens Terminalli, Seramik Koruyucu K\u0131l\u0131fl\u0131 \/ (TCKKT) Kafa i\u00e7i Transmitterli ve Seramik Koru"}]},{"@type":"WebSite","@id":"https:\/\/csotrading.com\/#website","url":"https:\/\/csotrading.com\/","name":"CSO TRADING","description":"","potentialAction":[{"@type":"SearchAction","target":{"@type":"EntryPoint","urlTemplate":"https:\/\/csotrading.com\/?s={search_term_string}"},"query-input":{"@type":"PropertyValueSpecification","valueRequired":true,"valueName":"search_term_string"}}],"inLanguage":"tr"}]}},"_links":{"self":[{"href":"https:\/\/csotrading.com\/tr\/wp-json\/wp\/v2\/product\/4726"}],"collection":[{"href":"https:\/\/csotrading.com\/tr\/wp-json\/wp\/v2\/product"}],"about":[{"href":"https:\/\/csotrading.com\/tr\/wp-json\/wp\/v2\/types\/product"}],"replies":[{"embeddable":true,"href":"https:\/\/csotrading.com\/tr\/wp-json\/wp\/v2\/comments?post=4726"}],"wp:featuredmedia":[{"embeddable":true,"href":"https:\/\/csotrading.com\/tr\/wp-json\/wp\/v2\/media\/4170"}],"wp:attachment":[{"href":"https:\/\/csotrading.com\/tr\/wp-json\/wp\/v2\/media?parent=4726"}],"wp:term":[{"taxonomy":"product_brand","embeddable":true,"href":"https:\/\/csotrading.com\/tr\/wp-json\/wp\/v2\/product_brand?post=4726"},{"taxonomy":"product_cat","embeddable":true,"href":"https:\/\/csotrading.com\/tr\/wp-json\/wp\/v2\/product_cat?post=4726"},{"taxonomy":"product_tag","embeddable":true,"href":"https:\/\/csotrading.com\/tr\/wp-json\/wp\/v2\/product_tag?post=4726"}],"curies":[{"name":"wp","href":"https:\/\/api.w.org\/{rel}","templated":true}]}}