{"id":4721,"date":"2020-06-27T09:02:25","date_gmt":"2020-06-27T06:02:25","guid":{"rendered":"http:\/\/csotrading.com\/product\/trans-amf\/"},"modified":"2020-07-05T13:08:58","modified_gmt":"2020-07-05T10:08:58","slug":"trans-amf","status":"publish","type":"product","link":"https:\/\/csotrading.com\/tr\/product\/trans-amf\/","title":{"rendered":"Trans-AMF"},"content":{"rendered":"<table>\n<tbody>\n<tr>\n<td><b>\u00d6zellikler<\/b><\/td>\n<td><b>A\u00e7\u0131klamalar<\/b><\/td>\n<\/tr>\n<tr>\n<td><b>LCD Dilleri<\/b><\/td>\n<td>\u0130ngilizce\/\u00c7ince, \u0130ngilizce\/Almanca, \u0130ngilizce\/T\u00fcrk\u00e7e, \u0130ngilizce\/\u0130spanyolca, \u0130ngilizce\/Frans\u0131zca, \u0130ngilizce\/Rus\u00e7a, \u0130ngilizce\/Ukraynaca, \u0130ngilizce\/Leh\u00e7e<\/td>\n<\/tr>\n<tr>\n<td><b>Giri\u015fler<\/b><\/td>\n<td>6x Konfig\u00fcre edilebilir dijital, 4x Analog rezistif, 1x Kabin s\u0131cakl\u0131k sens\u00f6r\u00fc, Manyetik Pikap, \u015earj Alternat\u00f6r D+(WL) giri\u015fi<\/td>\n<\/tr>\n<tr>\n<td><b>\u00c7\u0131k\u0131\u015flar<\/b><\/td>\n<td>Konfig\u00fcre edilebilir 2x R\u00f6le, 4x Transist\u00f6r, \u015eebeke ve Jenerat\u00f6r Kontakt\u00f6r \u00c7\u0131k\u0131\u015flar\u0131<\/td>\n<\/tr>\n<tr>\n<td><b>Y\u00fck Ak\u0131m\u0131 \u00d6l\u00e7\u00fcm\u00fc<\/b><\/td>\n<td>3 Faz Ak\u0131m trafo giri\u015fi, 1x Toprak Ka\u00e7ak Ak\u0131m \u00f6l\u00e7\u00fcm\u00fc<\/td>\n<\/tr>\n<tr>\n<td><b>Voltaj \u00d6l\u00e7\u00fcm\u00fc<\/b><\/td>\n<td>3 faz \u015febeke , 3 faz jenerat\u00f6r<\/td>\n<\/tr>\n<tr>\n<td colspan=\"2\"><b>Fiziksel \u00d6zellikler<\/b><\/td>\n<\/tr>\n<tr>\n<td><b>Boyutlar<\/b><\/td>\n<td>229mm x 152mm x 41mm<\/td>\n<\/tr>\n<tr>\n<td><b>Koruma S\u0131n\u0131f\u0131<\/b><\/td>\n<td>NEMA 4X IP65 \u00f6n panel<\/td>\n<\/tr>\n<tr>\n<td colspan=\"2\"><b>\u00c7al\u0131\u015fma Aral\u0131\u011f\u0131<\/b><\/td>\n<\/tr>\n<tr>\n<td><b>Besleme<\/b><\/td>\n<td>8 &#8230; 32Vdc, maksimum g\u00fc\u00e7 t\u00fcketimi 360mA<\/td>\n<\/tr>\n<tr>\n<td><b>Rezistif Analog Giri\u015fler<\/b><\/td>\n<td>0 &#8230; 1300 ohm, do\u011fruluk: 1%FS, \u00e7\u00f6z\u00fcn\u00fcrl\u00fck: 1 ohm<\/td>\n<\/tr>\n<tr>\n<td><b>Kabin S\u0131cakl\u0131k \u00d6l\u00e7\u00fcm\u00fc<\/b><\/td>\n<td>-50 &#8230; +100 \u00baC, do\u011fruluk: 1 % FS, \u00e7\u00f6z\u00fcn\u00fcrl\u00fck: 1 \u00baC.<\/td>\n<\/tr>\n<tr>\n<td><b>Depolama \/ \u00c7al\u0131\u015fma S\u0131cakl\u0131\u011f\u0131<\/b><\/td>\n<td>-40\u00b0C &#8230; +80\u00b0C \/ -20\u00b0C &#8230; +70\u00b0C<\/td>\n<\/tr>\n<tr>\n<td colspan=\"2\"><b>Geni\u015fleme Mod\u00fclleri<\/b><\/td>\n<\/tr>\n<tr>\n<td><b>Dahili<\/b><\/td>\n<td>RS-485 Haberle\u015fme<\/td>\n<\/tr>\n<tr>\n<td><b>GPRS<\/b><\/td>\n<td>Trans-GPRS , Trans-Web_GPRS<\/td>\n<\/tr>\n<tr>\n<td><b>G\u00f6m\u00fcl\u00fc WEB server<\/b><\/td>\n<td>Trans-Web_Ethernet<\/td>\n<\/tr>\n<tr>\n<td><b>Seri ModBus<\/b><\/td>\n<td>Trans-Messenger.485 mod\u00fcl ile birlikte<\/td>\n<\/tr>\n<tr>\n<td><b>Kalite Belgeleri<\/b><\/td>\n<td>CE, GOST-R<\/td>\n<\/tr>\n<\/tbody>\n<\/table>\n","protected":false},"excerpt":{"rendered":"<p><span class=\"txt b\">Otomatik Jenerat\u00f6r Kontrol ve Transfer Paneli<\/span><\/p>\n<div><\/div>\n<p><span class=\"txt c\">CanBus J1939 ECU<br \/>\nSe\u00e7ilebilir ikinci dil<br \/>\nSon 50 olay ve alarm bilgisi kayd\u0131<br \/>\n\u0130statistik kay\u0131tlar\u0131<br \/>\n\u015eebeke ve Jenerat\u00f6r faz s\u0131ras\u0131 kontrol\u00fc<br \/>\nSe\u00e7ilebilir rezistif giri\u015f tipleri; Pt-100, VDO, ABD, GM, Ford, Datcon vb.<br \/>\nOtomatik transfer anahtarlama kontrol\u00fc ve motor kontrol\u00fc<br \/>\nJ1939 \u00fczerinden motorlardan okunan SPN, FMI ve OC de\u011ferleri<\/span><\/p>\n","protected":false},"featured_media":4151,"comment_status":"open","ping_status":"closed","template":"","meta":[],"product_brand":[],"product_cat":[383],"product_tag":[282,276],"class_list":{"0":"post-4721","1":"product","2":"type-product","3":"status-publish","4":"has-post-thumbnail","6":"product_cat-otomatik-jenerator-kontrol-ve-transfer-panelleri","7":"product_tag-amf","8":"product_tag-trans","10":"first","11":"instock","12":"shipping-taxable","13":"product-type-simple"},"yoast_head":"<!-- This site is optimized with the Yoast SEO plugin v24.3 - https:\/\/yoast.com\/wordpress\/plugins\/seo\/ -->\n<title>Trans-AMF - CSO TRADING<\/title>\n<meta name=\"robots\" content=\"index, follow, max-snippet:-1, max-image-preview:large, max-video-preview:-1\" \/>\n<link rel=\"canonical\" href=\"https:\/\/csotrading.com\/tr\/product\/trans-amf\/\" \/>\n<meta property=\"og:locale\" content=\"tr_TR\" \/>\n<meta property=\"og:type\" content=\"article\" \/>\n<meta property=\"og:title\" content=\"Trans-AMF - CSO TRADING\" \/>\n<meta property=\"og:description\" content=\"Otomatik Jenerat\u00f6r Kontrol ve Transfer Paneli  CanBus J1939 ECU Se\u00e7ilebilir ikinci dil Son 50 olay ve alarm bilgisi kayd\u0131 \u0130statistik kay\u0131tlar\u0131 \u015eebeke ve Jenerat\u00f6r faz s\u0131ras\u0131 kontrol\u00fc Se\u00e7ilebilir rezistif giri\u015f tipleri; Pt-100, VDO, ABD, GM, Ford, Datcon vb. Otomatik transfer anahtarlama kontrol\u00fc ve motor kontrol\u00fc J1939 \u00fczerinden motorlardan okunan SPN, FMI ve OC de\u011ferleri\" \/>\n<meta property=\"og:url\" content=\"https:\/\/csotrading.com\/tr\/product\/trans-amf\/\" \/>\n<meta property=\"og:site_name\" content=\"CSO TRADING\" \/>\n<meta property=\"article:modified_time\" content=\"2020-07-05T10:08:58+00:00\" \/>\n<meta property=\"og:image\" content=\"https:\/\/csotrading.com\/wp-content\/uploads\/2020\/06\/Trans-AMF.jpg\" \/>\n\t<meta property=\"og:image:width\" content=\"1280\" \/>\n\t<meta property=\"og:image:height\" content=\"720\" \/>\n\t<meta property=\"og:image:type\" content=\"image\/jpeg\" \/>\n<meta name=\"twitter:card\" content=\"summary_large_image\" \/>\n<meta name=\"twitter:label1\" content=\"Tahmini okuma s\u00fcresi\" \/>\n\t<meta name=\"twitter:data1\" content=\"1 dakika\" \/>\n<script type=\"application\/ld+json\" class=\"yoast-schema-graph\">{\"@context\":\"https:\/\/schema.org\",\"@graph\":[{\"@type\":\"WebPage\",\"@id\":\"https:\/\/csotrading.com\/tr\/product\/trans-amf\/\",\"url\":\"https:\/\/csotrading.com\/tr\/product\/trans-amf\/\",\"name\":\"Trans-AMF - CSO TRADING\",\"isPartOf\":{\"@id\":\"https:\/\/csotrading.com\/#website\"},\"primaryImageOfPage\":{\"@id\":\"https:\/\/csotrading.com\/tr\/product\/trans-amf\/#primaryimage\"},\"image\":{\"@id\":\"https:\/\/csotrading.com\/tr\/product\/trans-amf\/#primaryimage\"},\"thumbnailUrl\":\"https:\/\/csotrading.com\/wp-content\/uploads\/2020\/06\/Trans-AMF.jpg\",\"datePublished\":\"2020-06-27T06:02:25+00:00\",\"dateModified\":\"2020-07-05T10:08:58+00:00\",\"breadcrumb\":{\"@id\":\"https:\/\/csotrading.com\/tr\/product\/trans-amf\/#breadcrumb\"},\"inLanguage\":\"tr\",\"potentialAction\":[{\"@type\":\"ReadAction\",\"target\":[\"https:\/\/csotrading.com\/tr\/product\/trans-amf\/\"]}]},{\"@type\":\"ImageObject\",\"inLanguage\":\"tr\",\"@id\":\"https:\/\/csotrading.com\/tr\/product\/trans-amf\/#primaryimage\",\"url\":\"https:\/\/csotrading.com\/wp-content\/uploads\/2020\/06\/Trans-AMF.jpg\",\"contentUrl\":\"https:\/\/csotrading.com\/wp-content\/uploads\/2020\/06\/Trans-AMF.jpg\",\"width\":1280,\"height\":720},{\"@type\":\"BreadcrumbList\",\"@id\":\"https:\/\/csotrading.com\/tr\/product\/trans-amf\/#breadcrumb\",\"itemListElement\":[{\"@type\":\"ListItem\",\"position\":1,\"name\":\"Home\",\"item\":\"https:\/\/csotrading.com\/tr\/\"},{\"@type\":\"ListItem\",\"position\":2,\"name\":\"Ma\u011faza\",\"item\":\"https:\/\/csotrading.com\/magaza\/\"},{\"@type\":\"ListItem\",\"position\":3,\"name\":\"Trans-AMF\"}]},{\"@type\":\"WebSite\",\"@id\":\"https:\/\/csotrading.com\/#website\",\"url\":\"https:\/\/csotrading.com\/\",\"name\":\"CSO TRADING\",\"description\":\"\",\"potentialAction\":[{\"@type\":\"SearchAction\",\"target\":{\"@type\":\"EntryPoint\",\"urlTemplate\":\"https:\/\/csotrading.com\/?s={search_term_string}\"},\"query-input\":{\"@type\":\"PropertyValueSpecification\",\"valueRequired\":true,\"valueName\":\"search_term_string\"}}],\"inLanguage\":\"tr\"}]}<\/script>\n<!-- \/ Yoast SEO plugin. -->","yoast_head_json":{"title":"Trans-AMF - CSO TRADING","robots":{"index":"index","follow":"follow","max-snippet":"max-snippet:-1","max-image-preview":"max-image-preview:large","max-video-preview":"max-video-preview:-1"},"canonical":"https:\/\/csotrading.com\/tr\/product\/trans-amf\/","og_locale":"tr_TR","og_type":"article","og_title":"Trans-AMF - CSO TRADING","og_description":"Otomatik Jenerat\u00f6r Kontrol ve Transfer Paneli  CanBus J1939 ECU Se\u00e7ilebilir ikinci dil Son 50 olay ve alarm bilgisi kayd\u0131 \u0130statistik kay\u0131tlar\u0131 \u015eebeke ve Jenerat\u00f6r faz s\u0131ras\u0131 kontrol\u00fc Se\u00e7ilebilir rezistif giri\u015f tipleri; Pt-100, VDO, ABD, GM, Ford, Datcon vb. Otomatik transfer anahtarlama kontrol\u00fc ve motor kontrol\u00fc J1939 \u00fczerinden motorlardan okunan SPN, FMI ve OC de\u011ferleri","og_url":"https:\/\/csotrading.com\/tr\/product\/trans-amf\/","og_site_name":"CSO TRADING","article_modified_time":"2020-07-05T10:08:58+00:00","og_image":[{"width":1280,"height":720,"url":"https:\/\/csotrading.com\/wp-content\/uploads\/2020\/06\/Trans-AMF.jpg","type":"image\/jpeg"}],"twitter_card":"summary_large_image","twitter_misc":{"Tahmini okuma s\u00fcresi":"1 dakika"},"schema":{"@context":"https:\/\/schema.org","@graph":[{"@type":"WebPage","@id":"https:\/\/csotrading.com\/tr\/product\/trans-amf\/","url":"https:\/\/csotrading.com\/tr\/product\/trans-amf\/","name":"Trans-AMF - CSO TRADING","isPartOf":{"@id":"https:\/\/csotrading.com\/#website"},"primaryImageOfPage":{"@id":"https:\/\/csotrading.com\/tr\/product\/trans-amf\/#primaryimage"},"image":{"@id":"https:\/\/csotrading.com\/tr\/product\/trans-amf\/#primaryimage"},"thumbnailUrl":"https:\/\/csotrading.com\/wp-content\/uploads\/2020\/06\/Trans-AMF.jpg","datePublished":"2020-06-27T06:02:25+00:00","dateModified":"2020-07-05T10:08:58+00:00","breadcrumb":{"@id":"https:\/\/csotrading.com\/tr\/product\/trans-amf\/#breadcrumb"},"inLanguage":"tr","potentialAction":[{"@type":"ReadAction","target":["https:\/\/csotrading.com\/tr\/product\/trans-amf\/"]}]},{"@type":"ImageObject","inLanguage":"tr","@id":"https:\/\/csotrading.com\/tr\/product\/trans-amf\/#primaryimage","url":"https:\/\/csotrading.com\/wp-content\/uploads\/2020\/06\/Trans-AMF.jpg","contentUrl":"https:\/\/csotrading.com\/wp-content\/uploads\/2020\/06\/Trans-AMF.jpg","width":1280,"height":720},{"@type":"BreadcrumbList","@id":"https:\/\/csotrading.com\/tr\/product\/trans-amf\/#breadcrumb","itemListElement":[{"@type":"ListItem","position":1,"name":"Home","item":"https:\/\/csotrading.com\/tr\/"},{"@type":"ListItem","position":2,"name":"Ma\u011faza","item":"https:\/\/csotrading.com\/magaza\/"},{"@type":"ListItem","position":3,"name":"Trans-AMF"}]},{"@type":"WebSite","@id":"https:\/\/csotrading.com\/#website","url":"https:\/\/csotrading.com\/","name":"CSO TRADING","description":"","potentialAction":[{"@type":"SearchAction","target":{"@type":"EntryPoint","urlTemplate":"https:\/\/csotrading.com\/?s={search_term_string}"},"query-input":{"@type":"PropertyValueSpecification","valueRequired":true,"valueName":"search_term_string"}}],"inLanguage":"tr"}]}},"_links":{"self":[{"href":"https:\/\/csotrading.com\/tr\/wp-json\/wp\/v2\/product\/4721"}],"collection":[{"href":"https:\/\/csotrading.com\/tr\/wp-json\/wp\/v2\/product"}],"about":[{"href":"https:\/\/csotrading.com\/tr\/wp-json\/wp\/v2\/types\/product"}],"replies":[{"embeddable":true,"href":"https:\/\/csotrading.com\/tr\/wp-json\/wp\/v2\/comments?post=4721"}],"wp:featuredmedia":[{"embeddable":true,"href":"https:\/\/csotrading.com\/tr\/wp-json\/wp\/v2\/media\/4151"}],"wp:attachment":[{"href":"https:\/\/csotrading.com\/tr\/wp-json\/wp\/v2\/media?parent=4721"}],"wp:term":[{"taxonomy":"product_brand","embeddable":true,"href":"https:\/\/csotrading.com\/tr\/wp-json\/wp\/v2\/product_brand?post=4721"},{"taxonomy":"product_cat","embeddable":true,"href":"https:\/\/csotrading.com\/tr\/wp-json\/wp\/v2\/product_cat?post=4721"},{"taxonomy":"product_tag","embeddable":true,"href":"https:\/\/csotrading.com\/tr\/wp-json\/wp\/v2\/product_tag?post=4721"}],"curies":[{"name":"wp","href":"https:\/\/api.w.org\/{rel}","templated":true}]}}