{"id":4704,"date":"2020-06-25T22:52:52","date_gmt":"2020-06-25T19:52:52","guid":{"rendered":"http:\/\/csotrading.com\/product\/esm-3700-n\/"},"modified":"2020-07-05T00:01:05","modified_gmt":"2020-07-04T21:01:05","slug":"esm-3700-n","status":"publish","type":"product","link":"https:\/\/csotrading.com\/tr\/product\/esm-3700-n\/","title":{"rendered":"ESM-3700-N"},"content":{"rendered":"<div class=\"print-area\">\n<div class=\"prod-technicals box all a\">\n<table>\n<tbody>\n<tr>\n<td><b>\u00d6zellikler<\/b><\/td>\n<td><b>A\u00e7\u0131klamalar<\/b><\/td>\n<\/tr>\n<tr>\n<td colspan=\"2\"><b>Fiziksel \u00d6zellikler<\/b><\/td>\n<\/tr>\n<tr>\n<td><b>\u00d6l\u00e7\u00fcler<\/b><\/td>\n<td>77 mm x 35 mm 62,5 mm<\/td>\n<\/tr>\n<tr>\n<td><b>Koruma S\u0131n\u0131f\u0131<\/b><\/td>\n<td>NEMA 4X (\u00f6nden IP65, arkadan IP20)<\/td>\n<\/tr>\n<tr>\n<td><b>Montaj<\/b><\/td>\n<td>Sabit montaj<\/td>\n<\/tr>\n<tr>\n<td><b>Depolama \/ \u00c7al\u0131\u015fma S\u0131cakl\u0131\u011f\u0131<\/b><\/td>\n<td>0&#8230;50\u00b0C<\/td>\n<\/tr>\n<tr>\n<td><b>Ba\u011f\u0131l Nem<\/b><\/td>\n<td>90 % max. (Yo\u011funla\u015fma Olmayan Ortamda)<\/td>\n<\/tr>\n<tr>\n<td colspan=\"2\"><b>Elektriksel \u00d6zellikler<\/b><\/td>\n<\/tr>\n<tr>\n<td><b>Besleme Gerilimi<\/b><\/td>\n<td>230 Vac (-15%,+10%) 50\/60 Hz. 1,5 VA<br \/>\n115 Vac (-15%,+10%) 50\/60 Hz. 1,5 VA<br \/>\n24 Vac (-15%,+10%) 50\/60 Hz. 1,5 VA<br \/>\n24 Vac\/dc (-15%,+10%) 1,5 VA<br \/>\n100-240Vac 50\/60Hz<br \/>\n10&#8230;30Vdc<\/td>\n<\/tr>\n<tr>\n<td><b>Sens\u00f6r Giri\u015fi<\/b><\/td>\n<td>Yap\u0131land\u0131rma parametreleri SelectaSe 0-10 Vdc,<br \/>\n0-1 Vdc, 0-60 mV, 0-20 mA, 4-20 mA se\u00e7ilebilir<\/td>\n<\/tr>\n<tr>\n<td><b>Opsiyonel Sens\u00f6r Giri\u015fi<\/b><\/td>\n<td><\/td>\n<\/tr>\n<tr>\n<td><b>Skala<\/b><\/td>\n<td><\/td>\n<\/tr>\n<tr>\n<td><b>Do\u011fruluk<\/b><\/td>\n<td>Tam Skalan\u0131n \u00b1 0.05 %<\/td>\n<\/tr>\n<tr>\n<td colspan=\"2\"><b>\u00c7\u0131k\u0131\u015f<\/b><\/td>\n<\/tr>\n<tr>\n<td><b>R\u00f6le \u00c7\u0131k\u0131\u015f\u0131<\/b><\/td>\n<td>Rezistif Y\u00fckte 5A @ 250 Vac<\/td>\n<\/tr>\n<tr>\n<td><b>SSR \u00c7\u0131k\u0131\u015f\u0131<\/b><\/td>\n<td>10mA@5Vdc Opisyonel<\/td>\n<\/tr>\n<tr>\n<td><b>Analog \u00c7\u0131k\u0131\u015f<\/b><\/td>\n<td><\/td>\n<\/tr>\n<tr>\n<td><b>Opsiyonel \u00c7\u0131k\u0131\u015flar<\/b><\/td>\n<td><\/td>\n<\/tr>\n<tr>\n<td colspan=\"2\"><b>Kontrol<\/b><\/td>\n<\/tr>\n<tr>\n<td><b>Kontrol Formu<\/b><\/td>\n<td>On\/Off<\/td>\n<\/tr>\n<tr>\n<td><b>Okuma S\u0131kl\u0131\u011f\u0131<\/b><\/td>\n<td>Saniyede 3 okuma<\/td>\n<\/tr>\n<tr>\n<td><b>\u0130leti\u015fim Protokolleri<\/b><\/td>\n<td>MODBUS-RTU<\/td>\n<\/tr>\n<tr>\n<td><b>Kalite Belgeleri<\/b><\/td>\n<td>UL Tan\u0131nan Bile\u015feni (Dosya Numaras\u0131: E 254103), GOST-R, CE<\/td>\n<\/tr>\n<\/tbody>\n<\/table>\n<\/div>\n<\/div>\n<div class=\"clr\"><\/div>\n","protected":false},"excerpt":{"rendered":"<p><span class=\"txt b\">Tek Set Proses G\u00f6stergesi<\/span><\/p>\n<div><\/div>\n<p><span class=\"txt c\">Ayarlanabilir nokta pozisyonu<br \/>\n5 kademeli analog giri\u015f filtre se\u00e7ene\u011fi<br \/>\n\u00d6l\u00e7\u00fclen maksimum ve minimum de\u011ferleri<br \/>\nhaf\u0131zada saklama<br \/>\nG\u00f6stergede \u00f6l\u00e7\u00fclen minimum ve maksimum de\u011feri<br \/>\ns\u00fcrekli g\u00f6sterme<br \/>\n4 Dijit g\u00f6sterge<br \/>\n\u00d6n panelden kolayca ayarlanabilir<br \/>\n-1999&#8230;9999 aras\u0131nda ayarlanabilir g\u00f6sterge skalas\u0131<br \/>\n\u00dcniversal proses giri\u015fi<br \/>\n(0-10 Vdc, 0-1 Vdc, 0-60 mVdc, 0-20 mAdc, 4-20 mAdc)<br \/>\nKullan\u0131c\u0131 se\u00e7ti\u011fi giri\u015f tipine g\u00f6re cihaz okumas\u0131n\u0131 ayarlayabilir<\/span><\/p>\n","protected":false},"featured_media":4101,"comment_status":"open","ping_status":"closed","template":"","meta":[],"product_brand":[],"product_cat":[387],"product_tag":[259,205],"class_list":{"0":"post-4704","1":"product","2":"type-product","3":"status-publish","4":"has-post-thumbnail","6":"product_cat-proses-gostergeleri","7":"product_tag-3700-n","8":"product_tag-esm","10":"first","11":"instock","12":"shipping-taxable","13":"product-type-simple"},"yoast_head":"<!-- This site is optimized with the Yoast SEO plugin v24.3 - https:\/\/yoast.com\/wordpress\/plugins\/seo\/ -->\n<title>ESM-3700-N - CSO TRADING<\/title>\n<meta name=\"robots\" content=\"index, follow, max-snippet:-1, max-image-preview:large, max-video-preview:-1\" \/>\n<link rel=\"canonical\" href=\"https:\/\/csotrading.com\/tr\/product\/esm-3700-n\/\" \/>\n<meta property=\"og:locale\" content=\"tr_TR\" \/>\n<meta property=\"og:type\" content=\"article\" \/>\n<meta property=\"og:title\" content=\"ESM-3700-N - CSO TRADING\" \/>\n<meta property=\"og:description\" content=\"Tek Set Proses G\u00f6stergesi  Ayarlanabilir nokta pozisyonu 5 kademeli analog giri\u015f filtre se\u00e7ene\u011fi \u00d6l\u00e7\u00fclen maksimum ve minimum de\u011ferleri haf\u0131zada saklama G\u00f6stergede \u00f6l\u00e7\u00fclen minimum ve maksimum de\u011feri s\u00fcrekli g\u00f6sterme 4 Dijit g\u00f6sterge \u00d6n panelden kolayca ayarlanabilir -1999...9999 aras\u0131nda ayarlanabilir g\u00f6sterge skalas\u0131 \u00dcniversal proses giri\u015fi (0-10 Vdc, 0-1 Vdc, 0-60 mVdc, 0-20 mAdc, 4-20 mAdc) Kullan\u0131c\u0131 se\u00e7ti\u011fi giri\u015f tipine g\u00f6re cihaz okumas\u0131n\u0131 ayarlayabilir\" \/>\n<meta property=\"og:url\" content=\"https:\/\/csotrading.com\/tr\/product\/esm-3700-n\/\" \/>\n<meta property=\"og:site_name\" content=\"CSO TRADING\" \/>\n<meta property=\"article:modified_time\" content=\"2020-07-04T21:01:05+00:00\" \/>\n<meta property=\"og:image\" content=\"https:\/\/csotrading.com\/wp-content\/uploads\/2020\/06\/ESM-3700-N.jpg\" \/>\n\t<meta property=\"og:image:width\" content=\"1280\" \/>\n\t<meta property=\"og:image:height\" content=\"720\" \/>\n\t<meta property=\"og:image:type\" content=\"image\/jpeg\" \/>\n<meta name=\"twitter:card\" content=\"summary_large_image\" \/>\n<meta name=\"twitter:label1\" content=\"Tahmini okuma s\u00fcresi\" \/>\n\t<meta name=\"twitter:data1\" content=\"1 dakika\" \/>\n<script type=\"application\/ld+json\" class=\"yoast-schema-graph\">{\"@context\":\"https:\/\/schema.org\",\"@graph\":[{\"@type\":\"WebPage\",\"@id\":\"https:\/\/csotrading.com\/tr\/product\/esm-3700-n\/\",\"url\":\"https:\/\/csotrading.com\/tr\/product\/esm-3700-n\/\",\"name\":\"ESM-3700-N - CSO TRADING\",\"isPartOf\":{\"@id\":\"https:\/\/csotrading.com\/#website\"},\"primaryImageOfPage\":{\"@id\":\"https:\/\/csotrading.com\/tr\/product\/esm-3700-n\/#primaryimage\"},\"image\":{\"@id\":\"https:\/\/csotrading.com\/tr\/product\/esm-3700-n\/#primaryimage\"},\"thumbnailUrl\":\"https:\/\/csotrading.com\/wp-content\/uploads\/2020\/06\/ESM-3700-N.jpg\",\"datePublished\":\"2020-06-25T19:52:52+00:00\",\"dateModified\":\"2020-07-04T21:01:05+00:00\",\"breadcrumb\":{\"@id\":\"https:\/\/csotrading.com\/tr\/product\/esm-3700-n\/#breadcrumb\"},\"inLanguage\":\"tr\",\"potentialAction\":[{\"@type\":\"ReadAction\",\"target\":[\"https:\/\/csotrading.com\/tr\/product\/esm-3700-n\/\"]}]},{\"@type\":\"ImageObject\",\"inLanguage\":\"tr\",\"@id\":\"https:\/\/csotrading.com\/tr\/product\/esm-3700-n\/#primaryimage\",\"url\":\"https:\/\/csotrading.com\/wp-content\/uploads\/2020\/06\/ESM-3700-N.jpg\",\"contentUrl\":\"https:\/\/csotrading.com\/wp-content\/uploads\/2020\/06\/ESM-3700-N.jpg\",\"width\":1280,\"height\":720},{\"@type\":\"BreadcrumbList\",\"@id\":\"https:\/\/csotrading.com\/tr\/product\/esm-3700-n\/#breadcrumb\",\"itemListElement\":[{\"@type\":\"ListItem\",\"position\":1,\"name\":\"Home\",\"item\":\"https:\/\/csotrading.com\/tr\/\"},{\"@type\":\"ListItem\",\"position\":2,\"name\":\"Ma\u011faza\",\"item\":\"https:\/\/csotrading.com\/magaza\/\"},{\"@type\":\"ListItem\",\"position\":3,\"name\":\"ESM-3700-N\"}]},{\"@type\":\"WebSite\",\"@id\":\"https:\/\/csotrading.com\/#website\",\"url\":\"https:\/\/csotrading.com\/\",\"name\":\"CSO TRADING\",\"description\":\"\",\"potentialAction\":[{\"@type\":\"SearchAction\",\"target\":{\"@type\":\"EntryPoint\",\"urlTemplate\":\"https:\/\/csotrading.com\/?s={search_term_string}\"},\"query-input\":{\"@type\":\"PropertyValueSpecification\",\"valueRequired\":true,\"valueName\":\"search_term_string\"}}],\"inLanguage\":\"tr\"}]}<\/script>\n<!-- \/ Yoast SEO plugin. -->","yoast_head_json":{"title":"ESM-3700-N - CSO TRADING","robots":{"index":"index","follow":"follow","max-snippet":"max-snippet:-1","max-image-preview":"max-image-preview:large","max-video-preview":"max-video-preview:-1"},"canonical":"https:\/\/csotrading.com\/tr\/product\/esm-3700-n\/","og_locale":"tr_TR","og_type":"article","og_title":"ESM-3700-N - CSO TRADING","og_description":"Tek Set Proses G\u00f6stergesi  Ayarlanabilir nokta pozisyonu 5 kademeli analog giri\u015f filtre se\u00e7ene\u011fi \u00d6l\u00e7\u00fclen maksimum ve minimum de\u011ferleri haf\u0131zada saklama G\u00f6stergede \u00f6l\u00e7\u00fclen minimum ve maksimum de\u011feri s\u00fcrekli g\u00f6sterme 4 Dijit g\u00f6sterge \u00d6n panelden kolayca ayarlanabilir -1999...9999 aras\u0131nda ayarlanabilir g\u00f6sterge skalas\u0131 \u00dcniversal proses giri\u015fi (0-10 Vdc, 0-1 Vdc, 0-60 mVdc, 0-20 mAdc, 4-20 mAdc) Kullan\u0131c\u0131 se\u00e7ti\u011fi giri\u015f tipine g\u00f6re cihaz okumas\u0131n\u0131 ayarlayabilir","og_url":"https:\/\/csotrading.com\/tr\/product\/esm-3700-n\/","og_site_name":"CSO TRADING","article_modified_time":"2020-07-04T21:01:05+00:00","og_image":[{"width":1280,"height":720,"url":"https:\/\/csotrading.com\/wp-content\/uploads\/2020\/06\/ESM-3700-N.jpg","type":"image\/jpeg"}],"twitter_card":"summary_large_image","twitter_misc":{"Tahmini okuma s\u00fcresi":"1 dakika"},"schema":{"@context":"https:\/\/schema.org","@graph":[{"@type":"WebPage","@id":"https:\/\/csotrading.com\/tr\/product\/esm-3700-n\/","url":"https:\/\/csotrading.com\/tr\/product\/esm-3700-n\/","name":"ESM-3700-N - CSO TRADING","isPartOf":{"@id":"https:\/\/csotrading.com\/#website"},"primaryImageOfPage":{"@id":"https:\/\/csotrading.com\/tr\/product\/esm-3700-n\/#primaryimage"},"image":{"@id":"https:\/\/csotrading.com\/tr\/product\/esm-3700-n\/#primaryimage"},"thumbnailUrl":"https:\/\/csotrading.com\/wp-content\/uploads\/2020\/06\/ESM-3700-N.jpg","datePublished":"2020-06-25T19:52:52+00:00","dateModified":"2020-07-04T21:01:05+00:00","breadcrumb":{"@id":"https:\/\/csotrading.com\/tr\/product\/esm-3700-n\/#breadcrumb"},"inLanguage":"tr","potentialAction":[{"@type":"ReadAction","target":["https:\/\/csotrading.com\/tr\/product\/esm-3700-n\/"]}]},{"@type":"ImageObject","inLanguage":"tr","@id":"https:\/\/csotrading.com\/tr\/product\/esm-3700-n\/#primaryimage","url":"https:\/\/csotrading.com\/wp-content\/uploads\/2020\/06\/ESM-3700-N.jpg","contentUrl":"https:\/\/csotrading.com\/wp-content\/uploads\/2020\/06\/ESM-3700-N.jpg","width":1280,"height":720},{"@type":"BreadcrumbList","@id":"https:\/\/csotrading.com\/tr\/product\/esm-3700-n\/#breadcrumb","itemListElement":[{"@type":"ListItem","position":1,"name":"Home","item":"https:\/\/csotrading.com\/tr\/"},{"@type":"ListItem","position":2,"name":"Ma\u011faza","item":"https:\/\/csotrading.com\/magaza\/"},{"@type":"ListItem","position":3,"name":"ESM-3700-N"}]},{"@type":"WebSite","@id":"https:\/\/csotrading.com\/#website","url":"https:\/\/csotrading.com\/","name":"CSO TRADING","description":"","potentialAction":[{"@type":"SearchAction","target":{"@type":"EntryPoint","urlTemplate":"https:\/\/csotrading.com\/?s={search_term_string}"},"query-input":{"@type":"PropertyValueSpecification","valueRequired":true,"valueName":"search_term_string"}}],"inLanguage":"tr"}]}},"_links":{"self":[{"href":"https:\/\/csotrading.com\/tr\/wp-json\/wp\/v2\/product\/4704"}],"collection":[{"href":"https:\/\/csotrading.com\/tr\/wp-json\/wp\/v2\/product"}],"about":[{"href":"https:\/\/csotrading.com\/tr\/wp-json\/wp\/v2\/types\/product"}],"replies":[{"embeddable":true,"href":"https:\/\/csotrading.com\/tr\/wp-json\/wp\/v2\/comments?post=4704"}],"wp:featuredmedia":[{"embeddable":true,"href":"https:\/\/csotrading.com\/tr\/wp-json\/wp\/v2\/media\/4101"}],"wp:attachment":[{"href":"https:\/\/csotrading.com\/tr\/wp-json\/wp\/v2\/media?parent=4704"}],"wp:term":[{"taxonomy":"product_brand","embeddable":true,"href":"https:\/\/csotrading.com\/tr\/wp-json\/wp\/v2\/product_brand?post=4704"},{"taxonomy":"product_cat","embeddable":true,"href":"https:\/\/csotrading.com\/tr\/wp-json\/wp\/v2\/product_cat?post=4704"},{"taxonomy":"product_tag","embeddable":true,"href":"https:\/\/csotrading.com\/tr\/wp-json\/wp\/v2\/product_tag?post=4704"}],"curies":[{"name":"wp","href":"https:\/\/api.w.org\/{rel}","templated":true}]}}