{"id":4698,"date":"2020-06-25T22:31:26","date_gmt":"2020-06-25T19:31:26","guid":{"rendered":"http:\/\/csotrading.com\/product\/esm-4950\/"},"modified":"2020-07-05T12:00:00","modified_gmt":"2020-07-05T09:00:00","slug":"esm-4950","status":"publish","type":"product","link":"https:\/\/csotrading.com\/tr\/product\/esm-4950\/","title":{"rendered":"ESM-4950"},"content":{"rendered":"<table>\n<tbody>\n<tr>\n<td><b>\u00d6zellikler<\/b><\/td>\n<td><b>A\u00e7\u0131klamalar<\/b><\/td>\n<\/tr>\n<tr>\n<td colspan=\"2\"><b>Fiziksel \u00d6zellikler<\/b><\/td>\n<\/tr>\n<tr>\n<td><b>\u00d6l\u00e7\u00fcler<\/b><\/td>\n<td>96 mm x 48 mm 86,5 mm<\/td>\n<\/tr>\n<tr>\n<td><b>Koruma S\u0131n\u0131f\u0131<\/b><\/td>\n<td>NEMA 4X (\u00f6nden IP65, arkadan IP20)<\/td>\n<\/tr>\n<tr>\n<td><b>Montaj<\/b><\/td>\n<td>Sabit montaj<\/td>\n<\/tr>\n<tr>\n<td><b>Depolama \/ \u00c7al\u0131\u015fma S\u0131cakl\u0131\u011f\u0131<\/b><\/td>\n<td>0&#8230;50\u00baC<\/td>\n<\/tr>\n<tr>\n<td><b>Ba\u011f\u0131l Nem<\/b><\/td>\n<td>90 % max. (Yo\u011funla\u015fma Olmayan Ortamda)<\/td>\n<\/tr>\n<tr>\n<td colspan=\"2\"><b>Elektriksel \u00d6zellikler<\/b><\/td>\n<\/tr>\n<tr>\n<td><b>Besleme Gerilimi<\/b><\/td>\n<td>100-240 Vac (-15%,+10%) 50\/60 Hz. 6 VA<br \/>\n24 Vac (-15%,+10%) 50\/60 Hz. 6 VA<br \/>\n24 Vdc (-15%,+10%) 6 W<\/td>\n<\/tr>\n<tr>\n<td><b>Sens\u00f6r Giri\u015fi<\/b><\/td>\n<td>Termokupl (TC): L(DIN 43710) ,J , K , R , S , T , B , E ve N (IEC584.1)(ITS90) ,C (ITS90)<br \/>\nTermorezistans (RTD): PT-100 (IEC751)(ITS90)<\/td>\n<\/tr>\n<tr>\n<td><b>Opsiyonel Sens\u00f6r Giri\u015fi<\/b><\/td>\n<td>EMI-400 Dijital Giri\u015f Mod\u00fcl\u00fc<br \/>\nEMI-410 0\/4-20mA Ak\u0131m Giri\u015f Mod\u00fcl\u00fc<br \/>\nEMI-420 CT 0-5A Giri\u015f Mod\u00fcl\u00fc<br \/>\nEMI-430 TC veya 0.-50mVdc Giri\u015f Mod\u00fcl\u00fc<br \/>\nEMI-440 PT-100 Giri\u015f Mod\u00fcl\u00fc<br \/>\nEMI-450 0-10Vdc Giri\u015f Mod\u00fcl\u00fc<\/td>\n<\/tr>\n<tr>\n<td><b>Skala<\/b><\/td>\n<td><\/td>\n<\/tr>\n<tr>\n<td><b>Do\u011fruluk<\/b><\/td>\n<td>Termokupl, termorezistans,mV, V,mA i\u00e7in skalan\u0131n \u00b1 %0.25&#8217;i<\/td>\n<\/tr>\n<tr>\n<td colspan=\"2\"><b>\u00c7\u0131k\u0131\u015f<\/b><\/td>\n<\/tr>\n<tr>\n<td><b>R\u00f6le \u00c7\u0131k\u0131\u015f\u0131<\/b><\/td>\n<td>Rezistif Y\u00fckte 5A @ 250 Vac<\/td>\n<\/tr>\n<tr>\n<td><b>SSR \u00c7\u0131k\u0131\u015f\u0131<\/b><\/td>\n<td><\/td>\n<\/tr>\n<tr>\n<td><b>Analog \u00c7\u0131k\u0131\u015f<\/b><\/td>\n<td><\/td>\n<\/tr>\n<tr>\n<td><b>Opsiyonel \u00c7\u0131k\u0131\u015flar<\/b><\/td>\n<td>EM0-400 R\u00f6le \u00c7\u0131k\u0131\u015f Mod\u00fcl\u00fc (3A@250V)<br \/>\nEM0-410 SSR \u00c7\u0131k\u0131\u015f Mod\u00fcl\u00fc (20mA@18V)<br \/>\nEM0-420 Dijital (Transistor) \u00c7\u0131k\u0131\u015f Mod\u00fcl\u00fc (40mA@18V)<br \/>\nEM0-430 0\/4-20mA Ak\u0131m \u00c7\u0131k\u0131\u015f Mod\u00fcl\u00fc<\/td>\n<\/tr>\n<tr>\n<td colspan=\"2\"><b>Kontrol<\/b><\/td>\n<\/tr>\n<tr>\n<td><b>Kontrol Formu<\/b><\/td>\n<td>On \/ Off, P, PI, PD, PID<\/td>\n<\/tr>\n<tr>\n<td><b>Okuma S\u0131kl\u0131\u011f\u0131<\/b><\/td>\n<td>Saniyede 3 okuma<\/td>\n<\/tr>\n<tr>\n<td><b>\u0130leti\u015fim Protokolleri<\/b><\/td>\n<td>MODBUS-RTU<\/td>\n<\/tr>\n<tr>\n<td><b>Kalite Belgeleri<\/b><\/td>\n<td>UL Tan\u0131nan Bile\u015feni (Dosya Numaras\u0131: E 254103), GOST-R, CE<\/td>\n<\/tr>\n<\/tbody>\n<\/table>\n","protected":false},"excerpt":{"rendered":"<p><span class=\"txt b\">\u00dcniversal Giri\u015fli PID Smart I\/O Mod\u00fcl Sistemli Proses Kontrol Cihaz\u0131<\/span><\/p>\n<div><\/div>\n<p><span class=\"txt c\">ESM-XX50<br \/>\n8 Ad\u0131m Profil kontrol\u00fc ve Dijital Giri\u015f Mod\u00fcl\u00fcn\u00fc kullanarak<br \/>\nStart-Hold-Stop imkan\u0131<br \/>\nProses de\u011feri ve proses kontrol\u00fc i\u00e7in<br \/>\nRe-transmission (tekrar iletim) \u00f6zelli\u011fi<br \/>\n0&#8230;5Aac Ak\u0131m trafosu Giri\u015f mod\u00fcl\u00fcyle \u0131s\u0131t\u0131c\u0131 ar\u0131zas\u0131 tespiti<br \/>\n\u00dcniversal proses giri\u015fi (TC, RTD, mVdc, Vdc, mAdc)<br \/>\nBumpless transfer \u00f6zelli\u011fi<br \/>\nMotorlu vana kontrol\u00fc<br \/>\n4 Dijit proses (PV) ve 4 Dijit set de\u011feri (SV) g\u00f6stergesi<br \/>\nAuto-tune ve Self-tune PID<br \/>\nDC Voltaj\/Ak\u0131m giri\u015fleri i\u00e7in kullan\u0131c\u0131ya a\u00e7\u0131k<br \/>\niki veya \u00e7ok noktal\u0131 kalibrasyon imkan\u0131<br \/>\nProgramlanabilir ON\/OFF, P, PI, PD ve PID kontrol formlar\u0131<\/span><\/p>\n","protected":false},"featured_media":4085,"comment_status":"open","ping_status":"closed","template":"","meta":[],"product_brand":[],"product_cat":[370],"product_tag":[251,205],"class_list":{"0":"post-4698","1":"product","2":"type-product","3":"status-publish","4":"has-post-thumbnail","6":"product_cat-process-control-devices-tr","7":"product_tag-251","8":"product_tag-esm","10":"first","11":"instock","12":"shipping-taxable","13":"product-type-simple"},"yoast_head":"<!-- This site is optimized with the Yoast SEO plugin v24.3 - https:\/\/yoast.com\/wordpress\/plugins\/seo\/ -->\n<title>ESM-4950 - CSO TRADING<\/title>\n<meta name=\"robots\" content=\"index, follow, max-snippet:-1, max-image-preview:large, max-video-preview:-1\" \/>\n<link rel=\"canonical\" href=\"https:\/\/csotrading.com\/tr\/product\/esm-4950\/\" \/>\n<meta property=\"og:locale\" content=\"tr_TR\" \/>\n<meta property=\"og:type\" content=\"article\" \/>\n<meta property=\"og:title\" content=\"ESM-4950 - CSO TRADING\" \/>\n<meta property=\"og:description\" content=\"\u00dcniversal Giri\u015fli PID Smart I\/O Mod\u00fcl Sistemli Proses Kontrol Cihaz\u0131  ESM-XX50 8 Ad\u0131m Profil kontrol\u00fc ve Dijital Giri\u015f Mod\u00fcl\u00fcn\u00fc kullanarak Start-Hold-Stop imkan\u0131 Proses de\u011feri ve proses kontrol\u00fc i\u00e7in Re-transmission (tekrar iletim) \u00f6zelli\u011fi 0...5Aac Ak\u0131m trafosu Giri\u015f mod\u00fcl\u00fcyle \u0131s\u0131t\u0131c\u0131 ar\u0131zas\u0131 tespiti \u00dcniversal proses giri\u015fi (TC, RTD, mVdc, Vdc, mAdc) Bumpless transfer \u00f6zelli\u011fi Motorlu vana kontrol\u00fc 4 Dijit proses (PV) ve 4 Dijit set de\u011feri (SV) g\u00f6stergesi Auto-tune ve Self-tune PID DC Voltaj\/Ak\u0131m giri\u015fleri i\u00e7in kullan\u0131c\u0131ya a\u00e7\u0131k iki veya \u00e7ok noktal\u0131 kalibrasyon imkan\u0131 Programlanabilir ON\/OFF, P, PI, PD ve PID kontrol formlar\u0131\" \/>\n<meta property=\"og:url\" content=\"https:\/\/csotrading.com\/tr\/product\/esm-4950\/\" \/>\n<meta property=\"og:site_name\" content=\"CSO TRADING\" \/>\n<meta property=\"article:modified_time\" content=\"2020-07-05T09:00:00+00:00\" \/>\n<meta property=\"og:image\" content=\"https:\/\/csotrading.com\/wp-content\/uploads\/2020\/06\/ESM-4950.jpg\" \/>\n\t<meta property=\"og:image:width\" content=\"1280\" \/>\n\t<meta property=\"og:image:height\" content=\"720\" \/>\n\t<meta property=\"og:image:type\" content=\"image\/jpeg\" \/>\n<meta name=\"twitter:card\" content=\"summary_large_image\" \/>\n<meta name=\"twitter:label1\" content=\"Tahmini okuma s\u00fcresi\" \/>\n\t<meta name=\"twitter:data1\" content=\"1 dakika\" \/>\n<script type=\"application\/ld+json\" class=\"yoast-schema-graph\">{\"@context\":\"https:\/\/schema.org\",\"@graph\":[{\"@type\":\"WebPage\",\"@id\":\"https:\/\/csotrading.com\/tr\/product\/esm-4950\/\",\"url\":\"https:\/\/csotrading.com\/tr\/product\/esm-4950\/\",\"name\":\"ESM-4950 - CSO TRADING\",\"isPartOf\":{\"@id\":\"https:\/\/csotrading.com\/#website\"},\"primaryImageOfPage\":{\"@id\":\"https:\/\/csotrading.com\/tr\/product\/esm-4950\/#primaryimage\"},\"image\":{\"@id\":\"https:\/\/csotrading.com\/tr\/product\/esm-4950\/#primaryimage\"},\"thumbnailUrl\":\"https:\/\/csotrading.com\/wp-content\/uploads\/2020\/06\/ESM-4950.jpg\",\"datePublished\":\"2020-06-25T19:31:26+00:00\",\"dateModified\":\"2020-07-05T09:00:00+00:00\",\"breadcrumb\":{\"@id\":\"https:\/\/csotrading.com\/tr\/product\/esm-4950\/#breadcrumb\"},\"inLanguage\":\"tr\",\"potentialAction\":[{\"@type\":\"ReadAction\",\"target\":[\"https:\/\/csotrading.com\/tr\/product\/esm-4950\/\"]}]},{\"@type\":\"ImageObject\",\"inLanguage\":\"tr\",\"@id\":\"https:\/\/csotrading.com\/tr\/product\/esm-4950\/#primaryimage\",\"url\":\"https:\/\/csotrading.com\/wp-content\/uploads\/2020\/06\/ESM-4950.jpg\",\"contentUrl\":\"https:\/\/csotrading.com\/wp-content\/uploads\/2020\/06\/ESM-4950.jpg\",\"width\":1280,\"height\":720},{\"@type\":\"BreadcrumbList\",\"@id\":\"https:\/\/csotrading.com\/tr\/product\/esm-4950\/#breadcrumb\",\"itemListElement\":[{\"@type\":\"ListItem\",\"position\":1,\"name\":\"Home\",\"item\":\"https:\/\/csotrading.com\/tr\/\"},{\"@type\":\"ListItem\",\"position\":2,\"name\":\"Ma\u011faza\",\"item\":\"https:\/\/csotrading.com\/magaza\/\"},{\"@type\":\"ListItem\",\"position\":3,\"name\":\"ESM-4950\"}]},{\"@type\":\"WebSite\",\"@id\":\"https:\/\/csotrading.com\/#website\",\"url\":\"https:\/\/csotrading.com\/\",\"name\":\"CSO TRADING\",\"description\":\"\",\"potentialAction\":[{\"@type\":\"SearchAction\",\"target\":{\"@type\":\"EntryPoint\",\"urlTemplate\":\"https:\/\/csotrading.com\/?s={search_term_string}\"},\"query-input\":{\"@type\":\"PropertyValueSpecification\",\"valueRequired\":true,\"valueName\":\"search_term_string\"}}],\"inLanguage\":\"tr\"}]}<\/script>\n<!-- \/ Yoast SEO plugin. -->","yoast_head_json":{"title":"ESM-4950 - CSO TRADING","robots":{"index":"index","follow":"follow","max-snippet":"max-snippet:-1","max-image-preview":"max-image-preview:large","max-video-preview":"max-video-preview:-1"},"canonical":"https:\/\/csotrading.com\/tr\/product\/esm-4950\/","og_locale":"tr_TR","og_type":"article","og_title":"ESM-4950 - CSO TRADING","og_description":"\u00dcniversal Giri\u015fli PID Smart I\/O Mod\u00fcl Sistemli Proses Kontrol Cihaz\u0131  ESM-XX50 8 Ad\u0131m Profil kontrol\u00fc ve Dijital Giri\u015f Mod\u00fcl\u00fcn\u00fc kullanarak Start-Hold-Stop imkan\u0131 Proses de\u011feri ve proses kontrol\u00fc i\u00e7in Re-transmission (tekrar iletim) \u00f6zelli\u011fi 0...5Aac Ak\u0131m trafosu Giri\u015f mod\u00fcl\u00fcyle \u0131s\u0131t\u0131c\u0131 ar\u0131zas\u0131 tespiti \u00dcniversal proses giri\u015fi (TC, RTD, mVdc, Vdc, mAdc) Bumpless transfer \u00f6zelli\u011fi Motorlu vana kontrol\u00fc 4 Dijit proses (PV) ve 4 Dijit set de\u011feri (SV) g\u00f6stergesi Auto-tune ve Self-tune PID DC Voltaj\/Ak\u0131m giri\u015fleri i\u00e7in kullan\u0131c\u0131ya a\u00e7\u0131k iki veya \u00e7ok noktal\u0131 kalibrasyon imkan\u0131 Programlanabilir ON\/OFF, P, PI, PD ve PID kontrol formlar\u0131","og_url":"https:\/\/csotrading.com\/tr\/product\/esm-4950\/","og_site_name":"CSO TRADING","article_modified_time":"2020-07-05T09:00:00+00:00","og_image":[{"width":1280,"height":720,"url":"https:\/\/csotrading.com\/wp-content\/uploads\/2020\/06\/ESM-4950.jpg","type":"image\/jpeg"}],"twitter_card":"summary_large_image","twitter_misc":{"Tahmini okuma s\u00fcresi":"1 dakika"},"schema":{"@context":"https:\/\/schema.org","@graph":[{"@type":"WebPage","@id":"https:\/\/csotrading.com\/tr\/product\/esm-4950\/","url":"https:\/\/csotrading.com\/tr\/product\/esm-4950\/","name":"ESM-4950 - CSO TRADING","isPartOf":{"@id":"https:\/\/csotrading.com\/#website"},"primaryImageOfPage":{"@id":"https:\/\/csotrading.com\/tr\/product\/esm-4950\/#primaryimage"},"image":{"@id":"https:\/\/csotrading.com\/tr\/product\/esm-4950\/#primaryimage"},"thumbnailUrl":"https:\/\/csotrading.com\/wp-content\/uploads\/2020\/06\/ESM-4950.jpg","datePublished":"2020-06-25T19:31:26+00:00","dateModified":"2020-07-05T09:00:00+00:00","breadcrumb":{"@id":"https:\/\/csotrading.com\/tr\/product\/esm-4950\/#breadcrumb"},"inLanguage":"tr","potentialAction":[{"@type":"ReadAction","target":["https:\/\/csotrading.com\/tr\/product\/esm-4950\/"]}]},{"@type":"ImageObject","inLanguage":"tr","@id":"https:\/\/csotrading.com\/tr\/product\/esm-4950\/#primaryimage","url":"https:\/\/csotrading.com\/wp-content\/uploads\/2020\/06\/ESM-4950.jpg","contentUrl":"https:\/\/csotrading.com\/wp-content\/uploads\/2020\/06\/ESM-4950.jpg","width":1280,"height":720},{"@type":"BreadcrumbList","@id":"https:\/\/csotrading.com\/tr\/product\/esm-4950\/#breadcrumb","itemListElement":[{"@type":"ListItem","position":1,"name":"Home","item":"https:\/\/csotrading.com\/tr\/"},{"@type":"ListItem","position":2,"name":"Ma\u011faza","item":"https:\/\/csotrading.com\/magaza\/"},{"@type":"ListItem","position":3,"name":"ESM-4950"}]},{"@type":"WebSite","@id":"https:\/\/csotrading.com\/#website","url":"https:\/\/csotrading.com\/","name":"CSO TRADING","description":"","potentialAction":[{"@type":"SearchAction","target":{"@type":"EntryPoint","urlTemplate":"https:\/\/csotrading.com\/?s={search_term_string}"},"query-input":{"@type":"PropertyValueSpecification","valueRequired":true,"valueName":"search_term_string"}}],"inLanguage":"tr"}]}},"_links":{"self":[{"href":"https:\/\/csotrading.com\/tr\/wp-json\/wp\/v2\/product\/4698"}],"collection":[{"href":"https:\/\/csotrading.com\/tr\/wp-json\/wp\/v2\/product"}],"about":[{"href":"https:\/\/csotrading.com\/tr\/wp-json\/wp\/v2\/types\/product"}],"replies":[{"embeddable":true,"href":"https:\/\/csotrading.com\/tr\/wp-json\/wp\/v2\/comments?post=4698"}],"wp:featuredmedia":[{"embeddable":true,"href":"https:\/\/csotrading.com\/tr\/wp-json\/wp\/v2\/media\/4085"}],"wp:attachment":[{"href":"https:\/\/csotrading.com\/tr\/wp-json\/wp\/v2\/media?parent=4698"}],"wp:term":[{"taxonomy":"product_brand","embeddable":true,"href":"https:\/\/csotrading.com\/tr\/wp-json\/wp\/v2\/product_brand?post=4698"},{"taxonomy":"product_cat","embeddable":true,"href":"https:\/\/csotrading.com\/tr\/wp-json\/wp\/v2\/product_cat?post=4698"},{"taxonomy":"product_tag","embeddable":true,"href":"https:\/\/csotrading.com\/tr\/wp-json\/wp\/v2\/product_tag?post=4698"}],"curies":[{"name":"wp","href":"https:\/\/api.w.org\/{rel}","templated":true}]}}