{"id":4490,"date":"2020-06-24T23:24:57","date_gmt":"2020-06-24T20:24:57","guid":{"rendered":"http:\/\/csotrading.com\/product\/ezm-3735\/"},"modified":"2020-07-05T12:42:33","modified_gmt":"2020-07-05T09:42:33","slug":"ezm-3735","status":"publish","type":"product","link":"https:\/\/csotrading.com\/tr\/product\/ezm-3735\/","title":{"rendered":"EZM-3735"},"content":{"rendered":"<table>\n<tbody>\n<tr>\n<td><b>\u00d6zellikler<\/b><\/td>\n<td><b>A\u00e7\u0131klamalar<\/b><\/td>\n<\/tr>\n<tr>\n<td colspan=\"2\"><b>Fiziksel \u00d6zellikler<\/b><\/td>\n<\/tr>\n<tr>\n<td><b>\u00d6l\u00e7\u00fcler<\/b><\/td>\n<td>76 mm x 34,5 mm x 71 mm<\/td>\n<\/tr>\n<tr>\n<td><b>Koruma S\u0131n\u0131f\u0131<\/b><\/td>\n<td>NEMA 4X (\u00f6nden IP65, arkadan IP20)<\/td>\n<\/tr>\n<tr>\n<td><b>Montaj<\/b><\/td>\n<td>Sabit montaj<\/td>\n<\/tr>\n<tr>\n<td><b>Depolama S\u0131cakl\u0131\u011f\u0131<\/b><\/td>\n<td>-40 \u00baC ile +80 \u00baC<\/td>\n<\/tr>\n<tr>\n<td><b>Ba\u011f\u0131l Nem<\/b><\/td>\n<td>90 % max. (Yo\u011funla\u015fma Olmayan Ortamda)<\/td>\n<\/tr>\n<tr>\n<td colspan=\"2\"><b>Elektriksel \u00d6zellikler<\/b><\/td>\n<\/tr>\n<tr>\n<td><b>Besleme Gerilimi<\/b><\/td>\n<td>230 Vac (\u00b1 %15) 50\/60 Hz 1.5 VA<br \/>\n115Vac (\u00b1 %15) 50\/60 Hz 1.5 VA<br \/>\n100-240Vac 50\/60 Hz.<br \/>\n24Vac (\u00b1 %15) 50\/60 Hz 1.5 VA<br \/>\n24Vac\/dc 50\/60 Hz 1.5 VA<br \/>\n10-30 Vdc<\/td>\n<\/tr>\n<tr>\n<td><b>Sens\u00f6r Giri\u015fi<\/b><\/td>\n<td>Mekanik kontak ile Kontrol<\/td>\n<\/tr>\n<tr>\n<td><b>Opsiyonel Sens\u00f6r Giri\u015fi<\/b><\/td>\n<td><\/td>\n<\/tr>\n<tr>\n<td><b>Skala<\/b><\/td>\n<td><\/td>\n<\/tr>\n<tr>\n<td><b>Do\u011fruluk<\/b><\/td>\n<td>\u00b1 % 0.1&#8217;den az<\/td>\n<\/tr>\n<tr>\n<td colspan=\"2\"><b>\u00c7\u0131k\u0131\u015f<\/b><\/td>\n<\/tr>\n<tr>\n<td><b>R\u00f6le \u00c7\u0131k\u0131\u015f\u0131<\/b><\/td>\n<td>Rezistif y\u00fckte 16 A@250 V AC (Output R\u00f6lesi)<br \/>\n(Elektriksel \u00d6m\u00fcr : Tam Y\u00fckte 100.000 Anahtarlama)<\/td>\n<\/tr>\n<tr>\n<td><b>SSR \u00c7\u0131k\u0131\u015f\u0131<\/b><\/td>\n<td><\/td>\n<\/tr>\n<tr>\n<td><b>Analog \u00c7\u0131k\u0131\u015f<\/b><\/td>\n<td><\/td>\n<\/tr>\n<tr>\n<td><b>Opsiyonel \u00c7\u0131k\u0131\u015flar<\/b><\/td>\n<td><\/td>\n<\/tr>\n<tr>\n<td colspan=\"2\"><b>Kontrol<\/b><\/td>\n<\/tr>\n<tr>\n<td><b>Kontrol Formu<\/b><\/td>\n<td>ON \/ OFF<\/td>\n<\/tr>\n<tr>\n<td><b>Okuma S\u0131kl\u0131\u011f\u0131<\/b><\/td>\n<td><\/td>\n<\/tr>\n<tr>\n<td><b>\u0130leti\u015fim Protokolleri<\/b><\/td>\n<td><\/td>\n<\/tr>\n<tr>\n<td><b>Kalite Belgeleri<\/b><\/td>\n<td>EAC, CE<\/td>\n<\/tr>\n<\/tbody>\n<\/table>\n","protected":false},"excerpt":{"rendered":"<p><span class=\"txt b\">Tek Setli Programlanabilir Zaman R\u00f6lesi<\/span><\/p>\n<div><\/div>\n<p><span class=\"txt c\">Harici Start ve Pause Giri\u015fi<br \/>\n\u00d6n panelden Start ve Stop imkan\u0131<br \/>\nSaat,Dakika ve Saniye g\u00f6sterge se\u00e7imi<br \/>\nZaman sonunda ayarlanabilir dahili buzzer<br \/>\n4 Dijit g\u00f6stergeli<br \/>\nTek Setli \u00e7al\u0131\u015fma<br \/>\nZamanlama kontrol\u00fc i\u00e7in tek kontak r\u00f6le \u00e7\u0131k\u0131\u015f\u0131<br \/>\nSet de\u011feri \u00fcst limit s\u0131n\u0131rland\u0131rmas\u0131<\/span><\/p>\n","protected":false},"featured_media":4060,"comment_status":"open","ping_status":"closed","template":"","meta":[],"product_brand":[],"product_cat":[369],"product_tag":[254,237],"class_list":{"0":"post-4490","1":"product","2":"type-product","3":"status-publish","4":"has-post-thumbnail","6":"product_cat-zaman-roleleri","7":"product_tag-254","8":"product_tag-ezm","10":"first","11":"instock","12":"shipping-taxable","13":"product-type-simple"},"yoast_head":"<!-- This site is optimized with the Yoast SEO plugin v24.3 - https:\/\/yoast.com\/wordpress\/plugins\/seo\/ -->\n<title>EZM-3735 - CSO TRADING<\/title>\n<meta name=\"robots\" content=\"index, follow, max-snippet:-1, max-image-preview:large, max-video-preview:-1\" \/>\n<link rel=\"canonical\" href=\"https:\/\/csotrading.com\/product\/ezm-3735\/\" \/>\n<meta property=\"og:locale\" content=\"tr_TR\" \/>\n<meta property=\"og:type\" content=\"article\" \/>\n<meta property=\"og:title\" content=\"EZM-3735 - CSO TRADING\" \/>\n<meta property=\"og:description\" content=\"Tek Setli Programlanabilir Zaman R\u00f6lesi  Harici Start ve Pause Giri\u015fi \u00d6n panelden Start ve Stop imkan\u0131 Saat,Dakika ve Saniye g\u00f6sterge se\u00e7imi Zaman sonunda ayarlanabilir dahili buzzer 4 Dijit g\u00f6stergeli Tek Setli \u00e7al\u0131\u015fma Zamanlama kontrol\u00fc i\u00e7in tek kontak r\u00f6le \u00e7\u0131k\u0131\u015f\u0131 Set de\u011feri \u00fcst limit s\u0131n\u0131rland\u0131rmas\u0131\" \/>\n<meta property=\"og:url\" content=\"https:\/\/csotrading.com\/product\/ezm-3735\/\" \/>\n<meta property=\"og:site_name\" content=\"CSO TRADING\" \/>\n<meta property=\"article:modified_time\" content=\"2020-07-05T09:42:33+00:00\" \/>\n<meta property=\"og:image\" content=\"https:\/\/csotrading.com\/wp-content\/uploads\/2020\/06\/EZM-3735.jpg\" \/>\n\t<meta property=\"og:image:width\" content=\"1280\" \/>\n\t<meta property=\"og:image:height\" content=\"720\" \/>\n\t<meta property=\"og:image:type\" content=\"image\/jpeg\" \/>\n<meta name=\"twitter:card\" content=\"summary_large_image\" \/>\n<meta name=\"twitter:label1\" content=\"Tahmini okuma s\u00fcresi\" \/>\n\t<meta name=\"twitter:data1\" content=\"1 dakika\" \/>\n<script type=\"application\/ld+json\" class=\"yoast-schema-graph\">{\"@context\":\"https:\/\/schema.org\",\"@graph\":[{\"@type\":\"WebPage\",\"@id\":\"https:\/\/csotrading.com\/product\/ezm-3735\/\",\"url\":\"https:\/\/csotrading.com\/product\/ezm-3735\/\",\"name\":\"EZM-3735 - CSO TRADING\",\"isPartOf\":{\"@id\":\"https:\/\/csotrading.com\/#website\"},\"primaryImageOfPage\":{\"@id\":\"https:\/\/csotrading.com\/product\/ezm-3735\/#primaryimage\"},\"image\":{\"@id\":\"https:\/\/csotrading.com\/product\/ezm-3735\/#primaryimage\"},\"thumbnailUrl\":\"https:\/\/csotrading.com\/wp-content\/uploads\/2020\/06\/EZM-3735.jpg\",\"datePublished\":\"2020-06-24T20:24:57+00:00\",\"dateModified\":\"2020-07-05T09:42:33+00:00\",\"breadcrumb\":{\"@id\":\"https:\/\/csotrading.com\/product\/ezm-3735\/#breadcrumb\"},\"inLanguage\":\"tr\",\"potentialAction\":[{\"@type\":\"ReadAction\",\"target\":[\"https:\/\/csotrading.com\/product\/ezm-3735\/\"]}]},{\"@type\":\"ImageObject\",\"inLanguage\":\"tr\",\"@id\":\"https:\/\/csotrading.com\/product\/ezm-3735\/#primaryimage\",\"url\":\"https:\/\/csotrading.com\/wp-content\/uploads\/2020\/06\/EZM-3735.jpg\",\"contentUrl\":\"https:\/\/csotrading.com\/wp-content\/uploads\/2020\/06\/EZM-3735.jpg\",\"width\":1280,\"height\":720},{\"@type\":\"BreadcrumbList\",\"@id\":\"https:\/\/csotrading.com\/product\/ezm-3735\/#breadcrumb\",\"itemListElement\":[{\"@type\":\"ListItem\",\"position\":1,\"name\":\"Home\",\"item\":\"https:\/\/csotrading.com\/tr\/\"},{\"@type\":\"ListItem\",\"position\":2,\"name\":\"Ma\u011faza\",\"item\":\"https:\/\/csotrading.com\/magaza\/\"},{\"@type\":\"ListItem\",\"position\":3,\"name\":\"EZM-3735\"}]},{\"@type\":\"WebSite\",\"@id\":\"https:\/\/csotrading.com\/#website\",\"url\":\"https:\/\/csotrading.com\/\",\"name\":\"CSO TRADING\",\"description\":\"\",\"potentialAction\":[{\"@type\":\"SearchAction\",\"target\":{\"@type\":\"EntryPoint\",\"urlTemplate\":\"https:\/\/csotrading.com\/?s={search_term_string}\"},\"query-input\":{\"@type\":\"PropertyValueSpecification\",\"valueRequired\":true,\"valueName\":\"search_term_string\"}}],\"inLanguage\":\"tr\"}]}<\/script>\n<!-- \/ Yoast SEO plugin. -->","yoast_head_json":{"title":"EZM-3735 - CSO TRADING","robots":{"index":"index","follow":"follow","max-snippet":"max-snippet:-1","max-image-preview":"max-image-preview:large","max-video-preview":"max-video-preview:-1"},"canonical":"https:\/\/csotrading.com\/product\/ezm-3735\/","og_locale":"tr_TR","og_type":"article","og_title":"EZM-3735 - CSO TRADING","og_description":"Tek Setli Programlanabilir Zaman R\u00f6lesi  Harici Start ve Pause Giri\u015fi \u00d6n panelden Start ve Stop imkan\u0131 Saat,Dakika ve Saniye g\u00f6sterge se\u00e7imi Zaman sonunda ayarlanabilir dahili buzzer 4 Dijit g\u00f6stergeli Tek Setli \u00e7al\u0131\u015fma Zamanlama kontrol\u00fc i\u00e7in tek kontak r\u00f6le \u00e7\u0131k\u0131\u015f\u0131 Set de\u011feri \u00fcst limit s\u0131n\u0131rland\u0131rmas\u0131","og_url":"https:\/\/csotrading.com\/product\/ezm-3735\/","og_site_name":"CSO TRADING","article_modified_time":"2020-07-05T09:42:33+00:00","og_image":[{"width":1280,"height":720,"url":"https:\/\/csotrading.com\/wp-content\/uploads\/2020\/06\/EZM-3735.jpg","type":"image\/jpeg"}],"twitter_card":"summary_large_image","twitter_misc":{"Tahmini okuma s\u00fcresi":"1 dakika"},"schema":{"@context":"https:\/\/schema.org","@graph":[{"@type":"WebPage","@id":"https:\/\/csotrading.com\/product\/ezm-3735\/","url":"https:\/\/csotrading.com\/product\/ezm-3735\/","name":"EZM-3735 - CSO TRADING","isPartOf":{"@id":"https:\/\/csotrading.com\/#website"},"primaryImageOfPage":{"@id":"https:\/\/csotrading.com\/product\/ezm-3735\/#primaryimage"},"image":{"@id":"https:\/\/csotrading.com\/product\/ezm-3735\/#primaryimage"},"thumbnailUrl":"https:\/\/csotrading.com\/wp-content\/uploads\/2020\/06\/EZM-3735.jpg","datePublished":"2020-06-24T20:24:57+00:00","dateModified":"2020-07-05T09:42:33+00:00","breadcrumb":{"@id":"https:\/\/csotrading.com\/product\/ezm-3735\/#breadcrumb"},"inLanguage":"tr","potentialAction":[{"@type":"ReadAction","target":["https:\/\/csotrading.com\/product\/ezm-3735\/"]}]},{"@type":"ImageObject","inLanguage":"tr","@id":"https:\/\/csotrading.com\/product\/ezm-3735\/#primaryimage","url":"https:\/\/csotrading.com\/wp-content\/uploads\/2020\/06\/EZM-3735.jpg","contentUrl":"https:\/\/csotrading.com\/wp-content\/uploads\/2020\/06\/EZM-3735.jpg","width":1280,"height":720},{"@type":"BreadcrumbList","@id":"https:\/\/csotrading.com\/product\/ezm-3735\/#breadcrumb","itemListElement":[{"@type":"ListItem","position":1,"name":"Home","item":"https:\/\/csotrading.com\/tr\/"},{"@type":"ListItem","position":2,"name":"Ma\u011faza","item":"https:\/\/csotrading.com\/magaza\/"},{"@type":"ListItem","position":3,"name":"EZM-3735"}]},{"@type":"WebSite","@id":"https:\/\/csotrading.com\/#website","url":"https:\/\/csotrading.com\/","name":"CSO TRADING","description":"","potentialAction":[{"@type":"SearchAction","target":{"@type":"EntryPoint","urlTemplate":"https:\/\/csotrading.com\/?s={search_term_string}"},"query-input":{"@type":"PropertyValueSpecification","valueRequired":true,"valueName":"search_term_string"}}],"inLanguage":"tr"}]}},"_links":{"self":[{"href":"https:\/\/csotrading.com\/tr\/wp-json\/wp\/v2\/product\/4490"}],"collection":[{"href":"https:\/\/csotrading.com\/tr\/wp-json\/wp\/v2\/product"}],"about":[{"href":"https:\/\/csotrading.com\/tr\/wp-json\/wp\/v2\/types\/product"}],"replies":[{"embeddable":true,"href":"https:\/\/csotrading.com\/tr\/wp-json\/wp\/v2\/comments?post=4490"}],"wp:featuredmedia":[{"embeddable":true,"href":"https:\/\/csotrading.com\/tr\/wp-json\/wp\/v2\/media\/4060"}],"wp:attachment":[{"href":"https:\/\/csotrading.com\/tr\/wp-json\/wp\/v2\/media?parent=4490"}],"wp:term":[{"taxonomy":"product_brand","embeddable":true,"href":"https:\/\/csotrading.com\/tr\/wp-json\/wp\/v2\/product_brand?post=4490"},{"taxonomy":"product_cat","embeddable":true,"href":"https:\/\/csotrading.com\/tr\/wp-json\/wp\/v2\/product_cat?post=4490"},{"taxonomy":"product_tag","embeddable":true,"href":"https:\/\/csotrading.com\/tr\/wp-json\/wp\/v2\/product_tag?post=4490"}],"curies":[{"name":"wp","href":"https:\/\/api.w.org\/{rel}","templated":true}]}}