{"id":4488,"date":"2020-06-24T23:21:56","date_gmt":"2020-06-24T20:21:56","guid":{"rendered":"http:\/\/csotrading.com\/product\/ezm-9950\/"},"modified":"2020-07-05T13:06:08","modified_gmt":"2020-07-05T10:06:08","slug":"ezm-9950","status":"publish","type":"product","link":"https:\/\/csotrading.com\/tr\/product\/ezm-9950\/","title":{"rendered":"EZM-9950"},"content":{"rendered":"<table>\n<tbody>\n<tr>\n<td><b>\u00d6zellikler<\/b><\/td>\n<td><b>A\u00e7\u0131klamalar<\/b><\/td>\n<\/tr>\n<tr>\n<td colspan=\"2\"><b>Fiziksel \u00d6zellikler<\/b><\/td>\n<\/tr>\n<tr>\n<td><b>\u00d6l\u00e7\u00fcler<\/b><\/td>\n<td>96 mm x 96 mm 87,5 mm<\/td>\n<\/tr>\n<tr>\n<td><b>Koruma S\u0131n\u0131f\u0131<\/b><\/td>\n<td>NEMA 4X (\u00f6nden IP65, arkadan IP20)<\/td>\n<\/tr>\n<tr>\n<td><b>Montaj<\/b><\/td>\n<td>Sabit montaj<\/td>\n<\/tr>\n<tr>\n<td><b>Depolama \/ \u00c7al\u0131\u015fma S\u0131cakl\u0131\u011f\u0131<\/b><\/td>\n<td>-40 \u00baC ile +85 \u00baC \/ 0 \u00baC ile +50 \u00baC aras\u0131nda.<\/td>\n<\/tr>\n<tr>\n<td><b>Ba\u011f\u0131l Nem<\/b><\/td>\n<td>90 % max. (Yo\u011funla\u015fma Olmayan Ortamda)<\/td>\n<\/tr>\n<tr>\n<td colspan=\"2\"><b>Elektriksel \u00d6zellikler<\/b><\/td>\n<\/tr>\n<tr>\n<td><b>Besleme Gerilimi<\/b><\/td>\n<td>100-240 Vac (-15%,+10%) 50\/60 Hz. 6 VA<br \/>\n24 Vac (-15%,+10%) 50\/60 Hz. 6 VA<br \/>\n24 Vdc (-15%,+10%) 6 W<\/td>\n<\/tr>\n<tr>\n<td><b>Sens\u00f6r Giri\u015fi<\/b><\/td>\n<td>12 Vdc maksimum 50 mA<\/td>\n<\/tr>\n<tr>\n<td><b>Opsiyonel Sens\u00f6r Giri\u015fi<\/b><\/td>\n<td><\/td>\n<\/tr>\n<tr>\n<td><b>Skala<\/b><\/td>\n<td><\/td>\n<\/tr>\n<tr>\n<td><b>Do\u011fruluk<\/b><\/td>\n<td><\/td>\n<\/tr>\n<tr>\n<td colspan=\"2\"><b>\u00c7\u0131k\u0131\u015f<\/b><\/td>\n<\/tr>\n<tr>\n<td><b>R\u00f6le \u00c7\u0131k\u0131\u015f\u0131<\/b><\/td>\n<td>EM0-900 R\u00f6le \u00c7\u0131k\u0131\u015f Mod\u00fcl\u00fc (3A @ 250V)<\/td>\n<\/tr>\n<tr>\n<td><b>SSR \u00c7\u0131k\u0131\u015f\u0131<\/b><\/td>\n<td><\/td>\n<\/tr>\n<tr>\n<td><b>Analog \u00c7\u0131k\u0131\u015f<\/b><\/td>\n<td><\/td>\n<\/tr>\n<tr>\n<td><b>Opsiyonel \u00c7\u0131k\u0131\u015flar<\/b><\/td>\n<td>EM0-410 SSR \u00c7\u0131k\u0131\u015f Mod\u00fcl\u00fc (20mA @ 18V)<br \/>\nEM0-420 Dijital (Transist\u00f6r) \u00c7\u0131k\u0131\u015f Mod\u00fcl\u00fc (40mA @ 18V)<\/td>\n<\/tr>\n<tr>\n<td colspan=\"2\"><b>Kontrol<\/b><\/td>\n<\/tr>\n<tr>\n<td><b>Kontrol Formu<\/b><\/td>\n<td><\/td>\n<\/tr>\n<tr>\n<td><b>Okuma S\u0131kl\u0131\u011f\u0131<\/b><\/td>\n<td><\/td>\n<\/tr>\n<tr>\n<td><b>\u0130leti\u015fim Protokolleri<\/b><\/td>\n<td>MODBUS-ASCII veya RTU<\/td>\n<\/tr>\n<tr>\n<td><b>Kalite Belgeleri<\/b><\/td>\n<td>UL Tan\u0131nan Bile\u015feni (Dosya Numaras\u0131: E 254103), EAC, CE<\/td>\n<\/tr>\n<\/tbody>\n<\/table>\n","protected":false},"excerpt":{"rendered":"<p><span class=\"txt b\">\u00c7ok Fonksiyonlu Programlanabilir Zaman R\u00f6lesi ve Say\u0131c\u0131<\/span><\/p>\n<div><\/div>\n<p><span class=\"txt c\">EZM-XX50<br \/>\nKonfigure edilebilir, Toplam Say\u0131c\u0131, Batch Say\u0131c\u0131,<br \/>\nZaman r\u00f6lesi, Kronometre, Frekansmetre ve Devir \u00d6l\u00e7me fonksiyonlar\u0131<br \/>\nOtomatik ve Manuel Resetli \u00e7al\u0131\u015fma<br \/>\nZaman r\u00f6lesi ve Kronometre i\u00e7in programlanabilir<br \/>\nzaman skalalar\u0131 (sn, dk, saat)<br \/>\n\u00c7arp\u0131m fakt\u00f6r\u00fc ve desimal nokta pozisyonu<br \/>\n6 Dijit proses (PV) ve 6 Dijit Set de\u011feri (SV) g\u00f6stergesi<br \/>\n\u0130ki Setli \u00c7al\u0131\u015fma<br \/>\nOutput Mod\u00fcl Sistemi<br \/>\nReset, Pause ve ChA-ChB sayma giri\u015fleri<br \/>\nOtomatik ve Manuel Resetli \u00e7al\u0131\u015fma<br \/>\nSay\u0131c\u0131 fonksiyonunda INC, DEC, INC\/INC, INC\/DEC, UP\/DOWN,<br \/>\nx1 \/ x2 \/ x4 faz kaymal\u0131 sayma se\u00e7ene\u011fi<br \/>\nModbus ASCII or RTU Protokol\u00fcyle, RS-232 (standart)<\/span><\/p>\n","protected":false},"featured_media":4057,"comment_status":"open","ping_status":"closed","template":"","meta":[],"product_brand":[],"product_cat":[369],"product_tag":[253,237],"class_list":{"0":"post-4488","1":"product","2":"type-product","3":"status-publish","4":"has-post-thumbnail","6":"product_cat-zaman-roleleri","7":"product_tag-253","8":"product_tag-ezm","10":"first","11":"instock","12":"shipping-taxable","13":"product-type-simple"},"yoast_head":"<!-- This site is optimized with the Yoast SEO plugin v24.3 - https:\/\/yoast.com\/wordpress\/plugins\/seo\/ -->\n<title>EZM-9950 - CSO TRADING<\/title>\n<meta name=\"robots\" content=\"index, follow, max-snippet:-1, max-image-preview:large, max-video-preview:-1\" \/>\n<link rel=\"canonical\" href=\"https:\/\/csotrading.com\/product\/ezm-9950\/\" \/>\n<meta property=\"og:locale\" content=\"tr_TR\" \/>\n<meta property=\"og:type\" content=\"article\" \/>\n<meta property=\"og:title\" content=\"EZM-9950 - CSO TRADING\" \/>\n<meta property=\"og:description\" content=\"\u00c7ok Fonksiyonlu Programlanabilir Zaman R\u00f6lesi ve Say\u0131c\u0131  EZM-XX50 Konfigure edilebilir, Toplam Say\u0131c\u0131, Batch Say\u0131c\u0131, Zaman r\u00f6lesi, Kronometre, Frekansmetre ve Devir \u00d6l\u00e7me fonksiyonlar\u0131 Otomatik ve Manuel Resetli \u00e7al\u0131\u015fma Zaman r\u00f6lesi ve Kronometre i\u00e7in programlanabilir zaman skalalar\u0131 (sn, dk, saat) \u00c7arp\u0131m fakt\u00f6r\u00fc ve desimal nokta pozisyonu 6 Dijit proses (PV) ve 6 Dijit Set de\u011feri (SV) g\u00f6stergesi \u0130ki Setli \u00c7al\u0131\u015fma Output Mod\u00fcl Sistemi Reset, Pause ve ChA-ChB sayma giri\u015fleri Otomatik ve Manuel Resetli \u00e7al\u0131\u015fma Say\u0131c\u0131 fonksiyonunda INC, DEC, INC\/INC, INC\/DEC, UP\/DOWN, x1 \/ x2 \/ x4 faz kaymal\u0131 sayma se\u00e7ene\u011fi Modbus ASCII or RTU Protokol\u00fcyle, RS-232 (standart)\" \/>\n<meta property=\"og:url\" content=\"https:\/\/csotrading.com\/product\/ezm-9950\/\" \/>\n<meta property=\"og:site_name\" content=\"CSO TRADING\" \/>\n<meta property=\"article:modified_time\" content=\"2020-07-05T10:06:08+00:00\" \/>\n<meta property=\"og:image\" content=\"https:\/\/csotrading.com\/wp-content\/uploads\/2020\/06\/EZM-9950.jpg\" \/>\n\t<meta property=\"og:image:width\" content=\"1280\" \/>\n\t<meta property=\"og:image:height\" content=\"720\" \/>\n\t<meta property=\"og:image:type\" content=\"image\/jpeg\" \/>\n<meta name=\"twitter:card\" content=\"summary_large_image\" \/>\n<meta name=\"twitter:label1\" content=\"Tahmini okuma s\u00fcresi\" \/>\n\t<meta name=\"twitter:data1\" content=\"1 dakika\" \/>\n<script type=\"application\/ld+json\" class=\"yoast-schema-graph\">{\"@context\":\"https:\/\/schema.org\",\"@graph\":[{\"@type\":\"WebPage\",\"@id\":\"https:\/\/csotrading.com\/product\/ezm-9950\/\",\"url\":\"https:\/\/csotrading.com\/product\/ezm-9950\/\",\"name\":\"EZM-9950 - CSO TRADING\",\"isPartOf\":{\"@id\":\"https:\/\/csotrading.com\/#website\"},\"primaryImageOfPage\":{\"@id\":\"https:\/\/csotrading.com\/product\/ezm-9950\/#primaryimage\"},\"image\":{\"@id\":\"https:\/\/csotrading.com\/product\/ezm-9950\/#primaryimage\"},\"thumbnailUrl\":\"https:\/\/csotrading.com\/wp-content\/uploads\/2020\/06\/EZM-9950.jpg\",\"datePublished\":\"2020-06-24T20:21:56+00:00\",\"dateModified\":\"2020-07-05T10:06:08+00:00\",\"breadcrumb\":{\"@id\":\"https:\/\/csotrading.com\/product\/ezm-9950\/#breadcrumb\"},\"inLanguage\":\"tr\",\"potentialAction\":[{\"@type\":\"ReadAction\",\"target\":[\"https:\/\/csotrading.com\/product\/ezm-9950\/\"]}]},{\"@type\":\"ImageObject\",\"inLanguage\":\"tr\",\"@id\":\"https:\/\/csotrading.com\/product\/ezm-9950\/#primaryimage\",\"url\":\"https:\/\/csotrading.com\/wp-content\/uploads\/2020\/06\/EZM-9950.jpg\",\"contentUrl\":\"https:\/\/csotrading.com\/wp-content\/uploads\/2020\/06\/EZM-9950.jpg\",\"width\":1280,\"height\":720},{\"@type\":\"BreadcrumbList\",\"@id\":\"https:\/\/csotrading.com\/product\/ezm-9950\/#breadcrumb\",\"itemListElement\":[{\"@type\":\"ListItem\",\"position\":1,\"name\":\"Home\",\"item\":\"https:\/\/csotrading.com\/tr\/\"},{\"@type\":\"ListItem\",\"position\":2,\"name\":\"Ma\u011faza\",\"item\":\"https:\/\/csotrading.com\/magaza\/\"},{\"@type\":\"ListItem\",\"position\":3,\"name\":\"EZM-9950\"}]},{\"@type\":\"WebSite\",\"@id\":\"https:\/\/csotrading.com\/#website\",\"url\":\"https:\/\/csotrading.com\/\",\"name\":\"CSO TRADING\",\"description\":\"\",\"potentialAction\":[{\"@type\":\"SearchAction\",\"target\":{\"@type\":\"EntryPoint\",\"urlTemplate\":\"https:\/\/csotrading.com\/?s={search_term_string}\"},\"query-input\":{\"@type\":\"PropertyValueSpecification\",\"valueRequired\":true,\"valueName\":\"search_term_string\"}}],\"inLanguage\":\"tr\"}]}<\/script>\n<!-- \/ Yoast SEO plugin. -->","yoast_head_json":{"title":"EZM-9950 - CSO TRADING","robots":{"index":"index","follow":"follow","max-snippet":"max-snippet:-1","max-image-preview":"max-image-preview:large","max-video-preview":"max-video-preview:-1"},"canonical":"https:\/\/csotrading.com\/product\/ezm-9950\/","og_locale":"tr_TR","og_type":"article","og_title":"EZM-9950 - CSO TRADING","og_description":"\u00c7ok Fonksiyonlu Programlanabilir Zaman R\u00f6lesi ve Say\u0131c\u0131  EZM-XX50 Konfigure edilebilir, Toplam Say\u0131c\u0131, Batch Say\u0131c\u0131, Zaman r\u00f6lesi, Kronometre, Frekansmetre ve Devir \u00d6l\u00e7me fonksiyonlar\u0131 Otomatik ve Manuel Resetli \u00e7al\u0131\u015fma Zaman r\u00f6lesi ve Kronometre i\u00e7in programlanabilir zaman skalalar\u0131 (sn, dk, saat) \u00c7arp\u0131m fakt\u00f6r\u00fc ve desimal nokta pozisyonu 6 Dijit proses (PV) ve 6 Dijit Set de\u011feri (SV) g\u00f6stergesi \u0130ki Setli \u00c7al\u0131\u015fma Output Mod\u00fcl Sistemi Reset, Pause ve ChA-ChB sayma giri\u015fleri Otomatik ve Manuel Resetli \u00e7al\u0131\u015fma Say\u0131c\u0131 fonksiyonunda INC, DEC, INC\/INC, INC\/DEC, UP\/DOWN, x1 \/ x2 \/ x4 faz kaymal\u0131 sayma se\u00e7ene\u011fi Modbus ASCII or RTU Protokol\u00fcyle, RS-232 (standart)","og_url":"https:\/\/csotrading.com\/product\/ezm-9950\/","og_site_name":"CSO TRADING","article_modified_time":"2020-07-05T10:06:08+00:00","og_image":[{"width":1280,"height":720,"url":"https:\/\/csotrading.com\/wp-content\/uploads\/2020\/06\/EZM-9950.jpg","type":"image\/jpeg"}],"twitter_card":"summary_large_image","twitter_misc":{"Tahmini okuma s\u00fcresi":"1 dakika"},"schema":{"@context":"https:\/\/schema.org","@graph":[{"@type":"WebPage","@id":"https:\/\/csotrading.com\/product\/ezm-9950\/","url":"https:\/\/csotrading.com\/product\/ezm-9950\/","name":"EZM-9950 - CSO TRADING","isPartOf":{"@id":"https:\/\/csotrading.com\/#website"},"primaryImageOfPage":{"@id":"https:\/\/csotrading.com\/product\/ezm-9950\/#primaryimage"},"image":{"@id":"https:\/\/csotrading.com\/product\/ezm-9950\/#primaryimage"},"thumbnailUrl":"https:\/\/csotrading.com\/wp-content\/uploads\/2020\/06\/EZM-9950.jpg","datePublished":"2020-06-24T20:21:56+00:00","dateModified":"2020-07-05T10:06:08+00:00","breadcrumb":{"@id":"https:\/\/csotrading.com\/product\/ezm-9950\/#breadcrumb"},"inLanguage":"tr","potentialAction":[{"@type":"ReadAction","target":["https:\/\/csotrading.com\/product\/ezm-9950\/"]}]},{"@type":"ImageObject","inLanguage":"tr","@id":"https:\/\/csotrading.com\/product\/ezm-9950\/#primaryimage","url":"https:\/\/csotrading.com\/wp-content\/uploads\/2020\/06\/EZM-9950.jpg","contentUrl":"https:\/\/csotrading.com\/wp-content\/uploads\/2020\/06\/EZM-9950.jpg","width":1280,"height":720},{"@type":"BreadcrumbList","@id":"https:\/\/csotrading.com\/product\/ezm-9950\/#breadcrumb","itemListElement":[{"@type":"ListItem","position":1,"name":"Home","item":"https:\/\/csotrading.com\/tr\/"},{"@type":"ListItem","position":2,"name":"Ma\u011faza","item":"https:\/\/csotrading.com\/magaza\/"},{"@type":"ListItem","position":3,"name":"EZM-9950"}]},{"@type":"WebSite","@id":"https:\/\/csotrading.com\/#website","url":"https:\/\/csotrading.com\/","name":"CSO TRADING","description":"","potentialAction":[{"@type":"SearchAction","target":{"@type":"EntryPoint","urlTemplate":"https:\/\/csotrading.com\/?s={search_term_string}"},"query-input":{"@type":"PropertyValueSpecification","valueRequired":true,"valueName":"search_term_string"}}],"inLanguage":"tr"}]}},"_links":{"self":[{"href":"https:\/\/csotrading.com\/tr\/wp-json\/wp\/v2\/product\/4488"}],"collection":[{"href":"https:\/\/csotrading.com\/tr\/wp-json\/wp\/v2\/product"}],"about":[{"href":"https:\/\/csotrading.com\/tr\/wp-json\/wp\/v2\/types\/product"}],"replies":[{"embeddable":true,"href":"https:\/\/csotrading.com\/tr\/wp-json\/wp\/v2\/comments?post=4488"}],"wp:featuredmedia":[{"embeddable":true,"href":"https:\/\/csotrading.com\/tr\/wp-json\/wp\/v2\/media\/4057"}],"wp:attachment":[{"href":"https:\/\/csotrading.com\/tr\/wp-json\/wp\/v2\/media?parent=4488"}],"wp:term":[{"taxonomy":"product_brand","embeddable":true,"href":"https:\/\/csotrading.com\/tr\/wp-json\/wp\/v2\/product_brand?post=4488"},{"taxonomy":"product_cat","embeddable":true,"href":"https:\/\/csotrading.com\/tr\/wp-json\/wp\/v2\/product_cat?post=4488"},{"taxonomy":"product_tag","embeddable":true,"href":"https:\/\/csotrading.com\/tr\/wp-json\/wp\/v2\/product_tag?post=4488"}],"curies":[{"name":"wp","href":"https:\/\/api.w.org\/{rel}","templated":true}]}}