{"id":4465,"date":"2020-06-24T22:50:13","date_gmt":"2020-06-24T19:50:13","guid":{"rendered":"http:\/\/csotrading.com\/product\/ezm-4435\/"},"modified":"2020-07-05T12:45:44","modified_gmt":"2020-07-05T09:45:44","slug":"ezm-4435","status":"publish","type":"product","link":"https:\/\/csotrading.com\/tr\/product\/ezm-4435\/","title":{"rendered":"EZM-4435"},"content":{"rendered":"<table>\n<tbody>\n<tr>\n<td><b>\u00d6zellikler<\/b><\/td>\n<td><b>A\u00e7\u0131klamalar<\/b><\/td>\n<\/tr>\n<tr>\n<td colspan=\"2\"><b>Fiziksel \u00d6zellikler<\/b><\/td>\n<\/tr>\n<tr>\n<td><b>\u00d6l\u00e7\u00fcler<\/b><\/td>\n<td>48 mm x 48 mm x 95 mm<\/td>\n<\/tr>\n<tr>\n<td><b>Koruma S\u0131n\u0131f\u0131<\/b><\/td>\n<td>NEMA 4X (\u00f6nden IP65, arkadan IP20)<\/td>\n<\/tr>\n<tr>\n<td><b>Montaj<\/b><\/td>\n<td>Sabit montaj<\/td>\n<\/tr>\n<tr>\n<td><b>Depolama \/ \u00c7al\u0131\u015fma S\u0131cakl\u0131\u011f\u0131<\/b><\/td>\n<td>-40\u00b0C&#8230;+85\u00b0C \/ 0&#8230;50\u00b0C<\/td>\n<\/tr>\n<tr>\n<td><b>Ba\u011f\u0131l Nem<\/b><\/td>\n<td>90 % max. (Yo\u011funla\u015fma Olmayan Ortamda)<\/td>\n<\/tr>\n<tr>\n<td colspan=\"2\"><b>Elektriksel \u00d6zellikler<\/b><\/td>\n<\/tr>\n<tr>\n<td><b>Besleme Gerilimi<\/b><\/td>\n<td>230 Vac(-%15 \/ +%10) 50\/60 Hz. 1.5VA<br \/>\n115 Vac(-%15 \/ +%10) 50\/60 Hz. 1.5VA<br \/>\n24 Vac(-%15 \/ +%15) 50\/60 Hz. 1.5VA<br \/>\n24ac\/dc (-%15 \/ +%15) 4W<\/td>\n<\/tr>\n<tr>\n<td><b>Sens\u00f6r Giri\u015fi<\/b><\/td>\n<td>12 Vdc \u00b1% 40 maksimum 50 mA<\/td>\n<\/tr>\n<tr>\n<td><b>Opsiyonel Sens\u00f6r Giri\u015fi<\/b><\/td>\n<td><\/td>\n<\/tr>\n<tr>\n<td><b>Skala<\/b><\/td>\n<td><\/td>\n<\/tr>\n<tr>\n<td><b>Do\u011fruluk<\/b><\/td>\n<td><\/td>\n<\/tr>\n<tr>\n<td colspan=\"2\"><b>\u00c7\u0131k\u0131\u015f<\/b><\/td>\n<\/tr>\n<tr>\n<td><b>R\u00f6le \u00c7\u0131k\u0131\u015f\u0131<\/b><\/td>\n<td>5A@250Vac<\/td>\n<\/tr>\n<tr>\n<td><b>SSR \u00c7\u0131k\u0131\u015f\u0131<\/b><\/td>\n<td><\/td>\n<\/tr>\n<tr>\n<td><b>Analog \u00c7\u0131k\u0131\u015f<\/b><\/td>\n<td><\/td>\n<\/tr>\n<tr>\n<td><b>Opsiyonel \u00c7\u0131k\u0131\u015flar<\/b><\/td>\n<td><\/td>\n<\/tr>\n<tr>\n<td colspan=\"2\"><b>Kontrol<\/b><\/td>\n<\/tr>\n<tr>\n<td><b>Kontrol Formu<\/b><\/td>\n<td><\/td>\n<\/tr>\n<tr>\n<td><b>Okuma S\u0131kl\u0131\u011f\u0131<\/b><\/td>\n<td><\/td>\n<\/tr>\n<tr>\n<td><b>\u0130leti\u015fim Protokolleri<\/b><\/td>\n<td><\/td>\n<\/tr>\n<tr>\n<td><b>Kalite Belgeleri<\/b><\/td>\n<td>EAC, CE<\/td>\n<\/tr>\n<\/tbody>\n<\/table>\n","protected":false},"excerpt":{"rendered":"<p><span class=\"txt b\">Tek Setli Programlanabilir Zaman R\u00f6lesi<\/span><\/p>\n<div><\/div>\n<p><span class=\"txt c\">EZM-XX35<br \/>\nOtomatik ve Manuel Resetli \u00e7al\u0131\u015fma<br \/>\nProgramlanabilir zaman skalalar\u0131( sn, dk, saat)<br \/>\n6 Dijit proses (PV) ve 6 Dijit Set de\u011feri (SV) g\u00f6stergesi<br \/>\nTek Setli \u00e7al\u0131\u015fma<br \/>\nZamanlama kontrol\u00fc i\u00e7in tek kontak r\u00f6le \u00e7\u0131k\u0131\u015f\u0131<br \/>\nProgramlanabilir tek SET\u2019li \u00e7al\u0131\u015fma<br \/>\nReset, Pause ve Start Giri\u015fleri<br \/>\nProgramlama modu \u015fifre korumas\u0131,<br \/>\nNPN\/PNP tipi \u00e7al\u0131\u015fma<\/span><\/p>\n","protected":false},"featured_media":4036,"comment_status":"open","ping_status":"closed","template":"","meta":[],"product_brand":[],"product_cat":[369],"product_tag":[246,237],"class_list":{"0":"post-4465","1":"product","2":"type-product","3":"status-publish","4":"has-post-thumbnail","6":"product_cat-zaman-roleleri","7":"product_tag-246","8":"product_tag-ezm","10":"first","11":"instock","12":"shipping-taxable","13":"product-type-simple"},"yoast_head":"<!-- This site is optimized with the Yoast SEO plugin v24.3 - https:\/\/yoast.com\/wordpress\/plugins\/seo\/ -->\n<title>EZM-4435 - CSO TRADING<\/title>\n<meta name=\"robots\" content=\"index, follow, max-snippet:-1, max-image-preview:large, max-video-preview:-1\" \/>\n<link rel=\"canonical\" href=\"https:\/\/csotrading.com\/product\/ezm-4435\/\" \/>\n<meta property=\"og:locale\" content=\"tr_TR\" \/>\n<meta property=\"og:type\" content=\"article\" \/>\n<meta property=\"og:title\" content=\"EZM-4435 - CSO TRADING\" \/>\n<meta property=\"og:description\" content=\"Tek Setli Programlanabilir Zaman R\u00f6lesi  EZM-XX35 Otomatik ve Manuel Resetli \u00e7al\u0131\u015fma Programlanabilir zaman skalalar\u0131( sn, dk, saat) 6 Dijit proses (PV) ve 6 Dijit Set de\u011feri (SV) g\u00f6stergesi Tek Setli \u00e7al\u0131\u015fma Zamanlama kontrol\u00fc i\u00e7in tek kontak r\u00f6le \u00e7\u0131k\u0131\u015f\u0131 Programlanabilir tek SET\u2019li \u00e7al\u0131\u015fma Reset, Pause ve Start Giri\u015fleri Programlama modu \u015fifre korumas\u0131, NPN\/PNP tipi \u00e7al\u0131\u015fma\" \/>\n<meta property=\"og:url\" content=\"https:\/\/csotrading.com\/product\/ezm-4435\/\" \/>\n<meta property=\"og:site_name\" content=\"CSO TRADING\" \/>\n<meta property=\"article:modified_time\" content=\"2020-07-05T09:45:44+00:00\" \/>\n<meta property=\"og:image\" content=\"https:\/\/csotrading.com\/wp-content\/uploads\/2020\/06\/EZM-4435.jpg\" \/>\n\t<meta property=\"og:image:width\" content=\"1280\" \/>\n\t<meta property=\"og:image:height\" content=\"720\" \/>\n\t<meta property=\"og:image:type\" content=\"image\/jpeg\" \/>\n<meta name=\"twitter:card\" content=\"summary_large_image\" \/>\n<meta name=\"twitter:label1\" content=\"Tahmini okuma s\u00fcresi\" \/>\n\t<meta name=\"twitter:data1\" content=\"1 dakika\" \/>\n<script type=\"application\/ld+json\" class=\"yoast-schema-graph\">{\"@context\":\"https:\/\/schema.org\",\"@graph\":[{\"@type\":\"WebPage\",\"@id\":\"https:\/\/csotrading.com\/product\/ezm-4435\/\",\"url\":\"https:\/\/csotrading.com\/product\/ezm-4435\/\",\"name\":\"EZM-4435 - CSO TRADING\",\"isPartOf\":{\"@id\":\"https:\/\/csotrading.com\/#website\"},\"primaryImageOfPage\":{\"@id\":\"https:\/\/csotrading.com\/product\/ezm-4435\/#primaryimage\"},\"image\":{\"@id\":\"https:\/\/csotrading.com\/product\/ezm-4435\/#primaryimage\"},\"thumbnailUrl\":\"https:\/\/csotrading.com\/wp-content\/uploads\/2020\/06\/EZM-4435.jpg\",\"datePublished\":\"2020-06-24T19:50:13+00:00\",\"dateModified\":\"2020-07-05T09:45:44+00:00\",\"breadcrumb\":{\"@id\":\"https:\/\/csotrading.com\/product\/ezm-4435\/#breadcrumb\"},\"inLanguage\":\"tr\",\"potentialAction\":[{\"@type\":\"ReadAction\",\"target\":[\"https:\/\/csotrading.com\/product\/ezm-4435\/\"]}]},{\"@type\":\"ImageObject\",\"inLanguage\":\"tr\",\"@id\":\"https:\/\/csotrading.com\/product\/ezm-4435\/#primaryimage\",\"url\":\"https:\/\/csotrading.com\/wp-content\/uploads\/2020\/06\/EZM-4435.jpg\",\"contentUrl\":\"https:\/\/csotrading.com\/wp-content\/uploads\/2020\/06\/EZM-4435.jpg\",\"width\":1280,\"height\":720},{\"@type\":\"BreadcrumbList\",\"@id\":\"https:\/\/csotrading.com\/product\/ezm-4435\/#breadcrumb\",\"itemListElement\":[{\"@type\":\"ListItem\",\"position\":1,\"name\":\"Home\",\"item\":\"https:\/\/csotrading.com\/tr\/\"},{\"@type\":\"ListItem\",\"position\":2,\"name\":\"Ma\u011faza\",\"item\":\"https:\/\/csotrading.com\/magaza\/\"},{\"@type\":\"ListItem\",\"position\":3,\"name\":\"EZM-4435\"}]},{\"@type\":\"WebSite\",\"@id\":\"https:\/\/csotrading.com\/#website\",\"url\":\"https:\/\/csotrading.com\/\",\"name\":\"CSO TRADING\",\"description\":\"\",\"potentialAction\":[{\"@type\":\"SearchAction\",\"target\":{\"@type\":\"EntryPoint\",\"urlTemplate\":\"https:\/\/csotrading.com\/?s={search_term_string}\"},\"query-input\":{\"@type\":\"PropertyValueSpecification\",\"valueRequired\":true,\"valueName\":\"search_term_string\"}}],\"inLanguage\":\"tr\"}]}<\/script>\n<!-- \/ Yoast SEO plugin. -->","yoast_head_json":{"title":"EZM-4435 - CSO TRADING","robots":{"index":"index","follow":"follow","max-snippet":"max-snippet:-1","max-image-preview":"max-image-preview:large","max-video-preview":"max-video-preview:-1"},"canonical":"https:\/\/csotrading.com\/product\/ezm-4435\/","og_locale":"tr_TR","og_type":"article","og_title":"EZM-4435 - CSO TRADING","og_description":"Tek Setli Programlanabilir Zaman R\u00f6lesi  EZM-XX35 Otomatik ve Manuel Resetli \u00e7al\u0131\u015fma Programlanabilir zaman skalalar\u0131( sn, dk, saat) 6 Dijit proses (PV) ve 6 Dijit Set de\u011feri (SV) g\u00f6stergesi Tek Setli \u00e7al\u0131\u015fma Zamanlama kontrol\u00fc i\u00e7in tek kontak r\u00f6le \u00e7\u0131k\u0131\u015f\u0131 Programlanabilir tek SET\u2019li \u00e7al\u0131\u015fma Reset, Pause ve Start Giri\u015fleri Programlama modu \u015fifre korumas\u0131, NPN\/PNP tipi \u00e7al\u0131\u015fma","og_url":"https:\/\/csotrading.com\/product\/ezm-4435\/","og_site_name":"CSO TRADING","article_modified_time":"2020-07-05T09:45:44+00:00","og_image":[{"width":1280,"height":720,"url":"https:\/\/csotrading.com\/wp-content\/uploads\/2020\/06\/EZM-4435.jpg","type":"image\/jpeg"}],"twitter_card":"summary_large_image","twitter_misc":{"Tahmini okuma s\u00fcresi":"1 dakika"},"schema":{"@context":"https:\/\/schema.org","@graph":[{"@type":"WebPage","@id":"https:\/\/csotrading.com\/product\/ezm-4435\/","url":"https:\/\/csotrading.com\/product\/ezm-4435\/","name":"EZM-4435 - CSO TRADING","isPartOf":{"@id":"https:\/\/csotrading.com\/#website"},"primaryImageOfPage":{"@id":"https:\/\/csotrading.com\/product\/ezm-4435\/#primaryimage"},"image":{"@id":"https:\/\/csotrading.com\/product\/ezm-4435\/#primaryimage"},"thumbnailUrl":"https:\/\/csotrading.com\/wp-content\/uploads\/2020\/06\/EZM-4435.jpg","datePublished":"2020-06-24T19:50:13+00:00","dateModified":"2020-07-05T09:45:44+00:00","breadcrumb":{"@id":"https:\/\/csotrading.com\/product\/ezm-4435\/#breadcrumb"},"inLanguage":"tr","potentialAction":[{"@type":"ReadAction","target":["https:\/\/csotrading.com\/product\/ezm-4435\/"]}]},{"@type":"ImageObject","inLanguage":"tr","@id":"https:\/\/csotrading.com\/product\/ezm-4435\/#primaryimage","url":"https:\/\/csotrading.com\/wp-content\/uploads\/2020\/06\/EZM-4435.jpg","contentUrl":"https:\/\/csotrading.com\/wp-content\/uploads\/2020\/06\/EZM-4435.jpg","width":1280,"height":720},{"@type":"BreadcrumbList","@id":"https:\/\/csotrading.com\/product\/ezm-4435\/#breadcrumb","itemListElement":[{"@type":"ListItem","position":1,"name":"Home","item":"https:\/\/csotrading.com\/tr\/"},{"@type":"ListItem","position":2,"name":"Ma\u011faza","item":"https:\/\/csotrading.com\/magaza\/"},{"@type":"ListItem","position":3,"name":"EZM-4435"}]},{"@type":"WebSite","@id":"https:\/\/csotrading.com\/#website","url":"https:\/\/csotrading.com\/","name":"CSO TRADING","description":"","potentialAction":[{"@type":"SearchAction","target":{"@type":"EntryPoint","urlTemplate":"https:\/\/csotrading.com\/?s={search_term_string}"},"query-input":{"@type":"PropertyValueSpecification","valueRequired":true,"valueName":"search_term_string"}}],"inLanguage":"tr"}]}},"_links":{"self":[{"href":"https:\/\/csotrading.com\/tr\/wp-json\/wp\/v2\/product\/4465"}],"collection":[{"href":"https:\/\/csotrading.com\/tr\/wp-json\/wp\/v2\/product"}],"about":[{"href":"https:\/\/csotrading.com\/tr\/wp-json\/wp\/v2\/types\/product"}],"replies":[{"embeddable":true,"href":"https:\/\/csotrading.com\/tr\/wp-json\/wp\/v2\/comments?post=4465"}],"wp:featuredmedia":[{"embeddable":true,"href":"https:\/\/csotrading.com\/tr\/wp-json\/wp\/v2\/media\/4036"}],"wp:attachment":[{"href":"https:\/\/csotrading.com\/tr\/wp-json\/wp\/v2\/media?parent=4465"}],"wp:term":[{"taxonomy":"product_brand","embeddable":true,"href":"https:\/\/csotrading.com\/tr\/wp-json\/wp\/v2\/product_brand?post=4465"},{"taxonomy":"product_cat","embeddable":true,"href":"https:\/\/csotrading.com\/tr\/wp-json\/wp\/v2\/product_cat?post=4465"},{"taxonomy":"product_tag","embeddable":true,"href":"https:\/\/csotrading.com\/tr\/wp-json\/wp\/v2\/product_tag?post=4465"}],"curies":[{"name":"wp","href":"https:\/\/api.w.org\/{rel}","templated":true}]}}