{"id":4461,"date":"2020-06-24T22:44:54","date_gmt":"2020-06-24T19:44:54","guid":{"rendered":"http:\/\/csotrading.com\/product\/erm-3770-n\/"},"modified":"2020-07-04T23:58:24","modified_gmt":"2020-07-04T20:58:24","slug":"erm-3770-n","status":"publish","type":"product","link":"https:\/\/csotrading.com\/tr\/product\/erm-3770-n\/","title":{"rendered":"ERM-3770-N"},"content":{"rendered":"<table>\n<tbody>\n<tr>\n<td><b>\u00d6zellikler<\/b><\/td>\n<td><b>A\u00e7\u0131klamalar<\/b><\/td>\n<\/tr>\n<tr>\n<td colspan=\"2\"><b>Fiziksel \u00d6zellikler<\/b><\/td>\n<\/tr>\n<tr>\n<td><b>\u00d6l\u00e7\u00fcler<\/b><\/td>\n<td>77mm x 35mm x 62.5mm<\/td>\n<\/tr>\n<tr>\n<td><b>Koruma S\u0131n\u0131f\u0131<\/b><\/td>\n<td>NEMA 4X (\u00f6nden IP65, arkadan IP20)<\/td>\n<\/tr>\n<tr>\n<td><b>Montaj<\/b><\/td>\n<td>Sabit montaj<\/td>\n<\/tr>\n<tr>\n<td><b>Depolama \/ \u00c7al\u0131\u015fma S\u0131cakl\u0131\u011f\u0131<\/b><\/td>\n<td>-40 \u00baC ile +85 \u00baC \/ 0 \u00baC ile +50 \u00baC aras\u0131nda.<\/td>\n<\/tr>\n<tr>\n<td><b>Ba\u011f\u0131l Nem<\/b><\/td>\n<td>90 % max. (Yo\u011funla\u015fma Olmayan Ortamda)<\/td>\n<\/tr>\n<tr>\n<td colspan=\"2\"><b>Elektriksel \u00d6zellikler<\/b><\/td>\n<\/tr>\n<tr>\n<td><b>Besleme Gerilimi<\/b><\/td>\n<td>230 Vac (+%15) 50\/60 Hz. 1.5 VA<br \/>\n115 Vac(+%15) 50\/60 Hz. 1.5 VA<br \/>\n100-240Vac 50\/60 Hz.<br \/>\n24 Vac(+%15) 50\/60 Hz. 1.5 VA<br \/>\n24 Vac\/dc ~ (+%15, +%10) 50\/60 Hz. 1.5 VA<\/td>\n<\/tr>\n<tr>\n<td><b>Sens\u00f6r Giri\u015fi<\/b><\/td>\n<td>NPN or PNP giri\u015f tipi<\/td>\n<\/tr>\n<tr>\n<td><b>Opsiyonel Sens\u00f6r Giri\u015fi<\/b><\/td>\n<td><\/td>\n<\/tr>\n<tr>\n<td><b>Skala<\/b><\/td>\n<td>0,07Hz to 10000Hz giri\u015f sinyali<\/td>\n<\/tr>\n<tr>\n<td><b>Do\u011fruluk<\/b><\/td>\n<td>0.01%<\/td>\n<\/tr>\n<tr>\n<td colspan=\"2\"><b>\u00c7\u0131k\u0131\u015f<\/b><\/td>\n<\/tr>\n<tr>\n<td><b>R\u00f6le \u00c7\u0131k\u0131\u015f\u0131<\/b><\/td>\n<td>Rezistif Y\u00fckte 5A @ 250 Vac<\/td>\n<\/tr>\n<tr>\n<td><b>SSR \u00c7\u0131k\u0131\u015f\u0131<\/b><\/td>\n<td><\/td>\n<\/tr>\n<tr>\n<td><b>Analog \u00c7\u0131k\u0131\u015f<\/b><\/td>\n<td><\/td>\n<\/tr>\n<tr>\n<td><b>Opsiyonel \u00c7\u0131k\u0131\u015flar<\/b><\/td>\n<td>SSR \u00c7\u0131k\u0131\u015f Maks. 28mA, Maks. 15Vdc<\/td>\n<\/tr>\n<tr>\n<td colspan=\"2\"><b>Kontrol<\/b><\/td>\n<\/tr>\n<tr>\n<td><b>Kontrol Formu<\/b><\/td>\n<td><\/td>\n<\/tr>\n<tr>\n<td><b>Okuma S\u0131kl\u0131\u011f\u0131<\/b><\/td>\n<td><\/td>\n<\/tr>\n<tr>\n<td><b>\u0130leti\u015fim Protokolleri<\/b><\/td>\n<td><\/td>\n<\/tr>\n<tr>\n<td><b>Kalite Belgeleri<\/b><\/td>\n<td>CE , EAC<\/td>\n<\/tr>\n<\/tbody>\n<\/table>\n","protected":false},"excerpt":{"rendered":"<p><span class=\"txt b\">Dijital Takometre (77 x 35 mm)<\/span><\/p>\n<div><\/div>\n<p><span class=\"txt c\">4 dijit g\u00f6sterge<br \/>\nNPN veya PNP giri\u015f tipi<br \/>\nProses set yada Alarm Set&#8217;li \u00c7al\u0131\u015fma<br \/>\nAlarm \u00c7\u0131k\u0131\u015f\u0131<br \/>\nR\u00f6le veya SSR S\u00fcr\u00fcc\u00fc \u00c7\u0131k\u0131\u015f\u0131<br \/>\n(Sipari\u015fte belirtilmelidir)<br \/>\nAlarm Set de\u011feri s\u0131n\u0131rland\u0131rmas\u0131<br \/>\nDesimal Nokta Ayarlama<br \/>\nB\u00f6lme Oran\u0131<br \/>\n0.07 Hz ile 10000 Hz giri\u015f sinyali<br \/>\nOtomatik \u00f6rnekleme (1sn-16sn.)<br \/>\nProgramalama Modu \u015eifre Korumas\u0131<\/span><\/p>\n","protected":false},"featured_media":4033,"comment_status":"open","ping_status":"closed","template":"","meta":[],"product_brand":[],"product_cat":[368],"product_tag":[245,244],"class_list":{"0":"post-4461","1":"product","2":"type-product","3":"status-publish","4":"has-post-thumbnail","6":"product_cat-digital-tachometer-tr","7":"product_tag-3770-n","8":"product_tag-erm","10":"first","11":"instock","12":"shipping-taxable","13":"product-type-simple"},"yoast_head":"<!-- This site is optimized with the Yoast SEO plugin v24.3 - https:\/\/yoast.com\/wordpress\/plugins\/seo\/ -->\n<title>ERM-3770-N - CSO TRADING<\/title>\n<meta name=\"robots\" content=\"index, follow, max-snippet:-1, max-image-preview:large, max-video-preview:-1\" \/>\n<link rel=\"canonical\" href=\"https:\/\/csotrading.com\/tr\/product\/erm-3770-n\/\" \/>\n<meta property=\"og:locale\" content=\"tr_TR\" \/>\n<meta property=\"og:type\" content=\"article\" \/>\n<meta property=\"og:title\" content=\"ERM-3770-N - CSO TRADING\" \/>\n<meta property=\"og:description\" content=\"Dijital Takometre (77 x 35 mm)  4 dijit g\u00f6sterge NPN veya PNP giri\u015f tipi Proses set yada Alarm Set&#039;li \u00c7al\u0131\u015fma Alarm \u00c7\u0131k\u0131\u015f\u0131 R\u00f6le veya SSR S\u00fcr\u00fcc\u00fc \u00c7\u0131k\u0131\u015f\u0131 (Sipari\u015fte belirtilmelidir) Alarm Set de\u011feri s\u0131n\u0131rland\u0131rmas\u0131 Desimal Nokta Ayarlama B\u00f6lme Oran\u0131 0.07 Hz ile 10000 Hz giri\u015f sinyali Otomatik \u00f6rnekleme (1sn-16sn.) Programalama Modu \u015eifre Korumas\u0131\" \/>\n<meta property=\"og:url\" content=\"https:\/\/csotrading.com\/tr\/product\/erm-3770-n\/\" \/>\n<meta property=\"og:site_name\" content=\"CSO TRADING\" \/>\n<meta property=\"article:modified_time\" content=\"2020-07-04T20:58:24+00:00\" \/>\n<meta property=\"og:image\" content=\"https:\/\/csotrading.com\/wp-content\/uploads\/2020\/06\/ERM-3770-N.jpg\" \/>\n\t<meta property=\"og:image:width\" content=\"1280\" \/>\n\t<meta property=\"og:image:height\" content=\"720\" \/>\n\t<meta property=\"og:image:type\" content=\"image\/jpeg\" \/>\n<meta name=\"twitter:card\" content=\"summary_large_image\" \/>\n<meta name=\"twitter:label1\" content=\"Tahmini okuma s\u00fcresi\" \/>\n\t<meta name=\"twitter:data1\" content=\"1 dakika\" \/>\n<script type=\"application\/ld+json\" class=\"yoast-schema-graph\">{\"@context\":\"https:\/\/schema.org\",\"@graph\":[{\"@type\":\"WebPage\",\"@id\":\"https:\/\/csotrading.com\/tr\/product\/erm-3770-n\/\",\"url\":\"https:\/\/csotrading.com\/tr\/product\/erm-3770-n\/\",\"name\":\"ERM-3770-N - CSO TRADING\",\"isPartOf\":{\"@id\":\"https:\/\/csotrading.com\/#website\"},\"primaryImageOfPage\":{\"@id\":\"https:\/\/csotrading.com\/tr\/product\/erm-3770-n\/#primaryimage\"},\"image\":{\"@id\":\"https:\/\/csotrading.com\/tr\/product\/erm-3770-n\/#primaryimage\"},\"thumbnailUrl\":\"https:\/\/csotrading.com\/wp-content\/uploads\/2020\/06\/ERM-3770-N.jpg\",\"datePublished\":\"2020-06-24T19:44:54+00:00\",\"dateModified\":\"2020-07-04T20:58:24+00:00\",\"breadcrumb\":{\"@id\":\"https:\/\/csotrading.com\/tr\/product\/erm-3770-n\/#breadcrumb\"},\"inLanguage\":\"tr\",\"potentialAction\":[{\"@type\":\"ReadAction\",\"target\":[\"https:\/\/csotrading.com\/tr\/product\/erm-3770-n\/\"]}]},{\"@type\":\"ImageObject\",\"inLanguage\":\"tr\",\"@id\":\"https:\/\/csotrading.com\/tr\/product\/erm-3770-n\/#primaryimage\",\"url\":\"https:\/\/csotrading.com\/wp-content\/uploads\/2020\/06\/ERM-3770-N.jpg\",\"contentUrl\":\"https:\/\/csotrading.com\/wp-content\/uploads\/2020\/06\/ERM-3770-N.jpg\",\"width\":1280,\"height\":720},{\"@type\":\"BreadcrumbList\",\"@id\":\"https:\/\/csotrading.com\/tr\/product\/erm-3770-n\/#breadcrumb\",\"itemListElement\":[{\"@type\":\"ListItem\",\"position\":1,\"name\":\"Home\",\"item\":\"https:\/\/csotrading.com\/tr\/\"},{\"@type\":\"ListItem\",\"position\":2,\"name\":\"Ma\u011faza\",\"item\":\"https:\/\/csotrading.com\/magaza\/\"},{\"@type\":\"ListItem\",\"position\":3,\"name\":\"ERM-3770-N\"}]},{\"@type\":\"WebSite\",\"@id\":\"https:\/\/csotrading.com\/#website\",\"url\":\"https:\/\/csotrading.com\/\",\"name\":\"CSO TRADING\",\"description\":\"\",\"potentialAction\":[{\"@type\":\"SearchAction\",\"target\":{\"@type\":\"EntryPoint\",\"urlTemplate\":\"https:\/\/csotrading.com\/?s={search_term_string}\"},\"query-input\":{\"@type\":\"PropertyValueSpecification\",\"valueRequired\":true,\"valueName\":\"search_term_string\"}}],\"inLanguage\":\"tr\"}]}<\/script>\n<!-- \/ Yoast SEO plugin. -->","yoast_head_json":{"title":"ERM-3770-N - CSO TRADING","robots":{"index":"index","follow":"follow","max-snippet":"max-snippet:-1","max-image-preview":"max-image-preview:large","max-video-preview":"max-video-preview:-1"},"canonical":"https:\/\/csotrading.com\/tr\/product\/erm-3770-n\/","og_locale":"tr_TR","og_type":"article","og_title":"ERM-3770-N - CSO TRADING","og_description":"Dijital Takometre (77 x 35 mm)  4 dijit g\u00f6sterge NPN veya PNP giri\u015f tipi Proses set yada Alarm Set'li \u00c7al\u0131\u015fma Alarm \u00c7\u0131k\u0131\u015f\u0131 R\u00f6le veya SSR S\u00fcr\u00fcc\u00fc \u00c7\u0131k\u0131\u015f\u0131 (Sipari\u015fte belirtilmelidir) Alarm Set de\u011feri s\u0131n\u0131rland\u0131rmas\u0131 Desimal Nokta Ayarlama B\u00f6lme Oran\u0131 0.07 Hz ile 10000 Hz giri\u015f sinyali Otomatik \u00f6rnekleme (1sn-16sn.) Programalama Modu \u015eifre Korumas\u0131","og_url":"https:\/\/csotrading.com\/tr\/product\/erm-3770-n\/","og_site_name":"CSO TRADING","article_modified_time":"2020-07-04T20:58:24+00:00","og_image":[{"width":1280,"height":720,"url":"https:\/\/csotrading.com\/wp-content\/uploads\/2020\/06\/ERM-3770-N.jpg","type":"image\/jpeg"}],"twitter_card":"summary_large_image","twitter_misc":{"Tahmini okuma s\u00fcresi":"1 dakika"},"schema":{"@context":"https:\/\/schema.org","@graph":[{"@type":"WebPage","@id":"https:\/\/csotrading.com\/tr\/product\/erm-3770-n\/","url":"https:\/\/csotrading.com\/tr\/product\/erm-3770-n\/","name":"ERM-3770-N - CSO TRADING","isPartOf":{"@id":"https:\/\/csotrading.com\/#website"},"primaryImageOfPage":{"@id":"https:\/\/csotrading.com\/tr\/product\/erm-3770-n\/#primaryimage"},"image":{"@id":"https:\/\/csotrading.com\/tr\/product\/erm-3770-n\/#primaryimage"},"thumbnailUrl":"https:\/\/csotrading.com\/wp-content\/uploads\/2020\/06\/ERM-3770-N.jpg","datePublished":"2020-06-24T19:44:54+00:00","dateModified":"2020-07-04T20:58:24+00:00","breadcrumb":{"@id":"https:\/\/csotrading.com\/tr\/product\/erm-3770-n\/#breadcrumb"},"inLanguage":"tr","potentialAction":[{"@type":"ReadAction","target":["https:\/\/csotrading.com\/tr\/product\/erm-3770-n\/"]}]},{"@type":"ImageObject","inLanguage":"tr","@id":"https:\/\/csotrading.com\/tr\/product\/erm-3770-n\/#primaryimage","url":"https:\/\/csotrading.com\/wp-content\/uploads\/2020\/06\/ERM-3770-N.jpg","contentUrl":"https:\/\/csotrading.com\/wp-content\/uploads\/2020\/06\/ERM-3770-N.jpg","width":1280,"height":720},{"@type":"BreadcrumbList","@id":"https:\/\/csotrading.com\/tr\/product\/erm-3770-n\/#breadcrumb","itemListElement":[{"@type":"ListItem","position":1,"name":"Home","item":"https:\/\/csotrading.com\/tr\/"},{"@type":"ListItem","position":2,"name":"Ma\u011faza","item":"https:\/\/csotrading.com\/magaza\/"},{"@type":"ListItem","position":3,"name":"ERM-3770-N"}]},{"@type":"WebSite","@id":"https:\/\/csotrading.com\/#website","url":"https:\/\/csotrading.com\/","name":"CSO TRADING","description":"","potentialAction":[{"@type":"SearchAction","target":{"@type":"EntryPoint","urlTemplate":"https:\/\/csotrading.com\/?s={search_term_string}"},"query-input":{"@type":"PropertyValueSpecification","valueRequired":true,"valueName":"search_term_string"}}],"inLanguage":"tr"}]}},"_links":{"self":[{"href":"https:\/\/csotrading.com\/tr\/wp-json\/wp\/v2\/product\/4461"}],"collection":[{"href":"https:\/\/csotrading.com\/tr\/wp-json\/wp\/v2\/product"}],"about":[{"href":"https:\/\/csotrading.com\/tr\/wp-json\/wp\/v2\/types\/product"}],"replies":[{"embeddable":true,"href":"https:\/\/csotrading.com\/tr\/wp-json\/wp\/v2\/comments?post=4461"}],"wp:featuredmedia":[{"embeddable":true,"href":"https:\/\/csotrading.com\/tr\/wp-json\/wp\/v2\/media\/4033"}],"wp:attachment":[{"href":"https:\/\/csotrading.com\/tr\/wp-json\/wp\/v2\/media?parent=4461"}],"wp:term":[{"taxonomy":"product_brand","embeddable":true,"href":"https:\/\/csotrading.com\/tr\/wp-json\/wp\/v2\/product_brand?post=4461"},{"taxonomy":"product_cat","embeddable":true,"href":"https:\/\/csotrading.com\/tr\/wp-json\/wp\/v2\/product_cat?post=4461"},{"taxonomy":"product_tag","embeddable":true,"href":"https:\/\/csotrading.com\/tr\/wp-json\/wp\/v2\/product_tag?post=4461"}],"curies":[{"name":"wp","href":"https:\/\/api.w.org\/{rel}","templated":true}]}}