{"id":4389,"date":"2020-06-20T11:04:05","date_gmt":"2020-06-20T08:04:05","guid":{"rendered":"http:\/\/csotrading.com\/product\/esm-3723\/"},"modified":"2020-07-10T23:01:27","modified_gmt":"2020-07-10T20:01:27","slug":"esm-3723","status":"publish","type":"product","link":"https:\/\/csotrading.com\/tr\/product\/esm-3723\/","title":{"rendered":"ESM-3723"},"content":{"rendered":"<table>\n<tbody>\n<tr>\n<td><b>\u00d6zellikler<\/b><\/td>\n<td><b>A\u00e7\u0131klamalar<\/b><\/td>\n<\/tr>\n<tr>\n<td colspan=\"2\"><b>Fiziksel \u00d6zellikler<\/b><\/td>\n<\/tr>\n<tr>\n<td><b>\u00d6l\u00e7\u00fcler<\/b><\/td>\n<td>76mm x 34,5mm x 71mm<\/td>\n<\/tr>\n<tr>\n<td><b>Koruma S\u0131n\u0131f\u0131<\/b><\/td>\n<td>IP65 \u00f6n, IP20 arka<\/td>\n<\/tr>\n<tr>\n<td><b>Montaj<\/b><\/td>\n<td>Sabit montaj<\/td>\n<\/tr>\n<tr>\n<td><b>Depolama \/ \u00c7al\u0131\u015fma S\u0131cakl\u0131\u011f\u0131<\/b><\/td>\n<td>-40\u00b0C ile +85\u00b0C \/ 0\u00b0C ile +50\u00b0C<\/td>\n<\/tr>\n<tr>\n<td><b>Ba\u011f\u0131l Nem<\/b><\/td>\n<td>90 % max. (Yo\u011funla\u015fma Olmayan Ortamda)<\/td>\n<\/tr>\n<tr>\n<td colspan=\"2\"><b>Elektriksel \u00d6zellikler<\/b><\/td>\n<\/tr>\n<tr>\n<td><b>Besleme Gerilimi<\/b><\/td>\n<td>24Vdc\/ac ( \u00b1%15) 50\/60Hz &#8211; 1.5VA<br \/>\n24 V ac (\u00b1%15) 50\/60 Hz. 1.5 VA<br \/>\n115 Vac (\u00b1%15) 50\/60 Hz. 1.5 VA<br \/>\n230 Vac (\u00b1%15) 50\/60 Hz. 1.5 VA<br \/>\n100-240Vac 50\/60Hz<br \/>\n10-30Vdc 1.5W<\/td>\n<\/tr>\n<tr>\n<td><b>Sens\u00f6r Giri\u015fi<\/b><\/td>\n<td>NTC, PTC,<br \/>\nPT-100, 0\/2&#8230;10Vdc, 0\/4&#8230;20mAdc veya Pronem Mini PMI-P<br \/>\nNTC (10kohm @ 25\u00b0C) veya PTC (1000 ohm @ 25\u00b0C)<br \/>\nPT-100 IEC751 (ITS90)<\/td>\n<\/tr>\n<tr>\n<td><b>Opsiyonel Sens\u00f6r Giri\u015fi<\/b><\/td>\n<td><\/td>\n<\/tr>\n<tr>\n<td><b>Skala<\/b><\/td>\n<td>PT 100, IEC751(ITS90) 0\u00b0C&#8230;100\u00b0C<br \/>\nPTC 0\u00b0C&#8230;100\u00b0C<br \/>\nNTC\u00a00\u00b0C&#8230;100\u00b0C<br \/>\nPronem Midi PMI-P -20\u00b0C&#8230;80\u00b0C<\/td>\n<\/tr>\n<tr>\n<td><b>Do\u011fruluk<\/b><\/td>\n<td>Tam skalan\u0131n \u00b1 % 1<\/td>\n<\/tr>\n<tr>\n<td colspan=\"2\"><b>\u00c7\u0131k\u0131\u015f<\/b><\/td>\n<\/tr>\n<tr>\n<td><b>R\u00f6le \u00c7\u0131k\u0131\u015f\u0131<\/b><\/td>\n<td>Rezistif y\u00fckte 5 A@250 V (Is\u0131tma \u00e7\u0131k\u0131\u015f\u0131)<br \/>\nRezistif y\u00fckte 3 A@250 V (Sicakl\u0131k Alarm, Nem Alarm ve Nem \u00e7\u0131k\u0131\u015f\u0131)<\/td>\n<\/tr>\n<tr>\n<td><b>SSR \u00c7\u0131k\u0131\u015f\u0131<\/b><\/td>\n<td>Maksimum 30mA, Maksimum 15Vdc<\/td>\n<\/tr>\n<tr>\n<td><b>Analog \u00c7\u0131k\u0131\u015f<\/b><\/td>\n<td><\/td>\n<\/tr>\n<tr>\n<td><b>Opsiyonel \u00c7\u0131k\u0131\u015flar<\/b><\/td>\n<td><\/td>\n<\/tr>\n<tr>\n<td colspan=\"2\"><b>Kontrol<\/b><\/td>\n<\/tr>\n<tr>\n<td><b>Kontrol Formu<\/b><\/td>\n<td>Is\u0131tma PID veya On\/Off<\/td>\n<\/tr>\n<tr>\n<td><b>Okuma S\u0131kl\u0131\u011f\u0131<\/b><\/td>\n<td><\/td>\n<\/tr>\n<tr>\n<td><b>\u0130leti\u015fim Protokolleri<\/b><\/td>\n<td><\/td>\n<\/tr>\n<tr>\n<td><b>Kalite Belgeleri<\/b><\/td>\n<td>EAC, CE<\/td>\n<\/tr>\n<\/tbody>\n<\/table>\n","protected":false},"excerpt":{"rendered":"<p><span class=\"txt b\">Dijital S\u0131cakl\u0131k + Nem Kontrol Cihaz\u0131<\/span><\/p>\n<div><\/div>\n<p><span class=\"txt c\">S\u0131cakl\u0131k Sens\u00f6r Giri\u015fi<br \/>\n(NTC, PTC, PT-100 veya ProNem Mini PMI-P)<br \/>\nAuto-Tune PID<br \/>\nNem sens\u00f6r giri\u015fi<br \/>\n(0\/2..10V, 0\/4..20mA veya ProNem Mini PMI-P)<br \/>\n4 Dijit s\u0131cakl\u0131k g\u00f6stergeli, 4Dijit Nem g\u00f6stergeli<br \/>\nIs\u0131tma kontrol \u00e7\u0131k\u0131\u015f\u0131, Is\u0131tma alarm \u00e7\u0131k\u0131\u015f\u0131<br \/>\nNemlendirme kontrol \u00e7\u0131k\u0131\u015f\u0131, Nem alarm \u00e7\u0131k\u0131\u015f\u0131<br \/>\nPID veya ON\/OFF Se\u00e7ilebilir S\u0131cakl\u0131k Kontrol<br \/>\nAlarm parametreleri ve Alarm durumlar\u0131na g\u00f6re ayarlanabilen<br \/>\nsesli uyar\u0131 (Dahili Buzer)<\/span><\/p>\n","protected":false},"featured_media":3988,"comment_status":"open","ping_status":"closed","template":"","meta":[],"product_brand":[],"product_cat":[365],"product_tag":[223,205],"class_list":{"0":"post-4389","1":"product","2":"type-product","3":"status-publish","4":"has-post-thumbnail","6":"product_cat-nem","7":"product_tag-223","8":"product_tag-esm","10":"first","11":"instock","12":"shipping-taxable","13":"product-type-simple"},"yoast_head":"<!-- This site is optimized with the Yoast SEO plugin v24.3 - https:\/\/yoast.com\/wordpress\/plugins\/seo\/ -->\n<title>ESM-3723 - CSO TRADING<\/title>\n<meta name=\"robots\" content=\"index, follow, max-snippet:-1, max-image-preview:large, max-video-preview:-1\" \/>\n<link rel=\"canonical\" href=\"https:\/\/csotrading.com\/tr\/product\/esm-3723\/\" \/>\n<meta property=\"og:locale\" content=\"tr_TR\" \/>\n<meta property=\"og:type\" content=\"article\" \/>\n<meta property=\"og:title\" content=\"ESM-3723 - CSO TRADING\" \/>\n<meta property=\"og:description\" content=\"Dijital S\u0131cakl\u0131k + Nem Kontrol Cihaz\u0131  S\u0131cakl\u0131k Sens\u00f6r Giri\u015fi (NTC, PTC, PT-100 veya ProNem Mini PMI-P) Auto-Tune PID Nem sens\u00f6r giri\u015fi (0\/2..10V, 0\/4..20mA veya ProNem Mini PMI-P) 4 Dijit s\u0131cakl\u0131k g\u00f6stergeli, 4Dijit Nem g\u00f6stergeli Is\u0131tma kontrol \u00e7\u0131k\u0131\u015f\u0131, Is\u0131tma alarm \u00e7\u0131k\u0131\u015f\u0131 Nemlendirme kontrol \u00e7\u0131k\u0131\u015f\u0131, Nem alarm \u00e7\u0131k\u0131\u015f\u0131 PID veya ON\/OFF Se\u00e7ilebilir S\u0131cakl\u0131k Kontrol Alarm parametreleri ve Alarm durumlar\u0131na g\u00f6re ayarlanabilen sesli uyar\u0131 (Dahili Buzer)\" \/>\n<meta property=\"og:url\" content=\"https:\/\/csotrading.com\/tr\/product\/esm-3723\/\" \/>\n<meta property=\"og:site_name\" content=\"CSO TRADING\" \/>\n<meta property=\"article:modified_time\" content=\"2020-07-10T20:01:27+00:00\" \/>\n<meta property=\"og:image\" content=\"https:\/\/csotrading.com\/wp-content\/uploads\/2020\/06\/ESM-3723.jpg\" \/>\n\t<meta property=\"og:image:width\" content=\"1280\" \/>\n\t<meta property=\"og:image:height\" content=\"720\" \/>\n\t<meta property=\"og:image:type\" content=\"image\/jpeg\" \/>\n<meta name=\"twitter:card\" content=\"summary_large_image\" \/>\n<meta name=\"twitter:label1\" content=\"Tahmini okuma s\u00fcresi\" \/>\n\t<meta name=\"twitter:data1\" content=\"1 dakika\" \/>\n<script type=\"application\/ld+json\" class=\"yoast-schema-graph\">{\"@context\":\"https:\/\/schema.org\",\"@graph\":[{\"@type\":\"WebPage\",\"@id\":\"https:\/\/csotrading.com\/tr\/product\/esm-3723\/\",\"url\":\"https:\/\/csotrading.com\/tr\/product\/esm-3723\/\",\"name\":\"ESM-3723 - CSO TRADING\",\"isPartOf\":{\"@id\":\"https:\/\/csotrading.com\/#website\"},\"primaryImageOfPage\":{\"@id\":\"https:\/\/csotrading.com\/tr\/product\/esm-3723\/#primaryimage\"},\"image\":{\"@id\":\"https:\/\/csotrading.com\/tr\/product\/esm-3723\/#primaryimage\"},\"thumbnailUrl\":\"https:\/\/csotrading.com\/wp-content\/uploads\/2020\/06\/ESM-3723.jpg\",\"datePublished\":\"2020-06-20T08:04:05+00:00\",\"dateModified\":\"2020-07-10T20:01:27+00:00\",\"breadcrumb\":{\"@id\":\"https:\/\/csotrading.com\/tr\/product\/esm-3723\/#breadcrumb\"},\"inLanguage\":\"tr\",\"potentialAction\":[{\"@type\":\"ReadAction\",\"target\":[\"https:\/\/csotrading.com\/tr\/product\/esm-3723\/\"]}]},{\"@type\":\"ImageObject\",\"inLanguage\":\"tr\",\"@id\":\"https:\/\/csotrading.com\/tr\/product\/esm-3723\/#primaryimage\",\"url\":\"https:\/\/csotrading.com\/wp-content\/uploads\/2020\/06\/ESM-3723.jpg\",\"contentUrl\":\"https:\/\/csotrading.com\/wp-content\/uploads\/2020\/06\/ESM-3723.jpg\",\"width\":1280,\"height\":720},{\"@type\":\"BreadcrumbList\",\"@id\":\"https:\/\/csotrading.com\/tr\/product\/esm-3723\/#breadcrumb\",\"itemListElement\":[{\"@type\":\"ListItem\",\"position\":1,\"name\":\"Home\",\"item\":\"https:\/\/csotrading.com\/tr\/\"},{\"@type\":\"ListItem\",\"position\":2,\"name\":\"Ma\u011faza\",\"item\":\"https:\/\/csotrading.com\/magaza\/\"},{\"@type\":\"ListItem\",\"position\":3,\"name\":\"ESM-3723\"}]},{\"@type\":\"WebSite\",\"@id\":\"https:\/\/csotrading.com\/#website\",\"url\":\"https:\/\/csotrading.com\/\",\"name\":\"CSO TRADING\",\"description\":\"\",\"potentialAction\":[{\"@type\":\"SearchAction\",\"target\":{\"@type\":\"EntryPoint\",\"urlTemplate\":\"https:\/\/csotrading.com\/?s={search_term_string}\"},\"query-input\":{\"@type\":\"PropertyValueSpecification\",\"valueRequired\":true,\"valueName\":\"search_term_string\"}}],\"inLanguage\":\"tr\"}]}<\/script>\n<!-- \/ Yoast SEO plugin. -->","yoast_head_json":{"title":"ESM-3723 - CSO TRADING","robots":{"index":"index","follow":"follow","max-snippet":"max-snippet:-1","max-image-preview":"max-image-preview:large","max-video-preview":"max-video-preview:-1"},"canonical":"https:\/\/csotrading.com\/tr\/product\/esm-3723\/","og_locale":"tr_TR","og_type":"article","og_title":"ESM-3723 - CSO TRADING","og_description":"Dijital S\u0131cakl\u0131k + Nem Kontrol Cihaz\u0131  S\u0131cakl\u0131k Sens\u00f6r Giri\u015fi (NTC, PTC, PT-100 veya ProNem Mini PMI-P) Auto-Tune PID Nem sens\u00f6r giri\u015fi (0\/2..10V, 0\/4..20mA veya ProNem Mini PMI-P) 4 Dijit s\u0131cakl\u0131k g\u00f6stergeli, 4Dijit Nem g\u00f6stergeli Is\u0131tma kontrol \u00e7\u0131k\u0131\u015f\u0131, Is\u0131tma alarm \u00e7\u0131k\u0131\u015f\u0131 Nemlendirme kontrol \u00e7\u0131k\u0131\u015f\u0131, Nem alarm \u00e7\u0131k\u0131\u015f\u0131 PID veya ON\/OFF Se\u00e7ilebilir S\u0131cakl\u0131k Kontrol Alarm parametreleri ve Alarm durumlar\u0131na g\u00f6re ayarlanabilen sesli uyar\u0131 (Dahili Buzer)","og_url":"https:\/\/csotrading.com\/tr\/product\/esm-3723\/","og_site_name":"CSO TRADING","article_modified_time":"2020-07-10T20:01:27+00:00","og_image":[{"width":1280,"height":720,"url":"https:\/\/csotrading.com\/wp-content\/uploads\/2020\/06\/ESM-3723.jpg","type":"image\/jpeg"}],"twitter_card":"summary_large_image","twitter_misc":{"Tahmini okuma s\u00fcresi":"1 dakika"},"schema":{"@context":"https:\/\/schema.org","@graph":[{"@type":"WebPage","@id":"https:\/\/csotrading.com\/tr\/product\/esm-3723\/","url":"https:\/\/csotrading.com\/tr\/product\/esm-3723\/","name":"ESM-3723 - CSO TRADING","isPartOf":{"@id":"https:\/\/csotrading.com\/#website"},"primaryImageOfPage":{"@id":"https:\/\/csotrading.com\/tr\/product\/esm-3723\/#primaryimage"},"image":{"@id":"https:\/\/csotrading.com\/tr\/product\/esm-3723\/#primaryimage"},"thumbnailUrl":"https:\/\/csotrading.com\/wp-content\/uploads\/2020\/06\/ESM-3723.jpg","datePublished":"2020-06-20T08:04:05+00:00","dateModified":"2020-07-10T20:01:27+00:00","breadcrumb":{"@id":"https:\/\/csotrading.com\/tr\/product\/esm-3723\/#breadcrumb"},"inLanguage":"tr","potentialAction":[{"@type":"ReadAction","target":["https:\/\/csotrading.com\/tr\/product\/esm-3723\/"]}]},{"@type":"ImageObject","inLanguage":"tr","@id":"https:\/\/csotrading.com\/tr\/product\/esm-3723\/#primaryimage","url":"https:\/\/csotrading.com\/wp-content\/uploads\/2020\/06\/ESM-3723.jpg","contentUrl":"https:\/\/csotrading.com\/wp-content\/uploads\/2020\/06\/ESM-3723.jpg","width":1280,"height":720},{"@type":"BreadcrumbList","@id":"https:\/\/csotrading.com\/tr\/product\/esm-3723\/#breadcrumb","itemListElement":[{"@type":"ListItem","position":1,"name":"Home","item":"https:\/\/csotrading.com\/tr\/"},{"@type":"ListItem","position":2,"name":"Ma\u011faza","item":"https:\/\/csotrading.com\/magaza\/"},{"@type":"ListItem","position":3,"name":"ESM-3723"}]},{"@type":"WebSite","@id":"https:\/\/csotrading.com\/#website","url":"https:\/\/csotrading.com\/","name":"CSO TRADING","description":"","potentialAction":[{"@type":"SearchAction","target":{"@type":"EntryPoint","urlTemplate":"https:\/\/csotrading.com\/?s={search_term_string}"},"query-input":{"@type":"PropertyValueSpecification","valueRequired":true,"valueName":"search_term_string"}}],"inLanguage":"tr"}]}},"_links":{"self":[{"href":"https:\/\/csotrading.com\/tr\/wp-json\/wp\/v2\/product\/4389"}],"collection":[{"href":"https:\/\/csotrading.com\/tr\/wp-json\/wp\/v2\/product"}],"about":[{"href":"https:\/\/csotrading.com\/tr\/wp-json\/wp\/v2\/types\/product"}],"replies":[{"embeddable":true,"href":"https:\/\/csotrading.com\/tr\/wp-json\/wp\/v2\/comments?post=4389"}],"wp:featuredmedia":[{"embeddable":true,"href":"https:\/\/csotrading.com\/tr\/wp-json\/wp\/v2\/media\/3988"}],"wp:attachment":[{"href":"https:\/\/csotrading.com\/tr\/wp-json\/wp\/v2\/media?parent=4389"}],"wp:term":[{"taxonomy":"product_brand","embeddable":true,"href":"https:\/\/csotrading.com\/tr\/wp-json\/wp\/v2\/product_brand?post=4389"},{"taxonomy":"product_cat","embeddable":true,"href":"https:\/\/csotrading.com\/tr\/wp-json\/wp\/v2\/product_cat?post=4389"},{"taxonomy":"product_tag","embeddable":true,"href":"https:\/\/csotrading.com\/tr\/wp-json\/wp\/v2\/product_tag?post=4389"}],"curies":[{"name":"wp","href":"https:\/\/api.w.org\/{rel}","templated":true}]}}