{"id":4387,"date":"2020-06-20T10:57:01","date_gmt":"2020-06-20T07:57:01","guid":{"rendered":"http:\/\/csotrading.com\/product\/pidquadro\/"},"modified":"2020-07-05T13:07:29","modified_gmt":"2020-07-05T10:07:29","slug":"pidquadro","status":"publish","type":"product","link":"https:\/\/csotrading.com\/tr\/product\/pidquadro\/","title":{"rendered":"PIDQUADRO"},"content":{"rendered":"<table>\n<tbody>\n<tr>\n<td><b>\u00d6zellikler<\/b><\/td>\n<td><b>A\u00e7\u0131klamalar<\/b><\/td>\n<\/tr>\n<tr>\n<td colspan=\"2\"><b>Fiziksel \u00d6zellikler<\/b><\/td>\n<\/tr>\n<tr>\n<td><b>\u00d6l\u00e7\u00fcler<\/b><\/td>\n<td>96 mm x 96 mm 96 mm<\/td>\n<\/tr>\n<tr>\n<td><b>Koruma S\u0131n\u0131f\u0131<\/b><\/td>\n<td>NEMA 4X (\u00f6nden IP65, arkadan IP20)<\/td>\n<\/tr>\n<tr>\n<td><b>Montaj<\/b><\/td>\n<td>Sabit montaj<\/td>\n<\/tr>\n<tr>\n<td><b>Depolama \/ \u00c7al\u0131\u015fma S\u0131cakl\u0131\u011f\u0131<\/b><\/td>\n<td>-20\u00b0C&#8230;+70\u00b0C \/ 0\u00b0C&#8230;50\u00b0C aras\u0131nda<\/td>\n<\/tr>\n<tr>\n<td><b>Ba\u011f\u0131l Nem<\/b><\/td>\n<td>90 % max. (Yo\u011funla\u015fma Olmayan Ortamda)<\/td>\n<\/tr>\n<tr>\n<td colspan=\"2\"><b>Elektriksel \u00d6zellikler<\/b><\/td>\n<\/tr>\n<tr>\n<td><b>Besleme Gerilimi<\/b><\/td>\n<td>100 &#8211; 240 Vac (-%15 \/ +%10 ) 50\/60 Hz. 7 VA<br \/>\n24 Vac (-%15 \/ +%10 ) 50\/60 Hz. 7 VA<br \/>\n24 Vdc (-%15 \/ +%10 ) 7 W<\/td>\n<\/tr>\n<tr>\n<td><b>Sens\u00f6r Giri\u015fi<\/b><\/td>\n<td>Termokupl J ,K, R ,S (IEC584.1)(ITS90), L (DIN43710)<\/td>\n<\/tr>\n<tr>\n<td><b>Opsiyonel Sens\u00f6r Giri\u015fi<\/b><\/td>\n<td><\/td>\n<\/tr>\n<tr>\n<td><b>Skala<\/b><\/td>\n<td>FeCuNi (ITS90) -100\u00b0C,900\u00b0C<br \/>\nNiCrNi (ITS90)\u00a0-100\u00b0C,1300\u00b0C<br \/>\nFe Const DIN43710\u00a0-100\u00b0C,850\u00b0C<br \/>\nPT13%Rh (ITS90) 0\u00b0C,1700\u00b0C<br \/>\nPT10%Rh (ITS90) 0\u00b0C, 1700\u00b0C<\/td>\n<\/tr>\n<tr>\n<td><b>Do\u011fruluk<\/b><\/td>\n<td>Tam Sakalan\u0131n \u00b1 % 0,25<\/td>\n<\/tr>\n<tr>\n<td colspan=\"2\"><b>\u00c7\u0131k\u0131\u015f<\/b><\/td>\n<\/tr>\n<tr>\n<td><b>R\u00f6le \u00c7\u0131k\u0131\u015f\u0131<\/b><\/td>\n<td>Rezistif Y\u00fckte 5 A@250 Vac<\/td>\n<\/tr>\n<tr>\n<td><b>SSR \u00c7\u0131k\u0131\u015f\u0131<\/b><\/td>\n<td><\/td>\n<\/tr>\n<tr>\n<td><b>Analog \u00c7\u0131k\u0131\u015f<\/b><\/td>\n<td><\/td>\n<\/tr>\n<tr>\n<td><b>Opsiyonel \u00c7\u0131k\u0131\u015flar<\/b><\/td>\n<td><\/td>\n<\/tr>\n<tr>\n<td colspan=\"2\"><b>Kontrol<\/b><\/td>\n<\/tr>\n<tr>\n<td><b>Kontrol Formu<\/b><\/td>\n<td>Programlanabilir P, PI, PD veya PID<\/td>\n<\/tr>\n<tr>\n<td><b>Okuma S\u0131kl\u0131\u011f\u0131<\/b><\/td>\n<td>1400 ms<\/td>\n<\/tr>\n<tr>\n<td><b>\u0130leti\u015fim Protokolleri<\/b><\/td>\n<td>Opsiyonel Haber\u015felme<br \/>\nRS-232 Haberle\u015fmesi (Modbus RTU i\u00e7in)<br \/>\nOpsiyonel Haber\u015felme<br \/>\nRS-485 (Modbus RTU i\u00e7in) \u201c500Vac izolasyonlu\u201d<br \/>\n10 Mbit \/ s Ethernet (TCP \u00dczerinden Modbus RTU i\u00e7in) \u201c1500 Vac izole\u201d<br \/>\nUSB 2.0 (Flash bellek \u00fczerinde veri kayd\u0131)<\/td>\n<\/tr>\n<tr>\n<td><b>Kalite Belgeleri<\/b><\/td>\n<td>GOST-R, CE<\/td>\n<\/tr>\n<\/tbody>\n<\/table>\n","protected":false},"excerpt":{"rendered":"<p><span class=\"txt b\">4 Kanal PID Kontrol Cihaz\u0131<\/span><\/p>\n<div><\/div>\n<p><span class=\"txt c\">Auto-Tuning ve Self-Tuning<br \/>\n(Otomatik PID parametreleri hesaplamas\u0131)<br \/>\nUSB Flash bellek \u00fczerine veri kayd\u0131 yapabilme (Aktif olan<br \/>\nkanallardan okunan s\u0131cakl\u0131k de\u011ferlerinin kaydedilmesi)<br \/>\nSoft-Start (\u0130lk a\u00e7\u0131l\u0131\u015fta rampal\u0131 \u00e7al\u0131\u015fma) \u00f6zelli\u011fi EKO ve UYKU mod se\u00e7imi<br \/>\nHer kanal i\u00e7in ayarlanabilir 3 farkl\u0131 alarm tipi<br \/>\n(Y\u00fcksek alarm, d\u00fc\u015f\u00fck alarm ve band alarm)<br \/>\n128 x 64 Piksel grafik LCD ekran<br \/>\n4 adet TC (J, K, L, R veya S tipi) sens\u00f6r giri\u015fi<br \/>\nKonfig\u00fcre edilebilir P, PI, PD ve PID kontrol formlar\u0131<br \/>\nR\u00f6le veya (pnp \u201csource\u201d) transist\u00f6r \u00e7\u0131k\u0131\u015flar\u0131<br \/>\nStandart ModBus RTU haberle\u015fme protokol\u00fc<br \/>\n(Opsiyonel RS-232, RS-485 ve Ethernet haberle\u015fmeleri)<\/span><\/p>\n","protected":false},"featured_media":3985,"comment_status":"open","ping_status":"closed","template":"","meta":[],"product_brand":[],"product_cat":[272],"product_tag":[222],"class_list":{"0":"post-4387","1":"product","2":"type-product","3":"status-publish","4":"has-post-thumbnail","6":"product_cat-olcum-kontrol-cihazlari","7":"product_tag-pidquadro","9":"first","10":"instock","11":"shipping-taxable","12":"product-type-simple"},"yoast_head":"<!-- This site is optimized with the Yoast SEO plugin v24.3 - https:\/\/yoast.com\/wordpress\/plugins\/seo\/ -->\n<title>PIDQUADRO - CSO TRADING<\/title>\n<meta name=\"robots\" content=\"index, follow, max-snippet:-1, max-image-preview:large, max-video-preview:-1\" \/>\n<link rel=\"canonical\" href=\"https:\/\/csotrading.com\/product\/pidquadro\/\" \/>\n<meta property=\"og:locale\" content=\"tr_TR\" \/>\n<meta property=\"og:type\" content=\"article\" \/>\n<meta property=\"og:title\" content=\"PIDQUADRO - CSO TRADING\" \/>\n<meta property=\"og:description\" content=\"4 Kanal PID Kontrol Cihaz\u0131  Auto-Tuning ve Self-Tuning (Otomatik PID parametreleri hesaplamas\u0131) USB Flash bellek \u00fczerine veri kayd\u0131 yapabilme (Aktif olan kanallardan okunan s\u0131cakl\u0131k de\u011ferlerinin kaydedilmesi) Soft-Start (\u0130lk a\u00e7\u0131l\u0131\u015fta rampal\u0131 \u00e7al\u0131\u015fma) \u00f6zelli\u011fi EKO ve UYKU mod se\u00e7imi Her kanal i\u00e7in ayarlanabilir 3 farkl\u0131 alarm tipi (Y\u00fcksek alarm, d\u00fc\u015f\u00fck alarm ve band alarm) 128 x 64 Piksel grafik LCD ekran 4 adet TC (J, K, L, R veya S tipi) sens\u00f6r giri\u015fi Konfig\u00fcre edilebilir P, PI, PD ve PID kontrol formlar\u0131 R\u00f6le veya (pnp \u201csource\u201d) transist\u00f6r \u00e7\u0131k\u0131\u015flar\u0131 Standart ModBus RTU haberle\u015fme protokol\u00fc (Opsiyonel RS-232, RS-485 ve Ethernet haberle\u015fmeleri)\" \/>\n<meta property=\"og:url\" content=\"https:\/\/csotrading.com\/product\/pidquadro\/\" \/>\n<meta property=\"og:site_name\" content=\"CSO TRADING\" \/>\n<meta property=\"article:modified_time\" content=\"2020-07-05T10:07:29+00:00\" \/>\n<meta property=\"og:image\" content=\"https:\/\/csotrading.com\/wp-content\/uploads\/2020\/06\/PIDQUADRO.jpg\" \/>\n\t<meta property=\"og:image:width\" content=\"1280\" \/>\n\t<meta property=\"og:image:height\" content=\"720\" \/>\n\t<meta property=\"og:image:type\" content=\"image\/jpeg\" \/>\n<meta name=\"twitter:card\" content=\"summary_large_image\" \/>\n<meta name=\"twitter:label1\" content=\"Tahmini okuma s\u00fcresi\" \/>\n\t<meta name=\"twitter:data1\" content=\"1 dakika\" \/>\n<script type=\"application\/ld+json\" class=\"yoast-schema-graph\">{\"@context\":\"https:\/\/schema.org\",\"@graph\":[{\"@type\":\"WebPage\",\"@id\":\"https:\/\/csotrading.com\/product\/pidquadro\/\",\"url\":\"https:\/\/csotrading.com\/product\/pidquadro\/\",\"name\":\"PIDQUADRO - CSO TRADING\",\"isPartOf\":{\"@id\":\"https:\/\/csotrading.com\/#website\"},\"primaryImageOfPage\":{\"@id\":\"https:\/\/csotrading.com\/product\/pidquadro\/#primaryimage\"},\"image\":{\"@id\":\"https:\/\/csotrading.com\/product\/pidquadro\/#primaryimage\"},\"thumbnailUrl\":\"https:\/\/csotrading.com\/wp-content\/uploads\/2020\/06\/PIDQUADRO.jpg\",\"datePublished\":\"2020-06-20T07:57:01+00:00\",\"dateModified\":\"2020-07-05T10:07:29+00:00\",\"breadcrumb\":{\"@id\":\"https:\/\/csotrading.com\/product\/pidquadro\/#breadcrumb\"},\"inLanguage\":\"tr\",\"potentialAction\":[{\"@type\":\"ReadAction\",\"target\":[\"https:\/\/csotrading.com\/product\/pidquadro\/\"]}]},{\"@type\":\"ImageObject\",\"inLanguage\":\"tr\",\"@id\":\"https:\/\/csotrading.com\/product\/pidquadro\/#primaryimage\",\"url\":\"https:\/\/csotrading.com\/wp-content\/uploads\/2020\/06\/PIDQUADRO.jpg\",\"contentUrl\":\"https:\/\/csotrading.com\/wp-content\/uploads\/2020\/06\/PIDQUADRO.jpg\",\"width\":1280,\"height\":720},{\"@type\":\"BreadcrumbList\",\"@id\":\"https:\/\/csotrading.com\/product\/pidquadro\/#breadcrumb\",\"itemListElement\":[{\"@type\":\"ListItem\",\"position\":1,\"name\":\"Home\",\"item\":\"https:\/\/csotrading.com\/tr\/\"},{\"@type\":\"ListItem\",\"position\":2,\"name\":\"Ma\u011faza\",\"item\":\"https:\/\/csotrading.com\/magaza\/\"},{\"@type\":\"ListItem\",\"position\":3,\"name\":\"PIDQUADRO\"}]},{\"@type\":\"WebSite\",\"@id\":\"https:\/\/csotrading.com\/#website\",\"url\":\"https:\/\/csotrading.com\/\",\"name\":\"CSO TRADING\",\"description\":\"\",\"potentialAction\":[{\"@type\":\"SearchAction\",\"target\":{\"@type\":\"EntryPoint\",\"urlTemplate\":\"https:\/\/csotrading.com\/?s={search_term_string}\"},\"query-input\":{\"@type\":\"PropertyValueSpecification\",\"valueRequired\":true,\"valueName\":\"search_term_string\"}}],\"inLanguage\":\"tr\"}]}<\/script>\n<!-- \/ Yoast SEO plugin. -->","yoast_head_json":{"title":"PIDQUADRO - CSO TRADING","robots":{"index":"index","follow":"follow","max-snippet":"max-snippet:-1","max-image-preview":"max-image-preview:large","max-video-preview":"max-video-preview:-1"},"canonical":"https:\/\/csotrading.com\/product\/pidquadro\/","og_locale":"tr_TR","og_type":"article","og_title":"PIDQUADRO - CSO TRADING","og_description":"4 Kanal PID Kontrol Cihaz\u0131  Auto-Tuning ve Self-Tuning (Otomatik PID parametreleri hesaplamas\u0131) USB Flash bellek \u00fczerine veri kayd\u0131 yapabilme (Aktif olan kanallardan okunan s\u0131cakl\u0131k de\u011ferlerinin kaydedilmesi) Soft-Start (\u0130lk a\u00e7\u0131l\u0131\u015fta rampal\u0131 \u00e7al\u0131\u015fma) \u00f6zelli\u011fi EKO ve UYKU mod se\u00e7imi Her kanal i\u00e7in ayarlanabilir 3 farkl\u0131 alarm tipi (Y\u00fcksek alarm, d\u00fc\u015f\u00fck alarm ve band alarm) 128 x 64 Piksel grafik LCD ekran 4 adet TC (J, K, L, R veya S tipi) sens\u00f6r giri\u015fi Konfig\u00fcre edilebilir P, PI, PD ve PID kontrol formlar\u0131 R\u00f6le veya (pnp \u201csource\u201d) transist\u00f6r \u00e7\u0131k\u0131\u015flar\u0131 Standart ModBus RTU haberle\u015fme protokol\u00fc (Opsiyonel RS-232, RS-485 ve Ethernet haberle\u015fmeleri)","og_url":"https:\/\/csotrading.com\/product\/pidquadro\/","og_site_name":"CSO TRADING","article_modified_time":"2020-07-05T10:07:29+00:00","og_image":[{"width":1280,"height":720,"url":"https:\/\/csotrading.com\/wp-content\/uploads\/2020\/06\/PIDQUADRO.jpg","type":"image\/jpeg"}],"twitter_card":"summary_large_image","twitter_misc":{"Tahmini okuma s\u00fcresi":"1 dakika"},"schema":{"@context":"https:\/\/schema.org","@graph":[{"@type":"WebPage","@id":"https:\/\/csotrading.com\/product\/pidquadro\/","url":"https:\/\/csotrading.com\/product\/pidquadro\/","name":"PIDQUADRO - CSO TRADING","isPartOf":{"@id":"https:\/\/csotrading.com\/#website"},"primaryImageOfPage":{"@id":"https:\/\/csotrading.com\/product\/pidquadro\/#primaryimage"},"image":{"@id":"https:\/\/csotrading.com\/product\/pidquadro\/#primaryimage"},"thumbnailUrl":"https:\/\/csotrading.com\/wp-content\/uploads\/2020\/06\/PIDQUADRO.jpg","datePublished":"2020-06-20T07:57:01+00:00","dateModified":"2020-07-05T10:07:29+00:00","breadcrumb":{"@id":"https:\/\/csotrading.com\/product\/pidquadro\/#breadcrumb"},"inLanguage":"tr","potentialAction":[{"@type":"ReadAction","target":["https:\/\/csotrading.com\/product\/pidquadro\/"]}]},{"@type":"ImageObject","inLanguage":"tr","@id":"https:\/\/csotrading.com\/product\/pidquadro\/#primaryimage","url":"https:\/\/csotrading.com\/wp-content\/uploads\/2020\/06\/PIDQUADRO.jpg","contentUrl":"https:\/\/csotrading.com\/wp-content\/uploads\/2020\/06\/PIDQUADRO.jpg","width":1280,"height":720},{"@type":"BreadcrumbList","@id":"https:\/\/csotrading.com\/product\/pidquadro\/#breadcrumb","itemListElement":[{"@type":"ListItem","position":1,"name":"Home","item":"https:\/\/csotrading.com\/tr\/"},{"@type":"ListItem","position":2,"name":"Ma\u011faza","item":"https:\/\/csotrading.com\/magaza\/"},{"@type":"ListItem","position":3,"name":"PIDQUADRO"}]},{"@type":"WebSite","@id":"https:\/\/csotrading.com\/#website","url":"https:\/\/csotrading.com\/","name":"CSO TRADING","description":"","potentialAction":[{"@type":"SearchAction","target":{"@type":"EntryPoint","urlTemplate":"https:\/\/csotrading.com\/?s={search_term_string}"},"query-input":{"@type":"PropertyValueSpecification","valueRequired":true,"valueName":"search_term_string"}}],"inLanguage":"tr"}]}},"_links":{"self":[{"href":"https:\/\/csotrading.com\/tr\/wp-json\/wp\/v2\/product\/4387"}],"collection":[{"href":"https:\/\/csotrading.com\/tr\/wp-json\/wp\/v2\/product"}],"about":[{"href":"https:\/\/csotrading.com\/tr\/wp-json\/wp\/v2\/types\/product"}],"replies":[{"embeddable":true,"href":"https:\/\/csotrading.com\/tr\/wp-json\/wp\/v2\/comments?post=4387"}],"wp:featuredmedia":[{"embeddable":true,"href":"https:\/\/csotrading.com\/tr\/wp-json\/wp\/v2\/media\/3985"}],"wp:attachment":[{"href":"https:\/\/csotrading.com\/tr\/wp-json\/wp\/v2\/media?parent=4387"}],"wp:term":[{"taxonomy":"product_brand","embeddable":true,"href":"https:\/\/csotrading.com\/tr\/wp-json\/wp\/v2\/product_brand?post=4387"},{"taxonomy":"product_cat","embeddable":true,"href":"https:\/\/csotrading.com\/tr\/wp-json\/wp\/v2\/product_cat?post=4387"},{"taxonomy":"product_tag","embeddable":true,"href":"https:\/\/csotrading.com\/tr\/wp-json\/wp\/v2\/product_tag?post=4387"}],"curies":[{"name":"wp","href":"https:\/\/api.w.org\/{rel}","templated":true}]}}