{"id":4379,"date":"2020-06-20T00:16:19","date_gmt":"2020-06-19T21:16:19","guid":{"rendered":"http:\/\/csotrading.com\/product\/esm-4420\/"},"modified":"2020-07-05T11:45:19","modified_gmt":"2020-07-05T08:45:19","slug":"esm-4420","status":"publish","type":"product","link":"https:\/\/csotrading.com\/tr\/product\/esm-4420\/","title":{"rendered":"ESM-4420"},"content":{"rendered":"<table>\n<tbody>\n<tr>\n<td><b>\u00d6zellikler<\/b><\/td>\n<td><b>A\u00e7\u0131klamalar<\/b><\/td>\n<\/tr>\n<tr>\n<td colspan=\"2\"><b>Fiziksel \u00d6zellikler<\/b><\/td>\n<\/tr>\n<tr>\n<td><b>\u00d6l\u00e7\u00fcler<\/b><\/td>\n<td>48 mm x 48 mm 95 mm<\/td>\n<\/tr>\n<tr>\n<td><b>Koruma S\u0131n\u0131f\u0131<\/b><\/td>\n<td>NEMA 4X (\u00f6nden IP65, arkadan IP20)<\/td>\n<\/tr>\n<tr>\n<td><b>Montaj<\/b><\/td>\n<td>Sabit montaj<\/td>\n<\/tr>\n<tr>\n<td><b>Depolama \/ \u00c7al\u0131\u015fma S\u0131cakl\u0131\u011f\u0131<\/b><\/td>\n<td>-40\u00b0C ile +85\u00b0C ile 0&#8230;50\u00b0C<\/td>\n<\/tr>\n<tr>\n<td><b>Ba\u011f\u0131l Nem<\/b><\/td>\n<td>90 % max. (Yo\u011funla\u015fma Olmayan Ortamda)<\/td>\n<\/tr>\n<tr>\n<td colspan=\"2\"><b>Elektriksel \u00d6zellikler<\/b><\/td>\n<\/tr>\n<tr>\n<td><b>Besleme Gerilimi<\/b><\/td>\n<td>230 Vac (+%15) 50\/60 Hz. 1.5 VA<br \/>\n115 Vac(+%15) 50\/60 Hz. 1.5 VA<br \/>\n24 Vac(+%15) 50\/60 Hz. 1.5 VA<br \/>\n24 Vac\/dc (+%15, +%10) 50\/60 Hz. 1.5 VA<\/td>\n<\/tr>\n<tr>\n<td><b>Sens\u00f6r Giri\u015fi<\/b><\/td>\n<td>J, K, R, S, T (IEC584.1) (ITS90)<br \/>\nparametreleri aras\u0131ndan se\u00e7ilebilir<br \/>\nPT-100 (IEC751) (ITS90)<\/td>\n<\/tr>\n<tr>\n<td><b>Opsiyonel Sens\u00f6r Giri\u015fi<\/b><\/td>\n<td><\/td>\n<\/tr>\n<tr>\n<td><b>Skala<\/b><\/td>\n<td>Fe CuNi -200\u00b0C,900\u00b0C<br \/>\nNiCr Ni -200\u00b0C,1300\u00b0C<br \/>\nPt13%Rh 0\u00b0C,1700\u00b0C<br \/>\nPt10%Rh 0\u00b0C,1700\u00b0C<br \/>\nCu CuNi -200\u00b0C,400\u00b0C<br \/>\nPT 100 -200\u00b0C,650\u00b0C<br \/>\nPT 100 -199.9\u00b0C,650.0\u00b0C<\/td>\n<\/tr>\n<tr>\n<td><b>Do\u011fruluk<\/b><\/td>\n<td>Termokupl ve Termorezistans i\u00e7in Tam skalan\u0131n \u00b1% 0.25<\/td>\n<\/tr>\n<tr>\n<td colspan=\"2\"><b>\u00c7\u0131k\u0131\u015f<\/b><\/td>\n<\/tr>\n<tr>\n<td><b>R\u00f6le \u00c7\u0131k\u0131\u015f\u0131<\/b><\/td>\n<td>Rezistif Y\u00fckte 5A @ 250 Vac<br \/>\nRezistif Y\u00fckte 5A @ 250 Vac (alarm \u00c7\u0131k\u0131\u015f\u0131)<\/td>\n<\/tr>\n<tr>\n<td><b>SSR \u00c7\u0131k\u0131\u015f\u0131<\/b><\/td>\n<td>Maksimum 20 mA @ 12 Vdc<\/td>\n<\/tr>\n<tr>\n<td><b>Analog \u00c7\u0131k\u0131\u015f<\/b><\/td>\n<td><\/td>\n<\/tr>\n<tr>\n<td><b>Opsiyonel \u00c7\u0131k\u0131\u015flar<\/b><\/td>\n<td><\/td>\n<\/tr>\n<tr>\n<td colspan=\"2\"><b>Kontrol<\/b><\/td>\n<\/tr>\n<tr>\n<td><b>Kontrol Formu<\/b><\/td>\n<td>On \/ Off, P, PI, PD, ve PID \u00fczerinden Programlanabilir<\/td>\n<\/tr>\n<tr>\n<td><b>Okuma S\u0131kl\u0131\u011f\u0131<\/b><\/td>\n<td>Saniyede 3 okuma<\/td>\n<\/tr>\n<tr>\n<td><b>\u0130leti\u015fim Protokolleri<\/b><\/td>\n<td><\/td>\n<\/tr>\n<tr>\n<td><b>Kalite Belgeleri<\/b><\/td>\n<td>GOST-R, CE<\/td>\n<\/tr>\n<\/tbody>\n<\/table>\n","protected":false},"excerpt":{"rendered":"<p><span class=\"txt b\">PID, \u00dcniversal Giri\u015fli ON \/ OFF, S\u0131cakl\u0131k Kontrol Cihaz\u0131<\/span><\/p>\n<div><\/div>\n<p><span class=\"txt c\">ESM-XX20<br \/>\n\u00dcniversal s\u0131cakl\u0131k sens\u00f6r giri\u015fi (TC, RTD)<br \/>\nSelf-Tune (Step Response Tuning) ve Auto-Tune i\u015flemi ile PID<br \/>\nkatsay\u0131lar\u0131n\u0131n sisteme otomatik adaptasyonu<br \/>\n2 R\u00f6le ve 1 SSR s\u00fcr\u00fcc\u00fc \u00e7\u0131k\u0131\u015f\u0131<br \/>\nUzun rezistans \u00f6mr\u00fc i\u00e7in Soft-Start \u00e7\u0131k\u0131\u015f\u0131<br \/>\n4 Dijit proses (PV) ve 4 Dijit SET de\u011feri (SV) g\u00f6stergeli<br \/>\nSe\u00e7ilebilir ON\/OFF, P, PI, PD ve PID Kontrol formlar\u0131<br \/>\nKontrol \u00e7\u0131k\u0131\u015f\u0131 i\u00e7in ayarlanabilir Is\u0131tma veya So\u011futma fonksiyonu<br \/>\nAlarm \u00e7\u0131k\u0131\u015f\u0131 i\u00e7in ayarlanabilir Alarm fonksiyonlar\u0131<br \/>\nSens\u00f6r koptu korumas\u0131<\/span><\/p>\n","protected":false},"featured_media":3968,"comment_status":"open","ping_status":"closed","template":"","meta":[],"product_brand":[],"product_cat":[272],"product_tag":[217,205],"class_list":{"0":"post-4379","1":"product","2":"type-product","3":"status-publish","4":"has-post-thumbnail","6":"product_cat-olcum-kontrol-cihazlari","7":"product_tag-217","8":"product_tag-esm","10":"first","11":"instock","12":"shipping-taxable","13":"product-type-simple"},"yoast_head":"<!-- This site is optimized with the Yoast SEO plugin v24.3 - https:\/\/yoast.com\/wordpress\/plugins\/seo\/ -->\n<title>ESM-4420 - CSO TRADING<\/title>\n<meta name=\"robots\" content=\"index, follow, max-snippet:-1, max-image-preview:large, max-video-preview:-1\" \/>\n<link rel=\"canonical\" href=\"https:\/\/csotrading.com\/tr\/product\/esm-4420\/\" \/>\n<meta property=\"og:locale\" content=\"tr_TR\" \/>\n<meta property=\"og:type\" content=\"article\" \/>\n<meta property=\"og:title\" content=\"ESM-4420 - CSO TRADING\" \/>\n<meta property=\"og:description\" content=\"PID, \u00dcniversal Giri\u015fli ON \/ OFF, S\u0131cakl\u0131k Kontrol Cihaz\u0131  ESM-XX20 \u00dcniversal s\u0131cakl\u0131k sens\u00f6r giri\u015fi (TC, RTD) Self-Tune (Step Response Tuning) ve Auto-Tune i\u015flemi ile PID katsay\u0131lar\u0131n\u0131n sisteme otomatik adaptasyonu 2 R\u00f6le ve 1 SSR s\u00fcr\u00fcc\u00fc \u00e7\u0131k\u0131\u015f\u0131 Uzun rezistans \u00f6mr\u00fc i\u00e7in Soft-Start \u00e7\u0131k\u0131\u015f\u0131 4 Dijit proses (PV) ve 4 Dijit SET de\u011feri (SV) g\u00f6stergeli Se\u00e7ilebilir ON\/OFF, P, PI, PD ve PID Kontrol formlar\u0131 Kontrol \u00e7\u0131k\u0131\u015f\u0131 i\u00e7in ayarlanabilir Is\u0131tma veya So\u011futma fonksiyonu Alarm \u00e7\u0131k\u0131\u015f\u0131 i\u00e7in ayarlanabilir Alarm fonksiyonlar\u0131 Sens\u00f6r koptu korumas\u0131\" \/>\n<meta property=\"og:url\" content=\"https:\/\/csotrading.com\/tr\/product\/esm-4420\/\" \/>\n<meta property=\"og:site_name\" content=\"CSO TRADING\" \/>\n<meta property=\"article:modified_time\" content=\"2020-07-05T08:45:19+00:00\" \/>\n<meta property=\"og:image\" content=\"https:\/\/csotrading.com\/wp-content\/uploads\/2020\/06\/ESM-4420.jpg\" \/>\n\t<meta property=\"og:image:width\" content=\"1280\" \/>\n\t<meta property=\"og:image:height\" content=\"720\" \/>\n\t<meta property=\"og:image:type\" content=\"image\/jpeg\" \/>\n<meta name=\"twitter:card\" content=\"summary_large_image\" \/>\n<meta name=\"twitter:label1\" content=\"Tahmini okuma s\u00fcresi\" \/>\n\t<meta name=\"twitter:data1\" content=\"1 dakika\" \/>\n<script type=\"application\/ld+json\" class=\"yoast-schema-graph\">{\"@context\":\"https:\/\/schema.org\",\"@graph\":[{\"@type\":\"WebPage\",\"@id\":\"https:\/\/csotrading.com\/tr\/product\/esm-4420\/\",\"url\":\"https:\/\/csotrading.com\/tr\/product\/esm-4420\/\",\"name\":\"ESM-4420 - CSO TRADING\",\"isPartOf\":{\"@id\":\"https:\/\/csotrading.com\/#website\"},\"primaryImageOfPage\":{\"@id\":\"https:\/\/csotrading.com\/tr\/product\/esm-4420\/#primaryimage\"},\"image\":{\"@id\":\"https:\/\/csotrading.com\/tr\/product\/esm-4420\/#primaryimage\"},\"thumbnailUrl\":\"https:\/\/csotrading.com\/wp-content\/uploads\/2020\/06\/ESM-4420.jpg\",\"datePublished\":\"2020-06-19T21:16:19+00:00\",\"dateModified\":\"2020-07-05T08:45:19+00:00\",\"breadcrumb\":{\"@id\":\"https:\/\/csotrading.com\/tr\/product\/esm-4420\/#breadcrumb\"},\"inLanguage\":\"tr\",\"potentialAction\":[{\"@type\":\"ReadAction\",\"target\":[\"https:\/\/csotrading.com\/tr\/product\/esm-4420\/\"]}]},{\"@type\":\"ImageObject\",\"inLanguage\":\"tr\",\"@id\":\"https:\/\/csotrading.com\/tr\/product\/esm-4420\/#primaryimage\",\"url\":\"https:\/\/csotrading.com\/wp-content\/uploads\/2020\/06\/ESM-4420.jpg\",\"contentUrl\":\"https:\/\/csotrading.com\/wp-content\/uploads\/2020\/06\/ESM-4420.jpg\",\"width\":1280,\"height\":720},{\"@type\":\"BreadcrumbList\",\"@id\":\"https:\/\/csotrading.com\/tr\/product\/esm-4420\/#breadcrumb\",\"itemListElement\":[{\"@type\":\"ListItem\",\"position\":1,\"name\":\"Home\",\"item\":\"https:\/\/csotrading.com\/tr\/\"},{\"@type\":\"ListItem\",\"position\":2,\"name\":\"Ma\u011faza\",\"item\":\"https:\/\/csotrading.com\/magaza\/\"},{\"@type\":\"ListItem\",\"position\":3,\"name\":\"ESM-4420\"}]},{\"@type\":\"WebSite\",\"@id\":\"https:\/\/csotrading.com\/#website\",\"url\":\"https:\/\/csotrading.com\/\",\"name\":\"CSO TRADING\",\"description\":\"\",\"potentialAction\":[{\"@type\":\"SearchAction\",\"target\":{\"@type\":\"EntryPoint\",\"urlTemplate\":\"https:\/\/csotrading.com\/?s={search_term_string}\"},\"query-input\":{\"@type\":\"PropertyValueSpecification\",\"valueRequired\":true,\"valueName\":\"search_term_string\"}}],\"inLanguage\":\"tr\"}]}<\/script>\n<!-- \/ Yoast SEO plugin. -->","yoast_head_json":{"title":"ESM-4420 - CSO TRADING","robots":{"index":"index","follow":"follow","max-snippet":"max-snippet:-1","max-image-preview":"max-image-preview:large","max-video-preview":"max-video-preview:-1"},"canonical":"https:\/\/csotrading.com\/tr\/product\/esm-4420\/","og_locale":"tr_TR","og_type":"article","og_title":"ESM-4420 - CSO TRADING","og_description":"PID, \u00dcniversal Giri\u015fli ON \/ OFF, S\u0131cakl\u0131k Kontrol Cihaz\u0131  ESM-XX20 \u00dcniversal s\u0131cakl\u0131k sens\u00f6r giri\u015fi (TC, RTD) Self-Tune (Step Response Tuning) ve Auto-Tune i\u015flemi ile PID katsay\u0131lar\u0131n\u0131n sisteme otomatik adaptasyonu 2 R\u00f6le ve 1 SSR s\u00fcr\u00fcc\u00fc \u00e7\u0131k\u0131\u015f\u0131 Uzun rezistans \u00f6mr\u00fc i\u00e7in Soft-Start \u00e7\u0131k\u0131\u015f\u0131 4 Dijit proses (PV) ve 4 Dijit SET de\u011feri (SV) g\u00f6stergeli Se\u00e7ilebilir ON\/OFF, P, PI, PD ve PID Kontrol formlar\u0131 Kontrol \u00e7\u0131k\u0131\u015f\u0131 i\u00e7in ayarlanabilir Is\u0131tma veya So\u011futma fonksiyonu Alarm \u00e7\u0131k\u0131\u015f\u0131 i\u00e7in ayarlanabilir Alarm fonksiyonlar\u0131 Sens\u00f6r koptu korumas\u0131","og_url":"https:\/\/csotrading.com\/tr\/product\/esm-4420\/","og_site_name":"CSO TRADING","article_modified_time":"2020-07-05T08:45:19+00:00","og_image":[{"width":1280,"height":720,"url":"https:\/\/csotrading.com\/wp-content\/uploads\/2020\/06\/ESM-4420.jpg","type":"image\/jpeg"}],"twitter_card":"summary_large_image","twitter_misc":{"Tahmini okuma s\u00fcresi":"1 dakika"},"schema":{"@context":"https:\/\/schema.org","@graph":[{"@type":"WebPage","@id":"https:\/\/csotrading.com\/tr\/product\/esm-4420\/","url":"https:\/\/csotrading.com\/tr\/product\/esm-4420\/","name":"ESM-4420 - CSO TRADING","isPartOf":{"@id":"https:\/\/csotrading.com\/#website"},"primaryImageOfPage":{"@id":"https:\/\/csotrading.com\/tr\/product\/esm-4420\/#primaryimage"},"image":{"@id":"https:\/\/csotrading.com\/tr\/product\/esm-4420\/#primaryimage"},"thumbnailUrl":"https:\/\/csotrading.com\/wp-content\/uploads\/2020\/06\/ESM-4420.jpg","datePublished":"2020-06-19T21:16:19+00:00","dateModified":"2020-07-05T08:45:19+00:00","breadcrumb":{"@id":"https:\/\/csotrading.com\/tr\/product\/esm-4420\/#breadcrumb"},"inLanguage":"tr","potentialAction":[{"@type":"ReadAction","target":["https:\/\/csotrading.com\/tr\/product\/esm-4420\/"]}]},{"@type":"ImageObject","inLanguage":"tr","@id":"https:\/\/csotrading.com\/tr\/product\/esm-4420\/#primaryimage","url":"https:\/\/csotrading.com\/wp-content\/uploads\/2020\/06\/ESM-4420.jpg","contentUrl":"https:\/\/csotrading.com\/wp-content\/uploads\/2020\/06\/ESM-4420.jpg","width":1280,"height":720},{"@type":"BreadcrumbList","@id":"https:\/\/csotrading.com\/tr\/product\/esm-4420\/#breadcrumb","itemListElement":[{"@type":"ListItem","position":1,"name":"Home","item":"https:\/\/csotrading.com\/tr\/"},{"@type":"ListItem","position":2,"name":"Ma\u011faza","item":"https:\/\/csotrading.com\/magaza\/"},{"@type":"ListItem","position":3,"name":"ESM-4420"}]},{"@type":"WebSite","@id":"https:\/\/csotrading.com\/#website","url":"https:\/\/csotrading.com\/","name":"CSO TRADING","description":"","potentialAction":[{"@type":"SearchAction","target":{"@type":"EntryPoint","urlTemplate":"https:\/\/csotrading.com\/?s={search_term_string}"},"query-input":{"@type":"PropertyValueSpecification","valueRequired":true,"valueName":"search_term_string"}}],"inLanguage":"tr"}]}},"_links":{"self":[{"href":"https:\/\/csotrading.com\/tr\/wp-json\/wp\/v2\/product\/4379"}],"collection":[{"href":"https:\/\/csotrading.com\/tr\/wp-json\/wp\/v2\/product"}],"about":[{"href":"https:\/\/csotrading.com\/tr\/wp-json\/wp\/v2\/types\/product"}],"replies":[{"embeddable":true,"href":"https:\/\/csotrading.com\/tr\/wp-json\/wp\/v2\/comments?post=4379"}],"wp:featuredmedia":[{"embeddable":true,"href":"https:\/\/csotrading.com\/tr\/wp-json\/wp\/v2\/media\/3968"}],"wp:attachment":[{"href":"https:\/\/csotrading.com\/tr\/wp-json\/wp\/v2\/media?parent=4379"}],"wp:term":[{"taxonomy":"product_brand","embeddable":true,"href":"https:\/\/csotrading.com\/tr\/wp-json\/wp\/v2\/product_brand?post=4379"},{"taxonomy":"product_cat","embeddable":true,"href":"https:\/\/csotrading.com\/tr\/wp-json\/wp\/v2\/product_cat?post=4379"},{"taxonomy":"product_tag","embeddable":true,"href":"https:\/\/csotrading.com\/tr\/wp-json\/wp\/v2\/product_tag?post=4379"}],"curies":[{"name":"wp","href":"https:\/\/api.w.org\/{rel}","templated":true}]}}