{"id":4376,"date":"2020-06-20T00:10:26","date_gmt":"2020-06-19T21:10:26","guid":{"rendered":"http:\/\/csotrading.com\/product\/eco-pid\/"},"modified":"2020-07-04T23:51:36","modified_gmt":"2020-07-04T20:51:36","slug":"eco-pid","status":"publish","type":"product","link":"https:\/\/csotrading.com\/tr\/product\/eco-pid\/","title":{"rendered":"ECO PID"},"content":{"rendered":"<table>\n<tbody>\n<tr>\n<td><b>\u00d6zellikler<\/b><\/td>\n<td><b>A\u00e7\u0131klamalar<\/b><\/td>\n<\/tr>\n<tr>\n<td colspan=\"2\"><b>Fiziksel \u00d6zellikler<\/b><\/td>\n<\/tr>\n<tr>\n<td><b>\u00d6l\u00e7\u00fcler<\/b><\/td>\n<td>48 mm x 48 mm 86,5 mm<\/td>\n<\/tr>\n<tr>\n<td><b>Koruma S\u0131n\u0131f\u0131<\/b><\/td>\n<td>\u00d6nden IP65, arkadan IP20<\/td>\n<\/tr>\n<tr>\n<td><b>Montaj<\/b><\/td>\n<td>Sabit montaj<\/td>\n<\/tr>\n<tr>\n<td><b>Depolama \/ \u00c7al\u0131\u015fma S\u0131cakl\u0131\u011f\u0131<\/b><\/td>\n<td>0&#8230;50\u00b0C<\/td>\n<\/tr>\n<tr>\n<td><b>Ba\u011f\u0131l Nem<\/b><\/td>\n<td>90 % max. (Yo\u011funla\u015fma Olmayan Ortamda)<\/td>\n<\/tr>\n<tr>\n<td colspan=\"2\"><b>Elektriksel \u00d6zellikler<\/b><\/td>\n<\/tr>\n<tr>\n<td><b>Besleme Gerilimi<\/b><\/td>\n<td>100-240Vac 50\/60Hz<br \/>\n115Vac (\u00b1%15) 50\/60Hz<br \/>\n230Vac (\u00b1%15) 50\/60Hz<br \/>\n24Vac\/dc (\u00b1%15) 50\/60Hz<br \/>\n24Vac (\u00b1%15) 50\/60Hz<br \/>\n10-30Vdc<\/td>\n<\/tr>\n<tr>\n<td><b>Sens\u00f6r Giri\u015fi<\/b><\/td>\n<td>TC, RTDTermokupl (TC): J, K, R, S, T ve L(IEC584.1)(ITS90)<br \/>\nTermorezistans(RTD):Cu-50 ve PT-100 (IEC751)(ITS90)<\/td>\n<\/tr>\n<tr>\n<td><b>Opsiyonel Sens\u00f6r Giri\u015fi<\/b><\/td>\n<td><\/td>\n<\/tr>\n<tr>\n<td><b>Skala<\/b><\/td>\n<td>Fe CuNi -199\u00b0C,900\u00b0C<br \/>\nNiCr Ni -199\u00b0C,1300\u00b0C<br \/>\nPt13%Rh 0\u00b0C,999\u00b0C<br \/>\nPt10%Rh 0\u00b0C,999\u00b0C<br \/>\nCu CuNi -199\u00b0C,400\u00b0C<br \/>\nNi,Cr,Co -150\u00b0C,800\u00b0C<br \/>\nCu-50 -199\u00b0C, 200\u00b0C<br \/>\nPT 100 -199\u00b0C,650\u00b0C<\/td>\n<\/tr>\n<tr>\n<td><b>Do\u011fruluk<\/b><\/td>\n<td>Termokupl (TC): (Skalan\u0131n \u00b1 %0.25&#8217;i veya \u00b1 3\u00baC hangisi b\u00fcy\u00fckse) \u00b11 hane maks.<br \/>\nTermorezistans (RTD): (Skalan\u0131n \u00b1 %0.25&#8217;i veya \u00b1 2\u00baC hangisi b\u00fcy\u00fckse) \u00b11 hane maks.<\/td>\n<\/tr>\n<tr>\n<td colspan=\"2\"><b>\u00c7\u0131k\u0131\u015f<\/b><\/td>\n<\/tr>\n<tr>\n<td><b>R\u00f6le \u00c7\u0131k\u0131\u015f\u0131<\/b><\/td>\n<td>R\u00f6le 5A@250Vac Rezistif Y\u00fckte<br \/>\nR\u00f6le 5A@250Vac Rezistif Y\u00fckte (alarm \u00c7\u0131k\u0131\u015f\u0131)<\/td>\n<\/tr>\n<tr>\n<td><b>SSR \u00c7\u0131k\u0131\u015f\u0131<\/b><\/td>\n<td>Maksimum 10 mA @ 12 Vdc<\/td>\n<\/tr>\n<tr>\n<td><b>Analog \u00c7\u0131k\u0131\u015f<\/b><\/td>\n<td><\/td>\n<\/tr>\n<tr>\n<td><b>Opsiyonel \u00c7\u0131k\u0131\u015flar<\/b><\/td>\n<td><\/td>\n<\/tr>\n<tr>\n<td colspan=\"2\"><b>Kontrol<\/b><\/td>\n<\/tr>\n<tr>\n<td><b>Kontrol Formu<\/b><\/td>\n<td>On \/ Off, P, PI, PD, ve PID \u00fczerinden Programlanabilir<\/td>\n<\/tr>\n<tr>\n<td><b>Okuma S\u0131kl\u0131\u011f\u0131<\/b><\/td>\n<td>Saniyede 10 okuma<\/td>\n<\/tr>\n<tr>\n<td><b>\u0130leti\u015fim Protokolleri<\/b><\/td>\n<td><\/td>\n<\/tr>\n<tr>\n<td><b>Kalite Belgeleri<\/b><\/td>\n<td>CE<\/td>\n<\/tr>\n<\/tbody>\n<\/table>\n","protected":false},"excerpt":{"rendered":"<p><span class=\"txt b\">PID S\u0131cakl\u0131k Kontrol Cihaz\u0131<\/span><\/p>\n<div><\/div>\n<p><span class=\"txt c\">Y\u00fcksek \u00c7\u00f6z\u00fcn\u00fcrl\u00fckl\u00fc Hassas PID kontrol\u00fc<br \/>\nParametrelerden se\u00e7ilebilir TC (J, K, R, S, T giri\u015f tipleri) ve RTD giri\u015fleri<br \/>\nD\u00fc\u015f\u00fck g\u00fc\u00e7 t\u00fcketimi, 2VA ile enerji tasarrufu ve \u00e7evre dostu<br \/>\nKullan\u0131c\u0131 parametrelerinin kay\u0131t edilmesi ve geri y\u00fckleme<br \/>\nFabrika ayarlar\u0131na geri d\u00f6nme<br \/>\n3 Dijit proses (PV) ve 4 Dijit set (SV) g\u00f6stergesi<br \/>\nSelf Tune (Step Response Tuning), Auto Tune (Limit Cycle Tune) ile<br \/>\nPID katsay\u0131lar\u0131n\u0131n sisteme adaptasyonu<br \/>\nAyarlanabilir \u0131s\u0131tma ve so\u011futma fonksiyonu<br \/>\nRS-485 Modbus (RTU) haberle\u015fme (Opsiyonel)<\/span><\/p>\n","protected":false},"featured_media":3962,"comment_status":"open","ping_status":"closed","template":"","meta":[],"product_brand":[],"product_cat":[272],"product_tag":[202,215],"class_list":{"0":"post-4376","1":"product","2":"type-product","3":"status-publish","4":"has-post-thumbnail","6":"product_cat-olcum-kontrol-cihazlari","7":"product_tag-eco","8":"product_tag-pid","10":"first","11":"instock","12":"shipping-taxable","13":"product-type-simple"},"yoast_head":"<!-- This site is optimized with the Yoast SEO plugin v24.3 - https:\/\/yoast.com\/wordpress\/plugins\/seo\/ -->\n<title>ECO PID - CSO TRADING<\/title>\n<meta name=\"robots\" content=\"index, follow, max-snippet:-1, max-image-preview:large, max-video-preview:-1\" \/>\n<link rel=\"canonical\" href=\"https:\/\/csotrading.com\/tr\/product\/eco-pid\/\" \/>\n<meta property=\"og:locale\" content=\"tr_TR\" \/>\n<meta property=\"og:type\" content=\"article\" \/>\n<meta property=\"og:title\" content=\"ECO PID - CSO TRADING\" \/>\n<meta property=\"og:description\" content=\"PID S\u0131cakl\u0131k Kontrol Cihaz\u0131  Y\u00fcksek \u00c7\u00f6z\u00fcn\u00fcrl\u00fckl\u00fc Hassas PID kontrol\u00fc Parametrelerden se\u00e7ilebilir TC (J, K, R, S, T giri\u015f tipleri) ve RTD giri\u015fleri D\u00fc\u015f\u00fck g\u00fc\u00e7 t\u00fcketimi, 2VA ile enerji tasarrufu ve \u00e7evre dostu Kullan\u0131c\u0131 parametrelerinin kay\u0131t edilmesi ve geri y\u00fckleme Fabrika ayarlar\u0131na geri d\u00f6nme 3 Dijit proses (PV) ve 4 Dijit set (SV) g\u00f6stergesi Self Tune (Step Response Tuning), Auto Tune (Limit Cycle Tune) ile PID katsay\u0131lar\u0131n\u0131n sisteme adaptasyonu Ayarlanabilir \u0131s\u0131tma ve so\u011futma fonksiyonu RS-485 Modbus (RTU) haberle\u015fme (Opsiyonel)\" \/>\n<meta property=\"og:url\" content=\"https:\/\/csotrading.com\/tr\/product\/eco-pid\/\" \/>\n<meta property=\"og:site_name\" content=\"CSO TRADING\" \/>\n<meta property=\"article:modified_time\" content=\"2020-07-04T20:51:36+00:00\" \/>\n<meta property=\"og:image\" content=\"https:\/\/csotrading.com\/wp-content\/uploads\/2020\/06\/ECO-PID.jpg\" \/>\n\t<meta property=\"og:image:width\" content=\"1280\" \/>\n\t<meta property=\"og:image:height\" content=\"720\" \/>\n\t<meta property=\"og:image:type\" content=\"image\/jpeg\" \/>\n<meta name=\"twitter:card\" content=\"summary_large_image\" \/>\n<meta name=\"twitter:label1\" content=\"Tahmini okuma s\u00fcresi\" \/>\n\t<meta name=\"twitter:data1\" content=\"1 dakika\" \/>\n<script type=\"application\/ld+json\" class=\"yoast-schema-graph\">{\"@context\":\"https:\/\/schema.org\",\"@graph\":[{\"@type\":\"WebPage\",\"@id\":\"https:\/\/csotrading.com\/tr\/product\/eco-pid\/\",\"url\":\"https:\/\/csotrading.com\/tr\/product\/eco-pid\/\",\"name\":\"ECO PID - CSO TRADING\",\"isPartOf\":{\"@id\":\"https:\/\/csotrading.com\/#website\"},\"primaryImageOfPage\":{\"@id\":\"https:\/\/csotrading.com\/tr\/product\/eco-pid\/#primaryimage\"},\"image\":{\"@id\":\"https:\/\/csotrading.com\/tr\/product\/eco-pid\/#primaryimage\"},\"thumbnailUrl\":\"https:\/\/csotrading.com\/wp-content\/uploads\/2020\/06\/ECO-PID.jpg\",\"datePublished\":\"2020-06-19T21:10:26+00:00\",\"dateModified\":\"2020-07-04T20:51:36+00:00\",\"breadcrumb\":{\"@id\":\"https:\/\/csotrading.com\/tr\/product\/eco-pid\/#breadcrumb\"},\"inLanguage\":\"tr\",\"potentialAction\":[{\"@type\":\"ReadAction\",\"target\":[\"https:\/\/csotrading.com\/tr\/product\/eco-pid\/\"]}]},{\"@type\":\"ImageObject\",\"inLanguage\":\"tr\",\"@id\":\"https:\/\/csotrading.com\/tr\/product\/eco-pid\/#primaryimage\",\"url\":\"https:\/\/csotrading.com\/wp-content\/uploads\/2020\/06\/ECO-PID.jpg\",\"contentUrl\":\"https:\/\/csotrading.com\/wp-content\/uploads\/2020\/06\/ECO-PID.jpg\",\"width\":1280,\"height\":720},{\"@type\":\"BreadcrumbList\",\"@id\":\"https:\/\/csotrading.com\/tr\/product\/eco-pid\/#breadcrumb\",\"itemListElement\":[{\"@type\":\"ListItem\",\"position\":1,\"name\":\"Home\",\"item\":\"https:\/\/csotrading.com\/tr\/\"},{\"@type\":\"ListItem\",\"position\":2,\"name\":\"Ma\u011faza\",\"item\":\"https:\/\/csotrading.com\/magaza\/\"},{\"@type\":\"ListItem\",\"position\":3,\"name\":\"ECO PID\"}]},{\"@type\":\"WebSite\",\"@id\":\"https:\/\/csotrading.com\/#website\",\"url\":\"https:\/\/csotrading.com\/\",\"name\":\"CSO TRADING\",\"description\":\"\",\"potentialAction\":[{\"@type\":\"SearchAction\",\"target\":{\"@type\":\"EntryPoint\",\"urlTemplate\":\"https:\/\/csotrading.com\/?s={search_term_string}\"},\"query-input\":{\"@type\":\"PropertyValueSpecification\",\"valueRequired\":true,\"valueName\":\"search_term_string\"}}],\"inLanguage\":\"tr\"}]}<\/script>\n<!-- \/ Yoast SEO plugin. -->","yoast_head_json":{"title":"ECO PID - CSO TRADING","robots":{"index":"index","follow":"follow","max-snippet":"max-snippet:-1","max-image-preview":"max-image-preview:large","max-video-preview":"max-video-preview:-1"},"canonical":"https:\/\/csotrading.com\/tr\/product\/eco-pid\/","og_locale":"tr_TR","og_type":"article","og_title":"ECO PID - CSO TRADING","og_description":"PID S\u0131cakl\u0131k Kontrol Cihaz\u0131  Y\u00fcksek \u00c7\u00f6z\u00fcn\u00fcrl\u00fckl\u00fc Hassas PID kontrol\u00fc Parametrelerden se\u00e7ilebilir TC (J, K, R, S, T giri\u015f tipleri) ve RTD giri\u015fleri D\u00fc\u015f\u00fck g\u00fc\u00e7 t\u00fcketimi, 2VA ile enerji tasarrufu ve \u00e7evre dostu Kullan\u0131c\u0131 parametrelerinin kay\u0131t edilmesi ve geri y\u00fckleme Fabrika ayarlar\u0131na geri d\u00f6nme 3 Dijit proses (PV) ve 4 Dijit set (SV) g\u00f6stergesi Self Tune (Step Response Tuning), Auto Tune (Limit Cycle Tune) ile PID katsay\u0131lar\u0131n\u0131n sisteme adaptasyonu Ayarlanabilir \u0131s\u0131tma ve so\u011futma fonksiyonu RS-485 Modbus (RTU) haberle\u015fme (Opsiyonel)","og_url":"https:\/\/csotrading.com\/tr\/product\/eco-pid\/","og_site_name":"CSO TRADING","article_modified_time":"2020-07-04T20:51:36+00:00","og_image":[{"width":1280,"height":720,"url":"https:\/\/csotrading.com\/wp-content\/uploads\/2020\/06\/ECO-PID.jpg","type":"image\/jpeg"}],"twitter_card":"summary_large_image","twitter_misc":{"Tahmini okuma s\u00fcresi":"1 dakika"},"schema":{"@context":"https:\/\/schema.org","@graph":[{"@type":"WebPage","@id":"https:\/\/csotrading.com\/tr\/product\/eco-pid\/","url":"https:\/\/csotrading.com\/tr\/product\/eco-pid\/","name":"ECO PID - CSO TRADING","isPartOf":{"@id":"https:\/\/csotrading.com\/#website"},"primaryImageOfPage":{"@id":"https:\/\/csotrading.com\/tr\/product\/eco-pid\/#primaryimage"},"image":{"@id":"https:\/\/csotrading.com\/tr\/product\/eco-pid\/#primaryimage"},"thumbnailUrl":"https:\/\/csotrading.com\/wp-content\/uploads\/2020\/06\/ECO-PID.jpg","datePublished":"2020-06-19T21:10:26+00:00","dateModified":"2020-07-04T20:51:36+00:00","breadcrumb":{"@id":"https:\/\/csotrading.com\/tr\/product\/eco-pid\/#breadcrumb"},"inLanguage":"tr","potentialAction":[{"@type":"ReadAction","target":["https:\/\/csotrading.com\/tr\/product\/eco-pid\/"]}]},{"@type":"ImageObject","inLanguage":"tr","@id":"https:\/\/csotrading.com\/tr\/product\/eco-pid\/#primaryimage","url":"https:\/\/csotrading.com\/wp-content\/uploads\/2020\/06\/ECO-PID.jpg","contentUrl":"https:\/\/csotrading.com\/wp-content\/uploads\/2020\/06\/ECO-PID.jpg","width":1280,"height":720},{"@type":"BreadcrumbList","@id":"https:\/\/csotrading.com\/tr\/product\/eco-pid\/#breadcrumb","itemListElement":[{"@type":"ListItem","position":1,"name":"Home","item":"https:\/\/csotrading.com\/tr\/"},{"@type":"ListItem","position":2,"name":"Ma\u011faza","item":"https:\/\/csotrading.com\/magaza\/"},{"@type":"ListItem","position":3,"name":"ECO PID"}]},{"@type":"WebSite","@id":"https:\/\/csotrading.com\/#website","url":"https:\/\/csotrading.com\/","name":"CSO TRADING","description":"","potentialAction":[{"@type":"SearchAction","target":{"@type":"EntryPoint","urlTemplate":"https:\/\/csotrading.com\/?s={search_term_string}"},"query-input":{"@type":"PropertyValueSpecification","valueRequired":true,"valueName":"search_term_string"}}],"inLanguage":"tr"}]}},"_links":{"self":[{"href":"https:\/\/csotrading.com\/tr\/wp-json\/wp\/v2\/product\/4376"}],"collection":[{"href":"https:\/\/csotrading.com\/tr\/wp-json\/wp\/v2\/product"}],"about":[{"href":"https:\/\/csotrading.com\/tr\/wp-json\/wp\/v2\/types\/product"}],"replies":[{"embeddable":true,"href":"https:\/\/csotrading.com\/tr\/wp-json\/wp\/v2\/comments?post=4376"}],"wp:featuredmedia":[{"embeddable":true,"href":"https:\/\/csotrading.com\/tr\/wp-json\/wp\/v2\/media\/3962"}],"wp:attachment":[{"href":"https:\/\/csotrading.com\/tr\/wp-json\/wp\/v2\/media?parent=4376"}],"wp:term":[{"taxonomy":"product_brand","embeddable":true,"href":"https:\/\/csotrading.com\/tr\/wp-json\/wp\/v2\/product_brand?post=4376"},{"taxonomy":"product_cat","embeddable":true,"href":"https:\/\/csotrading.com\/tr\/wp-json\/wp\/v2\/product_cat?post=4376"},{"taxonomy":"product_tag","embeddable":true,"href":"https:\/\/csotrading.com\/tr\/wp-json\/wp\/v2\/product_tag?post=4376"}],"curies":[{"name":"wp","href":"https:\/\/api.w.org\/{rel}","templated":true}]}}