{"id":4368,"date":"2020-06-19T23:51:00","date_gmt":"2020-06-19T20:51:00","guid":{"rendered":"http:\/\/csotrading.com\/product\/esm-1510-n\/"},"modified":"2020-07-04T23:59:49","modified_gmt":"2020-07-04T20:59:49","slug":"esm-1510-n","status":"publish","type":"product","link":"https:\/\/csotrading.com\/tr\/product\/esm-1510-n\/","title":{"rendered":"ESM-1510-N"},"content":{"rendered":"<table>\n<tbody>\n<tr>\n<td><b>\u00d6zellikler<\/b><\/td>\n<td><b>A\u00e7\u0131klamalar<\/b><\/td>\n<\/tr>\n<tr>\n<td colspan=\"2\"><b>Fiziksel \u00d6zellikler<\/b><\/td>\n<\/tr>\n<tr>\n<td><b>\u00d6l\u00e7\u00fcler<\/b><\/td>\n<td>86 mm x 35 mm x 59mm<\/td>\n<\/tr>\n<tr>\n<td><b>Koruma S\u0131n\u0131f\u0131<\/b><\/td>\n<td>IP20<\/td>\n<\/tr>\n<tr>\n<td><b>Montaj<\/b><\/td>\n<td>DIN Ray Montaj<\/td>\n<\/tr>\n<tr>\n<td><b>Depolama \/ \u00c7al\u0131\u015fma S\u0131cakl\u0131\u011f\u0131<\/b><\/td>\n<td>-40\u00b0C to +85\u00b0C \/ 0\u00b0C to +50\u00b0C<\/td>\n<\/tr>\n<tr>\n<td><b>Ba\u011f\u0131l Nem<\/b><\/td>\n<td>90 % max. (Yo\u011funla\u015fma Olmayan Ortamda)<\/td>\n<\/tr>\n<tr>\n<td colspan=\"2\"><b>Elektriksel \u00d6zellikler<\/b><\/td>\n<\/tr>\n<tr>\n<td><b>Besleme Gerilimi<\/b><\/td>\n<td>230 Vac (+%15) 50\/60 Hz. 1.5 VA<br \/>\n115 Vac(+%15) 50\/60 Hz. 1.5 VA<br \/>\n24 Vac(+%15) 50\/60 Hz. 1.5 VA<br \/>\n24 Vac\/dc (+%15, +%10) 50\/60 Hz. 1.5 VA<br \/>\n100-240Vac 50\/60Hz<br \/>\n10&#8230;30Vdc 1.5W<\/td>\n<\/tr>\n<tr>\n<td><b>Sens\u00f6r Giri\u015fi<\/b><\/td>\n<td>NTC, PTC, TC, RTD<br \/>\nNTC (10k @.25 \u00b0C)<br \/>\nNTC (1000 @.25 \u00b0C)<br \/>\nPTC (10k @.25 \u00b0C)<br \/>\nJ, K (IEC584.1)(ITS90)<br \/>\nPT-100, PT-1000 (IEC751)(ITS90)<\/td>\n<\/tr>\n<tr>\n<td><b>Opsiyonel Sens\u00f6r Giri\u015fi<\/b><\/td>\n<td><\/td>\n<\/tr>\n<tr>\n<td><b>Skala<\/b><\/td>\n<td>Fe CuNi 0\u00b0C&#8230;800\u00b0C<br \/>\nNiCr 0\u00b0C&#8230;999\u00b0C<br \/>\nPT 100 -50\u00b0C&#8230;400\u00b0C \/ -19,9\u00b0C&#8230;99.9\u00b0C<br \/>\nNTC -50\u00b0C&#8230;100\u00b0C \/ -19,9\u00b0C&#8230;99.9\u00b0C<br \/>\nPT 1000 -50\u00b0C&#8230;400\u00b0C \/ -19,9\u00b0C&#8230;99.9\u00b0C<br \/>\nPTC -50\u00b0C&#8230;150\u00b0C \/ -19,9\u00b0C&#8230;99.9\u00b0C<\/td>\n<\/tr>\n<tr>\n<td><b>Do\u011fruluk<\/b><\/td>\n<td>Tam skalan\u0131n \u00b1 % 1<\/td>\n<\/tr>\n<tr>\n<td colspan=\"2\"><b>\u00c7\u0131k\u0131\u015f<\/b><\/td>\n<\/tr>\n<tr>\n<td><b>R\u00f6le \u00c7\u0131k\u0131\u015f\u0131<\/b><\/td>\n<td>5 A@250 Vac Rezistif Y\u00fckte<\/td>\n<\/tr>\n<tr>\n<td><b>SSR \u00c7\u0131k\u0131\u015f\u0131<\/b><\/td>\n<td>Maksimum 28 mA@15 V DC<\/td>\n<\/tr>\n<tr>\n<td><b>Analog \u00c7\u0131k\u0131\u015f<\/b><\/td>\n<td><\/td>\n<\/tr>\n<tr>\n<td><b>Opsiyonel \u00c7\u0131k\u0131\u015flar<\/b><\/td>\n<td><\/td>\n<\/tr>\n<tr>\n<td colspan=\"2\"><b>Kontrol<\/b><\/td>\n<\/tr>\n<tr>\n<td><b>Kontrol Formu<\/b><\/td>\n<td>On\/Off<\/td>\n<\/tr>\n<tr>\n<td><b>Okuma S\u0131kl\u0131\u011f\u0131<\/b><\/td>\n<td>Saniyede 3 okuma<\/td>\n<\/tr>\n<tr>\n<td><b>\u0130leti\u015fim Protokolleri<\/b><\/td>\n<td><\/td>\n<\/tr>\n<tr>\n<td><b>Kalite Belgeleri<\/b><\/td>\n<td>GOST-R, CE<\/td>\n<\/tr>\n<\/tbody>\n<\/table>\n","protected":false},"excerpt":{"rendered":"<p><span class=\"txt b\">Ray Montaj Tipi Dijital ON\/OFF S\u0131cakl\u0131k Kontrol Cihaz\u0131<\/span><\/p>\n<div><\/div>\n<p><span class=\"txt c\">Raya montaj<br \/>\nIs\u0131tma \/ So\u011futma uygulamalar\u0131<br \/>\n3 Dijit g\u00f6stergeli<br \/>\nPTC, NTC, PT-100, PT-1000 termorezitans giri\u015f se\u00e7enekleri<br \/>\nFe-Const (J), NiCr-Ni (K) termokupl giri\u015f se\u00e7enekleri (Sipari\u015fte belirtilmelidir)<br \/>\nON\/OFF S\u0131cakl\u0131k kontrol\u00fc<br \/>\nSe\u00e7ilebilir Is\u0131tma veya So\u011futma Fonksiyonu<br \/>\nAyarlanabilir s\u0131cakl\u0131k ofseti<br \/>\nSet de\u011feri alt ve \u00fcst limit s\u0131n\u0131rland\u0131rmas\u0131<br \/>\nR\u00f6le veya SSR s\u00fcr\u00fcc\u00fc \u00e7\u0131k\u0131\u015f\u0131 se\u00e7imi<\/span><\/p>\n","protected":false},"featured_media":3947,"comment_status":"open","ping_status":"closed","template":"","meta":[],"product_brand":[],"product_cat":[272],"product_tag":[210,205,207],"class_list":{"0":"post-4368","1":"product","2":"type-product","3":"status-publish","4":"has-post-thumbnail","6":"product_cat-olcum-kontrol-cihazlari","7":"product_tag-210","8":"product_tag-esm","9":"product_tag-n","11":"first","12":"instock","13":"shipping-taxable","14":"product-type-simple"},"yoast_head":"<!-- This site is optimized with the Yoast SEO plugin v24.3 - https:\/\/yoast.com\/wordpress\/plugins\/seo\/ -->\n<title>ESM-1510-N - CSO TRADING<\/title>\n<meta name=\"robots\" content=\"index, follow, max-snippet:-1, max-image-preview:large, max-video-preview:-1\" \/>\n<link rel=\"canonical\" href=\"https:\/\/csotrading.com\/tr\/product\/esm-1510-n\/\" \/>\n<meta property=\"og:locale\" content=\"tr_TR\" \/>\n<meta property=\"og:type\" content=\"article\" \/>\n<meta property=\"og:title\" content=\"ESM-1510-N - CSO TRADING\" \/>\n<meta property=\"og:description\" content=\"Ray Montaj Tipi Dijital ON\/OFF S\u0131cakl\u0131k Kontrol Cihaz\u0131  Raya montaj Is\u0131tma \/ So\u011futma uygulamalar\u0131 3 Dijit g\u00f6stergeli PTC, NTC, PT-100, PT-1000 termorezitans giri\u015f se\u00e7enekleri Fe-Const (J), NiCr-Ni (K) termokupl giri\u015f se\u00e7enekleri (Sipari\u015fte belirtilmelidir) ON\/OFF S\u0131cakl\u0131k kontrol\u00fc Se\u00e7ilebilir Is\u0131tma veya So\u011futma Fonksiyonu Ayarlanabilir s\u0131cakl\u0131k ofseti Set de\u011feri alt ve \u00fcst limit s\u0131n\u0131rland\u0131rmas\u0131 R\u00f6le veya SSR s\u00fcr\u00fcc\u00fc \u00e7\u0131k\u0131\u015f\u0131 se\u00e7imi\" \/>\n<meta property=\"og:url\" content=\"https:\/\/csotrading.com\/tr\/product\/esm-1510-n\/\" \/>\n<meta property=\"og:site_name\" content=\"CSO TRADING\" \/>\n<meta property=\"article:modified_time\" content=\"2020-07-04T20:59:49+00:00\" \/>\n<meta property=\"og:image\" content=\"https:\/\/csotrading.com\/wp-content\/uploads\/2020\/06\/ESM-1510-N.jpg\" \/>\n\t<meta property=\"og:image:width\" content=\"1280\" \/>\n\t<meta property=\"og:image:height\" content=\"720\" \/>\n\t<meta property=\"og:image:type\" content=\"image\/jpeg\" \/>\n<meta name=\"twitter:card\" content=\"summary_large_image\" \/>\n<meta name=\"twitter:label1\" content=\"Tahmini okuma s\u00fcresi\" \/>\n\t<meta name=\"twitter:data1\" content=\"1 dakika\" \/>\n<script type=\"application\/ld+json\" class=\"yoast-schema-graph\">{\"@context\":\"https:\/\/schema.org\",\"@graph\":[{\"@type\":\"WebPage\",\"@id\":\"https:\/\/csotrading.com\/tr\/product\/esm-1510-n\/\",\"url\":\"https:\/\/csotrading.com\/tr\/product\/esm-1510-n\/\",\"name\":\"ESM-1510-N - CSO TRADING\",\"isPartOf\":{\"@id\":\"https:\/\/csotrading.com\/#website\"},\"primaryImageOfPage\":{\"@id\":\"https:\/\/csotrading.com\/tr\/product\/esm-1510-n\/#primaryimage\"},\"image\":{\"@id\":\"https:\/\/csotrading.com\/tr\/product\/esm-1510-n\/#primaryimage\"},\"thumbnailUrl\":\"https:\/\/csotrading.com\/wp-content\/uploads\/2020\/06\/ESM-1510-N.jpg\",\"datePublished\":\"2020-06-19T20:51:00+00:00\",\"dateModified\":\"2020-07-04T20:59:49+00:00\",\"breadcrumb\":{\"@id\":\"https:\/\/csotrading.com\/tr\/product\/esm-1510-n\/#breadcrumb\"},\"inLanguage\":\"tr\",\"potentialAction\":[{\"@type\":\"ReadAction\",\"target\":[\"https:\/\/csotrading.com\/tr\/product\/esm-1510-n\/\"]}]},{\"@type\":\"ImageObject\",\"inLanguage\":\"tr\",\"@id\":\"https:\/\/csotrading.com\/tr\/product\/esm-1510-n\/#primaryimage\",\"url\":\"https:\/\/csotrading.com\/wp-content\/uploads\/2020\/06\/ESM-1510-N.jpg\",\"contentUrl\":\"https:\/\/csotrading.com\/wp-content\/uploads\/2020\/06\/ESM-1510-N.jpg\",\"width\":1280,\"height\":720},{\"@type\":\"BreadcrumbList\",\"@id\":\"https:\/\/csotrading.com\/tr\/product\/esm-1510-n\/#breadcrumb\",\"itemListElement\":[{\"@type\":\"ListItem\",\"position\":1,\"name\":\"Home\",\"item\":\"https:\/\/csotrading.com\/tr\/\"},{\"@type\":\"ListItem\",\"position\":2,\"name\":\"Ma\u011faza\",\"item\":\"https:\/\/csotrading.com\/magaza\/\"},{\"@type\":\"ListItem\",\"position\":3,\"name\":\"ESM-1510-N\"}]},{\"@type\":\"WebSite\",\"@id\":\"https:\/\/csotrading.com\/#website\",\"url\":\"https:\/\/csotrading.com\/\",\"name\":\"CSO TRADING\",\"description\":\"\",\"potentialAction\":[{\"@type\":\"SearchAction\",\"target\":{\"@type\":\"EntryPoint\",\"urlTemplate\":\"https:\/\/csotrading.com\/?s={search_term_string}\"},\"query-input\":{\"@type\":\"PropertyValueSpecification\",\"valueRequired\":true,\"valueName\":\"search_term_string\"}}],\"inLanguage\":\"tr\"}]}<\/script>\n<!-- \/ Yoast SEO plugin. -->","yoast_head_json":{"title":"ESM-1510-N - CSO TRADING","robots":{"index":"index","follow":"follow","max-snippet":"max-snippet:-1","max-image-preview":"max-image-preview:large","max-video-preview":"max-video-preview:-1"},"canonical":"https:\/\/csotrading.com\/tr\/product\/esm-1510-n\/","og_locale":"tr_TR","og_type":"article","og_title":"ESM-1510-N - CSO TRADING","og_description":"Ray Montaj Tipi Dijital ON\/OFF S\u0131cakl\u0131k Kontrol Cihaz\u0131  Raya montaj Is\u0131tma \/ So\u011futma uygulamalar\u0131 3 Dijit g\u00f6stergeli PTC, NTC, PT-100, PT-1000 termorezitans giri\u015f se\u00e7enekleri Fe-Const (J), NiCr-Ni (K) termokupl giri\u015f se\u00e7enekleri (Sipari\u015fte belirtilmelidir) ON\/OFF S\u0131cakl\u0131k kontrol\u00fc Se\u00e7ilebilir Is\u0131tma veya So\u011futma Fonksiyonu Ayarlanabilir s\u0131cakl\u0131k ofseti Set de\u011feri alt ve \u00fcst limit s\u0131n\u0131rland\u0131rmas\u0131 R\u00f6le veya SSR s\u00fcr\u00fcc\u00fc \u00e7\u0131k\u0131\u015f\u0131 se\u00e7imi","og_url":"https:\/\/csotrading.com\/tr\/product\/esm-1510-n\/","og_site_name":"CSO TRADING","article_modified_time":"2020-07-04T20:59:49+00:00","og_image":[{"width":1280,"height":720,"url":"https:\/\/csotrading.com\/wp-content\/uploads\/2020\/06\/ESM-1510-N.jpg","type":"image\/jpeg"}],"twitter_card":"summary_large_image","twitter_misc":{"Tahmini okuma s\u00fcresi":"1 dakika"},"schema":{"@context":"https:\/\/schema.org","@graph":[{"@type":"WebPage","@id":"https:\/\/csotrading.com\/tr\/product\/esm-1510-n\/","url":"https:\/\/csotrading.com\/tr\/product\/esm-1510-n\/","name":"ESM-1510-N - CSO TRADING","isPartOf":{"@id":"https:\/\/csotrading.com\/#website"},"primaryImageOfPage":{"@id":"https:\/\/csotrading.com\/tr\/product\/esm-1510-n\/#primaryimage"},"image":{"@id":"https:\/\/csotrading.com\/tr\/product\/esm-1510-n\/#primaryimage"},"thumbnailUrl":"https:\/\/csotrading.com\/wp-content\/uploads\/2020\/06\/ESM-1510-N.jpg","datePublished":"2020-06-19T20:51:00+00:00","dateModified":"2020-07-04T20:59:49+00:00","breadcrumb":{"@id":"https:\/\/csotrading.com\/tr\/product\/esm-1510-n\/#breadcrumb"},"inLanguage":"tr","potentialAction":[{"@type":"ReadAction","target":["https:\/\/csotrading.com\/tr\/product\/esm-1510-n\/"]}]},{"@type":"ImageObject","inLanguage":"tr","@id":"https:\/\/csotrading.com\/tr\/product\/esm-1510-n\/#primaryimage","url":"https:\/\/csotrading.com\/wp-content\/uploads\/2020\/06\/ESM-1510-N.jpg","contentUrl":"https:\/\/csotrading.com\/wp-content\/uploads\/2020\/06\/ESM-1510-N.jpg","width":1280,"height":720},{"@type":"BreadcrumbList","@id":"https:\/\/csotrading.com\/tr\/product\/esm-1510-n\/#breadcrumb","itemListElement":[{"@type":"ListItem","position":1,"name":"Home","item":"https:\/\/csotrading.com\/tr\/"},{"@type":"ListItem","position":2,"name":"Ma\u011faza","item":"https:\/\/csotrading.com\/magaza\/"},{"@type":"ListItem","position":3,"name":"ESM-1510-N"}]},{"@type":"WebSite","@id":"https:\/\/csotrading.com\/#website","url":"https:\/\/csotrading.com\/","name":"CSO TRADING","description":"","potentialAction":[{"@type":"SearchAction","target":{"@type":"EntryPoint","urlTemplate":"https:\/\/csotrading.com\/?s={search_term_string}"},"query-input":{"@type":"PropertyValueSpecification","valueRequired":true,"valueName":"search_term_string"}}],"inLanguage":"tr"}]}},"_links":{"self":[{"href":"https:\/\/csotrading.com\/tr\/wp-json\/wp\/v2\/product\/4368"}],"collection":[{"href":"https:\/\/csotrading.com\/tr\/wp-json\/wp\/v2\/product"}],"about":[{"href":"https:\/\/csotrading.com\/tr\/wp-json\/wp\/v2\/types\/product"}],"replies":[{"embeddable":true,"href":"https:\/\/csotrading.com\/tr\/wp-json\/wp\/v2\/comments?post=4368"}],"wp:featuredmedia":[{"embeddable":true,"href":"https:\/\/csotrading.com\/tr\/wp-json\/wp\/v2\/media\/3947"}],"wp:attachment":[{"href":"https:\/\/csotrading.com\/tr\/wp-json\/wp\/v2\/media?parent=4368"}],"wp:term":[{"taxonomy":"product_brand","embeddable":true,"href":"https:\/\/csotrading.com\/tr\/wp-json\/wp\/v2\/product_brand?post=4368"},{"taxonomy":"product_cat","embeddable":true,"href":"https:\/\/csotrading.com\/tr\/wp-json\/wp\/v2\/product_cat?post=4368"},{"taxonomy":"product_tag","embeddable":true,"href":"https:\/\/csotrading.com\/tr\/wp-json\/wp\/v2\/product_tag?post=4368"}],"curies":[{"name":"wp","href":"https:\/\/api.w.org\/{rel}","templated":true}]}}