{"id":4365,"date":"2020-06-19T23:43:59","date_gmt":"2020-06-19T20:43:59","guid":{"rendered":"http:\/\/csotrading.com\/product\/esm-3712-hcn\/"},"modified":"2020-07-06T12:44:37","modified_gmt":"2020-07-06T09:44:37","slug":"esm-3712-hcn","status":"publish","type":"product","link":"https:\/\/csotrading.com\/tr\/product\/esm-3712-hcn\/","title":{"rendered":"ESM-3712-HCN"},"content":{"rendered":"<table>\n<tbody>\n<tr>\n<td><b>\u00d6zellikler<\/b><\/td>\n<td><b>A\u00e7\u0131klamalar<\/b><\/td>\n<\/tr>\n<tr>\n<td colspan=\"2\"><b>Fiziksel \u00d6zellikler<\/b><\/td>\n<\/tr>\n<tr>\n<td><b>\u00d6l\u00e7\u00fcler<\/b><\/td>\n<td>76mm x 34,5mm x 71mm<\/td>\n<\/tr>\n<tr>\n<td><b>Koruma S\u0131n\u0131f\u0131<\/b><\/td>\n<td>NEMA 4X (\u00f6nden IP65, arkadan IP20)<\/td>\n<\/tr>\n<tr>\n<td><b>Montaj<\/b><\/td>\n<td>Sabit montaj<\/td>\n<\/tr>\n<tr>\n<td><b>Depolama S\u0131cakl\u0131\u011f\u0131<\/b><\/td>\n<td>-30\u00b0C to +80\u00b0C<\/td>\n<\/tr>\n<tr>\n<td><b>Ba\u011f\u0131l Nem<\/b><\/td>\n<td>90 % max. (Yo\u011funla\u015fma Olmayan Ortamda)<\/td>\n<\/tr>\n<tr>\n<td colspan=\"2\"><b>Elektriksel \u00d6zellikler<\/b><\/td>\n<\/tr>\n<tr>\n<td><b>Besleme Gerilimi<\/b><\/td>\n<td>24Vdc\/ac ( \u00b1%15) 50\/60Hz &#8211; 1.5VA<br \/>\n24 V ac (\u00b1%15) 50\/60 Hz. 1.5 VA<br \/>\n115 Vac (\u00b1%15) 50\/60 Hz. 1.5 VA<br \/>\n230 Vac (\u00b1%15) 50\/60 Hz. 1.5 VA<br \/>\n100-240Vac 50\/60Hz<br \/>\n10-30Vdc 1.5W<\/td>\n<\/tr>\n<tr>\n<td><b>Sens\u00f6r Giri\u015fi<\/b><\/td>\n<td>NTC, PTC, TC, RTD<br \/>\nNTC (10k @.25 \u00b0C)<br \/>\nPTC(1000 @.25 \u00b0C)<br \/>\nJ, K (IEC584.1)(ITS90)<br \/>\nPT-100, PT-1000 (IEC751)(ITS90)<\/td>\n<\/tr>\n<tr>\n<td><b>Opsiyonel Sens\u00f6r Giri\u015fi<\/b><\/td>\n<td><\/td>\n<\/tr>\n<tr>\n<td><b>Skala<\/b><\/td>\n<td>Fe-CuNi 0\u00b0C&#8230;800\u00b0C<br \/>\nNiCr-Ni 0\u00b0C&#8230;999\u00b0C<br \/>\nPT 100 -50\u00b0C&#8230;400\u00b0C \/ -19.9\u00b0C&#8230;99.9\u00b0C<br \/>\nNTC -50\u00b0C&#8230;100\u00b0C<br \/>\nPTC -50\u00b0C&#8230;150\u00b0C<\/td>\n<\/tr>\n<tr>\n<td><b>Do\u011fruluk<\/b><\/td>\n<td>Tam skalan\u0131n \u00b1 % 1<\/td>\n<\/tr>\n<tr>\n<td colspan=\"2\"><b>\u00c7\u0131k\u0131\u015f<\/b><\/td>\n<\/tr>\n<tr>\n<td><b>R\u00f6le \u00c7\u0131k\u0131\u015f\u0131<\/b><\/td>\n<td>Rezistif y\u00fckte 16(8) A@250 V AC (Kompres\u00f6r \u00c7\u0131k\u0131\u015f\u0131)<br \/>\n(Elektriksel \u00d6m\u00fcr : Tam Y\u00fckte 100.000 Anahtarlama)<\/p>\n<p>Rezistif y\u00fckte 5 A@250 V AC (Alarm \u00c7\u0131k\u0131\u015f\u0131)<br \/>\nG\u00f6sterge : 14 mm K\u0131rm\u0131z\u0131 4 dijit LED G\u00f6sterge<\/td>\n<\/tr>\n<tr>\n<td><b>SSR \u00c7\u0131k\u0131\u015f\u0131<\/b><\/td>\n<td><\/td>\n<\/tr>\n<tr>\n<td><b>Analog \u00c7\u0131k\u0131\u015f<\/b><\/td>\n<td><\/td>\n<\/tr>\n<tr>\n<td><b>Opsiyonel \u00c7\u0131k\u0131\u015flar<\/b><\/td>\n<td><\/td>\n<\/tr>\n<tr>\n<td colspan=\"2\"><b>Kontrol<\/b><\/td>\n<\/tr>\n<tr>\n<td><b>Kontrol Formu<\/b><\/td>\n<td>On\/Off<\/td>\n<\/tr>\n<tr>\n<td><b>Okuma S\u0131kl\u0131\u011f\u0131<\/b><\/td>\n<td>Saniyede 3 okuma<\/td>\n<\/tr>\n<tr>\n<td><b>\u0130leti\u015fim Protokolleri<\/b><\/td>\n<td>RS-485, Prokey Programlama Mod\u00fcl\u00fc<\/td>\n<\/tr>\n<tr>\n<td><b>Kalite Belgeleri<\/b><\/td>\n<td>GOST-R, CE<\/td>\n<\/tr>\n<\/tbody>\n<\/table>\n","protected":false},"excerpt":{"rendered":"<p><span class=\"txt b\">Dijital, ON \/ OFF \u00c7ift Set&#8217;li S\u0131cakl\u0131k Kontrol Cihaz\u0131 (SET+ALARM)<\/span><\/p>\n<div><\/div>\n<p><span class=\"txt c\">Prokey ile parametre y\u00fckleme<br \/>\nKompres\u00f6r ve Alarm kontrol\u00fc i\u00e7in iki ayr\u0131 \u00e7\u0131k\u0131\u015f<br \/>\nProses set de\u011feri ve Alarm Set de\u011feri<br \/>\nalt limit ve \u00fcst limit s\u0131n\u0131rland\u0131rmas\u0131<br \/>\n4 Dijit g\u00f6stergeli<br \/>\nNTC giri\u015fi veya PTC giri\u015fi (Sipari\u015fte belirtilmelidir.)<br \/>\nON\/OFF s\u0131cakl\u0131k kontrol\u00fc<br \/>\nSe\u00e7ilebilir \u0131s\u0131tma veya so\u011futma fonksiyonu<br \/>\nKompres\u00f6r koruma se\u00e7enekleri<br \/>\n\u00d6n panelden kolayca ayarlanabilen Alarm Set de\u011feri<br \/>\nSens\u00f6r ar\u0131zas\u0131 ve alarm durumlar\u0131na g\u00f6re ayarlanabilen sesli uyar\u0131<br \/>\n(Dahili Buzer)<br \/>\nProgramlama modu \u015fifre korumas\u0131<br \/>\nModbus RTU ile uzaktan eri\u015fim, data toplama ve kontrol (Opsiyonel)<\/span><\/p>\n","protected":false},"featured_media":3941,"comment_status":"open","ping_status":"closed","template":"","meta":[],"product_brand":[],"product_cat":[272],"product_tag":[208,205,209],"class_list":{"0":"post-4365","1":"product","2":"type-product","3":"status-publish","4":"has-post-thumbnail","6":"product_cat-olcum-kontrol-cihazlari","7":"product_tag-208","8":"product_tag-esm","9":"product_tag-hcn","11":"first","12":"instock","13":"shipping-taxable","14":"product-type-simple"},"yoast_head":"<!-- This site is optimized with the Yoast SEO plugin v24.3 - https:\/\/yoast.com\/wordpress\/plugins\/seo\/ -->\n<title>ESM-3712-HCN - CSO TRADING<\/title>\n<meta name=\"robots\" content=\"index, follow, max-snippet:-1, max-image-preview:large, max-video-preview:-1\" \/>\n<link rel=\"canonical\" href=\"https:\/\/csotrading.com\/product\/esm-3712-hcn\/\" \/>\n<meta property=\"og:locale\" content=\"tr_TR\" \/>\n<meta property=\"og:type\" content=\"article\" \/>\n<meta property=\"og:title\" content=\"ESM-3712-HCN - CSO TRADING\" \/>\n<meta property=\"og:description\" content=\"Dijital, ON \/ OFF \u00c7ift Set&#039;li S\u0131cakl\u0131k Kontrol Cihaz\u0131 (SET+ALARM)  Prokey ile parametre y\u00fckleme Kompres\u00f6r ve Alarm kontrol\u00fc i\u00e7in iki ayr\u0131 \u00e7\u0131k\u0131\u015f Proses set de\u011feri ve Alarm Set de\u011feri alt limit ve \u00fcst limit s\u0131n\u0131rland\u0131rmas\u0131 4 Dijit g\u00f6stergeli NTC giri\u015fi veya PTC giri\u015fi (Sipari\u015fte belirtilmelidir.) ON\/OFF s\u0131cakl\u0131k kontrol\u00fc Se\u00e7ilebilir \u0131s\u0131tma veya so\u011futma fonksiyonu Kompres\u00f6r koruma se\u00e7enekleri \u00d6n panelden kolayca ayarlanabilen Alarm Set de\u011feri Sens\u00f6r ar\u0131zas\u0131 ve alarm durumlar\u0131na g\u00f6re ayarlanabilen sesli uyar\u0131 (Dahili Buzer) Programlama modu \u015fifre korumas\u0131 Modbus RTU ile uzaktan eri\u015fim, data toplama ve kontrol (Opsiyonel)\" \/>\n<meta property=\"og:url\" content=\"https:\/\/csotrading.com\/product\/esm-3712-hcn\/\" \/>\n<meta property=\"og:site_name\" content=\"CSO TRADING\" \/>\n<meta property=\"article:modified_time\" content=\"2020-07-06T09:44:37+00:00\" \/>\n<meta property=\"og:image\" content=\"https:\/\/csotrading.com\/wp-content\/uploads\/2020\/06\/ESM-3712-HCN.jpg\" \/>\n\t<meta property=\"og:image:width\" content=\"1280\" \/>\n\t<meta property=\"og:image:height\" content=\"720\" \/>\n\t<meta property=\"og:image:type\" content=\"image\/jpeg\" \/>\n<meta name=\"twitter:card\" content=\"summary_large_image\" \/>\n<meta name=\"twitter:label1\" content=\"Tahmini okuma s\u00fcresi\" \/>\n\t<meta name=\"twitter:data1\" content=\"1 dakika\" \/>\n<script type=\"application\/ld+json\" class=\"yoast-schema-graph\">{\"@context\":\"https:\/\/schema.org\",\"@graph\":[{\"@type\":\"WebPage\",\"@id\":\"https:\/\/csotrading.com\/product\/esm-3712-hcn\/\",\"url\":\"https:\/\/csotrading.com\/product\/esm-3712-hcn\/\",\"name\":\"ESM-3712-HCN - CSO TRADING\",\"isPartOf\":{\"@id\":\"https:\/\/csotrading.com\/#website\"},\"primaryImageOfPage\":{\"@id\":\"https:\/\/csotrading.com\/product\/esm-3712-hcn\/#primaryimage\"},\"image\":{\"@id\":\"https:\/\/csotrading.com\/product\/esm-3712-hcn\/#primaryimage\"},\"thumbnailUrl\":\"https:\/\/csotrading.com\/wp-content\/uploads\/2020\/06\/ESM-3712-HCN.jpg\",\"datePublished\":\"2020-06-19T20:43:59+00:00\",\"dateModified\":\"2020-07-06T09:44:37+00:00\",\"breadcrumb\":{\"@id\":\"https:\/\/csotrading.com\/product\/esm-3712-hcn\/#breadcrumb\"},\"inLanguage\":\"tr\",\"potentialAction\":[{\"@type\":\"ReadAction\",\"target\":[\"https:\/\/csotrading.com\/product\/esm-3712-hcn\/\"]}]},{\"@type\":\"ImageObject\",\"inLanguage\":\"tr\",\"@id\":\"https:\/\/csotrading.com\/product\/esm-3712-hcn\/#primaryimage\",\"url\":\"https:\/\/csotrading.com\/wp-content\/uploads\/2020\/06\/ESM-3712-HCN.jpg\",\"contentUrl\":\"https:\/\/csotrading.com\/wp-content\/uploads\/2020\/06\/ESM-3712-HCN.jpg\",\"width\":1280,\"height\":720},{\"@type\":\"BreadcrumbList\",\"@id\":\"https:\/\/csotrading.com\/product\/esm-3712-hcn\/#breadcrumb\",\"itemListElement\":[{\"@type\":\"ListItem\",\"position\":1,\"name\":\"Home\",\"item\":\"https:\/\/csotrading.com\/tr\/\"},{\"@type\":\"ListItem\",\"position\":2,\"name\":\"Ma\u011faza\",\"item\":\"https:\/\/csotrading.com\/magaza\/\"},{\"@type\":\"ListItem\",\"position\":3,\"name\":\"ESM-3712-HCN\"}]},{\"@type\":\"WebSite\",\"@id\":\"https:\/\/csotrading.com\/#website\",\"url\":\"https:\/\/csotrading.com\/\",\"name\":\"CSO TRADING\",\"description\":\"\",\"potentialAction\":[{\"@type\":\"SearchAction\",\"target\":{\"@type\":\"EntryPoint\",\"urlTemplate\":\"https:\/\/csotrading.com\/?s={search_term_string}\"},\"query-input\":{\"@type\":\"PropertyValueSpecification\",\"valueRequired\":true,\"valueName\":\"search_term_string\"}}],\"inLanguage\":\"tr\"}]}<\/script>\n<!-- \/ Yoast SEO plugin. -->","yoast_head_json":{"title":"ESM-3712-HCN - CSO TRADING","robots":{"index":"index","follow":"follow","max-snippet":"max-snippet:-1","max-image-preview":"max-image-preview:large","max-video-preview":"max-video-preview:-1"},"canonical":"https:\/\/csotrading.com\/product\/esm-3712-hcn\/","og_locale":"tr_TR","og_type":"article","og_title":"ESM-3712-HCN - CSO TRADING","og_description":"Dijital, ON \/ OFF \u00c7ift Set'li S\u0131cakl\u0131k Kontrol Cihaz\u0131 (SET+ALARM)  Prokey ile parametre y\u00fckleme Kompres\u00f6r ve Alarm kontrol\u00fc i\u00e7in iki ayr\u0131 \u00e7\u0131k\u0131\u015f Proses set de\u011feri ve Alarm Set de\u011feri alt limit ve \u00fcst limit s\u0131n\u0131rland\u0131rmas\u0131 4 Dijit g\u00f6stergeli NTC giri\u015fi veya PTC giri\u015fi (Sipari\u015fte belirtilmelidir.) ON\/OFF s\u0131cakl\u0131k kontrol\u00fc Se\u00e7ilebilir \u0131s\u0131tma veya so\u011futma fonksiyonu Kompres\u00f6r koruma se\u00e7enekleri \u00d6n panelden kolayca ayarlanabilen Alarm Set de\u011feri Sens\u00f6r ar\u0131zas\u0131 ve alarm durumlar\u0131na g\u00f6re ayarlanabilen sesli uyar\u0131 (Dahili Buzer) Programlama modu \u015fifre korumas\u0131 Modbus RTU ile uzaktan eri\u015fim, data toplama ve kontrol (Opsiyonel)","og_url":"https:\/\/csotrading.com\/product\/esm-3712-hcn\/","og_site_name":"CSO TRADING","article_modified_time":"2020-07-06T09:44:37+00:00","og_image":[{"width":1280,"height":720,"url":"https:\/\/csotrading.com\/wp-content\/uploads\/2020\/06\/ESM-3712-HCN.jpg","type":"image\/jpeg"}],"twitter_card":"summary_large_image","twitter_misc":{"Tahmini okuma s\u00fcresi":"1 dakika"},"schema":{"@context":"https:\/\/schema.org","@graph":[{"@type":"WebPage","@id":"https:\/\/csotrading.com\/product\/esm-3712-hcn\/","url":"https:\/\/csotrading.com\/product\/esm-3712-hcn\/","name":"ESM-3712-HCN - CSO TRADING","isPartOf":{"@id":"https:\/\/csotrading.com\/#website"},"primaryImageOfPage":{"@id":"https:\/\/csotrading.com\/product\/esm-3712-hcn\/#primaryimage"},"image":{"@id":"https:\/\/csotrading.com\/product\/esm-3712-hcn\/#primaryimage"},"thumbnailUrl":"https:\/\/csotrading.com\/wp-content\/uploads\/2020\/06\/ESM-3712-HCN.jpg","datePublished":"2020-06-19T20:43:59+00:00","dateModified":"2020-07-06T09:44:37+00:00","breadcrumb":{"@id":"https:\/\/csotrading.com\/product\/esm-3712-hcn\/#breadcrumb"},"inLanguage":"tr","potentialAction":[{"@type":"ReadAction","target":["https:\/\/csotrading.com\/product\/esm-3712-hcn\/"]}]},{"@type":"ImageObject","inLanguage":"tr","@id":"https:\/\/csotrading.com\/product\/esm-3712-hcn\/#primaryimage","url":"https:\/\/csotrading.com\/wp-content\/uploads\/2020\/06\/ESM-3712-HCN.jpg","contentUrl":"https:\/\/csotrading.com\/wp-content\/uploads\/2020\/06\/ESM-3712-HCN.jpg","width":1280,"height":720},{"@type":"BreadcrumbList","@id":"https:\/\/csotrading.com\/product\/esm-3712-hcn\/#breadcrumb","itemListElement":[{"@type":"ListItem","position":1,"name":"Home","item":"https:\/\/csotrading.com\/tr\/"},{"@type":"ListItem","position":2,"name":"Ma\u011faza","item":"https:\/\/csotrading.com\/magaza\/"},{"@type":"ListItem","position":3,"name":"ESM-3712-HCN"}]},{"@type":"WebSite","@id":"https:\/\/csotrading.com\/#website","url":"https:\/\/csotrading.com\/","name":"CSO TRADING","description":"","potentialAction":[{"@type":"SearchAction","target":{"@type":"EntryPoint","urlTemplate":"https:\/\/csotrading.com\/?s={search_term_string}"},"query-input":{"@type":"PropertyValueSpecification","valueRequired":true,"valueName":"search_term_string"}}],"inLanguage":"tr"}]}},"_links":{"self":[{"href":"https:\/\/csotrading.com\/tr\/wp-json\/wp\/v2\/product\/4365"}],"collection":[{"href":"https:\/\/csotrading.com\/tr\/wp-json\/wp\/v2\/product"}],"about":[{"href":"https:\/\/csotrading.com\/tr\/wp-json\/wp\/v2\/types\/product"}],"replies":[{"embeddable":true,"href":"https:\/\/csotrading.com\/tr\/wp-json\/wp\/v2\/comments?post=4365"}],"wp:featuredmedia":[{"embeddable":true,"href":"https:\/\/csotrading.com\/tr\/wp-json\/wp\/v2\/media\/3941"}],"wp:attachment":[{"href":"https:\/\/csotrading.com\/tr\/wp-json\/wp\/v2\/media?parent=4365"}],"wp:term":[{"taxonomy":"product_brand","embeddable":true,"href":"https:\/\/csotrading.com\/tr\/wp-json\/wp\/v2\/product_brand?post=4365"},{"taxonomy":"product_cat","embeddable":true,"href":"https:\/\/csotrading.com\/tr\/wp-json\/wp\/v2\/product_cat?post=4365"},{"taxonomy":"product_tag","embeddable":true,"href":"https:\/\/csotrading.com\/tr\/wp-json\/wp\/v2\/product_tag?post=4365"}],"curies":[{"name":"wp","href":"https:\/\/api.w.org\/{rel}","templated":true}]}}