{"id":4359,"date":"2020-06-16T23:15:51","date_gmt":"2020-06-16T20:15:51","guid":{"rendered":"http:\/\/csotrading.com\/product\/606210-ecras-100\/"},"modified":"2020-07-04T22:36:04","modified_gmt":"2020-07-04T19:36:04","slug":"606210-ecras-100","status":"publish","type":"product","link":"https:\/\/csotrading.com\/tr\/product\/606210-ecras-100\/","title":{"rendered":"606210 ECRAS 100"},"content":{"rendered":"<table class=\"table table-condensed\">\n<tbody>\n<tr>\n<td class=\"full\" colspan=\"2\"><strong>Genel<\/strong><\/td>\n<td>Yedi Segment Ekran<\/td>\n<td>\u2714<\/td>\n<\/tr>\n<tr>\n<td colspan=\"2\"><\/td>\n<td>\u015eifre Korumas\u0131<\/td>\n<td>\u2714<\/td>\n<\/tr>\n<tr>\n<td colspan=\"2\"><\/td>\n<td>Ak\u0131m Trafo Oran\u0131 (CTR)<\/td>\n<td>1 &#8211; 5000<\/td>\n<\/tr>\n<tr>\n<td colspan=\"2\"><\/td>\n<td>Gerilim Trafo Oran\u0131 (VTR)<\/td>\n<td>1 &#8211; 5000<\/td>\n<\/tr>\n<tr>\n<td colspan=\"2\"><\/td>\n<td>Demand Periyodu<\/td>\n<td>1-60 min. adjustable<\/td>\n<\/tr>\n<tr>\n<td colspan=\"2\"><\/td>\n<td>Ba\u011flant\u0131 Tipi<\/td>\n<td>3F4T, 3F3T<\/td>\n<\/tr>\n<tr>\n<td colspan=\"2\"><\/td>\n<td>D\u00f6rt B\u00f6lge \u00d6l\u00e7\u00fcm<\/td>\n<td>4<\/td>\n<\/tr>\n<tr>\n<td colspan=\"2\"><\/td>\n<td>Bir Periyottaki \u00d6l\u00e7\u00fcm Say\u0131s\u0131<\/td>\n<td>256<\/td>\n<\/tr>\n<tr>\n<td colspan=\"2\"><\/td>\n<td>LCD\/Ekran Yenileme H\u0131z\u0131<\/td>\n<td>1 sec.<\/td>\n<\/tr>\n<tr>\n<td colspan=\"2\"><\/td>\n<td>\u015eebekeler<\/td>\n<td>TT, TN, IT<\/td>\n<\/tr>\n<tr>\n<td colspan=\"2\"><\/td>\n<td>Min.\/Maks.\/Demand De\u011ferleri<\/td>\n<td>\u2714<\/td>\n<\/tr>\n<tr>\n<td class=\"full\" colspan=\"2\"><strong>Enerji \u00d6l\u00e7\u00fcm\u00fc<\/strong><\/td>\n<td>Tarife Say\u0131s\u0131<\/td>\n<td>1<\/td>\n<\/tr>\n<tr>\n<td colspan=\"2\"><\/td>\n<td>1\u00d8 Faz Enerji \u00d6l\u00e7\u00fcm\u00fc<\/td>\n<td>\u2714<\/td>\n<\/tr>\n<tr>\n<td colspan=\"2\"><\/td>\n<td>3\u00d8 Faz Enerji \u00d6l\u00e7\u00fcm\u00fc<\/td>\n<td>\u2714<\/td>\n<\/tr>\n<tr>\n<td class=\"full\" colspan=\"2\"><strong>Ak\u0131m \u00d6l\u00e7\u00fcm Giri\u015fi<\/strong><\/td>\n<td>\u00d6l\u00e7\u00fcm Aral\u0131\u011f\u0131<\/td>\n<td>10mA &#8211; 6A AC<\/td>\n<\/tr>\n<tr>\n<td colspan=\"2\"><\/td>\n<td>A\u015f\u0131r\u0131 Gerilim Kategorisi<\/td>\n<td>300 V Cat II<\/td>\n<\/tr>\n<tr>\n<td colspan=\"2\"><\/td>\n<td>Gerilim Dalgalanma \u00d6l\u00e7\u00fcm\u00fc<\/td>\n<td>2 kV<\/td>\n<\/tr>\n<tr>\n<td colspan=\"2\"><\/td>\n<td>G\u00fc\u00e7 T\u00fcketimi<\/td>\n<td>&lt;0.2 VA<\/td>\n<\/tr>\n<tr>\n<td colspan=\"2\"><\/td>\n<td>Aral\u0131kl\u0131 A\u015f\u0131r\u0131 Y\u00fck<\/td>\n<td>100 A for 1 sec.<\/td>\n<\/tr>\n<tr>\n<td colspan=\"2\"><\/td>\n<td>45-65 Hz Aras\u0131 \u00d6rnekleme Frekans\u0131<\/td>\n<td>12.8 kHz<\/td>\n<\/tr>\n<tr>\n<td class=\"full\" colspan=\"2\"><strong>Gerilim \u00d6l\u00e7\u00fcm Giri\u015fi<\/strong><\/td>\n<td>A\u015f\u0131r\u0131 Gerilim Kategorisi<\/td>\n<td>300 V Cat III<\/td>\n<\/tr>\n<tr>\n<td colspan=\"2\"><\/td>\n<td>\u00d6l\u00e7\u00fclen Aral\u0131k L-N<\/td>\n<td>1-300 Vrms<\/td>\n<\/tr>\n<tr>\n<td colspan=\"2\"><\/td>\n<td>Al\u00e7\u00fclen Aral\u0131k L-L<\/td>\n<td>2-500 Vrms<\/td>\n<\/tr>\n<tr>\n<td colspan=\"2\"><\/td>\n<td>Frekans \u00d6l\u00e7\u00fcm Aral\u0131\u011f\u0131<\/td>\n<td>45-65 Hz<\/td>\n<\/tr>\n<tr>\n<td colspan=\"2\"><\/td>\n<td>G\u00fc\u00e7 T\u00fcketimi<\/td>\n<td>&lt;0.1 VA<\/td>\n<\/tr>\n<tr>\n<td colspan=\"2\"><\/td>\n<td>45-65 Hz Aras\u0131 \u00d6rnekleme Frekans\u0131<\/td>\n<td>12.8 kHz<\/td>\n<\/tr>\n<tr>\n<td class=\"full\" colspan=\"2\"><strong>G\u00fc\u00e7 Kalite \u00d6l\u00e7\u00fcmleri<\/strong><\/td>\n<td>Ak\u0131m ve Gerilim Fazlar\u0131 \u0130\u00e7in Harmonikler<\/td>\n<td>Up to 31st<\/td>\n<\/tr>\n<tr>\n<td colspan=\"2\"><\/td>\n<td>THD &#8211; Gerilim (% olarak)<\/td>\n<td>\u2714<\/td>\n<\/tr>\n<tr>\n<td colspan=\"2\"><\/td>\n<td>THD &#8211; Ak\u0131m (% olarak)<\/td>\n<td>\u2714<\/td>\n<\/tr>\n<tr>\n<td class=\"full\" colspan=\"2\"><strong>Di\u011fer \u00d6l\u00e7\u00fcmler<\/strong><\/td>\n<td>\u00c7al\u0131\u015fma Saati (Y\u00fck Alt\u0131nda \u00c7al\u0131\u015fma S\u00fcresi)<\/td>\n<td>\u2714<\/td>\n<\/tr>\n<tr>\n<td colspan=\"2\"><\/td>\n<td>A\u00e7\u0131k Kalma Saati (Y\u00fcks\u00fcz A\u00e7\u0131k Kalma S\u00fcresi)<\/td>\n<td>\u2714<\/td>\n<\/tr>\n<tr>\n<td colspan=\"2\"><\/td>\n<td>Kesinti Sayac\u0131 (G\u00fc\u00e7 Kesintileri Say\u0131s\u0131)<\/td>\n<td>\u2714<\/td>\n<\/tr>\n<tr>\n<td><strong class=\"parent\">\u00d6l\u00e7\u00fcm Hassasiyeti<\/strong><\/td>\n<td class=\"\" colspan=\"1\"><strong>IEC 61557-12&#8217;e g\u00f6re<\/strong><\/td>\n<td>Toplam Aktif G\u00fc\u00e7<\/td>\n<td>Class 0.5<\/td>\n<\/tr>\n<tr>\n<td><\/td>\n<td colspan=\"1\"><\/td>\n<td>Toplam Reaktif G\u00fc\u00e7<\/td>\n<td>Class 1<\/td>\n<\/tr>\n<tr>\n<td><\/td>\n<td colspan=\"1\"><\/td>\n<td>Toplam G\u00f6r\u00fcnen G\u00fc\u00e7<\/td>\n<td>Class 0.5<\/td>\n<\/tr>\n<tr>\n<td><\/td>\n<td colspan=\"1\"><\/td>\n<td>Toplam Aktif Enerji<\/td>\n<td>Class 0.5<\/td>\n<\/tr>\n<tr>\n<td><\/td>\n<td colspan=\"1\"><\/td>\n<td>Toplam Reaktif Enerji<\/td>\n<td>Class 2<\/td>\n<\/tr>\n<tr>\n<td><\/td>\n<td colspan=\"1\"><\/td>\n<td>Frekans<\/td>\n<td>Class 0.1<\/td>\n<\/tr>\n<tr>\n<td><\/td>\n<td colspan=\"1\"><\/td>\n<td>Ak\u0131m<\/td>\n<td>Class 0.5<\/td>\n<\/tr>\n<tr>\n<td><\/td>\n<td colspan=\"1\"><\/td>\n<td>N\u00f6tr Ak\u0131m<\/td>\n<td>Class 0.5<\/td>\n<\/tr>\n<tr>\n<td><\/td>\n<td colspan=\"1\"><\/td>\n<td>Gerilim<\/td>\n<td>Class 0.2<\/td>\n<\/tr>\n<tr>\n<td><\/td>\n<td colspan=\"1\"><\/td>\n<td>G\u00fc\u00e7 Fakt\u00f6r\u00fc<\/td>\n<td>Class 0.5<\/td>\n<\/tr>\n<tr>\n<td><\/td>\n<td colspan=\"1\"><\/td>\n<td>THDV, THDI<\/td>\n<td>Class 1<\/td>\n<\/tr>\n<tr>\n<td><\/td>\n<td class=\"\" colspan=\"1\"><strong>IEC 62053-22&#8217;e g\u00f6re<\/strong><\/td>\n<td>Toplam Aktif Enerji<\/td>\n<td>Class 0.5S<\/td>\n<\/tr>\n<tr>\n<td><\/td>\n<td class=\"\" colspan=\"1\"><strong>IEC 62053-23&#8217;e g\u00f6re<\/strong><\/td>\n<td>Toplam Reaktif Enerji<\/td>\n<td>Class 2<\/td>\n<\/tr>\n<tr>\n<td><strong class=\"parent\">Giri\u015f ve \u00c7\u0131k\u0131\u015flar<\/strong><\/td>\n<td class=\"\" colspan=\"1\"><strong>Alarm R\u00f6le \u00c7\u0131k\u0131\u015flar\u0131<\/strong><\/td>\n<td>Tipi<\/td>\n<td><\/td>\n<\/tr>\n<tr>\n<td><\/td>\n<td colspan=\"1\"><\/td>\n<td>Maks. Anahtarlama Ak\u0131m\u0131<\/td>\n<td>10 A<\/td>\n<\/tr>\n<tr>\n<td><strong class=\"parent\">Besleme<\/strong><\/td>\n<td class=\"\" colspan=\"1\"><strong>Gerilim<\/strong><\/td>\n<td>AC<\/td>\n<td>85-300V<\/td>\n<\/tr>\n<tr>\n<td><\/td>\n<td colspan=\"1\"><\/td>\n<td>DC<\/td>\n<td>85-300V<\/td>\n<\/tr>\n<tr>\n<td><\/td>\n<td class=\"\" colspan=\"1\"><strong>T\u00fcketim<\/strong><\/td>\n<td>AC<\/td>\n<td>&lt;6VA<\/td>\n<\/tr>\n<tr>\n<td><\/td>\n<td colspan=\"1\"><\/td>\n<td>DC<\/td>\n<td>&lt;3W<\/td>\n<\/tr>\n<tr>\n<td class=\"full\" colspan=\"2\"><strong>Besleme<\/strong><\/td>\n<td>Frekans<\/td>\n<td>45-65Hz<\/td>\n<\/tr>\n<tr>\n<td><strong class=\"parent\">Zaman Kay\u0131tl\u0131 Veri Depolama<\/strong><\/td>\n<td class=\"\" colspan=\"1\"><strong>Min.\/Maks.\/Ort. De\u011ferler<\/strong><\/td>\n<td>Saatlik Kay\u0131tlar<\/td>\n<td><\/td>\n<\/tr>\n<tr>\n<td><\/td>\n<td colspan=\"1\"><\/td>\n<td>G\u00fcnl\u00fck Kay\u0131tlar<\/td>\n<td><\/td>\n<\/tr>\n<tr>\n<td><\/td>\n<td colspan=\"1\"><\/td>\n<td>Ayl\u0131k Kay\u0131tlar<\/td>\n<td><\/td>\n<\/tr>\n<tr>\n<td class=\"full\" colspan=\"2\"><strong>Zaman Kay\u0131tl\u0131 Veri Depolama<\/strong><\/td>\n<td>Demand<\/td>\n<td><\/td>\n<\/tr>\n<tr>\n<td class=\"full\" colspan=\"2\"><strong>Mekanik \u00d6zellikler<\/strong><\/td>\n<td>A\u011f\u0131rl\u0131k (g)<\/td>\n<td>272 g<\/td>\n<\/tr>\n<tr>\n<td colspan=\"2\"><\/td>\n<td>Koruma S\u0131n\u0131f\u0131<\/td>\n<td>Front IP40 \/ Rear IP20<\/td>\n<\/tr>\n<tr>\n<td colspan=\"2\"><\/td>\n<td>Montaj \u015eekli<\/td>\n<td>Panel Mount<\/td>\n<\/tr>\n<tr>\n<td><strong class=\"parent\">Kablo Kesitleri<\/strong><\/td>\n<td class=\"\" colspan=\"1\"><strong>Besleme, Gerilim, Ak\u0131m, R\u00f6le \u00c7\u0131k\u0131\u015flar\u0131<\/strong><\/td>\n<td>Y\u00fcks\u00fckl\u00fc:<\/td>\n<td>2.5mm\u00b2 &#8211; 14AWG<\/td>\n<\/tr>\n<tr>\n<td><\/td>\n<td colspan=\"1\"><\/td>\n<td>Y\u00fcks\u00fcks\u00fcz:<\/td>\n<td>4mm\u00b2 &#8211; 12AWG, 2&#215;1.5mm\u00b2 &#8211; 2x16AWG<\/td>\n<\/tr>\n<tr>\n<td class=\"full\" colspan=\"2\"><strong>Ortam Ko\u015fullar\u0131<\/strong><\/td>\n<td>\u00c7al\u0131\u015fma S\u0131cakl\u0131\u011f\u0131<\/td>\n<td>-20\u00b0C +70\u00b0C<\/td>\n<\/tr>\n<tr>\n<td colspan=\"2\"><\/td>\n<td>Depolama S\u0131cakl\u0131\u011f\u0131<\/td>\n<td>-30\u00b0C +80\u00b0C<\/td>\n<\/tr>\n<tr>\n<td colspan=\"2\"><\/td>\n<td>Ba\u011f\u0131l Nem (Yo\u011fu\u015fmas\u0131z)<\/td>\n<td>Max. 95%<\/td>\n<\/tr>\n<tr>\n<td class=\"full\" colspan=\"2\"><strong>EMC-EMI<\/strong><\/td>\n<td>IEC 61010-1&#8217;e g\u00f6re 300 VAC CAT II<\/td>\n<td>\u2714<\/td>\n<\/tr>\n<tr>\n<td colspan=\"2\"><\/td>\n<td>EN 55011\/A1:2010, EN 61000-4-2, EN 61000-4-3, EN 61000-4-4, EN 61000-4-5, EN 61000-4-6, EN 61000-4-8, EN61000-4-11<\/td>\n<td>\u2714<\/td>\n<\/tr>\n<tr>\n<td class=\"full\" colspan=\"2\"><strong>\u015eemalar<\/strong><\/td>\n<td>\u015eebeke Ba\u011flant\u0131s\u0131<\/td>\n<td><\/td>\n<\/tr>\n<tr>\n<td colspan=\"2\"><\/td>\n<td>Dijital I\/O ve Alarm \u00c7\u0131k\u0131\u015f Ba\u011flant\u0131lar\u0131<\/td>\n<td><\/td>\n<\/tr>\n<tr>\n<td colspan=\"2\"><\/td>\n<td>3CT ile 3 Tel<\/td>\n<td><\/td>\n<\/tr>\n<tr>\n<td colspan=\"2\"><\/td>\n<td>3CT ile 4 Tel<\/td>\n<td><\/td>\n<\/tr>\n<tr>\n<td colspan=\"2\"><\/td>\n<td>2CT ile 3 TelNOTE: CT&#8217;ler harhangi bir faza ba\u011flanabilir. \u015eekilde Faz-1 ve Faz-3&#8217;e ba\u011flanm\u0131\u015flard\u0131r.<\/td>\n<td><\/td>\n<\/tr>\n<tr>\n<td colspan=\"2\"><\/td>\n<td>1CT ile tek faz NORE: CT ve VT herhangi bir faza ba\u011flanabilir. \u015eekilde Faz-1&#8217;e ba\u011flanm\u0131\u015flard\u0131r.<\/td>\n<td><\/td>\n<\/tr>\n<tr>\n<td colspan=\"2\"><\/td>\n<td>Dijital \u00c7\u0131k\u0131\u015f Ba\u011flant\u0131s\u0131<\/td>\n<td><\/td>\n<\/tr>\n<tr>\n<td colspan=\"2\"><\/td>\n<td>Dijital Giri\u015f Ba\u011flant\u0131s\u0131<\/td>\n<td><\/td>\n<\/tr>\n<tr>\n<td colspan=\"2\"><\/td>\n<td>Alarm \u00c7\u0131k\u0131\u015f Ba\u011flant\u0131s\u0131<\/td>\n<td><\/td>\n<\/tr>\n<tr>\n<td colspan=\"2\"><\/td>\n<td>Analog \u00c7\u0131k\u0131\u015f Ba\u011flant\u0131s\u0131<\/td>\n<td><\/td>\n<\/tr>\n<tr>\n<td class=\"full\" colspan=\"2\"><strong>Genel<\/strong><\/td>\n<td><\/td>\n<td><\/td>\n<\/tr>\n<\/tbody>\n<\/table>\n<h2>Pano tipi elektronik multimetre \u00f6zellikleri<\/h2>\n<ul>\n<li>Fazlar\u0131n var bilgisi<\/li>\n<li>Fazlar\u0131n yok bilgisi<\/li>\n<li>Ak\u0131m,gerilim, cos\u00d8, aktif, reaktif ve g\u00f6r\u00fcn\u00fcr g\u00fc\u00e7lerin ula\u015ft\u0131\u011f\u0131 maks. ve min. de\u011ferler<\/li>\n<li>Ak\u0131m, aktif g\u00fc\u00e7, reaktif g\u00fc\u00e7 ve g\u00f6r\u00fcn\u00fcr g\u00fc\u00e7 demand de\u011ferleri<\/li>\n<li>4 haneli kullan\u0131c\u0131 \u015fifresi ile koruma<\/li>\n<li>2 adet alarm r\u00f6lesi \u00e7\u0131k\u0131\u015f\u0131 (OPS\u0130YONEL)<\/li>\n<\/ul>\n","protected":false},"excerpt":{"rendered":"<p>3\u00d8 Multimeter<\/p>\n<h1>Elektronik Multimetre<\/h1>\n<p>Elektronik Multimetre Klemsan Ecras, 3 fazl\u0131 sistemlerde; faz ak\u0131mlar\u0131n\u0131, n\u00f6tr ak\u0131m\u0131n\u0131, gerilimleri (faz-n\u00f6tr, faz-faz), cos\u00d8, frekans, aktif, reaktif ve g\u00f6r\u00fcn\u00fcr g\u00fc\u00e7leri \u00f6l\u00e7mek i\u00e7in tasarlanm\u0131\u015ft\u0131r.<\/p>\n","protected":false},"featured_media":3927,"comment_status":"open","ping_status":"closed","template":"","meta":[],"product_brand":[],"product_cat":[363],"product_tag":[197,198],"class_list":{"0":"post-4359","1":"product","2":"type-product","3":"status-publish","4":"has-post-thumbnail","6":"product_cat-otomasyon-urunleri","7":"product_tag-197","8":"product_tag-ecras-100","10":"first","11":"instock","12":"shipping-taxable","13":"product-type-simple"},"yoast_head":"<!-- This site is optimized with the Yoast SEO plugin v24.3 - https:\/\/yoast.com\/wordpress\/plugins\/seo\/ -->\n<title>606210 ECRAS 100 - CSO TRADING<\/title>\n<meta name=\"robots\" content=\"index, follow, max-snippet:-1, max-image-preview:large, max-video-preview:-1\" \/>\n<link rel=\"canonical\" href=\"https:\/\/csotrading.com\/product\/606210-ecras-100\/\" \/>\n<meta property=\"og:locale\" content=\"tr_TR\" \/>\n<meta property=\"og:type\" content=\"article\" \/>\n<meta property=\"og:title\" content=\"606210 ECRAS 100 - CSO TRADING\" \/>\n<meta property=\"og:description\" content=\"3\u00d8 Multimeter Elektronik Multimetre Elektronik Multimetre Klemsan Ecras, 3 fazl\u0131 sistemlerde; faz ak\u0131mlar\u0131n\u0131, n\u00f6tr ak\u0131m\u0131n\u0131, gerilimleri (faz-n\u00f6tr, faz-faz), cos\u00d8, frekans, aktif, reaktif ve g\u00f6r\u00fcn\u00fcr g\u00fc\u00e7leri \u00f6l\u00e7mek i\u00e7in tasarlanm\u0131\u015ft\u0131r.\" \/>\n<meta property=\"og:url\" content=\"https:\/\/csotrading.com\/product\/606210-ecras-100\/\" \/>\n<meta property=\"og:site_name\" content=\"CSO TRADING\" \/>\n<meta property=\"article:modified_time\" content=\"2020-07-04T19:36:04+00:00\" \/>\n<meta property=\"og:image\" content=\"https:\/\/csotrading.com\/wp-content\/uploads\/2020\/06\/606210-ECRAS-100.jpg\" \/>\n\t<meta property=\"og:image:width\" content=\"1024\" \/>\n\t<meta property=\"og:image:height\" content=\"768\" \/>\n\t<meta property=\"og:image:type\" content=\"image\/jpeg\" \/>\n<meta name=\"twitter:card\" content=\"summary_large_image\" \/>\n<meta name=\"twitter:label1\" content=\"Tahmini okuma s\u00fcresi\" \/>\n\t<meta name=\"twitter:data1\" content=\"3 dakika\" \/>\n<script type=\"application\/ld+json\" class=\"yoast-schema-graph\">{\"@context\":\"https:\/\/schema.org\",\"@graph\":[{\"@type\":\"WebPage\",\"@id\":\"https:\/\/csotrading.com\/product\/606210-ecras-100\/\",\"url\":\"https:\/\/csotrading.com\/product\/606210-ecras-100\/\",\"name\":\"606210 ECRAS 100 - CSO TRADING\",\"isPartOf\":{\"@id\":\"https:\/\/csotrading.com\/#website\"},\"primaryImageOfPage\":{\"@id\":\"https:\/\/csotrading.com\/product\/606210-ecras-100\/#primaryimage\"},\"image\":{\"@id\":\"https:\/\/csotrading.com\/product\/606210-ecras-100\/#primaryimage\"},\"thumbnailUrl\":\"https:\/\/csotrading.com\/wp-content\/uploads\/2020\/06\/606210-ECRAS-100.jpg\",\"datePublished\":\"2020-06-16T20:15:51+00:00\",\"dateModified\":\"2020-07-04T19:36:04+00:00\",\"breadcrumb\":{\"@id\":\"https:\/\/csotrading.com\/product\/606210-ecras-100\/#breadcrumb\"},\"inLanguage\":\"tr\",\"potentialAction\":[{\"@type\":\"ReadAction\",\"target\":[\"https:\/\/csotrading.com\/product\/606210-ecras-100\/\"]}]},{\"@type\":\"ImageObject\",\"inLanguage\":\"tr\",\"@id\":\"https:\/\/csotrading.com\/product\/606210-ecras-100\/#primaryimage\",\"url\":\"https:\/\/csotrading.com\/wp-content\/uploads\/2020\/06\/606210-ECRAS-100.jpg\",\"contentUrl\":\"https:\/\/csotrading.com\/wp-content\/uploads\/2020\/06\/606210-ECRAS-100.jpg\",\"width\":1024,\"height\":768},{\"@type\":\"BreadcrumbList\",\"@id\":\"https:\/\/csotrading.com\/product\/606210-ecras-100\/#breadcrumb\",\"itemListElement\":[{\"@type\":\"ListItem\",\"position\":1,\"name\":\"Home\",\"item\":\"https:\/\/csotrading.com\/tr\/\"},{\"@type\":\"ListItem\",\"position\":2,\"name\":\"Ma\u011faza\",\"item\":\"https:\/\/csotrading.com\/magaza\/\"},{\"@type\":\"ListItem\",\"position\":3,\"name\":\"606210 ECRAS 100\"}]},{\"@type\":\"WebSite\",\"@id\":\"https:\/\/csotrading.com\/#website\",\"url\":\"https:\/\/csotrading.com\/\",\"name\":\"CSO TRADING\",\"description\":\"\",\"potentialAction\":[{\"@type\":\"SearchAction\",\"target\":{\"@type\":\"EntryPoint\",\"urlTemplate\":\"https:\/\/csotrading.com\/?s={search_term_string}\"},\"query-input\":{\"@type\":\"PropertyValueSpecification\",\"valueRequired\":true,\"valueName\":\"search_term_string\"}}],\"inLanguage\":\"tr\"}]}<\/script>\n<!-- \/ Yoast SEO plugin. -->","yoast_head_json":{"title":"606210 ECRAS 100 - CSO TRADING","robots":{"index":"index","follow":"follow","max-snippet":"max-snippet:-1","max-image-preview":"max-image-preview:large","max-video-preview":"max-video-preview:-1"},"canonical":"https:\/\/csotrading.com\/product\/606210-ecras-100\/","og_locale":"tr_TR","og_type":"article","og_title":"606210 ECRAS 100 - CSO TRADING","og_description":"3\u00d8 Multimeter Elektronik Multimetre Elektronik Multimetre Klemsan Ecras, 3 fazl\u0131 sistemlerde; faz ak\u0131mlar\u0131n\u0131, n\u00f6tr ak\u0131m\u0131n\u0131, gerilimleri (faz-n\u00f6tr, faz-faz), cos\u00d8, frekans, aktif, reaktif ve g\u00f6r\u00fcn\u00fcr g\u00fc\u00e7leri \u00f6l\u00e7mek i\u00e7in tasarlanm\u0131\u015ft\u0131r.","og_url":"https:\/\/csotrading.com\/product\/606210-ecras-100\/","og_site_name":"CSO TRADING","article_modified_time":"2020-07-04T19:36:04+00:00","og_image":[{"width":1024,"height":768,"url":"https:\/\/csotrading.com\/wp-content\/uploads\/2020\/06\/606210-ECRAS-100.jpg","type":"image\/jpeg"}],"twitter_card":"summary_large_image","twitter_misc":{"Tahmini okuma s\u00fcresi":"3 dakika"},"schema":{"@context":"https:\/\/schema.org","@graph":[{"@type":"WebPage","@id":"https:\/\/csotrading.com\/product\/606210-ecras-100\/","url":"https:\/\/csotrading.com\/product\/606210-ecras-100\/","name":"606210 ECRAS 100 - CSO TRADING","isPartOf":{"@id":"https:\/\/csotrading.com\/#website"},"primaryImageOfPage":{"@id":"https:\/\/csotrading.com\/product\/606210-ecras-100\/#primaryimage"},"image":{"@id":"https:\/\/csotrading.com\/product\/606210-ecras-100\/#primaryimage"},"thumbnailUrl":"https:\/\/csotrading.com\/wp-content\/uploads\/2020\/06\/606210-ECRAS-100.jpg","datePublished":"2020-06-16T20:15:51+00:00","dateModified":"2020-07-04T19:36:04+00:00","breadcrumb":{"@id":"https:\/\/csotrading.com\/product\/606210-ecras-100\/#breadcrumb"},"inLanguage":"tr","potentialAction":[{"@type":"ReadAction","target":["https:\/\/csotrading.com\/product\/606210-ecras-100\/"]}]},{"@type":"ImageObject","inLanguage":"tr","@id":"https:\/\/csotrading.com\/product\/606210-ecras-100\/#primaryimage","url":"https:\/\/csotrading.com\/wp-content\/uploads\/2020\/06\/606210-ECRAS-100.jpg","contentUrl":"https:\/\/csotrading.com\/wp-content\/uploads\/2020\/06\/606210-ECRAS-100.jpg","width":1024,"height":768},{"@type":"BreadcrumbList","@id":"https:\/\/csotrading.com\/product\/606210-ecras-100\/#breadcrumb","itemListElement":[{"@type":"ListItem","position":1,"name":"Home","item":"https:\/\/csotrading.com\/tr\/"},{"@type":"ListItem","position":2,"name":"Ma\u011faza","item":"https:\/\/csotrading.com\/magaza\/"},{"@type":"ListItem","position":3,"name":"606210 ECRAS 100"}]},{"@type":"WebSite","@id":"https:\/\/csotrading.com\/#website","url":"https:\/\/csotrading.com\/","name":"CSO TRADING","description":"","potentialAction":[{"@type":"SearchAction","target":{"@type":"EntryPoint","urlTemplate":"https:\/\/csotrading.com\/?s={search_term_string}"},"query-input":{"@type":"PropertyValueSpecification","valueRequired":true,"valueName":"search_term_string"}}],"inLanguage":"tr"}]}},"_links":{"self":[{"href":"https:\/\/csotrading.com\/tr\/wp-json\/wp\/v2\/product\/4359"}],"collection":[{"href":"https:\/\/csotrading.com\/tr\/wp-json\/wp\/v2\/product"}],"about":[{"href":"https:\/\/csotrading.com\/tr\/wp-json\/wp\/v2\/types\/product"}],"replies":[{"embeddable":true,"href":"https:\/\/csotrading.com\/tr\/wp-json\/wp\/v2\/comments?post=4359"}],"wp:featuredmedia":[{"embeddable":true,"href":"https:\/\/csotrading.com\/tr\/wp-json\/wp\/v2\/media\/3927"}],"wp:attachment":[{"href":"https:\/\/csotrading.com\/tr\/wp-json\/wp\/v2\/media?parent=4359"}],"wp:term":[{"taxonomy":"product_brand","embeddable":true,"href":"https:\/\/csotrading.com\/tr\/wp-json\/wp\/v2\/product_brand?post=4359"},{"taxonomy":"product_cat","embeddable":true,"href":"https:\/\/csotrading.com\/tr\/wp-json\/wp\/v2\/product_cat?post=4359"},{"taxonomy":"product_tag","embeddable":true,"href":"https:\/\/csotrading.com\/tr\/wp-json\/wp\/v2\/product_tag?post=4359"}],"curies":[{"name":"wp","href":"https:\/\/api.w.org\/{rel}","templated":true}]}}