{"id":4355,"date":"2020-06-16T22:17:58","date_gmt":"2020-06-16T19:17:58","guid":{"rendered":"http:\/\/csotrading.com\/product\/270180-g1-svp\/"},"modified":"2020-07-03T23:35:40","modified_gmt":"2020-07-03T20:35:40","slug":"270180-g1-svp","status":"publish","type":"product","link":"https:\/\/csotrading.com\/tr\/product\/270180-g1-svp\/","title":{"rendered":"270180 G1-SVP"},"content":{"rendered":"<table class=\"table table-condensed\">\n<tbody>\n<tr>\n<td class=\"full\" colspan=\"2\"><strong>Genel<\/strong><\/td>\n<td>Kasa Geni\u015fli\u011fi (mm)<\/td>\n<td>17,5<\/td>\n<\/tr>\n<tr>\n<td colspan=\"2\"><\/td>\n<td>Ba\u011flant\u0131 \u015eekli<\/td>\n<td>Screw Terminal<\/td>\n<\/tr>\n<tr>\n<td colspan=\"2\"><\/td>\n<td>\u015eebeke<\/td>\n<td>3\u00d8 with Neutral<\/td>\n<\/tr>\n<tr>\n<td><strong class=\"parent\">\u0130zleme Fonksiyonlar\u0131<\/strong><\/td>\n<td class=\"\" colspan=\"1\"><strong>Faz Ar\u0131zas\u0131<\/strong><\/td>\n<td>Sabit Gecikme S\u00fcresi<\/td>\n<td>500ms<\/td>\n<\/tr>\n<tr>\n<td><\/td>\n<td class=\"\" colspan=\"1\"><strong>Faz S\u0131ras\u0131<\/strong><\/td>\n<td>Sabit Gecikme S\u00fcresi<\/td>\n<td>500ms<\/td>\n<\/tr>\n<tr>\n<td><\/td>\n<td class=\"\" colspan=\"1\"><strong>Ayarlanabilir\/Sabit Dengesizlik Korumas\u0131<\/strong><\/td>\n<td>Aral\u0131k\/Limit<\/td>\n<td>\u00b120%<\/td>\n<\/tr>\n<tr>\n<td><\/td>\n<td colspan=\"1\"><\/td>\n<td>Histerezis<\/td>\n<td>3% x Un \u2248 6.9VAC<\/td>\n<\/tr>\n<tr>\n<td><\/td>\n<td colspan=\"1\"><\/td>\n<td>Gecikme S\u00fcresi<\/td>\n<td>&#8212;<\/td>\n<\/tr>\n<tr>\n<td><\/td>\n<td class=\"\" colspan=\"1\"><strong>Ayarlanabilir Gerilim Korumas\u0131<\/strong><\/td>\n<td>\u00dcst Limit<\/td>\n<td>&#8212;<\/td>\n<\/tr>\n<tr>\n<td><\/td>\n<td colspan=\"1\"><\/td>\n<td>Alt Limit<\/td>\n<td>&#8212;<\/td>\n<\/tr>\n<tr>\n<td><\/td>\n<td colspan=\"1\"><\/td>\n<td>Histerezis<\/td>\n<td>6VAC<\/td>\n<\/tr>\n<tr>\n<td><\/td>\n<td colspan=\"1\"><\/td>\n<td>Gecikme S\u00fcresi<\/td>\n<td>toff: 0.1=&gt;10sec<\/td>\n<\/tr>\n<tr>\n<td><\/td>\n<td class=\"\" colspan=\"1\"><strong>Ayarlanabilir Ak\u0131m Korumas\u0131<\/strong><\/td>\n<td>\u00dcst Limit<\/td>\n<td>&#8212;<\/td>\n<\/tr>\n<tr>\n<td><\/td>\n<td colspan=\"1\"><\/td>\n<td>Alt Limit<\/td>\n<td>&#8212;<\/td>\n<\/tr>\n<tr>\n<td><\/td>\n<td colspan=\"1\"><\/td>\n<td>Histerezis<\/td>\n<td>&#8212;<\/td>\n<\/tr>\n<tr>\n<td><\/td>\n<td colspan=\"1\"><\/td>\n<td>Gecikme S\u00fcresi<\/td>\n<td>&#8212;<\/td>\n<\/tr>\n<tr>\n<td><\/td>\n<td class=\"\" colspan=\"1\"><strong>Ayarlanabilir Frekans Korumas\u0131<\/strong><\/td>\n<td>\u00dcst Limit<\/td>\n<td>&#8212;<\/td>\n<\/tr>\n<tr>\n<td><\/td>\n<td colspan=\"1\"><\/td>\n<td>Alt Limit<\/td>\n<td>&#8212;<\/td>\n<\/tr>\n<tr>\n<td><\/td>\n<td colspan=\"1\"><\/td>\n<td>Histerezis<\/td>\n<td>&#8212;<\/td>\n<\/tr>\n<tr>\n<td><\/td>\n<td colspan=\"1\"><\/td>\n<td>Gecikme S\u00fcresi<\/td>\n<td>&#8212;<\/td>\n<\/tr>\n<tr>\n<td><\/td>\n<td class=\"\" colspan=\"1\"><strong>Ayarlanabilir\/A\u015f\u0131r\u0131 Y\u00fcksek &#8211; D\u00fc\u015f\u00fck Gerilim Korumas\u0131<\/strong><\/td>\n<td>\u00dcst Limit<\/td>\n<td>&#8212;<\/td>\n<\/tr>\n<tr>\n<td><\/td>\n<td colspan=\"1\"><\/td>\n<td>Alt Limit<\/td>\n<td>&#8212;<\/td>\n<\/tr>\n<tr>\n<td><\/td>\n<td colspan=\"1\"><\/td>\n<td>Histerezis<\/td>\n<td>&#8212;<\/td>\n<\/tr>\n<tr>\n<td><\/td>\n<td colspan=\"1\"><\/td>\n<td>Gecikme S\u00fcresi<\/td>\n<td>&#8212;<\/td>\n<\/tr>\n<tr>\n<td><\/td>\n<td class=\"\" colspan=\"1\"><strong>PTC Korumas\u0131<\/strong><\/td>\n<td>Sabit Gecikme S\u00fcresi<\/td>\n<td>2000ms<\/td>\n<\/tr>\n<tr>\n<td><\/td>\n<td colspan=\"1\"><\/td>\n<td>E\u015fik<\/td>\n<td>1100\u2126<\/td>\n<\/tr>\n<tr>\n<td class=\"full\" colspan=\"2\"><strong>Genel<\/strong><\/td>\n<td>Herhangi bir fonksiyon izleme i\u00e7in tepki s\u00fcresi<\/td>\n<td>Maks. 250ms<\/td>\n<\/tr>\n<tr>\n<td colspan=\"2\"><\/td>\n<td>\u00c7\u0131k\u0131\u015f Tipi<\/td>\n<td>Relay<\/td>\n<\/tr>\n<tr>\n<td class=\"full\" colspan=\"2\"><strong>Yedek Ba\u011flant\u0131lar<\/strong><\/td>\n<td>Tip<\/td>\n<td>1 C\/O (SPDT)<\/td>\n<\/tr>\n<tr>\n<td colspan=\"2\"><\/td>\n<td>Maks. De\u011ferler &#8211; AC (NO taraf)<\/td>\n<td>10A\/250VDC;150W<\/td>\n<\/tr>\n<tr>\n<td colspan=\"2\"><\/td>\n<td>Maks. De\u011ferler &#8211; DC (NO taraf)<\/td>\n<td>5A\/30VDC;150W<\/td>\n<\/tr>\n<tr>\n<td colspan=\"2\"><\/td>\n<td>Mekanik \u00c7al\u0131\u015fma \u00d6mr\u00fc<\/td>\n<td>\u226510<sup>7<\/sup>\u00a0operation<\/td>\n<\/tr>\n<tr>\n<td colspan=\"2\"><\/td>\n<td>Elekriksel \u00c7al\u0131\u015fma \u00d6mr\u00fc (NO taraf)<\/td>\n<td>5&#215;10<sup>4<\/sup>(5A@250VAC) 1&#215;10<sup>5<\/sup>\u00a0(5A@30VDC)<\/td>\n<\/tr>\n<tr>\n<td class=\"full\" colspan=\"2\"><strong>Besleme Gerilimi<\/strong><\/td>\n<td>DC<\/td>\n<td>&#8212;<\/td>\n<\/tr>\n<tr>\n<td colspan=\"2\"><\/td>\n<td>AC<\/td>\n<td>230VAC \u00b125% from L3-N<\/td>\n<\/tr>\n<tr>\n<td class=\"full\" colspan=\"2\"><strong>Genel<\/strong><\/td>\n<td>Besleme Frekans\u0131<\/td>\n<td>50-60Hz<\/td>\n<\/tr>\n<tr>\n<td colspan=\"2\"><\/td>\n<td>Kontrol Giri\u015fi Gerilim Aral\u0131\u011f\u0131<\/td>\n<td>&#8212;<\/td>\n<\/tr>\n<tr>\n<td class=\"full\" colspan=\"2\"><strong>Ortam Ko\u015fullar\u0131<\/strong><\/td>\n<td>\u00c7al\u0131\u015fma S\u0131cakl\u0131\u011f\u0131<\/td>\n<td>-20\u00b0C +60\u00b0C<\/td>\n<\/tr>\n<tr>\n<td colspan=\"2\"><\/td>\n<td>Depolama S\u0131cakl\u0131\u011f\u0131<\/td>\n<td>-40\u00b0C +75\u00b0C<\/td>\n<\/tr>\n<tr>\n<td colspan=\"2\"><\/td>\n<td>Ba\u011f\u0131l Nem (Yo\u011fu\u015fmas\u0131z)<\/td>\n<td>Maks. 95% (no condensation)<\/td>\n<\/tr>\n<tr>\n<td class=\"full\" colspan=\"2\"><strong>Genel<\/strong><\/td>\n<td>\u00c7al\u0131\u015fma Frekans\u0131<\/td>\n<td>50-60Hz<\/td>\n<\/tr>\n<tr>\n<td colspan=\"2\"><\/td>\n<td>Koruma S\u0131n\u0131f\u0131<\/td>\n<td>IP20<\/td>\n<\/tr>\n<tr>\n<td class=\"full\" colspan=\"2\"><strong>G\u00fc\u00e7 T\u00fcketimi<\/strong><\/td>\n<td>DC<\/td>\n<td>&#8212;<\/td>\n<\/tr>\n<tr>\n<td colspan=\"2\"><\/td>\n<td>AC<\/td>\n<td>&lt;3VA<\/td>\n<\/tr>\n<tr>\n<td class=\"full\" colspan=\"2\"><strong>Genel<\/strong><\/td>\n<td>Montaj \u015eekli<\/td>\n<td>Rail<\/td>\n<\/tr>\n<tr>\n<td colspan=\"2\"><\/td>\n<td>EMC-EMI<\/td>\n<td>\u2714<\/td>\n<\/tr>\n<tr>\n<td colspan=\"2\"><\/td>\n<td>Ambalaj Adedi<\/td>\n<td>1<\/td>\n<\/tr>\n<tr>\n<td colspan=\"2\"><\/td>\n<td>A\u011f\u0131rl\u0131k (g)<\/td>\n<td>70<\/td>\n<\/tr>\n<tr>\n<td colspan=\"2\"><\/td>\n<td>Ambalaj Adedi<\/td>\n<td>1<\/td>\n<\/tr>\n<\/tbody>\n<\/table>\n<p>Klemsan koruma r\u00f6leleri, sistemde yer alan cihazlar\u0131 gerilim dengesizliklerine kar\u015f\u0131 korur ve motorlar\u0131n sarg\u0131 s\u0131cakl\u0131\u011f\u0131ndan olu\u015fabilecek hatalar\u0131 \u00f6nler.<\/p>\n","protected":false},"excerpt":{"rendered":"<p>Gerilim \u0130zleme R\u00f6lesi<\/p>\n","protected":false},"featured_media":3917,"comment_status":"open","ping_status":"closed","template":"","meta":[],"product_brand":[],"product_cat":[363],"product_tag":[191,192],"class_list":{"0":"post-4355","1":"product","2":"type-product","3":"status-publish","4":"has-post-thumbnail","6":"product_cat-otomasyon-urunleri","7":"product_tag-191","8":"product_tag-g1-svp","10":"first","11":"instock","12":"shipping-taxable","13":"product-type-simple"},"yoast_head":"<!-- This site is optimized with the Yoast SEO plugin v24.3 - https:\/\/yoast.com\/wordpress\/plugins\/seo\/ -->\n<title>270180 G1-SVP - CSO TRADING<\/title>\n<meta name=\"robots\" content=\"index, follow, max-snippet:-1, max-image-preview:large, max-video-preview:-1\" \/>\n<link rel=\"canonical\" href=\"https:\/\/csotrading.com\/product\/270180-g1-svp\/\" \/>\n<meta property=\"og:locale\" content=\"tr_TR\" \/>\n<meta property=\"og:type\" content=\"article\" \/>\n<meta property=\"og:title\" content=\"270180 G1-SVP - CSO TRADING\" \/>\n<meta property=\"og:description\" content=\"Gerilim \u0130zleme R\u00f6lesi\" \/>\n<meta property=\"og:url\" content=\"https:\/\/csotrading.com\/product\/270180-g1-svp\/\" \/>\n<meta property=\"og:site_name\" content=\"CSO TRADING\" \/>\n<meta property=\"article:modified_time\" content=\"2020-07-03T20:35:40+00:00\" \/>\n<meta property=\"og:image\" content=\"https:\/\/csotrading.com\/wp-content\/uploads\/2020\/06\/270180-G1-SVP.png\" \/>\n\t<meta property=\"og:image:width\" content=\"1024\" \/>\n\t<meta property=\"og:image:height\" content=\"768\" \/>\n\t<meta property=\"og:image:type\" content=\"image\/png\" \/>\n<meta name=\"twitter:card\" content=\"summary_large_image\" \/>\n<meta name=\"twitter:label1\" content=\"Tahmini okuma s\u00fcresi\" \/>\n\t<meta name=\"twitter:data1\" content=\"1 dakika\" \/>\n<script type=\"application\/ld+json\" class=\"yoast-schema-graph\">{\"@context\":\"https:\/\/schema.org\",\"@graph\":[{\"@type\":\"WebPage\",\"@id\":\"https:\/\/csotrading.com\/product\/270180-g1-svp\/\",\"url\":\"https:\/\/csotrading.com\/product\/270180-g1-svp\/\",\"name\":\"270180 G1-SVP - CSO TRADING\",\"isPartOf\":{\"@id\":\"https:\/\/csotrading.com\/#website\"},\"primaryImageOfPage\":{\"@id\":\"https:\/\/csotrading.com\/product\/270180-g1-svp\/#primaryimage\"},\"image\":{\"@id\":\"https:\/\/csotrading.com\/product\/270180-g1-svp\/#primaryimage\"},\"thumbnailUrl\":\"https:\/\/csotrading.com\/wp-content\/uploads\/2020\/06\/270180-G1-SVP.png\",\"datePublished\":\"2020-06-16T19:17:58+00:00\",\"dateModified\":\"2020-07-03T20:35:40+00:00\",\"breadcrumb\":{\"@id\":\"https:\/\/csotrading.com\/product\/270180-g1-svp\/#breadcrumb\"},\"inLanguage\":\"tr\",\"potentialAction\":[{\"@type\":\"ReadAction\",\"target\":[\"https:\/\/csotrading.com\/product\/270180-g1-svp\/\"]}]},{\"@type\":\"ImageObject\",\"inLanguage\":\"tr\",\"@id\":\"https:\/\/csotrading.com\/product\/270180-g1-svp\/#primaryimage\",\"url\":\"https:\/\/csotrading.com\/wp-content\/uploads\/2020\/06\/270180-G1-SVP.png\",\"contentUrl\":\"https:\/\/csotrading.com\/wp-content\/uploads\/2020\/06\/270180-G1-SVP.png\",\"width\":1024,\"height\":768},{\"@type\":\"BreadcrumbList\",\"@id\":\"https:\/\/csotrading.com\/product\/270180-g1-svp\/#breadcrumb\",\"itemListElement\":[{\"@type\":\"ListItem\",\"position\":1,\"name\":\"Home\",\"item\":\"https:\/\/csotrading.com\/tr\/\"},{\"@type\":\"ListItem\",\"position\":2,\"name\":\"Ma\u011faza\",\"item\":\"https:\/\/csotrading.com\/magaza\/\"},{\"@type\":\"ListItem\",\"position\":3,\"name\":\"270180 G1-SVP\"}]},{\"@type\":\"WebSite\",\"@id\":\"https:\/\/csotrading.com\/#website\",\"url\":\"https:\/\/csotrading.com\/\",\"name\":\"CSO TRADING\",\"description\":\"\",\"potentialAction\":[{\"@type\":\"SearchAction\",\"target\":{\"@type\":\"EntryPoint\",\"urlTemplate\":\"https:\/\/csotrading.com\/?s={search_term_string}\"},\"query-input\":{\"@type\":\"PropertyValueSpecification\",\"valueRequired\":true,\"valueName\":\"search_term_string\"}}],\"inLanguage\":\"tr\"}]}<\/script>\n<!-- \/ Yoast SEO plugin. -->","yoast_head_json":{"title":"270180 G1-SVP - CSO TRADING","robots":{"index":"index","follow":"follow","max-snippet":"max-snippet:-1","max-image-preview":"max-image-preview:large","max-video-preview":"max-video-preview:-1"},"canonical":"https:\/\/csotrading.com\/product\/270180-g1-svp\/","og_locale":"tr_TR","og_type":"article","og_title":"270180 G1-SVP - CSO TRADING","og_description":"Gerilim \u0130zleme R\u00f6lesi","og_url":"https:\/\/csotrading.com\/product\/270180-g1-svp\/","og_site_name":"CSO TRADING","article_modified_time":"2020-07-03T20:35:40+00:00","og_image":[{"width":1024,"height":768,"url":"https:\/\/csotrading.com\/wp-content\/uploads\/2020\/06\/270180-G1-SVP.png","type":"image\/png"}],"twitter_card":"summary_large_image","twitter_misc":{"Tahmini okuma s\u00fcresi":"1 dakika"},"schema":{"@context":"https:\/\/schema.org","@graph":[{"@type":"WebPage","@id":"https:\/\/csotrading.com\/product\/270180-g1-svp\/","url":"https:\/\/csotrading.com\/product\/270180-g1-svp\/","name":"270180 G1-SVP - CSO TRADING","isPartOf":{"@id":"https:\/\/csotrading.com\/#website"},"primaryImageOfPage":{"@id":"https:\/\/csotrading.com\/product\/270180-g1-svp\/#primaryimage"},"image":{"@id":"https:\/\/csotrading.com\/product\/270180-g1-svp\/#primaryimage"},"thumbnailUrl":"https:\/\/csotrading.com\/wp-content\/uploads\/2020\/06\/270180-G1-SVP.png","datePublished":"2020-06-16T19:17:58+00:00","dateModified":"2020-07-03T20:35:40+00:00","breadcrumb":{"@id":"https:\/\/csotrading.com\/product\/270180-g1-svp\/#breadcrumb"},"inLanguage":"tr","potentialAction":[{"@type":"ReadAction","target":["https:\/\/csotrading.com\/product\/270180-g1-svp\/"]}]},{"@type":"ImageObject","inLanguage":"tr","@id":"https:\/\/csotrading.com\/product\/270180-g1-svp\/#primaryimage","url":"https:\/\/csotrading.com\/wp-content\/uploads\/2020\/06\/270180-G1-SVP.png","contentUrl":"https:\/\/csotrading.com\/wp-content\/uploads\/2020\/06\/270180-G1-SVP.png","width":1024,"height":768},{"@type":"BreadcrumbList","@id":"https:\/\/csotrading.com\/product\/270180-g1-svp\/#breadcrumb","itemListElement":[{"@type":"ListItem","position":1,"name":"Home","item":"https:\/\/csotrading.com\/tr\/"},{"@type":"ListItem","position":2,"name":"Ma\u011faza","item":"https:\/\/csotrading.com\/magaza\/"},{"@type":"ListItem","position":3,"name":"270180 G1-SVP"}]},{"@type":"WebSite","@id":"https:\/\/csotrading.com\/#website","url":"https:\/\/csotrading.com\/","name":"CSO TRADING","description":"","potentialAction":[{"@type":"SearchAction","target":{"@type":"EntryPoint","urlTemplate":"https:\/\/csotrading.com\/?s={search_term_string}"},"query-input":{"@type":"PropertyValueSpecification","valueRequired":true,"valueName":"search_term_string"}}],"inLanguage":"tr"}]}},"_links":{"self":[{"href":"https:\/\/csotrading.com\/tr\/wp-json\/wp\/v2\/product\/4355"}],"collection":[{"href":"https:\/\/csotrading.com\/tr\/wp-json\/wp\/v2\/product"}],"about":[{"href":"https:\/\/csotrading.com\/tr\/wp-json\/wp\/v2\/types\/product"}],"replies":[{"embeddable":true,"href":"https:\/\/csotrading.com\/tr\/wp-json\/wp\/v2\/comments?post=4355"}],"wp:featuredmedia":[{"embeddable":true,"href":"https:\/\/csotrading.com\/tr\/wp-json\/wp\/v2\/media\/3917"}],"wp:attachment":[{"href":"https:\/\/csotrading.com\/tr\/wp-json\/wp\/v2\/media?parent=4355"}],"wp:term":[{"taxonomy":"product_brand","embeddable":true,"href":"https:\/\/csotrading.com\/tr\/wp-json\/wp\/v2\/product_brand?post=4355"},{"taxonomy":"product_cat","embeddable":true,"href":"https:\/\/csotrading.com\/tr\/wp-json\/wp\/v2\/product_cat?post=4355"},{"taxonomy":"product_tag","embeddable":true,"href":"https:\/\/csotrading.com\/tr\/wp-json\/wp\/v2\/product_tag?post=4355"}],"curies":[{"name":"wp","href":"https:\/\/api.w.org\/{rel}","templated":true}]}}