{"id":4346,"date":"2020-06-16T21:13:33","date_gmt":"2020-06-16T18:13:33","guid":{"rendered":"http:\/\/csotrading.com\/product\/1c-plc-relay-kpr-swe-230vac-dc-1c-272120\/"},"modified":"2020-07-03T23:15:00","modified_gmt":"2020-07-03T20:15:00","slug":"1c-plc-relay-kpr-swe-230vac-dc-1c-272120","status":"publish","type":"product","link":"https:\/\/csotrading.com\/tr\/product\/1c-plc-relay-kpr-swe-230vac-dc-1c-272120\/","title":{"rendered":"272120 KPR-SWE-230VAC\/DC-1C"},"content":{"rendered":"<table class=\"table table-condensed\">\n<tbody>\n<tr>\n<td class=\"full\" colspan=\"2\"><strong>Giri\u015f<\/strong><\/td>\n<td>Nominal Gerilim (Un)<\/td>\n<td>230VAC\/DC<\/td>\n<\/tr>\n<tr>\n<td colspan=\"2\"><\/td>\n<td>\u00c7al\u0131\u015fma Gerilim Aral\u0131\u011f\u0131<\/td>\n<td>&gt; %80 x UN<\/td>\n<\/tr>\n<tr>\n<td colspan=\"2\"><\/td>\n<td>Ay\u0131rma Gerilimi<\/td>\n<td>&lt; 30 x UN<\/td>\n<\/tr>\n<tr>\n<td colspan=\"2\"><\/td>\n<td>Entegre RCZ Filtresi<\/td>\n<td>&#8212;<\/td>\n<\/tr>\n<tr>\n<td><strong class=\"parent\">Giri\u015f<\/strong><\/td>\n<td class=\"\" colspan=\"1\"><strong>G\u00fc\u00e7 T\u00fcketimi<\/strong><\/td>\n<td>AC<\/td>\n<td>&#8212;<\/td>\n<\/tr>\n<tr>\n<td><\/td>\n<td colspan=\"1\"><\/td>\n<td>DC<\/td>\n<td>&#8212;<\/td>\n<\/tr>\n<tr>\n<td class=\"full\" colspan=\"2\"><strong>Ba\u011flant\u0131 \u00d6zellikleri<\/strong><\/td>\n<td>Tipi<\/td>\n<td>1 C\/O (SPDT)<\/td>\n<\/tr>\n<tr>\n<td colspan=\"2\"><\/td>\n<td>Materyal<\/td>\n<td>AgSnO14<\/td>\n<\/tr>\n<tr>\n<td colspan=\"2\"><\/td>\n<td>Bobin Gerilimi<\/td>\n<td>110VDC<\/td>\n<\/tr>\n<tr>\n<td colspan=\"2\"><\/td>\n<td>Bobin Empedans\u0131<\/td>\n<td>10600x(1\u00b1 15%) \u03a9<\/td>\n<\/tr>\n<tr>\n<td colspan=\"2\"><\/td>\n<td>Bobin T\u00fcketimi<\/td>\n<td>400mW<\/td>\n<\/tr>\n<tr>\n<td colspan=\"2\"><\/td>\n<td>\u00c7al\u0131\u015fma S\u00fcresi<\/td>\n<td>15 ms Maks.<\/td>\n<\/tr>\n<tr>\n<td colspan=\"2\"><\/td>\n<td>Ay\u0131rma S\u00fcresi<\/td>\n<td>8 ms Maks<\/td>\n<\/tr>\n<tr>\n<td colspan=\"2\"><\/td>\n<td>Maks. De\u011ferler &#8211; AC<\/td>\n<td>12A\/ 400VAC ; 2000VA<\/td>\n<\/tr>\n<tr>\n<td colspan=\"2\"><\/td>\n<td>Maks. De\u011ferler &#8211; DC<\/td>\n<td>12A\/ 30VDC ; 240W<\/td>\n<\/tr>\n<tr>\n<td><strong class=\"parent\">Ba\u011flant\u0131 \u00d6zellikleri<\/strong><\/td>\n<td class=\"\" colspan=\"1\"><strong>Mekanik \u00c7al\u0131\u015fma \u00d6mr\u00fc<\/strong><\/td>\n<td>NO<\/td>\n<td>&#8212;<\/td>\n<\/tr>\n<tr>\n<td><\/td>\n<td class=\"\" colspan=\"1\"><strong>Elektriksel \u00c7al\u0131\u015fma \u00d6mr\u00fc (UL onayl\u0131, 85\u00b0C)<\/strong><\/td>\n<td>NO<\/td>\n<td>15 x 10^4 (85\u00b0C)<\/td>\n<\/tr>\n<tr>\n<td><\/td>\n<td colspan=\"1\"><\/td>\n<td>NC<\/td>\n<td>13 x 10^5 (85\u00b0C)<\/td>\n<\/tr>\n<tr>\n<td class=\"full\" colspan=\"2\"><strong>Dielektrik Dayan\u0131m<\/strong><\/td>\n<td>Ba\u011flant\u0131lar &#8211; R\u00f6le Bobini Aras\u0131<\/td>\n<td>5000VAC 1 dk.<\/td>\n<\/tr>\n<tr>\n<td colspan=\"2\"><\/td>\n<td>Ba\u011flant\u0131lar Aras\u0131<\/td>\n<td>1000VAC 1 dk<\/td>\n<\/tr>\n<tr>\n<td class=\"full\" colspan=\"2\"><strong>Ortam Ko\u015fullar\u0131<\/strong><\/td>\n<td>\u00c7al\u0131\u015fma S\u0131cakl\u0131\u011f\u0131<\/td>\n<td>-40\u00b0C .. +85\u00b0C<\/td>\n<\/tr>\n<tr>\n<td colspan=\"2\"><\/td>\n<td>Depolama S\u0131cakl\u0131\u011f\u0131<\/td>\n<td>-40\u00b0C .. +85\u00b0C<\/td>\n<\/tr>\n<tr>\n<td colspan=\"2\"><\/td>\n<td>Ba\u011f\u0131l Nem (Yo\u011fu\u015fmas\u0131z)<\/td>\n<td>5% .. 85%<\/td>\n<\/tr>\n<tr>\n<td class=\"full\" colspan=\"2\"><strong>Sertifikalar<\/strong><\/td>\n<td>UL508, IEC EN 61984-2011, IEC EN 61947-1:2010<\/td>\n<td>&#8212;<\/td>\n<\/tr>\n<tr>\n<td><strong class=\"parent\">Aksesuar ve Bile\u015fenler<\/strong><\/td>\n<td class=\"\" colspan=\"1\"><strong>Soket<\/strong><\/td>\n<td>Tipi<\/td>\n<td>KPR-SWE-230VAC\/DC-1C<\/td>\n<\/tr>\n<tr>\n<td><\/td>\n<td colspan=\"1\"><\/td>\n<td>Tan\u0131m<\/td>\n<td>Interface relay socket(230VAC\/ DC)<\/td>\n<\/tr>\n<tr>\n<td><\/td>\n<td colspan=\"1\"><\/td>\n<td>Sipari\u015f Numaras\u0131<\/td>\n<td>272121<\/td>\n<\/tr>\n<tr>\n<td><\/td>\n<td colspan=\"1\"><\/td>\n<td>Ambalaj Adedi<\/td>\n<td>10<\/td>\n<\/tr>\n<tr>\n<td><\/td>\n<td class=\"\" colspan=\"1\"><strong>R\u00f6le<\/strong><\/td>\n<td>Tipi<\/td>\n<td>1 C\/O 110VDC Relay<\/td>\n<\/tr>\n<tr>\n<td><\/td>\n<td colspan=\"1\"><\/td>\n<td>Tan\u0131m<\/td>\n<td>Relay for 272 120 and 272 621<\/td>\n<\/tr>\n<tr>\n<td><\/td>\n<td colspan=\"1\"><\/td>\n<td>Sipari\u015f Numaras\u0131<\/td>\n<td>095 060<\/td>\n<\/tr>\n<tr>\n<td><\/td>\n<td colspan=\"1\"><\/td>\n<td>Ambalaj Adedi<\/td>\n<td>50<\/td>\n<\/tr>\n<tr>\n<td><\/td>\n<td class=\"\" colspan=\"1\"><strong>16&#8217;l\u0131 K\u00f6pr\u00fc<\/strong><\/td>\n<td>Tipi<\/td>\n<td>&#8212;<\/td>\n<\/tr>\n<tr>\n<td><\/td>\n<td colspan=\"1\"><\/td>\n<td>Tan\u0131m<\/td>\n<td>&#8212;<\/td>\n<\/tr>\n<tr>\n<td><\/td>\n<td colspan=\"1\"><\/td>\n<td>Sipari\u015f Numaras\u0131<\/td>\n<td>&#8212;<\/td>\n<\/tr>\n<tr>\n<td><\/td>\n<td colspan=\"1\"><\/td>\n<td>Ambalaj Adedi<\/td>\n<td>&#8212;<\/td>\n<\/tr>\n<tr>\n<td><\/td>\n<td class=\"\" colspan=\"1\"><strong>8&#8217;li K\u00f6pr\u00fc<\/strong><\/td>\n<td>Tipi<\/td>\n<td>TK-KPR-S (KPRSCE BRIDGE\/8)<\/td>\n<\/tr>\n<tr>\n<td><\/td>\n<td colspan=\"1\"><\/td>\n<td>Tan\u0131m<\/td>\n<td>Plug-in bridge for 8 hole<\/td>\n<\/tr>\n<tr>\n<td><\/td>\n<td colspan=\"1\"><\/td>\n<td>Sipari\u015f Numaras\u0131<\/td>\n<td>476 900<\/td>\n<\/tr>\n<tr>\n<td><\/td>\n<td colspan=\"1\"><\/td>\n<td>Ambalaj Adedi<\/td>\n<td>25<\/td>\n<\/tr>\n<tr>\n<td><\/td>\n<td class=\"\" colspan=\"1\"><strong>Switch &#8211; 2&#8217;l\u0131 K\u00f6pr\u00fc<\/strong><\/td>\n<td>Ambalaj Adedi<\/td>\n<td>25<\/td>\n<\/tr>\n<tr>\n<td><\/td>\n<td colspan=\"1\"><\/td>\n<td>Sipari\u015f Numaras\u0131<\/td>\n<td>476 910<\/td>\n<\/tr>\n<tr>\n<td><\/td>\n<td colspan=\"1\"><\/td>\n<td>Tan\u0131m<\/td>\n<td>Plug-in bridge for 2 hole<\/td>\n<\/tr>\n<tr>\n<td><\/td>\n<td colspan=\"1\"><\/td>\n<td>Tipi<\/td>\n<td>K-KPR-SWE-2-LI<\/td>\n<\/tr>\n<tr>\n<td><\/td>\n<td class=\"\" colspan=\"1\"><strong>Dekafix<\/strong><\/td>\n<td>Tipi<\/td>\n<td>DG 10\/6 T<\/td>\n<\/tr>\n<tr>\n<td><\/td>\n<td colspan=\"1\"><\/td>\n<td>Tan\u0131m<\/td>\n<td>Terminal Labels for interface relays<\/td>\n<\/tr>\n<tr>\n<td><\/td>\n<td colspan=\"1\"><\/td>\n<td>Sipari\u015f Numaras\u0131<\/td>\n<td>505 390<\/td>\n<\/tr>\n<tr>\n<td><\/td>\n<td colspan=\"1\"><\/td>\n<td>Ambalaj Adedi<\/td>\n<td>360<\/td>\n<\/tr>\n<\/tbody>\n<\/table>\n","protected":false},"excerpt":{"rendered":"<p>KPR-SWE-230VAC\/DC-1C<\/p>\n","protected":false},"featured_media":3895,"comment_status":"open","ping_status":"closed","template":"","meta":[],"product_brand":[],"product_cat":[363],"product_tag":[177,178,176],"class_list":{"0":"post-4346","1":"product","2":"type-product","3":"status-publish","4":"has-post-thumbnail","6":"product_cat-otomasyon-urunleri","7":"product_tag-230vac","8":"product_tag-dc-1c-272120","9":"product_tag-kpr-swe","11":"first","12":"instock","13":"shipping-taxable","14":"product-type-simple"},"yoast_head":"<!-- This site is optimized with the Yoast SEO plugin v24.3 - https:\/\/yoast.com\/wordpress\/plugins\/seo\/ -->\n<title>272120 KPR-SWE-230VAC\/DC-1C - CSO TRADING<\/title>\n<meta name=\"robots\" content=\"index, follow, max-snippet:-1, max-image-preview:large, max-video-preview:-1\" \/>\n<link rel=\"canonical\" href=\"https:\/\/csotrading.com\/product\/1c-plc-relay-kpr-swe-230vac-dc-1c-272120\/\" \/>\n<meta property=\"og:locale\" content=\"tr_TR\" \/>\n<meta property=\"og:type\" content=\"article\" \/>\n<meta property=\"og:title\" content=\"272120 KPR-SWE-230VAC\/DC-1C - CSO TRADING\" \/>\n<meta property=\"og:description\" content=\"KPR-SWE-230VAC\/DC-1C\" \/>\n<meta property=\"og:url\" content=\"https:\/\/csotrading.com\/product\/1c-plc-relay-kpr-swe-230vac-dc-1c-272120\/\" \/>\n<meta property=\"og:site_name\" content=\"CSO TRADING\" \/>\n<meta property=\"article:modified_time\" content=\"2020-07-03T20:15:00+00:00\" \/>\n<meta property=\"og:image\" content=\"https:\/\/csotrading.com\/wp-content\/uploads\/2020\/06\/272120-KPR-SWE-230VAC.DC-1C.png\" \/>\n\t<meta property=\"og:image:width\" content=\"1024\" \/>\n\t<meta property=\"og:image:height\" content=\"768\" \/>\n\t<meta property=\"og:image:type\" content=\"image\/png\" \/>\n<meta name=\"twitter:card\" content=\"summary_large_image\" \/>\n<meta name=\"twitter:label1\" content=\"Tahmini okuma s\u00fcresi\" \/>\n\t<meta name=\"twitter:data1\" content=\"1 dakika\" \/>\n<script type=\"application\/ld+json\" class=\"yoast-schema-graph\">{\"@context\":\"https:\/\/schema.org\",\"@graph\":[{\"@type\":\"WebPage\",\"@id\":\"https:\/\/csotrading.com\/product\/1c-plc-relay-kpr-swe-230vac-dc-1c-272120\/\",\"url\":\"https:\/\/csotrading.com\/product\/1c-plc-relay-kpr-swe-230vac-dc-1c-272120\/\",\"name\":\"272120 KPR-SWE-230VAC\/DC-1C - CSO TRADING\",\"isPartOf\":{\"@id\":\"https:\/\/csotrading.com\/#website\"},\"primaryImageOfPage\":{\"@id\":\"https:\/\/csotrading.com\/product\/1c-plc-relay-kpr-swe-230vac-dc-1c-272120\/#primaryimage\"},\"image\":{\"@id\":\"https:\/\/csotrading.com\/product\/1c-plc-relay-kpr-swe-230vac-dc-1c-272120\/#primaryimage\"},\"thumbnailUrl\":\"https:\/\/csotrading.com\/wp-content\/uploads\/2020\/06\/272120-KPR-SWE-230VAC.DC-1C.png\",\"datePublished\":\"2020-06-16T18:13:33+00:00\",\"dateModified\":\"2020-07-03T20:15:00+00:00\",\"breadcrumb\":{\"@id\":\"https:\/\/csotrading.com\/product\/1c-plc-relay-kpr-swe-230vac-dc-1c-272120\/#breadcrumb\"},\"inLanguage\":\"tr\",\"potentialAction\":[{\"@type\":\"ReadAction\",\"target\":[\"https:\/\/csotrading.com\/product\/1c-plc-relay-kpr-swe-230vac-dc-1c-272120\/\"]}]},{\"@type\":\"ImageObject\",\"inLanguage\":\"tr\",\"@id\":\"https:\/\/csotrading.com\/product\/1c-plc-relay-kpr-swe-230vac-dc-1c-272120\/#primaryimage\",\"url\":\"https:\/\/csotrading.com\/wp-content\/uploads\/2020\/06\/272120-KPR-SWE-230VAC.DC-1C.png\",\"contentUrl\":\"https:\/\/csotrading.com\/wp-content\/uploads\/2020\/06\/272120-KPR-SWE-230VAC.DC-1C.png\",\"width\":1024,\"height\":768},{\"@type\":\"BreadcrumbList\",\"@id\":\"https:\/\/csotrading.com\/product\/1c-plc-relay-kpr-swe-230vac-dc-1c-272120\/#breadcrumb\",\"itemListElement\":[{\"@type\":\"ListItem\",\"position\":1,\"name\":\"Home\",\"item\":\"https:\/\/csotrading.com\/tr\/\"},{\"@type\":\"ListItem\",\"position\":2,\"name\":\"Ma\u011faza\",\"item\":\"https:\/\/csotrading.com\/magaza\/\"},{\"@type\":\"ListItem\",\"position\":3,\"name\":\"272120 KPR-SWE-230VAC\/DC-1C\"}]},{\"@type\":\"WebSite\",\"@id\":\"https:\/\/csotrading.com\/#website\",\"url\":\"https:\/\/csotrading.com\/\",\"name\":\"CSO TRADING\",\"description\":\"\",\"potentialAction\":[{\"@type\":\"SearchAction\",\"target\":{\"@type\":\"EntryPoint\",\"urlTemplate\":\"https:\/\/csotrading.com\/?s={search_term_string}\"},\"query-input\":{\"@type\":\"PropertyValueSpecification\",\"valueRequired\":true,\"valueName\":\"search_term_string\"}}],\"inLanguage\":\"tr\"}]}<\/script>\n<!-- \/ Yoast SEO plugin. -->","yoast_head_json":{"title":"272120 KPR-SWE-230VAC\/DC-1C - CSO TRADING","robots":{"index":"index","follow":"follow","max-snippet":"max-snippet:-1","max-image-preview":"max-image-preview:large","max-video-preview":"max-video-preview:-1"},"canonical":"https:\/\/csotrading.com\/product\/1c-plc-relay-kpr-swe-230vac-dc-1c-272120\/","og_locale":"tr_TR","og_type":"article","og_title":"272120 KPR-SWE-230VAC\/DC-1C - CSO TRADING","og_description":"KPR-SWE-230VAC\/DC-1C","og_url":"https:\/\/csotrading.com\/product\/1c-plc-relay-kpr-swe-230vac-dc-1c-272120\/","og_site_name":"CSO TRADING","article_modified_time":"2020-07-03T20:15:00+00:00","og_image":[{"width":1024,"height":768,"url":"https:\/\/csotrading.com\/wp-content\/uploads\/2020\/06\/272120-KPR-SWE-230VAC.DC-1C.png","type":"image\/png"}],"twitter_card":"summary_large_image","twitter_misc":{"Tahmini okuma s\u00fcresi":"1 dakika"},"schema":{"@context":"https:\/\/schema.org","@graph":[{"@type":"WebPage","@id":"https:\/\/csotrading.com\/product\/1c-plc-relay-kpr-swe-230vac-dc-1c-272120\/","url":"https:\/\/csotrading.com\/product\/1c-plc-relay-kpr-swe-230vac-dc-1c-272120\/","name":"272120 KPR-SWE-230VAC\/DC-1C - CSO TRADING","isPartOf":{"@id":"https:\/\/csotrading.com\/#website"},"primaryImageOfPage":{"@id":"https:\/\/csotrading.com\/product\/1c-plc-relay-kpr-swe-230vac-dc-1c-272120\/#primaryimage"},"image":{"@id":"https:\/\/csotrading.com\/product\/1c-plc-relay-kpr-swe-230vac-dc-1c-272120\/#primaryimage"},"thumbnailUrl":"https:\/\/csotrading.com\/wp-content\/uploads\/2020\/06\/272120-KPR-SWE-230VAC.DC-1C.png","datePublished":"2020-06-16T18:13:33+00:00","dateModified":"2020-07-03T20:15:00+00:00","breadcrumb":{"@id":"https:\/\/csotrading.com\/product\/1c-plc-relay-kpr-swe-230vac-dc-1c-272120\/#breadcrumb"},"inLanguage":"tr","potentialAction":[{"@type":"ReadAction","target":["https:\/\/csotrading.com\/product\/1c-plc-relay-kpr-swe-230vac-dc-1c-272120\/"]}]},{"@type":"ImageObject","inLanguage":"tr","@id":"https:\/\/csotrading.com\/product\/1c-plc-relay-kpr-swe-230vac-dc-1c-272120\/#primaryimage","url":"https:\/\/csotrading.com\/wp-content\/uploads\/2020\/06\/272120-KPR-SWE-230VAC.DC-1C.png","contentUrl":"https:\/\/csotrading.com\/wp-content\/uploads\/2020\/06\/272120-KPR-SWE-230VAC.DC-1C.png","width":1024,"height":768},{"@type":"BreadcrumbList","@id":"https:\/\/csotrading.com\/product\/1c-plc-relay-kpr-swe-230vac-dc-1c-272120\/#breadcrumb","itemListElement":[{"@type":"ListItem","position":1,"name":"Home","item":"https:\/\/csotrading.com\/tr\/"},{"@type":"ListItem","position":2,"name":"Ma\u011faza","item":"https:\/\/csotrading.com\/magaza\/"},{"@type":"ListItem","position":3,"name":"272120 KPR-SWE-230VAC\/DC-1C"}]},{"@type":"WebSite","@id":"https:\/\/csotrading.com\/#website","url":"https:\/\/csotrading.com\/","name":"CSO TRADING","description":"","potentialAction":[{"@type":"SearchAction","target":{"@type":"EntryPoint","urlTemplate":"https:\/\/csotrading.com\/?s={search_term_string}"},"query-input":{"@type":"PropertyValueSpecification","valueRequired":true,"valueName":"search_term_string"}}],"inLanguage":"tr"}]}},"_links":{"self":[{"href":"https:\/\/csotrading.com\/tr\/wp-json\/wp\/v2\/product\/4346"}],"collection":[{"href":"https:\/\/csotrading.com\/tr\/wp-json\/wp\/v2\/product"}],"about":[{"href":"https:\/\/csotrading.com\/tr\/wp-json\/wp\/v2\/types\/product"}],"replies":[{"embeddable":true,"href":"https:\/\/csotrading.com\/tr\/wp-json\/wp\/v2\/comments?post=4346"}],"wp:featuredmedia":[{"embeddable":true,"href":"https:\/\/csotrading.com\/tr\/wp-json\/wp\/v2\/media\/3895"}],"wp:attachment":[{"href":"https:\/\/csotrading.com\/tr\/wp-json\/wp\/v2\/media?parent=4346"}],"wp:term":[{"taxonomy":"product_brand","embeddable":true,"href":"https:\/\/csotrading.com\/tr\/wp-json\/wp\/v2\/product_brand?post=4346"},{"taxonomy":"product_cat","embeddable":true,"href":"https:\/\/csotrading.com\/tr\/wp-json\/wp\/v2\/product_cat?post=4346"},{"taxonomy":"product_tag","embeddable":true,"href":"https:\/\/csotrading.com\/tr\/wp-json\/wp\/v2\/product_tag?post=4346"}],"curies":[{"name":"wp","href":"https:\/\/api.w.org\/{rel}","templated":true}]}}