{"id":4343,"date":"2020-06-16T21:02:57","date_gmt":"2020-06-16T18:02:57","guid":{"rendered":"http:\/\/csotrading.com\/product\/602801-piso-dc-14-20ma-4-20ma\/"},"modified":"2020-07-04T22:21:39","modified_gmt":"2020-07-04T19:21:39","slug":"602801-piso-dc-14-20ma-4-20ma","status":"publish","type":"product","link":"https:\/\/csotrading.com\/tr\/product\/602801-piso-dc-14-20ma-4-20ma\/","title":{"rendered":"602801 PISO-DC-1(4-20mA\/4-20mA)"},"content":{"rendered":"<table class=\"table table-condensed\">\n<tbody>\n<tr>\n<td class=\"full\" colspan=\"2\"><strong>Genel<\/strong><\/td>\n<td><\/td>\n<td><\/td>\n<\/tr>\n<tr>\n<td colspan=\"2\"><\/td>\n<td>Kasa Geni\u015fli\u011fi (mm)<\/td>\n<td>17,5<\/td>\n<\/tr>\n<tr>\n<td colspan=\"2\"><\/td>\n<td>Ba\u011flant\u0131 \u015eekli<\/td>\n<td>Screw terminal<\/td>\n<\/tr>\n<tr>\n<td class=\"full\" colspan=\"2\"><strong>Giri\u015f<\/strong><\/td>\n<td>Kanal Say\u0131s\u0131<\/td>\n<td>1<\/td>\n<\/tr>\n<tr>\n<td colspan=\"2\"><\/td>\n<td>Sinyal Tipi<\/td>\n<td>4-20mA<\/td>\n<\/tr>\n<tr>\n<td colspan=\"2\"><\/td>\n<td>Maks. Giri\u015f Sinyali<\/td>\n<td>50mA<\/td>\n<\/tr>\n<tr>\n<td class=\"full\" colspan=\"2\"><strong>\u00c7\u0131k\u0131\u015f<\/strong><\/td>\n<td>Kanal Say\u0131s\u0131<\/td>\n<td>1<\/td>\n<\/tr>\n<tr>\n<td colspan=\"2\"><\/td>\n<td>Sinyal Tipi<\/td>\n<td>4-20mA<\/td>\n<\/tr>\n<tr>\n<td colspan=\"2\"><\/td>\n<td>Maks. Ak\u0131m<\/td>\n<td>24mA<\/td>\n<\/tr>\n<tr>\n<td colspan=\"2\"><\/td>\n<td>Maks. Gerilim<\/td>\n<td>&#8212;<\/td>\n<\/tr>\n<tr>\n<td colspan=\"2\"><\/td>\n<td>Dalgalanma<\/td>\n<td>&lt;20mV (Full Scale)<\/td>\n<\/tr>\n<tr>\n<td colspan=\"2\"><\/td>\n<td>Y\u00fck Dayan\u0131m\u0131<\/td>\n<td>\u2264 250 \u2126<\/td>\n<\/tr>\n<tr>\n<td class=\"full\" colspan=\"2\"><strong>Genel<\/strong><\/td>\n<td>\u0130zolasyon<\/td>\n<td>1.5 kVrms<\/td>\n<\/tr>\n<tr>\n<td colspan=\"2\"><\/td>\n<td>\u00d6l\u00e7\u00fcm Hatas\u0131 (tam \u00f6l\u00e7ek)<\/td>\n<td>&lt; 0.1%<\/td>\n<\/tr>\n<tr>\n<td colspan=\"2\"><\/td>\n<td>Tepki S\u00fcresi<\/td>\n<td>20 ms<\/td>\n<\/tr>\n<tr>\n<td colspan=\"2\"><\/td>\n<td>S\u0131cakl\u0131k Katsay\u0131s\u0131<\/td>\n<td>&lt; 50 ppm\/K<\/td>\n<\/tr>\n<tr>\n<td class=\"full\" colspan=\"2\"><strong>Ortam Ko\u015fullar\u0131<\/strong><\/td>\n<td>\u00c7al\u0131\u015fma S\u0131cakl\u0131\u011f\u0131<\/td>\n<td>-20\u00b0C +60\u00b0C<\/td>\n<\/tr>\n<tr>\n<td colspan=\"2\"><\/td>\n<td>Depolama S\u0131cakl\u0131\u011f\u0131<\/td>\n<td>-40\u00b0C +75\u00b0C<\/td>\n<\/tr>\n<tr>\n<td colspan=\"2\"><\/td>\n<td>Ba\u011f\u0131l Nem (Yo\u011fu\u015fmas\u0131z)<\/td>\n<td>Maks. 95%<\/td>\n<\/tr>\n<tr>\n<td class=\"full\" colspan=\"2\"><strong>Genel<\/strong><\/td>\n<td>Koruma S\u0131n\u0131f\u0131<\/td>\n<td>IP20<\/td>\n<\/tr>\n<tr>\n<td colspan=\"2\"><\/td>\n<td>Montaj \u015eekli<\/td>\n<td>Panel or Rail<\/td>\n<\/tr>\n<tr>\n<td class=\"full\" colspan=\"2\"><strong>EMC-EMI<\/strong><\/td>\n<td>Yay\u0131lan Emisyon Testi, 61000-6-2\/AC:2012, 61000-6-4:2007\/A1:2011<\/td>\n<td>&#8212;<\/td>\n<\/tr>\n<tr>\n<td class=\"full\" colspan=\"2\"><strong>Genel<\/strong><\/td>\n<td>\u015eemalar<\/td>\n<td><\/td>\n<\/tr>\n<tr>\n<td colspan=\"2\"><\/td>\n<td>\u00d6l\u00e7\u00fcler<\/td>\n<td><\/td>\n<\/tr>\n<tr>\n<td class=\"full\" colspan=\"2\"><strong>Mekanik \u00d6zellikler<\/strong><\/td>\n<td>A\u011f\u0131rl\u0131k (g)<\/td>\n<td><\/td>\n<\/tr>\n<tr>\n<td colspan=\"2\"><\/td>\n<td>Ambalaj Adedi<\/td>\n<td>1<\/td>\n<\/tr>\n<\/tbody>\n<\/table>\n","protected":false},"excerpt":{"rendered":"<p>Pasif DC Sinyal \u0130zolat\u00f6r\u00fc<\/p>\n","protected":false},"featured_media":3889,"comment_status":"open","ping_status":"closed","template":"","meta":[],"product_brand":[],"product_cat":[363],"product_tag":[173,171,172],"class_list":{"0":"post-4343","1":"product","2":"type-product","3":"status-publish","4":"has-post-thumbnail","6":"product_cat-otomasyon-urunleri","7":"product_tag-4-20ma-4-20ma","8":"product_tag-171","9":"product_tag-piso-dc-1","11":"first","12":"instock","13":"shipping-taxable","14":"product-type-simple"},"yoast_head":"<!-- This site is optimized with the Yoast SEO plugin v24.3 - https:\/\/yoast.com\/wordpress\/plugins\/seo\/ -->\n<title>602801 PISO-DC-1(4-20mA\/4-20mA) - CSO TRADING<\/title>\n<meta name=\"robots\" content=\"index, follow, max-snippet:-1, max-image-preview:large, max-video-preview:-1\" \/>\n<link rel=\"canonical\" href=\"https:\/\/csotrading.com\/product\/602801-piso-dc-14-20ma-4-20ma\/\" \/>\n<meta property=\"og:locale\" content=\"tr_TR\" \/>\n<meta property=\"og:type\" content=\"article\" \/>\n<meta property=\"og:title\" content=\"602801 PISO-DC-1(4-20mA\/4-20mA) - CSO TRADING\" \/>\n<meta property=\"og:description\" content=\"Pasif DC Sinyal \u0130zolat\u00f6r\u00fc\" \/>\n<meta property=\"og:url\" content=\"https:\/\/csotrading.com\/product\/602801-piso-dc-14-20ma-4-20ma\/\" \/>\n<meta property=\"og:site_name\" content=\"CSO TRADING\" \/>\n<meta property=\"article:modified_time\" content=\"2020-07-04T19:21:39+00:00\" \/>\n<meta property=\"og:image\" content=\"https:\/\/csotrading.com\/wp-content\/uploads\/2020\/06\/602801-PISO-DC-14-20mA.4-20mA.png\" \/>\n\t<meta property=\"og:image:width\" content=\"1024\" \/>\n\t<meta property=\"og:image:height\" content=\"768\" \/>\n\t<meta property=\"og:image:type\" content=\"image\/png\" \/>\n<meta name=\"twitter:card\" content=\"summary_large_image\" \/>\n<meta name=\"twitter:label1\" content=\"Tahmini okuma s\u00fcresi\" \/>\n\t<meta name=\"twitter:data1\" content=\"1 dakika\" \/>\n<script type=\"application\/ld+json\" class=\"yoast-schema-graph\">{\"@context\":\"https:\/\/schema.org\",\"@graph\":[{\"@type\":\"WebPage\",\"@id\":\"https:\/\/csotrading.com\/product\/602801-piso-dc-14-20ma-4-20ma\/\",\"url\":\"https:\/\/csotrading.com\/product\/602801-piso-dc-14-20ma-4-20ma\/\",\"name\":\"602801 PISO-DC-1(4-20mA\/4-20mA) - CSO TRADING\",\"isPartOf\":{\"@id\":\"https:\/\/csotrading.com\/#website\"},\"primaryImageOfPage\":{\"@id\":\"https:\/\/csotrading.com\/product\/602801-piso-dc-14-20ma-4-20ma\/#primaryimage\"},\"image\":{\"@id\":\"https:\/\/csotrading.com\/product\/602801-piso-dc-14-20ma-4-20ma\/#primaryimage\"},\"thumbnailUrl\":\"https:\/\/csotrading.com\/wp-content\/uploads\/2020\/06\/602801-PISO-DC-14-20mA.4-20mA.png\",\"datePublished\":\"2020-06-16T18:02:57+00:00\",\"dateModified\":\"2020-07-04T19:21:39+00:00\",\"breadcrumb\":{\"@id\":\"https:\/\/csotrading.com\/product\/602801-piso-dc-14-20ma-4-20ma\/#breadcrumb\"},\"inLanguage\":\"tr\",\"potentialAction\":[{\"@type\":\"ReadAction\",\"target\":[\"https:\/\/csotrading.com\/product\/602801-piso-dc-14-20ma-4-20ma\/\"]}]},{\"@type\":\"ImageObject\",\"inLanguage\":\"tr\",\"@id\":\"https:\/\/csotrading.com\/product\/602801-piso-dc-14-20ma-4-20ma\/#primaryimage\",\"url\":\"https:\/\/csotrading.com\/wp-content\/uploads\/2020\/06\/602801-PISO-DC-14-20mA.4-20mA.png\",\"contentUrl\":\"https:\/\/csotrading.com\/wp-content\/uploads\/2020\/06\/602801-PISO-DC-14-20mA.4-20mA.png\",\"width\":1024,\"height\":768},{\"@type\":\"BreadcrumbList\",\"@id\":\"https:\/\/csotrading.com\/product\/602801-piso-dc-14-20ma-4-20ma\/#breadcrumb\",\"itemListElement\":[{\"@type\":\"ListItem\",\"position\":1,\"name\":\"Home\",\"item\":\"https:\/\/csotrading.com\/tr\/\"},{\"@type\":\"ListItem\",\"position\":2,\"name\":\"Ma\u011faza\",\"item\":\"https:\/\/csotrading.com\/magaza\/\"},{\"@type\":\"ListItem\",\"position\":3,\"name\":\"602801 PISO-DC-1(4-20mA\/4-20mA)\"}]},{\"@type\":\"WebSite\",\"@id\":\"https:\/\/csotrading.com\/#website\",\"url\":\"https:\/\/csotrading.com\/\",\"name\":\"CSO TRADING\",\"description\":\"\",\"potentialAction\":[{\"@type\":\"SearchAction\",\"target\":{\"@type\":\"EntryPoint\",\"urlTemplate\":\"https:\/\/csotrading.com\/?s={search_term_string}\"},\"query-input\":{\"@type\":\"PropertyValueSpecification\",\"valueRequired\":true,\"valueName\":\"search_term_string\"}}],\"inLanguage\":\"tr\"}]}<\/script>\n<!-- \/ Yoast SEO plugin. -->","yoast_head_json":{"title":"602801 PISO-DC-1(4-20mA\/4-20mA) - CSO TRADING","robots":{"index":"index","follow":"follow","max-snippet":"max-snippet:-1","max-image-preview":"max-image-preview:large","max-video-preview":"max-video-preview:-1"},"canonical":"https:\/\/csotrading.com\/product\/602801-piso-dc-14-20ma-4-20ma\/","og_locale":"tr_TR","og_type":"article","og_title":"602801 PISO-DC-1(4-20mA\/4-20mA) - CSO TRADING","og_description":"Pasif DC Sinyal \u0130zolat\u00f6r\u00fc","og_url":"https:\/\/csotrading.com\/product\/602801-piso-dc-14-20ma-4-20ma\/","og_site_name":"CSO TRADING","article_modified_time":"2020-07-04T19:21:39+00:00","og_image":[{"width":1024,"height":768,"url":"https:\/\/csotrading.com\/wp-content\/uploads\/2020\/06\/602801-PISO-DC-14-20mA.4-20mA.png","type":"image\/png"}],"twitter_card":"summary_large_image","twitter_misc":{"Tahmini okuma s\u00fcresi":"1 dakika"},"schema":{"@context":"https:\/\/schema.org","@graph":[{"@type":"WebPage","@id":"https:\/\/csotrading.com\/product\/602801-piso-dc-14-20ma-4-20ma\/","url":"https:\/\/csotrading.com\/product\/602801-piso-dc-14-20ma-4-20ma\/","name":"602801 PISO-DC-1(4-20mA\/4-20mA) - CSO TRADING","isPartOf":{"@id":"https:\/\/csotrading.com\/#website"},"primaryImageOfPage":{"@id":"https:\/\/csotrading.com\/product\/602801-piso-dc-14-20ma-4-20ma\/#primaryimage"},"image":{"@id":"https:\/\/csotrading.com\/product\/602801-piso-dc-14-20ma-4-20ma\/#primaryimage"},"thumbnailUrl":"https:\/\/csotrading.com\/wp-content\/uploads\/2020\/06\/602801-PISO-DC-14-20mA.4-20mA.png","datePublished":"2020-06-16T18:02:57+00:00","dateModified":"2020-07-04T19:21:39+00:00","breadcrumb":{"@id":"https:\/\/csotrading.com\/product\/602801-piso-dc-14-20ma-4-20ma\/#breadcrumb"},"inLanguage":"tr","potentialAction":[{"@type":"ReadAction","target":["https:\/\/csotrading.com\/product\/602801-piso-dc-14-20ma-4-20ma\/"]}]},{"@type":"ImageObject","inLanguage":"tr","@id":"https:\/\/csotrading.com\/product\/602801-piso-dc-14-20ma-4-20ma\/#primaryimage","url":"https:\/\/csotrading.com\/wp-content\/uploads\/2020\/06\/602801-PISO-DC-14-20mA.4-20mA.png","contentUrl":"https:\/\/csotrading.com\/wp-content\/uploads\/2020\/06\/602801-PISO-DC-14-20mA.4-20mA.png","width":1024,"height":768},{"@type":"BreadcrumbList","@id":"https:\/\/csotrading.com\/product\/602801-piso-dc-14-20ma-4-20ma\/#breadcrumb","itemListElement":[{"@type":"ListItem","position":1,"name":"Home","item":"https:\/\/csotrading.com\/tr\/"},{"@type":"ListItem","position":2,"name":"Ma\u011faza","item":"https:\/\/csotrading.com\/magaza\/"},{"@type":"ListItem","position":3,"name":"602801 PISO-DC-1(4-20mA\/4-20mA)"}]},{"@type":"WebSite","@id":"https:\/\/csotrading.com\/#website","url":"https:\/\/csotrading.com\/","name":"CSO TRADING","description":"","potentialAction":[{"@type":"SearchAction","target":{"@type":"EntryPoint","urlTemplate":"https:\/\/csotrading.com\/?s={search_term_string}"},"query-input":{"@type":"PropertyValueSpecification","valueRequired":true,"valueName":"search_term_string"}}],"inLanguage":"tr"}]}},"_links":{"self":[{"href":"https:\/\/csotrading.com\/tr\/wp-json\/wp\/v2\/product\/4343"}],"collection":[{"href":"https:\/\/csotrading.com\/tr\/wp-json\/wp\/v2\/product"}],"about":[{"href":"https:\/\/csotrading.com\/tr\/wp-json\/wp\/v2\/types\/product"}],"replies":[{"embeddable":true,"href":"https:\/\/csotrading.com\/tr\/wp-json\/wp\/v2\/comments?post=4343"}],"wp:featuredmedia":[{"embeddable":true,"href":"https:\/\/csotrading.com\/tr\/wp-json\/wp\/v2\/media\/3889"}],"wp:attachment":[{"href":"https:\/\/csotrading.com\/tr\/wp-json\/wp\/v2\/media?parent=4343"}],"wp:term":[{"taxonomy":"product_brand","embeddable":true,"href":"https:\/\/csotrading.com\/tr\/wp-json\/wp\/v2\/product_brand?post=4343"},{"taxonomy":"product_cat","embeddable":true,"href":"https:\/\/csotrading.com\/tr\/wp-json\/wp\/v2\/product_cat?post=4343"},{"taxonomy":"product_tag","embeddable":true,"href":"https:\/\/csotrading.com\/tr\/wp-json\/wp\/v2\/product_tag?post=4343"}],"curies":[{"name":"wp","href":"https:\/\/api.w.org\/{rel}","templated":true}]}}