{"id":4339,"date":"2020-06-15T23:42:19","date_gmt":"2020-06-15T20:42:19","guid":{"rendered":"http:\/\/csotrading.com\/product\/110010n-wg-eki\/"},"modified":"2020-07-03T23:11:23","modified_gmt":"2020-07-03T20:11:23","slug":"110010n-wg-eki","status":"publish","type":"product","link":"https:\/\/csotrading.com\/tr\/product\/110010n-wg-eki\/","title":{"rendered":"110010N WG &#8211; EKI"},"content":{"rendered":"<table class=\"table table-condensed\">\n<tbody>\n<tr>\n<td class=\"full\" colspan=\"2\"><strong>Genel \u00dcr\u00fcn Bilgileri<\/strong><\/td>\n<td>\u0130zolasyon malzemesi<\/td>\n<td>PA<\/td>\n<\/tr>\n<tr>\n<td colspan=\"2\"><\/td>\n<td>UL 94 Yan\u0131c\u0131l\u0131k S\u0131n\u0131f\u0131<\/td>\n<td>V2<\/td>\n<\/tr>\n<tr>\n<td class=\"full\" colspan=\"2\"><strong>Ebatlar<\/strong><\/td>\n<td>Geni\u015flik<\/td>\n<td>6,2<\/td>\n<\/tr>\n<tr>\n<td colspan=\"2\"><\/td>\n<td>Uzunluk<\/td>\n<td>100,5<\/td>\n<\/tr>\n<tr>\n<td colspan=\"2\"><\/td>\n<td>Y\u00fckseklik<\/td>\n<td>&#8212;<\/td>\n<\/tr>\n<tr>\n<td colspan=\"2\"><\/td>\n<td>Y\u00fckseklik (MR 35&#215;7,5)<\/td>\n<td><\/td>\n<\/tr>\n<tr>\n<td colspan=\"2\"><\/td>\n<td>Y\u00fckseklik (MR 35&#215;15)<\/td>\n<td><\/td>\n<\/tr>\n<tr>\n<td class=\"full\" colspan=\"2\"><strong>Elektriksel Bilgiler<\/strong><\/td>\n<td>Normal Gerilim<\/td>\n<td>X V<\/td>\n<\/tr>\n<tr>\n<td colspan=\"2\"><\/td>\n<td>Diyot Gerilim<\/td>\n<td>1000 V<\/td>\n<\/tr>\n<tr>\n<td colspan=\"2\"><\/td>\n<td>Diyot Gerilim D\u00fc\u015f\u00fcm\u00fc<\/td>\n<td>0,7 V<\/td>\n<\/tr>\n<tr>\n<td colspan=\"2\"><\/td>\n<td>Koruma S\u0131n\u0131f\u0131<\/td>\n<td>IP 20<\/td>\n<\/tr>\n<tr>\n<td colspan=\"2\"><\/td>\n<td>A\u011f\u0131rl\u0131k<\/td>\n<td>19,8 gr<\/td>\n<\/tr>\n<tr>\n<td colspan=\"2\"><\/td>\n<td>Ambalaj Adedi<\/td>\n<td>20<\/td>\n<\/tr>\n<tr>\n<td colspan=\"2\"><\/td>\n<td>Diyot Ak\u0131m\u0131<\/td>\n<td>1 A<\/td>\n<\/tr>\n<tr>\n<td class=\"full\" colspan=\"2\"><strong>Ba\u011flant\u0131 Bilgileri<\/strong><\/td>\n<td>Tekli \u0130letken Minimum Kesit<\/td>\n<td>0,08 mm<sup>2<\/sup><\/td>\n<\/tr>\n<tr>\n<td colspan=\"2\"><\/td>\n<td>Tekli \u0130letken Maksimum Kesit<\/td>\n<td>4 mm<sup>2<\/sup><\/td>\n<\/tr>\n<tr>\n<td colspan=\"2\"><\/td>\n<td>\u00c7oklu \u0130letken Minimum Kesit<\/td>\n<td>0,14 mm<sup>2<\/sup><\/td>\n<\/tr>\n<tr>\n<td colspan=\"2\"><\/td>\n<td>\u00c7oklu \u0130letken Maksimum Kesit<\/td>\n<td>2,5 mm<sup>2<\/sup><\/td>\n<\/tr>\n<tr>\n<td colspan=\"2\"><\/td>\n<td>AWG \u0130letken Aral\u0131\u011f\u0131<\/td>\n<td>28 &#8211; 12<\/td>\n<\/tr>\n<tr>\n<td colspan=\"2\"><\/td>\n<td>Ba\u011flant\u0131 Tipi<\/td>\n<td>Spring connection<\/td>\n<\/tr>\n<tr>\n<td colspan=\"2\"><\/td>\n<td>Kablo Soyma Boyu<\/td>\n<td>8 &#8211; 10 mm<\/td>\n<\/tr>\n<\/tbody>\n<\/table>\n<p>D\u00f6rt yay ba\u011flant\u0131l\u0131 giri\u015fi bulunan WG-EK\u0130 yay bask\u0131l\u0131 elektronik klemens; diyot, LED, diren\u00e7 ve varist\u00f6r gibi k\u00fc\u00e7\u00fck devre elemanlar\u0131 ile\u00a0tasarlanan haz\u0131r devre tipleri i\u00e7in basit ve etkili \u00e7\u00f6z\u00fcmler sa\u011flar.<\/p>\n<div><\/div>\n","protected":false},"excerpt":{"rendered":"<p>Ters Ba\u011flant\u0131 Koruma<\/p>\n","protected":false},"featured_media":3880,"comment_status":"open","ping_status":"closed","template":"","meta":[],"product_brand":[],"product_cat":[363],"product_tag":[166,167],"class_list":{"0":"post-4339","1":"product","2":"type-product","3":"status-publish","4":"has-post-thumbnail","6":"product_cat-otomasyon-urunleri","7":"product_tag-110010n","8":"product_tag-wg-eki","10":"first","11":"instock","12":"shipping-taxable","13":"product-type-simple"},"yoast_head":"<!-- This site is optimized with the Yoast SEO plugin v24.3 - https:\/\/yoast.com\/wordpress\/plugins\/seo\/ -->\n<title>110010N WG - EKI - CSO TRADING<\/title>\n<meta name=\"robots\" content=\"index, follow, max-snippet:-1, max-image-preview:large, max-video-preview:-1\" \/>\n<link rel=\"canonical\" href=\"https:\/\/csotrading.com\/product\/110010n-wg-eki\/\" \/>\n<meta property=\"og:locale\" content=\"tr_TR\" \/>\n<meta property=\"og:type\" content=\"article\" \/>\n<meta property=\"og:title\" content=\"110010N WG - EKI - CSO TRADING\" \/>\n<meta property=\"og:description\" content=\"Ters Ba\u011flant\u0131 Koruma\" \/>\n<meta property=\"og:url\" content=\"https:\/\/csotrading.com\/product\/110010n-wg-eki\/\" \/>\n<meta property=\"og:site_name\" content=\"CSO TRADING\" \/>\n<meta property=\"article:modified_time\" content=\"2020-07-03T20:11:23+00:00\" \/>\n<meta property=\"og:image\" content=\"https:\/\/csotrading.com\/wp-content\/uploads\/2020\/06\/elektronic-terminal-blocks-wg-eki-110010N-WG-EKI.png\" \/>\n\t<meta property=\"og:image:width\" content=\"959\" \/>\n\t<meta property=\"og:image:height\" content=\"768\" \/>\n\t<meta property=\"og:image:type\" content=\"image\/png\" \/>\n<meta name=\"twitter:card\" content=\"summary_large_image\" \/>\n<meta name=\"twitter:label1\" content=\"Tahmini okuma s\u00fcresi\" \/>\n\t<meta name=\"twitter:data1\" content=\"1 dakika\" \/>\n<script type=\"application\/ld+json\" class=\"yoast-schema-graph\">{\"@context\":\"https:\/\/schema.org\",\"@graph\":[{\"@type\":\"WebPage\",\"@id\":\"https:\/\/csotrading.com\/product\/110010n-wg-eki\/\",\"url\":\"https:\/\/csotrading.com\/product\/110010n-wg-eki\/\",\"name\":\"110010N WG - EKI - CSO TRADING\",\"isPartOf\":{\"@id\":\"https:\/\/csotrading.com\/#website\"},\"primaryImageOfPage\":{\"@id\":\"https:\/\/csotrading.com\/product\/110010n-wg-eki\/#primaryimage\"},\"image\":{\"@id\":\"https:\/\/csotrading.com\/product\/110010n-wg-eki\/#primaryimage\"},\"thumbnailUrl\":\"https:\/\/csotrading.com\/wp-content\/uploads\/2020\/06\/elektronic-terminal-blocks-wg-eki-110010N-WG-EKI.png\",\"datePublished\":\"2020-06-15T20:42:19+00:00\",\"dateModified\":\"2020-07-03T20:11:23+00:00\",\"breadcrumb\":{\"@id\":\"https:\/\/csotrading.com\/product\/110010n-wg-eki\/#breadcrumb\"},\"inLanguage\":\"tr\",\"potentialAction\":[{\"@type\":\"ReadAction\",\"target\":[\"https:\/\/csotrading.com\/product\/110010n-wg-eki\/\"]}]},{\"@type\":\"ImageObject\",\"inLanguage\":\"tr\",\"@id\":\"https:\/\/csotrading.com\/product\/110010n-wg-eki\/#primaryimage\",\"url\":\"https:\/\/csotrading.com\/wp-content\/uploads\/2020\/06\/elektronic-terminal-blocks-wg-eki-110010N-WG-EKI.png\",\"contentUrl\":\"https:\/\/csotrading.com\/wp-content\/uploads\/2020\/06\/elektronic-terminal-blocks-wg-eki-110010N-WG-EKI.png\",\"width\":959,\"height\":768},{\"@type\":\"BreadcrumbList\",\"@id\":\"https:\/\/csotrading.com\/product\/110010n-wg-eki\/#breadcrumb\",\"itemListElement\":[{\"@type\":\"ListItem\",\"position\":1,\"name\":\"Home\",\"item\":\"https:\/\/csotrading.com\/tr\/\"},{\"@type\":\"ListItem\",\"position\":2,\"name\":\"Ma\u011faza\",\"item\":\"https:\/\/csotrading.com\/magaza\/\"},{\"@type\":\"ListItem\",\"position\":3,\"name\":\"110010N WG &#8211; EKI\"}]},{\"@type\":\"WebSite\",\"@id\":\"https:\/\/csotrading.com\/#website\",\"url\":\"https:\/\/csotrading.com\/\",\"name\":\"CSO TRADING\",\"description\":\"\",\"potentialAction\":[{\"@type\":\"SearchAction\",\"target\":{\"@type\":\"EntryPoint\",\"urlTemplate\":\"https:\/\/csotrading.com\/?s={search_term_string}\"},\"query-input\":{\"@type\":\"PropertyValueSpecification\",\"valueRequired\":true,\"valueName\":\"search_term_string\"}}],\"inLanguage\":\"tr\"}]}<\/script>\n<!-- \/ Yoast SEO plugin. -->","yoast_head_json":{"title":"110010N WG - EKI - CSO TRADING","robots":{"index":"index","follow":"follow","max-snippet":"max-snippet:-1","max-image-preview":"max-image-preview:large","max-video-preview":"max-video-preview:-1"},"canonical":"https:\/\/csotrading.com\/product\/110010n-wg-eki\/","og_locale":"tr_TR","og_type":"article","og_title":"110010N WG - EKI - CSO TRADING","og_description":"Ters Ba\u011flant\u0131 Koruma","og_url":"https:\/\/csotrading.com\/product\/110010n-wg-eki\/","og_site_name":"CSO TRADING","article_modified_time":"2020-07-03T20:11:23+00:00","og_image":[{"width":959,"height":768,"url":"https:\/\/csotrading.com\/wp-content\/uploads\/2020\/06\/elektronic-terminal-blocks-wg-eki-110010N-WG-EKI.png","type":"image\/png"}],"twitter_card":"summary_large_image","twitter_misc":{"Tahmini okuma s\u00fcresi":"1 dakika"},"schema":{"@context":"https:\/\/schema.org","@graph":[{"@type":"WebPage","@id":"https:\/\/csotrading.com\/product\/110010n-wg-eki\/","url":"https:\/\/csotrading.com\/product\/110010n-wg-eki\/","name":"110010N WG - EKI - CSO TRADING","isPartOf":{"@id":"https:\/\/csotrading.com\/#website"},"primaryImageOfPage":{"@id":"https:\/\/csotrading.com\/product\/110010n-wg-eki\/#primaryimage"},"image":{"@id":"https:\/\/csotrading.com\/product\/110010n-wg-eki\/#primaryimage"},"thumbnailUrl":"https:\/\/csotrading.com\/wp-content\/uploads\/2020\/06\/elektronic-terminal-blocks-wg-eki-110010N-WG-EKI.png","datePublished":"2020-06-15T20:42:19+00:00","dateModified":"2020-07-03T20:11:23+00:00","breadcrumb":{"@id":"https:\/\/csotrading.com\/product\/110010n-wg-eki\/#breadcrumb"},"inLanguage":"tr","potentialAction":[{"@type":"ReadAction","target":["https:\/\/csotrading.com\/product\/110010n-wg-eki\/"]}]},{"@type":"ImageObject","inLanguage":"tr","@id":"https:\/\/csotrading.com\/product\/110010n-wg-eki\/#primaryimage","url":"https:\/\/csotrading.com\/wp-content\/uploads\/2020\/06\/elektronic-terminal-blocks-wg-eki-110010N-WG-EKI.png","contentUrl":"https:\/\/csotrading.com\/wp-content\/uploads\/2020\/06\/elektronic-terminal-blocks-wg-eki-110010N-WG-EKI.png","width":959,"height":768},{"@type":"BreadcrumbList","@id":"https:\/\/csotrading.com\/product\/110010n-wg-eki\/#breadcrumb","itemListElement":[{"@type":"ListItem","position":1,"name":"Home","item":"https:\/\/csotrading.com\/tr\/"},{"@type":"ListItem","position":2,"name":"Ma\u011faza","item":"https:\/\/csotrading.com\/magaza\/"},{"@type":"ListItem","position":3,"name":"110010N WG &#8211; EKI"}]},{"@type":"WebSite","@id":"https:\/\/csotrading.com\/#website","url":"https:\/\/csotrading.com\/","name":"CSO TRADING","description":"","potentialAction":[{"@type":"SearchAction","target":{"@type":"EntryPoint","urlTemplate":"https:\/\/csotrading.com\/?s={search_term_string}"},"query-input":{"@type":"PropertyValueSpecification","valueRequired":true,"valueName":"search_term_string"}}],"inLanguage":"tr"}]}},"_links":{"self":[{"href":"https:\/\/csotrading.com\/tr\/wp-json\/wp\/v2\/product\/4339"}],"collection":[{"href":"https:\/\/csotrading.com\/tr\/wp-json\/wp\/v2\/product"}],"about":[{"href":"https:\/\/csotrading.com\/tr\/wp-json\/wp\/v2\/types\/product"}],"replies":[{"embeddable":true,"href":"https:\/\/csotrading.com\/tr\/wp-json\/wp\/v2\/comments?post=4339"}],"wp:featuredmedia":[{"embeddable":true,"href":"https:\/\/csotrading.com\/tr\/wp-json\/wp\/v2\/media\/3880"}],"wp:attachment":[{"href":"https:\/\/csotrading.com\/tr\/wp-json\/wp\/v2\/media?parent=4339"}],"wp:term":[{"taxonomy":"product_brand","embeddable":true,"href":"https:\/\/csotrading.com\/tr\/wp-json\/wp\/v2\/product_brand?post=4339"},{"taxonomy":"product_cat","embeddable":true,"href":"https:\/\/csotrading.com\/tr\/wp-json\/wp\/v2\/product_cat?post=4339"},{"taxonomy":"product_tag","embeddable":true,"href":"https:\/\/csotrading.com\/tr\/wp-json\/wp\/v2\/product_tag?post=4339"}],"curies":[{"name":"wp","href":"https:\/\/api.w.org\/{rel}","templated":true}]}}