{"id":4338,"date":"2020-06-15T23:38:29","date_gmt":"2020-06-15T20:38:29","guid":{"rendered":"http:\/\/csotrading.com\/product\/090117-bdk-1\/"},"modified":"2020-07-03T23:07:54","modified_gmt":"2020-07-03T20:07:54","slug":"090117-bdk-1","status":"publish","type":"product","link":"https:\/\/csotrading.com\/tr\/product\/090117-bdk-1\/","title":{"rendered":"090117 BDK 1"},"content":{"rendered":"<table class=\"table table-condensed\">\n<tbody>\n<tr>\n<td class=\"full\" colspan=\"2\"><strong>Pin Bilgileri<\/strong><\/td>\n<td>Pin Aral\u0131\u011f\u0131<\/td>\n<td>5.08 mm<\/td>\n<\/tr>\n<tr>\n<td colspan=\"2\"><\/td>\n<td>Pin Aral\u0131\u011f\u0131 (Ara Plakal\u0131)<\/td>\n<td>7.62 mm<\/td>\n<\/tr>\n<tr>\n<td colspan=\"2\"><\/td>\n<td>Pin \u00d6l\u00e7\u00fcleri<\/td>\n<td>0.8*1.1 mm<\/td>\n<\/tr>\n<tr>\n<td colspan=\"2\"><\/td>\n<td>Delik \u00c7ap\u0131<\/td>\n<td>1.3 mm<\/td>\n<\/tr>\n<tr>\n<td class=\"full\" colspan=\"2\"><strong>Elektriksel \u00d6zellikler<\/strong><\/td>\n<td>Gerilim<\/td>\n<td>250 V ~<\/td>\n<\/tr>\n<tr>\n<td colspan=\"2\"><\/td>\n<td>Ak\u0131m<\/td>\n<td>16 A<\/td>\n<\/tr>\n<tr>\n<td class=\"full\" colspan=\"2\"><strong>Ba\u011flant\u0131 Bilgileri<\/strong><\/td>\n<td>Tekli \u0130letken Minimum Kesit<\/td>\n<td>0.5 mm<sup>2<\/sup><\/td>\n<\/tr>\n<tr>\n<td colspan=\"2\"><\/td>\n<td>Tekli \u0130letken Maksimum Kesit<\/td>\n<td>4 mm<sup>2<\/sup><\/td>\n<\/tr>\n<tr>\n<td colspan=\"2\"><\/td>\n<td>\u00c7oklu \u0130letken Minimum Kesit<\/td>\n<td>0.5 mm<sup>2<\/sup><\/td>\n<\/tr>\n<tr>\n<td colspan=\"2\"><\/td>\n<td>\u00c7oklu \u0130letken Maksimum Kesit<\/td>\n<td>2.5 mm<sup>2<\/sup><\/td>\n<\/tr>\n<tr>\n<td colspan=\"2\"><\/td>\n<td>AWG \u0130letken Aral\u0131\u011f\u0131<\/td>\n<td>26-14<\/td>\n<\/tr>\n<tr>\n<td colspan=\"2\"><\/td>\n<td>Ba\u011flant\u0131 Tipi<\/td>\n<td>screw\/vidal\u0131<\/td>\n<\/tr>\n<tr>\n<td colspan=\"2\"><\/td>\n<td>Kablo Soyma Boyu<\/td>\n<td>7 mm<\/td>\n<\/tr>\n<tr>\n<td colspan=\"2\"><\/td>\n<td>S\u0131kma Torku<\/td>\n<td>&#8212; Nm<\/td>\n<\/tr>\n<tr>\n<td class=\"full\" colspan=\"2\"><\/td>\n<td><\/td>\n<td><\/td>\n<\/tr>\n<tr>\n<td colspan=\"2\"><\/td>\n<td><\/td>\n<td><\/td>\n<\/tr>\n<tr>\n<td class=\"full\" colspan=\"2\"><strong>Mekanik \u00d6zellikler<\/strong><\/td>\n<td>A\u011f\u0131rl\u0131k (g)<\/td>\n<td><\/td>\n<\/tr>\n<tr>\n<td colspan=\"2\"><\/td>\n<td>Ambalaj Adedi<\/td>\n<td>100<\/td>\n<\/tr>\n<\/tbody>\n<\/table>\n","protected":false},"excerpt":{"rendered":"<p>2,5 mm2 Bask\u0131 Devre Klemensleri Tek Katl\u0131, Pin aral\u0131\u011f\u0131 5,08<\/p>\n","protected":false},"featured_media":3877,"comment_status":"open","ping_status":"closed","template":"","meta":[],"product_brand":[],"product_cat":[363],"product_tag":[164,165],"class_list":{"0":"post-4338","1":"product","2":"type-product","3":"status-publish","4":"has-post-thumbnail","6":"product_cat-otomasyon-urunleri","7":"product_tag-164","8":"product_tag-bdk-1","10":"first","11":"instock","12":"shipping-taxable","13":"product-type-simple"},"yoast_head":"<!-- This site is optimized with the Yoast SEO plugin v24.3 - https:\/\/yoast.com\/wordpress\/plugins\/seo\/ -->\n<title>090117 BDK 1 - CSO TRADING<\/title>\n<meta name=\"robots\" content=\"index, follow, max-snippet:-1, max-image-preview:large, max-video-preview:-1\" \/>\n<link rel=\"canonical\" href=\"https:\/\/csotrading.com\/product\/090117-bdk-1\/\" \/>\n<meta property=\"og:locale\" content=\"tr_TR\" \/>\n<meta property=\"og:type\" content=\"article\" \/>\n<meta property=\"og:title\" content=\"090117 BDK 1 - CSO TRADING\" \/>\n<meta property=\"og:description\" content=\"2,5 mm2 Bask\u0131 Devre Klemensleri Tek Katl\u0131, Pin aral\u0131\u011f\u0131 5,08\" \/>\n<meta property=\"og:url\" content=\"https:\/\/csotrading.com\/product\/090117-bdk-1\/\" \/>\n<meta property=\"og:site_name\" content=\"CSO TRADING\" \/>\n<meta property=\"article:modified_time\" content=\"2020-07-03T20:07:54+00:00\" \/>\n<meta property=\"og:image\" content=\"https:\/\/csotrading.com\/wp-content\/uploads\/2020\/06\/pcb-connection-terminal-blocks-bdk-1-090117-BDK-1.png\" \/>\n\t<meta property=\"og:image:width\" content=\"438\" \/>\n\t<meta property=\"og:image:height\" content=\"768\" \/>\n\t<meta property=\"og:image:type\" content=\"image\/png\" \/>\n<meta name=\"twitter:card\" content=\"summary_large_image\" \/>\n<script type=\"application\/ld+json\" class=\"yoast-schema-graph\">{\"@context\":\"https:\/\/schema.org\",\"@graph\":[{\"@type\":\"WebPage\",\"@id\":\"https:\/\/csotrading.com\/product\/090117-bdk-1\/\",\"url\":\"https:\/\/csotrading.com\/product\/090117-bdk-1\/\",\"name\":\"090117 BDK 1 - CSO TRADING\",\"isPartOf\":{\"@id\":\"https:\/\/csotrading.com\/#website\"},\"primaryImageOfPage\":{\"@id\":\"https:\/\/csotrading.com\/product\/090117-bdk-1\/#primaryimage\"},\"image\":{\"@id\":\"https:\/\/csotrading.com\/product\/090117-bdk-1\/#primaryimage\"},\"thumbnailUrl\":\"https:\/\/csotrading.com\/wp-content\/uploads\/2020\/06\/pcb-connection-terminal-blocks-bdk-1-090117-BDK-1.png\",\"datePublished\":\"2020-06-15T20:38:29+00:00\",\"dateModified\":\"2020-07-03T20:07:54+00:00\",\"breadcrumb\":{\"@id\":\"https:\/\/csotrading.com\/product\/090117-bdk-1\/#breadcrumb\"},\"inLanguage\":\"tr\",\"potentialAction\":[{\"@type\":\"ReadAction\",\"target\":[\"https:\/\/csotrading.com\/product\/090117-bdk-1\/\"]}]},{\"@type\":\"ImageObject\",\"inLanguage\":\"tr\",\"@id\":\"https:\/\/csotrading.com\/product\/090117-bdk-1\/#primaryimage\",\"url\":\"https:\/\/csotrading.com\/wp-content\/uploads\/2020\/06\/pcb-connection-terminal-blocks-bdk-1-090117-BDK-1.png\",\"contentUrl\":\"https:\/\/csotrading.com\/wp-content\/uploads\/2020\/06\/pcb-connection-terminal-blocks-bdk-1-090117-BDK-1.png\",\"width\":438,\"height\":768},{\"@type\":\"BreadcrumbList\",\"@id\":\"https:\/\/csotrading.com\/product\/090117-bdk-1\/#breadcrumb\",\"itemListElement\":[{\"@type\":\"ListItem\",\"position\":1,\"name\":\"Home\",\"item\":\"https:\/\/csotrading.com\/tr\/\"},{\"@type\":\"ListItem\",\"position\":2,\"name\":\"Ma\u011faza\",\"item\":\"https:\/\/csotrading.com\/magaza\/\"},{\"@type\":\"ListItem\",\"position\":3,\"name\":\"090117 BDK 1\"}]},{\"@type\":\"WebSite\",\"@id\":\"https:\/\/csotrading.com\/#website\",\"url\":\"https:\/\/csotrading.com\/\",\"name\":\"CSO TRADING\",\"description\":\"\",\"potentialAction\":[{\"@type\":\"SearchAction\",\"target\":{\"@type\":\"EntryPoint\",\"urlTemplate\":\"https:\/\/csotrading.com\/?s={search_term_string}\"},\"query-input\":{\"@type\":\"PropertyValueSpecification\",\"valueRequired\":true,\"valueName\":\"search_term_string\"}}],\"inLanguage\":\"tr\"}]}<\/script>\n<!-- \/ Yoast SEO plugin. -->","yoast_head_json":{"title":"090117 BDK 1 - CSO TRADING","robots":{"index":"index","follow":"follow","max-snippet":"max-snippet:-1","max-image-preview":"max-image-preview:large","max-video-preview":"max-video-preview:-1"},"canonical":"https:\/\/csotrading.com\/product\/090117-bdk-1\/","og_locale":"tr_TR","og_type":"article","og_title":"090117 BDK 1 - CSO TRADING","og_description":"2,5 mm2 Bask\u0131 Devre Klemensleri Tek Katl\u0131, Pin aral\u0131\u011f\u0131 5,08","og_url":"https:\/\/csotrading.com\/product\/090117-bdk-1\/","og_site_name":"CSO TRADING","article_modified_time":"2020-07-03T20:07:54+00:00","og_image":[{"width":438,"height":768,"url":"https:\/\/csotrading.com\/wp-content\/uploads\/2020\/06\/pcb-connection-terminal-blocks-bdk-1-090117-BDK-1.png","type":"image\/png"}],"twitter_card":"summary_large_image","schema":{"@context":"https:\/\/schema.org","@graph":[{"@type":"WebPage","@id":"https:\/\/csotrading.com\/product\/090117-bdk-1\/","url":"https:\/\/csotrading.com\/product\/090117-bdk-1\/","name":"090117 BDK 1 - CSO TRADING","isPartOf":{"@id":"https:\/\/csotrading.com\/#website"},"primaryImageOfPage":{"@id":"https:\/\/csotrading.com\/product\/090117-bdk-1\/#primaryimage"},"image":{"@id":"https:\/\/csotrading.com\/product\/090117-bdk-1\/#primaryimage"},"thumbnailUrl":"https:\/\/csotrading.com\/wp-content\/uploads\/2020\/06\/pcb-connection-terminal-blocks-bdk-1-090117-BDK-1.png","datePublished":"2020-06-15T20:38:29+00:00","dateModified":"2020-07-03T20:07:54+00:00","breadcrumb":{"@id":"https:\/\/csotrading.com\/product\/090117-bdk-1\/#breadcrumb"},"inLanguage":"tr","potentialAction":[{"@type":"ReadAction","target":["https:\/\/csotrading.com\/product\/090117-bdk-1\/"]}]},{"@type":"ImageObject","inLanguage":"tr","@id":"https:\/\/csotrading.com\/product\/090117-bdk-1\/#primaryimage","url":"https:\/\/csotrading.com\/wp-content\/uploads\/2020\/06\/pcb-connection-terminal-blocks-bdk-1-090117-BDK-1.png","contentUrl":"https:\/\/csotrading.com\/wp-content\/uploads\/2020\/06\/pcb-connection-terminal-blocks-bdk-1-090117-BDK-1.png","width":438,"height":768},{"@type":"BreadcrumbList","@id":"https:\/\/csotrading.com\/product\/090117-bdk-1\/#breadcrumb","itemListElement":[{"@type":"ListItem","position":1,"name":"Home","item":"https:\/\/csotrading.com\/tr\/"},{"@type":"ListItem","position":2,"name":"Ma\u011faza","item":"https:\/\/csotrading.com\/magaza\/"},{"@type":"ListItem","position":3,"name":"090117 BDK 1"}]},{"@type":"WebSite","@id":"https:\/\/csotrading.com\/#website","url":"https:\/\/csotrading.com\/","name":"CSO TRADING","description":"","potentialAction":[{"@type":"SearchAction","target":{"@type":"EntryPoint","urlTemplate":"https:\/\/csotrading.com\/?s={search_term_string}"},"query-input":{"@type":"PropertyValueSpecification","valueRequired":true,"valueName":"search_term_string"}}],"inLanguage":"tr"}]}},"_links":{"self":[{"href":"https:\/\/csotrading.com\/tr\/wp-json\/wp\/v2\/product\/4338"}],"collection":[{"href":"https:\/\/csotrading.com\/tr\/wp-json\/wp\/v2\/product"}],"about":[{"href":"https:\/\/csotrading.com\/tr\/wp-json\/wp\/v2\/types\/product"}],"replies":[{"embeddable":true,"href":"https:\/\/csotrading.com\/tr\/wp-json\/wp\/v2\/comments?post=4338"}],"wp:featuredmedia":[{"embeddable":true,"href":"https:\/\/csotrading.com\/tr\/wp-json\/wp\/v2\/media\/3877"}],"wp:attachment":[{"href":"https:\/\/csotrading.com\/tr\/wp-json\/wp\/v2\/media?parent=4338"}],"wp:term":[{"taxonomy":"product_brand","embeddable":true,"href":"https:\/\/csotrading.com\/tr\/wp-json\/wp\/v2\/product_brand?post=4338"},{"taxonomy":"product_cat","embeddable":true,"href":"https:\/\/csotrading.com\/tr\/wp-json\/wp\/v2\/product_cat?post=4338"},{"taxonomy":"product_tag","embeddable":true,"href":"https:\/\/csotrading.com\/tr\/wp-json\/wp\/v2\/product_tag?post=4338"}],"curies":[{"name":"wp","href":"https:\/\/api.w.org\/{rel}","templated":true}]}}