{"id":4337,"date":"2020-06-15T23:33:54","date_gmt":"2020-06-15T20:33:54","guid":{"rendered":"http:\/\/csotrading.com\/product\/601431-utor-2i\/"},"modified":"2020-07-04T22:16:38","modified_gmt":"2020-07-04T19:16:38","slug":"601431-utor-2i","status":"publish","type":"product","link":"https:\/\/csotrading.com\/tr\/product\/601431-utor-2i\/","title":{"rendered":"601431 UTOR-2i"},"content":{"rendered":"<table class=\"table table-condensed\">\n<tbody>\n<tr>\n<td class=\"full\" colspan=\"2\"><strong>Genel \u00dcr\u00fcn Bilgileri<\/strong><\/td>\n<td>TTL Seviyesi<\/td>\n<td>RS232<\/td>\n<\/tr>\n<tr>\n<td colspan=\"2\"><\/td>\n<td>\u0130zolasyon<\/td>\n<td>2500Vrms<\/td>\n<\/tr>\n<tr>\n<td colspan=\"2\"><\/td>\n<td>USB<\/td>\n<td>USB 1.1 and USB 2.0<\/td>\n<\/tr>\n<tr>\n<td colspan=\"2\"><\/td>\n<td>Port H\u0131z\u0131<\/td>\n<td>300 .. 115200 bps<\/td>\n<\/tr>\n<tr>\n<td colspan=\"2\"><\/td>\n<td>Nem<\/td>\n<td>Max. %95, non-condensing<\/td>\n<\/tr>\n<tr>\n<td colspan=\"2\"><\/td>\n<td>\u00c7al\u0131\u015fma S\u0131cakl\u0131\u011f\u0131<\/td>\n<td>-20\u00b0C .. 60\u00b0C<\/td>\n<\/tr>\n<tr>\n<td colspan=\"2\"><\/td>\n<td>Depolama S\u0131cakl\u0131\u011f\u0131<\/td>\n<td>-20\u00b0C .. 70\u00b0C<\/td>\n<\/tr>\n<tr>\n<td class=\"full\" colspan=\"2\"><strong>Mekanik \u00d6zellikler<\/strong><\/td>\n<td>A\u011f\u0131rl\u0131k (g)<\/td>\n<td><\/td>\n<\/tr>\n<tr>\n<td colspan=\"2\"><\/td>\n<td>Ambalaj Adedi<\/td>\n<td>1<\/td>\n<\/tr>\n<\/tbody>\n<\/table>\n<h1>\u0130zoleli USB &#8211; RS232 D\u00f6n\u00fc\u015ft\u00fcr\u00fcc\u00fc<\/h1>\n<p>\u0130zoleli\u00a0<strong>USB &#8211; RS232 D\u00f6n\u00fc\u015ft\u00fcr\u00fcc\u00fc<\/strong>\u00a0ile RS232 haberle\u015fme standard\u0131n\u0131 kullanan cihazlara, USB haberle\u015fme aray\u00fcz\u00fcne (USB giri\u015fine) sahip cihzalardan ba\u011flanabilmek i\u00e7in USB\u00a0 &#8211; RS232 d\u00f6n\u00fc\u015ft\u00fcr\u00fcc\u00fc kullanarak iki farkl\u0131 haberle\u015fme teknolojini kullanan cihaz\u0131 birbiri ile konu\u015fturabilirsiniz.<\/p>\n<p>USB giri\u015fi olan bilgisayar\u0131n\u0131za takarak da kullanabilece\u011finiz izoleli USB &#8211; RS232 d\u00f6n\u00fc\u015ft\u00fcr\u00fcc\u00fc Klemsan UTOR-2i, USB 1.1 ve USB 2.0 h\u0131zlar\u0131nda ba\u011flant\u0131ya imkan tan\u0131yor.<\/p>\n","protected":false},"excerpt":{"rendered":"<p>\u0130zoleli USB-RS232 D\u00f6n\u00fc\u015ft\u00fcr\u00fcc\u00fc<\/p>\n","protected":false},"featured_media":3874,"comment_status":"open","ping_status":"closed","template":"","meta":[],"product_brand":[],"product_cat":[363],"product_tag":[162,163],"class_list":{"0":"post-4337","1":"product","2":"type-product","3":"status-publish","4":"has-post-thumbnail","6":"product_cat-otomasyon-urunleri","7":"product_tag-162","8":"product_tag-utor-2i","10":"first","11":"instock","12":"shipping-taxable","13":"product-type-simple"},"yoast_head":"<!-- This site is optimized with the Yoast SEO plugin v24.3 - https:\/\/yoast.com\/wordpress\/plugins\/seo\/ -->\n<title>601431 UTOR-2i - CSO TRADING<\/title>\n<meta name=\"robots\" content=\"index, follow, max-snippet:-1, max-image-preview:large, max-video-preview:-1\" \/>\n<link rel=\"canonical\" href=\"https:\/\/csotrading.com\/product\/601431-utor-2i\/\" \/>\n<meta property=\"og:locale\" content=\"tr_TR\" \/>\n<meta property=\"og:type\" content=\"article\" \/>\n<meta property=\"og:title\" content=\"601431 UTOR-2i - CSO TRADING\" \/>\n<meta property=\"og:description\" content=\"\u0130zoleli USB-RS232 D\u00f6n\u00fc\u015ft\u00fcr\u00fcc\u00fc\" \/>\n<meta property=\"og:url\" content=\"https:\/\/csotrading.com\/product\/601431-utor-2i\/\" \/>\n<meta property=\"og:site_name\" content=\"CSO TRADING\" \/>\n<meta property=\"article:modified_time\" content=\"2020-07-04T19:16:38+00:00\" \/>\n<meta property=\"og:image\" content=\"https:\/\/csotrading.com\/wp-content\/uploads\/2020\/06\/serial-connection-utor-2i-601431-UTOR-2i.png\" \/>\n\t<meta property=\"og:image:width\" content=\"1024\" \/>\n\t<meta property=\"og:image:height\" content=\"768\" \/>\n\t<meta property=\"og:image:type\" content=\"image\/png\" \/>\n<meta name=\"twitter:card\" content=\"summary_large_image\" \/>\n<meta name=\"twitter:label1\" content=\"Tahmini okuma s\u00fcresi\" \/>\n\t<meta name=\"twitter:data1\" content=\"1 dakika\" \/>\n<script type=\"application\/ld+json\" class=\"yoast-schema-graph\">{\"@context\":\"https:\/\/schema.org\",\"@graph\":[{\"@type\":\"WebPage\",\"@id\":\"https:\/\/csotrading.com\/product\/601431-utor-2i\/\",\"url\":\"https:\/\/csotrading.com\/product\/601431-utor-2i\/\",\"name\":\"601431 UTOR-2i - CSO TRADING\",\"isPartOf\":{\"@id\":\"https:\/\/csotrading.com\/#website\"},\"primaryImageOfPage\":{\"@id\":\"https:\/\/csotrading.com\/product\/601431-utor-2i\/#primaryimage\"},\"image\":{\"@id\":\"https:\/\/csotrading.com\/product\/601431-utor-2i\/#primaryimage\"},\"thumbnailUrl\":\"https:\/\/csotrading.com\/wp-content\/uploads\/2020\/06\/serial-connection-utor-2i-601431-UTOR-2i.png\",\"datePublished\":\"2020-06-15T20:33:54+00:00\",\"dateModified\":\"2020-07-04T19:16:38+00:00\",\"breadcrumb\":{\"@id\":\"https:\/\/csotrading.com\/product\/601431-utor-2i\/#breadcrumb\"},\"inLanguage\":\"tr\",\"potentialAction\":[{\"@type\":\"ReadAction\",\"target\":[\"https:\/\/csotrading.com\/product\/601431-utor-2i\/\"]}]},{\"@type\":\"ImageObject\",\"inLanguage\":\"tr\",\"@id\":\"https:\/\/csotrading.com\/product\/601431-utor-2i\/#primaryimage\",\"url\":\"https:\/\/csotrading.com\/wp-content\/uploads\/2020\/06\/serial-connection-utor-2i-601431-UTOR-2i.png\",\"contentUrl\":\"https:\/\/csotrading.com\/wp-content\/uploads\/2020\/06\/serial-connection-utor-2i-601431-UTOR-2i.png\",\"width\":1024,\"height\":768},{\"@type\":\"BreadcrumbList\",\"@id\":\"https:\/\/csotrading.com\/product\/601431-utor-2i\/#breadcrumb\",\"itemListElement\":[{\"@type\":\"ListItem\",\"position\":1,\"name\":\"Home\",\"item\":\"https:\/\/csotrading.com\/tr\/\"},{\"@type\":\"ListItem\",\"position\":2,\"name\":\"Ma\u011faza\",\"item\":\"https:\/\/csotrading.com\/magaza\/\"},{\"@type\":\"ListItem\",\"position\":3,\"name\":\"601431 UTOR-2i\"}]},{\"@type\":\"WebSite\",\"@id\":\"https:\/\/csotrading.com\/#website\",\"url\":\"https:\/\/csotrading.com\/\",\"name\":\"CSO TRADING\",\"description\":\"\",\"potentialAction\":[{\"@type\":\"SearchAction\",\"target\":{\"@type\":\"EntryPoint\",\"urlTemplate\":\"https:\/\/csotrading.com\/?s={search_term_string}\"},\"query-input\":{\"@type\":\"PropertyValueSpecification\",\"valueRequired\":true,\"valueName\":\"search_term_string\"}}],\"inLanguage\":\"tr\"}]}<\/script>\n<!-- \/ Yoast SEO plugin. -->","yoast_head_json":{"title":"601431 UTOR-2i - CSO TRADING","robots":{"index":"index","follow":"follow","max-snippet":"max-snippet:-1","max-image-preview":"max-image-preview:large","max-video-preview":"max-video-preview:-1"},"canonical":"https:\/\/csotrading.com\/product\/601431-utor-2i\/","og_locale":"tr_TR","og_type":"article","og_title":"601431 UTOR-2i - CSO TRADING","og_description":"\u0130zoleli USB-RS232 D\u00f6n\u00fc\u015ft\u00fcr\u00fcc\u00fc","og_url":"https:\/\/csotrading.com\/product\/601431-utor-2i\/","og_site_name":"CSO TRADING","article_modified_time":"2020-07-04T19:16:38+00:00","og_image":[{"width":1024,"height":768,"url":"https:\/\/csotrading.com\/wp-content\/uploads\/2020\/06\/serial-connection-utor-2i-601431-UTOR-2i.png","type":"image\/png"}],"twitter_card":"summary_large_image","twitter_misc":{"Tahmini okuma s\u00fcresi":"1 dakika"},"schema":{"@context":"https:\/\/schema.org","@graph":[{"@type":"WebPage","@id":"https:\/\/csotrading.com\/product\/601431-utor-2i\/","url":"https:\/\/csotrading.com\/product\/601431-utor-2i\/","name":"601431 UTOR-2i - CSO TRADING","isPartOf":{"@id":"https:\/\/csotrading.com\/#website"},"primaryImageOfPage":{"@id":"https:\/\/csotrading.com\/product\/601431-utor-2i\/#primaryimage"},"image":{"@id":"https:\/\/csotrading.com\/product\/601431-utor-2i\/#primaryimage"},"thumbnailUrl":"https:\/\/csotrading.com\/wp-content\/uploads\/2020\/06\/serial-connection-utor-2i-601431-UTOR-2i.png","datePublished":"2020-06-15T20:33:54+00:00","dateModified":"2020-07-04T19:16:38+00:00","breadcrumb":{"@id":"https:\/\/csotrading.com\/product\/601431-utor-2i\/#breadcrumb"},"inLanguage":"tr","potentialAction":[{"@type":"ReadAction","target":["https:\/\/csotrading.com\/product\/601431-utor-2i\/"]}]},{"@type":"ImageObject","inLanguage":"tr","@id":"https:\/\/csotrading.com\/product\/601431-utor-2i\/#primaryimage","url":"https:\/\/csotrading.com\/wp-content\/uploads\/2020\/06\/serial-connection-utor-2i-601431-UTOR-2i.png","contentUrl":"https:\/\/csotrading.com\/wp-content\/uploads\/2020\/06\/serial-connection-utor-2i-601431-UTOR-2i.png","width":1024,"height":768},{"@type":"BreadcrumbList","@id":"https:\/\/csotrading.com\/product\/601431-utor-2i\/#breadcrumb","itemListElement":[{"@type":"ListItem","position":1,"name":"Home","item":"https:\/\/csotrading.com\/tr\/"},{"@type":"ListItem","position":2,"name":"Ma\u011faza","item":"https:\/\/csotrading.com\/magaza\/"},{"@type":"ListItem","position":3,"name":"601431 UTOR-2i"}]},{"@type":"WebSite","@id":"https:\/\/csotrading.com\/#website","url":"https:\/\/csotrading.com\/","name":"CSO TRADING","description":"","potentialAction":[{"@type":"SearchAction","target":{"@type":"EntryPoint","urlTemplate":"https:\/\/csotrading.com\/?s={search_term_string}"},"query-input":{"@type":"PropertyValueSpecification","valueRequired":true,"valueName":"search_term_string"}}],"inLanguage":"tr"}]}},"_links":{"self":[{"href":"https:\/\/csotrading.com\/tr\/wp-json\/wp\/v2\/product\/4337"}],"collection":[{"href":"https:\/\/csotrading.com\/tr\/wp-json\/wp\/v2\/product"}],"about":[{"href":"https:\/\/csotrading.com\/tr\/wp-json\/wp\/v2\/types\/product"}],"replies":[{"embeddable":true,"href":"https:\/\/csotrading.com\/tr\/wp-json\/wp\/v2\/comments?post=4337"}],"wp:featuredmedia":[{"embeddable":true,"href":"https:\/\/csotrading.com\/tr\/wp-json\/wp\/v2\/media\/3874"}],"wp:attachment":[{"href":"https:\/\/csotrading.com\/tr\/wp-json\/wp\/v2\/media?parent=4337"}],"wp:term":[{"taxonomy":"product_brand","embeddable":true,"href":"https:\/\/csotrading.com\/tr\/wp-json\/wp\/v2\/product_brand?post=4337"},{"taxonomy":"product_cat","embeddable":true,"href":"https:\/\/csotrading.com\/tr\/wp-json\/wp\/v2\/product_cat?post=4337"},{"taxonomy":"product_tag","embeddable":true,"href":"https:\/\/csotrading.com\/tr\/wp-json\/wp\/v2\/product_tag?post=4337"}],"curies":[{"name":"wp","href":"https:\/\/api.w.org\/{rel}","templated":true}]}}