{"id":4333,"date":"2020-06-15T22:41:23","date_gmt":"2020-06-15T19:41:23","guid":{"rendered":"http:\/\/csotrading.com\/product\/601400-etor-4\/"},"modified":"2020-07-04T21:20:23","modified_gmt":"2020-07-04T18:20:23","slug":"601400-etor-4","status":"publish","type":"product","link":"https:\/\/csotrading.com\/tr\/product\/601400-etor-4\/","title":{"rendered":"601400 ETOR-4"},"content":{"rendered":"<table class=\"table table-condensed\">\n<tbody>\n<tr>\n<td class=\"full\" colspan=\"2\"><strong>Genel<\/strong><\/td>\n<td><\/td>\n<td><\/td>\n<\/tr>\n<tr>\n<td colspan=\"2\"><\/td>\n<td>Kasa Geni\u015fli\u011fi (mm)<\/td>\n<td>17,5<\/td>\n<\/tr>\n<tr>\n<td colspan=\"2\"><\/td>\n<td>Ba\u011flant\u0131 \u015eekli<\/td>\n<td>Screw Terminal (for supply and serial interface)<\/td>\n<\/tr>\n<tr>\n<td colspan=\"2\"><\/td>\n<td>\u00c7al\u0131\u015fma \u015eekli<\/td>\n<td>Server or Client Selectable (bidirectional)<\/td>\n<\/tr>\n<tr>\n<td colspan=\"2\"><\/td>\n<td>Konfig\u00fcrasyon<\/td>\n<td>Mini USB Port or Web Interface<\/td>\n<\/tr>\n<tr>\n<td colspan=\"2\"><\/td>\n<td>DHCP (Otomatik IP Alma)<\/td>\n<td>\u2714<\/td>\n<\/tr>\n<tr>\n<td colspan=\"2\"><\/td>\n<td>ARP<\/td>\n<td>\u2714<\/td>\n<\/tr>\n<tr>\n<td colspan=\"2\"><\/td>\n<td>Ping Bloklama<\/td>\n<td>\u2714<\/td>\n<\/tr>\n<tr>\n<td colspan=\"2\"><\/td>\n<td>LED G\u00f6stergeler<\/td>\n<td>\u2714<\/td>\n<\/tr>\n<tr>\n<td colspan=\"2\"><\/td>\n<td>Reset Fonksiyonu<\/td>\n<td>\u2714<\/td>\n<\/tr>\n<tr>\n<td colspan=\"2\"><\/td>\n<td>ESD Korumas\u0131<\/td>\n<td>\u2714<\/td>\n<\/tr>\n<tr>\n<td colspan=\"2\"><\/td>\n<td>Desteklenen S\u00fcr\u00fcceler<\/td>\n<td>Windows XP\/Vista\/7\/8\/8.1<\/td>\n<\/tr>\n<tr>\n<td class=\"full\" colspan=\"2\"><strong>Ethernet Aray\u00fcz\u00fc<\/strong><\/td>\n<td>Port Say\u0131s\u0131<\/td>\n<td>1<\/td>\n<\/tr>\n<tr>\n<td colspan=\"2\"><\/td>\n<td>\u00c7al\u0131\u015fma Modlar\u0131<\/td>\n<td>Modbus TCP, Modbus RTU over TCP, Modbus ASCII over TCP<\/td>\n<\/tr>\n<tr>\n<td><strong class=\"parent\">Ethernet Aray\u00fcz\u00fc<\/strong><\/td>\n<td class=\"\" colspan=\"1\"><strong>Uzak Ba\u011flant\u0131 Say\u0131s\u0131<\/strong><\/td>\n<td>Server Mode<\/td>\n<td>6<\/td>\n<\/tr>\n<tr>\n<td><\/td>\n<td colspan=\"1\"><\/td>\n<td>Al\u0131c\u0131 Modu<\/td>\n<td>1<\/td>\n<\/tr>\n<tr>\n<td class=\"full\" colspan=\"2\"><strong>Ethernet Aray\u00fcz\u00fc<\/strong><\/td>\n<td>Konnekt\u00f6r<\/td>\n<td>RJ45<\/td>\n<\/tr>\n<tr>\n<td colspan=\"2\"><\/td>\n<td>Veri Aktar\u0131m H\u0131z\u0131<\/td>\n<td>10\/100 Base-TX<\/td>\n<\/tr>\n<tr>\n<td class=\"full\" colspan=\"2\"><strong>Seri Aray\u00fcz<\/strong><\/td>\n<td>Port Say\u0131s\u0131<\/td>\n<td>1<\/td>\n<\/tr>\n<tr>\n<td colspan=\"2\"><\/td>\n<td>\u00c7al\u0131\u015fma Modlar\u0131<\/td>\n<td>Modbus RTU, Modbus ASCII<\/td>\n<\/tr>\n<tr>\n<td colspan=\"2\"><\/td>\n<td>Seri Ba\u011flant\u0131 Standard\u0131<\/td>\n<td>RS485<\/td>\n<\/tr>\n<tr>\n<td><strong class=\"parent\">Seri Aray\u00fcz<\/strong><\/td>\n<td class=\"\" colspan=\"1\"><strong>Seri Ba\u011flant\u0131 Cihaz Say\u0131s\u0131<\/strong><\/td>\n<td>Sunucu Modu<\/td>\n<td>64<\/td>\n<\/tr>\n<tr>\n<td><\/td>\n<td colspan=\"1\"><\/td>\n<td>Al\u0131c\u0131 Modu<\/td>\n<td>1<\/td>\n<\/tr>\n<tr>\n<td><\/td>\n<td class=\"\" colspan=\"1\"><strong>Seri Ba\u011flant\u0131 Parametreleri<\/strong><\/td>\n<td>Baud De\u011feri<\/td>\n<td>300 to 115200 bps<\/td>\n<\/tr>\n<tr>\n<td><\/td>\n<td colspan=\"1\"><\/td>\n<td>Data Bit<\/td>\n<td>8<\/td>\n<\/tr>\n<tr>\n<td><\/td>\n<td colspan=\"1\"><\/td>\n<td>Stop Bits<\/td>\n<td>1 or 2<\/td>\n<\/tr>\n<tr>\n<td><\/td>\n<td colspan=\"1\"><\/td>\n<td>Parite<\/td>\n<td>None, Even, Odd<\/td>\n<\/tr>\n<tr>\n<td><strong class=\"parent\">Besleme<\/strong><\/td>\n<td class=\"\" colspan=\"1\"><strong>Gerilim<\/strong><\/td>\n<td>AC<\/td>\n<td>18-50V<\/td>\n<\/tr>\n<tr>\n<td><\/td>\n<td colspan=\"1\"><\/td>\n<td>DC<\/td>\n<td>18-50V<\/td>\n<\/tr>\n<tr>\n<td><\/td>\n<td class=\"\" colspan=\"1\"><strong>T\u00fcketim<\/strong><\/td>\n<td>AC<\/td>\n<td>&lt;2.2VA<\/td>\n<\/tr>\n<tr>\n<td><\/td>\n<td colspan=\"1\"><\/td>\n<td>DC<\/td>\n<td>&lt;1.2W<\/td>\n<\/tr>\n<tr>\n<td class=\"full\" colspan=\"2\"><strong>Besleme<\/strong><\/td>\n<td>Frekans<\/td>\n<td>45-65Hz<\/td>\n<\/tr>\n<tr>\n<td class=\"full\" colspan=\"2\"><strong>Galvanik \u0130zolasyon<\/strong><\/td>\n<td>Besleme &#8211; Ethernet Port<\/td>\n<td>1500VRMS, 2250VDC<\/td>\n<\/tr>\n<tr>\n<td colspan=\"2\"><\/td>\n<td>Besleme &#8211; Seri Port<\/td>\n<td>1500VRMS, 2250VDC<\/td>\n<\/tr>\n<tr>\n<td colspan=\"2\"><\/td>\n<td>Seri Port &#8211; Ethernet Port<\/td>\n<td>2500VRMS<\/td>\n<\/tr>\n<tr>\n<td class=\"full\" colspan=\"2\"><strong>Mekanik \u00d6zellikler<\/strong><\/td>\n<td>A\u011f\u0131rl\u0131k (g)<\/td>\n<td>58<\/td>\n<\/tr>\n<tr>\n<td colspan=\"2\"><\/td>\n<td>Ambalaj Adedi<\/td>\n<td>1<\/td>\n<\/tr>\n<tr>\n<td colspan=\"2\"><\/td>\n<td>Koruma S\u0131n\u0131f\u0131<\/td>\n<td>IP20<\/td>\n<\/tr>\n<tr>\n<td colspan=\"2\"><\/td>\n<td>Motaj \u015eekli<\/td>\n<td>Rail Mount<\/td>\n<\/tr>\n<tr>\n<td class=\"full\" colspan=\"2\"><strong>Ortam Ko\u015fullar\u0131<\/strong><\/td>\n<td>\u00c7al\u0131\u015fma S\u0131cakl\u0131\u011f\u0131<\/td>\n<td>-10\u00b0C +60\u00b0C<\/td>\n<\/tr>\n<tr>\n<td colspan=\"2\"><\/td>\n<td>Depolama S\u0131cakl\u0131\u011f\u0131<\/td>\n<td>-30\u00b0C +80\u00b0C<\/td>\n<\/tr>\n<tr>\n<td colspan=\"2\"><\/td>\n<td>Ba\u011f\u0131l Nem (Yo\u011fu\u015fmas\u0131z)<\/td>\n<td>Maks. 95%<\/td>\n<\/tr>\n<tr>\n<td class=\"full\" colspan=\"2\"><strong>EMC-EMI<\/strong><\/td>\n<td>TS EN 55022, TS EN 55024<\/td>\n<td><\/td>\n<\/tr>\n<tr>\n<td class=\"full\" colspan=\"2\"><strong>Genel<\/strong><\/td>\n<td>\u015eemalar<\/td>\n<td><\/td>\n<\/tr>\n<\/tbody>\n<\/table>\n","protected":false},"excerpt":{"rendered":"<p>Ethernet Gateway (TCP\/IP &#8211; RS485)<\/p>\n","protected":false},"featured_media":3865,"comment_status":"open","ping_status":"closed","template":"","meta":[],"product_brand":[],"product_cat":[363],"product_tag":[156,157],"class_list":{"0":"post-4333","1":"product","2":"type-product","3":"status-publish","4":"has-post-thumbnail","6":"product_cat-otomasyon-urunleri","7":"product_tag-156","8":"product_tag-etor-4","10":"first","11":"instock","12":"shipping-taxable","13":"product-type-simple"},"yoast_head":"<!-- This site is optimized with the Yoast SEO plugin v24.3 - https:\/\/yoast.com\/wordpress\/plugins\/seo\/ -->\n<title>601400 ETOR-4 - CSO TRADING<\/title>\n<meta name=\"robots\" content=\"index, follow, max-snippet:-1, max-image-preview:large, max-video-preview:-1\" \/>\n<link rel=\"canonical\" href=\"https:\/\/csotrading.com\/tr\/product\/601400-etor-4\/\" \/>\n<meta property=\"og:locale\" content=\"tr_TR\" \/>\n<meta property=\"og:type\" content=\"article\" \/>\n<meta property=\"og:title\" content=\"601400 ETOR-4 - CSO TRADING\" \/>\n<meta property=\"og:description\" content=\"Ethernet Gateway (TCP\/IP - RS485)\" \/>\n<meta property=\"og:url\" content=\"https:\/\/csotrading.com\/tr\/product\/601400-etor-4\/\" \/>\n<meta property=\"og:site_name\" content=\"CSO TRADING\" \/>\n<meta property=\"article:modified_time\" content=\"2020-07-04T18:20:23+00:00\" \/>\n<meta property=\"og:image\" content=\"https:\/\/csotrading.com\/wp-content\/uploads\/2020\/06\/etor-ethernet-gateway-etor-4-tcp-ip-rs485.601400-ETOR-4.jpg\" \/>\n\t<meta property=\"og:image:width\" content=\"897\" \/>\n\t<meta property=\"og:image:height\" content=\"768\" \/>\n\t<meta property=\"og:image:type\" content=\"image\/jpeg\" \/>\n<meta name=\"twitter:card\" content=\"summary_large_image\" \/>\n<meta name=\"twitter:label1\" content=\"Tahmini okuma s\u00fcresi\" \/>\n\t<meta name=\"twitter:data1\" content=\"1 dakika\" \/>\n<script type=\"application\/ld+json\" class=\"yoast-schema-graph\">{\"@context\":\"https:\/\/schema.org\",\"@graph\":[{\"@type\":\"WebPage\",\"@id\":\"https:\/\/csotrading.com\/tr\/product\/601400-etor-4\/\",\"url\":\"https:\/\/csotrading.com\/tr\/product\/601400-etor-4\/\",\"name\":\"601400 ETOR-4 - CSO TRADING\",\"isPartOf\":{\"@id\":\"https:\/\/csotrading.com\/#website\"},\"primaryImageOfPage\":{\"@id\":\"https:\/\/csotrading.com\/tr\/product\/601400-etor-4\/#primaryimage\"},\"image\":{\"@id\":\"https:\/\/csotrading.com\/tr\/product\/601400-etor-4\/#primaryimage\"},\"thumbnailUrl\":\"https:\/\/csotrading.com\/wp-content\/uploads\/2020\/06\/etor-ethernet-gateway-etor-4-tcp-ip-rs485.601400-ETOR-4.jpg\",\"datePublished\":\"2020-06-15T19:41:23+00:00\",\"dateModified\":\"2020-07-04T18:20:23+00:00\",\"breadcrumb\":{\"@id\":\"https:\/\/csotrading.com\/tr\/product\/601400-etor-4\/#breadcrumb\"},\"inLanguage\":\"tr\",\"potentialAction\":[{\"@type\":\"ReadAction\",\"target\":[\"https:\/\/csotrading.com\/tr\/product\/601400-etor-4\/\"]}]},{\"@type\":\"ImageObject\",\"inLanguage\":\"tr\",\"@id\":\"https:\/\/csotrading.com\/tr\/product\/601400-etor-4\/#primaryimage\",\"url\":\"https:\/\/csotrading.com\/wp-content\/uploads\/2020\/06\/etor-ethernet-gateway-etor-4-tcp-ip-rs485.601400-ETOR-4.jpg\",\"contentUrl\":\"https:\/\/csotrading.com\/wp-content\/uploads\/2020\/06\/etor-ethernet-gateway-etor-4-tcp-ip-rs485.601400-ETOR-4.jpg\",\"width\":897,\"height\":768},{\"@type\":\"BreadcrumbList\",\"@id\":\"https:\/\/csotrading.com\/tr\/product\/601400-etor-4\/#breadcrumb\",\"itemListElement\":[{\"@type\":\"ListItem\",\"position\":1,\"name\":\"Home\",\"item\":\"https:\/\/csotrading.com\/tr\/\"},{\"@type\":\"ListItem\",\"position\":2,\"name\":\"Ma\u011faza\",\"item\":\"https:\/\/csotrading.com\/magaza\/\"},{\"@type\":\"ListItem\",\"position\":3,\"name\":\"601400 ETOR-4\"}]},{\"@type\":\"WebSite\",\"@id\":\"https:\/\/csotrading.com\/#website\",\"url\":\"https:\/\/csotrading.com\/\",\"name\":\"CSO TRADING\",\"description\":\"\",\"potentialAction\":[{\"@type\":\"SearchAction\",\"target\":{\"@type\":\"EntryPoint\",\"urlTemplate\":\"https:\/\/csotrading.com\/?s={search_term_string}\"},\"query-input\":{\"@type\":\"PropertyValueSpecification\",\"valueRequired\":true,\"valueName\":\"search_term_string\"}}],\"inLanguage\":\"tr\"}]}<\/script>\n<!-- \/ Yoast SEO plugin. -->","yoast_head_json":{"title":"601400 ETOR-4 - CSO TRADING","robots":{"index":"index","follow":"follow","max-snippet":"max-snippet:-1","max-image-preview":"max-image-preview:large","max-video-preview":"max-video-preview:-1"},"canonical":"https:\/\/csotrading.com\/tr\/product\/601400-etor-4\/","og_locale":"tr_TR","og_type":"article","og_title":"601400 ETOR-4 - CSO TRADING","og_description":"Ethernet Gateway (TCP\/IP - RS485)","og_url":"https:\/\/csotrading.com\/tr\/product\/601400-etor-4\/","og_site_name":"CSO TRADING","article_modified_time":"2020-07-04T18:20:23+00:00","og_image":[{"width":897,"height":768,"url":"https:\/\/csotrading.com\/wp-content\/uploads\/2020\/06\/etor-ethernet-gateway-etor-4-tcp-ip-rs485.601400-ETOR-4.jpg","type":"image\/jpeg"}],"twitter_card":"summary_large_image","twitter_misc":{"Tahmini okuma s\u00fcresi":"1 dakika"},"schema":{"@context":"https:\/\/schema.org","@graph":[{"@type":"WebPage","@id":"https:\/\/csotrading.com\/tr\/product\/601400-etor-4\/","url":"https:\/\/csotrading.com\/tr\/product\/601400-etor-4\/","name":"601400 ETOR-4 - CSO TRADING","isPartOf":{"@id":"https:\/\/csotrading.com\/#website"},"primaryImageOfPage":{"@id":"https:\/\/csotrading.com\/tr\/product\/601400-etor-4\/#primaryimage"},"image":{"@id":"https:\/\/csotrading.com\/tr\/product\/601400-etor-4\/#primaryimage"},"thumbnailUrl":"https:\/\/csotrading.com\/wp-content\/uploads\/2020\/06\/etor-ethernet-gateway-etor-4-tcp-ip-rs485.601400-ETOR-4.jpg","datePublished":"2020-06-15T19:41:23+00:00","dateModified":"2020-07-04T18:20:23+00:00","breadcrumb":{"@id":"https:\/\/csotrading.com\/tr\/product\/601400-etor-4\/#breadcrumb"},"inLanguage":"tr","potentialAction":[{"@type":"ReadAction","target":["https:\/\/csotrading.com\/tr\/product\/601400-etor-4\/"]}]},{"@type":"ImageObject","inLanguage":"tr","@id":"https:\/\/csotrading.com\/tr\/product\/601400-etor-4\/#primaryimage","url":"https:\/\/csotrading.com\/wp-content\/uploads\/2020\/06\/etor-ethernet-gateway-etor-4-tcp-ip-rs485.601400-ETOR-4.jpg","contentUrl":"https:\/\/csotrading.com\/wp-content\/uploads\/2020\/06\/etor-ethernet-gateway-etor-4-tcp-ip-rs485.601400-ETOR-4.jpg","width":897,"height":768},{"@type":"BreadcrumbList","@id":"https:\/\/csotrading.com\/tr\/product\/601400-etor-4\/#breadcrumb","itemListElement":[{"@type":"ListItem","position":1,"name":"Home","item":"https:\/\/csotrading.com\/tr\/"},{"@type":"ListItem","position":2,"name":"Ma\u011faza","item":"https:\/\/csotrading.com\/magaza\/"},{"@type":"ListItem","position":3,"name":"601400 ETOR-4"}]},{"@type":"WebSite","@id":"https:\/\/csotrading.com\/#website","url":"https:\/\/csotrading.com\/","name":"CSO TRADING","description":"","potentialAction":[{"@type":"SearchAction","target":{"@type":"EntryPoint","urlTemplate":"https:\/\/csotrading.com\/?s={search_term_string}"},"query-input":{"@type":"PropertyValueSpecification","valueRequired":true,"valueName":"search_term_string"}}],"inLanguage":"tr"}]}},"_links":{"self":[{"href":"https:\/\/csotrading.com\/tr\/wp-json\/wp\/v2\/product\/4333"}],"collection":[{"href":"https:\/\/csotrading.com\/tr\/wp-json\/wp\/v2\/product"}],"about":[{"href":"https:\/\/csotrading.com\/tr\/wp-json\/wp\/v2\/types\/product"}],"replies":[{"embeddable":true,"href":"https:\/\/csotrading.com\/tr\/wp-json\/wp\/v2\/comments?post=4333"}],"wp:featuredmedia":[{"embeddable":true,"href":"https:\/\/csotrading.com\/tr\/wp-json\/wp\/v2\/media\/3865"}],"wp:attachment":[{"href":"https:\/\/csotrading.com\/tr\/wp-json\/wp\/v2\/media?parent=4333"}],"wp:term":[{"taxonomy":"product_brand","embeddable":true,"href":"https:\/\/csotrading.com\/tr\/wp-json\/wp\/v2\/product_brand?post=4333"},{"taxonomy":"product_cat","embeddable":true,"href":"https:\/\/csotrading.com\/tr\/wp-json\/wp\/v2\/product_cat?post=4333"},{"taxonomy":"product_tag","embeddable":true,"href":"https:\/\/csotrading.com\/tr\/wp-json\/wp\/v2\/product_tag?post=4333"}],"curies":[{"name":"wp","href":"https:\/\/api.w.org\/{rel}","templated":true}]}}