{"id":4330,"date":"2020-06-15T22:30:59","date_gmt":"2020-06-15T19:30:59","guid":{"rendered":"http:\/\/csotrading.com\/product\/260001-klemsan-remote-i-o-1001\/"},"modified":"2020-07-03T23:23:44","modified_gmt":"2020-07-03T20:23:44","slug":"260001-klemsan-remote-i-o-1001","status":"publish","type":"product","link":"https:\/\/csotrading.com\/tr\/product\/260001-klemsan-remote-i-o-1001\/","title":{"rendered":"260001 KLEMSAN REMOTE I\/O 1001"},"content":{"rendered":"<table class=\"table table-condensed\">\n<tbody>\n<tr>\n<td class=\"full\" colspan=\"2\"><strong>Genel \u00dcr\u00fcn Bilgileri<\/strong><\/td>\n<td>Ba\u011flant\u0131lar<\/td>\n<td>Screw terminal<\/td>\n<\/tr>\n<tr>\n<td colspan=\"2\"><\/td>\n<td>Kasa Geni\u015fli\u011fi (mm)<\/td>\n<td>17,5<\/td>\n<\/tr>\n<tr>\n<td colspan=\"2\"><\/td>\n<td>Montaj tipi<\/td>\n<td>Rail Mounted<\/td>\n<\/tr>\n<tr>\n<td><strong class=\"parent\">Giri\u015f ve \u00e7\u0131k\u0131\u015f<\/strong><\/td>\n<td class=\"\" colspan=\"1\"><strong>Dijital Giri\u015f<\/strong><\/td>\n<td>Aktivasyon tipi<\/td>\n<td>Active Low, Active High<\/td>\n<\/tr>\n<tr>\n<td><\/td>\n<td colspan=\"1\"><\/td>\n<td>DI Say\u0131c\u0131<\/td>\n<td>Available<\/td>\n<\/tr>\n<tr>\n<td><\/td>\n<td colspan=\"1\"><\/td>\n<td>Frekans<\/td>\n<td>45-65Hz<\/td>\n<\/tr>\n<tr>\n<td><\/td>\n<td colspan=\"1\"><\/td>\n<td>Giri\u015f gerilimi<\/td>\n<td>24..265V AC\/DC<\/td>\n<\/tr>\n<tr>\n<td><\/td>\n<td colspan=\"1\"><\/td>\n<td>Giri\u015f say\u0131s\u0131<\/td>\n<td>1 pcs.<\/td>\n<\/tr>\n<tr>\n<td><\/td>\n<td colspan=\"1\"><\/td>\n<td>Izolasyon seviyesi<\/td>\n<td>5kVRMS<\/td>\n<\/tr>\n<tr>\n<td><\/td>\n<td colspan=\"1\"><\/td>\n<td>Min. D\u00f6n\u00fc\u015f zaman\u0131<\/td>\n<td>10msec<\/td>\n<\/tr>\n<tr>\n<td><strong class=\"parent\">Besleme<\/strong><\/td>\n<td class=\"\" colspan=\"1\"><strong>Gerilim<\/strong><\/td>\n<td>AC<\/td>\n<td>85..265V<\/td>\n<\/tr>\n<tr>\n<td><\/td>\n<td colspan=\"1\"><\/td>\n<td>DC<\/td>\n<td>&lt; 1 W<\/td>\n<\/tr>\n<tr>\n<td class=\"full\" colspan=\"2\"><strong>G\u00fc\u00e7 t\u00fcketimi<\/strong><\/td>\n<td>AC<\/td>\n<td>&lt; 2,2 VA<\/td>\n<\/tr>\n<tr>\n<td colspan=\"2\"><\/td>\n<td>DC<\/td>\n<td>&lt; 1 W<\/td>\n<\/tr>\n<tr>\n<td class=\"full\" colspan=\"2\"><strong>Ba\u011flant\u0131lar<\/strong><\/td>\n<td>\u00c7\u0131k\u0131\u015f Ba\u011flant\u0131s\u0131<\/td>\n<td>11(COM),14(NO),12(NC)<\/td>\n<\/tr>\n<tr>\n<td colspan=\"2\"><\/td>\n<td>Giri\u015f Ba\u011flant\u0131lar\u0131<\/td>\n<td>DI, COM<\/td>\n<\/tr>\n<tr>\n<td colspan=\"2\"><\/td>\n<td>Power input<\/td>\n<td>A1,A2<\/td>\n<\/tr>\n<tr>\n<td class=\"full\" colspan=\"2\"><strong>Haberle\u015fme<\/strong><\/td>\n<td>Adres<\/td>\n<td>1-247<\/td>\n<\/tr>\n<tr>\n<td colspan=\"2\"><\/td>\n<td>Baud h\u0131z\u0131<\/td>\n<td>1200 -115200 bps adjustable<\/td>\n<\/tr>\n<tr>\n<td colspan=\"2\"><\/td>\n<td>\u0130zolasyon<\/td>\n<td>2750V RMS<\/td>\n<\/tr>\n<tr>\n<td colspan=\"2\"><\/td>\n<td>Protokol<\/td>\n<td>Modbus RTU<\/td>\n<\/tr>\n<tr>\n<td colspan=\"2\"><\/td>\n<td>Stop bit<\/td>\n<td>1<\/td>\n<\/tr>\n<tr>\n<td class=\"full\" colspan=\"2\"><strong>\u0130zin verilen ortam s\u0131cakl\u0131\u011f\u0131<\/strong><\/td>\n<td>\u00c7al\u0131\u015fma S\u0131cakl\u0131\u011f\u0131<\/td>\n<td>-20 to +60 \u00b0C<\/td>\n<\/tr>\n<tr>\n<td colspan=\"2\"><\/td>\n<td>Depolama S\u0131cakl\u0131\u011f\u0131<\/td>\n<td>-30\u00b0C..+80\u00b0C<\/td>\n<\/tr>\n<tr>\n<td class=\"full\" colspan=\"2\"><strong>Mekanik \u00d6zellikler<\/strong><\/td>\n<td>A\u011f\u0131rl\u0131k (g)<\/td>\n<td>&#8212;<\/td>\n<\/tr>\n<tr>\n<td colspan=\"2\"><\/td>\n<td>Ambalaj Adedi<\/td>\n<td>1<\/td>\n<\/tr>\n<\/tbody>\n<\/table>\n","protected":false},"excerpt":{"rendered":"<p>REMOTE I\/O<\/p>\n","protected":false},"featured_media":3859,"comment_status":"open","ping_status":"closed","template":"","meta":[],"product_brand":[],"product_cat":[363],"product_tag":[152,153],"class_list":{"0":"post-4330","1":"product","2":"type-product","3":"status-publish","4":"has-post-thumbnail","6":"product_cat-otomasyon-urunleri","7":"product_tag-152","8":"product_tag-o-1001","10":"first","11":"instock","12":"shipping-taxable","13":"product-type-simple"},"yoast_head":"<!-- This site is optimized with the Yoast SEO plugin v24.3 - https:\/\/yoast.com\/wordpress\/plugins\/seo\/ -->\n<title>260001 KLEMSAN REMOTE I\/O 1001 - CSO TRADING<\/title>\n<meta name=\"robots\" content=\"index, follow, max-snippet:-1, max-image-preview:large, max-video-preview:-1\" \/>\n<link rel=\"canonical\" href=\"https:\/\/csotrading.com\/product\/260001-klemsan-remote-i-o-1001\/\" \/>\n<meta property=\"og:locale\" content=\"tr_TR\" \/>\n<meta property=\"og:type\" content=\"article\" \/>\n<meta property=\"og:title\" content=\"260001 KLEMSAN REMOTE I\/O 1001 - CSO TRADING\" \/>\n<meta property=\"og:description\" content=\"REMOTE I\/O\" \/>\n<meta property=\"og:url\" content=\"https:\/\/csotrading.com\/product\/260001-klemsan-remote-i-o-1001\/\" \/>\n<meta property=\"og:site_name\" content=\"CSO TRADING\" \/>\n<meta property=\"article:modified_time\" content=\"2020-07-03T20:23:44+00:00\" \/>\n<meta property=\"og:image\" content=\"https:\/\/csotrading.com\/wp-content\/uploads\/2020\/06\/260001-KLEMSAN-REMOTE-I.O-1001.png\" \/>\n\t<meta property=\"og:image:width\" content=\"1024\" \/>\n\t<meta property=\"og:image:height\" content=\"768\" \/>\n\t<meta property=\"og:image:type\" content=\"image\/png\" \/>\n<meta name=\"twitter:card\" content=\"summary_large_image\" \/>\n<meta name=\"twitter:label1\" content=\"Tahmini okuma s\u00fcresi\" \/>\n\t<meta name=\"twitter:data1\" content=\"1 dakika\" \/>\n<script type=\"application\/ld+json\" class=\"yoast-schema-graph\">{\"@context\":\"https:\/\/schema.org\",\"@graph\":[{\"@type\":\"WebPage\",\"@id\":\"https:\/\/csotrading.com\/product\/260001-klemsan-remote-i-o-1001\/\",\"url\":\"https:\/\/csotrading.com\/product\/260001-klemsan-remote-i-o-1001\/\",\"name\":\"260001 KLEMSAN REMOTE I\/O 1001 - CSO TRADING\",\"isPartOf\":{\"@id\":\"https:\/\/csotrading.com\/#website\"},\"primaryImageOfPage\":{\"@id\":\"https:\/\/csotrading.com\/product\/260001-klemsan-remote-i-o-1001\/#primaryimage\"},\"image\":{\"@id\":\"https:\/\/csotrading.com\/product\/260001-klemsan-remote-i-o-1001\/#primaryimage\"},\"thumbnailUrl\":\"https:\/\/csotrading.com\/wp-content\/uploads\/2020\/06\/260001-KLEMSAN-REMOTE-I.O-1001.png\",\"datePublished\":\"2020-06-15T19:30:59+00:00\",\"dateModified\":\"2020-07-03T20:23:44+00:00\",\"breadcrumb\":{\"@id\":\"https:\/\/csotrading.com\/product\/260001-klemsan-remote-i-o-1001\/#breadcrumb\"},\"inLanguage\":\"tr\",\"potentialAction\":[{\"@type\":\"ReadAction\",\"target\":[\"https:\/\/csotrading.com\/product\/260001-klemsan-remote-i-o-1001\/\"]}]},{\"@type\":\"ImageObject\",\"inLanguage\":\"tr\",\"@id\":\"https:\/\/csotrading.com\/product\/260001-klemsan-remote-i-o-1001\/#primaryimage\",\"url\":\"https:\/\/csotrading.com\/wp-content\/uploads\/2020\/06\/260001-KLEMSAN-REMOTE-I.O-1001.png\",\"contentUrl\":\"https:\/\/csotrading.com\/wp-content\/uploads\/2020\/06\/260001-KLEMSAN-REMOTE-I.O-1001.png\",\"width\":1024,\"height\":768},{\"@type\":\"BreadcrumbList\",\"@id\":\"https:\/\/csotrading.com\/product\/260001-klemsan-remote-i-o-1001\/#breadcrumb\",\"itemListElement\":[{\"@type\":\"ListItem\",\"position\":1,\"name\":\"Home\",\"item\":\"https:\/\/csotrading.com\/tr\/\"},{\"@type\":\"ListItem\",\"position\":2,\"name\":\"Ma\u011faza\",\"item\":\"https:\/\/csotrading.com\/magaza\/\"},{\"@type\":\"ListItem\",\"position\":3,\"name\":\"260001 KLEMSAN REMOTE I\/O 1001\"}]},{\"@type\":\"WebSite\",\"@id\":\"https:\/\/csotrading.com\/#website\",\"url\":\"https:\/\/csotrading.com\/\",\"name\":\"CSO TRADING\",\"description\":\"\",\"potentialAction\":[{\"@type\":\"SearchAction\",\"target\":{\"@type\":\"EntryPoint\",\"urlTemplate\":\"https:\/\/csotrading.com\/?s={search_term_string}\"},\"query-input\":{\"@type\":\"PropertyValueSpecification\",\"valueRequired\":true,\"valueName\":\"search_term_string\"}}],\"inLanguage\":\"tr\"}]}<\/script>\n<!-- \/ Yoast SEO plugin. -->","yoast_head_json":{"title":"260001 KLEMSAN REMOTE I\/O 1001 - CSO TRADING","robots":{"index":"index","follow":"follow","max-snippet":"max-snippet:-1","max-image-preview":"max-image-preview:large","max-video-preview":"max-video-preview:-1"},"canonical":"https:\/\/csotrading.com\/product\/260001-klemsan-remote-i-o-1001\/","og_locale":"tr_TR","og_type":"article","og_title":"260001 KLEMSAN REMOTE I\/O 1001 - CSO TRADING","og_description":"REMOTE I\/O","og_url":"https:\/\/csotrading.com\/product\/260001-klemsan-remote-i-o-1001\/","og_site_name":"CSO TRADING","article_modified_time":"2020-07-03T20:23:44+00:00","og_image":[{"width":1024,"height":768,"url":"https:\/\/csotrading.com\/wp-content\/uploads\/2020\/06\/260001-KLEMSAN-REMOTE-I.O-1001.png","type":"image\/png"}],"twitter_card":"summary_large_image","twitter_misc":{"Tahmini okuma s\u00fcresi":"1 dakika"},"schema":{"@context":"https:\/\/schema.org","@graph":[{"@type":"WebPage","@id":"https:\/\/csotrading.com\/product\/260001-klemsan-remote-i-o-1001\/","url":"https:\/\/csotrading.com\/product\/260001-klemsan-remote-i-o-1001\/","name":"260001 KLEMSAN REMOTE I\/O 1001 - CSO TRADING","isPartOf":{"@id":"https:\/\/csotrading.com\/#website"},"primaryImageOfPage":{"@id":"https:\/\/csotrading.com\/product\/260001-klemsan-remote-i-o-1001\/#primaryimage"},"image":{"@id":"https:\/\/csotrading.com\/product\/260001-klemsan-remote-i-o-1001\/#primaryimage"},"thumbnailUrl":"https:\/\/csotrading.com\/wp-content\/uploads\/2020\/06\/260001-KLEMSAN-REMOTE-I.O-1001.png","datePublished":"2020-06-15T19:30:59+00:00","dateModified":"2020-07-03T20:23:44+00:00","breadcrumb":{"@id":"https:\/\/csotrading.com\/product\/260001-klemsan-remote-i-o-1001\/#breadcrumb"},"inLanguage":"tr","potentialAction":[{"@type":"ReadAction","target":["https:\/\/csotrading.com\/product\/260001-klemsan-remote-i-o-1001\/"]}]},{"@type":"ImageObject","inLanguage":"tr","@id":"https:\/\/csotrading.com\/product\/260001-klemsan-remote-i-o-1001\/#primaryimage","url":"https:\/\/csotrading.com\/wp-content\/uploads\/2020\/06\/260001-KLEMSAN-REMOTE-I.O-1001.png","contentUrl":"https:\/\/csotrading.com\/wp-content\/uploads\/2020\/06\/260001-KLEMSAN-REMOTE-I.O-1001.png","width":1024,"height":768},{"@type":"BreadcrumbList","@id":"https:\/\/csotrading.com\/product\/260001-klemsan-remote-i-o-1001\/#breadcrumb","itemListElement":[{"@type":"ListItem","position":1,"name":"Home","item":"https:\/\/csotrading.com\/tr\/"},{"@type":"ListItem","position":2,"name":"Ma\u011faza","item":"https:\/\/csotrading.com\/magaza\/"},{"@type":"ListItem","position":3,"name":"260001 KLEMSAN REMOTE I\/O 1001"}]},{"@type":"WebSite","@id":"https:\/\/csotrading.com\/#website","url":"https:\/\/csotrading.com\/","name":"CSO TRADING","description":"","potentialAction":[{"@type":"SearchAction","target":{"@type":"EntryPoint","urlTemplate":"https:\/\/csotrading.com\/?s={search_term_string}"},"query-input":{"@type":"PropertyValueSpecification","valueRequired":true,"valueName":"search_term_string"}}],"inLanguage":"tr"}]}},"_links":{"self":[{"href":"https:\/\/csotrading.com\/tr\/wp-json\/wp\/v2\/product\/4330"}],"collection":[{"href":"https:\/\/csotrading.com\/tr\/wp-json\/wp\/v2\/product"}],"about":[{"href":"https:\/\/csotrading.com\/tr\/wp-json\/wp\/v2\/types\/product"}],"replies":[{"embeddable":true,"href":"https:\/\/csotrading.com\/tr\/wp-json\/wp\/v2\/comments?post=4330"}],"wp:featuredmedia":[{"embeddable":true,"href":"https:\/\/csotrading.com\/tr\/wp-json\/wp\/v2\/media\/3859"}],"wp:attachment":[{"href":"https:\/\/csotrading.com\/tr\/wp-json\/wp\/v2\/media?parent=4330"}],"wp:term":[{"taxonomy":"product_brand","embeddable":true,"href":"https:\/\/csotrading.com\/tr\/wp-json\/wp\/v2\/product_brand?post=4330"},{"taxonomy":"product_cat","embeddable":true,"href":"https:\/\/csotrading.com\/tr\/wp-json\/wp\/v2\/product_cat?post=4330"},{"taxonomy":"product_tag","embeddable":true,"href":"https:\/\/csotrading.com\/tr\/wp-json\/wp\/v2\/product_tag?post=4330"}],"curies":[{"name":"wp","href":"https:\/\/api.w.org\/{rel}","templated":true}]}}