{"id":4328,"date":"2020-06-15T22:12:06","date_gmt":"2020-06-15T19:12:06","guid":{"rendered":"http:\/\/csotrading.com\/product\/606071-rapidus-110r\/"},"modified":"2020-07-04T22:48:52","modified_gmt":"2020-07-04T19:48:52","slug":"606071-rapidus-110r","status":"publish","type":"product","link":"https:\/\/csotrading.com\/tr\/product\/606071-rapidus-110r\/","title":{"rendered":"606071 RAPIDUS 110R"},"content":{"rendered":"<table class=\"table table-condensed\">\n<tbody>\n<tr>\n<td class=\"full\" colspan=\"2\"><strong>Genel<\/strong><\/td>\n<td>\u00d6l\u00e7\u00fcm Sistemi<\/td>\n<td>1\u00d8<\/td>\n<\/tr>\n<tr>\n<td colspan=\"2\"><\/td>\n<td>LCD Ekran<\/td>\n<td>\u2714<\/td>\n<\/tr>\n<tr>\n<td colspan=\"2\"><\/td>\n<td>Dil Deste\u011fi<\/td>\n<td>Turkish, English<\/td>\n<\/tr>\n<tr>\n<td colspan=\"2\"><\/td>\n<td>\u015eifre Korumas\u0131<\/td>\n<td>\u2714<\/td>\n<\/tr>\n<tr>\n<td colspan=\"2\"><\/td>\n<td>Ak\u0131m Trafo Oran\u0131 (CTR)<\/td>\n<td>1 &#8211; 5.000<\/td>\n<\/tr>\n<tr>\n<td colspan=\"2\"><\/td>\n<td>Gerilim Trafo Oran\u0131 (VTR)<\/td>\n<td>1 &#8211; 999.9<\/td>\n<\/tr>\n<tr>\n<td colspan=\"2\"><\/td>\n<td>Ba\u011flant\u0131 Tipi<\/td>\n<td>L-L\/L-N<\/td>\n<\/tr>\n<tr>\n<td colspan=\"2\"><\/td>\n<td>Bir Periyottaki \u00d6l\u00e7\u00fcm Say\u0131s\u0131<\/td>\n<td>512<\/td>\n<\/tr>\n<tr>\n<td colspan=\"2\"><\/td>\n<td>LCD\/Ekran Yenileme H\u0131z\u0131<\/td>\n<td>&lt;0.5 sec.<\/td>\n<\/tr>\n<tr>\n<td colspan=\"2\"><\/td>\n<td>\u015eebekeler<\/td>\n<td>TT, TN,<\/td>\n<\/tr>\n<tr>\n<td colspan=\"2\"><\/td>\n<td>Sinyal Dalgaformlar\u0131<\/td>\n<td><\/td>\n<\/tr>\n<tr>\n<td colspan=\"2\"><\/td>\n<td><\/td>\n<td><\/td>\n<\/tr>\n<tr>\n<td colspan=\"2\"><\/td>\n<td><\/td>\n<td><\/td>\n<\/tr>\n<tr>\n<td><strong class=\"parent\">Kontrol \u0130\u015flem ve Fonksiyonlar\u0131<\/strong><\/td>\n<td class=\"\" colspan=\"1\"><strong>Kompanzasyon Modlar\u0131<\/strong><\/td>\n<td>Rapidus (Ak\u0131ll\u0131 Kontrol Modu)<\/td>\n<td>\u2714<\/td>\n<\/tr>\n<tr>\n<td><\/td>\n<td colspan=\"1\"><\/td>\n<td>Manuel<\/td>\n<td>\u2714<\/td>\n<\/tr>\n<tr>\n<td><\/td>\n<td class=\"\" colspan=\"1\"><strong>Kademe Konfig\u00fcrasyonlar\u0131<\/strong><\/td>\n<td>Manuel Tan\u0131mlama<\/td>\n<td>\u2714<\/td>\n<\/tr>\n<tr>\n<td><\/td>\n<td colspan=\"1\"><\/td>\n<td>\u00d6nceden Tan\u0131mlanm\u0131\u015f<\/td>\n<td>1-1-1-1, 1-2-2-2, 1-2-4-4<\/td>\n<\/tr>\n<tr>\n<td><\/td>\n<td colspan=\"1\"><\/td>\n<td>G\u00fc\u00e7 (kVAr)<\/td>\n<td>0.00-1000 adjustable<\/td>\n<\/tr>\n<tr>\n<td><\/td>\n<td colspan=\"1\"><\/td>\n<td>Tipi<\/td>\n<td>3\u00d8 capacitor, 1\u00d8 capacitor<\/td>\n<\/tr>\n<tr>\n<td><\/td>\n<td class=\"\" colspan=\"1\"><strong>G\u00fc\u00e7 Fakt\u00f6r Ayarlar\u0131<\/strong><\/td>\n<td>Hedef 1 cos\u00d8<\/td>\n<td>0.8 cap. to 0.8 ind. adjustable<\/td>\n<\/tr>\n<tr>\n<td><\/td>\n<td colspan=\"1\"><\/td>\n<td>Hedef 2 cos\u00d8<\/td>\n<td>0.8 cap. to 0.8 ind. adjustable<\/td>\n<\/tr>\n<tr>\n<td class=\"full\" colspan=\"2\"><strong>Kontrol \u0130\u015flem ve Fonksiyonlar\u0131<\/strong><\/td>\n<td>\u00c7ift cos\u00d8 Hedefi<\/td>\n<td>\u2714<\/td>\n<\/tr>\n<tr>\n<td colspan=\"2\"><\/td>\n<td>Jenerat\u00f6rler i\u00e7in 4 B\u00f6lge \u00c7al\u0131\u015fma<\/td>\n<td>\u2714<\/td>\n<\/tr>\n<tr>\n<td><\/td>\n<td class=\"\" colspan=\"1\"><strong>Gecikme S\u00fcreleri<\/strong><\/td>\n<td>Kademe Aktivasyon S\u00fcresi<\/td>\n<td>1-600 sec. adjustable<\/td>\n<\/tr>\n<tr>\n<td><\/td>\n<td colspan=\"1\"><\/td>\n<td>Kademe Deaktivasyon S\u00fcresi<\/td>\n<td>1-600 sec. adjustable<\/td>\n<\/tr>\n<tr>\n<td><\/td>\n<td colspan=\"1\"><\/td>\n<td>Kademe De\u015farj S\u00fcresi<\/td>\n<td>3-1000 sec. adjustable<\/td>\n<\/tr>\n<tr>\n<td class=\"full\" colspan=\"2\"><strong>Enerji \u00d6l\u00e7\u00fcm\u00fc<\/strong><\/td>\n<td>\u00c7oklu Alt Tarife (Yo\u011fun, G\u00fcn \u0130\u00e7i ve Yo\u011fun Olmayan)<\/td>\n<td><\/td>\n<\/tr>\n<tr>\n<td colspan=\"2\"><\/td>\n<td>1\u00d8 Faz Enerji \u00d6l\u00e7\u00fcm\u00fc<\/td>\n<td><\/td>\n<\/tr>\n<tr>\n<td colspan=\"2\"><\/td>\n<td>3\u00d8 Faz Enerji \u00d6l\u00e7\u00fcm\u00fc<\/td>\n<td><\/td>\n<\/tr>\n<tr>\n<td colspan=\"2\"><\/td>\n<td>4 B\u00f6lge Reaktif Enerji \u00d6l\u00e7\u00fcm\u00fc<\/td>\n<td><\/td>\n<\/tr>\n<tr>\n<td class=\"full\" colspan=\"2\"><strong>Ak\u0131m \u00d6l\u00e7\u00fcm Giri\u015fi<\/strong><\/td>\n<td>\u00d6l\u00e7\u00fcm Aral\u0131\u011f\u0131<\/td>\n<td>10mA-6A AC<\/td>\n<\/tr>\n<tr>\n<td colspan=\"2\"><\/td>\n<td>A\u015f\u0131r\u0131 Gerilim Kategorisi<\/td>\n<td>300 V Cat III<\/td>\n<\/tr>\n<tr>\n<td colspan=\"2\"><\/td>\n<td>Gerilim Dalgalanma \u00d6l\u00e7\u00fcm\u00fc<\/td>\n<td><\/td>\n<\/tr>\n<tr>\n<td colspan=\"2\"><\/td>\n<td>G\u00fc\u00e7 T\u00fcketimi<\/td>\n<td>&lt;0.2 VA<\/td>\n<\/tr>\n<tr>\n<td colspan=\"2\"><\/td>\n<td>Aral\u0131kl\u0131 A\u015f\u0131r\u0131 Y\u00fck<\/td>\n<td>100A for 1 sec.<\/td>\n<\/tr>\n<tr>\n<td colspan=\"2\"><\/td>\n<td>45-65 Hz Aras\u0131 \u00d6rnekleme Frekans\u0131<\/td>\n<td>25.6 kHz<\/td>\n<\/tr>\n<tr>\n<td class=\"full\" colspan=\"2\"><strong>Gerilim \u00d6l\u00e7\u00fcm Giri\u015fi<\/strong><\/td>\n<td>A\u015f\u0131r\u0131 Gerilim Kategorisi<\/td>\n<td>300 V Cat III<\/td>\n<\/tr>\n<tr>\n<td colspan=\"2\"><\/td>\n<td>\u00d6l\u00e7\u00fcm Aral\u0131\u011f\u0131 L-N<\/td>\n<td>120&#8230;510V AC \u00b110%<\/td>\n<\/tr>\n<tr>\n<td colspan=\"2\"><\/td>\n<td>\u00d6l\u00e7\u00fcm Aral\u0131\u011f\u0131 L-L<\/td>\n<td>120&#8230;510V AC \u00b110%<\/td>\n<\/tr>\n<tr>\n<td colspan=\"2\"><\/td>\n<td>Frekans \u00d6l\u00e7\u00fcm Aral\u0131\u011f\u0131<\/td>\n<td>45-65 Hz<\/td>\n<\/tr>\n<tr>\n<td colspan=\"2\"><\/td>\n<td>G\u00fc\u00e7 T\u00fcketimi<\/td>\n<td>&lt;0.2 VA<\/td>\n<\/tr>\n<tr>\n<td colspan=\"2\"><\/td>\n<td>45-65 Hz Aras\u0131 \u00d6rnekleme Frekans\u0131<\/td>\n<td>25.6 kHz<\/td>\n<\/tr>\n<tr>\n<td class=\"full\" colspan=\"2\"><strong>G\u00fc\u00e7 Kalitesi \u00d6l\u00e7\u00fcmleri<\/strong><\/td>\n<td>THD &#8211; Gerilim (% olarak)<\/td>\n<td>\u2714<\/td>\n<\/tr>\n<tr>\n<td colspan=\"2\"><\/td>\n<td>THD &#8211; Ak\u0131m (% olarak)<\/td>\n<td>\u2714<\/td>\n<\/tr>\n<tr>\n<td><strong class=\"parent\">\u00d6l\u00e7\u00fcm Hassasiyeti<\/strong><\/td>\n<td class=\"\" colspan=\"1\"><strong>IEC 61557-12&#8217;e g\u00f6re<\/strong><\/td>\n<td>Toplam Aktif G\u00fc\u00e7<\/td>\n<td>Class 0.5<\/td>\n<\/tr>\n<tr>\n<td><\/td>\n<td colspan=\"1\"><\/td>\n<td>Toplam Reaktif G\u00fc\u00e7<\/td>\n<td>Class 1<\/td>\n<\/tr>\n<tr>\n<td><\/td>\n<td colspan=\"1\"><\/td>\n<td>Toplam G\u00f6r\u00fcnen G\u00fc\u00e7<\/td>\n<td>Class 0.5<\/td>\n<\/tr>\n<tr>\n<td><\/td>\n<td colspan=\"1\"><\/td>\n<td>Toplam Aktif Enerji<\/td>\n<td>Class 0.5<\/td>\n<\/tr>\n<tr>\n<td><\/td>\n<td colspan=\"1\"><\/td>\n<td>Toplam Reaktif Enerji<\/td>\n<td>Class 2<\/td>\n<\/tr>\n<tr>\n<td><\/td>\n<td colspan=\"1\"><\/td>\n<td>Frekans<\/td>\n<td>Class 0.1<\/td>\n<\/tr>\n<tr>\n<td><\/td>\n<td colspan=\"1\"><\/td>\n<td>Ak\u0131m<\/td>\n<td>Class 0.5<\/td>\n<\/tr>\n<tr>\n<td><\/td>\n<td colspan=\"1\"><\/td>\n<td>N\u00f6tr Ak\u0131m<\/td>\n<td>Class 0.5<\/td>\n<\/tr>\n<tr>\n<td><\/td>\n<td colspan=\"1\"><\/td>\n<td>Gerilim<\/td>\n<td>Class 0.2<\/td>\n<\/tr>\n<tr>\n<td><\/td>\n<td colspan=\"1\"><\/td>\n<td>G\u00fc\u00e7 Fakt\u00f6r\u00fc<\/td>\n<td>Class 0.5<\/td>\n<\/tr>\n<tr>\n<td><\/td>\n<td colspan=\"1\"><\/td>\n<td>THDV, THDI<\/td>\n<td>Class 1<\/td>\n<\/tr>\n<tr>\n<td><\/td>\n<td class=\"\" colspan=\"1\"><strong>IEC 62053-22&#8217;e g\u00f6re<\/strong><\/td>\n<td>Toplam Aktif Enerji<\/td>\n<td>Class 0.5S<\/td>\n<\/tr>\n<tr>\n<td><\/td>\n<td class=\"\" colspan=\"1\"><strong>IEC 62053-23&#8217;e g\u00f6re<\/strong><\/td>\n<td>Toplam Reaktif Enerji<\/td>\n<td>Class 2<\/td>\n<\/tr>\n<tr>\n<td><strong class=\"parent\">Giri\u015f ve \u00c7\u0131k\u0131\u015flar<\/strong><\/td>\n<td class=\"\" colspan=\"1\"><strong>Kompanzasyon R\u00f6le \u00c7\u0131k\u0131\u015flar\u0131<\/strong><\/td>\n<td>\u00c7\u0131k\u0131\u015f Say\u0131s\u0131<\/td>\n<td>10<\/td>\n<\/tr>\n<tr>\n<td><\/td>\n<td colspan=\"1\"><\/td>\n<td>Tipi<\/td>\n<td>NO (SPST)<\/td>\n<\/tr>\n<tr>\n<td><\/td>\n<td colspan=\"1\"><\/td>\n<td>Maks. Anahtarlama Ak\u0131m\u0131<\/td>\n<td>2A<\/td>\n<\/tr>\n<tr>\n<td><\/td>\n<td colspan=\"1\"><\/td>\n<td>Maks. Anahtarlama Gerilimi<\/td>\n<td>250VAC<\/td>\n<\/tr>\n<tr>\n<td><\/td>\n<td colspan=\"1\"><\/td>\n<td>Maks. Anahtarlama G\u00fcc\u00fc<\/td>\n<td>1250VA<\/td>\n<\/tr>\n<tr>\n<td><\/td>\n<td colspan=\"1\"><\/td>\n<td>Mekanik \u00c7al\u0131\u015fma \u00d6mr\u00fc<\/td>\n<td>\u2265 10.0000000 operations<\/td>\n<\/tr>\n<tr>\n<td><\/td>\n<td colspan=\"1\"><\/td>\n<td>Elektriksel \u00c7al\u0131\u015fma \u00d6mr\u00fc (NO taraf)<\/td>\n<td>5\u00d7104(5A@250VAC) 1\u00d7105(5A@30VDC)<\/td>\n<\/tr>\n<tr>\n<td><\/td>\n<td class=\"\" colspan=\"1\"><strong>Alarm R\u00f6le \u00c7\u0131k\u0131\u015flar\u0131<\/strong><\/td>\n<td>\u00c7\u0131k\u0131\u015f Say\u0131s\u0131<\/td>\n<td>2<\/td>\n<\/tr>\n<tr>\n<td><\/td>\n<td colspan=\"1\"><\/td>\n<td>Tipi<\/td>\n<td>NO (SPST)<\/td>\n<\/tr>\n<tr>\n<td><\/td>\n<td colspan=\"1\"><\/td>\n<td>Maks. Anahtarlama Ak\u0131m\u0131<\/td>\n<td>4A<\/td>\n<\/tr>\n<tr>\n<td><\/td>\n<td colspan=\"1\"><\/td>\n<td>Maks. Anahtarlama Gerilimi<\/td>\n<td>250 VAC<\/td>\n<\/tr>\n<tr>\n<td><\/td>\n<td colspan=\"1\"><\/td>\n<td>Maks. Anahtarlama G\u00fcc\u00fc<\/td>\n<td>1250 VA<\/td>\n<\/tr>\n<tr>\n<td><\/td>\n<td colspan=\"1\"><\/td>\n<td>Mekanik \u00c7al\u0131\u015fma \u00d6mr\u00fc<\/td>\n<td>\u2265 10.0000000 operations<\/td>\n<\/tr>\n<tr>\n<td><\/td>\n<td colspan=\"1\"><\/td>\n<td>Elektriksel \u00c7al\u0131\u015fma \u00d6mr\u00fc (NO taraf)<\/td>\n<td>5\u00d7104(5A@250VAC) 1\u00d7105(5A@30VDC)<\/td>\n<\/tr>\n<tr>\n<td><\/td>\n<td class=\"\" colspan=\"1\"><strong>Jenerat\u00f6r \/ G\u00fcnd\u00fcz-Gece Giri\u015fi<\/strong><\/td>\n<td>Giri\u015f Say\u0131s\u0131<\/td>\n<td>1<\/td>\n<\/tr>\n<tr>\n<td><\/td>\n<td colspan=\"1\"><\/td>\n<td>Frekans<\/td>\n<td>45-65Hz<\/td>\n<\/tr>\n<tr>\n<td><\/td>\n<td colspan=\"1\"><\/td>\n<td>Giri\u015f<\/td>\n<td>95-240VAC<\/td>\n<\/tr>\n<tr>\n<td class=\"full\" colspan=\"2\"><strong>Giri\u015f ve \u00c7\u0131k\u0131\u015flar<\/strong><\/td>\n<td>Dijital \u00c7\u0131k\u0131\u015flar<\/td>\n<td>&#8212;<\/td>\n<\/tr>\n<tr>\n<td colspan=\"2\"><\/td>\n<td>Analog \u00c7\u0131k\u0131\u015flar<\/td>\n<td>&#8212;<\/td>\n<\/tr>\n<tr>\n<td class=\"full\" colspan=\"2\"><strong>Besleme<\/strong><\/td>\n<td>Yedek Besleme Giri\u015fi<\/td>\n<td>&#8212;<\/td>\n<\/tr>\n<tr>\n<td colspan=\"2\"><\/td>\n<td>Gerilim<\/td>\n<td>La-Lb&#8217;den 120&#8230;510V AC \u00b110%<\/td>\n<\/tr>\n<tr>\n<td colspan=\"2\"><\/td>\n<td>Frekans<\/td>\n<td>45-65Hz<\/td>\n<\/tr>\n<tr>\n<td><strong class=\"parent\">Besleme<\/strong><\/td>\n<td class=\"\" colspan=\"1\"><strong>T\u00fcketim<\/strong><\/td>\n<td>AC<\/td>\n<td>&lt; 10VA<\/td>\n<\/tr>\n<tr>\n<td><\/td>\n<td colspan=\"1\"><\/td>\n<td>DC<\/td>\n<td>&#8212;<\/td>\n<\/tr>\n<tr>\n<td class=\"full\" colspan=\"2\"><strong>\u0130leti\u015fim<\/strong><\/td>\n<td>Protokol<\/td>\n<td>Modbus RTU<\/td>\n<\/tr>\n<tr>\n<td colspan=\"2\"><\/td>\n<td>Baud De\u011feri<\/td>\n<td>1200-38400 bps adjustable<\/td>\n<\/tr>\n<tr>\n<td colspan=\"2\"><\/td>\n<td>Parite Numaras\u0131<\/td>\n<td>&#8212;<\/td>\n<\/tr>\n<tr>\n<td colspan=\"2\"><\/td>\n<td>Stop Bit<\/td>\n<td>1<\/td>\n<\/tr>\n<tr>\n<td colspan=\"2\"><\/td>\n<td>Adres<\/td>\n<td>1-247<\/td>\n<\/tr>\n<tr>\n<td colspan=\"2\"><\/td>\n<td>\u0130zolasyon<\/td>\n<td>2000V RMS<\/td>\n<\/tr>\n<tr>\n<td class=\"full\" colspan=\"2\"><strong>Mekanik \u00d6zellikler<\/strong><\/td>\n<td>A\u011f\u0131rl\u0131k (g)<\/td>\n<td><\/td>\n<\/tr>\n<tr>\n<td colspan=\"2\"><\/td>\n<td>Koruma S\u0131n\u0131f\u0131<\/td>\n<td>Front IP40 \/ Rear IP20<\/td>\n<\/tr>\n<tr>\n<td colspan=\"2\"><\/td>\n<td>Montaj \u015eekli<\/td>\n<td>Panel Mount<\/td>\n<\/tr>\n<tr>\n<td colspan=\"2\"><\/td>\n<td>Ambalaj Adedi<\/td>\n<td>1<\/td>\n<\/tr>\n<tr>\n<td><strong class=\"parent\">Kablo Kesitleri<\/strong><\/td>\n<td class=\"\" colspan=\"1\"><strong>Gerilim, Ak\u0131m, T\u00fcm R\u00f6le \u00c7\u0131k\u0131\u015flar\u0131, Jenerat\u00f6r Giri\u015fi<\/strong><\/td>\n<td>Y\u00fcks\u00fckl\u00fc:<\/td>\n<td>2.5mm\u00b2 &#8211; 14AWG<\/td>\n<\/tr>\n<tr>\n<td><\/td>\n<td colspan=\"1\"><\/td>\n<td>Y\u00fcks\u00fcks\u00fcz:<\/td>\n<td>4mm\u00b2 &#8211; 12AWG, 2&#215;1.5mm\u00b2 &#8211; 2x16AWG<\/td>\n<\/tr>\n<tr>\n<td><\/td>\n<td class=\"\" colspan=\"1\"><strong>RS485<\/strong><\/td>\n<td>Y\u00fcks\u00fckl\u00fc:<\/td>\n<td>1.5mm\u00b2 &#8211; 16AWG<\/td>\n<\/tr>\n<tr>\n<td><\/td>\n<td colspan=\"1\"><\/td>\n<td>Y\u00fcks\u00fcks\u00fcz:<\/td>\n<td>1.5mm\u00b2 &#8211; 16AWG, 2&#215;0.75mm\u00b2 &#8211; 2x18AWG<\/td>\n<\/tr>\n<tr>\n<td class=\"full\" colspan=\"2\"><strong>Ortam Ko\u015fullar\u0131<\/strong><\/td>\n<td>\u00c7al\u0131\u015fma S\u0131cakl\u0131\u011f\u0131<\/td>\n<td>-20\u00b0C +55\u00b0C<\/td>\n<\/tr>\n<tr>\n<td colspan=\"2\"><\/td>\n<td>Depolama S\u0131cakl\u0131\u011f\u0131<\/td>\n<td>-30\u00b0C +80\u00b0C<\/td>\n<\/tr>\n<tr>\n<td colspan=\"2\"><\/td>\n<td>Ba\u011f\u0131l Nem (Yo\u011fu\u015fmas\u0131z)<\/td>\n<td>Maks. 95%<\/td>\n<\/tr>\n<tr>\n<td class=\"full\" colspan=\"2\"><strong>EMC-EMI<\/strong><\/td>\n<td>EN 61000-6-1:2011<\/td>\n<td>\u2714<\/td>\n<\/tr>\n<tr>\n<td colspan=\"2\"><\/td>\n<td>EN 61000-6-3\/A1\/ AC:2013<\/td>\n<td>\u2714<\/td>\n<\/tr>\n<tr>\n<td class=\"full\" colspan=\"2\"><strong>\u015eemalar<\/strong><\/td>\n<td>\u015eebeke Ba\u011flant\u0131s\u0131<\/td>\n<td>\u2714<\/td>\n<\/tr>\n<tr>\n<td colspan=\"2\"><\/td>\n<td>Kademe \u00c7\u0131k\u0131\u015f Ba\u011flant\u0131lar\u0131<\/td>\n<td>\u2714<\/td>\n<\/tr>\n<tr>\n<td colspan=\"2\"><\/td>\n<td>Dijital I\/O ve Alarm \u00c7\u0131k\u0131\u015f Ba\u011flant\u0131lar\u0131<\/td>\n<td><\/td>\n<\/tr>\n<\/tbody>\n<\/table>\n<h1>Reaktif G\u00fc\u00e7 Kontrol R\u00f6lesi<\/h1>\n<p>RAPIDUS 1 serisi, monofaze\u00a0<strong>Reaktif G\u00fc\u00e7 Kontrol R\u00f6lesidir.\u00a0<\/strong>4,6,8,10 ve 12 kademeli se\u00e7enekleri ve opsiyonel olarak izole RS485 portu bulunmaktad\u0131r. Dahili s\u0131cakl\u0131k sens\u00f6r\u00fc sayesinde pano s\u0131cakl\u0131\u011f\u0131n\u0131 \u00f6l\u00e7er ve r\u00f6le \u00e7\u0131k\u0131\u015f\u0131 ile fan kontrol edilebilir.<\/p>\n","protected":false},"excerpt":{"rendered":"<p>Reaktif G\u00fc\u00e7 Kontrol R\u00f6lesi<\/p>\n","protected":false},"featured_media":3856,"comment_status":"open","ping_status":"closed","template":"","meta":[],"product_brand":[],"product_cat":[363],"product_tag":[151,150,148],"class_list":{"0":"post-4328","1":"product","2":"type-product","3":"status-publish","4":"has-post-thumbnail","6":"product_cat-otomasyon-urunleri","7":"product_tag-110r","8":"product_tag-150","9":"product_tag-rapidus","11":"first","12":"instock","13":"shipping-taxable","14":"product-type-simple"},"yoast_head":"<!-- This site is optimized with the Yoast SEO plugin v24.3 - https:\/\/yoast.com\/wordpress\/plugins\/seo\/ -->\n<title>606071 RAPIDUS 110R - CSO TRADING<\/title>\n<meta name=\"robots\" content=\"index, follow, max-snippet:-1, max-image-preview:large, max-video-preview:-1\" \/>\n<link rel=\"canonical\" href=\"https:\/\/csotrading.com\/product\/606071-rapidus-110r\/\" \/>\n<meta property=\"og:locale\" content=\"tr_TR\" \/>\n<meta property=\"og:type\" content=\"article\" \/>\n<meta property=\"og:title\" content=\"606071 RAPIDUS 110R - CSO TRADING\" \/>\n<meta property=\"og:description\" content=\"Reaktif G\u00fc\u00e7 Kontrol R\u00f6lesi\" \/>\n<meta property=\"og:url\" content=\"https:\/\/csotrading.com\/product\/606071-rapidus-110r\/\" \/>\n<meta property=\"og:site_name\" content=\"CSO TRADING\" \/>\n<meta property=\"article:modified_time\" content=\"2020-07-04T19:48:52+00:00\" \/>\n<meta property=\"og:image\" content=\"https:\/\/csotrading.com\/wp-content\/uploads\/2020\/06\/rapidus-1-606071-RAPIDUS-110R.png\" \/>\n\t<meta property=\"og:image:width\" content=\"1024\" \/>\n\t<meta property=\"og:image:height\" content=\"768\" \/>\n\t<meta property=\"og:image:type\" content=\"image\/png\" \/>\n<meta name=\"twitter:card\" content=\"summary_large_image\" \/>\n<meta name=\"twitter:label1\" content=\"Tahmini okuma s\u00fcresi\" \/>\n\t<meta name=\"twitter:data1\" content=\"3 dakika\" \/>\n<script type=\"application\/ld+json\" class=\"yoast-schema-graph\">{\"@context\":\"https:\/\/schema.org\",\"@graph\":[{\"@type\":\"WebPage\",\"@id\":\"https:\/\/csotrading.com\/product\/606071-rapidus-110r\/\",\"url\":\"https:\/\/csotrading.com\/product\/606071-rapidus-110r\/\",\"name\":\"606071 RAPIDUS 110R - CSO TRADING\",\"isPartOf\":{\"@id\":\"https:\/\/csotrading.com\/#website\"},\"primaryImageOfPage\":{\"@id\":\"https:\/\/csotrading.com\/product\/606071-rapidus-110r\/#primaryimage\"},\"image\":{\"@id\":\"https:\/\/csotrading.com\/product\/606071-rapidus-110r\/#primaryimage\"},\"thumbnailUrl\":\"https:\/\/csotrading.com\/wp-content\/uploads\/2020\/06\/rapidus-1-606071-RAPIDUS-110R.png\",\"datePublished\":\"2020-06-15T19:12:06+00:00\",\"dateModified\":\"2020-07-04T19:48:52+00:00\",\"breadcrumb\":{\"@id\":\"https:\/\/csotrading.com\/product\/606071-rapidus-110r\/#breadcrumb\"},\"inLanguage\":\"tr\",\"potentialAction\":[{\"@type\":\"ReadAction\",\"target\":[\"https:\/\/csotrading.com\/product\/606071-rapidus-110r\/\"]}]},{\"@type\":\"ImageObject\",\"inLanguage\":\"tr\",\"@id\":\"https:\/\/csotrading.com\/product\/606071-rapidus-110r\/#primaryimage\",\"url\":\"https:\/\/csotrading.com\/wp-content\/uploads\/2020\/06\/rapidus-1-606071-RAPIDUS-110R.png\",\"contentUrl\":\"https:\/\/csotrading.com\/wp-content\/uploads\/2020\/06\/rapidus-1-606071-RAPIDUS-110R.png\",\"width\":1024,\"height\":768},{\"@type\":\"BreadcrumbList\",\"@id\":\"https:\/\/csotrading.com\/product\/606071-rapidus-110r\/#breadcrumb\",\"itemListElement\":[{\"@type\":\"ListItem\",\"position\":1,\"name\":\"Home\",\"item\":\"https:\/\/csotrading.com\/tr\/\"},{\"@type\":\"ListItem\",\"position\":2,\"name\":\"Ma\u011faza\",\"item\":\"https:\/\/csotrading.com\/magaza\/\"},{\"@type\":\"ListItem\",\"position\":3,\"name\":\"606071 RAPIDUS 110R\"}]},{\"@type\":\"WebSite\",\"@id\":\"https:\/\/csotrading.com\/#website\",\"url\":\"https:\/\/csotrading.com\/\",\"name\":\"CSO TRADING\",\"description\":\"\",\"potentialAction\":[{\"@type\":\"SearchAction\",\"target\":{\"@type\":\"EntryPoint\",\"urlTemplate\":\"https:\/\/csotrading.com\/?s={search_term_string}\"},\"query-input\":{\"@type\":\"PropertyValueSpecification\",\"valueRequired\":true,\"valueName\":\"search_term_string\"}}],\"inLanguage\":\"tr\"}]}<\/script>\n<!-- \/ Yoast SEO plugin. -->","yoast_head_json":{"title":"606071 RAPIDUS 110R - CSO TRADING","robots":{"index":"index","follow":"follow","max-snippet":"max-snippet:-1","max-image-preview":"max-image-preview:large","max-video-preview":"max-video-preview:-1"},"canonical":"https:\/\/csotrading.com\/product\/606071-rapidus-110r\/","og_locale":"tr_TR","og_type":"article","og_title":"606071 RAPIDUS 110R - CSO TRADING","og_description":"Reaktif G\u00fc\u00e7 Kontrol R\u00f6lesi","og_url":"https:\/\/csotrading.com\/product\/606071-rapidus-110r\/","og_site_name":"CSO TRADING","article_modified_time":"2020-07-04T19:48:52+00:00","og_image":[{"width":1024,"height":768,"url":"https:\/\/csotrading.com\/wp-content\/uploads\/2020\/06\/rapidus-1-606071-RAPIDUS-110R.png","type":"image\/png"}],"twitter_card":"summary_large_image","twitter_misc":{"Tahmini okuma s\u00fcresi":"3 dakika"},"schema":{"@context":"https:\/\/schema.org","@graph":[{"@type":"WebPage","@id":"https:\/\/csotrading.com\/product\/606071-rapidus-110r\/","url":"https:\/\/csotrading.com\/product\/606071-rapidus-110r\/","name":"606071 RAPIDUS 110R - CSO TRADING","isPartOf":{"@id":"https:\/\/csotrading.com\/#website"},"primaryImageOfPage":{"@id":"https:\/\/csotrading.com\/product\/606071-rapidus-110r\/#primaryimage"},"image":{"@id":"https:\/\/csotrading.com\/product\/606071-rapidus-110r\/#primaryimage"},"thumbnailUrl":"https:\/\/csotrading.com\/wp-content\/uploads\/2020\/06\/rapidus-1-606071-RAPIDUS-110R.png","datePublished":"2020-06-15T19:12:06+00:00","dateModified":"2020-07-04T19:48:52+00:00","breadcrumb":{"@id":"https:\/\/csotrading.com\/product\/606071-rapidus-110r\/#breadcrumb"},"inLanguage":"tr","potentialAction":[{"@type":"ReadAction","target":["https:\/\/csotrading.com\/product\/606071-rapidus-110r\/"]}]},{"@type":"ImageObject","inLanguage":"tr","@id":"https:\/\/csotrading.com\/product\/606071-rapidus-110r\/#primaryimage","url":"https:\/\/csotrading.com\/wp-content\/uploads\/2020\/06\/rapidus-1-606071-RAPIDUS-110R.png","contentUrl":"https:\/\/csotrading.com\/wp-content\/uploads\/2020\/06\/rapidus-1-606071-RAPIDUS-110R.png","width":1024,"height":768},{"@type":"BreadcrumbList","@id":"https:\/\/csotrading.com\/product\/606071-rapidus-110r\/#breadcrumb","itemListElement":[{"@type":"ListItem","position":1,"name":"Home","item":"https:\/\/csotrading.com\/tr\/"},{"@type":"ListItem","position":2,"name":"Ma\u011faza","item":"https:\/\/csotrading.com\/magaza\/"},{"@type":"ListItem","position":3,"name":"606071 RAPIDUS 110R"}]},{"@type":"WebSite","@id":"https:\/\/csotrading.com\/#website","url":"https:\/\/csotrading.com\/","name":"CSO TRADING","description":"","potentialAction":[{"@type":"SearchAction","target":{"@type":"EntryPoint","urlTemplate":"https:\/\/csotrading.com\/?s={search_term_string}"},"query-input":{"@type":"PropertyValueSpecification","valueRequired":true,"valueName":"search_term_string"}}],"inLanguage":"tr"}]}},"_links":{"self":[{"href":"https:\/\/csotrading.com\/tr\/wp-json\/wp\/v2\/product\/4328"}],"collection":[{"href":"https:\/\/csotrading.com\/tr\/wp-json\/wp\/v2\/product"}],"about":[{"href":"https:\/\/csotrading.com\/tr\/wp-json\/wp\/v2\/types\/product"}],"replies":[{"embeddable":true,"href":"https:\/\/csotrading.com\/tr\/wp-json\/wp\/v2\/comments?post=4328"}],"wp:featuredmedia":[{"embeddable":true,"href":"https:\/\/csotrading.com\/tr\/wp-json\/wp\/v2\/media\/3856"}],"wp:attachment":[{"href":"https:\/\/csotrading.com\/tr\/wp-json\/wp\/v2\/media?parent=4328"}],"wp:term":[{"taxonomy":"product_brand","embeddable":true,"href":"https:\/\/csotrading.com\/tr\/wp-json\/wp\/v2\/product_brand?post=4328"},{"taxonomy":"product_cat","embeddable":true,"href":"https:\/\/csotrading.com\/tr\/wp-json\/wp\/v2\/product_cat?post=4328"},{"taxonomy":"product_tag","embeddable":true,"href":"https:\/\/csotrading.com\/tr\/wp-json\/wp\/v2\/product_tag?post=4328"}],"curies":[{"name":"wp","href":"https:\/\/api.w.org\/{rel}","templated":true}]}}