{"id":4316,"date":"2020-06-11T22:59:06","date_gmt":"2020-06-11T19:59:06","guid":{"rendered":"http:\/\/csotrading.com\/product\/570010-iky-050-8\/"},"modified":"2020-07-04T21:16:53","modified_gmt":"2020-07-04T18:16:53","slug":"570010-iky-050-8","status":"publish","type":"product","link":"https:\/\/csotrading.com\/tr\/product\/570010-iky-050-8\/","title":{"rendered":"570010 IKY 0,50\/8"},"content":{"rendered":"<table class=\"table table-condensed\">\n<tbody>\n<tr>\n<td class=\"full\" colspan=\"2\"><strong>Ebatlar<\/strong><\/td>\n<td>Kesit<\/td>\n<td>0.50 mm<sup>2<\/sup><\/td>\n<\/tr>\n<tr>\n<td colspan=\"2\"><\/td>\n<td>Uzunluk (L)<\/td>\n<td>14 mm<\/td>\n<\/tr>\n<tr>\n<td colspan=\"2\"><\/td>\n<td>AWG<\/td>\n<td>22<\/td>\n<\/tr>\n<tr>\n<td colspan=\"2\"><\/td>\n<td>Ambalaj Adedi<\/td>\n<td>&#8212;<\/td>\n<\/tr>\n<\/tbody>\n<\/table>\n","protected":false},"excerpt":{"rendered":"<p>0,50 mm2 kablo \u00e7ap\u0131na uygun izoleli y\u00fcks\u00fck<\/p>\n","protected":false},"featured_media":3783,"comment_status":"open","ping_status":"closed","template":"","meta":[],"product_brand":[],"product_cat":[127],"product_tag":[108,106,107],"class_list":{"0":"post-4316","1":"product","2":"type-product","3":"status-publish","4":"has-post-thumbnail","6":"product_cat-klemens-ve-aksesuarlar","7":"product_tag-50-8","8":"product_tag-106","9":"product_tag-iky-0","11":"first","12":"instock","13":"shipping-taxable","14":"product-type-simple"},"yoast_head":"<!-- This site is optimized with the Yoast SEO plugin v24.3 - https:\/\/yoast.com\/wordpress\/plugins\/seo\/ -->\n<title>570010 IKY 0,50\/8 - CSO TRADING<\/title>\n<meta name=\"robots\" content=\"index, follow, max-snippet:-1, max-image-preview:large, max-video-preview:-1\" \/>\n<link rel=\"canonical\" href=\"https:\/\/csotrading.com\/tr\/product\/570010-iky-050-8\/\" \/>\n<meta property=\"og:locale\" content=\"tr_TR\" \/>\n<meta property=\"og:type\" content=\"article\" \/>\n<meta property=\"og:title\" content=\"570010 IKY 0,50\/8 - CSO TRADING\" \/>\n<meta property=\"og:description\" content=\"0,50 mm2 kablo \u00e7ap\u0131na uygun izoleli y\u00fcks\u00fck\" \/>\n<meta property=\"og:url\" content=\"https:\/\/csotrading.com\/tr\/product\/570010-iky-050-8\/\" \/>\n<meta property=\"og:site_name\" content=\"CSO TRADING\" \/>\n<meta property=\"article:modified_time\" content=\"2020-07-04T18:16:53+00:00\" \/>\n<meta property=\"og:image\" content=\"https:\/\/csotrading.com\/wp-content\/uploads\/2020\/06\/insulated-and-sleeves-standart-iky-0-50-8.png\" \/>\n\t<meta property=\"og:image:width\" content=\"400\" \/>\n\t<meta property=\"og:image:height\" content=\"400\" \/>\n\t<meta property=\"og:image:type\" content=\"image\/png\" \/>\n<meta name=\"twitter:card\" content=\"summary_large_image\" \/>\n<script type=\"application\/ld+json\" class=\"yoast-schema-graph\">{\"@context\":\"https:\/\/schema.org\",\"@graph\":[{\"@type\":\"WebPage\",\"@id\":\"https:\/\/csotrading.com\/tr\/product\/570010-iky-050-8\/\",\"url\":\"https:\/\/csotrading.com\/tr\/product\/570010-iky-050-8\/\",\"name\":\"570010 IKY 0,50\/8 - CSO TRADING\",\"isPartOf\":{\"@id\":\"https:\/\/csotrading.com\/#website\"},\"primaryImageOfPage\":{\"@id\":\"https:\/\/csotrading.com\/tr\/product\/570010-iky-050-8\/#primaryimage\"},\"image\":{\"@id\":\"https:\/\/csotrading.com\/tr\/product\/570010-iky-050-8\/#primaryimage\"},\"thumbnailUrl\":\"https:\/\/csotrading.com\/wp-content\/uploads\/2020\/06\/insulated-and-sleeves-standart-iky-0-50-8.png\",\"datePublished\":\"2020-06-11T19:59:06+00:00\",\"dateModified\":\"2020-07-04T18:16:53+00:00\",\"breadcrumb\":{\"@id\":\"https:\/\/csotrading.com\/tr\/product\/570010-iky-050-8\/#breadcrumb\"},\"inLanguage\":\"tr\",\"potentialAction\":[{\"@type\":\"ReadAction\",\"target\":[\"https:\/\/csotrading.com\/tr\/product\/570010-iky-050-8\/\"]}]},{\"@type\":\"ImageObject\",\"inLanguage\":\"tr\",\"@id\":\"https:\/\/csotrading.com\/tr\/product\/570010-iky-050-8\/#primaryimage\",\"url\":\"https:\/\/csotrading.com\/wp-content\/uploads\/2020\/06\/insulated-and-sleeves-standart-iky-0-50-8.png\",\"contentUrl\":\"https:\/\/csotrading.com\/wp-content\/uploads\/2020\/06\/insulated-and-sleeves-standart-iky-0-50-8.png\",\"width\":400,\"height\":400},{\"@type\":\"BreadcrumbList\",\"@id\":\"https:\/\/csotrading.com\/tr\/product\/570010-iky-050-8\/#breadcrumb\",\"itemListElement\":[{\"@type\":\"ListItem\",\"position\":1,\"name\":\"Home\",\"item\":\"https:\/\/csotrading.com\/tr\/\"},{\"@type\":\"ListItem\",\"position\":2,\"name\":\"Ma\u011faza\",\"item\":\"https:\/\/csotrading.com\/magaza\/\"},{\"@type\":\"ListItem\",\"position\":3,\"name\":\"570010 IKY 0,50\/8\"}]},{\"@type\":\"WebSite\",\"@id\":\"https:\/\/csotrading.com\/#website\",\"url\":\"https:\/\/csotrading.com\/\",\"name\":\"CSO TRADING\",\"description\":\"\",\"potentialAction\":[{\"@type\":\"SearchAction\",\"target\":{\"@type\":\"EntryPoint\",\"urlTemplate\":\"https:\/\/csotrading.com\/?s={search_term_string}\"},\"query-input\":{\"@type\":\"PropertyValueSpecification\",\"valueRequired\":true,\"valueName\":\"search_term_string\"}}],\"inLanguage\":\"tr\"}]}<\/script>\n<!-- \/ Yoast SEO plugin. -->","yoast_head_json":{"title":"570010 IKY 0,50\/8 - CSO TRADING","robots":{"index":"index","follow":"follow","max-snippet":"max-snippet:-1","max-image-preview":"max-image-preview:large","max-video-preview":"max-video-preview:-1"},"canonical":"https:\/\/csotrading.com\/tr\/product\/570010-iky-050-8\/","og_locale":"tr_TR","og_type":"article","og_title":"570010 IKY 0,50\/8 - CSO TRADING","og_description":"0,50 mm2 kablo \u00e7ap\u0131na uygun izoleli y\u00fcks\u00fck","og_url":"https:\/\/csotrading.com\/tr\/product\/570010-iky-050-8\/","og_site_name":"CSO TRADING","article_modified_time":"2020-07-04T18:16:53+00:00","og_image":[{"width":400,"height":400,"url":"https:\/\/csotrading.com\/wp-content\/uploads\/2020\/06\/insulated-and-sleeves-standart-iky-0-50-8.png","type":"image\/png"}],"twitter_card":"summary_large_image","schema":{"@context":"https:\/\/schema.org","@graph":[{"@type":"WebPage","@id":"https:\/\/csotrading.com\/tr\/product\/570010-iky-050-8\/","url":"https:\/\/csotrading.com\/tr\/product\/570010-iky-050-8\/","name":"570010 IKY 0,50\/8 - CSO TRADING","isPartOf":{"@id":"https:\/\/csotrading.com\/#website"},"primaryImageOfPage":{"@id":"https:\/\/csotrading.com\/tr\/product\/570010-iky-050-8\/#primaryimage"},"image":{"@id":"https:\/\/csotrading.com\/tr\/product\/570010-iky-050-8\/#primaryimage"},"thumbnailUrl":"https:\/\/csotrading.com\/wp-content\/uploads\/2020\/06\/insulated-and-sleeves-standart-iky-0-50-8.png","datePublished":"2020-06-11T19:59:06+00:00","dateModified":"2020-07-04T18:16:53+00:00","breadcrumb":{"@id":"https:\/\/csotrading.com\/tr\/product\/570010-iky-050-8\/#breadcrumb"},"inLanguage":"tr","potentialAction":[{"@type":"ReadAction","target":["https:\/\/csotrading.com\/tr\/product\/570010-iky-050-8\/"]}]},{"@type":"ImageObject","inLanguage":"tr","@id":"https:\/\/csotrading.com\/tr\/product\/570010-iky-050-8\/#primaryimage","url":"https:\/\/csotrading.com\/wp-content\/uploads\/2020\/06\/insulated-and-sleeves-standart-iky-0-50-8.png","contentUrl":"https:\/\/csotrading.com\/wp-content\/uploads\/2020\/06\/insulated-and-sleeves-standart-iky-0-50-8.png","width":400,"height":400},{"@type":"BreadcrumbList","@id":"https:\/\/csotrading.com\/tr\/product\/570010-iky-050-8\/#breadcrumb","itemListElement":[{"@type":"ListItem","position":1,"name":"Home","item":"https:\/\/csotrading.com\/tr\/"},{"@type":"ListItem","position":2,"name":"Ma\u011faza","item":"https:\/\/csotrading.com\/magaza\/"},{"@type":"ListItem","position":3,"name":"570010 IKY 0,50\/8"}]},{"@type":"WebSite","@id":"https:\/\/csotrading.com\/#website","url":"https:\/\/csotrading.com\/","name":"CSO TRADING","description":"","potentialAction":[{"@type":"SearchAction","target":{"@type":"EntryPoint","urlTemplate":"https:\/\/csotrading.com\/?s={search_term_string}"},"query-input":{"@type":"PropertyValueSpecification","valueRequired":true,"valueName":"search_term_string"}}],"inLanguage":"tr"}]}},"_links":{"self":[{"href":"https:\/\/csotrading.com\/tr\/wp-json\/wp\/v2\/product\/4316"}],"collection":[{"href":"https:\/\/csotrading.com\/tr\/wp-json\/wp\/v2\/product"}],"about":[{"href":"https:\/\/csotrading.com\/tr\/wp-json\/wp\/v2\/types\/product"}],"replies":[{"embeddable":true,"href":"https:\/\/csotrading.com\/tr\/wp-json\/wp\/v2\/comments?post=4316"}],"wp:featuredmedia":[{"embeddable":true,"href":"https:\/\/csotrading.com\/tr\/wp-json\/wp\/v2\/media\/3783"}],"wp:attachment":[{"href":"https:\/\/csotrading.com\/tr\/wp-json\/wp\/v2\/media?parent=4316"}],"wp:term":[{"taxonomy":"product_brand","embeddable":true,"href":"https:\/\/csotrading.com\/tr\/wp-json\/wp\/v2\/product_brand?post=4316"},{"taxonomy":"product_cat","embeddable":true,"href":"https:\/\/csotrading.com\/tr\/wp-json\/wp\/v2\/product_cat?post=4316"},{"taxonomy":"product_tag","embeddable":true,"href":"https:\/\/csotrading.com\/tr\/wp-json\/wp\/v2\/product_tag?post=4316"}],"curies":[{"name":"wp","href":"https:\/\/api.w.org\/{rel}","templated":true}]}}