{"id":4309,"date":"2020-06-11T21:53:38","date_gmt":"2020-06-11T18:53:38","guid":{"rendered":"http:\/\/csotrading.com\/product\/425235-buk-2-5-3\/"},"modified":"2020-06-28T10:57:47","modified_gmt":"2020-06-28T07:57:47","slug":"425235-buk-2-5-3","status":"publish","type":"product","link":"https:\/\/csotrading.com\/tr\/product\/425235-buk-2-5-3\/","title":{"rendered":"425235 BUK 2.5\/3"},"content":{"rendered":"<div class=\"CatProductList col-lg-9 col-md-9 col-sm-9\">\n<div class=\"ProductCatPage\">\n<div id=\"ProductDetailTabsContent\" class=\"tab-content\">\n<div id=\"pSpecs\" class=\"tab-pane active\">\n<table class=\"table table-condensed\">\n<tbody>\n<tr>\n<td class=\"full\" colspan=\"2\"><strong>Genel \u00dcr\u00fcn Bilgileri<\/strong><\/td>\n<td>\u0130zolasyon malzemesi<\/td>\n<td>PA<\/td>\n<\/tr>\n<tr>\n<td colspan=\"2\"><\/td>\n<td>UL 94 Yan\u0131c\u0131l\u0131k S\u0131n\u0131f\u0131<\/td>\n<td>V2<\/td>\n<\/tr>\n<tr>\n<td colspan=\"2\"><\/td>\n<td>Ambalaj Adedi<\/td>\n<td>&#8212;<\/td>\n<\/tr>\n<tr>\n<td colspan=\"2\"><\/td>\n<td>A\u011f\u0131rl\u0131k (g)<\/td>\n<td>&#8212;<\/td>\n<\/tr>\n<tr>\n<td class=\"full\" colspan=\"2\"><strong>TSE \/ CE Teknik Data<\/strong><\/td>\n<td>Gerilim<\/td>\n<td>450 V ~<\/td>\n<\/tr>\n<tr>\n<td colspan=\"2\"><\/td>\n<td>Ak\u0131m<\/td>\n<td>24 A<\/td>\n<\/tr>\n<tr>\n<td colspan=\"2\"><\/td>\n<td>Kesit<\/td>\n<td>2.5 mm<sup>2<\/sup><\/td>\n<\/tr>\n<tr>\n<td colspan=\"2\"><\/td>\n<td>Norm<\/td>\n<td>&#8212;<\/td>\n<\/tr>\n<tr>\n<td class=\"full\" colspan=\"2\"><strong>VDE Teknik Data<\/strong><\/td>\n<td>Gerilim<\/td>\n<td>&#8212; V ~<\/td>\n<\/tr>\n<tr>\n<td colspan=\"2\"><\/td>\n<td>Ak\u0131m<\/td>\n<td>&#8212; A<\/td>\n<\/tr>\n<tr>\n<td colspan=\"2\"><\/td>\n<td>Kesit<\/td>\n<td>2.5 mm<sup>2<\/sup><\/td>\n<\/tr>\n<tr>\n<td colspan=\"2\"><\/td>\n<td>VDE Norm<\/td>\n<td>IEC 60998-1\/IEC 60998-2-1<\/td>\n<\/tr>\n<tr>\n<td class=\"full\" colspan=\"2\"><strong>Ba\u011flant\u0131 Bilgileri<\/strong><\/td>\n<td>Tekli \u0130letken Minimum Kesit<\/td>\n<td>1.0 mm<sup>2<\/sup><\/td>\n<\/tr>\n<tr>\n<td colspan=\"2\"><\/td>\n<td>Tekli \u0130letken Maksimum Kesit<\/td>\n<td>2.5 mm<sup>2<\/sup><\/td>\n<\/tr>\n<tr>\n<td colspan=\"2\"><\/td>\n<td>Ba\u011flant\u0131 Tipi<\/td>\n<td>spring\/yayl\u0131<\/td>\n<\/tr>\n<tr>\n<td colspan=\"2\"><\/td>\n<td>Kablo Soyma Boyu<\/td>\n<td>7 mm<\/td>\n<\/tr>\n<tr>\n<td class=\"full\" colspan=\"2\"><strong>Ebatlar<\/strong><\/td>\n<td>a<\/td>\n<td>9.4 mm<\/td>\n<\/tr>\n<tr>\n<td colspan=\"2\"><\/td>\n<td>b<\/td>\n<td>19.4 mm<\/td>\n<\/tr>\n<\/tbody>\n<\/table>\n<p><img decoding=\"async\" src=\"https:\/\/www.klemsan.com.tr\/SF\/1778\/buk-158.jpg\" alt=\"\" \/><\/p>\n<\/div>\n<\/div>\n<\/div>\n<\/div>\n<div class=\"col-md-3 col-lg-3 col-sm-3\">\n<div class=\"ProductCatsMenus\">\n<div id=\"UstMenulerBody\" class=\"navbar-collapse collapse menu3dmega responsive\">\n<p>&nbsp;<\/p>\n<\/div>\n<\/div>\n<\/div>\n","protected":false},"excerpt":{"rendered":"<p>1.5-2.5 mm\u00b2 tek damarl\u0131 kabloya uygun , yay bask\u0131 ba\u011flant\u0131l\u0131 buat<\/p>\n","protected":false},"featured_media":3764,"comment_status":"open","ping_status":"closed","template":"","meta":[],"product_brand":[],"product_cat":[127],"product_tag":[93,94],"class_list":{"0":"post-4309","1":"product","2":"type-product","3":"status-publish","4":"has-post-thumbnail","6":"product_cat-klemens-ve-aksesuarlar","7":"product_tag-93","8":"product_tag-buk-2-5-3","10":"first","11":"instock","12":"shipping-taxable","13":"product-type-simple"},"yoast_head":"<!-- This site is optimized with the Yoast SEO plugin v24.3 - https:\/\/yoast.com\/wordpress\/plugins\/seo\/ -->\n<title>425235 BUK 2.5\/3 - CSO TRADING<\/title>\n<meta name=\"robots\" content=\"index, follow, max-snippet:-1, max-image-preview:large, max-video-preview:-1\" \/>\n<link rel=\"canonical\" href=\"https:\/\/csotrading.com\/tr\/product\/425235-buk-2-5-3\/\" \/>\n<meta property=\"og:locale\" content=\"tr_TR\" \/>\n<meta property=\"og:type\" content=\"article\" \/>\n<meta property=\"og:title\" content=\"425235 BUK 2.5\/3 - CSO TRADING\" \/>\n<meta property=\"og:description\" content=\"1.5-2.5 mm\u00b2 tek damarl\u0131 kabloya uygun , yay bask\u0131 ba\u011flant\u0131l\u0131 buat\" \/>\n<meta property=\"og:url\" content=\"https:\/\/csotrading.com\/tr\/product\/425235-buk-2-5-3\/\" \/>\n<meta property=\"og:site_name\" content=\"CSO TRADING\" \/>\n<meta property=\"article:modified_time\" content=\"2020-06-28T07:57:47+00:00\" \/>\n<meta property=\"og:image\" content=\"https:\/\/csotrading.com\/wp-content\/uploads\/2020\/06\/junction-box-terminals-buk-2-5-3.jpg\" \/>\n\t<meta property=\"og:image:width\" content=\"719\" \/>\n\t<meta property=\"og:image:height\" content=\"616\" \/>\n\t<meta property=\"og:image:type\" content=\"image\/jpeg\" \/>\n<meta name=\"twitter:card\" content=\"summary_large_image\" \/>\n<script type=\"application\/ld+json\" class=\"yoast-schema-graph\">{\"@context\":\"https:\/\/schema.org\",\"@graph\":[{\"@type\":\"WebPage\",\"@id\":\"https:\/\/csotrading.com\/tr\/product\/425235-buk-2-5-3\/\",\"url\":\"https:\/\/csotrading.com\/tr\/product\/425235-buk-2-5-3\/\",\"name\":\"425235 BUK 2.5\/3 - CSO TRADING\",\"isPartOf\":{\"@id\":\"https:\/\/csotrading.com\/#website\"},\"primaryImageOfPage\":{\"@id\":\"https:\/\/csotrading.com\/tr\/product\/425235-buk-2-5-3\/#primaryimage\"},\"image\":{\"@id\":\"https:\/\/csotrading.com\/tr\/product\/425235-buk-2-5-3\/#primaryimage\"},\"thumbnailUrl\":\"https:\/\/csotrading.com\/wp-content\/uploads\/2020\/06\/junction-box-terminals-buk-2-5-3.jpg\",\"datePublished\":\"2020-06-11T18:53:38+00:00\",\"dateModified\":\"2020-06-28T07:57:47+00:00\",\"breadcrumb\":{\"@id\":\"https:\/\/csotrading.com\/tr\/product\/425235-buk-2-5-3\/#breadcrumb\"},\"inLanguage\":\"tr\",\"potentialAction\":[{\"@type\":\"ReadAction\",\"target\":[\"https:\/\/csotrading.com\/tr\/product\/425235-buk-2-5-3\/\"]}]},{\"@type\":\"ImageObject\",\"inLanguage\":\"tr\",\"@id\":\"https:\/\/csotrading.com\/tr\/product\/425235-buk-2-5-3\/#primaryimage\",\"url\":\"https:\/\/csotrading.com\/wp-content\/uploads\/2020\/06\/junction-box-terminals-buk-2-5-3.jpg\",\"contentUrl\":\"https:\/\/csotrading.com\/wp-content\/uploads\/2020\/06\/junction-box-terminals-buk-2-5-3.jpg\",\"width\":719,\"height\":616},{\"@type\":\"BreadcrumbList\",\"@id\":\"https:\/\/csotrading.com\/tr\/product\/425235-buk-2-5-3\/#breadcrumb\",\"itemListElement\":[{\"@type\":\"ListItem\",\"position\":1,\"name\":\"Home\",\"item\":\"https:\/\/csotrading.com\/tr\/\"},{\"@type\":\"ListItem\",\"position\":2,\"name\":\"Ma\u011faza\",\"item\":\"https:\/\/csotrading.com\/magaza\/\"},{\"@type\":\"ListItem\",\"position\":3,\"name\":\"425235 BUK 2.5\/3\"}]},{\"@type\":\"WebSite\",\"@id\":\"https:\/\/csotrading.com\/#website\",\"url\":\"https:\/\/csotrading.com\/\",\"name\":\"CSO TRADING\",\"description\":\"\",\"potentialAction\":[{\"@type\":\"SearchAction\",\"target\":{\"@type\":\"EntryPoint\",\"urlTemplate\":\"https:\/\/csotrading.com\/?s={search_term_string}\"},\"query-input\":{\"@type\":\"PropertyValueSpecification\",\"valueRequired\":true,\"valueName\":\"search_term_string\"}}],\"inLanguage\":\"tr\"}]}<\/script>\n<!-- \/ Yoast SEO plugin. -->","yoast_head_json":{"title":"425235 BUK 2.5\/3 - CSO TRADING","robots":{"index":"index","follow":"follow","max-snippet":"max-snippet:-1","max-image-preview":"max-image-preview:large","max-video-preview":"max-video-preview:-1"},"canonical":"https:\/\/csotrading.com\/tr\/product\/425235-buk-2-5-3\/","og_locale":"tr_TR","og_type":"article","og_title":"425235 BUK 2.5\/3 - CSO TRADING","og_description":"1.5-2.5 mm\u00b2 tek damarl\u0131 kabloya uygun , yay bask\u0131 ba\u011flant\u0131l\u0131 buat","og_url":"https:\/\/csotrading.com\/tr\/product\/425235-buk-2-5-3\/","og_site_name":"CSO TRADING","article_modified_time":"2020-06-28T07:57:47+00:00","og_image":[{"width":719,"height":616,"url":"https:\/\/csotrading.com\/wp-content\/uploads\/2020\/06\/junction-box-terminals-buk-2-5-3.jpg","type":"image\/jpeg"}],"twitter_card":"summary_large_image","schema":{"@context":"https:\/\/schema.org","@graph":[{"@type":"WebPage","@id":"https:\/\/csotrading.com\/tr\/product\/425235-buk-2-5-3\/","url":"https:\/\/csotrading.com\/tr\/product\/425235-buk-2-5-3\/","name":"425235 BUK 2.5\/3 - CSO TRADING","isPartOf":{"@id":"https:\/\/csotrading.com\/#website"},"primaryImageOfPage":{"@id":"https:\/\/csotrading.com\/tr\/product\/425235-buk-2-5-3\/#primaryimage"},"image":{"@id":"https:\/\/csotrading.com\/tr\/product\/425235-buk-2-5-3\/#primaryimage"},"thumbnailUrl":"https:\/\/csotrading.com\/wp-content\/uploads\/2020\/06\/junction-box-terminals-buk-2-5-3.jpg","datePublished":"2020-06-11T18:53:38+00:00","dateModified":"2020-06-28T07:57:47+00:00","breadcrumb":{"@id":"https:\/\/csotrading.com\/tr\/product\/425235-buk-2-5-3\/#breadcrumb"},"inLanguage":"tr","potentialAction":[{"@type":"ReadAction","target":["https:\/\/csotrading.com\/tr\/product\/425235-buk-2-5-3\/"]}]},{"@type":"ImageObject","inLanguage":"tr","@id":"https:\/\/csotrading.com\/tr\/product\/425235-buk-2-5-3\/#primaryimage","url":"https:\/\/csotrading.com\/wp-content\/uploads\/2020\/06\/junction-box-terminals-buk-2-5-3.jpg","contentUrl":"https:\/\/csotrading.com\/wp-content\/uploads\/2020\/06\/junction-box-terminals-buk-2-5-3.jpg","width":719,"height":616},{"@type":"BreadcrumbList","@id":"https:\/\/csotrading.com\/tr\/product\/425235-buk-2-5-3\/#breadcrumb","itemListElement":[{"@type":"ListItem","position":1,"name":"Home","item":"https:\/\/csotrading.com\/tr\/"},{"@type":"ListItem","position":2,"name":"Ma\u011faza","item":"https:\/\/csotrading.com\/magaza\/"},{"@type":"ListItem","position":3,"name":"425235 BUK 2.5\/3"}]},{"@type":"WebSite","@id":"https:\/\/csotrading.com\/#website","url":"https:\/\/csotrading.com\/","name":"CSO TRADING","description":"","potentialAction":[{"@type":"SearchAction","target":{"@type":"EntryPoint","urlTemplate":"https:\/\/csotrading.com\/?s={search_term_string}"},"query-input":{"@type":"PropertyValueSpecification","valueRequired":true,"valueName":"search_term_string"}}],"inLanguage":"tr"}]}},"_links":{"self":[{"href":"https:\/\/csotrading.com\/tr\/wp-json\/wp\/v2\/product\/4309"}],"collection":[{"href":"https:\/\/csotrading.com\/tr\/wp-json\/wp\/v2\/product"}],"about":[{"href":"https:\/\/csotrading.com\/tr\/wp-json\/wp\/v2\/types\/product"}],"replies":[{"embeddable":true,"href":"https:\/\/csotrading.com\/tr\/wp-json\/wp\/v2\/comments?post=4309"}],"wp:featuredmedia":[{"embeddable":true,"href":"https:\/\/csotrading.com\/tr\/wp-json\/wp\/v2\/media\/3764"}],"wp:attachment":[{"href":"https:\/\/csotrading.com\/tr\/wp-json\/wp\/v2\/media?parent=4309"}],"wp:term":[{"taxonomy":"product_brand","embeddable":true,"href":"https:\/\/csotrading.com\/tr\/wp-json\/wp\/v2\/product_brand?post=4309"},{"taxonomy":"product_cat","embeddable":true,"href":"https:\/\/csotrading.com\/tr\/wp-json\/wp\/v2\/product_cat?post=4309"},{"taxonomy":"product_tag","embeddable":true,"href":"https:\/\/csotrading.com\/tr\/wp-json\/wp\/v2\/product_tag?post=4309"}],"curies":[{"name":"wp","href":"https:\/\/api.w.org\/{rel}","templated":true}]}}