{"id":4117,"date":"2020-06-10T23:04:45","date_gmt":"2020-06-10T20:04:45","guid":{"rendered":"http:\/\/csotrading.com\/urun\/avk-serisi-avk-2-5-a-304419\/"},"modified":"2020-06-28T10:41:35","modified_gmt":"2020-06-28T07:41:35","slug":"avk-serisi-avk-2-5-a-304419","status":"publish","type":"product","link":"https:\/\/csotrading.com\/tr\/product\/avk-serisi-avk-2-5-a-304419\/","title":{"rendered":"AVK Serisi &#8211; AVK 2.5 A &#8211; 304419"},"content":{"rendered":"<table class=\"table table-condensed\">\n<tbody>\n<tr>\n<td class=\"full\" colspan=\"2\"><strong>Genel \u00dcr\u00fcn Bilgileri<\/strong><\/td>\n<td>\u0130zolasyon malzemesi<\/td>\n<td>PA<\/td>\n<\/tr>\n<tr>\n<td colspan=\"2\"><\/td>\n<td>UL 94 Yan\u0131c\u0131l\u0131k S\u0131n\u0131f\u0131<\/td>\n<td>v2<\/td>\n<\/tr>\n<tr>\n<td colspan=\"2\"><\/td>\n<td>Ambalaj Adedi<\/td>\n<td>50<\/td>\n<\/tr>\n<tr>\n<td colspan=\"2\"><\/td>\n<td>A\u011f\u0131rl\u0131k (g)<\/td>\n<td><\/td>\n<\/tr>\n<tr>\n<td class=\"full\" colspan=\"2\"><strong>Ebatlar<\/strong><\/td>\n<td>Geni\u015flik<\/td>\n<td>5 mm<\/td>\n<\/tr>\n<tr>\n<td colspan=\"2\"><\/td>\n<td>Uzunluk<\/td>\n<td>57.50 mm<\/td>\n<\/tr>\n<tr>\n<td colspan=\"2\"><\/td>\n<td>Y\u00fckseklik (MR 32)<\/td>\n<td>&#8212; mm<\/td>\n<\/tr>\n<tr>\n<td colspan=\"2\"><\/td>\n<td>Y\u00fckseklik (MR 35&#215;7.5)<\/td>\n<td>44.20 mm<\/td>\n<\/tr>\n<tr>\n<td class=\"full\" colspan=\"2\"><strong>TSE \/ CE Teknik Data<\/strong><\/td>\n<td>Gerilim<\/td>\n<td>500 V ~<\/td>\n<\/tr>\n<tr>\n<td colspan=\"2\"><\/td>\n<td>Ak\u0131m<\/td>\n<td>20 A<\/td>\n<\/tr>\n<tr>\n<td colspan=\"2\"><\/td>\n<td>Kesit<\/td>\n<td>2.5 mm<sup>2<\/sup><\/td>\n<\/tr>\n<tr>\n<td colspan=\"2\"><\/td>\n<td>Norm<\/td>\n<td>IEC 60947-7-1<\/td>\n<\/tr>\n<tr>\n<td class=\"full\" colspan=\"2\"><strong>VDE Teknik Data<\/strong><\/td>\n<td>Gerilim<\/td>\n<td>&#8212; V ~<\/td>\n<\/tr>\n<tr>\n<td colspan=\"2\"><\/td>\n<td>Ak\u0131m<\/td>\n<td>&#8212; A<\/td>\n<\/tr>\n<tr>\n<td colspan=\"2\"><\/td>\n<td>Kesit<\/td>\n<td>2.5 mm<sup>2<\/sup><\/td>\n<\/tr>\n<tr>\n<td colspan=\"2\"><\/td>\n<td>VDE Norm<\/td>\n<td>&#8212;<\/td>\n<\/tr>\n<tr>\n<td class=\"full\" colspan=\"2\"><strong>UL \/ CSA Teknik Data<\/strong><\/td>\n<td>Gerilim<\/td>\n<td>&#8212; V ~<\/td>\n<\/tr>\n<tr>\n<td colspan=\"2\"><\/td>\n<td>Ak\u0131m<\/td>\n<td>&#8212; A<\/td>\n<\/tr>\n<tr>\n<td colspan=\"2\"><\/td>\n<td>Kesit<\/td>\n<td>2.5<\/td>\n<\/tr>\n<tr>\n<td class=\"full\" colspan=\"2\"><strong>ATEX Teknik Data<\/strong><\/td>\n<td>Gerilim<\/td>\n<td>&#8212; V ~<\/td>\n<\/tr>\n<tr>\n<td colspan=\"2\"><\/td>\n<td>Ak\u0131m<\/td>\n<td>&#8212; A<\/td>\n<\/tr>\n<tr>\n<td colspan=\"2\"><\/td>\n<td>Kesit<\/td>\n<td>2.5<\/td>\n<\/tr>\n<tr>\n<td class=\"full\" colspan=\"2\"><strong>Ba\u011flant\u0131 Bilgileri<\/strong><\/td>\n<td>Tekli \u0130letken Minimum Kesit<\/td>\n<td>0.5 mm<sup>2<\/sup><\/td>\n<\/tr>\n<tr>\n<td colspan=\"2\"><\/td>\n<td>Tekli \u0130letken Maksimum Kesit<\/td>\n<td>4 mm<sup>2<\/sup><\/td>\n<\/tr>\n<tr>\n<td colspan=\"2\"><\/td>\n<td>\u00c7oklu \u0130letken Minimum Kesit<\/td>\n<td>0.5 mm<sup>2<\/sup><\/td>\n<\/tr>\n<tr>\n<td colspan=\"2\"><\/td>\n<td>\u00c7oklu \u0130letken Maksimum Kesit<\/td>\n<td>4 mm<sup>2<\/sup><\/td>\n<\/tr>\n<tr>\n<td colspan=\"2\"><\/td>\n<td>AWG \u0130letken Aral\u0131\u011f\u0131<\/td>\n<td>26-12<\/td>\n<\/tr>\n<tr>\n<td colspan=\"2\"><\/td>\n<td>Ba\u011flant\u0131 Tipi<\/td>\n<td>screw\/vidal\u0131<\/td>\n<\/tr>\n<tr>\n<td colspan=\"2\"><\/td>\n<td>Kablo Soyma Boyu<\/td>\n<td>10 mm<\/td>\n<\/tr>\n<tr>\n<td colspan=\"2\"><\/td>\n<td>S\u0131kma Torku<\/td>\n<td>0.4\/0.6 Nm<\/td>\n<\/tr>\n<\/tbody>\n<\/table>\n","protected":false},"excerpt":{"rendered":"<p>2,5mm2, Vida ba\u011flant\u0131l\u0131, B\u0131\u00e7akl\u0131 ay\u0131rma klemensi, Yal\u0131t\u0131m malzemesi PA, Gri<\/p>\n<p>&nbsp;<\/p>\n","protected":false},"featured_media":3747,"comment_status":"open","ping_status":"closed","template":"","meta":[],"product_brand":[],"product_cat":[127],"product_tag":[89,90],"class_list":{"0":"post-4117","1":"product","2":"type-product","3":"status-publish","4":"has-post-thumbnail","6":"product_cat-klemens-ve-aksesuarlar","7":"product_tag-89","8":"product_tag-avk-2-5-a","10":"first","11":"instock","12":"shipping-taxable","13":"product-type-simple"},"yoast_head":"<!-- This site is optimized with the Yoast SEO plugin v24.3 - https:\/\/yoast.com\/wordpress\/plugins\/seo\/ -->\n<title>AVK Serisi - AVK 2.5 A - 304419 - CSO TRADING<\/title>\n<meta name=\"robots\" content=\"index, follow, max-snippet:-1, max-image-preview:large, max-video-preview:-1\" \/>\n<link rel=\"canonical\" href=\"https:\/\/csotrading.com\/tr\/product\/avk-serisi-avk-2-5-a-304419\/\" \/>\n<meta property=\"og:locale\" content=\"tr_TR\" \/>\n<meta property=\"og:type\" content=\"article\" \/>\n<meta property=\"og:title\" content=\"AVK Serisi - AVK 2.5 A - 304419 - CSO TRADING\" \/>\n<meta property=\"og:description\" content=\"2,5mm2, Vida ba\u011flant\u0131l\u0131, B\u0131\u00e7akl\u0131 ay\u0131rma klemensi, Yal\u0131t\u0131m malzemesi PA, Gri  &nbsp;\" \/>\n<meta property=\"og:url\" content=\"https:\/\/csotrading.com\/tr\/product\/avk-serisi-avk-2-5-a-304419\/\" \/>\n<meta property=\"og:site_name\" content=\"CSO TRADING\" \/>\n<meta property=\"article:modified_time\" content=\"2020-06-28T07:41:35+00:00\" \/>\n<meta property=\"og:image\" content=\"https:\/\/csotrading.com\/wp-content\/uploads\/2020\/06\/avk-series-avk-2-5a-grey.png\" \/>\n\t<meta property=\"og:image:width\" content=\"1024\" \/>\n\t<meta property=\"og:image:height\" content=\"768\" \/>\n\t<meta property=\"og:image:type\" content=\"image\/png\" \/>\n<meta name=\"twitter:card\" content=\"summary_large_image\" \/>\n<meta name=\"twitter:label1\" content=\"Tahmini okuma s\u00fcresi\" \/>\n\t<meta name=\"twitter:data1\" content=\"1 dakika\" \/>\n<script type=\"application\/ld+json\" class=\"yoast-schema-graph\">{\"@context\":\"https:\/\/schema.org\",\"@graph\":[{\"@type\":\"WebPage\",\"@id\":\"https:\/\/csotrading.com\/tr\/product\/avk-serisi-avk-2-5-a-304419\/\",\"url\":\"https:\/\/csotrading.com\/tr\/product\/avk-serisi-avk-2-5-a-304419\/\",\"name\":\"AVK Serisi - AVK 2.5 A - 304419 - CSO TRADING\",\"isPartOf\":{\"@id\":\"https:\/\/csotrading.com\/#website\"},\"primaryImageOfPage\":{\"@id\":\"https:\/\/csotrading.com\/tr\/product\/avk-serisi-avk-2-5-a-304419\/#primaryimage\"},\"image\":{\"@id\":\"https:\/\/csotrading.com\/tr\/product\/avk-serisi-avk-2-5-a-304419\/#primaryimage\"},\"thumbnailUrl\":\"https:\/\/csotrading.com\/wp-content\/uploads\/2020\/06\/avk-series-avk-2-5a-grey.png\",\"datePublished\":\"2020-06-10T20:04:45+00:00\",\"dateModified\":\"2020-06-28T07:41:35+00:00\",\"breadcrumb\":{\"@id\":\"https:\/\/csotrading.com\/tr\/product\/avk-serisi-avk-2-5-a-304419\/#breadcrumb\"},\"inLanguage\":\"tr\",\"potentialAction\":[{\"@type\":\"ReadAction\",\"target\":[\"https:\/\/csotrading.com\/tr\/product\/avk-serisi-avk-2-5-a-304419\/\"]}]},{\"@type\":\"ImageObject\",\"inLanguage\":\"tr\",\"@id\":\"https:\/\/csotrading.com\/tr\/product\/avk-serisi-avk-2-5-a-304419\/#primaryimage\",\"url\":\"https:\/\/csotrading.com\/wp-content\/uploads\/2020\/06\/avk-series-avk-2-5a-grey.png\",\"contentUrl\":\"https:\/\/csotrading.com\/wp-content\/uploads\/2020\/06\/avk-series-avk-2-5a-grey.png\",\"width\":1024,\"height\":768},{\"@type\":\"BreadcrumbList\",\"@id\":\"https:\/\/csotrading.com\/tr\/product\/avk-serisi-avk-2-5-a-304419\/#breadcrumb\",\"itemListElement\":[{\"@type\":\"ListItem\",\"position\":1,\"name\":\"Home\",\"item\":\"https:\/\/csotrading.com\/tr\/\"},{\"@type\":\"ListItem\",\"position\":2,\"name\":\"Ma\u011faza\",\"item\":\"https:\/\/csotrading.com\/magaza\/\"},{\"@type\":\"ListItem\",\"position\":3,\"name\":\"AVK Serisi &#8211; AVK 2.5 A &#8211; 304419\"}]},{\"@type\":\"WebSite\",\"@id\":\"https:\/\/csotrading.com\/#website\",\"url\":\"https:\/\/csotrading.com\/\",\"name\":\"CSO TRADING\",\"description\":\"\",\"potentialAction\":[{\"@type\":\"SearchAction\",\"target\":{\"@type\":\"EntryPoint\",\"urlTemplate\":\"https:\/\/csotrading.com\/?s={search_term_string}\"},\"query-input\":{\"@type\":\"PropertyValueSpecification\",\"valueRequired\":true,\"valueName\":\"search_term_string\"}}],\"inLanguage\":\"tr\"}]}<\/script>\n<!-- \/ Yoast SEO plugin. -->","yoast_head_json":{"title":"AVK Serisi - AVK 2.5 A - 304419 - CSO TRADING","robots":{"index":"index","follow":"follow","max-snippet":"max-snippet:-1","max-image-preview":"max-image-preview:large","max-video-preview":"max-video-preview:-1"},"canonical":"https:\/\/csotrading.com\/tr\/product\/avk-serisi-avk-2-5-a-304419\/","og_locale":"tr_TR","og_type":"article","og_title":"AVK Serisi - AVK 2.5 A - 304419 - CSO TRADING","og_description":"2,5mm2, Vida ba\u011flant\u0131l\u0131, B\u0131\u00e7akl\u0131 ay\u0131rma klemensi, Yal\u0131t\u0131m malzemesi PA, Gri  &nbsp;","og_url":"https:\/\/csotrading.com\/tr\/product\/avk-serisi-avk-2-5-a-304419\/","og_site_name":"CSO TRADING","article_modified_time":"2020-06-28T07:41:35+00:00","og_image":[{"width":1024,"height":768,"url":"https:\/\/csotrading.com\/wp-content\/uploads\/2020\/06\/avk-series-avk-2-5a-grey.png","type":"image\/png"}],"twitter_card":"summary_large_image","twitter_misc":{"Tahmini okuma s\u00fcresi":"1 dakika"},"schema":{"@context":"https:\/\/schema.org","@graph":[{"@type":"WebPage","@id":"https:\/\/csotrading.com\/tr\/product\/avk-serisi-avk-2-5-a-304419\/","url":"https:\/\/csotrading.com\/tr\/product\/avk-serisi-avk-2-5-a-304419\/","name":"AVK Serisi - AVK 2.5 A - 304419 - CSO TRADING","isPartOf":{"@id":"https:\/\/csotrading.com\/#website"},"primaryImageOfPage":{"@id":"https:\/\/csotrading.com\/tr\/product\/avk-serisi-avk-2-5-a-304419\/#primaryimage"},"image":{"@id":"https:\/\/csotrading.com\/tr\/product\/avk-serisi-avk-2-5-a-304419\/#primaryimage"},"thumbnailUrl":"https:\/\/csotrading.com\/wp-content\/uploads\/2020\/06\/avk-series-avk-2-5a-grey.png","datePublished":"2020-06-10T20:04:45+00:00","dateModified":"2020-06-28T07:41:35+00:00","breadcrumb":{"@id":"https:\/\/csotrading.com\/tr\/product\/avk-serisi-avk-2-5-a-304419\/#breadcrumb"},"inLanguage":"tr","potentialAction":[{"@type":"ReadAction","target":["https:\/\/csotrading.com\/tr\/product\/avk-serisi-avk-2-5-a-304419\/"]}]},{"@type":"ImageObject","inLanguage":"tr","@id":"https:\/\/csotrading.com\/tr\/product\/avk-serisi-avk-2-5-a-304419\/#primaryimage","url":"https:\/\/csotrading.com\/wp-content\/uploads\/2020\/06\/avk-series-avk-2-5a-grey.png","contentUrl":"https:\/\/csotrading.com\/wp-content\/uploads\/2020\/06\/avk-series-avk-2-5a-grey.png","width":1024,"height":768},{"@type":"BreadcrumbList","@id":"https:\/\/csotrading.com\/tr\/product\/avk-serisi-avk-2-5-a-304419\/#breadcrumb","itemListElement":[{"@type":"ListItem","position":1,"name":"Home","item":"https:\/\/csotrading.com\/tr\/"},{"@type":"ListItem","position":2,"name":"Ma\u011faza","item":"https:\/\/csotrading.com\/magaza\/"},{"@type":"ListItem","position":3,"name":"AVK Serisi &#8211; AVK 2.5 A &#8211; 304419"}]},{"@type":"WebSite","@id":"https:\/\/csotrading.com\/#website","url":"https:\/\/csotrading.com\/","name":"CSO TRADING","description":"","potentialAction":[{"@type":"SearchAction","target":{"@type":"EntryPoint","urlTemplate":"https:\/\/csotrading.com\/?s={search_term_string}"},"query-input":{"@type":"PropertyValueSpecification","valueRequired":true,"valueName":"search_term_string"}}],"inLanguage":"tr"}]}},"_links":{"self":[{"href":"https:\/\/csotrading.com\/tr\/wp-json\/wp\/v2\/product\/4117"}],"collection":[{"href":"https:\/\/csotrading.com\/tr\/wp-json\/wp\/v2\/product"}],"about":[{"href":"https:\/\/csotrading.com\/tr\/wp-json\/wp\/v2\/types\/product"}],"replies":[{"embeddable":true,"href":"https:\/\/csotrading.com\/tr\/wp-json\/wp\/v2\/comments?post=4117"}],"wp:featuredmedia":[{"embeddable":true,"href":"https:\/\/csotrading.com\/tr\/wp-json\/wp\/v2\/media\/3747"}],"wp:attachment":[{"href":"https:\/\/csotrading.com\/tr\/wp-json\/wp\/v2\/media?parent=4117"}],"wp:term":[{"taxonomy":"product_brand","embeddable":true,"href":"https:\/\/csotrading.com\/tr\/wp-json\/wp\/v2\/product_brand?post=4117"},{"taxonomy":"product_cat","embeddable":true,"href":"https:\/\/csotrading.com\/tr\/wp-json\/wp\/v2\/product_cat?post=4117"},{"taxonomy":"product_tag","embeddable":true,"href":"https:\/\/csotrading.com\/tr\/wp-json\/wp\/v2\/product_tag?post=4117"}],"curies":[{"name":"wp","href":"https:\/\/api.w.org\/{rel}","templated":true}]}}