{"id":4457,"date":"2020-06-28T14:28:51","date_gmt":"2020-06-28T11:28:51","guid":{"rendered":"http:\/\/csotrading.com\/?page_id=4457"},"modified":"2021-08-08T01:07:53","modified_gmt":"2021-08-07T22:07:53","slug":"hakkimizda","status":"publish","type":"page","link":"https:\/\/csotrading.com\/tr\/hakkimizda\/","title":{"rendered":"Hakk\u0131m\u0131zda"},"content":{"rendered":"<section class=\"wpb-content-wrapper\"><p>[vc_row][vc_column][vc_single_image image=&#8221;7854&#8243; img_size=&#8221;full&#8221; alignment=&#8221;center&#8221; parallax_scroll=&#8221;no&#8221;][\/vc_column][\/vc_row][vc_row][vc_column]\n\t\t<div id=\"wd-60d8d5bf4e6b3\" class=\"title-wrapper wd-wpb set-mb-s reset-last-child  wd-rs-60d8d5bf4e6b3 wd-title-color-default wd-title-style-default text-center vc_custom_1624823238769 wd-underline-colored\">\n\t\t\t\n\t\t\t<div class=\"liner-continer\">\n\t\t\t\t<h4 class=\"woodmart-title-container title  wd-font-weight- wd-fontsize-xxxl\" >Firmam\u0131z<\/h4>\n\t\t\t\t\t\t\t<\/div>\n\t\t\t\n\t\t\t\n\t\t\t\n\t\t<\/div>\n\t\t\n\t\t[vc_column_text 0=&#8221;&#8221; css=&#8221;.vc_custom_1624823247780{margin-bottom: 25px !important;padding-right: 5% !important;}&#8221; el_class=&#8221;text-larger&#8221; text_larger=&#8221;no&#8221;]<\/p>\n<p style=\"text-align: center;\">CSO Trading; fabrika otomasyonu, makine imalat\u0131, enerji sekt\u00f6rlerine y\u00f6nelik end\u00fcstriyel elektronik \u00fcr\u00fcnlerinin, sens\u00f6rlerin, elektrik ve \u015falt malzemelerinin sat\u0131\u015f\u0131 konular\u0131nda faaliyet g\u00f6stermektedir.<br \/>\nYurtd\u0131\u015f\u0131 sat\u0131\u015f kanallar\u0131m\u0131z ve ihracat konusundaki uzmanl\u0131\u011f\u0131m\u0131zla a\u011f\u0131rl\u0131kl\u0131 olarak yurtd\u0131\u015f\u0131 pazarlarda etkinlik g\u00f6stermekteyiz.<\/p>\n<p>[\/vc_column_text][vc_single_image image=&#8221;7856&#8243; img_size=&#8221;full&#8221; alignment=&#8221;center&#8221; parallax_scroll=&#8221;no&#8221;]\n\t\t<div id=\"wd-60d8d5d131d4d\" class=\"title-wrapper wd-wpb set-mb-s reset-last-child  wd-rs-60d8d5d131d4d wd-title-color-default wd-title-style-default text-center vc_custom_1624823256970 wd-underline-colored\">\n\t\t\t\n\t\t\t<div class=\"liner-continer\">\n\t\t\t\t<h4 class=\"woodmart-title-container title  wd-font-weight- wd-fontsize-xxxl\" >Misyonumuz<\/h4>\n\t\t\t\t\t\t\t<\/div>\n\t\t\t\n\t\t\t\n\t\t\t\n\t\t<\/div>\n\t\t\n\t\t[vc_column_text 0=&#8221;&#8221; css=&#8221;.vc_custom_1624823266042{margin-bottom: 25px !important;padding-right: 5% !important;}&#8221; el_class=&#8221;text-larger&#8221; text_larger=&#8221;no&#8221;]<\/p>\n<p style=\"text-align: center;\">Sekt\u00f6r\u00fcm\u00fczdeki T\u00fcrk markalar\u0131n\u0131n uluslararas\u0131 alanda tan\u0131t\u0131m\u0131, yerli teknoloji \u00fcr\u00fcnlerimizin yurtd\u0131\u015f\u0131 partnerler ile d\u00fcnya pazar\u0131na sunulmas\u0131 birinci \u00f6nceli\u011fimiz ve amac\u0131m\u0131zd\u0131r.<\/p>\n<p style=\"text-align: center;\">Kaliteli ve g\u00fcvenilir markalarla \u00e7al\u0131\u015fmak, sat\u0131\u015f \u00f6ncesi ve sonras\u0131 \u00fcr\u00fcn deste\u011fi ile m\u00fc\u015fteri memnuniyeti odakl\u0131 olmak.<\/p>\n<p>[\/vc_column_text][vc_single_image image=&#8221;7861&#8243; img_size=&#8221;600&#215;400&#8243; alignment=&#8221;center&#8221; parallax_scroll=&#8221;no&#8221;]\n\t\t<div id=\"wd-60d8d5e2c89a2\" class=\"title-wrapper wd-wpb set-mb-s reset-last-child  wd-rs-60d8d5e2c89a2 wd-title-color-default wd-title-style-default text-center vc_custom_1624823275354 wd-underline-colored\">\n\t\t\t\n\t\t\t<div class=\"liner-continer\">\n\t\t\t\t<h4 class=\"woodmart-title-container title  wd-font-weight- wd-fontsize-xxxl\" >Vizyonumuz<\/h4>\n\t\t\t\t\t\t\t<\/div>\n\t\t\t\n\t\t\t\n\t\t\t\n\t\t<\/div>\n\t\t\n\t\t[vc_column_text 0=&#8221;&#8221; css=&#8221;.vc_custom_1624823282875{margin-bottom: 25px !important;padding-right: 5% !important;}&#8221; el_class=&#8221;text-larger&#8221; text_larger=&#8221;no&#8221;]<\/p>\n<p style=\"text-align: center;\">Sekt\u00f6rel teknolojik geli\u015fmelerin yak\u0131ndan takip edilerek sat\u0131\u015f\u0131 yap\u0131lan \u00fcr\u00fcnlerin s\u00fcrekli g\u00fcncel ve i\u015flevsel tutulmas\u0131.<\/p>\n<p style=\"text-align: center;\">Sekt\u00f6rel T\u00fcrk markalar\u0131n\u0131n sat\u0131\u015f\u0131n\u0131 yurt i\u00e7i ve yurtd\u0131\u015f\u0131 pazarlarda geli\u015ftirmek.<\/p>\n<p style=\"text-align: center;\">Kalite s\u00fcre\u00e7lerinin s\u00fcrekli g\u00fcncellendi\u011fi sistematik prosed\u00fcrler ve d\u00fczenle \u00e7al\u0131\u015fmak.<\/p>\n<p style=\"text-align: center;\">Tedarik\u00e7isi oldu\u011fumuz \u00fcr\u00fcn gam\u0131 \u00fczerinde uzmanl\u0131k ve teknik yeterlili\u011fin \u00fcst d\u00fczeyde sa\u011flanmas\u0131.<\/p>\n<p>[\/vc_column_text][\/vc_column][\/vc_row][vc_row][vc_column]\t\t<div id=\"gallery_930\" class=\"wd-images-gallery wd-justify-center wd-items-middle view-grid photoswipe-images\" >\n\t\t\t<div class=\"gallery-images row wd-spacing-20\">\n\t\t\t\t\t\t\t\t\t\t\t\t\t\t\t<div class=\"wd-gallery-item col-lg-6 col-md-6 col-sm-6 col-6\">\n\t\t\t\t\t\t\t\t\t\t\t\t\t\t<a href=\"https:\/\/csotrading.com\/wp-content\/uploads\/2021\/08\/3-1.jpg\" data-elementor-open-lightbox=\"no\" data-index=\"1\" data-width=\"2151\" data-height=\"1613\"  >\n\t\t\t\t\t\t\t\t\n\t\t\t\t\t\t\t\t<img loading=\"lazy\" decoding=\"async\" width=\"2151\" height=\"1613\" src=\"data:image\/jpg;base64,\/9j\/4AAQSkZJRgABAQEAYABgAAD\/\/gA7Q1JFQVRPUjogZ2QtanBlZyB2MS4wICh1c2luZyBJSkcgSlBFRyB2NjIpLCBxdWFsaXR5ID0gODIK\/9sAQwAGBAQFBAQGBQUFBgYGBwkOCQkICAkSDQ0KDhUSFhYVEhQUFxohHBcYHxkUFB0nHR8iIyUlJRYcKSwoJCshJCUk\/9sAQwEGBgYJCAkRCQkRJBgUGCQkJCQkJCQkJCQkJCQkJCQkJCQkJCQkJCQkJCQkJCQkJCQkJCQkJCQkJCQkJCQkJCQk\/8AAEQgACgAOAwEiAAIRAQMRAf\/EAB8AAAEFAQEBAQEBAAAAAAAAAAABAgMEBQYHCAkKC\/\/EALUQAAIBAwMCBAMFBQQEAAABfQECAwAEEQUSITFBBhNRYQcicRQygZGhCCNCscEVUtHwJDNicoIJChYXGBkaJSYnKCkqNDU2Nzg5OkNERUZHSElKU1RVVldYWVpjZGVmZ2hpanN0dXZ3eHl6g4SFhoeIiYqSk5SVlpeYmZqio6Slpqeoqaqys7S1tre4ubrCw8TFxsfIycrS09TV1tfY2drh4uPk5ebn6Onq8fLz9PX29\/j5+v\/EAB8BAAMBAQEBAQEBAQEAAAAAAAABAgMEBQYHCAkKC\/\/EALURAAIBAgQEAwQHBQQEAAECdwABAgMRBAUhMQYSQVEHYXETIjKBCBRCkaGxwQkjM1LwFWJy0QoWJDThJfEXGBkaJicoKSo1Njc4OTpDREVGR0hJSlNUVVZXWFlaY2RlZmdoaWpzdHV2d3h5eoKDhIWGh4iJipKTlJWWl5iZmqKjpKWmp6ipqrKztLW2t7i5usLDxMXGx8jJytLT1NXW19jZ2uLj5OXm5+jp6vLz9PX29\/j5+v\/aAAwDAQACEQMRAD8AqWUWp3dgZ7ayM8KsI+HVSdx9z6nGemTikW9uJJJDcwSRKGIRzkrIvZgcd\/TqO9dl4bsrXT7R3s7aG2aRpN5hQIWwXxnHWqOuxRvrvlsilGhLlSOC27qR68n8zXK6zvY6FRVtz\/\/Z\" class=\"wd-gallery-image image-1 wd-lazy-load wd-lazy-fade\" alt=\"\" srcset=\"\" sizes=\"(max-width: 2151px) 100vw, 2151px\" data-wood-src=\"https:\/\/csotrading.com\/wp-content\/uploads\/2021\/08\/3-1.jpg\" data-srcset=\"https:\/\/csotrading.com\/wp-content\/uploads\/2021\/08\/3-1.jpg 2151w, https:\/\/csotrading.com\/wp-content\/uploads\/2021\/08\/3-1-150x112.jpg 150w, https:\/\/csotrading.com\/wp-content\/uploads\/2021\/08\/3-1-600x450.jpg 600w, https:\/\/csotrading.com\/wp-content\/uploads\/2021\/08\/3-1-300x225.jpg 300w, https:\/\/csotrading.com\/wp-content\/uploads\/2021\/08\/3-1-1024x768.jpg 1024w, https:\/\/csotrading.com\/wp-content\/uploads\/2021\/08\/3-1-768x576.jpg 768w, https:\/\/csotrading.com\/wp-content\/uploads\/2021\/08\/3-1-1536x1152.jpg 1536w, https:\/\/csotrading.com\/wp-content\/uploads\/2021\/08\/3-1-2048x1536.jpg 2048w\" \/>\n\t\t\t\t\t\t\t\t\t\t\t\t\t\t\t<\/a>\n\t\t\t\t\t\t\t\t\t\t\t\t<\/div>\n\t\t\t\t\t\t\t\t\t\t\t<div class=\"wd-gallery-item col-lg-6 col-md-6 col-sm-6 col-6\">\n\t\t\t\t\t\t\t\t\t\t\t\t\t\t<a href=\"https:\/\/csotrading.com\/wp-content\/uploads\/2021\/08\/2-1.jpg\" data-elementor-open-lightbox=\"no\" data-index=\"2\" data-width=\"1575\" data-height=\"1182\"  >\n\t\t\t\t\t\t\t\t\n\t\t\t\t\t\t\t\t<img loading=\"lazy\" decoding=\"async\" width=\"1575\" height=\"1182\" src=\"data:image\/jpg;base64,\/9j\/4AAQSkZJRgABAQEAYABgAAD\/\/gA7Q1JFQVRPUjogZ2QtanBlZyB2MS4wICh1c2luZyBJSkcgSlBFRyB2NjIpLCBxdWFsaXR5ID0gODIK\/9sAQwAGBAQFBAQGBQUFBgYGBwkOCQkICAkSDQ0KDhUSFhYVEhQUFxohHBcYHxkUFB0nHR8iIyUlJRYcKSwoJCshJCUk\/9sAQwEGBgYJCAkRCQkRJBgUGCQkJCQkJCQkJCQkJCQkJCQkJCQkJCQkJCQkJCQkJCQkJCQkJCQkJCQkJCQkJCQkJCQk\/8AAEQgACgAOAwEiAAIRAQMRAf\/EAB8AAAEFAQEBAQEBAAAAAAAAAAABAgMEBQYHCAkKC\/\/EALUQAAIBAwMCBAMFBQQEAAABfQECAwAEEQUSITFBBhNRYQcicRQygZGhCCNCscEVUtHwJDNicoIJChYXGBkaJSYnKCkqNDU2Nzg5OkNERUZHSElKU1RVVldYWVpjZGVmZ2hpanN0dXZ3eHl6g4SFhoeIiYqSk5SVlpeYmZqio6Slpqeoqaqys7S1tre4ubrCw8TFxsfIycrS09TV1tfY2drh4uPk5ebn6Onq8fLz9PX29\/j5+v\/EAB8BAAMBAQEBAQEBAQEAAAAAAAABAgMEBQYHCAkKC\/\/EALURAAIBAgQEAwQHBQQEAAECdwABAgMRBAUhMQYSQVEHYXETIjKBCBRCkaGxwQkjM1LwFWJy0QoWJDThJfEXGBkaJicoKSo1Njc4OTpDREVGR0hJSlNUVVZXWFlaY2RlZmdoaWpzdHV2d3h5eoKDhIWGh4iJipKTlJWWl5iZmqKjpKWmp6ipqrKztLW2t7i5usLDxMXGx8jJytLT1NXW19jZ2uLj5OXm5+jp6vLz9PX29\/j5+v\/aAAwDAQACEQMRAD8Akglu204SW9uJ2bcI4FcK0owTxnqc\/TGQTxVTTPE8etz3COrwzQsN0buGYgjIbIJ4Of8AGvULfTbL+xhL9jtvMW0wr+WuQNo4Bx7D8qyrqGK58P20k8aSu0pJZ1DEn5ucmuV1\/I6FR8z\/2Q==\" class=\"wd-gallery-image image-2 wd-lazy-load wd-lazy-fade\" alt=\"\" srcset=\"\" sizes=\"(max-width: 1575px) 100vw, 1575px\" data-wood-src=\"https:\/\/csotrading.com\/wp-content\/uploads\/2021\/08\/2-1.jpg\" data-srcset=\"https:\/\/csotrading.com\/wp-content\/uploads\/2021\/08\/2-1.jpg 1575w, https:\/\/csotrading.com\/wp-content\/uploads\/2021\/08\/2-1-150x113.jpg 150w, https:\/\/csotrading.com\/wp-content\/uploads\/2021\/08\/2-1-600x450.jpg 600w, https:\/\/csotrading.com\/wp-content\/uploads\/2021\/08\/2-1-300x225.jpg 300w, https:\/\/csotrading.com\/wp-content\/uploads\/2021\/08\/2-1-1024x768.jpg 1024w, https:\/\/csotrading.com\/wp-content\/uploads\/2021\/08\/2-1-768x576.jpg 768w, https:\/\/csotrading.com\/wp-content\/uploads\/2021\/08\/2-1-1536x1153.jpg 1536w\" \/>\n\t\t\t\t\t\t\t\t\t\t\t\t\t\t\t<\/a>\n\t\t\t\t\t\t\t\t\t\t\t\t<\/div>\n\t\t\t\t\t\t\t\t\t\t\t<div class=\"wd-gallery-item col-lg-6 col-md-6 col-sm-6 col-6\">\n\t\t\t\t\t\t\t\t\t\t\t\t\t\t<a href=\"https:\/\/csotrading.com\/wp-content\/uploads\/2021\/07\/afd1b4ff-17f8-4d74-b0b4-ac476e27ce47.jpg\" data-elementor-open-lightbox=\"no\" data-index=\"3\" data-width=\"1600\" data-height=\"1201\"  >\n\t\t\t\t\t\t\t\t\n\t\t\t\t\t\t\t\t<img loading=\"lazy\" decoding=\"async\" width=\"1600\" height=\"1201\" src=\"data:image\/jpg;base64,\/9j\/4AAQSkZJRgABAQEAYABgAAD\/\/gA7Q1JFQVRPUjogZ2QtanBlZyB2MS4wICh1c2luZyBJSkcgSlBFRyB2NjIpLCBxdWFsaXR5ID0gODIK\/9sAQwAGBAQFBAQGBQUFBgYGBwkOCQkICAkSDQ0KDhUSFhYVEhQUFxohHBcYHxkUFB0nHR8iIyUlJRYcKSwoJCshJCUk\/9sAQwEGBgYJCAkRCQkRJBgUGCQkJCQkJCQkJCQkJCQkJCQkJCQkJCQkJCQkJCQkJCQkJCQkJCQkJCQkJCQkJCQkJCQk\/8AAEQgACgAOAwEiAAIRAQMRAf\/EAB8AAAEFAQEBAQEBAAAAAAAAAAABAgMEBQYHCAkKC\/\/EALUQAAIBAwMCBAMFBQQEAAABfQECAwAEEQUSITFBBhNRYQcicRQygZGhCCNCscEVUtHwJDNicoIJChYXGBkaJSYnKCkqNDU2Nzg5OkNERUZHSElKU1RVVldYWVpjZGVmZ2hpanN0dXZ3eHl6g4SFhoeIiYqSk5SVlpeYmZqio6Slpqeoqaqys7S1tre4ubrCw8TFxsfIycrS09TV1tfY2drh4uPk5ebn6Onq8fLz9PX29\/j5+v\/EAB8BAAMBAQEBAQEBAQEAAAAAAAABAgMEBQYHCAkKC\/\/EALURAAIBAgQEAwQHBQQEAAECdwABAgMRBAUhMQYSQVEHYXETIjKBCBRCkaGxwQkjM1LwFWJy0QoWJDThJfEXGBkaJicoKSo1Njc4OTpDREVGR0hJSlNUVVZXWFlaY2RlZmdoaWpzdHV2d3h5eoKDhIWGh4iJipKTlJWWl5iZmqKjpKWmp6ipqrKztLW2t7i5usLDxMXGx8jJytLT1NXW19jZ2uLj5OXm5+jp6vLz9PX29\/j5+v\/aAAwDAQACEQMRAD8A2vFeiw2\/hK\/lS0s7yRomkDXGMRnb1U465xXF3tvFrK20K6MunC3Q4VJFbeDjqVJ6Y4rs\/EjH+w9TiyfLMTZTt27VzXgyKP8AsovsXeXYFsckA8VxyacWzog2nY\/\/2Q==\" class=\"wd-gallery-image image-3 wd-lazy-load wd-lazy-fade\" alt=\"\" srcset=\"\" sizes=\"(max-width: 1600px) 100vw, 1600px\" data-wood-src=\"https:\/\/csotrading.com\/wp-content\/uploads\/2021\/07\/afd1b4ff-17f8-4d74-b0b4-ac476e27ce47.jpg\" data-srcset=\"https:\/\/csotrading.com\/wp-content\/uploads\/2021\/07\/afd1b4ff-17f8-4d74-b0b4-ac476e27ce47.jpg 1600w, https:\/\/csotrading.com\/wp-content\/uploads\/2021\/07\/afd1b4ff-17f8-4d74-b0b4-ac476e27ce47-150x113.jpg 150w, https:\/\/csotrading.com\/wp-content\/uploads\/2021\/07\/afd1b4ff-17f8-4d74-b0b4-ac476e27ce47-600x450.jpg 600w, https:\/\/csotrading.com\/wp-content\/uploads\/2021\/07\/afd1b4ff-17f8-4d74-b0b4-ac476e27ce47-300x225.jpg 300w, https:\/\/csotrading.com\/wp-content\/uploads\/2021\/07\/afd1b4ff-17f8-4d74-b0b4-ac476e27ce47-1024x769.jpg 1024w, https:\/\/csotrading.com\/wp-content\/uploads\/2021\/07\/afd1b4ff-17f8-4d74-b0b4-ac476e27ce47-768x576.jpg 768w, https:\/\/csotrading.com\/wp-content\/uploads\/2021\/07\/afd1b4ff-17f8-4d74-b0b4-ac476e27ce47-1536x1153.jpg 1536w\" \/>\n\t\t\t\t\t\t\t\t\t\t\t\t\t\t\t<\/a>\n\t\t\t\t\t\t\t\t\t\t\t\t<\/div>\n\t\t\t\t\t\t\t\t\t\t\t<div class=\"wd-gallery-item col-lg-6 col-md-6 col-sm-6 col-6\">\n\t\t\t\t\t\t\t\t\t\t\t\t\t\t<a href=\"https:\/\/csotrading.com\/wp-content\/uploads\/2021\/07\/5595f7cb-4036-45c2-83de-c890c7ded73a.jpg\" data-elementor-open-lightbox=\"no\" data-index=\"4\" data-width=\"1024\" data-height=\"768\"  >\n\t\t\t\t\t\t\t\t\n\t\t\t\t\t\t\t\t<img loading=\"lazy\" decoding=\"async\" width=\"1024\" height=\"768\" src=\"data:image\/jpg;base64,\/9j\/4AAQSkZJRgABAQEAYABgAAD\/\/gA7Q1JFQVRPUjogZ2QtanBlZyB2MS4wICh1c2luZyBJSkcgSlBFRyB2NjIpLCBxdWFsaXR5ID0gODIK\/9sAQwAGBAQFBAQGBQUFBgYGBwkOCQkICAkSDQ0KDhUSFhYVEhQUFxohHBcYHxkUFB0nHR8iIyUlJRYcKSwoJCshJCUk\/9sAQwEGBgYJCAkRCQkRJBgUGCQkJCQkJCQkJCQkJCQkJCQkJCQkJCQkJCQkJCQkJCQkJCQkJCQkJCQkJCQkJCQkJCQk\/8AAEQgACgAOAwEiAAIRAQMRAf\/EAB8AAAEFAQEBAQEBAAAAAAAAAAABAgMEBQYHCAkKC\/\/EALUQAAIBAwMCBAMFBQQEAAABfQECAwAEEQUSITFBBhNRYQcicRQygZGhCCNCscEVUtHwJDNicoIJChYXGBkaJSYnKCkqNDU2Nzg5OkNERUZHSElKU1RVVldYWVpjZGVmZ2hpanN0dXZ3eHl6g4SFhoeIiYqSk5SVlpeYmZqio6Slpqeoqaqys7S1tre4ubrCw8TFxsfIycrS09TV1tfY2drh4uPk5ebn6Onq8fLz9PX29\/j5+v\/EAB8BAAMBAQEBAQEBAQEAAAAAAAABAgMEBQYHCAkKC\/\/EALURAAIBAgQEAwQHBQQEAAECdwABAgMRBAUhMQYSQVEHYXETIjKBCBRCkaGxwQkjM1LwFWJy0QoWJDThJfEXGBkaJicoKSo1Njc4OTpDREVGR0hJSlNUVVZXWFlaY2RlZmdoaWpzdHV2d3h5eoKDhIWGh4iJipKTlJWWl5iZmqKjpKWmp6ipqrKztLW2t7i5usLDxMXGx8jJytLT1NXW19jZ2uLj5OXm5+jp6vLz9PX29\/j5+v\/aAAwDAQACEQMRAD8AzvD2vXmk6XdT2usPbszIyGGFUUleRkcZwSQQMAjjNOsdc1K6uL6\/vZ7jUTI6IgWR2MSgHgDccc5J+orI00D7RswNqxjC9hx2p1p8l\/cRr8qH5to4GcDnFZe1lY0dNJn\/2Q==\" class=\"wd-gallery-image image-4 wd-lazy-load wd-lazy-fade\" alt=\"\" srcset=\"\" sizes=\"(max-width: 1024px) 100vw, 1024px\" data-wood-src=\"https:\/\/csotrading.com\/wp-content\/uploads\/2021\/07\/5595f7cb-4036-45c2-83de-c890c7ded73a.jpg\" data-srcset=\"https:\/\/csotrading.com\/wp-content\/uploads\/2021\/07\/5595f7cb-4036-45c2-83de-c890c7ded73a.jpg 1024w, https:\/\/csotrading.com\/wp-content\/uploads\/2021\/07\/5595f7cb-4036-45c2-83de-c890c7ded73a-150x113.jpg 150w, https:\/\/csotrading.com\/wp-content\/uploads\/2021\/07\/5595f7cb-4036-45c2-83de-c890c7ded73a-600x450.jpg 600w, https:\/\/csotrading.com\/wp-content\/uploads\/2021\/07\/5595f7cb-4036-45c2-83de-c890c7ded73a-300x225.jpg 300w, https:\/\/csotrading.com\/wp-content\/uploads\/2021\/07\/5595f7cb-4036-45c2-83de-c890c7ded73a-768x576.jpg 768w\" \/>\n\t\t\t\t\t\t\t\t\t\t\t\t\t\t\t<\/a>\n\t\t\t\t\t\t\t\t\t\t\t\t<\/div>\n\t\t\t\t\t\t\t\t\t\t\t\t<\/div>\n\t\t<\/div>\n\t\t\t\t[\/vc_column][\/vc_row]<\/p>\n<\/section>","protected":false},"excerpt":{"rendered":"<p>[vc_row][vc_column][vc_single_image image=&#8221;7854&#8243; img_size=&#8221;full&#8221; alignment=&#8221;center&#8221; parallax_scroll=&#8221;no&#8221;][\/vc_column][\/vc_row][vc_row][vc_column][vc_column_text 0=&#8221;&#8221; css=&#8221;.vc_custom_1624823247780{margin-bottom: 25px !important;padding-right: 5% !important;}&#8221; el_class=&#8221;text-larger&#8221; text_larger=&#8221;no&#8221;] CSO Trading; fabrika otomasyonu, makine imalat\u0131, enerji<\/p>\n","protected":false},"author":1,"featured_media":0,"parent":0,"menu_order":2,"comment_status":"closed","ping_status":"closed","template":"","meta":{"footnotes":""},"class_list":["post-4457","page","type-page","status-publish","hentry"],"yoast_head":"<!-- This site is optimized with the Yoast SEO plugin v24.3 - https:\/\/yoast.com\/wordpress\/plugins\/seo\/ -->\n<title>Hakk\u0131m\u0131zda - CSO TRADING<\/title>\n<meta name=\"robots\" content=\"index, follow, max-snippet:-1, max-image-preview:large, max-video-preview:-1\" \/>\n<link rel=\"canonical\" href=\"https:\/\/csotrading.com\/tr\/hakkimizda\/\" \/>\n<meta property=\"og:locale\" content=\"tr_TR\" \/>\n<meta property=\"og:type\" content=\"article\" \/>\n<meta property=\"og:title\" content=\"Hakk\u0131m\u0131zda - CSO TRADING\" \/>\n<meta property=\"og:description\" content=\"[vc_row][vc_column][vc_single_image image=&#8221;7854&#8243; img_size=&#8221;full&#8221; alignment=&#8221;center&#8221; parallax_scroll=&#8221;no&#8221;][\/vc_column][\/vc_row][vc_row][vc_column][vc_column_text 0=&#8221;&#8221; css=&#8221;.vc_custom_1624823247780{margin-bottom: 25px !important;padding-right: 5% !important;}&#8221; el_class=&#8221;text-larger&#8221; text_larger=&#8221;no&#8221;] CSO Trading; fabrika otomasyonu, makine imalat\u0131, enerji\" \/>\n<meta property=\"og:url\" content=\"https:\/\/csotrading.com\/tr\/hakkimizda\/\" \/>\n<meta property=\"og:site_name\" content=\"CSO TRADING\" \/>\n<meta property=\"article:modified_time\" content=\"2021-08-07T22:07:53+00:00\" \/>\n<meta name=\"twitter:card\" content=\"summary_large_image\" \/>\n<meta name=\"twitter:label1\" content=\"Tahmini okuma s\u00fcresi\" \/>\n\t<meta name=\"twitter:data1\" content=\"1 dakika\" \/>\n<script type=\"application\/ld+json\" class=\"yoast-schema-graph\">{\"@context\":\"https:\/\/schema.org\",\"@graph\":[{\"@type\":\"WebPage\",\"@id\":\"https:\/\/csotrading.com\/tr\/hakkimizda\/\",\"url\":\"https:\/\/csotrading.com\/tr\/hakkimizda\/\",\"name\":\"Hakk\u0131m\u0131zda - CSO TRADING\",\"isPartOf\":{\"@id\":\"https:\/\/csotrading.com\/#website\"},\"datePublished\":\"2020-06-28T11:28:51+00:00\",\"dateModified\":\"2021-08-07T22:07:53+00:00\",\"breadcrumb\":{\"@id\":\"https:\/\/csotrading.com\/tr\/hakkimizda\/#breadcrumb\"},\"inLanguage\":\"tr\",\"potentialAction\":[{\"@type\":\"ReadAction\",\"target\":[\"https:\/\/csotrading.com\/tr\/hakkimizda\/\"]}]},{\"@type\":\"BreadcrumbList\",\"@id\":\"https:\/\/csotrading.com\/tr\/hakkimizda\/#breadcrumb\",\"itemListElement\":[{\"@type\":\"ListItem\",\"position\":1,\"name\":\"Home\",\"item\":\"https:\/\/csotrading.com\/tr\/\"},{\"@type\":\"ListItem\",\"position\":2,\"name\":\"Hakk\u0131m\u0131zda\"}]},{\"@type\":\"WebSite\",\"@id\":\"https:\/\/csotrading.com\/#website\",\"url\":\"https:\/\/csotrading.com\/\",\"name\":\"CSO TRADING\",\"description\":\"\",\"potentialAction\":[{\"@type\":\"SearchAction\",\"target\":{\"@type\":\"EntryPoint\",\"urlTemplate\":\"https:\/\/csotrading.com\/?s={search_term_string}\"},\"query-input\":{\"@type\":\"PropertyValueSpecification\",\"valueRequired\":true,\"valueName\":\"search_term_string\"}}],\"inLanguage\":\"tr\"}]}<\/script>\n<!-- \/ Yoast SEO plugin. -->","yoast_head_json":{"title":"Hakk\u0131m\u0131zda - CSO TRADING","robots":{"index":"index","follow":"follow","max-snippet":"max-snippet:-1","max-image-preview":"max-image-preview:large","max-video-preview":"max-video-preview:-1"},"canonical":"https:\/\/csotrading.com\/tr\/hakkimizda\/","og_locale":"tr_TR","og_type":"article","og_title":"Hakk\u0131m\u0131zda - CSO TRADING","og_description":"[vc_row][vc_column][vc_single_image image=&#8221;7854&#8243; img_size=&#8221;full&#8221; alignment=&#8221;center&#8221; parallax_scroll=&#8221;no&#8221;][\/vc_column][\/vc_row][vc_row][vc_column][vc_column_text 0=&#8221;&#8221; css=&#8221;.vc_custom_1624823247780{margin-bottom: 25px !important;padding-right: 5% !important;}&#8221; el_class=&#8221;text-larger&#8221; text_larger=&#8221;no&#8221;] CSO Trading; fabrika otomasyonu, makine imalat\u0131, enerji","og_url":"https:\/\/csotrading.com\/tr\/hakkimizda\/","og_site_name":"CSO TRADING","article_modified_time":"2021-08-07T22:07:53+00:00","twitter_card":"summary_large_image","twitter_misc":{"Tahmini okuma s\u00fcresi":"1 dakika"},"schema":{"@context":"https:\/\/schema.org","@graph":[{"@type":"WebPage","@id":"https:\/\/csotrading.com\/tr\/hakkimizda\/","url":"https:\/\/csotrading.com\/tr\/hakkimizda\/","name":"Hakk\u0131m\u0131zda - CSO TRADING","isPartOf":{"@id":"https:\/\/csotrading.com\/#website"},"datePublished":"2020-06-28T11:28:51+00:00","dateModified":"2021-08-07T22:07:53+00:00","breadcrumb":{"@id":"https:\/\/csotrading.com\/tr\/hakkimizda\/#breadcrumb"},"inLanguage":"tr","potentialAction":[{"@type":"ReadAction","target":["https:\/\/csotrading.com\/tr\/hakkimizda\/"]}]},{"@type":"BreadcrumbList","@id":"https:\/\/csotrading.com\/tr\/hakkimizda\/#breadcrumb","itemListElement":[{"@type":"ListItem","position":1,"name":"Home","item":"https:\/\/csotrading.com\/tr\/"},{"@type":"ListItem","position":2,"name":"Hakk\u0131m\u0131zda"}]},{"@type":"WebSite","@id":"https:\/\/csotrading.com\/#website","url":"https:\/\/csotrading.com\/","name":"CSO TRADING","description":"","potentialAction":[{"@type":"SearchAction","target":{"@type":"EntryPoint","urlTemplate":"https:\/\/csotrading.com\/?s={search_term_string}"},"query-input":{"@type":"PropertyValueSpecification","valueRequired":true,"valueName":"search_term_string"}}],"inLanguage":"tr"}]}},"_links":{"self":[{"href":"https:\/\/csotrading.com\/tr\/wp-json\/wp\/v2\/pages\/4457"}],"collection":[{"href":"https:\/\/csotrading.com\/tr\/wp-json\/wp\/v2\/pages"}],"about":[{"href":"https:\/\/csotrading.com\/tr\/wp-json\/wp\/v2\/types\/page"}],"author":[{"embeddable":true,"href":"https:\/\/csotrading.com\/tr\/wp-json\/wp\/v2\/users\/1"}],"replies":[{"embeddable":true,"href":"https:\/\/csotrading.com\/tr\/wp-json\/wp\/v2\/comments?post=4457"}],"version-history":[{"count":5,"href":"https:\/\/csotrading.com\/tr\/wp-json\/wp\/v2\/pages\/4457\/revisions"}],"predecessor-version":[{"id":8220,"href":"https:\/\/csotrading.com\/tr\/wp-json\/wp\/v2\/pages\/4457\/revisions\/8220"}],"wp:attachment":[{"href":"https:\/\/csotrading.com\/tr\/wp-json\/wp\/v2\/media?parent=4457"}],"curies":[{"name":"wp","href":"https:\/\/api.w.org\/{rel}","templated":true}]}}